{"id":47009,"date":"2021-02-13T15:08:17","date_gmt":"2021-02-13T14:08:17","guid":{"rendered":"https:\/\/www.amuz.krakow.pl\/?page_id=47009"},"modified":"2026-04-08T13:31:24","modified_gmt":"2026-04-08T11:31:24","slug":"beata-urbanek-kwartety-smyczkowe-zespoly-kameralne","status":"publish","type":"page","link":"https:\/\/www.amuz.krakow.pl\/en\/letnia-akademia-muzyczna\/wykaz-kursow\/kameralistyka\/beata-urbanek-kwartety-smyczkowe-zespoly-kameralne\/","title":{"rendered":"Beata Urbanek &#8211; string quartets, chamber music"},"content":{"rendered":"<p><figure id=\"attachment_3139\" aria-describedby=\"caption-attachment-3139\" style=\"width: 300px\" class=\"wp-caption alignleft\"><a href=\"https:\/\/www.amuz.krakow.pl\/wydzialy\/wydzial-ii-instrumentalny\/katedra-kameralistyki\/zaklad-kameralistyki-smyczkowej-i-detej\/dr-hab-beata-urbanek-kalinowska\/urbanek-kalinowska-beata\/\" rel=\"attachment wp-att-3139\"><img loading=\"lazy\" decoding=\"async\" class=\"size-medium wp-image-3139\" src=\"https:\/\/www.amuz.krakow.pl\/wp-content\/uploads\/2016\/02\/Urbanek-Kalinowska-Beata-300x200.jpg\" alt=\"\" width=\"300\" height=\"200\" srcset=\"https:\/\/www.amuz.krakow.pl\/wp-content\/uploads\/2016\/02\/Urbanek-Kalinowska-Beata-300x200.jpg 300w, https:\/\/www.amuz.krakow.pl\/wp-content\/uploads\/2016\/02\/Urbanek-Kalinowska-Beata-768x512.jpg 768w, https:\/\/www.amuz.krakow.pl\/wp-content\/uploads\/2016\/02\/Urbanek-Kalinowska-Beata-1024x683.jpg 1024w\" sizes=\"auto, (max-width: 300px) 100vw, 300px\" \/><\/a><figcaption id=\"caption-attachment-3139\" class=\"wp-caption-text\">photo by Konrad Mika<\/figcaption><\/figure><\/p>\n<p style=\"text-align: justify;\">Graduated with distinction from the Music Academy in Krak\u00f3w in the cello class of prof. Zdzis\u0142aw \u0141api\u0144ski, she obtained the Dipl\u00f4me Sup\u00e9rieur d\u2019Enseignement &#8211; A l\u2019unanimit\u00e9 at the Ecole Normale de Musique de Paris Alfred Cortot in the class of prof. Paul Julien. She completed post-graduate studies at the Solistenklasse at the Staatliche Hochschule f\u00fcr Musik und Darstellende Kunst in Stuttgart in the cello class of Professor Peter Buck.<\/p>\n<p style=\"text-align: justify;\">Since 2007 she is professor in the Chamber Music Department of the Music Academy in Krakow. In 2018, she received habilitation in musical arts.<\/p>\n<p style=\"text-align: justify;\">Since 2014, Beata co-creates Messages Quartet, which is one of a leading among the best Polish string quartets. She is a laureate of competitions. She perform at festivals in the country and abroad. With Nigel Kennnedy, with whom she has worked since 2010, she has recorded albums for Sony Classical &#8211; <em>The Four Elements<\/em>, <em>The new Four Seasons<\/em> and in 2018 for Warner Classics &#8211; <em>Kennedy meets Gershwin<\/em>. She performed in the most prestigious concert halls of Germany, Great Britain, France and Switzerland. As a guest concertmaster, she has worked with orchestras: Russische Kammerphilharmonie of St. Petersburg, Ober\u00f6sterreichische Jugendsinfonieorchester, Capella Gedanensis, Orchester Philharmonique de Nice. As a cello leader, since 2003, she also collaborates with the Beethoven Academy Orchestra, which she has been co-creating from the beginning of the orchestra existence. Beata has also made recordings for the DUX publishing house as well as for the labels: Acte Pr\u00e9alable, Solo Musica and Universal Music Polska.<\/p>\n<p style=\"text-align: justify;\">She is a scholarship holder of the &#8220;Young Poland&#8221; program, a laureate of the scholarship of the Polish Minister of Culture and National Heritage and other Foundations supporting young talents.<\/p>\n<p style=\"text-align: justify;\">\n<p><\/p>","protected":false},"excerpt":{"rendered":"<p>Graduated with distinction from the Music Academy in Krak\u00f3w in the cello class of prof. Zdzis\u0142aw \u0141api\u0144ski, she obtained the Dipl\u00f4me Sup\u00e9rieur d\u2019Enseignement &#8211; A l\u2019unanimit\u00e9 at the Ecole Normale&hellip; <a href=\"https:\/\/www.amuz.krakow.pl\/en\/letnia-akademia-muzyczna\/wykaz-kursow\/kameralistyka\/beata-urbanek-kwartety-smyczkowe-zespoly-kameralne\/\">Continue reading<\/a><\/p>\n","protected":false},"author":72,"featured_media":3139,"parent":47057,"menu_order":3,"comment_status":"closed","ping_status":"closed","template":"","meta":{"footnotes":"","_links_to":"","_links_to_target":""},"class_list":["post-47009","page","type-page","status-publish","has-post-thumbnail","hentry"],"yoast_head":"<!-- This site is optimized with the Yoast SEO plugin v27.4 - https:\/\/yoast.com\/product\/yoast-seo-wordpress\/ -->\n<title>AMKP - Akademia Muzyczna im. Krzysztofa Pendereckiego w Krakowie<\/title>\n<meta name=\"robots\" content=\"index, follow, max-snippet:-1, max-image-preview:large, max-video-preview:-1\" \/>\n<link rel=\"canonical\" href=\"https:\/\/www.amuz.krakow.pl\/letnia-akademia-muzyczna\/wykaz-kursow\/kameralistyka\/beata-urbanek-kwartety-smyczkowe-zespoly-kameralne\/\" \/>\n<meta property=\"og:locale\" content=\"en_US\" \/>\n<meta property=\"og:type\" content=\"article\" \/>\n<meta property=\"og:title\" content=\"AMKP - Akademia Muzyczna im. Krzysztofa Pendereckiego w Krakowie\" \/>\n<meta property=\"og:description\" content=\"Graduated with distinction from the Music Academy in Krak\u00f3w in the cello class of prof. Zdzis\u0142aw \u0141api\u0144ski, she obtained the Dipl\u00f4me Sup\u00e9rieur d\u2019Enseignement &#8211; A l\u2019unanimit\u00e9 at the Ecole Normale&hellip; Continue reading\" \/>\n<meta property=\"og:url\" content=\"https:\/\/www.amuz.krakow.pl\/letnia-akademia-muzyczna\/wykaz-kursow\/kameralistyka\/beata-urbanek-kwartety-smyczkowe-zespoly-kameralne\/\" \/>\n<meta property=\"og:site_name\" content=\"Akademia Muzyczna im. Krzysztofa Pendereckiego w Krakowie\" \/>\n<meta property=\"article:publisher\" content=\"https:\/\/www.facebook.com\/amuz.krakow\" \/>\n<meta property=\"article:modified_time\" content=\"2026-04-08T11:31:24+00:00\" \/>\n<meta property=\"og:image\" content=\"https:\/\/www.amuz.krakow.pl\/wp-content\/uploads\/2016\/02\/Urbanek-Kalinowska-Beata.jpg\" \/>\n\t<meta property=\"og:image:width\" content=\"2500\" \/>\n\t<meta property=\"og:image:height\" content=\"1667\" \/>\n\t<meta property=\"og:image:type\" content=\"image\/jpeg\" \/>\n<meta name=\"twitter:card\" content=\"summary_large_image\" \/>\n<meta name=\"twitter:label1\" content=\"Est. reading time\" \/>\n\t<meta name=\"twitter:data1\" content=\"3 minutes\" \/>\n<script type=\"application\/ld+json\" class=\"yoast-schema-graph\">{\"@context\":\"https:\\\/\\\/schema.org\",\"@graph\":[{\"@type\":\"WebPage\",\"@id\":\"https:\\\/\\\/www.amuz.krakow.pl\\\/letnia-akademia-muzyczna\\\/wykaz-kursow\\\/kameralistyka\\\/beata-urbanek-kwartety-smyczkowe-zespoly-kameralne\\\/\",\"url\":\"https:\\\/\\\/www.amuz.krakow.pl\\\/letnia-akademia-muzyczna\\\/wykaz-kursow\\\/kameralistyka\\\/beata-urbanek-kwartety-smyczkowe-zespoly-kameralne\\\/\",\"name\":\"AMKP - Akademia Muzyczna im. Krzysztofa Pendereckiego w Krakowie\",\"isPartOf\":{\"@id\":\"https:\\\/\\\/www.amuz.krakow.pl\\\/#website\"},\"primaryImageOfPage\":{\"@id\":\"https:\\\/\\\/www.amuz.krakow.pl\\\/letnia-akademia-muzyczna\\\/wykaz-kursow\\\/kameralistyka\\\/beata-urbanek-kwartety-smyczkowe-zespoly-kameralne\\\/#primaryimage\"},\"image\":{\"@id\":\"https:\\\/\\\/www.amuz.krakow.pl\\\/letnia-akademia-muzyczna\\\/wykaz-kursow\\\/kameralistyka\\\/beata-urbanek-kwartety-smyczkowe-zespoly-kameralne\\\/#primaryimage\"},\"thumbnailUrl\":\"https:\\\/\\\/www.amuz.krakow.pl\\\/wp-content\\\/uploads\\\/2016\\\/02\\\/Urbanek-Kalinowska-Beata.jpg\",\"datePublished\":\"2021-02-13T14:08:17+00:00\",\"dateModified\":\"2026-04-08T11:31:24+00:00\",\"breadcrumb\":{\"@id\":\"https:\\\/\\\/www.amuz.krakow.pl\\\/letnia-akademia-muzyczna\\\/wykaz-kursow\\\/kameralistyka\\\/beata-urbanek-kwartety-smyczkowe-zespoly-kameralne\\\/#breadcrumb\"},\"inLanguage\":\"en-US\",\"potentialAction\":[{\"@type\":\"ReadAction\",\"target\":[\"https:\\\/\\\/www.amuz.krakow.pl\\\/letnia-akademia-muzyczna\\\/wykaz-kursow\\\/kameralistyka\\\/beata-urbanek-kwartety-smyczkowe-zespoly-kameralne\\\/\"]}]},{\"@type\":\"ImageObject\",\"inLanguage\":\"en-US\",\"@id\":\"https:\\\/\\\/www.amuz.krakow.pl\\\/letnia-akademia-muzyczna\\\/wykaz-kursow\\\/kameralistyka\\\/beata-urbanek-kwartety-smyczkowe-zespoly-kameralne\\\/#primaryimage\",\"url\":\"https:\\\/\\\/www.amuz.krakow.pl\\\/wp-content\\\/uploads\\\/2016\\\/02\\\/Urbanek-Kalinowska-Beata.jpg\",\"contentUrl\":\"https:\\\/\\\/www.amuz.krakow.pl\\\/wp-content\\\/uploads\\\/2016\\\/02\\\/Urbanek-Kalinowska-Beata.jpg\",\"width\":2500,\"height\":1667,\"caption\":\"photo by Konrad Mika\"},{\"@type\":\"BreadcrumbList\",\"@id\":\"https:\\\/\\\/www.amuz.krakow.pl\\\/letnia-akademia-muzyczna\\\/wykaz-kursow\\\/kameralistyka\\\/beata-urbanek-kwartety-smyczkowe-zespoly-kameralne\\\/#breadcrumb\",\"itemListElement\":[{\"@type\":\"ListItem\",\"position\":1,\"name\":\"Strona g\u0142\u00f3wna\",\"item\":\"https:\\\/\\\/www.amuz.krakow.pl\\\/\"},{\"@type\":\"ListItem\",\"position\":2,\"name\":\"Letnia Akademia Muzyczna\",\"item\":\"https:\\\/\\\/www.amuz.krakow.pl\\\/letnia-akademia-muzyczna\\\/\"},{\"@type\":\"ListItem\",\"position\":3,\"name\":\"Wykaz kurs\u00f3w\",\"item\":\"https:\\\/\\\/www.amuz.krakow.pl\\\/letnia-akademia-muzyczna\\\/wykaz-kursow\\\/\"},{\"@type\":\"ListItem\",\"position\":4,\"name\":\"Kameralistyka\",\"item\":\"https:\\\/\\\/www.amuz.krakow.pl\\\/letnia-akademia-muzyczna\\\/wykaz-kursow\\\/kameralistyka\\\/\"},{\"@type\":\"ListItem\",\"position\":5,\"name\":\"Beata Urbanek &#8211; kwartety smyczkowe, zespo\u0142y kameralne\"}]},{\"@type\":\"WebSite\",\"@id\":\"https:\\\/\\\/www.amuz.krakow.pl\\\/#website\",\"url\":\"https:\\\/\\\/www.amuz.krakow.pl\\\/\",\"name\":\"Akademia Muzyczna im. Krzysztofa Pendereckiego w Krakowie\",\"description\":\"Oficjalna strona Akademii Muzycznej im. Krzysztofa Pendereckiego w Krakowie (AMKP).\",\"publisher\":{\"@id\":\"https:\\\/\\\/www.amuz.krakow.pl\\\/#organization\"},\"alternateName\":\"AMKP\",\"potentialAction\":[{\"@type\":\"SearchAction\",\"target\":{\"@type\":\"EntryPoint\",\"urlTemplate\":\"https:\\\/\\\/www.amuz.krakow.pl\\\/?s={search_term_string}\"},\"query-input\":{\"@type\":\"PropertyValueSpecification\",\"valueRequired\":true,\"valueName\":\"search_term_string\"}}],\"inLanguage\":\"en-US\"},{\"@type\":\"Organization\",\"@id\":\"https:\\\/\\\/www.amuz.krakow.pl\\\/#organization\",\"name\":\"Akademia Muzyczna im. Krzysztofa Pendereckiego w Krakowie\",\"alternateName\":\"AMKP\",\"url\":\"https:\\\/\\\/www.amuz.krakow.pl\\\/\",\"logo\":{\"@type\":\"ImageObject\",\"inLanguage\":\"en-US\",\"@id\":\"https:\\\/\\\/www.amuz.krakow.pl\\\/#\\\/schema\\\/logo\\\/image\\\/\",\"url\":\"https:\\\/\\\/www.amuz.krakow.pl\\\/wp-content\\\/uploads\\\/2021\\\/11\\\/amkp.jpg\",\"contentUrl\":\"https:\\\/\\\/www.amuz.krakow.pl\\\/wp-content\\\/uploads\\\/2021\\\/11\\\/amkp.jpg\",\"width\":1193,\"height\":591,\"caption\":\"Akademia Muzyczna im. Krzysztofa Pendereckiego w Krakowie\"},\"image\":{\"@id\":\"https:\\\/\\\/www.amuz.krakow.pl\\\/#\\\/schema\\\/logo\\\/image\\\/\"},\"sameAs\":[\"https:\\\/\\\/www.facebook.com\\\/amuz.krakow\",\"https:\\\/\\\/www.instagram.com\\\/amkpenderecki\\\/\",\"https:\\\/\\\/www.youtube.com\\\/@amkpenderecki4806\"]}]}<\/script>\n<!-- \/ Yoast SEO plugin. -->","yoast_head_json":{"title":"AMKP - Akademia Muzyczna im. Krzysztofa Pendereckiego w Krakowie","robots":{"index":"index","follow":"follow","max-snippet":"max-snippet:-1","max-image-preview":"max-image-preview:large","max-video-preview":"max-video-preview:-1"},"canonical":"https:\/\/www.amuz.krakow.pl\/letnia-akademia-muzyczna\/wykaz-kursow\/kameralistyka\/beata-urbanek-kwartety-smyczkowe-zespoly-kameralne\/","og_locale":"en_US","og_type":"article","og_title":"AMKP - Akademia Muzyczna im. Krzysztofa Pendereckiego w Krakowie","og_description":"Graduated with distinction from the Music Academy in Krak\u00f3w in the cello class of prof. Zdzis\u0142aw \u0141api\u0144ski, she obtained the Dipl\u00f4me Sup\u00e9rieur d\u2019Enseignement &#8211; A l\u2019unanimit\u00e9 at the Ecole Normale&hellip; Continue reading","og_url":"https:\/\/www.amuz.krakow.pl\/letnia-akademia-muzyczna\/wykaz-kursow\/kameralistyka\/beata-urbanek-kwartety-smyczkowe-zespoly-kameralne\/","og_site_name":"Akademia Muzyczna im. Krzysztofa Pendereckiego w Krakowie","article_publisher":"https:\/\/www.facebook.com\/amuz.krakow","article_modified_time":"2026-04-08T11:31:24+00:00","og_image":[{"width":2500,"height":1667,"url":"https:\/\/www.amuz.krakow.pl\/wp-content\/uploads\/2016\/02\/Urbanek-Kalinowska-Beata.jpg","type":"image\/jpeg"}],"twitter_card":"summary_large_image","twitter_misc":{"Est. reading time":"3 minutes"},"schema":{"@context":"https:\/\/schema.org","@graph":[{"@type":"WebPage","@id":"https:\/\/www.amuz.krakow.pl\/letnia-akademia-muzyczna\/wykaz-kursow\/kameralistyka\/beata-urbanek-kwartety-smyczkowe-zespoly-kameralne\/","url":"https:\/\/www.amuz.krakow.pl\/letnia-akademia-muzyczna\/wykaz-kursow\/kameralistyka\/beata-urbanek-kwartety-smyczkowe-zespoly-kameralne\/","name":"AMKP - Akademia Muzyczna im. Krzysztofa Pendereckiego w Krakowie","isPartOf":{"@id":"https:\/\/www.amuz.krakow.pl\/#website"},"primaryImageOfPage":{"@id":"https:\/\/www.amuz.krakow.pl\/letnia-akademia-muzyczna\/wykaz-kursow\/kameralistyka\/beata-urbanek-kwartety-smyczkowe-zespoly-kameralne\/#primaryimage"},"image":{"@id":"https:\/\/www.amuz.krakow.pl\/letnia-akademia-muzyczna\/wykaz-kursow\/kameralistyka\/beata-urbanek-kwartety-smyczkowe-zespoly-kameralne\/#primaryimage"},"thumbnailUrl":"https:\/\/www.amuz.krakow.pl\/wp-content\/uploads\/2016\/02\/Urbanek-Kalinowska-Beata.jpg","datePublished":"2021-02-13T14:08:17+00:00","dateModified":"2026-04-08T11:31:24+00:00","breadcrumb":{"@id":"https:\/\/www.amuz.krakow.pl\/letnia-akademia-muzyczna\/wykaz-kursow\/kameralistyka\/beata-urbanek-kwartety-smyczkowe-zespoly-kameralne\/#breadcrumb"},"inLanguage":"en-US","potentialAction":[{"@type":"ReadAction","target":["https:\/\/www.amuz.krakow.pl\/letnia-akademia-muzyczna\/wykaz-kursow\/kameralistyka\/beata-urbanek-kwartety-smyczkowe-zespoly-kameralne\/"]}]},{"@type":"ImageObject","inLanguage":"en-US","@id":"https:\/\/www.amuz.krakow.pl\/letnia-akademia-muzyczna\/wykaz-kursow\/kameralistyka\/beata-urbanek-kwartety-smyczkowe-zespoly-kameralne\/#primaryimage","url":"https:\/\/www.amuz.krakow.pl\/wp-content\/uploads\/2016\/02\/Urbanek-Kalinowska-Beata.jpg","contentUrl":"https:\/\/www.amuz.krakow.pl\/wp-content\/uploads\/2016\/02\/Urbanek-Kalinowska-Beata.jpg","width":2500,"height":1667,"caption":"photo by Konrad Mika"},{"@type":"BreadcrumbList","@id":"https:\/\/www.amuz.krakow.pl\/letnia-akademia-muzyczna\/wykaz-kursow\/kameralistyka\/beata-urbanek-kwartety-smyczkowe-zespoly-kameralne\/#breadcrumb","itemListElement":[{"@type":"ListItem","position":1,"name":"Strona g\u0142\u00f3wna","item":"https:\/\/www.amuz.krakow.pl\/"},{"@type":"ListItem","position":2,"name":"Letnia Akademia Muzyczna","item":"https:\/\/www.amuz.krakow.pl\/letnia-akademia-muzyczna\/"},{"@type":"ListItem","position":3,"name":"Wykaz kurs\u00f3w","item":"https:\/\/www.amuz.krakow.pl\/letnia-akademia-muzyczna\/wykaz-kursow\/"},{"@type":"ListItem","position":4,"name":"Kameralistyka","item":"https:\/\/www.amuz.krakow.pl\/letnia-akademia-muzyczna\/wykaz-kursow\/kameralistyka\/"},{"@type":"ListItem","position":5,"name":"Beata Urbanek &#8211; kwartety smyczkowe, zespo\u0142y kameralne"}]},{"@type":"WebSite","@id":"https:\/\/www.amuz.krakow.pl\/#website","url":"https:\/\/www.amuz.krakow.pl\/","name":"Akademia Muzyczna im. Krzysztofa Pendereckiego w Krakowie","description":"Oficjalna strona Akademii Muzycznej im. Krzysztofa Pendereckiego w Krakowie (AMKP).","publisher":{"@id":"https:\/\/www.amuz.krakow.pl\/#organization"},"alternateName":"AMKP","potentialAction":[{"@type":"SearchAction","target":{"@type":"EntryPoint","urlTemplate":"https:\/\/www.amuz.krakow.pl\/?s={search_term_string}"},"query-input":{"@type":"PropertyValueSpecification","valueRequired":true,"valueName":"search_term_string"}}],"inLanguage":"en-US"},{"@type":"Organization","@id":"https:\/\/www.amuz.krakow.pl\/#organization","name":"Akademia Muzyczna im. Krzysztofa Pendereckiego w Krakowie","alternateName":"AMKP","url":"https:\/\/www.amuz.krakow.pl\/","logo":{"@type":"ImageObject","inLanguage":"en-US","@id":"https:\/\/www.amuz.krakow.pl\/#\/schema\/logo\/image\/","url":"https:\/\/www.amuz.krakow.pl\/wp-content\/uploads\/2021\/11\/amkp.jpg","contentUrl":"https:\/\/www.amuz.krakow.pl\/wp-content\/uploads\/2021\/11\/amkp.jpg","width":1193,"height":591,"caption":"Akademia Muzyczna im. Krzysztofa Pendereckiego w Krakowie"},"image":{"@id":"https:\/\/www.amuz.krakow.pl\/#\/schema\/logo\/image\/"},"sameAs":["https:\/\/www.facebook.com\/amuz.krakow","https:\/\/www.instagram.com\/amkpenderecki\/","https:\/\/www.youtube.com\/@amkpenderecki4806"]}]}},"_links":{"self":[{"href":"https:\/\/www.amuz.krakow.pl\/en\/wp-json\/wp\/v2\/pages\/47009","targetHints":{"allow":["GET"]}}],"collection":[{"href":"https:\/\/www.amuz.krakow.pl\/en\/wp-json\/wp\/v2\/pages"}],"about":[{"href":"https:\/\/www.amuz.krakow.pl\/en\/wp-json\/wp\/v2\/types\/page"}],"author":[{"embeddable":true,"href":"https:\/\/www.amuz.krakow.pl\/en\/wp-json\/wp\/v2\/users\/72"}],"replies":[{"embeddable":true,"href":"https:\/\/www.amuz.krakow.pl\/en\/wp-json\/wp\/v2\/comments?post=47009"}],"version-history":[{"count":6,"href":"https:\/\/www.amuz.krakow.pl\/en\/wp-json\/wp\/v2\/pages\/47009\/revisions"}],"predecessor-version":[{"id":115686,"href":"https:\/\/www.amuz.krakow.pl\/en\/wp-json\/wp\/v2\/pages\/47009\/revisions\/115686"}],"up":[{"embeddable":true,"href":"https:\/\/www.amuz.krakow.pl\/en\/wp-json\/wp\/v2\/pages\/47057"}],"wp:featuredmedia":[{"embeddable":true,"href":"https:\/\/www.amuz.krakow.pl\/en\/wp-json\/wp\/v2\/media\/3139"}],"wp:attachment":[{"href":"https:\/\/www.amuz.krakow.pl\/en\/wp-json\/wp\/v2\/media?parent=47009"}],"curies":[{"name":"wp","href":"https:\/\/api.w.org\/{rel}","templated":true}]}}