{"id":46990,"date":"2021-02-12T23:37:34","date_gmt":"2021-02-12T22:37:34","guid":{"rendered":"https:\/\/www.amuz.krakow.pl\/?page_id=46990"},"modified":"2026-04-01T16:11:46","modified_gmt":"2026-04-01T14:11:46","slug":"oriana-masternak-skrzypce","status":"publish","type":"page","link":"https:\/\/www.amuz.krakow.pl\/en\/letnia-akademia-muzyczna\/wykaz-kursow\/instrumenty-smyczkowe\/oriana-masternak-skrzypce\/","title":{"rendered":"Oriana Masternak &#8211; violin"},"content":{"rendered":"<p><figure id=\"attachment_47464\" aria-describedby=\"caption-attachment-47464\" style=\"width: 300px\" class=\"wp-caption alignleft\"><a href=\"https:\/\/www.amuz.krakow.pl\/letnia-akademia-muzyczna\/wykaz-kursow\/instrumenty-smyczkowe\/oriana-masternak-skrzypce\/masternak-oriana-fot-anita-wasik-plocinska\/\" rel=\"attachment wp-att-47464\"><img loading=\"lazy\" decoding=\"async\" class=\"size-medium wp-image-47464\" src=\"https:\/\/www.amuz.krakow.pl\/wp-content\/uploads\/2021\/03\/Masternak-Oriana-fot.-Anita-Wasik-Plocinska-300x200.jpg\" alt=\"\" width=\"300\" height=\"200\" srcset=\"https:\/\/www.amuz.krakow.pl\/wp-content\/uploads\/2021\/03\/Masternak-Oriana-fot.-Anita-Wasik-Plocinska-300x200.jpg 300w, https:\/\/www.amuz.krakow.pl\/wp-content\/uploads\/2021\/03\/Masternak-Oriana-fot.-Anita-Wasik-Plocinska-scaled.jpg 2048w, https:\/\/www.amuz.krakow.pl\/wp-content\/uploads\/2021\/03\/Masternak-Oriana-fot.-Anita-Wasik-Plocinska-768x512.jpg 768w, https:\/\/www.amuz.krakow.pl\/wp-content\/uploads\/2021\/03\/Masternak-Oriana-fot.-Anita-Wasik-Plocinska-1536x1024.jpg 1536w\" sizes=\"auto, (max-width: 300px) 100vw, 300px\" \/><\/a><figcaption id=\"caption-attachment-47464\" class=\"wp-caption-text\">photo by Anita W\u0105sik-P\u0142oci\u0144ska<\/figcaption><\/figure><\/p>\n<p style=\"text-align: justify;\">Oriana Masternak started her musical education at the age of 7. She graduated from the Academy of Music in Cracow, Royal Conservatorium in Brussels, European Chamber Music Academy, Yale School of Music and the University of Music and Performing Arts in Vienna. Her musical masters include renowned artists such as Johannes Meissl, Roman Reiner, Katalin Sebestyen, Ma\u0142gorzata Skorupa, Magdalena Szczepanowska and Tokyo Quartet. She participated in numerous master classes. In 2015 Oriana Masternak achieved a title of Doctor of Arts after completing her doctoral dissertation about the music of French composer, Lucien Durosoir. Currently she works as an assistant professor (habilitated doctor) at the Department of Violin and Viola at the Academy of Music in Cracow.<\/p>\n<p style=\"text-align: justify;\">She is the prizewinner of many international competitions: 2nd and \u201cSchostakovich Prize\u201d in Plovdiv (Bulgaria, 2015), 2nd in New York (2015), 3rd in Italy (2013), \u201cSoloist.eu\u201d Prize in Austria (2012), Josef Windisch Prize in Austria (2011), 3rd Prize in Italy (2011), 2nd Prize and Baerenreiter Urtext Prize in Holland (2011), 3rd prize in Krak\u00f3w (2007), Prize for the best performance G. Bacewicz\u2019s composition in \u0141\u00f3d\u017a (2003). Her excellent music skills where quickly recognized and resulted in many scholarships, among others from Polish Minister of Culture (twice), European Chamber Music Academy, Pacific Music Festival (Japan), Louise Willson Scholarship (Yale University, USA), Thomastik Infeld Vienna, Adam Mickiewicz\u2019s Institute.<\/p>\n<p style=\"text-align: justify;\">Oriana Masternak recorded for Polish Radio, DUX, Acte Prealable, SOLITON and many more. She performs solo and as a chamber musician in Asia, both Americas and majority of European countries. She took part in many festivals, such as Norfolk Chamber Music Festival (USA), Festival Pablo Casals (Prades), Mozartiade (Augsburg), Kalkalpen Festival (Grossraming), Pacific Music Festival (Sapporo), 21. Fr\u00fchling Wiener Festival (Konzerthaus, Wien), Polish Music Days (Moscow).\u00a0 She performed in Musikveren in Vienna (2012), Pushkin Museum in Moscow (2014) and Carnegie Hall in New York (2015). In November 2019 Oriana was invited to perform 13 recitals in most important concert halls in China (with Justyna Danczowska on piano). Since 2014 Oriana has been a founding member of Messages Quartet \u2013 an ensamble specializing in Polish music performance.<\/p>\n<p style=\"text-align: justify;\">She is a member of jury in international competition. Oriana is also invited to lead masterclasses in Poland and abroad (Brazil, Spain).<\/p>\n<p style=\"text-align: justify;\">Oriana Masternak plays on Sebastian Lang violin of 1738.<\/p>\n<p style=\"text-align: justify;\"><a href=\"http:\/\/www.orianamasternak.com\/\">www.orianamasternak.com<\/a><\/p>\n<p><\/p>","protected":false},"excerpt":{"rendered":"<p>Oriana Masternak started her musical education at the age of 7. She graduated from the Academy of Music in Cracow, Royal Conservatorium in Brussels, European Chamber Music Academy, Yale School&hellip; <a href=\"https:\/\/www.amuz.krakow.pl\/en\/letnia-akademia-muzyczna\/wykaz-kursow\/instrumenty-smyczkowe\/oriana-masternak-skrzypce\/\">Continue reading<\/a><\/p>\n","protected":false},"author":72,"featured_media":54537,"parent":47052,"menu_order":3,"comment_status":"closed","ping_status":"closed","template":"","meta":{"footnotes":"","_links_to":"","_links_to_target":""},"class_list":["post-46990","page","type-page","status-publish","has-post-thumbnail","hentry"],"yoast_head":"<!-- This site is optimized with the Yoast SEO plugin v27.4 - https:\/\/yoast.com\/product\/yoast-seo-wordpress\/ -->\n<title>AMKP - Akademia Muzyczna im. Krzysztofa Pendereckiego w Krakowie<\/title>\n<meta name=\"robots\" content=\"index, follow, max-snippet:-1, max-image-preview:large, max-video-preview:-1\" \/>\n<link rel=\"canonical\" href=\"https:\/\/www.amuz.krakow.pl\/letnia-akademia-muzyczna\/wykaz-kursow\/instrumenty-smyczkowe\/oriana-masternak-skrzypce\/\" \/>\n<meta property=\"og:locale\" content=\"en_US\" \/>\n<meta property=\"og:type\" content=\"article\" \/>\n<meta property=\"og:title\" content=\"AMKP - Akademia Muzyczna im. Krzysztofa Pendereckiego w Krakowie\" \/>\n<meta property=\"og:description\" content=\"Oriana Masternak started her musical education at the age of 7. She graduated from the Academy of Music in Cracow, Royal Conservatorium in Brussels, European Chamber Music Academy, Yale School&hellip; Continue reading\" \/>\n<meta property=\"og:url\" content=\"https:\/\/www.amuz.krakow.pl\/letnia-akademia-muzyczna\/wykaz-kursow\/instrumenty-smyczkowe\/oriana-masternak-skrzypce\/\" \/>\n<meta property=\"og:site_name\" content=\"Akademia Muzyczna im. Krzysztofa Pendereckiego w Krakowie\" \/>\n<meta property=\"article:publisher\" content=\"https:\/\/www.facebook.com\/amuz.krakow\" \/>\n<meta property=\"article:modified_time\" content=\"2026-04-01T14:11:46+00:00\" \/>\n<meta property=\"og:image\" content=\"https:\/\/www.amuz.krakow.pl\/wp-content\/uploads\/2021\/10\/Oriana-Masternak-scaled.jpg\" \/>\n\t<meta property=\"og:image:width\" content=\"2048\" \/>\n\t<meta property=\"og:image:height\" content=\"1365\" \/>\n\t<meta property=\"og:image:type\" content=\"image\/jpeg\" \/>\n<meta name=\"twitter:card\" content=\"summary_large_image\" \/>\n<meta name=\"twitter:label1\" content=\"Est. reading time\" \/>\n\t<meta name=\"twitter:data1\" content=\"4 minutes\" \/>\n<script type=\"application\/ld+json\" class=\"yoast-schema-graph\">{\"@context\":\"https:\\\/\\\/schema.org\",\"@graph\":[{\"@type\":\"WebPage\",\"@id\":\"https:\\\/\\\/www.amuz.krakow.pl\\\/letnia-akademia-muzyczna\\\/wykaz-kursow\\\/instrumenty-smyczkowe\\\/oriana-masternak-skrzypce\\\/\",\"url\":\"https:\\\/\\\/www.amuz.krakow.pl\\\/letnia-akademia-muzyczna\\\/wykaz-kursow\\\/instrumenty-smyczkowe\\\/oriana-masternak-skrzypce\\\/\",\"name\":\"AMKP - Akademia Muzyczna im. Krzysztofa Pendereckiego w Krakowie\",\"isPartOf\":{\"@id\":\"https:\\\/\\\/www.amuz.krakow.pl\\\/#website\"},\"primaryImageOfPage\":{\"@id\":\"https:\\\/\\\/www.amuz.krakow.pl\\\/letnia-akademia-muzyczna\\\/wykaz-kursow\\\/instrumenty-smyczkowe\\\/oriana-masternak-skrzypce\\\/#primaryimage\"},\"image\":{\"@id\":\"https:\\\/\\\/www.amuz.krakow.pl\\\/letnia-akademia-muzyczna\\\/wykaz-kursow\\\/instrumenty-smyczkowe\\\/oriana-masternak-skrzypce\\\/#primaryimage\"},\"thumbnailUrl\":\"https:\\\/\\\/www.amuz.krakow.pl\\\/wp-content\\\/uploads\\\/2021\\\/10\\\/Oriana-Masternak-scaled.jpg\",\"datePublished\":\"2021-02-12T22:37:34+00:00\",\"dateModified\":\"2026-04-01T14:11:46+00:00\",\"breadcrumb\":{\"@id\":\"https:\\\/\\\/www.amuz.krakow.pl\\\/letnia-akademia-muzyczna\\\/wykaz-kursow\\\/instrumenty-smyczkowe\\\/oriana-masternak-skrzypce\\\/#breadcrumb\"},\"inLanguage\":\"en-US\",\"potentialAction\":[{\"@type\":\"ReadAction\",\"target\":[\"https:\\\/\\\/www.amuz.krakow.pl\\\/letnia-akademia-muzyczna\\\/wykaz-kursow\\\/instrumenty-smyczkowe\\\/oriana-masternak-skrzypce\\\/\"]}]},{\"@type\":\"ImageObject\",\"inLanguage\":\"en-US\",\"@id\":\"https:\\\/\\\/www.amuz.krakow.pl\\\/letnia-akademia-muzyczna\\\/wykaz-kursow\\\/instrumenty-smyczkowe\\\/oriana-masternak-skrzypce\\\/#primaryimage\",\"url\":\"https:\\\/\\\/www.amuz.krakow.pl\\\/wp-content\\\/uploads\\\/2021\\\/10\\\/Oriana-Masternak-scaled.jpg\",\"contentUrl\":\"https:\\\/\\\/www.amuz.krakow.pl\\\/wp-content\\\/uploads\\\/2021\\\/10\\\/Oriana-Masternak-scaled.jpg\",\"width\":2048,\"height\":1365,\"caption\":\"photo by Anita W\u0105sik-P\u0142oci\u0144ska\"},{\"@type\":\"BreadcrumbList\",\"@id\":\"https:\\\/\\\/www.amuz.krakow.pl\\\/letnia-akademia-muzyczna\\\/wykaz-kursow\\\/instrumenty-smyczkowe\\\/oriana-masternak-skrzypce\\\/#breadcrumb\",\"itemListElement\":[{\"@type\":\"ListItem\",\"position\":1,\"name\":\"Strona g\u0142\u00f3wna\",\"item\":\"https:\\\/\\\/www.amuz.krakow.pl\\\/\"},{\"@type\":\"ListItem\",\"position\":2,\"name\":\"Letnia Akademia Muzyczna\",\"item\":\"https:\\\/\\\/www.amuz.krakow.pl\\\/letnia-akademia-muzyczna\\\/\"},{\"@type\":\"ListItem\",\"position\":3,\"name\":\"Wykaz kurs\u00f3w\",\"item\":\"https:\\\/\\\/www.amuz.krakow.pl\\\/letnia-akademia-muzyczna\\\/wykaz-kursow\\\/\"},{\"@type\":\"ListItem\",\"position\":4,\"name\":\"Instrumenty strunowe\",\"item\":\"https:\\\/\\\/www.amuz.krakow.pl\\\/letnia-akademia-muzyczna\\\/wykaz-kursow\\\/instrumenty-smyczkowe\\\/\"},{\"@type\":\"ListItem\",\"position\":5,\"name\":\"Oriana Masternak &#8211; skrzypce\"}]},{\"@type\":\"WebSite\",\"@id\":\"https:\\\/\\\/www.amuz.krakow.pl\\\/#website\",\"url\":\"https:\\\/\\\/www.amuz.krakow.pl\\\/\",\"name\":\"Akademia Muzyczna im. Krzysztofa Pendereckiego w Krakowie\",\"description\":\"Oficjalna strona Akademii Muzycznej im. Krzysztofa Pendereckiego w Krakowie (AMKP).\",\"publisher\":{\"@id\":\"https:\\\/\\\/www.amuz.krakow.pl\\\/#organization\"},\"alternateName\":\"AMKP\",\"potentialAction\":[{\"@type\":\"SearchAction\",\"target\":{\"@type\":\"EntryPoint\",\"urlTemplate\":\"https:\\\/\\\/www.amuz.krakow.pl\\\/?s={search_term_string}\"},\"query-input\":{\"@type\":\"PropertyValueSpecification\",\"valueRequired\":true,\"valueName\":\"search_term_string\"}}],\"inLanguage\":\"en-US\"},{\"@type\":\"Organization\",\"@id\":\"https:\\\/\\\/www.amuz.krakow.pl\\\/#organization\",\"name\":\"Akademia Muzyczna im. Krzysztofa Pendereckiego w Krakowie\",\"alternateName\":\"AMKP\",\"url\":\"https:\\\/\\\/www.amuz.krakow.pl\\\/\",\"logo\":{\"@type\":\"ImageObject\",\"inLanguage\":\"en-US\",\"@id\":\"https:\\\/\\\/www.amuz.krakow.pl\\\/#\\\/schema\\\/logo\\\/image\\\/\",\"url\":\"https:\\\/\\\/www.amuz.krakow.pl\\\/wp-content\\\/uploads\\\/2021\\\/11\\\/amkp.jpg\",\"contentUrl\":\"https:\\\/\\\/www.amuz.krakow.pl\\\/wp-content\\\/uploads\\\/2021\\\/11\\\/amkp.jpg\",\"width\":1193,\"height\":591,\"caption\":\"Akademia Muzyczna im. Krzysztofa Pendereckiego w Krakowie\"},\"image\":{\"@id\":\"https:\\\/\\\/www.amuz.krakow.pl\\\/#\\\/schema\\\/logo\\\/image\\\/\"},\"sameAs\":[\"https:\\\/\\\/www.facebook.com\\\/amuz.krakow\",\"https:\\\/\\\/www.instagram.com\\\/amkpenderecki\\\/\",\"https:\\\/\\\/www.youtube.com\\\/@amkpenderecki4806\"]}]}<\/script>\n<!-- \/ Yoast SEO plugin. -->","yoast_head_json":{"title":"AMKP - Akademia Muzyczna im. Krzysztofa Pendereckiego w Krakowie","robots":{"index":"index","follow":"follow","max-snippet":"max-snippet:-1","max-image-preview":"max-image-preview:large","max-video-preview":"max-video-preview:-1"},"canonical":"https:\/\/www.amuz.krakow.pl\/letnia-akademia-muzyczna\/wykaz-kursow\/instrumenty-smyczkowe\/oriana-masternak-skrzypce\/","og_locale":"en_US","og_type":"article","og_title":"AMKP - Akademia Muzyczna im. Krzysztofa Pendereckiego w Krakowie","og_description":"Oriana Masternak started her musical education at the age of 7. She graduated from the Academy of Music in Cracow, Royal Conservatorium in Brussels, European Chamber Music Academy, Yale School&hellip; Continue reading","og_url":"https:\/\/www.amuz.krakow.pl\/letnia-akademia-muzyczna\/wykaz-kursow\/instrumenty-smyczkowe\/oriana-masternak-skrzypce\/","og_site_name":"Akademia Muzyczna im. Krzysztofa Pendereckiego w Krakowie","article_publisher":"https:\/\/www.facebook.com\/amuz.krakow","article_modified_time":"2026-04-01T14:11:46+00:00","og_image":[{"width":2048,"height":1365,"url":"https:\/\/www.amuz.krakow.pl\/wp-content\/uploads\/2021\/10\/Oriana-Masternak-scaled.jpg","type":"image\/jpeg"}],"twitter_card":"summary_large_image","twitter_misc":{"Est. reading time":"4 minutes"},"schema":{"@context":"https:\/\/schema.org","@graph":[{"@type":"WebPage","@id":"https:\/\/www.amuz.krakow.pl\/letnia-akademia-muzyczna\/wykaz-kursow\/instrumenty-smyczkowe\/oriana-masternak-skrzypce\/","url":"https:\/\/www.amuz.krakow.pl\/letnia-akademia-muzyczna\/wykaz-kursow\/instrumenty-smyczkowe\/oriana-masternak-skrzypce\/","name":"AMKP - Akademia Muzyczna im. Krzysztofa Pendereckiego w Krakowie","isPartOf":{"@id":"https:\/\/www.amuz.krakow.pl\/#website"},"primaryImageOfPage":{"@id":"https:\/\/www.amuz.krakow.pl\/letnia-akademia-muzyczna\/wykaz-kursow\/instrumenty-smyczkowe\/oriana-masternak-skrzypce\/#primaryimage"},"image":{"@id":"https:\/\/www.amuz.krakow.pl\/letnia-akademia-muzyczna\/wykaz-kursow\/instrumenty-smyczkowe\/oriana-masternak-skrzypce\/#primaryimage"},"thumbnailUrl":"https:\/\/www.amuz.krakow.pl\/wp-content\/uploads\/2021\/10\/Oriana-Masternak-scaled.jpg","datePublished":"2021-02-12T22:37:34+00:00","dateModified":"2026-04-01T14:11:46+00:00","breadcrumb":{"@id":"https:\/\/www.amuz.krakow.pl\/letnia-akademia-muzyczna\/wykaz-kursow\/instrumenty-smyczkowe\/oriana-masternak-skrzypce\/#breadcrumb"},"inLanguage":"en-US","potentialAction":[{"@type":"ReadAction","target":["https:\/\/www.amuz.krakow.pl\/letnia-akademia-muzyczna\/wykaz-kursow\/instrumenty-smyczkowe\/oriana-masternak-skrzypce\/"]}]},{"@type":"ImageObject","inLanguage":"en-US","@id":"https:\/\/www.amuz.krakow.pl\/letnia-akademia-muzyczna\/wykaz-kursow\/instrumenty-smyczkowe\/oriana-masternak-skrzypce\/#primaryimage","url":"https:\/\/www.amuz.krakow.pl\/wp-content\/uploads\/2021\/10\/Oriana-Masternak-scaled.jpg","contentUrl":"https:\/\/www.amuz.krakow.pl\/wp-content\/uploads\/2021\/10\/Oriana-Masternak-scaled.jpg","width":2048,"height":1365,"caption":"photo by Anita W\u0105sik-P\u0142oci\u0144ska"},{"@type":"BreadcrumbList","@id":"https:\/\/www.amuz.krakow.pl\/letnia-akademia-muzyczna\/wykaz-kursow\/instrumenty-smyczkowe\/oriana-masternak-skrzypce\/#breadcrumb","itemListElement":[{"@type":"ListItem","position":1,"name":"Strona g\u0142\u00f3wna","item":"https:\/\/www.amuz.krakow.pl\/"},{"@type":"ListItem","position":2,"name":"Letnia Akademia Muzyczna","item":"https:\/\/www.amuz.krakow.pl\/letnia-akademia-muzyczna\/"},{"@type":"ListItem","position":3,"name":"Wykaz kurs\u00f3w","item":"https:\/\/www.amuz.krakow.pl\/letnia-akademia-muzyczna\/wykaz-kursow\/"},{"@type":"ListItem","position":4,"name":"Instrumenty strunowe","item":"https:\/\/www.amuz.krakow.pl\/letnia-akademia-muzyczna\/wykaz-kursow\/instrumenty-smyczkowe\/"},{"@type":"ListItem","position":5,"name":"Oriana Masternak &#8211; skrzypce"}]},{"@type":"WebSite","@id":"https:\/\/www.amuz.krakow.pl\/#website","url":"https:\/\/www.amuz.krakow.pl\/","name":"Akademia Muzyczna im. Krzysztofa Pendereckiego w Krakowie","description":"Oficjalna strona Akademii Muzycznej im. Krzysztofa Pendereckiego w Krakowie (AMKP).","publisher":{"@id":"https:\/\/www.amuz.krakow.pl\/#organization"},"alternateName":"AMKP","potentialAction":[{"@type":"SearchAction","target":{"@type":"EntryPoint","urlTemplate":"https:\/\/www.amuz.krakow.pl\/?s={search_term_string}"},"query-input":{"@type":"PropertyValueSpecification","valueRequired":true,"valueName":"search_term_string"}}],"inLanguage":"en-US"},{"@type":"Organization","@id":"https:\/\/www.amuz.krakow.pl\/#organization","name":"Akademia Muzyczna im. Krzysztofa Pendereckiego w Krakowie","alternateName":"AMKP","url":"https:\/\/www.amuz.krakow.pl\/","logo":{"@type":"ImageObject","inLanguage":"en-US","@id":"https:\/\/www.amuz.krakow.pl\/#\/schema\/logo\/image\/","url":"https:\/\/www.amuz.krakow.pl\/wp-content\/uploads\/2021\/11\/amkp.jpg","contentUrl":"https:\/\/www.amuz.krakow.pl\/wp-content\/uploads\/2021\/11\/amkp.jpg","width":1193,"height":591,"caption":"Akademia Muzyczna im. Krzysztofa Pendereckiego w Krakowie"},"image":{"@id":"https:\/\/www.amuz.krakow.pl\/#\/schema\/logo\/image\/"},"sameAs":["https:\/\/www.facebook.com\/amuz.krakow","https:\/\/www.instagram.com\/amkpenderecki\/","https:\/\/www.youtube.com\/@amkpenderecki4806"]}]}},"_links":{"self":[{"href":"https:\/\/www.amuz.krakow.pl\/en\/wp-json\/wp\/v2\/pages\/46990","targetHints":{"allow":["GET"]}}],"collection":[{"href":"https:\/\/www.amuz.krakow.pl\/en\/wp-json\/wp\/v2\/pages"}],"about":[{"href":"https:\/\/www.amuz.krakow.pl\/en\/wp-json\/wp\/v2\/types\/page"}],"author":[{"embeddable":true,"href":"https:\/\/www.amuz.krakow.pl\/en\/wp-json\/wp\/v2\/users\/72"}],"replies":[{"embeddable":true,"href":"https:\/\/www.amuz.krakow.pl\/en\/wp-json\/wp\/v2\/comments?post=46990"}],"version-history":[{"count":4,"href":"https:\/\/www.amuz.krakow.pl\/en\/wp-json\/wp\/v2\/pages\/46990\/revisions"}],"predecessor-version":[{"id":76264,"href":"https:\/\/www.amuz.krakow.pl\/en\/wp-json\/wp\/v2\/pages\/46990\/revisions\/76264"}],"up":[{"embeddable":true,"href":"https:\/\/www.amuz.krakow.pl\/en\/wp-json\/wp\/v2\/pages\/47052"}],"wp:featuredmedia":[{"embeddable":true,"href":"https:\/\/www.amuz.krakow.pl\/en\/wp-json\/wp\/v2\/media\/54537"}],"wp:attachment":[{"href":"https:\/\/www.amuz.krakow.pl\/en\/wp-json\/wp\/v2\/media?parent=46990"}],"curies":[{"name":"wp","href":"https:\/\/api.w.org\/{rel}","templated":true}]}}