{"id":4653,"date":"2016-03-08T23:58:42","date_gmt":"2016-03-08T22:58:42","guid":{"rendered":"http:\/\/www.amuz.krakow.pl\/?page_id=4653"},"modified":"2026-03-17T13:11:21","modified_gmt":"2026-03-17T12:11:21","slug":"marcin-szelest-organy","status":"publish","type":"page","link":"https:\/\/www.amuz.krakow.pl\/en\/letnia-akademia-muzyczna\/wykaz-kursow\/instrumenty-klawiszowe\/marcin-szelest-organy\/","title":{"rendered":"Marcin Szelest &#8211; organ"},"content":{"rendered":"<p><figure id=\"attachment_106015\" aria-describedby=\"caption-attachment-106015\" style=\"width: 300px\" class=\"wp-caption aligncenter\"><a href=\"https:\/\/www.amuz.krakow.pl\/wp-content\/uploads\/2025\/07\/Marcin-Szelest-fot.-Tomika-scaled.jpg\" target=\"_blank\" rel=\"noopener\"><img loading=\"lazy\" decoding=\"async\" class=\"wp-image-106015 size-medium\" src=\"https:\/\/www.amuz.krakow.pl\/wp-content\/uploads\/2025\/07\/Marcin-Szelest-fot.-Tomika-300x200.jpg\" alt=\"\" width=\"300\" height=\"200\" srcset=\"https:\/\/www.amuz.krakow.pl\/wp-content\/uploads\/2025\/07\/Marcin-Szelest-fot.-Tomika-300x200.jpg 300w, https:\/\/www.amuz.krakow.pl\/wp-content\/uploads\/2025\/07\/Marcin-Szelest-fot.-Tomika-scaled.jpg 2048w, https:\/\/www.amuz.krakow.pl\/wp-content\/uploads\/2025\/07\/Marcin-Szelest-fot.-Tomika-768x513.jpg 768w, https:\/\/www.amuz.krakow.pl\/wp-content\/uploads\/2025\/07\/Marcin-Szelest-fot.-Tomika-1536x1026.jpg 1536w\" sizes=\"auto, (max-width: 300px) 100vw, 300px\" \/><\/a><figcaption id=\"caption-attachment-106015\" class=\"wp-caption-text\">photo by Tomika<\/figcaption><\/figure><\/p>\n<p style=\"text-align: justify;\">Marcin Szelest has appeard as a soloist and with many period instrument ensembles, including Concerto Palatino, The Bach Ensemble, Vasa Consort, Weser-Renaissance Bremen and Wroc\u0142aw Baroque Orchestra, and recorded for Accent, CD Accord, Claves, cpo, Motette, Musicon and Warner Classics. He teaches at the masterclasses for the European Hanseatic Ensemble in L\u00fcbeck and the Varmia Musica Academia in Lidzbark Warmi\u0144ski.<\/p>\n<p style=\"text-align: justify;\">His habilitation thesis, \u2018Stylistic changes in Italian organ music at the turn of the sixteenth and seventeenth centuries\u2019 (2007), was awarded the Polish Prime Minister prize. In 2014, he was granted the title of Professor of Art. To date, he has promoted eight doctors, and seventeen students graduated from his organ class.<\/p>\n<p style=\"text-align: justify;\">He has authored many scholarly works, including editions of the complete works of Stanis\u0142aw Sylwester Szarzy\u0144ski (2015) and Adam Jarz\u0119bski (2021), as well as of the Braunsberg\/Oliva Tablatures (2021) and the \u2018Warsaw Organ Tablature\u2019 (2024), published in the \u2018Monumenta Musicae in Polonia\u2019 and \u2018Fontes Musicae in Polonia\u2019 series.<\/p>\n<p style=\"text-align: justify;\">Marcin Szelest studied at the Academy of Music in Krakow (diploma with distinction, 1997) and at The Boston Conservatory (Artist Diploma in Organ Performance, 1999). He was president of the Polish Early Music Society (1999\u20132019), organist of the historic instrument in the Holy Cross Church in Krakow (2003\u201322) and head of the Early Music Department at the Academy of Music in Krakow (2012\u201316). Since 2013, he has been artistic director of the Omnia Beneficia Festival in Stary S\u0105cz, and since 2024 also of the organ festival 1679.org.<\/p>\n<p>&nbsp;<\/p>","protected":false},"excerpt":{"rendered":"<p>Marcin Szelest has appeard as a soloist and with many period instrument ensembles, including Concerto Palatino, The Bach Ensemble, Vasa Consort, Weser-Renaissance Bremen and Wroc\u0142aw Baroque Orchestra, and recorded for&hellip; <a href=\"https:\/\/www.amuz.krakow.pl\/en\/letnia-akademia-muzyczna\/wykaz-kursow\/instrumenty-klawiszowe\/marcin-szelest-organy\/\">Continue reading<\/a><\/p>\n","protected":false},"author":72,"featured_media":106015,"parent":47050,"menu_order":23,"comment_status":"closed","ping_status":"closed","template":"","meta":{"footnotes":"","_links_to":"","_links_to_target":""},"class_list":["post-4653","page","type-page","status-publish","has-post-thumbnail","hentry"],"yoast_head":"<!-- This site is optimized with the Yoast SEO plugin v27.4 - https:\/\/yoast.com\/product\/yoast-seo-wordpress\/ -->\n<title>AMKP - Akademia Muzyczna im. Krzysztofa Pendereckiego w Krakowie<\/title>\n<meta name=\"robots\" content=\"index, follow, max-snippet:-1, max-image-preview:large, max-video-preview:-1\" \/>\n<link rel=\"canonical\" href=\"https:\/\/www.amuz.krakow.pl\/letnia-akademia-muzyczna\/wykaz-kursow\/instrumenty-klawiszowe\/marcin-szelest-organy\/\" \/>\n<meta property=\"og:locale\" content=\"en_US\" \/>\n<meta property=\"og:type\" content=\"article\" \/>\n<meta property=\"og:title\" content=\"Marcin Szelest - organy\" \/>\n<meta property=\"og:description\" content=\"Uko\u0144czy\u0142 studia w Akademii Muzycznej w Krakowie w klasie organ\u00f3w prof. Miros\u0142awy Semeniuk-\u00a0Podrazy (dyplom z wyr\u00f3\u017cnieniem, 1997) oraz \u2013 jako stypendysta Fulbrighta \u2013 w The Boston\u00a0Conservatory (USA) w klasie prof. Jamesa Davida Christie (Artist Diploma in Organ Performance,\u00a01999). W roku 1995 zdoby\u0142 I nagrod\u0119 na II Mi\u0119dzynarodowym Konkursie Organowym im.\u00a0J.P. Sweelincka w Gdaosku. Jego dzia\u0142alno\u015b\u0107 koncertowa w kraju i za granic\u0105 obejmuje recitale\u00a0organowe i wyst\u0119py z zespo\u0142em muzyki dawnej Harmonia Sacra (kt\u00f3rego jest wsp\u00f3\u0142za\u0142o\u017cycielem\u00a0i kierownikiem artystycznym), a tak\u017ce z solistami, ch\u00f3rami, orkiestrami i zespo\u0142ami historycznych\u00a0instrument\u00f3w (m. in. Boston Symphony Orchestra, Camerata Silesia, Capella Cracoviensis, Ensemble\u00a0Abendmusik, Orkiestra Barokowa Europy \u015arodkowej, The Bach Ensemble, Wroc\u0142awska Orkiestra\u00a0Barokowa) pod batut\u0105 takich dyrygent\u00f3w, jak Manfred Cordes, Paul McCreesh, Paul Esswood,\u00a0Barthold Kuijken, Seiji Ozawa czy Joshua Rifkin. Marcin Szelest prowadzi klas\u0119 organ\u00f3w w Akademii\u00a0Muzycznej w Krakowie. Jest laureatem nagrody Prezesa Rady Ministr\u00f3w za prac\u0119 habilitacyjn\u0105\u00a0Przemiany stylistyczne we w\u0142oskiej muzyce organowej prze\u0142omu XVI i XVII stulecia (2007), autorem\u00a0edycji dzie\u0142 zebranych S.S. Szarzy\u0144skiego przed\u0142o\u017conej jako rozprawa doktorska w Instytucie\u00a0Muzykologii na Wydziale Historycznym Uniwersytetu Jagiello\u0144skiego oraz szeregu artyku\u0142\u00f3w\u00a0po\u015bwi\u0119conych dawnej muzyce polskiej. Prezes Polskiego Towarzystwa Muzyki Dawnej i organista\u00a0ko\u015bcio\u0142a \u015awi\u0119tego Krzy\u017ca w Krakowie, gdzie gra na odrestaurowanym instrumencie z 1704 roku.\" \/>\n<meta property=\"og:url\" content=\"https:\/\/www.amuz.krakow.pl\/letnia-akademia-muzyczna\/wykaz-kursow\/instrumenty-klawiszowe\/marcin-szelest-organy\/\" \/>\n<meta property=\"og:site_name\" content=\"Akademia Muzyczna im. Krzysztofa Pendereckiego w Krakowie\" \/>\n<meta property=\"article:publisher\" content=\"https:\/\/www.facebook.com\/amuz.krakow\" \/>\n<meta property=\"article:modified_time\" content=\"2026-03-17T12:11:21+00:00\" \/>\n<meta property=\"og:image\" content=\"https:\/\/www.amuz.krakow.pl\/wp-content\/uploads\/2016\/02\/Marcin-Szelest-1.jpg\" \/>\n\t<meta property=\"og:image:width\" content=\"1944\" \/>\n\t<meta property=\"og:image:height\" content=\"3000\" \/>\n\t<meta property=\"og:image:type\" content=\"image\/jpeg\" \/>\n<meta name=\"twitter:card\" content=\"summary_large_image\" \/>\n<meta name=\"twitter:label1\" content=\"Est. reading time\" \/>\n\t<meta name=\"twitter:data1\" content=\"2 minutes\" \/>\n<script type=\"application\/ld+json\" class=\"yoast-schema-graph\">{\"@context\":\"https:\\\/\\\/schema.org\",\"@graph\":[{\"@type\":\"WebPage\",\"@id\":\"https:\\\/\\\/www.amuz.krakow.pl\\\/letnia-akademia-muzyczna\\\/wykaz-kursow\\\/instrumenty-klawiszowe\\\/marcin-szelest-organy\\\/\",\"url\":\"https:\\\/\\\/www.amuz.krakow.pl\\\/letnia-akademia-muzyczna\\\/wykaz-kursow\\\/instrumenty-klawiszowe\\\/marcin-szelest-organy\\\/\",\"name\":\"AMKP - Akademia Muzyczna im. Krzysztofa Pendereckiego w Krakowie\",\"isPartOf\":{\"@id\":\"https:\\\/\\\/www.amuz.krakow.pl\\\/#website\"},\"primaryImageOfPage\":{\"@id\":\"https:\\\/\\\/www.amuz.krakow.pl\\\/letnia-akademia-muzyczna\\\/wykaz-kursow\\\/instrumenty-klawiszowe\\\/marcin-szelest-organy\\\/#primaryimage\"},\"image\":{\"@id\":\"https:\\\/\\\/www.amuz.krakow.pl\\\/letnia-akademia-muzyczna\\\/wykaz-kursow\\\/instrumenty-klawiszowe\\\/marcin-szelest-organy\\\/#primaryimage\"},\"thumbnailUrl\":\"https:\\\/\\\/www.amuz.krakow.pl\\\/wp-content\\\/uploads\\\/2025\\\/07\\\/Marcin-Szelest-fot.-Tomika-scaled.jpg\",\"datePublished\":\"2016-03-08T22:58:42+00:00\",\"dateModified\":\"2026-03-17T12:11:21+00:00\",\"breadcrumb\":{\"@id\":\"https:\\\/\\\/www.amuz.krakow.pl\\\/letnia-akademia-muzyczna\\\/wykaz-kursow\\\/instrumenty-klawiszowe\\\/marcin-szelest-organy\\\/#breadcrumb\"},\"inLanguage\":\"en-US\",\"potentialAction\":[{\"@type\":\"ReadAction\",\"target\":[\"https:\\\/\\\/www.amuz.krakow.pl\\\/letnia-akademia-muzyczna\\\/wykaz-kursow\\\/instrumenty-klawiszowe\\\/marcin-szelest-organy\\\/\"]}]},{\"@type\":\"ImageObject\",\"inLanguage\":\"en-US\",\"@id\":\"https:\\\/\\\/www.amuz.krakow.pl\\\/letnia-akademia-muzyczna\\\/wykaz-kursow\\\/instrumenty-klawiszowe\\\/marcin-szelest-organy\\\/#primaryimage\",\"url\":\"https:\\\/\\\/www.amuz.krakow.pl\\\/wp-content\\\/uploads\\\/2025\\\/07\\\/Marcin-Szelest-fot.-Tomika-scaled.jpg\",\"contentUrl\":\"https:\\\/\\\/www.amuz.krakow.pl\\\/wp-content\\\/uploads\\\/2025\\\/07\\\/Marcin-Szelest-fot.-Tomika-scaled.jpg\",\"width\":2048,\"height\":1367},{\"@type\":\"BreadcrumbList\",\"@id\":\"https:\\\/\\\/www.amuz.krakow.pl\\\/letnia-akademia-muzyczna\\\/wykaz-kursow\\\/instrumenty-klawiszowe\\\/marcin-szelest-organy\\\/#breadcrumb\",\"itemListElement\":[{\"@type\":\"ListItem\",\"position\":1,\"name\":\"Strona g\u0142\u00f3wna\",\"item\":\"https:\\\/\\\/www.amuz.krakow.pl\\\/\"},{\"@type\":\"ListItem\",\"position\":2,\"name\":\"Letnia Akademia Muzyczna\",\"item\":\"https:\\\/\\\/www.amuz.krakow.pl\\\/letnia-akademia-muzyczna\\\/\"},{\"@type\":\"ListItem\",\"position\":3,\"name\":\"Wykaz kurs\u00f3w\",\"item\":\"https:\\\/\\\/www.amuz.krakow.pl\\\/letnia-akademia-muzyczna\\\/wykaz-kursow\\\/\"},{\"@type\":\"ListItem\",\"position\":4,\"name\":\"Instrumenty klawiszowe\",\"item\":\"https:\\\/\\\/www.amuz.krakow.pl\\\/letnia-akademia-muzyczna\\\/wykaz-kursow\\\/instrumenty-klawiszowe\\\/\"},{\"@type\":\"ListItem\",\"position\":5,\"name\":\"Marcin Szelest &#8211; organy\"}]},{\"@type\":\"WebSite\",\"@id\":\"https:\\\/\\\/www.amuz.krakow.pl\\\/#website\",\"url\":\"https:\\\/\\\/www.amuz.krakow.pl\\\/\",\"name\":\"Akademia Muzyczna im. Krzysztofa Pendereckiego w Krakowie\",\"description\":\"Oficjalna strona Akademii Muzycznej im. Krzysztofa Pendereckiego w Krakowie (AMKP).\",\"publisher\":{\"@id\":\"https:\\\/\\\/www.amuz.krakow.pl\\\/#organization\"},\"alternateName\":\"AMKP\",\"potentialAction\":[{\"@type\":\"SearchAction\",\"target\":{\"@type\":\"EntryPoint\",\"urlTemplate\":\"https:\\\/\\\/www.amuz.krakow.pl\\\/?s={search_term_string}\"},\"query-input\":{\"@type\":\"PropertyValueSpecification\",\"valueRequired\":true,\"valueName\":\"search_term_string\"}}],\"inLanguage\":\"en-US\"},{\"@type\":\"Organization\",\"@id\":\"https:\\\/\\\/www.amuz.krakow.pl\\\/#organization\",\"name\":\"Akademia Muzyczna im. Krzysztofa Pendereckiego w Krakowie\",\"alternateName\":\"AMKP\",\"url\":\"https:\\\/\\\/www.amuz.krakow.pl\\\/\",\"logo\":{\"@type\":\"ImageObject\",\"inLanguage\":\"en-US\",\"@id\":\"https:\\\/\\\/www.amuz.krakow.pl\\\/#\\\/schema\\\/logo\\\/image\\\/\",\"url\":\"https:\\\/\\\/www.amuz.krakow.pl\\\/wp-content\\\/uploads\\\/2021\\\/11\\\/amkp.jpg\",\"contentUrl\":\"https:\\\/\\\/www.amuz.krakow.pl\\\/wp-content\\\/uploads\\\/2021\\\/11\\\/amkp.jpg\",\"width\":1193,\"height\":591,\"caption\":\"Akademia Muzyczna im. Krzysztofa Pendereckiego w Krakowie\"},\"image\":{\"@id\":\"https:\\\/\\\/www.amuz.krakow.pl\\\/#\\\/schema\\\/logo\\\/image\\\/\"},\"sameAs\":[\"https:\\\/\\\/www.facebook.com\\\/amuz.krakow\",\"https:\\\/\\\/www.instagram.com\\\/amkpenderecki\\\/\",\"https:\\\/\\\/www.youtube.com\\\/@amkpenderecki4806\"]}]}<\/script>\n<!-- \/ Yoast SEO plugin. -->","yoast_head_json":{"title":"AMKP - Akademia Muzyczna im. Krzysztofa Pendereckiego w Krakowie","robots":{"index":"index","follow":"follow","max-snippet":"max-snippet:-1","max-image-preview":"max-image-preview:large","max-video-preview":"max-video-preview:-1"},"canonical":"https:\/\/www.amuz.krakow.pl\/letnia-akademia-muzyczna\/wykaz-kursow\/instrumenty-klawiszowe\/marcin-szelest-organy\/","og_locale":"en_US","og_type":"article","og_title":"Marcin Szelest - organy","og_description":"Uko\u0144czy\u0142 studia w Akademii Muzycznej w Krakowie w klasie organ\u00f3w prof. Miros\u0142awy Semeniuk-\u00a0Podrazy (dyplom z wyr\u00f3\u017cnieniem, 1997) oraz \u2013 jako stypendysta Fulbrighta \u2013 w The Boston\u00a0Conservatory (USA) w klasie prof. Jamesa Davida Christie (Artist Diploma in Organ Performance,\u00a01999). W roku 1995 zdoby\u0142 I nagrod\u0119 na II Mi\u0119dzynarodowym Konkursie Organowym im.\u00a0J.P. Sweelincka w Gdaosku. Jego dzia\u0142alno\u015b\u0107 koncertowa w kraju i za granic\u0105 obejmuje recitale\u00a0organowe i wyst\u0119py z zespo\u0142em muzyki dawnej Harmonia Sacra (kt\u00f3rego jest wsp\u00f3\u0142za\u0142o\u017cycielem\u00a0i kierownikiem artystycznym), a tak\u017ce z solistami, ch\u00f3rami, orkiestrami i zespo\u0142ami historycznych\u00a0instrument\u00f3w (m. in. Boston Symphony Orchestra, Camerata Silesia, Capella Cracoviensis, Ensemble\u00a0Abendmusik, Orkiestra Barokowa Europy \u015arodkowej, The Bach Ensemble, Wroc\u0142awska Orkiestra\u00a0Barokowa) pod batut\u0105 takich dyrygent\u00f3w, jak Manfred Cordes, Paul McCreesh, Paul Esswood,\u00a0Barthold Kuijken, Seiji Ozawa czy Joshua Rifkin. Marcin Szelest prowadzi klas\u0119 organ\u00f3w w Akademii\u00a0Muzycznej w Krakowie. Jest laureatem nagrody Prezesa Rady Ministr\u00f3w za prac\u0119 habilitacyjn\u0105\u00a0Przemiany stylistyczne we w\u0142oskiej muzyce organowej prze\u0142omu XVI i XVII stulecia (2007), autorem\u00a0edycji dzie\u0142 zebranych S.S. Szarzy\u0144skiego przed\u0142o\u017conej jako rozprawa doktorska w Instytucie\u00a0Muzykologii na Wydziale Historycznym Uniwersytetu Jagiello\u0144skiego oraz szeregu artyku\u0142\u00f3w\u00a0po\u015bwi\u0119conych dawnej muzyce polskiej. Prezes Polskiego Towarzystwa Muzyki Dawnej i organista\u00a0ko\u015bcio\u0142a \u015awi\u0119tego Krzy\u017ca w Krakowie, gdzie gra na odrestaurowanym instrumencie z 1704 roku.","og_url":"https:\/\/www.amuz.krakow.pl\/letnia-akademia-muzyczna\/wykaz-kursow\/instrumenty-klawiszowe\/marcin-szelest-organy\/","og_site_name":"Akademia Muzyczna im. Krzysztofa Pendereckiego w Krakowie","article_publisher":"https:\/\/www.facebook.com\/amuz.krakow","article_modified_time":"2026-03-17T12:11:21+00:00","og_image":[{"width":1944,"height":3000,"url":"https:\/\/www.amuz.krakow.pl\/wp-content\/uploads\/2016\/02\/Marcin-Szelest-1.jpg","type":"image\/jpeg"}],"twitter_card":"summary_large_image","twitter_misc":{"Est. reading time":"2 minutes"},"schema":{"@context":"https:\/\/schema.org","@graph":[{"@type":"WebPage","@id":"https:\/\/www.amuz.krakow.pl\/letnia-akademia-muzyczna\/wykaz-kursow\/instrumenty-klawiszowe\/marcin-szelest-organy\/","url":"https:\/\/www.amuz.krakow.pl\/letnia-akademia-muzyczna\/wykaz-kursow\/instrumenty-klawiszowe\/marcin-szelest-organy\/","name":"AMKP - Akademia Muzyczna im. Krzysztofa Pendereckiego w Krakowie","isPartOf":{"@id":"https:\/\/www.amuz.krakow.pl\/#website"},"primaryImageOfPage":{"@id":"https:\/\/www.amuz.krakow.pl\/letnia-akademia-muzyczna\/wykaz-kursow\/instrumenty-klawiszowe\/marcin-szelest-organy\/#primaryimage"},"image":{"@id":"https:\/\/www.amuz.krakow.pl\/letnia-akademia-muzyczna\/wykaz-kursow\/instrumenty-klawiszowe\/marcin-szelest-organy\/#primaryimage"},"thumbnailUrl":"https:\/\/www.amuz.krakow.pl\/wp-content\/uploads\/2025\/07\/Marcin-Szelest-fot.-Tomika-scaled.jpg","datePublished":"2016-03-08T22:58:42+00:00","dateModified":"2026-03-17T12:11:21+00:00","breadcrumb":{"@id":"https:\/\/www.amuz.krakow.pl\/letnia-akademia-muzyczna\/wykaz-kursow\/instrumenty-klawiszowe\/marcin-szelest-organy\/#breadcrumb"},"inLanguage":"en-US","potentialAction":[{"@type":"ReadAction","target":["https:\/\/www.amuz.krakow.pl\/letnia-akademia-muzyczna\/wykaz-kursow\/instrumenty-klawiszowe\/marcin-szelest-organy\/"]}]},{"@type":"ImageObject","inLanguage":"en-US","@id":"https:\/\/www.amuz.krakow.pl\/letnia-akademia-muzyczna\/wykaz-kursow\/instrumenty-klawiszowe\/marcin-szelest-organy\/#primaryimage","url":"https:\/\/www.amuz.krakow.pl\/wp-content\/uploads\/2025\/07\/Marcin-Szelest-fot.-Tomika-scaled.jpg","contentUrl":"https:\/\/www.amuz.krakow.pl\/wp-content\/uploads\/2025\/07\/Marcin-Szelest-fot.-Tomika-scaled.jpg","width":2048,"height":1367},{"@type":"BreadcrumbList","@id":"https:\/\/www.amuz.krakow.pl\/letnia-akademia-muzyczna\/wykaz-kursow\/instrumenty-klawiszowe\/marcin-szelest-organy\/#breadcrumb","itemListElement":[{"@type":"ListItem","position":1,"name":"Strona g\u0142\u00f3wna","item":"https:\/\/www.amuz.krakow.pl\/"},{"@type":"ListItem","position":2,"name":"Letnia Akademia Muzyczna","item":"https:\/\/www.amuz.krakow.pl\/letnia-akademia-muzyczna\/"},{"@type":"ListItem","position":3,"name":"Wykaz kurs\u00f3w","item":"https:\/\/www.amuz.krakow.pl\/letnia-akademia-muzyczna\/wykaz-kursow\/"},{"@type":"ListItem","position":4,"name":"Instrumenty klawiszowe","item":"https:\/\/www.amuz.krakow.pl\/letnia-akademia-muzyczna\/wykaz-kursow\/instrumenty-klawiszowe\/"},{"@type":"ListItem","position":5,"name":"Marcin Szelest &#8211; organy"}]},{"@type":"WebSite","@id":"https:\/\/www.amuz.krakow.pl\/#website","url":"https:\/\/www.amuz.krakow.pl\/","name":"Akademia Muzyczna im. Krzysztofa Pendereckiego w Krakowie","description":"Oficjalna strona Akademii Muzycznej im. Krzysztofa Pendereckiego w Krakowie (AMKP).","publisher":{"@id":"https:\/\/www.amuz.krakow.pl\/#organization"},"alternateName":"AMKP","potentialAction":[{"@type":"SearchAction","target":{"@type":"EntryPoint","urlTemplate":"https:\/\/www.amuz.krakow.pl\/?s={search_term_string}"},"query-input":{"@type":"PropertyValueSpecification","valueRequired":true,"valueName":"search_term_string"}}],"inLanguage":"en-US"},{"@type":"Organization","@id":"https:\/\/www.amuz.krakow.pl\/#organization","name":"Akademia Muzyczna im. Krzysztofa Pendereckiego w Krakowie","alternateName":"AMKP","url":"https:\/\/www.amuz.krakow.pl\/","logo":{"@type":"ImageObject","inLanguage":"en-US","@id":"https:\/\/www.amuz.krakow.pl\/#\/schema\/logo\/image\/","url":"https:\/\/www.amuz.krakow.pl\/wp-content\/uploads\/2021\/11\/amkp.jpg","contentUrl":"https:\/\/www.amuz.krakow.pl\/wp-content\/uploads\/2021\/11\/amkp.jpg","width":1193,"height":591,"caption":"Akademia Muzyczna im. Krzysztofa Pendereckiego w Krakowie"},"image":{"@id":"https:\/\/www.amuz.krakow.pl\/#\/schema\/logo\/image\/"},"sameAs":["https:\/\/www.facebook.com\/amuz.krakow","https:\/\/www.instagram.com\/amkpenderecki\/","https:\/\/www.youtube.com\/@amkpenderecki4806"]}]}},"_links":{"self":[{"href":"https:\/\/www.amuz.krakow.pl\/en\/wp-json\/wp\/v2\/pages\/4653","targetHints":{"allow":["GET"]}}],"collection":[{"href":"https:\/\/www.amuz.krakow.pl\/en\/wp-json\/wp\/v2\/pages"}],"about":[{"href":"https:\/\/www.amuz.krakow.pl\/en\/wp-json\/wp\/v2\/types\/page"}],"author":[{"embeddable":true,"href":"https:\/\/www.amuz.krakow.pl\/en\/wp-json\/wp\/v2\/users\/72"}],"replies":[{"embeddable":true,"href":"https:\/\/www.amuz.krakow.pl\/en\/wp-json\/wp\/v2\/comments?post=4653"}],"version-history":[{"count":4,"href":"https:\/\/www.amuz.krakow.pl\/en\/wp-json\/wp\/v2\/pages\/4653\/revisions"}],"predecessor-version":[{"id":106021,"href":"https:\/\/www.amuz.krakow.pl\/en\/wp-json\/wp\/v2\/pages\/4653\/revisions\/106021"}],"up":[{"embeddable":true,"href":"https:\/\/www.amuz.krakow.pl\/en\/wp-json\/wp\/v2\/pages\/47050"}],"wp:featuredmedia":[{"embeddable":true,"href":"https:\/\/www.amuz.krakow.pl\/en\/wp-json\/wp\/v2\/media\/106015"}],"wp:attachment":[{"href":"https:\/\/www.amuz.krakow.pl\/en\/wp-json\/wp\/v2\/media?parent=4653"}],"curies":[{"name":"wp","href":"https:\/\/api.w.org\/{rel}","templated":true}]}}