{"id":4650,"date":"2016-03-08T23:40:43","date_gmt":"2016-03-08T22:40:43","guid":{"rendered":"http:\/\/www.amuz.krakow.pl\/?page_id=4650"},"modified":"2026-04-01T16:04:55","modified_gmt":"2026-04-01T14:04:55","slug":"andrzej-bialko-organy","status":"publish","type":"page","link":"https:\/\/www.amuz.krakow.pl\/en\/letnia-akademia-muzyczna\/wykaz-kursow\/instrumenty-klawiszowe\/andrzej-bialko-organy\/","title":{"rendered":"Andrzej Bia\u0142ko &#8211; organ"},"content":{"rendered":"<p><\/p>\n<p style=\"text-align: justify;\"><a href=\"https:\/\/www.amuz.krakow.pl\/wp-content\/uploads\/2016\/02\/bia\u0142ko.jpg\"><img loading=\"lazy\" decoding=\"async\" class=\"alignleft wp-image-1760\" src=\"http:\/\/www.amuz.krakow.pl\/wp-content\/uploads\/2016\/02\/bia\u0142ko-208x300.jpg\" alt=\"Bia\u0142ko Andrzej\" width=\"146\" height=\"211\" srcset=\"https:\/\/www.amuz.krakow.pl\/wp-content\/uploads\/2016\/02\/bia\u0142ko-208x300.jpg 208w, https:\/\/www.amuz.krakow.pl\/wp-content\/uploads\/2016\/02\/bia\u0142ko-709x1024.jpg 709w, https:\/\/www.amuz.krakow.pl\/wp-content\/uploads\/2016\/02\/bia\u0142ko.jpg 804w\" sizes=\"auto, (max-width: 146px) 100vw, 146px\" \/><\/a><\/p>\n<p style=\"text-align: justify;\">He studied piano at the Musical Secondary School. In 1973, he began learning to play the organ, first privately and then at the Academy of Music in Krak\u00f3w under the supervision of Prof. Joachim Grubich. In 1981 he received the first prize in the International Organ Competition in Rome. In 1985, he was awarded first prize in the framework of the National Organ Competition in Bydgoszcz-Gda\u0144sk.<\/p>\n<p style=\"text-align: justify;\">He took part in most Polish organ festivals and he also performed in Austria, Bulgaria, Croatia, The Czech Republic, Denmark, Finland, France, Germany, Hungary, Iceland, Italy, Slovakia, Switzerland, Sweden, Ukraine, United Kingdom, as well as in Lebanon and both Americas. He has been active as a teacher \u2013 the professor of the Organ Department at the Academy of Music in Krak\u00f3w and the W\u0142adys\u0142aw \u017bele\u0144ski State School of Music in Krak\u00f3w. He collaborates with numerous music ensembles including Cracow Philharmonic and National Philharmonic in Warsaw.<\/p>\n<p style=\"text-align: justify;\">Krak\u00f3w music lovers remember his unforgettable performances of complete organ works of Johann Sebastian Bach in the season 1990\/91 and in the Jubilee Year 2000. He also presented an anthology of organ music of the 16-20th centuries in a series of 20 concerts under the common title \u2018Ars organi\u2019 in the years 2001-2002. In 2006 he was awarded a silver medal `Gloria Artis\u2019 by the Polish Minister of Art and Culture.<\/p>\n<p style=\"text-align: justify;\">In his diverse and ever expanding repertoire, embracing all styles, the artist has also performed the complete organ works of Dietrich Buxtehude, Nicolaus Bruhns, Felix Mendelssohn Bartholdy, C\u00e9sar Franck, Franz Liszt and Johannes Brahms. Several of his recordings became a precious contribution to the tape archives of the 2nd channel of the Polish Radio. He also recorded 30 CDs.<\/p>\n<p><\/p>","protected":false},"excerpt":{"rendered":"<p>He studied piano at the Musical Secondary School. In 1973, he began learning to play the organ, first privately and then at the Academy of Music in Krak\u00f3w under the&hellip; <a href=\"https:\/\/www.amuz.krakow.pl\/en\/letnia-akademia-muzyczna\/wykaz-kursow\/instrumenty-klawiszowe\/andrzej-bialko-organy\/\">Continue reading<\/a><\/p>\n","protected":false},"author":72,"featured_media":1760,"parent":47050,"menu_order":22,"comment_status":"closed","ping_status":"closed","template":"","meta":{"footnotes":"","_links_to":"","_links_to_target":""},"class_list":["post-4650","page","type-page","status-publish","has-post-thumbnail","hentry"],"yoast_head":"<!-- This site is optimized with the Yoast SEO plugin v27.4 - https:\/\/yoast.com\/product\/yoast-seo-wordpress\/ -->\n<title>AMKP - Akademia Muzyczna im. Krzysztofa Pendereckiego w Krakowie<\/title>\n<meta name=\"robots\" content=\"index, follow, max-snippet:-1, max-image-preview:large, max-video-preview:-1\" \/>\n<link rel=\"canonical\" href=\"https:\/\/www.amuz.krakow.pl\/letnia-akademia-muzyczna\/wykaz-kursow\/instrumenty-klawiszowe\/andrzej-bialko-organy\/\" \/>\n<meta property=\"og:locale\" content=\"en_US\" \/>\n<meta property=\"og:type\" content=\"article\" \/>\n<meta property=\"og:title\" content=\"Andrzej Bia\u0142ko - organy\" \/>\n<meta property=\"og:description\" content=\"Uko\u0144czy\u0142 studia w Akademii Muzycznej w Krakowie w klasie prof. Joachima Grubicha. Uczestniczy\u0142 w kursach mistrzowskich Michaela Radulescu w Liechtensteinie i Knuda Vada w Danii. Zdoby\u0142 I nagrod\u0119 na Mi\u0119dzynarodowym Konkursie Organowym w Rzymie (1981) oraz I nagrod\u0119 (ex aequo) w ramach Og\u00f3lnopolskiego Konkursu Organowego w Bydgoszczy-Gda\u0144sku (1985). Bra\u0142 udzia\u0142 w wi\u0119kszo\u015bci krajowych festiwali organowych, koncertowa\u0142 w Anglii, Austrii, Bu\u0142garii, Czechach, Danii, Francji, Niemczech, S\u0142owacji, Szwajcarii, Szwecji, na W\u0119grzech, we W\u0142oszech oraz w Libanie i obu Amerykach. Wsp\u00f3\u0142pracuje z licznymi zespo\u0142ami, m.in.: Capell\u0105 Cracoviensis, Ch\u00f3rem Polskiego Radia w Krakowie, a tak\u017ce z Filharmoni\u0105 Krakowsk\u0105. W sezonie 1990\/91 oraz w roku 2000 wykona\u0142 w Krakowie wszystkie dzie\u0142a organowe J.S. Bacha, za\u015b w sezonie 2001\/02 w serii 20 koncert\u00f3w pod wsp\u00f3lnym tytu\u0142em \u201eArs organi\u201d zaprezentowa\u0142 antologi\u0119 muzyki organowej XVI-XX wieku. W rozleg\u0142ym repertuarze artysta posiada tak\u017ce komplet dzie\u0142 organowych Buxtehudego, Bruhnsa, Mendelssohna, Francka, Liszta. Szereg jego nagrao wzbogaci\u0142o ta\u015bmotek\u0119 programu II Polskiego Radia; ma na swoim koncie 6 CD. Profesor Akademii Muzycznej oraz w Szkole Muzycznej II st. im. W. \u017bele\u0144skiego w Krakowie.\" \/>\n<meta property=\"og:url\" content=\"https:\/\/www.amuz.krakow.pl\/letnia-akademia-muzyczna\/wykaz-kursow\/instrumenty-klawiszowe\/andrzej-bialko-organy\/\" \/>\n<meta property=\"og:site_name\" content=\"Akademia Muzyczna im. Krzysztofa Pendereckiego w Krakowie\" \/>\n<meta property=\"article:publisher\" content=\"https:\/\/www.facebook.com\/amuz.krakow\" \/>\n<meta property=\"article:modified_time\" content=\"2026-04-01T14:04:55+00:00\" \/>\n<meta property=\"og:image\" content=\"https:\/\/www.amuz.krakow.pl\/wp-content\/uploads\/2016\/02\/bia\u0142ko.jpg\" \/>\n\t<meta property=\"og:image:width\" content=\"804\" \/>\n\t<meta property=\"og:image:height\" content=\"1162\" \/>\n\t<meta property=\"og:image:type\" content=\"image\/jpeg\" \/>\n<meta name=\"twitter:card\" content=\"summary_large_image\" \/>\n<meta name=\"twitter:label1\" content=\"Est. reading time\" \/>\n\t<meta name=\"twitter:data1\" content=\"2 minutes\" \/>\n<script type=\"application\/ld+json\" class=\"yoast-schema-graph\">{\"@context\":\"https:\\\/\\\/schema.org\",\"@graph\":[{\"@type\":\"WebPage\",\"@id\":\"https:\\\/\\\/www.amuz.krakow.pl\\\/letnia-akademia-muzyczna\\\/wykaz-kursow\\\/instrumenty-klawiszowe\\\/andrzej-bialko-organy\\\/\",\"url\":\"https:\\\/\\\/www.amuz.krakow.pl\\\/letnia-akademia-muzyczna\\\/wykaz-kursow\\\/instrumenty-klawiszowe\\\/andrzej-bialko-organy\\\/\",\"name\":\"AMKP - Akademia Muzyczna im. Krzysztofa Pendereckiego w Krakowie\",\"isPartOf\":{\"@id\":\"https:\\\/\\\/www.amuz.krakow.pl\\\/#website\"},\"primaryImageOfPage\":{\"@id\":\"https:\\\/\\\/www.amuz.krakow.pl\\\/letnia-akademia-muzyczna\\\/wykaz-kursow\\\/instrumenty-klawiszowe\\\/andrzej-bialko-organy\\\/#primaryimage\"},\"image\":{\"@id\":\"https:\\\/\\\/www.amuz.krakow.pl\\\/letnia-akademia-muzyczna\\\/wykaz-kursow\\\/instrumenty-klawiszowe\\\/andrzej-bialko-organy\\\/#primaryimage\"},\"thumbnailUrl\":\"https:\\\/\\\/www.amuz.krakow.pl\\\/wp-content\\\/uploads\\\/2016\\\/02\\\/bia\u0142ko.jpg\",\"datePublished\":\"2016-03-08T22:40:43+00:00\",\"dateModified\":\"2026-04-01T14:04:55+00:00\",\"breadcrumb\":{\"@id\":\"https:\\\/\\\/www.amuz.krakow.pl\\\/letnia-akademia-muzyczna\\\/wykaz-kursow\\\/instrumenty-klawiszowe\\\/andrzej-bialko-organy\\\/#breadcrumb\"},\"inLanguage\":\"en-US\",\"potentialAction\":[{\"@type\":\"ReadAction\",\"target\":[\"https:\\\/\\\/www.amuz.krakow.pl\\\/letnia-akademia-muzyczna\\\/wykaz-kursow\\\/instrumenty-klawiszowe\\\/andrzej-bialko-organy\\\/\"]}]},{\"@type\":\"ImageObject\",\"inLanguage\":\"en-US\",\"@id\":\"https:\\\/\\\/www.amuz.krakow.pl\\\/letnia-akademia-muzyczna\\\/wykaz-kursow\\\/instrumenty-klawiszowe\\\/andrzej-bialko-organy\\\/#primaryimage\",\"url\":\"https:\\\/\\\/www.amuz.krakow.pl\\\/wp-content\\\/uploads\\\/2016\\\/02\\\/bia\u0142ko.jpg\",\"contentUrl\":\"https:\\\/\\\/www.amuz.krakow.pl\\\/wp-content\\\/uploads\\\/2016\\\/02\\\/bia\u0142ko.jpg\",\"width\":804,\"height\":1162},{\"@type\":\"BreadcrumbList\",\"@id\":\"https:\\\/\\\/www.amuz.krakow.pl\\\/letnia-akademia-muzyczna\\\/wykaz-kursow\\\/instrumenty-klawiszowe\\\/andrzej-bialko-organy\\\/#breadcrumb\",\"itemListElement\":[{\"@type\":\"ListItem\",\"position\":1,\"name\":\"Strona g\u0142\u00f3wna\",\"item\":\"https:\\\/\\\/www.amuz.krakow.pl\\\/\"},{\"@type\":\"ListItem\",\"position\":2,\"name\":\"Letnia Akademia Muzyczna\",\"item\":\"https:\\\/\\\/www.amuz.krakow.pl\\\/letnia-akademia-muzyczna\\\/\"},{\"@type\":\"ListItem\",\"position\":3,\"name\":\"Wykaz kurs\u00f3w\",\"item\":\"https:\\\/\\\/www.amuz.krakow.pl\\\/letnia-akademia-muzyczna\\\/wykaz-kursow\\\/\"},{\"@type\":\"ListItem\",\"position\":4,\"name\":\"Instrumenty klawiszowe\",\"item\":\"https:\\\/\\\/www.amuz.krakow.pl\\\/letnia-akademia-muzyczna\\\/wykaz-kursow\\\/instrumenty-klawiszowe\\\/\"},{\"@type\":\"ListItem\",\"position\":5,\"name\":\"Andrzej Bia\u0142ko &#8211; organy\"}]},{\"@type\":\"WebSite\",\"@id\":\"https:\\\/\\\/www.amuz.krakow.pl\\\/#website\",\"url\":\"https:\\\/\\\/www.amuz.krakow.pl\\\/\",\"name\":\"Akademia Muzyczna im. Krzysztofa Pendereckiego w Krakowie\",\"description\":\"Oficjalna strona Akademii Muzycznej im. Krzysztofa Pendereckiego w Krakowie (AMKP).\",\"publisher\":{\"@id\":\"https:\\\/\\\/www.amuz.krakow.pl\\\/#organization\"},\"alternateName\":\"AMKP\",\"potentialAction\":[{\"@type\":\"SearchAction\",\"target\":{\"@type\":\"EntryPoint\",\"urlTemplate\":\"https:\\\/\\\/www.amuz.krakow.pl\\\/?s={search_term_string}\"},\"query-input\":{\"@type\":\"PropertyValueSpecification\",\"valueRequired\":true,\"valueName\":\"search_term_string\"}}],\"inLanguage\":\"en-US\"},{\"@type\":\"Organization\",\"@id\":\"https:\\\/\\\/www.amuz.krakow.pl\\\/#organization\",\"name\":\"Akademia Muzyczna im. Krzysztofa Pendereckiego w Krakowie\",\"alternateName\":\"AMKP\",\"url\":\"https:\\\/\\\/www.amuz.krakow.pl\\\/\",\"logo\":{\"@type\":\"ImageObject\",\"inLanguage\":\"en-US\",\"@id\":\"https:\\\/\\\/www.amuz.krakow.pl\\\/#\\\/schema\\\/logo\\\/image\\\/\",\"url\":\"https:\\\/\\\/www.amuz.krakow.pl\\\/wp-content\\\/uploads\\\/2021\\\/11\\\/amkp.jpg\",\"contentUrl\":\"https:\\\/\\\/www.amuz.krakow.pl\\\/wp-content\\\/uploads\\\/2021\\\/11\\\/amkp.jpg\",\"width\":1193,\"height\":591,\"caption\":\"Akademia Muzyczna im. Krzysztofa Pendereckiego w Krakowie\"},\"image\":{\"@id\":\"https:\\\/\\\/www.amuz.krakow.pl\\\/#\\\/schema\\\/logo\\\/image\\\/\"},\"sameAs\":[\"https:\\\/\\\/www.facebook.com\\\/amuz.krakow\",\"https:\\\/\\\/www.instagram.com\\\/amkpenderecki\\\/\",\"https:\\\/\\\/www.youtube.com\\\/@amkpenderecki4806\"]}]}<\/script>\n<!-- \/ Yoast SEO plugin. -->","yoast_head_json":{"title":"AMKP - Akademia Muzyczna im. Krzysztofa Pendereckiego w Krakowie","robots":{"index":"index","follow":"follow","max-snippet":"max-snippet:-1","max-image-preview":"max-image-preview:large","max-video-preview":"max-video-preview:-1"},"canonical":"https:\/\/www.amuz.krakow.pl\/letnia-akademia-muzyczna\/wykaz-kursow\/instrumenty-klawiszowe\/andrzej-bialko-organy\/","og_locale":"en_US","og_type":"article","og_title":"Andrzej Bia\u0142ko - organy","og_description":"Uko\u0144czy\u0142 studia w Akademii Muzycznej w Krakowie w klasie prof. Joachima Grubicha. Uczestniczy\u0142 w kursach mistrzowskich Michaela Radulescu w Liechtensteinie i Knuda Vada w Danii. Zdoby\u0142 I nagrod\u0119 na Mi\u0119dzynarodowym Konkursie Organowym w Rzymie (1981) oraz I nagrod\u0119 (ex aequo) w ramach Og\u00f3lnopolskiego Konkursu Organowego w Bydgoszczy-Gda\u0144sku (1985). Bra\u0142 udzia\u0142 w wi\u0119kszo\u015bci krajowych festiwali organowych, koncertowa\u0142 w Anglii, Austrii, Bu\u0142garii, Czechach, Danii, Francji, Niemczech, S\u0142owacji, Szwajcarii, Szwecji, na W\u0119grzech, we W\u0142oszech oraz w Libanie i obu Amerykach. Wsp\u00f3\u0142pracuje z licznymi zespo\u0142ami, m.in.: Capell\u0105 Cracoviensis, Ch\u00f3rem Polskiego Radia w Krakowie, a tak\u017ce z Filharmoni\u0105 Krakowsk\u0105. W sezonie 1990\/91 oraz w roku 2000 wykona\u0142 w Krakowie wszystkie dzie\u0142a organowe J.S. Bacha, za\u015b w sezonie 2001\/02 w serii 20 koncert\u00f3w pod wsp\u00f3lnym tytu\u0142em \u201eArs organi\u201d zaprezentowa\u0142 antologi\u0119 muzyki organowej XVI-XX wieku. W rozleg\u0142ym repertuarze artysta posiada tak\u017ce komplet dzie\u0142 organowych Buxtehudego, Bruhnsa, Mendelssohna, Francka, Liszta. Szereg jego nagrao wzbogaci\u0142o ta\u015bmotek\u0119 programu II Polskiego Radia; ma na swoim koncie 6 CD. Profesor Akademii Muzycznej oraz w Szkole Muzycznej II st. im. W. \u017bele\u0144skiego w Krakowie.","og_url":"https:\/\/www.amuz.krakow.pl\/letnia-akademia-muzyczna\/wykaz-kursow\/instrumenty-klawiszowe\/andrzej-bialko-organy\/","og_site_name":"Akademia Muzyczna im. Krzysztofa Pendereckiego w Krakowie","article_publisher":"https:\/\/www.facebook.com\/amuz.krakow","article_modified_time":"2026-04-01T14:04:55+00:00","og_image":[{"width":804,"height":1162,"url":"https:\/\/www.amuz.krakow.pl\/wp-content\/uploads\/2016\/02\/bia\u0142ko.jpg","type":"image\/jpeg"}],"twitter_card":"summary_large_image","twitter_misc":{"Est. reading time":"2 minutes"},"schema":{"@context":"https:\/\/schema.org","@graph":[{"@type":"WebPage","@id":"https:\/\/www.amuz.krakow.pl\/letnia-akademia-muzyczna\/wykaz-kursow\/instrumenty-klawiszowe\/andrzej-bialko-organy\/","url":"https:\/\/www.amuz.krakow.pl\/letnia-akademia-muzyczna\/wykaz-kursow\/instrumenty-klawiszowe\/andrzej-bialko-organy\/","name":"AMKP - Akademia Muzyczna im. Krzysztofa Pendereckiego w Krakowie","isPartOf":{"@id":"https:\/\/www.amuz.krakow.pl\/#website"},"primaryImageOfPage":{"@id":"https:\/\/www.amuz.krakow.pl\/letnia-akademia-muzyczna\/wykaz-kursow\/instrumenty-klawiszowe\/andrzej-bialko-organy\/#primaryimage"},"image":{"@id":"https:\/\/www.amuz.krakow.pl\/letnia-akademia-muzyczna\/wykaz-kursow\/instrumenty-klawiszowe\/andrzej-bialko-organy\/#primaryimage"},"thumbnailUrl":"https:\/\/www.amuz.krakow.pl\/wp-content\/uploads\/2016\/02\/bia\u0142ko.jpg","datePublished":"2016-03-08T22:40:43+00:00","dateModified":"2026-04-01T14:04:55+00:00","breadcrumb":{"@id":"https:\/\/www.amuz.krakow.pl\/letnia-akademia-muzyczna\/wykaz-kursow\/instrumenty-klawiszowe\/andrzej-bialko-organy\/#breadcrumb"},"inLanguage":"en-US","potentialAction":[{"@type":"ReadAction","target":["https:\/\/www.amuz.krakow.pl\/letnia-akademia-muzyczna\/wykaz-kursow\/instrumenty-klawiszowe\/andrzej-bialko-organy\/"]}]},{"@type":"ImageObject","inLanguage":"en-US","@id":"https:\/\/www.amuz.krakow.pl\/letnia-akademia-muzyczna\/wykaz-kursow\/instrumenty-klawiszowe\/andrzej-bialko-organy\/#primaryimage","url":"https:\/\/www.amuz.krakow.pl\/wp-content\/uploads\/2016\/02\/bia\u0142ko.jpg","contentUrl":"https:\/\/www.amuz.krakow.pl\/wp-content\/uploads\/2016\/02\/bia\u0142ko.jpg","width":804,"height":1162},{"@type":"BreadcrumbList","@id":"https:\/\/www.amuz.krakow.pl\/letnia-akademia-muzyczna\/wykaz-kursow\/instrumenty-klawiszowe\/andrzej-bialko-organy\/#breadcrumb","itemListElement":[{"@type":"ListItem","position":1,"name":"Strona g\u0142\u00f3wna","item":"https:\/\/www.amuz.krakow.pl\/"},{"@type":"ListItem","position":2,"name":"Letnia Akademia Muzyczna","item":"https:\/\/www.amuz.krakow.pl\/letnia-akademia-muzyczna\/"},{"@type":"ListItem","position":3,"name":"Wykaz kurs\u00f3w","item":"https:\/\/www.amuz.krakow.pl\/letnia-akademia-muzyczna\/wykaz-kursow\/"},{"@type":"ListItem","position":4,"name":"Instrumenty klawiszowe","item":"https:\/\/www.amuz.krakow.pl\/letnia-akademia-muzyczna\/wykaz-kursow\/instrumenty-klawiszowe\/"},{"@type":"ListItem","position":5,"name":"Andrzej Bia\u0142ko &#8211; organy"}]},{"@type":"WebSite","@id":"https:\/\/www.amuz.krakow.pl\/#website","url":"https:\/\/www.amuz.krakow.pl\/","name":"Akademia Muzyczna im. Krzysztofa Pendereckiego w Krakowie","description":"Oficjalna strona Akademii Muzycznej im. Krzysztofa Pendereckiego w Krakowie (AMKP).","publisher":{"@id":"https:\/\/www.amuz.krakow.pl\/#organization"},"alternateName":"AMKP","potentialAction":[{"@type":"SearchAction","target":{"@type":"EntryPoint","urlTemplate":"https:\/\/www.amuz.krakow.pl\/?s={search_term_string}"},"query-input":{"@type":"PropertyValueSpecification","valueRequired":true,"valueName":"search_term_string"}}],"inLanguage":"en-US"},{"@type":"Organization","@id":"https:\/\/www.amuz.krakow.pl\/#organization","name":"Akademia Muzyczna im. Krzysztofa Pendereckiego w Krakowie","alternateName":"AMKP","url":"https:\/\/www.amuz.krakow.pl\/","logo":{"@type":"ImageObject","inLanguage":"en-US","@id":"https:\/\/www.amuz.krakow.pl\/#\/schema\/logo\/image\/","url":"https:\/\/www.amuz.krakow.pl\/wp-content\/uploads\/2021\/11\/amkp.jpg","contentUrl":"https:\/\/www.amuz.krakow.pl\/wp-content\/uploads\/2021\/11\/amkp.jpg","width":1193,"height":591,"caption":"Akademia Muzyczna im. Krzysztofa Pendereckiego w Krakowie"},"image":{"@id":"https:\/\/www.amuz.krakow.pl\/#\/schema\/logo\/image\/"},"sameAs":["https:\/\/www.facebook.com\/amuz.krakow","https:\/\/www.instagram.com\/amkpenderecki\/","https:\/\/www.youtube.com\/@amkpenderecki4806"]}]}},"_links":{"self":[{"href":"https:\/\/www.amuz.krakow.pl\/en\/wp-json\/wp\/v2\/pages\/4650","targetHints":{"allow":["GET"]}}],"collection":[{"href":"https:\/\/www.amuz.krakow.pl\/en\/wp-json\/wp\/v2\/pages"}],"about":[{"href":"https:\/\/www.amuz.krakow.pl\/en\/wp-json\/wp\/v2\/types\/page"}],"author":[{"embeddable":true,"href":"https:\/\/www.amuz.krakow.pl\/en\/wp-json\/wp\/v2\/users\/72"}],"replies":[{"embeddable":true,"href":"https:\/\/www.amuz.krakow.pl\/en\/wp-json\/wp\/v2\/comments?post=4650"}],"version-history":[{"count":2,"href":"https:\/\/www.amuz.krakow.pl\/en\/wp-json\/wp\/v2\/pages\/4650\/revisions"}],"predecessor-version":[{"id":36382,"href":"https:\/\/www.amuz.krakow.pl\/en\/wp-json\/wp\/v2\/pages\/4650\/revisions\/36382"}],"up":[{"embeddable":true,"href":"https:\/\/www.amuz.krakow.pl\/en\/wp-json\/wp\/v2\/pages\/47050"}],"wp:featuredmedia":[{"embeddable":true,"href":"https:\/\/www.amuz.krakow.pl\/en\/wp-json\/wp\/v2\/media\/1760"}],"wp:attachment":[{"href":"https:\/\/www.amuz.krakow.pl\/en\/wp-json\/wp\/v2\/media?parent=4650"}],"curies":[{"name":"wp","href":"https:\/\/api.w.org\/{rel}","templated":true}]}}