{"id":4625,"date":"2016-03-07T23:24:41","date_gmt":"2016-03-07T22:24:41","guid":{"rendered":"http:\/\/www.amuz.krakow.pl\/?page_id=4625"},"modified":"2026-04-01T16:03:53","modified_gmt":"2026-04-01T14:03:53","slug":"mariusz-sielski-fortepian","status":"publish","type":"page","link":"https:\/\/www.amuz.krakow.pl\/en\/letnia-akademia-muzyczna\/wykaz-kursow\/instrumenty-klawiszowe\/mariusz-sielski-fortepian\/","title":{"rendered":"Mariusz Sielski &#8211; piano"},"content":{"rendered":"<p><\/p>\n<p style=\"text-align: justify;\"><img loading=\"lazy\" decoding=\"async\" class=\"alignleft wp-image-4626\" src=\"http:\/\/www.amuz.krakow.pl\/wp-content\/uploads\/2016\/03\/15.-Sielski-Mariusz-200x300.jpg\" alt=\"Sielski Mariusz\" width=\"180\" height=\"270\" srcset=\"https:\/\/www.amuz.krakow.pl\/wp-content\/uploads\/2016\/03\/15.-Sielski-Mariusz-200x300.jpg 200w, https:\/\/www.amuz.krakow.pl\/wp-content\/uploads\/2016\/03\/15.-Sielski-Mariusz.jpg 384w\" sizes=\"auto, (max-width: 180px) 100vw, 180px\" \/><\/p>\n<p>Prof. dr hab. Mariusz Sielski \u2013 studied at the Academy of Music in Krak\u00f3w under professors Ludwik Stefa\u0144ski, Ewa Bukojemska and Janusz Dolny (diploma with honours). He participated in prestigious masterclasses, working under the guidance of outstanding teachers (Alexander Jenner, Rudolf Buchbinder, Eliane Richepin, Fausto Zadra). He also completed a year of study at the Hochschule f\u00fcr Musik in Munich.<\/p>\n<p>He performs mainly as a chamber musician, giving concerts in Poland and abroad \u2013 Austria, the Czech Republic, France, the Netherlands, Germany, Portugal,\u00a0 Russia, Slovakia, Turkey, Thailand, Great Britain and Italy. He has 3 CD recordings to his credit. He teaches a class of piano at the Krzysztof Penderecki Academy of Music in Krak\u00f3w as a professor. To date, a large group of 50 of professionally active musicians working in Poland and abroad have completed their master\u2019s studies in piano under his supervision. Among his students there are laureates of piano competitions in Austria (P\u00f6rtschach), Spain (La Rioja), USA (Los Angeles), Italy (Castellana Grotte, Finale Ligure, Florence, Naples), Estonia (Narva, Tallinn), Ukraine (Lviv) and Poland (Szafarnia, Kielce, Krakow, \u017baga\u0144, Warsaw, Busko-Zdr\u00f3j). Ten of his graduates are full-time employees of the Academy of Music in Krak\u00f3w. He has supervised three doctoral theses and reviewed many doctoral, postdoctoral and professorial dissertations. He gives seminars, courses and open lessons, and is invited as a member of the jury to piano competitions in Poland, Georgia, Italy, Slovakia and China.<\/p>\n<p>He collaborates with the Polish Music Publishing House. He is a member of the Committee of Art Sciences of the Krakow Branch of the Polish Academy of Sciences.<\/p>\n<p>From 1996 to 1999 he was the vice dean of the Instrumental Faculty and then a vice rector (1999-2002). During the 2012-2016 term, he was the vice dean, and then the dean of the Instrumental Faculty (2016-2024).<\/p>","protected":false},"excerpt":{"rendered":"<p>Prof. dr hab. Mariusz Sielski \u2013 studied at the Academy of Music in Krak\u00f3w under professors Ludwik Stefa\u0144ski, Ewa Bukojemska and Janusz Dolny (diploma with honours). He participated in prestigious&hellip; <a href=\"https:\/\/www.amuz.krakow.pl\/en\/letnia-akademia-muzyczna\/wykaz-kursow\/instrumenty-klawiszowe\/mariusz-sielski-fortepian\/\">Continue reading<\/a><\/p>\n","protected":false},"author":72,"featured_media":114582,"parent":47050,"menu_order":13,"comment_status":"closed","ping_status":"closed","template":"","meta":{"footnotes":"","_links_to":"","_links_to_target":""},"class_list":["post-4625","page","type-page","status-publish","has-post-thumbnail","hentry"],"yoast_head":"<!-- This site is optimized with the Yoast SEO plugin v27.4 - https:\/\/yoast.com\/product\/yoast-seo-wordpress\/ -->\n<title>AMKP - Akademia Muzyczna im. Krzysztofa Pendereckiego w Krakowie<\/title>\n<meta name=\"robots\" content=\"index, follow, max-snippet:-1, max-image-preview:large, max-video-preview:-1\" \/>\n<link rel=\"canonical\" href=\"https:\/\/www.amuz.krakow.pl\/letnia-akademia-muzyczna\/wykaz-kursow\/instrumenty-klawiszowe\/mariusz-sielski-fortepian\/\" \/>\n<meta property=\"og:locale\" content=\"en_US\" \/>\n<meta property=\"og:type\" content=\"article\" \/>\n<meta property=\"og:title\" content=\"Mariusz Sielski - fortepian\" \/>\n<meta property=\"og:description\" content=\"Studiowa\u0142 w krakowskiej Akademii Muzycznej u Ludwika Stefa\u0144skiego, Ewy Bukojemskiej i Janusza Dolnego (dyplom z wyr\u00f3\u017cnieniem).\u00a0Odby\u0142 te\u017c roczne studia w monachijskiej Hochschule f\u00fcr Musik.\u00a0Bra\u0142 udzia\u0142 w licz\u0105cych si\u0119 kursach mistrzowskich, pracuj\u0105c pod kierunkiem wybitnych instrumentalist\u00f3w m.in. Alexander Jenner,\u00a0Rudolf Buchbinder, Eliane Richepin, Fausto Zadra. Wyst\u0119puje jako solista i kameralista, koncertuj\u0105c w kraju i za granic\u0105 \u2013 Austrii,\u00a0Czechach, Francji, Niemczech, Rosji, S\u0142owacji, Wielkiej Brytanii i W\u0142oszech. Dokona\u0142 nagra\u0144 p\u0142ytowych (3 p\u0142yty CD).\u00a0Jako doktor habilitowany sztuki prowadzi klas\u0119 fortepianu w krakowskiej Akademii Muzycznej na stanowisku adiunkta.\u00a0W gronie jego wychowank\u00f3w s\u0105 laureaci konkurs\u00f3w pianistycznych w Austrii (P\u00f6rtschach), Hiszpanii (La Rioja), USA (Los Angeles),\u00a0W\u0142oszech (Castellana Grotte, Finale Ligure, Florencja, Brescia, Sogliano al Rubicone), Estonii (Narva) i Polsce (Szafarnia, Kielce,\u00a0Krak\u00f3w, \u017baga\u0144, Warszawa). Prowadzi seminaria, kursy i lekcje otwarte. Jest jurorem konkurs\u00f3w pianistycznych w Polsce i we\u00a0W\u0142oszech.\" \/>\n<meta property=\"og:url\" content=\"https:\/\/www.amuz.krakow.pl\/letnia-akademia-muzyczna\/wykaz-kursow\/instrumenty-klawiszowe\/mariusz-sielski-fortepian\/\" \/>\n<meta property=\"og:site_name\" content=\"Akademia Muzyczna im. Krzysztofa Pendereckiego w Krakowie\" \/>\n<meta property=\"article:publisher\" content=\"https:\/\/www.facebook.com\/amuz.krakow\" \/>\n<meta property=\"article:modified_time\" content=\"2026-04-01T14:03:53+00:00\" \/>\n<meta property=\"og:image\" content=\"https:\/\/www.amuz.krakow.pl\/wp-content\/uploads\/2016\/03\/15.-Sielski-Mariusz.jpg\" \/>\n\t<meta property=\"og:image:width\" content=\"384\" \/>\n\t<meta property=\"og:image:height\" content=\"577\" \/>\n\t<meta property=\"og:image:type\" content=\"image\/jpeg\" \/>\n<meta name=\"twitter:card\" content=\"summary_large_image\" \/>\n<meta name=\"twitter:label1\" content=\"Est. reading time\" \/>\n\t<meta name=\"twitter:data1\" content=\"2 minutes\" \/>\n<script type=\"application\/ld+json\" class=\"yoast-schema-graph\">{\"@context\":\"https:\\\/\\\/schema.org\",\"@graph\":[{\"@type\":\"WebPage\",\"@id\":\"https:\\\/\\\/www.amuz.krakow.pl\\\/letnia-akademia-muzyczna\\\/wykaz-kursow\\\/instrumenty-klawiszowe\\\/mariusz-sielski-fortepian\\\/\",\"url\":\"https:\\\/\\\/www.amuz.krakow.pl\\\/letnia-akademia-muzyczna\\\/wykaz-kursow\\\/instrumenty-klawiszowe\\\/mariusz-sielski-fortepian\\\/\",\"name\":\"AMKP - Akademia Muzyczna im. Krzysztofa Pendereckiego w Krakowie\",\"isPartOf\":{\"@id\":\"https:\\\/\\\/www.amuz.krakow.pl\\\/#website\"},\"primaryImageOfPage\":{\"@id\":\"https:\\\/\\\/www.amuz.krakow.pl\\\/letnia-akademia-muzyczna\\\/wykaz-kursow\\\/instrumenty-klawiszowe\\\/mariusz-sielski-fortepian\\\/#primaryimage\"},\"image\":{\"@id\":\"https:\\\/\\\/www.amuz.krakow.pl\\\/letnia-akademia-muzyczna\\\/wykaz-kursow\\\/instrumenty-klawiszowe\\\/mariusz-sielski-fortepian\\\/#primaryimage\"},\"thumbnailUrl\":\"https:\\\/\\\/www.amuz.krakow.pl\\\/wp-content\\\/uploads\\\/2026\\\/02\\\/15.-Sielski-Mariusz.jpg\",\"datePublished\":\"2016-03-07T22:24:41+00:00\",\"dateModified\":\"2026-04-01T14:03:53+00:00\",\"breadcrumb\":{\"@id\":\"https:\\\/\\\/www.amuz.krakow.pl\\\/letnia-akademia-muzyczna\\\/wykaz-kursow\\\/instrumenty-klawiszowe\\\/mariusz-sielski-fortepian\\\/#breadcrumb\"},\"inLanguage\":\"en-US\",\"potentialAction\":[{\"@type\":\"ReadAction\",\"target\":[\"https:\\\/\\\/www.amuz.krakow.pl\\\/letnia-akademia-muzyczna\\\/wykaz-kursow\\\/instrumenty-klawiszowe\\\/mariusz-sielski-fortepian\\\/\"]}]},{\"@type\":\"ImageObject\",\"inLanguage\":\"en-US\",\"@id\":\"https:\\\/\\\/www.amuz.krakow.pl\\\/letnia-akademia-muzyczna\\\/wykaz-kursow\\\/instrumenty-klawiszowe\\\/mariusz-sielski-fortepian\\\/#primaryimage\",\"url\":\"https:\\\/\\\/www.amuz.krakow.pl\\\/wp-content\\\/uploads\\\/2026\\\/02\\\/15.-Sielski-Mariusz.jpg\",\"contentUrl\":\"https:\\\/\\\/www.amuz.krakow.pl\\\/wp-content\\\/uploads\\\/2026\\\/02\\\/15.-Sielski-Mariusz.jpg\",\"width\":384,\"height\":192},{\"@type\":\"BreadcrumbList\",\"@id\":\"https:\\\/\\\/www.amuz.krakow.pl\\\/letnia-akademia-muzyczna\\\/wykaz-kursow\\\/instrumenty-klawiszowe\\\/mariusz-sielski-fortepian\\\/#breadcrumb\",\"itemListElement\":[{\"@type\":\"ListItem\",\"position\":1,\"name\":\"Strona g\u0142\u00f3wna\",\"item\":\"https:\\\/\\\/www.amuz.krakow.pl\\\/\"},{\"@type\":\"ListItem\",\"position\":2,\"name\":\"Letnia Akademia Muzyczna\",\"item\":\"https:\\\/\\\/www.amuz.krakow.pl\\\/letnia-akademia-muzyczna\\\/\"},{\"@type\":\"ListItem\",\"position\":3,\"name\":\"Wykaz kurs\u00f3w\",\"item\":\"https:\\\/\\\/www.amuz.krakow.pl\\\/letnia-akademia-muzyczna\\\/wykaz-kursow\\\/\"},{\"@type\":\"ListItem\",\"position\":4,\"name\":\"Instrumenty klawiszowe\",\"item\":\"https:\\\/\\\/www.amuz.krakow.pl\\\/letnia-akademia-muzyczna\\\/wykaz-kursow\\\/instrumenty-klawiszowe\\\/\"},{\"@type\":\"ListItem\",\"position\":5,\"name\":\"Mariusz Sielski &#8211; fortepian\"}]},{\"@type\":\"WebSite\",\"@id\":\"https:\\\/\\\/www.amuz.krakow.pl\\\/#website\",\"url\":\"https:\\\/\\\/www.amuz.krakow.pl\\\/\",\"name\":\"Akademia Muzyczna im. Krzysztofa Pendereckiego w Krakowie\",\"description\":\"Oficjalna strona Akademii Muzycznej im. Krzysztofa Pendereckiego w Krakowie (AMKP).\",\"publisher\":{\"@id\":\"https:\\\/\\\/www.amuz.krakow.pl\\\/#organization\"},\"alternateName\":\"AMKP\",\"potentialAction\":[{\"@type\":\"SearchAction\",\"target\":{\"@type\":\"EntryPoint\",\"urlTemplate\":\"https:\\\/\\\/www.amuz.krakow.pl\\\/?s={search_term_string}\"},\"query-input\":{\"@type\":\"PropertyValueSpecification\",\"valueRequired\":true,\"valueName\":\"search_term_string\"}}],\"inLanguage\":\"en-US\"},{\"@type\":\"Organization\",\"@id\":\"https:\\\/\\\/www.amuz.krakow.pl\\\/#organization\",\"name\":\"Akademia Muzyczna im. Krzysztofa Pendereckiego w Krakowie\",\"alternateName\":\"AMKP\",\"url\":\"https:\\\/\\\/www.amuz.krakow.pl\\\/\",\"logo\":{\"@type\":\"ImageObject\",\"inLanguage\":\"en-US\",\"@id\":\"https:\\\/\\\/www.amuz.krakow.pl\\\/#\\\/schema\\\/logo\\\/image\\\/\",\"url\":\"https:\\\/\\\/www.amuz.krakow.pl\\\/wp-content\\\/uploads\\\/2021\\\/11\\\/amkp.jpg\",\"contentUrl\":\"https:\\\/\\\/www.amuz.krakow.pl\\\/wp-content\\\/uploads\\\/2021\\\/11\\\/amkp.jpg\",\"width\":1193,\"height\":591,\"caption\":\"Akademia Muzyczna im. Krzysztofa Pendereckiego w Krakowie\"},\"image\":{\"@id\":\"https:\\\/\\\/www.amuz.krakow.pl\\\/#\\\/schema\\\/logo\\\/image\\\/\"},\"sameAs\":[\"https:\\\/\\\/www.facebook.com\\\/amuz.krakow\",\"https:\\\/\\\/www.instagram.com\\\/amkpenderecki\\\/\",\"https:\\\/\\\/www.youtube.com\\\/@amkpenderecki4806\"]}]}<\/script>\n<!-- \/ Yoast SEO plugin. -->","yoast_head_json":{"title":"AMKP - Akademia Muzyczna im. Krzysztofa Pendereckiego w Krakowie","robots":{"index":"index","follow":"follow","max-snippet":"max-snippet:-1","max-image-preview":"max-image-preview:large","max-video-preview":"max-video-preview:-1"},"canonical":"https:\/\/www.amuz.krakow.pl\/letnia-akademia-muzyczna\/wykaz-kursow\/instrumenty-klawiszowe\/mariusz-sielski-fortepian\/","og_locale":"en_US","og_type":"article","og_title":"Mariusz Sielski - fortepian","og_description":"Studiowa\u0142 w krakowskiej Akademii Muzycznej u Ludwika Stefa\u0144skiego, Ewy Bukojemskiej i Janusza Dolnego (dyplom z wyr\u00f3\u017cnieniem).\u00a0Odby\u0142 te\u017c roczne studia w monachijskiej Hochschule f\u00fcr Musik.\u00a0Bra\u0142 udzia\u0142 w licz\u0105cych si\u0119 kursach mistrzowskich, pracuj\u0105c pod kierunkiem wybitnych instrumentalist\u00f3w m.in. Alexander Jenner,\u00a0Rudolf Buchbinder, Eliane Richepin, Fausto Zadra. Wyst\u0119puje jako solista i kameralista, koncertuj\u0105c w kraju i za granic\u0105 \u2013 Austrii,\u00a0Czechach, Francji, Niemczech, Rosji, S\u0142owacji, Wielkiej Brytanii i W\u0142oszech. Dokona\u0142 nagra\u0144 p\u0142ytowych (3 p\u0142yty CD).\u00a0Jako doktor habilitowany sztuki prowadzi klas\u0119 fortepianu w krakowskiej Akademii Muzycznej na stanowisku adiunkta.\u00a0W gronie jego wychowank\u00f3w s\u0105 laureaci konkurs\u00f3w pianistycznych w Austrii (P\u00f6rtschach), Hiszpanii (La Rioja), USA (Los Angeles),\u00a0W\u0142oszech (Castellana Grotte, Finale Ligure, Florencja, Brescia, Sogliano al Rubicone), Estonii (Narva) i Polsce (Szafarnia, Kielce,\u00a0Krak\u00f3w, \u017baga\u0144, Warszawa). Prowadzi seminaria, kursy i lekcje otwarte. Jest jurorem konkurs\u00f3w pianistycznych w Polsce i we\u00a0W\u0142oszech.","og_url":"https:\/\/www.amuz.krakow.pl\/letnia-akademia-muzyczna\/wykaz-kursow\/instrumenty-klawiszowe\/mariusz-sielski-fortepian\/","og_site_name":"Akademia Muzyczna im. Krzysztofa Pendereckiego w Krakowie","article_publisher":"https:\/\/www.facebook.com\/amuz.krakow","article_modified_time":"2026-04-01T14:03:53+00:00","og_image":[{"width":384,"height":577,"url":"https:\/\/www.amuz.krakow.pl\/wp-content\/uploads\/2016\/03\/15.-Sielski-Mariusz.jpg","type":"image\/jpeg"}],"twitter_card":"summary_large_image","twitter_misc":{"Est. reading time":"2 minutes"},"schema":{"@context":"https:\/\/schema.org","@graph":[{"@type":"WebPage","@id":"https:\/\/www.amuz.krakow.pl\/letnia-akademia-muzyczna\/wykaz-kursow\/instrumenty-klawiszowe\/mariusz-sielski-fortepian\/","url":"https:\/\/www.amuz.krakow.pl\/letnia-akademia-muzyczna\/wykaz-kursow\/instrumenty-klawiszowe\/mariusz-sielski-fortepian\/","name":"AMKP - Akademia Muzyczna im. Krzysztofa Pendereckiego w Krakowie","isPartOf":{"@id":"https:\/\/www.amuz.krakow.pl\/#website"},"primaryImageOfPage":{"@id":"https:\/\/www.amuz.krakow.pl\/letnia-akademia-muzyczna\/wykaz-kursow\/instrumenty-klawiszowe\/mariusz-sielski-fortepian\/#primaryimage"},"image":{"@id":"https:\/\/www.amuz.krakow.pl\/letnia-akademia-muzyczna\/wykaz-kursow\/instrumenty-klawiszowe\/mariusz-sielski-fortepian\/#primaryimage"},"thumbnailUrl":"https:\/\/www.amuz.krakow.pl\/wp-content\/uploads\/2026\/02\/15.-Sielski-Mariusz.jpg","datePublished":"2016-03-07T22:24:41+00:00","dateModified":"2026-04-01T14:03:53+00:00","breadcrumb":{"@id":"https:\/\/www.amuz.krakow.pl\/letnia-akademia-muzyczna\/wykaz-kursow\/instrumenty-klawiszowe\/mariusz-sielski-fortepian\/#breadcrumb"},"inLanguage":"en-US","potentialAction":[{"@type":"ReadAction","target":["https:\/\/www.amuz.krakow.pl\/letnia-akademia-muzyczna\/wykaz-kursow\/instrumenty-klawiszowe\/mariusz-sielski-fortepian\/"]}]},{"@type":"ImageObject","inLanguage":"en-US","@id":"https:\/\/www.amuz.krakow.pl\/letnia-akademia-muzyczna\/wykaz-kursow\/instrumenty-klawiszowe\/mariusz-sielski-fortepian\/#primaryimage","url":"https:\/\/www.amuz.krakow.pl\/wp-content\/uploads\/2026\/02\/15.-Sielski-Mariusz.jpg","contentUrl":"https:\/\/www.amuz.krakow.pl\/wp-content\/uploads\/2026\/02\/15.-Sielski-Mariusz.jpg","width":384,"height":192},{"@type":"BreadcrumbList","@id":"https:\/\/www.amuz.krakow.pl\/letnia-akademia-muzyczna\/wykaz-kursow\/instrumenty-klawiszowe\/mariusz-sielski-fortepian\/#breadcrumb","itemListElement":[{"@type":"ListItem","position":1,"name":"Strona g\u0142\u00f3wna","item":"https:\/\/www.amuz.krakow.pl\/"},{"@type":"ListItem","position":2,"name":"Letnia Akademia Muzyczna","item":"https:\/\/www.amuz.krakow.pl\/letnia-akademia-muzyczna\/"},{"@type":"ListItem","position":3,"name":"Wykaz kurs\u00f3w","item":"https:\/\/www.amuz.krakow.pl\/letnia-akademia-muzyczna\/wykaz-kursow\/"},{"@type":"ListItem","position":4,"name":"Instrumenty klawiszowe","item":"https:\/\/www.amuz.krakow.pl\/letnia-akademia-muzyczna\/wykaz-kursow\/instrumenty-klawiszowe\/"},{"@type":"ListItem","position":5,"name":"Mariusz Sielski &#8211; fortepian"}]},{"@type":"WebSite","@id":"https:\/\/www.amuz.krakow.pl\/#website","url":"https:\/\/www.amuz.krakow.pl\/","name":"Akademia Muzyczna im. Krzysztofa Pendereckiego w Krakowie","description":"Oficjalna strona Akademii Muzycznej im. Krzysztofa Pendereckiego w Krakowie (AMKP).","publisher":{"@id":"https:\/\/www.amuz.krakow.pl\/#organization"},"alternateName":"AMKP","potentialAction":[{"@type":"SearchAction","target":{"@type":"EntryPoint","urlTemplate":"https:\/\/www.amuz.krakow.pl\/?s={search_term_string}"},"query-input":{"@type":"PropertyValueSpecification","valueRequired":true,"valueName":"search_term_string"}}],"inLanguage":"en-US"},{"@type":"Organization","@id":"https:\/\/www.amuz.krakow.pl\/#organization","name":"Akademia Muzyczna im. Krzysztofa Pendereckiego w Krakowie","alternateName":"AMKP","url":"https:\/\/www.amuz.krakow.pl\/","logo":{"@type":"ImageObject","inLanguage":"en-US","@id":"https:\/\/www.amuz.krakow.pl\/#\/schema\/logo\/image\/","url":"https:\/\/www.amuz.krakow.pl\/wp-content\/uploads\/2021\/11\/amkp.jpg","contentUrl":"https:\/\/www.amuz.krakow.pl\/wp-content\/uploads\/2021\/11\/amkp.jpg","width":1193,"height":591,"caption":"Akademia Muzyczna im. Krzysztofa Pendereckiego w Krakowie"},"image":{"@id":"https:\/\/www.amuz.krakow.pl\/#\/schema\/logo\/image\/"},"sameAs":["https:\/\/www.facebook.com\/amuz.krakow","https:\/\/www.instagram.com\/amkpenderecki\/","https:\/\/www.youtube.com\/@amkpenderecki4806"]}]}},"_links":{"self":[{"href":"https:\/\/www.amuz.krakow.pl\/en\/wp-json\/wp\/v2\/pages\/4625","targetHints":{"allow":["GET"]}}],"collection":[{"href":"https:\/\/www.amuz.krakow.pl\/en\/wp-json\/wp\/v2\/pages"}],"about":[{"href":"https:\/\/www.amuz.krakow.pl\/en\/wp-json\/wp\/v2\/types\/page"}],"author":[{"embeddable":true,"href":"https:\/\/www.amuz.krakow.pl\/en\/wp-json\/wp\/v2\/users\/72"}],"replies":[{"embeddable":true,"href":"https:\/\/www.amuz.krakow.pl\/en\/wp-json\/wp\/v2\/comments?post=4625"}],"version-history":[{"count":7,"href":"https:\/\/www.amuz.krakow.pl\/en\/wp-json\/wp\/v2\/pages\/4625\/revisions"}],"predecessor-version":[{"id":114583,"href":"https:\/\/www.amuz.krakow.pl\/en\/wp-json\/wp\/v2\/pages\/4625\/revisions\/114583"}],"up":[{"embeddable":true,"href":"https:\/\/www.amuz.krakow.pl\/en\/wp-json\/wp\/v2\/pages\/47050"}],"wp:featuredmedia":[{"embeddable":true,"href":"https:\/\/www.amuz.krakow.pl\/en\/wp-json\/wp\/v2\/media\/114582"}],"wp:attachment":[{"href":"https:\/\/www.amuz.krakow.pl\/en\/wp-json\/wp\/v2\/media?parent=4625"}],"curies":[{"name":"wp","href":"https:\/\/api.w.org\/{rel}","templated":true}]}}