{"id":4614,"date":"2016-03-07T22:59:14","date_gmt":"2016-03-07T21:59:14","guid":{"rendered":"http:\/\/www.amuz.krakow.pl\/?page_id=4614"},"modified":"2026-04-01T16:01:00","modified_gmt":"2026-04-01T14:01:00","slug":"andrzej-pikul-fortepian","status":"publish","type":"page","link":"https:\/\/www.amuz.krakow.pl\/en\/letnia-akademia-muzyczna\/wykaz-kursow\/instrumenty-klawiszowe\/andrzej-pikul-fortepian\/","title":{"rendered":"Andrzej Pikul &#8211; piano (Artistic Director)"},"content":{"rendered":"<p><\/p>\n<p style=\"text-align: justify;\"><a href=\"https:\/\/www.amuz.krakow.pl\/wp-content\/uploads\/2019\/05\/Andrzej-Pikul-foto-B1.jpg\"><img loading=\"lazy\" decoding=\"async\" class=\"alignleft wp-image-30721\" src=\"https:\/\/www.amuz.krakow.pl\/wp-content\/uploads\/2019\/05\/Andrzej-Pikul-foto-B1.jpg\" alt=\"\" width=\"200\" height=\"200\" srcset=\"https:\/\/www.amuz.krakow.pl\/wp-content\/uploads\/2019\/05\/Andrzej-Pikul-foto-B1.jpg 250w, https:\/\/www.amuz.krakow.pl\/wp-content\/uploads\/2019\/05\/Andrzej-Pikul-foto-B1-150x150.jpg 150w\" sizes=\"auto, (max-width: 200px) 100vw, 200px\" \/><\/a><\/p>\n<p style=\"text-align: justify;\">Andrzej Pikul graduated from the piano class of Prof. Tadeusz \u017bmudzi\u0144ski at the Academy of Music in Krak\u00f3w (1980). He continued his studies I the master class of Prof. Paul Badura-Skoda at the Hochschule f\u00fcr Musik in Vienna (1981\u20131983). He also participated in many other master courses taught by eminent pianists (including A. Jenner, V. Perlemuter, G. Agosti, T. Vasary).<\/p>\n<p style=\"text-align: justify;\">He is a laureate of the Polish Piano Festival in S\u0142upsk (1981), the International Competition Foundation Cziffrra in Senlis (1983), the European Broadcasting Competition in Bratislava (1985).<\/p>\n<p style=\"text-align: justify;\">He began his international artistic career with a successful performance at the festival Szene der Jugend in Salzburg (1982). Since that time, he gave many performances in prestigious concert-halls (such as the Brahms-Saal and the Beethoven-Saal in Vienna, the Wigmore Hall in London, the Norsk Opera in Oslo, the Izumi Hall in Osaka, the National Theater in Brasilia and African Forum Theater in Pretoria). He has already appeared in almost all European countries, Australia, Brazil, China, Chile, Columbia, Israeal, Japan, USA, the New Zealand and Republic of South Africa.<\/p>\n<p style=\"text-align: justify;\">He has participated in numerous festivals, including the Polish Piano Festival, Vratislavia Cantans, Bydgoszcz Music Festival, Music in Old Krak\u00f3w, International Days of Krak\u00f3w Composers, Encuentro de Musica International de La Serena (Chile) Festival of Music in Bucamaranga (Columbia), Leipziger Chopin Tage, Kosicka Hudobna Jar (Slovakia), Sofia Music Weeks (Bulgaria), Sollertinski Festival in Vitebsk (Belarus) and the International Music Festival in Kiev.<\/p>\n<p style=\"text-align: justify;\">He has made numerous recordings for Polish Radio and Television, Osterreichische Rundfunk und Fernsehen, Radio Suisse Romande, and several CD albums (including Dux 0320: K. Szymanowski: Symphonie concertante op. 60, A. Tansman: suite for 2 pianos and orchestra and Dux 0552\/3 A. Ginastera The complete music for piano, Dux 0929 F. Liszt Italy and Dux 0927\/0928 F. Chopin Polonaises). He has also performed premieres of the 20th and 21th century pieces. He has been the dedicatee of music by many contemporary composers (including Krystyna Muszuma\u0144ska-Nazar\u2019s Apigram). He has taught master courses for pianists in Australia, Chile, Israel, Japan, Brazil, Germany, New Zeeland, Portugal, Republic of South Africa and Spain, and sat on juries of Polish and international music competitions (among others in Andorra, Barcelona, Fushan, Hongkong Jaen, Orbetello and Osaka). He was a visiting professor in Kobe College Japan (2002\/2003) and at Johannes Gutenberg University in Mainz (2011\/2012).<\/p>\n<p style=\"text-align: justify;\">He is Professor of Piano at the Krzysztof Penderecki Academy of Music in Krakow.<\/p>\n<p style=\"text-align: justify;\">More details can be found at his website: <a href=\"http:\/\/www.andrzejpikul.art.pl\">www.andrzejpikul.art.pl.<\/a><\/p>\n<p><\/p>","protected":false},"excerpt":{"rendered":"<p>Andrzej Pikul graduated from the piano class of Prof. Tadeusz \u017bmudzi\u0144ski at the Academy of Music in Krak\u00f3w (1980). He continued his studies I the master class of Prof. Paul&hellip; <a href=\"https:\/\/www.amuz.krakow.pl\/en\/letnia-akademia-muzyczna\/wykaz-kursow\/instrumenty-klawiszowe\/andrzej-pikul-fortepian\/\">Continue reading<\/a><\/p>\n","protected":false},"author":72,"featured_media":85002,"parent":47050,"menu_order":11,"comment_status":"closed","ping_status":"closed","template":"","meta":{"footnotes":"","_links_to":"","_links_to_target":""},"class_list":["post-4614","page","type-page","status-publish","has-post-thumbnail","hentry"],"yoast_head":"<!-- This site is optimized with the Yoast SEO plugin v27.4 - https:\/\/yoast.com\/product\/yoast-seo-wordpress\/ -->\n<title>AMKP - Akademia Muzyczna im. Krzysztofa Pendereckiego w Krakowie<\/title>\n<meta name=\"robots\" content=\"index, follow, max-snippet:-1, max-image-preview:large, max-video-preview:-1\" \/>\n<link rel=\"canonical\" href=\"https:\/\/www.amuz.krakow.pl\/letnia-akademia-muzyczna\/wykaz-kursow\/instrumenty-klawiszowe\/andrzej-pikul-fortepian\/\" \/>\n<meta property=\"og:locale\" content=\"en_US\" \/>\n<meta property=\"og:type\" content=\"article\" \/>\n<meta property=\"og:title\" content=\"Andrzej Pikul - fortepian\" \/>\n<meta property=\"og:description\" content=\"Uko\u0144czy\u0142 Akademi\u0119 Muzyczn\u0105 w Krakowie (1980) w klasie fortepianu prof. T. \u017bmudzi\u0144skiego. Dalsze studia pianistyczne odby\u0142 w mistrzowskiej klasie prof. P. Badury-Skody w Hochschule f\u00fcr Musik w Wiedniu (1981\u20131983). Uczestniczy\u0142 tak\u017ce w licznych kursach mistrzowskich pod kierunkiem wybitnych pianist\u00f3w (m.in. A. Jennera, V. Perlemutera, G. Agostiego, T. Vasarego). Laureat Festiwalu Pianistyki Polskiej w S\u0142upsku (1981), Mi\u0119dzynarodowego Konkursu Foundation Cziffra w Senlis (1983), Konkursu Radiofonii Europejskiej Bratys\u0142awa 85. Wyst\u0119powa\u0142 wielokrotnie w presti\u017cowych salach koncertowych w kraju, a tak\u017ce w wi\u0119kszo\u015bci kraj\u00f3w europejskich oraz w Australii, Brazylii, Chile, Chinach, Izraelu, Japonii, Kolumbii, Turcji, USA i Nowej Zelandii (m. in. w Musikverein we Wiedniu, Wigmor Hall w Londynie, Norsk Opera w Oslo, Izumi Hall w Osace, Teatrze Narodowym w Brasilii ,Teatrze Wielkim w Ningbo, Conservatory of Sydney, Hamilton Performing Art Center). Uczestniczy\u0142 w festiwalach: Pianistyki Polskiej w S\u0142upsku, Vratislavia Cantans, Bydgoskim Festiwalu Muzycznym, Muzyka w Starym Krakowie, Mi\u0119dzynarodowych Dniach Kompozytor\u00f3w Krakowskich, Encuentro de Musica International De La Serena (Chile), Mi\u0119dzynarodowym Festiwalu Pianistycznym w Bucaramandze (Kolumbia), Leipiziger Chopin Tage (Niemcy), Kosicky Hudobny Jar (S\u0142owacja), Sofia Music Weeks (Bu\u0142garia), Festiwalu im. I. I. Sollerty\u0144skiego w Witebsku (Bia\u0142oru\u015b) oraz Mi\u0119dzynarodowym Festiwalu Muzycznym w Kijowie (Ukraina). Prowadzi\u0142 mistrzowskie kursy pianistyczne w Australii, Brazylii, Chile, Chinach, Francji, Hiszpanii, Izraelu, Japonii, Niemczech, Portugalii, Turcji, Wielkiej Brytanii, W\u0142oszech i Nowej Zelandii. Vistiting Professor w Kobe College (Japonia 2002\/2003) oraz na Uniwersytecie im. Jana Gutenberga w Moguncji ( 2011\/12). By\u0142 jurorem krajowych i mi\u0119dzynarodowych konkurs\u00f3w muzycznych (m.in. Andorra, Barcelona, Fushan, Hongkong, Jaen, Ningbo, Osaka). Dokona\u0142 licznych nagra\u0144 dla Polskiego Radia i Telewizji, \u00d6sterreichische Rundfunk und Fernsehen, Radio Suisse Romande oraz nagra\u0144 p\u0142ytowych: Dux 0320 \u2013 K. Szymanowski: IV Symfonia koncertuj\u0105ca op. 60 i A. Tansman: Suita na 2 fortepiany i orkiestr\u0119 (p\u0142yta uzyska\u0142a nagrod\u0119 KLASSIK HEUTE); Dux 0552\/0553 \u2013 A. Ginastera: Wszystkie dzie\u0142a fortepianowe, Dux 0929 \u2013 Franz Liszt: Italia; Dux 0927\/0928: F. Chopin: Polonezy). Ma w swoim dorobku polskie i \u015bwiatowe prawykonania utwor\u00f3w XX i XXI w. Wielu kompozytor\u00f3w wsp\u00f3\u0142czesnych dedykowa\u0142o mu swoje kompozycje, kt\u00f3re by\u0142y prezentowane na 5 kontynentach. Jest profesorem zwyczajnym i kierownikiem Katedry Fortepianu Akademii Muzycznej w Krakowie. Wykszta\u0142ci\u0142 wielu znakomitych pianist\u00f3w, laureat\u00f3w krajowych i mi\u0119dzynarodowych konkurs\u00f3w muzycznych. W uznaniu osi\u0105gni\u0119\u0107 artystycznych i dydaktycznych uhonorowany zosta\u0142: przez Prezydenta RP Z\u0142otym Krzy\u017cem Zas\u0142ugi (2016), przez Ministra Kultury i Dziedzictwa Narodowego Br\u0105zowym Medalem \u201eGloria Artis\u201d(2008), nagrod\u0105 \u201eExcellence in Teaching\u201d (2007) oraz nagrod\u0105 Marsza\u0142ka Wojew\u00f3dztwa Ma\u0142opolskiego \u201eArs Quaerendi\u201d (2008).\" \/>\n<meta property=\"og:url\" content=\"https:\/\/www.amuz.krakow.pl\/letnia-akademia-muzyczna\/wykaz-kursow\/instrumenty-klawiszowe\/andrzej-pikul-fortepian\/\" \/>\n<meta property=\"og:site_name\" content=\"Akademia Muzyczna im. Krzysztofa Pendereckiego w Krakowie\" \/>\n<meta property=\"article:publisher\" content=\"https:\/\/www.facebook.com\/amuz.krakow\" \/>\n<meta property=\"article:modified_time\" content=\"2026-04-01T14:01:00+00:00\" \/>\n<meta property=\"og:image\" content=\"https:\/\/www.amuz.krakow.pl\/wp-content\/uploads\/2019\/05\/Andrzej-Pikul-foto-B1.jpg\" \/>\n\t<meta property=\"og:image:width\" content=\"250\" \/>\n\t<meta property=\"og:image:height\" content=\"250\" \/>\n\t<meta property=\"og:image:type\" content=\"image\/jpeg\" \/>\n<meta name=\"twitter:card\" content=\"summary_large_image\" \/>\n<meta name=\"twitter:label1\" content=\"Est. reading time\" \/>\n\t<meta name=\"twitter:data1\" content=\"3 minutes\" \/>\n<script type=\"application\/ld+json\" class=\"yoast-schema-graph\">{\"@context\":\"https:\\\/\\\/schema.org\",\"@graph\":[{\"@type\":\"WebPage\",\"@id\":\"https:\\\/\\\/www.amuz.krakow.pl\\\/letnia-akademia-muzyczna\\\/wykaz-kursow\\\/instrumenty-klawiszowe\\\/andrzej-pikul-fortepian\\\/\",\"url\":\"https:\\\/\\\/www.amuz.krakow.pl\\\/letnia-akademia-muzyczna\\\/wykaz-kursow\\\/instrumenty-klawiszowe\\\/andrzej-pikul-fortepian\\\/\",\"name\":\"AMKP - Akademia Muzyczna im. Krzysztofa Pendereckiego w Krakowie\",\"isPartOf\":{\"@id\":\"https:\\\/\\\/www.amuz.krakow.pl\\\/#website\"},\"primaryImageOfPage\":{\"@id\":\"https:\\\/\\\/www.amuz.krakow.pl\\\/letnia-akademia-muzyczna\\\/wykaz-kursow\\\/instrumenty-klawiszowe\\\/andrzej-pikul-fortepian\\\/#primaryimage\"},\"image\":{\"@id\":\"https:\\\/\\\/www.amuz.krakow.pl\\\/letnia-akademia-muzyczna\\\/wykaz-kursow\\\/instrumenty-klawiszowe\\\/andrzej-pikul-fortepian\\\/#primaryimage\"},\"thumbnailUrl\":\"https:\\\/\\\/www.amuz.krakow.pl\\\/wp-content\\\/uploads\\\/2024\\\/04\\\/Andrzej-Pikul_foto_kafel-scaled.jpg\",\"datePublished\":\"2016-03-07T21:59:14+00:00\",\"dateModified\":\"2026-04-01T14:01:00+00:00\",\"breadcrumb\":{\"@id\":\"https:\\\/\\\/www.amuz.krakow.pl\\\/letnia-akademia-muzyczna\\\/wykaz-kursow\\\/instrumenty-klawiszowe\\\/andrzej-pikul-fortepian\\\/#breadcrumb\"},\"inLanguage\":\"en-US\",\"potentialAction\":[{\"@type\":\"ReadAction\",\"target\":[\"https:\\\/\\\/www.amuz.krakow.pl\\\/letnia-akademia-muzyczna\\\/wykaz-kursow\\\/instrumenty-klawiszowe\\\/andrzej-pikul-fortepian\\\/\"]}]},{\"@type\":\"ImageObject\",\"inLanguage\":\"en-US\",\"@id\":\"https:\\\/\\\/www.amuz.krakow.pl\\\/letnia-akademia-muzyczna\\\/wykaz-kursow\\\/instrumenty-klawiszowe\\\/andrzej-pikul-fortepian\\\/#primaryimage\",\"url\":\"https:\\\/\\\/www.amuz.krakow.pl\\\/wp-content\\\/uploads\\\/2024\\\/04\\\/Andrzej-Pikul_foto_kafel-scaled.jpg\",\"contentUrl\":\"https:\\\/\\\/www.amuz.krakow.pl\\\/wp-content\\\/uploads\\\/2024\\\/04\\\/Andrzej-Pikul_foto_kafel-scaled.jpg\",\"width\":2048,\"height\":1024},{\"@type\":\"BreadcrumbList\",\"@id\":\"https:\\\/\\\/www.amuz.krakow.pl\\\/letnia-akademia-muzyczna\\\/wykaz-kursow\\\/instrumenty-klawiszowe\\\/andrzej-pikul-fortepian\\\/#breadcrumb\",\"itemListElement\":[{\"@type\":\"ListItem\",\"position\":1,\"name\":\"Strona g\u0142\u00f3wna\",\"item\":\"https:\\\/\\\/www.amuz.krakow.pl\\\/\"},{\"@type\":\"ListItem\",\"position\":2,\"name\":\"Letnia Akademia Muzyczna\",\"item\":\"https:\\\/\\\/www.amuz.krakow.pl\\\/letnia-akademia-muzyczna\\\/\"},{\"@type\":\"ListItem\",\"position\":3,\"name\":\"Wykaz kurs\u00f3w\",\"item\":\"https:\\\/\\\/www.amuz.krakow.pl\\\/letnia-akademia-muzyczna\\\/wykaz-kursow\\\/\"},{\"@type\":\"ListItem\",\"position\":4,\"name\":\"Instrumenty klawiszowe\",\"item\":\"https:\\\/\\\/www.amuz.krakow.pl\\\/letnia-akademia-muzyczna\\\/wykaz-kursow\\\/instrumenty-klawiszowe\\\/\"},{\"@type\":\"ListItem\",\"position\":5,\"name\":\"Andrzej Pikul &#8211; fortepian (Dyrektor Artystyczny)\"}]},{\"@type\":\"WebSite\",\"@id\":\"https:\\\/\\\/www.amuz.krakow.pl\\\/#website\",\"url\":\"https:\\\/\\\/www.amuz.krakow.pl\\\/\",\"name\":\"Akademia Muzyczna im. Krzysztofa Pendereckiego w Krakowie\",\"description\":\"Oficjalna strona Akademii Muzycznej im. Krzysztofa Pendereckiego w Krakowie (AMKP).\",\"publisher\":{\"@id\":\"https:\\\/\\\/www.amuz.krakow.pl\\\/#organization\"},\"alternateName\":\"AMKP\",\"potentialAction\":[{\"@type\":\"SearchAction\",\"target\":{\"@type\":\"EntryPoint\",\"urlTemplate\":\"https:\\\/\\\/www.amuz.krakow.pl\\\/?s={search_term_string}\"},\"query-input\":{\"@type\":\"PropertyValueSpecification\",\"valueRequired\":true,\"valueName\":\"search_term_string\"}}],\"inLanguage\":\"en-US\"},{\"@type\":\"Organization\",\"@id\":\"https:\\\/\\\/www.amuz.krakow.pl\\\/#organization\",\"name\":\"Akademia Muzyczna im. Krzysztofa Pendereckiego w Krakowie\",\"alternateName\":\"AMKP\",\"url\":\"https:\\\/\\\/www.amuz.krakow.pl\\\/\",\"logo\":{\"@type\":\"ImageObject\",\"inLanguage\":\"en-US\",\"@id\":\"https:\\\/\\\/www.amuz.krakow.pl\\\/#\\\/schema\\\/logo\\\/image\\\/\",\"url\":\"https:\\\/\\\/www.amuz.krakow.pl\\\/wp-content\\\/uploads\\\/2021\\\/11\\\/amkp.jpg\",\"contentUrl\":\"https:\\\/\\\/www.amuz.krakow.pl\\\/wp-content\\\/uploads\\\/2021\\\/11\\\/amkp.jpg\",\"width\":1193,\"height\":591,\"caption\":\"Akademia Muzyczna im. Krzysztofa Pendereckiego w Krakowie\"},\"image\":{\"@id\":\"https:\\\/\\\/www.amuz.krakow.pl\\\/#\\\/schema\\\/logo\\\/image\\\/\"},\"sameAs\":[\"https:\\\/\\\/www.facebook.com\\\/amuz.krakow\",\"https:\\\/\\\/www.instagram.com\\\/amkpenderecki\\\/\",\"https:\\\/\\\/www.youtube.com\\\/@amkpenderecki4806\"]}]}<\/script>\n<!-- \/ Yoast SEO plugin. -->","yoast_head_json":{"title":"AMKP - Akademia Muzyczna im. Krzysztofa Pendereckiego w Krakowie","robots":{"index":"index","follow":"follow","max-snippet":"max-snippet:-1","max-image-preview":"max-image-preview:large","max-video-preview":"max-video-preview:-1"},"canonical":"https:\/\/www.amuz.krakow.pl\/letnia-akademia-muzyczna\/wykaz-kursow\/instrumenty-klawiszowe\/andrzej-pikul-fortepian\/","og_locale":"en_US","og_type":"article","og_title":"Andrzej Pikul - fortepian","og_description":"Uko\u0144czy\u0142 Akademi\u0119 Muzyczn\u0105 w Krakowie (1980) w klasie fortepianu prof. T. \u017bmudzi\u0144skiego. Dalsze studia pianistyczne odby\u0142 w mistrzowskiej klasie prof. P. Badury-Skody w Hochschule f\u00fcr Musik w Wiedniu (1981\u20131983). Uczestniczy\u0142 tak\u017ce w licznych kursach mistrzowskich pod kierunkiem wybitnych pianist\u00f3w (m.in. A. Jennera, V. Perlemutera, G. Agostiego, T. Vasarego). Laureat Festiwalu Pianistyki Polskiej w S\u0142upsku (1981), Mi\u0119dzynarodowego Konkursu Foundation Cziffra w Senlis (1983), Konkursu Radiofonii Europejskiej Bratys\u0142awa 85. Wyst\u0119powa\u0142 wielokrotnie w presti\u017cowych salach koncertowych w kraju, a tak\u017ce w wi\u0119kszo\u015bci kraj\u00f3w europejskich oraz w Australii, Brazylii, Chile, Chinach, Izraelu, Japonii, Kolumbii, Turcji, USA i Nowej Zelandii (m. in. w Musikverein we Wiedniu, Wigmor Hall w Londynie, Norsk Opera w Oslo, Izumi Hall w Osace, Teatrze Narodowym w Brasilii ,Teatrze Wielkim w Ningbo, Conservatory of Sydney, Hamilton Performing Art Center). Uczestniczy\u0142 w festiwalach: Pianistyki Polskiej w S\u0142upsku, Vratislavia Cantans, Bydgoskim Festiwalu Muzycznym, Muzyka w Starym Krakowie, Mi\u0119dzynarodowych Dniach Kompozytor\u00f3w Krakowskich, Encuentro de Musica International De La Serena (Chile), Mi\u0119dzynarodowym Festiwalu Pianistycznym w Bucaramandze (Kolumbia), Leipiziger Chopin Tage (Niemcy), Kosicky Hudobny Jar (S\u0142owacja), Sofia Music Weeks (Bu\u0142garia), Festiwalu im. I. I. Sollerty\u0144skiego w Witebsku (Bia\u0142oru\u015b) oraz Mi\u0119dzynarodowym Festiwalu Muzycznym w Kijowie (Ukraina). Prowadzi\u0142 mistrzowskie kursy pianistyczne w Australii, Brazylii, Chile, Chinach, Francji, Hiszpanii, Izraelu, Japonii, Niemczech, Portugalii, Turcji, Wielkiej Brytanii, W\u0142oszech i Nowej Zelandii. Vistiting Professor w Kobe College (Japonia 2002\/2003) oraz na Uniwersytecie im. Jana Gutenberga w Moguncji ( 2011\/12). By\u0142 jurorem krajowych i mi\u0119dzynarodowych konkurs\u00f3w muzycznych (m.in. Andorra, Barcelona, Fushan, Hongkong, Jaen, Ningbo, Osaka). Dokona\u0142 licznych nagra\u0144 dla Polskiego Radia i Telewizji, \u00d6sterreichische Rundfunk und Fernsehen, Radio Suisse Romande oraz nagra\u0144 p\u0142ytowych: Dux 0320 \u2013 K. Szymanowski: IV Symfonia koncertuj\u0105ca op. 60 i A. Tansman: Suita na 2 fortepiany i orkiestr\u0119 (p\u0142yta uzyska\u0142a nagrod\u0119 KLASSIK HEUTE); Dux 0552\/0553 \u2013 A. Ginastera: Wszystkie dzie\u0142a fortepianowe, Dux 0929 \u2013 Franz Liszt: Italia; Dux 0927\/0928: F. Chopin: Polonezy). Ma w swoim dorobku polskie i \u015bwiatowe prawykonania utwor\u00f3w XX i XXI w. Wielu kompozytor\u00f3w wsp\u00f3\u0142czesnych dedykowa\u0142o mu swoje kompozycje, kt\u00f3re by\u0142y prezentowane na 5 kontynentach. Jest profesorem zwyczajnym i kierownikiem Katedry Fortepianu Akademii Muzycznej w Krakowie. Wykszta\u0142ci\u0142 wielu znakomitych pianist\u00f3w, laureat\u00f3w krajowych i mi\u0119dzynarodowych konkurs\u00f3w muzycznych. W uznaniu osi\u0105gni\u0119\u0107 artystycznych i dydaktycznych uhonorowany zosta\u0142: przez Prezydenta RP Z\u0142otym Krzy\u017cem Zas\u0142ugi (2016), przez Ministra Kultury i Dziedzictwa Narodowego Br\u0105zowym Medalem \u201eGloria Artis\u201d(2008), nagrod\u0105 \u201eExcellence in Teaching\u201d (2007) oraz nagrod\u0105 Marsza\u0142ka Wojew\u00f3dztwa Ma\u0142opolskiego \u201eArs Quaerendi\u201d (2008).","og_url":"https:\/\/www.amuz.krakow.pl\/letnia-akademia-muzyczna\/wykaz-kursow\/instrumenty-klawiszowe\/andrzej-pikul-fortepian\/","og_site_name":"Akademia Muzyczna im. Krzysztofa Pendereckiego w Krakowie","article_publisher":"https:\/\/www.facebook.com\/amuz.krakow","article_modified_time":"2026-04-01T14:01:00+00:00","og_image":[{"width":250,"height":250,"url":"https:\/\/www.amuz.krakow.pl\/wp-content\/uploads\/2019\/05\/Andrzej-Pikul-foto-B1.jpg","type":"image\/jpeg"}],"twitter_card":"summary_large_image","twitter_misc":{"Est. reading time":"3 minutes"},"schema":{"@context":"https:\/\/schema.org","@graph":[{"@type":"WebPage","@id":"https:\/\/www.amuz.krakow.pl\/letnia-akademia-muzyczna\/wykaz-kursow\/instrumenty-klawiszowe\/andrzej-pikul-fortepian\/","url":"https:\/\/www.amuz.krakow.pl\/letnia-akademia-muzyczna\/wykaz-kursow\/instrumenty-klawiszowe\/andrzej-pikul-fortepian\/","name":"AMKP - Akademia Muzyczna im. Krzysztofa Pendereckiego w Krakowie","isPartOf":{"@id":"https:\/\/www.amuz.krakow.pl\/#website"},"primaryImageOfPage":{"@id":"https:\/\/www.amuz.krakow.pl\/letnia-akademia-muzyczna\/wykaz-kursow\/instrumenty-klawiszowe\/andrzej-pikul-fortepian\/#primaryimage"},"image":{"@id":"https:\/\/www.amuz.krakow.pl\/letnia-akademia-muzyczna\/wykaz-kursow\/instrumenty-klawiszowe\/andrzej-pikul-fortepian\/#primaryimage"},"thumbnailUrl":"https:\/\/www.amuz.krakow.pl\/wp-content\/uploads\/2024\/04\/Andrzej-Pikul_foto_kafel-scaled.jpg","datePublished":"2016-03-07T21:59:14+00:00","dateModified":"2026-04-01T14:01:00+00:00","breadcrumb":{"@id":"https:\/\/www.amuz.krakow.pl\/letnia-akademia-muzyczna\/wykaz-kursow\/instrumenty-klawiszowe\/andrzej-pikul-fortepian\/#breadcrumb"},"inLanguage":"en-US","potentialAction":[{"@type":"ReadAction","target":["https:\/\/www.amuz.krakow.pl\/letnia-akademia-muzyczna\/wykaz-kursow\/instrumenty-klawiszowe\/andrzej-pikul-fortepian\/"]}]},{"@type":"ImageObject","inLanguage":"en-US","@id":"https:\/\/www.amuz.krakow.pl\/letnia-akademia-muzyczna\/wykaz-kursow\/instrumenty-klawiszowe\/andrzej-pikul-fortepian\/#primaryimage","url":"https:\/\/www.amuz.krakow.pl\/wp-content\/uploads\/2024\/04\/Andrzej-Pikul_foto_kafel-scaled.jpg","contentUrl":"https:\/\/www.amuz.krakow.pl\/wp-content\/uploads\/2024\/04\/Andrzej-Pikul_foto_kafel-scaled.jpg","width":2048,"height":1024},{"@type":"BreadcrumbList","@id":"https:\/\/www.amuz.krakow.pl\/letnia-akademia-muzyczna\/wykaz-kursow\/instrumenty-klawiszowe\/andrzej-pikul-fortepian\/#breadcrumb","itemListElement":[{"@type":"ListItem","position":1,"name":"Strona g\u0142\u00f3wna","item":"https:\/\/www.amuz.krakow.pl\/"},{"@type":"ListItem","position":2,"name":"Letnia Akademia Muzyczna","item":"https:\/\/www.amuz.krakow.pl\/letnia-akademia-muzyczna\/"},{"@type":"ListItem","position":3,"name":"Wykaz kurs\u00f3w","item":"https:\/\/www.amuz.krakow.pl\/letnia-akademia-muzyczna\/wykaz-kursow\/"},{"@type":"ListItem","position":4,"name":"Instrumenty klawiszowe","item":"https:\/\/www.amuz.krakow.pl\/letnia-akademia-muzyczna\/wykaz-kursow\/instrumenty-klawiszowe\/"},{"@type":"ListItem","position":5,"name":"Andrzej Pikul &#8211; fortepian (Dyrektor Artystyczny)"}]},{"@type":"WebSite","@id":"https:\/\/www.amuz.krakow.pl\/#website","url":"https:\/\/www.amuz.krakow.pl\/","name":"Akademia Muzyczna im. Krzysztofa Pendereckiego w Krakowie","description":"Oficjalna strona Akademii Muzycznej im. Krzysztofa Pendereckiego w Krakowie (AMKP).","publisher":{"@id":"https:\/\/www.amuz.krakow.pl\/#organization"},"alternateName":"AMKP","potentialAction":[{"@type":"SearchAction","target":{"@type":"EntryPoint","urlTemplate":"https:\/\/www.amuz.krakow.pl\/?s={search_term_string}"},"query-input":{"@type":"PropertyValueSpecification","valueRequired":true,"valueName":"search_term_string"}}],"inLanguage":"en-US"},{"@type":"Organization","@id":"https:\/\/www.amuz.krakow.pl\/#organization","name":"Akademia Muzyczna im. Krzysztofa Pendereckiego w Krakowie","alternateName":"AMKP","url":"https:\/\/www.amuz.krakow.pl\/","logo":{"@type":"ImageObject","inLanguage":"en-US","@id":"https:\/\/www.amuz.krakow.pl\/#\/schema\/logo\/image\/","url":"https:\/\/www.amuz.krakow.pl\/wp-content\/uploads\/2021\/11\/amkp.jpg","contentUrl":"https:\/\/www.amuz.krakow.pl\/wp-content\/uploads\/2021\/11\/amkp.jpg","width":1193,"height":591,"caption":"Akademia Muzyczna im. Krzysztofa Pendereckiego w Krakowie"},"image":{"@id":"https:\/\/www.amuz.krakow.pl\/#\/schema\/logo\/image\/"},"sameAs":["https:\/\/www.facebook.com\/amuz.krakow","https:\/\/www.instagram.com\/amkpenderecki\/","https:\/\/www.youtube.com\/@amkpenderecki4806"]}]}},"_links":{"self":[{"href":"https:\/\/www.amuz.krakow.pl\/en\/wp-json\/wp\/v2\/pages\/4614","targetHints":{"allow":["GET"]}}],"collection":[{"href":"https:\/\/www.amuz.krakow.pl\/en\/wp-json\/wp\/v2\/pages"}],"about":[{"href":"https:\/\/www.amuz.krakow.pl\/en\/wp-json\/wp\/v2\/types\/page"}],"author":[{"embeddable":true,"href":"https:\/\/www.amuz.krakow.pl\/en\/wp-json\/wp\/v2\/users\/72"}],"replies":[{"embeddable":true,"href":"https:\/\/www.amuz.krakow.pl\/en\/wp-json\/wp\/v2\/comments?post=4614"}],"version-history":[{"count":12,"href":"https:\/\/www.amuz.krakow.pl\/en\/wp-json\/wp\/v2\/pages\/4614\/revisions"}],"predecessor-version":[{"id":102110,"href":"https:\/\/www.amuz.krakow.pl\/en\/wp-json\/wp\/v2\/pages\/4614\/revisions\/102110"}],"up":[{"embeddable":true,"href":"https:\/\/www.amuz.krakow.pl\/en\/wp-json\/wp\/v2\/pages\/47050"}],"wp:featuredmedia":[{"embeddable":true,"href":"https:\/\/www.amuz.krakow.pl\/en\/wp-json\/wp\/v2\/media\/85002"}],"wp:attachment":[{"href":"https:\/\/www.amuz.krakow.pl\/en\/wp-json\/wp\/v2\/media?parent=4614"}],"curies":[{"name":"wp","href":"https:\/\/api.w.org\/{rel}","templated":true}]}}