{"id":4590,"date":"2016-03-07T00:04:37","date_gmt":"2016-03-06T23:04:37","guid":{"rendered":"http:\/\/www.amuz.krakow.pl\/?page_id=4590"},"modified":"2026-03-17T13:10:16","modified_gmt":"2026-03-17T12:10:16","slug":"miroslaw-herbowski-fortepian","status":"publish","type":"page","link":"https:\/\/www.amuz.krakow.pl\/en\/letnia-akademia-muzyczna\/wykaz-kursow\/instrumenty-klawiszowe\/miroslaw-herbowski-fortepian\/","title":{"rendered":"Miros\u0142aw Herbowski &#8211; piano"},"content":{"rendered":"<p><\/p>\n<p style=\"text-align: justify;\"><img loading=\"lazy\" decoding=\"async\" class=\"alignleft wp-image-1665\" src=\"http:\/\/www.amuz.krakow.pl\/wp-content\/uploads\/2016\/02\/herbowski.jpg\" alt=\"Herbowski Miros\u0142aw\" width=\"143\" height=\"182\" \/>Graduated with honours from the Academy of Music in Krak\u00f3w (1982) in the piano class of Prof. Irena Sija\u0142owa-Vogel (student of H. Neuhaus). Complemented his studies during master classes given by R. Buchbinder, I. Klansky, F. Rauch, P. Rosen and P. Salzmann. He is finalist and laureate of music competitions in Warsaw, Rotterdam and Rome. Since 1982 performs frequently in Poland, almost entire Europe, Japan and the USA. Took part in music festivals in Warsaw, Poznao, Wroc\u0142aw, Katowice, Krak\u00f3w as well as in Jakobstadt, Helsinki, Kopenhagen and Salzburg. Made several television and radio recordings in Poland, Finland and Sweden. His records include the works of Brahms, Franck, Schubert, Hindemith and Stravinsky. He was jury member of musical competitions. Miros\u0142aw Herbowski held piano courses in Krak\u00f3w, Helsinki, Jakobstadt and New York. Between 1981-89 assistant and lecturer at the Academy of Music in Krak\u00f3w, 1989-97 lecturer and head of piano section at the Jakobstadt Conservatory (Finland), and until 2000 associate professor at the Royal Academy of Music in Kopenhagen, where he held the class of piano. Since 2001 he again teaches at the Academy of Music in Krak\u00f3w, since 2003 with a post-doctoral degree.<\/p>\n<p><\/p>","protected":false},"excerpt":{"rendered":"<p>Graduated with honours from the Academy of Music in Krak\u00f3w (1982) in the piano class of Prof. Irena Sija\u0142owa-Vogel (student of H. Neuhaus). Complemented his studies during master classes given&hellip; <a href=\"https:\/\/www.amuz.krakow.pl\/en\/letnia-akademia-muzyczna\/wykaz-kursow\/instrumenty-klawiszowe\/miroslaw-herbowski-fortepian\/\">Continue reading<\/a><\/p>\n","protected":false},"author":72,"featured_media":0,"parent":47050,"menu_order":3,"comment_status":"closed","ping_status":"closed","template":"","meta":{"footnotes":"","_links_to":"","_links_to_target":""},"class_list":["post-4590","page","type-page","status-publish","hentry"],"yoast_head":"<!-- This site is optimized with the Yoast SEO plugin v27.4 - https:\/\/yoast.com\/product\/yoast-seo-wordpress\/ -->\n<title>AMKP - Akademia Muzyczna im. Krzysztofa Pendereckiego w Krakowie<\/title>\n<meta name=\"robots\" content=\"index, follow, max-snippet:-1, max-image-preview:large, max-video-preview:-1\" \/>\n<link rel=\"canonical\" href=\"https:\/\/www.amuz.krakow.pl\/letnia-akademia-muzyczna\/wykaz-kursow\/instrumenty-klawiszowe\/miroslaw-herbowski-fortepian\/\" \/>\n<meta property=\"og:locale\" content=\"en_US\" \/>\n<meta property=\"og:type\" content=\"article\" \/>\n<meta property=\"og:title\" content=\"Miros\u0142aw Herbowski - fortepian\" \/>\n<meta property=\"og:description\" content=\"Uko\u0144czy\u0142 z wyr\u00f3\u017cnieniem Akademi\u0119 Muzyczn\u0105 w Krakowie (1982), w klasie fortepianu prof. Ireny Sija\u0142owej-Vogel (uczennicy H. Neuhausa). Uzupe\u0142nia\u0142 studia na kursach mistrzowskich R. Buchbindera, I. Klansky\u2019ego, F. Raucha, P. Rosena i P. Salzmann. Jest finalist\u0105 i laureatem konkurs\u00f3w muzycznych w Warszawie, Rotterdamie i Rzymie. Od 1982 roku koncertuje systematycznie w kraju, niemal ca\u0142ej Europie, Japonii i USA. Bra\u0142 udzia\u0142 w festiwalach muzycznych w Warszawie, Poznaniu, Wroc\u0142awiu, Katowicach, Krakowie oraz w Jakobstadt, Helsinkach, Kopenhadze i Salzburgu. Dokona\u0142 wielu nagra\u0144 telewizyjnych i radiowych dla telewizji polskiej, fi\u0144skiej i szwedzkiej. Nagra\u0142 kilka CD z utworami Brahmsa, Francka, Schuberta, Hindemitha i Strawi\u0144skiego. By\u0142 cz\u0142onkiem jury kilku konkurs\u00f3w muzycznych. Prowadzi\u0142 kursy pianistyczne w Krakowie, Helsinkach, Jakobstadt i Nowym Jorku. W latach 1981-89 by\u0142 asystentem i adiunktem w Akademii Muzycznej w Krakowie, 1989-97 wyk\u0142adowc\u0105 i kierownikiem sekcji fortepianu w Konserwatorium w Jakobstadt (Finlandia), a do 2000 roku docentem w Kr\u00f3lewskiej Akademii Muzycznej w Kopenhadze, gdzie prowadzi\u0142 klas\u0119 fortepianu. Od roku 2001 wyk\u0142ada ponownie w Akademii Muzycznej w Krakowie, od 2003 roku jako doktor habilitowany.\" \/>\n<meta property=\"og:url\" content=\"https:\/\/www.amuz.krakow.pl\/letnia-akademia-muzyczna\/wykaz-kursow\/instrumenty-klawiszowe\/miroslaw-herbowski-fortepian\/\" \/>\n<meta property=\"og:site_name\" content=\"Akademia Muzyczna im. Krzysztofa Pendereckiego w Krakowie\" \/>\n<meta property=\"article:publisher\" content=\"https:\/\/www.facebook.com\/amuz.krakow\" \/>\n<meta property=\"article:modified_time\" content=\"2026-03-17T12:10:16+00:00\" \/>\n<meta property=\"og:image\" content=\"https:\/\/www.amuz.krakow.pl\/wp-content\/uploads\/2016\/02\/herbowski.jpg\" \/>\n\t<meta property=\"og:image:width\" content=\"142\" \/>\n\t<meta property=\"og:image:height\" content=\"181\" \/>\n\t<meta property=\"og:image:type\" content=\"image\/jpeg\" \/>\n<meta name=\"twitter:card\" content=\"summary_large_image\" \/>\n<meta name=\"twitter:label1\" content=\"Est. reading time\" \/>\n\t<meta name=\"twitter:data1\" content=\"2 minutes\" \/>\n<script type=\"application\/ld+json\" class=\"yoast-schema-graph\">{\"@context\":\"https:\\\/\\\/schema.org\",\"@graph\":[{\"@type\":\"WebPage\",\"@id\":\"https:\\\/\\\/www.amuz.krakow.pl\\\/letnia-akademia-muzyczna\\\/wykaz-kursow\\\/instrumenty-klawiszowe\\\/miroslaw-herbowski-fortepian\\\/\",\"url\":\"https:\\\/\\\/www.amuz.krakow.pl\\\/letnia-akademia-muzyczna\\\/wykaz-kursow\\\/instrumenty-klawiszowe\\\/miroslaw-herbowski-fortepian\\\/\",\"name\":\"AMKP - Akademia Muzyczna im. Krzysztofa Pendereckiego w Krakowie\",\"isPartOf\":{\"@id\":\"https:\\\/\\\/www.amuz.krakow.pl\\\/#website\"},\"primaryImageOfPage\":{\"@id\":\"https:\\\/\\\/www.amuz.krakow.pl\\\/letnia-akademia-muzyczna\\\/wykaz-kursow\\\/instrumenty-klawiszowe\\\/miroslaw-herbowski-fortepian\\\/#primaryimage\"},\"image\":{\"@id\":\"https:\\\/\\\/www.amuz.krakow.pl\\\/letnia-akademia-muzyczna\\\/wykaz-kursow\\\/instrumenty-klawiszowe\\\/miroslaw-herbowski-fortepian\\\/#primaryimage\"},\"thumbnailUrl\":\"http:\\\/\\\/www.amuz.krakow.pl\\\/wp-content\\\/uploads\\\/2016\\\/02\\\/herbowski.jpg\",\"datePublished\":\"2016-03-06T23:04:37+00:00\",\"dateModified\":\"2026-03-17T12:10:16+00:00\",\"breadcrumb\":{\"@id\":\"https:\\\/\\\/www.amuz.krakow.pl\\\/letnia-akademia-muzyczna\\\/wykaz-kursow\\\/instrumenty-klawiszowe\\\/miroslaw-herbowski-fortepian\\\/#breadcrumb\"},\"inLanguage\":\"en-US\",\"potentialAction\":[{\"@type\":\"ReadAction\",\"target\":[\"https:\\\/\\\/www.amuz.krakow.pl\\\/letnia-akademia-muzyczna\\\/wykaz-kursow\\\/instrumenty-klawiszowe\\\/miroslaw-herbowski-fortepian\\\/\"]}]},{\"@type\":\"ImageObject\",\"inLanguage\":\"en-US\",\"@id\":\"https:\\\/\\\/www.amuz.krakow.pl\\\/letnia-akademia-muzyczna\\\/wykaz-kursow\\\/instrumenty-klawiszowe\\\/miroslaw-herbowski-fortepian\\\/#primaryimage\",\"url\":\"http:\\\/\\\/www.amuz.krakow.pl\\\/wp-content\\\/uploads\\\/2016\\\/02\\\/herbowski.jpg\",\"contentUrl\":\"http:\\\/\\\/www.amuz.krakow.pl\\\/wp-content\\\/uploads\\\/2016\\\/02\\\/herbowski.jpg\"},{\"@type\":\"BreadcrumbList\",\"@id\":\"https:\\\/\\\/www.amuz.krakow.pl\\\/letnia-akademia-muzyczna\\\/wykaz-kursow\\\/instrumenty-klawiszowe\\\/miroslaw-herbowski-fortepian\\\/#breadcrumb\",\"itemListElement\":[{\"@type\":\"ListItem\",\"position\":1,\"name\":\"Strona g\u0142\u00f3wna\",\"item\":\"https:\\\/\\\/www.amuz.krakow.pl\\\/\"},{\"@type\":\"ListItem\",\"position\":2,\"name\":\"Letnia Akademia Muzyczna\",\"item\":\"https:\\\/\\\/www.amuz.krakow.pl\\\/letnia-akademia-muzyczna\\\/\"},{\"@type\":\"ListItem\",\"position\":3,\"name\":\"Wykaz kurs\u00f3w\",\"item\":\"https:\\\/\\\/www.amuz.krakow.pl\\\/letnia-akademia-muzyczna\\\/wykaz-kursow\\\/\"},{\"@type\":\"ListItem\",\"position\":4,\"name\":\"Instrumenty klawiszowe\",\"item\":\"https:\\\/\\\/www.amuz.krakow.pl\\\/letnia-akademia-muzyczna\\\/wykaz-kursow\\\/instrumenty-klawiszowe\\\/\"},{\"@type\":\"ListItem\",\"position\":5,\"name\":\"Miros\u0142aw Herbowski &#8211; fortepian\"}]},{\"@type\":\"WebSite\",\"@id\":\"https:\\\/\\\/www.amuz.krakow.pl\\\/#website\",\"url\":\"https:\\\/\\\/www.amuz.krakow.pl\\\/\",\"name\":\"Akademia Muzyczna im. Krzysztofa Pendereckiego w Krakowie\",\"description\":\"Oficjalna strona Akademii Muzycznej im. Krzysztofa Pendereckiego w Krakowie (AMKP).\",\"publisher\":{\"@id\":\"https:\\\/\\\/www.amuz.krakow.pl\\\/#organization\"},\"alternateName\":\"AMKP\",\"potentialAction\":[{\"@type\":\"SearchAction\",\"target\":{\"@type\":\"EntryPoint\",\"urlTemplate\":\"https:\\\/\\\/www.amuz.krakow.pl\\\/?s={search_term_string}\"},\"query-input\":{\"@type\":\"PropertyValueSpecification\",\"valueRequired\":true,\"valueName\":\"search_term_string\"}}],\"inLanguage\":\"en-US\"},{\"@type\":\"Organization\",\"@id\":\"https:\\\/\\\/www.amuz.krakow.pl\\\/#organization\",\"name\":\"Akademia Muzyczna im. Krzysztofa Pendereckiego w Krakowie\",\"alternateName\":\"AMKP\",\"url\":\"https:\\\/\\\/www.amuz.krakow.pl\\\/\",\"logo\":{\"@type\":\"ImageObject\",\"inLanguage\":\"en-US\",\"@id\":\"https:\\\/\\\/www.amuz.krakow.pl\\\/#\\\/schema\\\/logo\\\/image\\\/\",\"url\":\"https:\\\/\\\/www.amuz.krakow.pl\\\/wp-content\\\/uploads\\\/2021\\\/11\\\/amkp.jpg\",\"contentUrl\":\"https:\\\/\\\/www.amuz.krakow.pl\\\/wp-content\\\/uploads\\\/2021\\\/11\\\/amkp.jpg\",\"width\":1193,\"height\":591,\"caption\":\"Akademia Muzyczna im. Krzysztofa Pendereckiego w Krakowie\"},\"image\":{\"@id\":\"https:\\\/\\\/www.amuz.krakow.pl\\\/#\\\/schema\\\/logo\\\/image\\\/\"},\"sameAs\":[\"https:\\\/\\\/www.facebook.com\\\/amuz.krakow\",\"https:\\\/\\\/www.instagram.com\\\/amkpenderecki\\\/\",\"https:\\\/\\\/www.youtube.com\\\/@amkpenderecki4806\"]}]}<\/script>\n<!-- \/ Yoast SEO plugin. -->","yoast_head_json":{"title":"AMKP - Akademia Muzyczna im. Krzysztofa Pendereckiego w Krakowie","robots":{"index":"index","follow":"follow","max-snippet":"max-snippet:-1","max-image-preview":"max-image-preview:large","max-video-preview":"max-video-preview:-1"},"canonical":"https:\/\/www.amuz.krakow.pl\/letnia-akademia-muzyczna\/wykaz-kursow\/instrumenty-klawiszowe\/miroslaw-herbowski-fortepian\/","og_locale":"en_US","og_type":"article","og_title":"Miros\u0142aw Herbowski - fortepian","og_description":"Uko\u0144czy\u0142 z wyr\u00f3\u017cnieniem Akademi\u0119 Muzyczn\u0105 w Krakowie (1982), w klasie fortepianu prof. Ireny Sija\u0142owej-Vogel (uczennicy H. Neuhausa). Uzupe\u0142nia\u0142 studia na kursach mistrzowskich R. Buchbindera, I. Klansky\u2019ego, F. Raucha, P. Rosena i P. Salzmann. Jest finalist\u0105 i laureatem konkurs\u00f3w muzycznych w Warszawie, Rotterdamie i Rzymie. Od 1982 roku koncertuje systematycznie w kraju, niemal ca\u0142ej Europie, Japonii i USA. Bra\u0142 udzia\u0142 w festiwalach muzycznych w Warszawie, Poznaniu, Wroc\u0142awiu, Katowicach, Krakowie oraz w Jakobstadt, Helsinkach, Kopenhadze i Salzburgu. Dokona\u0142 wielu nagra\u0144 telewizyjnych i radiowych dla telewizji polskiej, fi\u0144skiej i szwedzkiej. Nagra\u0142 kilka CD z utworami Brahmsa, Francka, Schuberta, Hindemitha i Strawi\u0144skiego. By\u0142 cz\u0142onkiem jury kilku konkurs\u00f3w muzycznych. Prowadzi\u0142 kursy pianistyczne w Krakowie, Helsinkach, Jakobstadt i Nowym Jorku. W latach 1981-89 by\u0142 asystentem i adiunktem w Akademii Muzycznej w Krakowie, 1989-97 wyk\u0142adowc\u0105 i kierownikiem sekcji fortepianu w Konserwatorium w Jakobstadt (Finlandia), a do 2000 roku docentem w Kr\u00f3lewskiej Akademii Muzycznej w Kopenhadze, gdzie prowadzi\u0142 klas\u0119 fortepianu. Od roku 2001 wyk\u0142ada ponownie w Akademii Muzycznej w Krakowie, od 2003 roku jako doktor habilitowany.","og_url":"https:\/\/www.amuz.krakow.pl\/letnia-akademia-muzyczna\/wykaz-kursow\/instrumenty-klawiszowe\/miroslaw-herbowski-fortepian\/","og_site_name":"Akademia Muzyczna im. Krzysztofa Pendereckiego w Krakowie","article_publisher":"https:\/\/www.facebook.com\/amuz.krakow","article_modified_time":"2026-03-17T12:10:16+00:00","og_image":[{"width":142,"height":181,"url":"https:\/\/www.amuz.krakow.pl\/wp-content\/uploads\/2016\/02\/herbowski.jpg","type":"image\/jpeg"}],"twitter_card":"summary_large_image","twitter_misc":{"Est. reading time":"2 minutes"},"schema":{"@context":"https:\/\/schema.org","@graph":[{"@type":"WebPage","@id":"https:\/\/www.amuz.krakow.pl\/letnia-akademia-muzyczna\/wykaz-kursow\/instrumenty-klawiszowe\/miroslaw-herbowski-fortepian\/","url":"https:\/\/www.amuz.krakow.pl\/letnia-akademia-muzyczna\/wykaz-kursow\/instrumenty-klawiszowe\/miroslaw-herbowski-fortepian\/","name":"AMKP - Akademia Muzyczna im. Krzysztofa Pendereckiego w Krakowie","isPartOf":{"@id":"https:\/\/www.amuz.krakow.pl\/#website"},"primaryImageOfPage":{"@id":"https:\/\/www.amuz.krakow.pl\/letnia-akademia-muzyczna\/wykaz-kursow\/instrumenty-klawiszowe\/miroslaw-herbowski-fortepian\/#primaryimage"},"image":{"@id":"https:\/\/www.amuz.krakow.pl\/letnia-akademia-muzyczna\/wykaz-kursow\/instrumenty-klawiszowe\/miroslaw-herbowski-fortepian\/#primaryimage"},"thumbnailUrl":"http:\/\/www.amuz.krakow.pl\/wp-content\/uploads\/2016\/02\/herbowski.jpg","datePublished":"2016-03-06T23:04:37+00:00","dateModified":"2026-03-17T12:10:16+00:00","breadcrumb":{"@id":"https:\/\/www.amuz.krakow.pl\/letnia-akademia-muzyczna\/wykaz-kursow\/instrumenty-klawiszowe\/miroslaw-herbowski-fortepian\/#breadcrumb"},"inLanguage":"en-US","potentialAction":[{"@type":"ReadAction","target":["https:\/\/www.amuz.krakow.pl\/letnia-akademia-muzyczna\/wykaz-kursow\/instrumenty-klawiszowe\/miroslaw-herbowski-fortepian\/"]}]},{"@type":"ImageObject","inLanguage":"en-US","@id":"https:\/\/www.amuz.krakow.pl\/letnia-akademia-muzyczna\/wykaz-kursow\/instrumenty-klawiszowe\/miroslaw-herbowski-fortepian\/#primaryimage","url":"http:\/\/www.amuz.krakow.pl\/wp-content\/uploads\/2016\/02\/herbowski.jpg","contentUrl":"http:\/\/www.amuz.krakow.pl\/wp-content\/uploads\/2016\/02\/herbowski.jpg"},{"@type":"BreadcrumbList","@id":"https:\/\/www.amuz.krakow.pl\/letnia-akademia-muzyczna\/wykaz-kursow\/instrumenty-klawiszowe\/miroslaw-herbowski-fortepian\/#breadcrumb","itemListElement":[{"@type":"ListItem","position":1,"name":"Strona g\u0142\u00f3wna","item":"https:\/\/www.amuz.krakow.pl\/"},{"@type":"ListItem","position":2,"name":"Letnia Akademia Muzyczna","item":"https:\/\/www.amuz.krakow.pl\/letnia-akademia-muzyczna\/"},{"@type":"ListItem","position":3,"name":"Wykaz kurs\u00f3w","item":"https:\/\/www.amuz.krakow.pl\/letnia-akademia-muzyczna\/wykaz-kursow\/"},{"@type":"ListItem","position":4,"name":"Instrumenty klawiszowe","item":"https:\/\/www.amuz.krakow.pl\/letnia-akademia-muzyczna\/wykaz-kursow\/instrumenty-klawiszowe\/"},{"@type":"ListItem","position":5,"name":"Miros\u0142aw Herbowski &#8211; fortepian"}]},{"@type":"WebSite","@id":"https:\/\/www.amuz.krakow.pl\/#website","url":"https:\/\/www.amuz.krakow.pl\/","name":"Akademia Muzyczna im. Krzysztofa Pendereckiego w Krakowie","description":"Oficjalna strona Akademii Muzycznej im. Krzysztofa Pendereckiego w Krakowie (AMKP).","publisher":{"@id":"https:\/\/www.amuz.krakow.pl\/#organization"},"alternateName":"AMKP","potentialAction":[{"@type":"SearchAction","target":{"@type":"EntryPoint","urlTemplate":"https:\/\/www.amuz.krakow.pl\/?s={search_term_string}"},"query-input":{"@type":"PropertyValueSpecification","valueRequired":true,"valueName":"search_term_string"}}],"inLanguage":"en-US"},{"@type":"Organization","@id":"https:\/\/www.amuz.krakow.pl\/#organization","name":"Akademia Muzyczna im. Krzysztofa Pendereckiego w Krakowie","alternateName":"AMKP","url":"https:\/\/www.amuz.krakow.pl\/","logo":{"@type":"ImageObject","inLanguage":"en-US","@id":"https:\/\/www.amuz.krakow.pl\/#\/schema\/logo\/image\/","url":"https:\/\/www.amuz.krakow.pl\/wp-content\/uploads\/2021\/11\/amkp.jpg","contentUrl":"https:\/\/www.amuz.krakow.pl\/wp-content\/uploads\/2021\/11\/amkp.jpg","width":1193,"height":591,"caption":"Akademia Muzyczna im. Krzysztofa Pendereckiego w Krakowie"},"image":{"@id":"https:\/\/www.amuz.krakow.pl\/#\/schema\/logo\/image\/"},"sameAs":["https:\/\/www.facebook.com\/amuz.krakow","https:\/\/www.instagram.com\/amkpenderecki\/","https:\/\/www.youtube.com\/@amkpenderecki4806"]}]}},"_links":{"self":[{"href":"https:\/\/www.amuz.krakow.pl\/en\/wp-json\/wp\/v2\/pages\/4590","targetHints":{"allow":["GET"]}}],"collection":[{"href":"https:\/\/www.amuz.krakow.pl\/en\/wp-json\/wp\/v2\/pages"}],"about":[{"href":"https:\/\/www.amuz.krakow.pl\/en\/wp-json\/wp\/v2\/types\/page"}],"author":[{"embeddable":true,"href":"https:\/\/www.amuz.krakow.pl\/en\/wp-json\/wp\/v2\/users\/72"}],"replies":[{"embeddable":true,"href":"https:\/\/www.amuz.krakow.pl\/en\/wp-json\/wp\/v2\/comments?post=4590"}],"version-history":[{"count":2,"href":"https:\/\/www.amuz.krakow.pl\/en\/wp-json\/wp\/v2\/pages\/4590\/revisions"}],"predecessor-version":[{"id":116508,"href":"https:\/\/www.amuz.krakow.pl\/en\/wp-json\/wp\/v2\/pages\/4590\/revisions\/116508"}],"up":[{"embeddable":true,"href":"https:\/\/www.amuz.krakow.pl\/en\/wp-json\/wp\/v2\/pages\/47050"}],"wp:attachment":[{"href":"https:\/\/www.amuz.krakow.pl\/en\/wp-json\/wp\/v2\/media?parent=4590"}],"curies":[{"name":"wp","href":"https:\/\/api.w.org\/{rel}","templated":true}]}}