{"id":4582,"date":"2016-03-06T23:48:52","date_gmt":"2016-03-06T22:48:52","guid":{"rendered":"http:\/\/www.amuz.krakow.pl\/?page_id=4582"},"modified":"2026-04-01T15:57:51","modified_gmt":"2026-04-01T13:57:51","slug":"maria-seremet-dziewiecka-spiew","status":"publish","type":"page","link":"https:\/\/www.amuz.krakow.pl\/en\/letnia-akademia-muzyczna\/wykaz-kursow\/wokalistyka\/maria-seremet-dziewiecka-spiew\/","title":{"rendered":"Maria Seremet-Dziewi\u0119cka &#8211; vocal"},"content":{"rendered":"<p><figure id=\"attachment_102508\" aria-describedby=\"caption-attachment-102508\" style=\"width: 200px\" class=\"wp-caption alignleft\"><a href=\"https:\/\/www.amuz.krakow.pl\/wp-content\/uploads\/2025\/05\/2024_Maria-Seremet-Dziewiecka0177-fot.-Krystian-Data-scaled.jpg\" target=\"_blank\" rel=\"noopener\"><img loading=\"lazy\" decoding=\"async\" class=\"wp-image-102508 size-medium\" src=\"https:\/\/www.amuz.krakow.pl\/wp-content\/uploads\/2025\/05\/2024_Maria-Seremet-Dziewiecka0177-fot.-Krystian-Data-200x300.jpg\" alt=\"\" width=\"200\" height=\"300\" srcset=\"https:\/\/www.amuz.krakow.pl\/wp-content\/uploads\/2025\/05\/2024_Maria-Seremet-Dziewiecka0177-fot.-Krystian-Data-200x300.jpg 200w, https:\/\/www.amuz.krakow.pl\/wp-content\/uploads\/2025\/05\/2024_Maria-Seremet-Dziewiecka0177-fot.-Krystian-Data-scaled.jpg 1366w, https:\/\/www.amuz.krakow.pl\/wp-content\/uploads\/2025\/05\/2024_Maria-Seremet-Dziewiecka0177-fot.-Krystian-Data-768x1152.jpg 768w, https:\/\/www.amuz.krakow.pl\/wp-content\/uploads\/2025\/05\/2024_Maria-Seremet-Dziewiecka0177-fot.-Krystian-Data-1024x1536.jpg 1024w\" sizes=\"auto, (max-width: 200px) 100vw, 200px\" \/><\/a><figcaption id=\"caption-attachment-102508\" class=\"wp-caption-text\">photo by Krystian Data<\/figcaption><\/figure><\/p>\n<p style=\"text-align: justify;\">After graduating from the Faculty of Vocal and Drama at the Krak\u00f3w Academy of Music she mastered hers kills during courses organized by Accademia Musicale in Siena with Giorgio Favaretto and Internationale Bachakademie with Anna Reynolds and Andreas Schmidt.<\/p>\n<p style=\"text-align: justify;\">Her artistic output covers oratorios, such Great Mass in B minor and both Passions by J.S. Bach, Handel\u2019s Messiah, Symphony No.9 by L. van Beethoven, Stabat Mater by G. Rossini, Messa da Requiem by G. Verdi, contemporary works of R. Palester, A. Nikodemowicz, K. Penderecki, as well as opera parts in L\u2019Orfeo by C. Monteverdi, Marriage of Figaro and Magic Flute by W.A. Mozart, Nabucco by G. Verdi, Hansel und Gretel by E. Humperdinck.<\/p>\n<p style=\"text-align: justify;\">She had the opportunity to collaborate with numerous outstanding artists and ensembles, including the Orchestra of the Golden Age, Pro Cantione Antiqua, Hilliard Ensemble and I Solisti Aquilani, preparing works by Monteverdi, Arvo P\u00e4rt and Vivaldi. She gave concerts in most European countries, as well as in Japan, Korea, United States and Canada. She participated in many music festivals: Dresdner Festspiele, G.Ph. Telemann Festival in Magdeburg, Sacred Art Festival in Monreale, Festival Internazionale Cori d\u2019Europa, Music in the Old Cracow, Wratislavia Cantans, Ars Chori, Days of Organ Music in Krak\u00f3w, Early Music Festival in Stary S\u0105cz, International Days of Cracovian Composers. She appeared in Philharmonic halls in Poland as well as in Berlin, Munich, Essen, Bamberg and other renowned venues: Alte Oper in Frankfurt, Meistersingehalle in Nurnberg, Rosengarten in Mannheim, Festspielhaus in Baden Baden, Kieler Schlo\u03b2, Audimax in Regensburg, Stadtcasino in Basel.<\/p>\n<p style=\"text-align: justify;\">As a soloist and chamber musician she collaborated for several years with the Capella Cracoviensis ensemble, she also cooperates with the Krak\u00f3w Opera. She made archival recordings for the Polish Radio and Television as well as for Deutsche Rundfunk. One of her CDs, featuring operas by Milhaud Trois Opera Minute, prepared by Karl Rickenbacher together with Cappella Cracoviensis, in 1992 received two prestigious awards: Grand Prix du Disque de l\u2019Academie Charles Gros and Diapason d\u2019Or. Since 1999 she has taught solo vocal class at the W. \u017bele\u0144ski Music School in Krakow. In 2005 she recived the title of Doctor of Musical Arts from the Academy of Music in Warsaw (currently Chopin Music University). Since 2007 she has been a faculty member in the Chair of Vocal Studies at the Academy of Music in Krak\u00f3w, presently as a Habilitated Doctor. In her pedagogical work she includes knowledge and techniques connected with body awareness, breathing and psychology.<\/p>\n<p><\/p>","protected":false},"excerpt":{"rendered":"<p>After graduating from the Faculty of Vocal and Drama at the Krak\u00f3w Academy of Music she mastered hers kills during courses organized by Accademia Musicale in Siena with Giorgio Favaretto&hellip; <a href=\"https:\/\/www.amuz.krakow.pl\/en\/letnia-akademia-muzyczna\/wykaz-kursow\/wokalistyka\/maria-seremet-dziewiecka-spiew\/\">Continue reading<\/a><\/p>\n","protected":false},"author":72,"featured_media":102513,"parent":47059,"menu_order":40,"comment_status":"closed","ping_status":"closed","template":"","meta":{"footnotes":"","_links_to":"","_links_to_target":""},"class_list":["post-4582","page","type-page","status-publish","has-post-thumbnail","hentry"],"yoast_head":"<!-- This site is optimized with the Yoast SEO plugin v27.4 - https:\/\/yoast.com\/product\/yoast-seo-wordpress\/ -->\n<title>AMKP - Akademia Muzyczna im. Krzysztofa Pendereckiego w Krakowie<\/title>\n<meta name=\"robots\" content=\"index, follow, max-snippet:-1, max-image-preview:large, max-video-preview:-1\" \/>\n<link rel=\"canonical\" href=\"https:\/\/www.amuz.krakow.pl\/letnia-akademia-muzyczna\/wykaz-kursow\/wokalistyka\/maria-seremet-dziewiecka-spiew\/\" \/>\n<meta property=\"og:locale\" content=\"en_US\" \/>\n<meta property=\"og:type\" content=\"article\" \/>\n<meta property=\"og:title\" content=\"Maria Seremet-Dziewi\u0119cka - \u015bpiew\" \/>\n<meta property=\"og:description\" content=\"Po otrzymaniu dyplomu na Wydziale Wokalno-Aktorskim w krakowskiej Akademii Muzycznej doskonali\u0142a sztuk\u0119 wokaln\u0105 na kursach w Accademia Musicale w Sienie u Giorgio Favaretto oraz Intrnationale Bachakademie u Anny Reynolds i Andreasa Schmidta. W swoim dorobku artystycznym posiada zar\u00f3wno dzie\u0142a oratoryjne, w tym takie pozycje jak: Wielka msza h-moll, obie Pasje J.S. Bacha, Mesjasz G.F. Haendla, IX Symfonia L. van Beethovena, Stabat Mater G. Rossiniego, Messa da Requiem G. Verdiego, kompozycje wsp\u00f3\u0142czesne R. Palestra, A. Nikodemowicza, K. Pendereckiego, jak r\u00f3wnie\u017c partie operowe w L\u2019Orfeo C. Monteverdiego, Weselu Figara i Czarodziejskim flecie W.A. Mozarta, Nabucco G. Verdiego, Jasiu i Ma\u0142gosi E. Humperdincka. Mia\u0142a okazje wsp\u00f3\u0142pracowa\u0107 z wieloma wybitnymi artystami i zespo\u0142ami mi\u0119dzy innymi Orchestra of the Golden Age, Pro Cantione Antiqua, Hilliard Ensemble czy I Solisti Aquilani przy wystawieniu dzie\u0142 Monteverdiego, Arvo P\u00e4rta i Vivaldiego. Koncertowa\u0142a w wi\u0119kszo\u015bci kraj\u00f3w europejskich, a tak\u017ce w Japonii, Korei, Stanach Zjednoczonych i Kanadzie. Bra\u0142a udzia\u0142 w wielu festiwalach muzycznych: Dresdner Festspiele, Festiwal G.Ph. Telemanna w Magdeburgu, Festiwal Muzyki Sakralnej w Monreale, Festival Internazionale Cori d\u2019Europa, Muzyka w Starym Krakowie, Wratislavia Cantans, Festiwal Ars Chori, Dni Muzyki Organowej w Krakowie, Staros\u0105decki Festiwal Muzyki Dawnej, Mi\u0119dzynarodowe Dni Muzyki Kompozytor\u00f3w Krakowskich. Wyst\u0119powa\u0142a w Filharmoniach w Polsce jak r\u00f3wnie\u017c w Filharmonii w Berlinie, Monachium, Essen, Bamberg oraz renomowanych salach: Alte Oper we Frankfurcie, Meistersingehalle w Norymberdze Rosengarten w Mannheim, Festspielhaus w Baden Baden, Kieler Schlo\u03b2, Audimax w Regensburgu, Stadtcasino w Bazylei. Jako solistka i kameralistka przez wiele lat zwi\u0105zana by\u0142a z zespo\u0142em Capella Cracoviensis, wsp\u00f3\u0142pracuj\u0105c tak\u017ce z Oper\u0105 Krakowsk\u0105. Posiada nagania archiwalne zrealizowane dla Polskiego Radia i TV oraz Deutsche Rundfunk. Z wielu nagra\u0144 p\u0142ytowych wyr\u00f3\u017cnia si\u0119 p\u0142yta z operami Milhauda Trois Opera Minute, przygotowana przez Karla Rickenbachera wsp\u00f3lnie z zespo\u0142em Cappella Cracoviensis, kt\u00f3ra otrzyma\u0142a w roku 1992 dwie presti\u017cowe nagrody: Grand Prix du Disque de l\u2019Academie Charles Gros i Diapason d\u2019Or. Od 1999 roku prowadzi klas\u0119 \u015bpiewu solowego w PSM II st. im. W\u0142. \u017bele\u0144skiego w Krakowie. W 2005 roku w Akademii Muzycznej w Warszawie (obecnie Uniwersytet Muzyczny) otrzyma\u0142a stopie\u0144 naukowy doktora sztuk muzycznych. Od 2007 jest pedagogiem W Katedrze Wokalistyki Akademii Muzycznej w Krakowie, obecnie w stopniu doktora habilitowanego. W swojej pedagogice wokalnej wykorzystuje wiedz\u0119 z technik pracy z cia\u0142em i oddechem oraz psychologii.\" \/>\n<meta property=\"og:url\" content=\"https:\/\/www.amuz.krakow.pl\/letnia-akademia-muzyczna\/wykaz-kursow\/wokalistyka\/maria-seremet-dziewiecka-spiew\/\" \/>\n<meta property=\"og:site_name\" content=\"Akademia Muzyczna im. Krzysztofa Pendereckiego w Krakowie\" \/>\n<meta property=\"article:publisher\" content=\"https:\/\/www.facebook.com\/amuz.krakow\" \/>\n<meta property=\"article:modified_time\" content=\"2026-04-01T13:57:51+00:00\" \/>\n<meta property=\"og:image\" content=\"https:\/\/www.amuz.krakow.pl\/wp-content\/uploads\/2016\/03\/08.-Maria-Seremet-Dziwi\u0119cka.jpg\" \/>\n\t<meta property=\"og:image:width\" content=\"331\" \/>\n\t<meta property=\"og:image:height\" content=\"498\" \/>\n\t<meta property=\"og:image:type\" content=\"image\/jpeg\" \/>\n<meta name=\"twitter:card\" content=\"summary_large_image\" \/>\n<meta name=\"twitter:label1\" content=\"Est. reading time\" \/>\n\t<meta name=\"twitter:data1\" content=\"4 minutes\" \/>\n<script type=\"application\/ld+json\" class=\"yoast-schema-graph\">{\"@context\":\"https:\\\/\\\/schema.org\",\"@graph\":[{\"@type\":\"WebPage\",\"@id\":\"https:\\\/\\\/www.amuz.krakow.pl\\\/letnia-akademia-muzyczna\\\/wykaz-kursow\\\/wokalistyka\\\/maria-seremet-dziewiecka-spiew\\\/\",\"url\":\"https:\\\/\\\/www.amuz.krakow.pl\\\/letnia-akademia-muzyczna\\\/wykaz-kursow\\\/wokalistyka\\\/maria-seremet-dziewiecka-spiew\\\/\",\"name\":\"AMKP - Akademia Muzyczna im. Krzysztofa Pendereckiego w Krakowie\",\"isPartOf\":{\"@id\":\"https:\\\/\\\/www.amuz.krakow.pl\\\/#website\"},\"primaryImageOfPage\":{\"@id\":\"https:\\\/\\\/www.amuz.krakow.pl\\\/letnia-akademia-muzyczna\\\/wykaz-kursow\\\/wokalistyka\\\/maria-seremet-dziewiecka-spiew\\\/#primaryimage\"},\"image\":{\"@id\":\"https:\\\/\\\/www.amuz.krakow.pl\\\/letnia-akademia-muzyczna\\\/wykaz-kursow\\\/wokalistyka\\\/maria-seremet-dziewiecka-spiew\\\/#primaryimage\"},\"thumbnailUrl\":\"https:\\\/\\\/www.amuz.krakow.pl\\\/wp-content\\\/uploads\\\/2025\\\/05\\\/2024_Maria-Seremet-Dziewiecka0177-fot.-Krystian-Data-1.jpg\",\"datePublished\":\"2016-03-06T22:48:52+00:00\",\"dateModified\":\"2026-04-01T13:57:51+00:00\",\"breadcrumb\":{\"@id\":\"https:\\\/\\\/www.amuz.krakow.pl\\\/letnia-akademia-muzyczna\\\/wykaz-kursow\\\/wokalistyka\\\/maria-seremet-dziewiecka-spiew\\\/#breadcrumb\"},\"inLanguage\":\"en-US\",\"potentialAction\":[{\"@type\":\"ReadAction\",\"target\":[\"https:\\\/\\\/www.amuz.krakow.pl\\\/letnia-akademia-muzyczna\\\/wykaz-kursow\\\/wokalistyka\\\/maria-seremet-dziewiecka-spiew\\\/\"]}]},{\"@type\":\"ImageObject\",\"inLanguage\":\"en-US\",\"@id\":\"https:\\\/\\\/www.amuz.krakow.pl\\\/letnia-akademia-muzyczna\\\/wykaz-kursow\\\/wokalistyka\\\/maria-seremet-dziewiecka-spiew\\\/#primaryimage\",\"url\":\"https:\\\/\\\/www.amuz.krakow.pl\\\/wp-content\\\/uploads\\\/2025\\\/05\\\/2024_Maria-Seremet-Dziewiecka0177-fot.-Krystian-Data-1.jpg\",\"contentUrl\":\"https:\\\/\\\/www.amuz.krakow.pl\\\/wp-content\\\/uploads\\\/2025\\\/05\\\/2024_Maria-Seremet-Dziewiecka0177-fot.-Krystian-Data-1.jpg\",\"width\":1867,\"height\":934},{\"@type\":\"BreadcrumbList\",\"@id\":\"https:\\\/\\\/www.amuz.krakow.pl\\\/letnia-akademia-muzyczna\\\/wykaz-kursow\\\/wokalistyka\\\/maria-seremet-dziewiecka-spiew\\\/#breadcrumb\",\"itemListElement\":[{\"@type\":\"ListItem\",\"position\":1,\"name\":\"Strona g\u0142\u00f3wna\",\"item\":\"https:\\\/\\\/www.amuz.krakow.pl\\\/\"},{\"@type\":\"ListItem\",\"position\":2,\"name\":\"Letnia Akademia Muzyczna\",\"item\":\"https:\\\/\\\/www.amuz.krakow.pl\\\/letnia-akademia-muzyczna\\\/\"},{\"@type\":\"ListItem\",\"position\":3,\"name\":\"Wykaz kurs\u00f3w\",\"item\":\"https:\\\/\\\/www.amuz.krakow.pl\\\/letnia-akademia-muzyczna\\\/wykaz-kursow\\\/\"},{\"@type\":\"ListItem\",\"position\":4,\"name\":\"Wokalistyka\",\"item\":\"https:\\\/\\\/www.amuz.krakow.pl\\\/letnia-akademia-muzyczna\\\/wykaz-kursow\\\/wokalistyka\\\/\"},{\"@type\":\"ListItem\",\"position\":5,\"name\":\"Maria Seremet-Dziewi\u0119cka &#8211; \u015bpiew\"}]},{\"@type\":\"WebSite\",\"@id\":\"https:\\\/\\\/www.amuz.krakow.pl\\\/#website\",\"url\":\"https:\\\/\\\/www.amuz.krakow.pl\\\/\",\"name\":\"Akademia Muzyczna im. Krzysztofa Pendereckiego w Krakowie\",\"description\":\"Oficjalna strona Akademii Muzycznej im. Krzysztofa Pendereckiego w Krakowie (AMKP).\",\"publisher\":{\"@id\":\"https:\\\/\\\/www.amuz.krakow.pl\\\/#organization\"},\"alternateName\":\"AMKP\",\"potentialAction\":[{\"@type\":\"SearchAction\",\"target\":{\"@type\":\"EntryPoint\",\"urlTemplate\":\"https:\\\/\\\/www.amuz.krakow.pl\\\/?s={search_term_string}\"},\"query-input\":{\"@type\":\"PropertyValueSpecification\",\"valueRequired\":true,\"valueName\":\"search_term_string\"}}],\"inLanguage\":\"en-US\"},{\"@type\":\"Organization\",\"@id\":\"https:\\\/\\\/www.amuz.krakow.pl\\\/#organization\",\"name\":\"Akademia Muzyczna im. Krzysztofa Pendereckiego w Krakowie\",\"alternateName\":\"AMKP\",\"url\":\"https:\\\/\\\/www.amuz.krakow.pl\\\/\",\"logo\":{\"@type\":\"ImageObject\",\"inLanguage\":\"en-US\",\"@id\":\"https:\\\/\\\/www.amuz.krakow.pl\\\/#\\\/schema\\\/logo\\\/image\\\/\",\"url\":\"https:\\\/\\\/www.amuz.krakow.pl\\\/wp-content\\\/uploads\\\/2021\\\/11\\\/amkp.jpg\",\"contentUrl\":\"https:\\\/\\\/www.amuz.krakow.pl\\\/wp-content\\\/uploads\\\/2021\\\/11\\\/amkp.jpg\",\"width\":1193,\"height\":591,\"caption\":\"Akademia Muzyczna im. Krzysztofa Pendereckiego w Krakowie\"},\"image\":{\"@id\":\"https:\\\/\\\/www.amuz.krakow.pl\\\/#\\\/schema\\\/logo\\\/image\\\/\"},\"sameAs\":[\"https:\\\/\\\/www.facebook.com\\\/amuz.krakow\",\"https:\\\/\\\/www.instagram.com\\\/amkpenderecki\\\/\",\"https:\\\/\\\/www.youtube.com\\\/@amkpenderecki4806\"]}]}<\/script>\n<!-- \/ Yoast SEO plugin. -->","yoast_head_json":{"title":"AMKP - Akademia Muzyczna im. Krzysztofa Pendereckiego w Krakowie","robots":{"index":"index","follow":"follow","max-snippet":"max-snippet:-1","max-image-preview":"max-image-preview:large","max-video-preview":"max-video-preview:-1"},"canonical":"https:\/\/www.amuz.krakow.pl\/letnia-akademia-muzyczna\/wykaz-kursow\/wokalistyka\/maria-seremet-dziewiecka-spiew\/","og_locale":"en_US","og_type":"article","og_title":"Maria Seremet-Dziewi\u0119cka - \u015bpiew","og_description":"Po otrzymaniu dyplomu na Wydziale Wokalno-Aktorskim w krakowskiej Akademii Muzycznej doskonali\u0142a sztuk\u0119 wokaln\u0105 na kursach w Accademia Musicale w Sienie u Giorgio Favaretto oraz Intrnationale Bachakademie u Anny Reynolds i Andreasa Schmidta. W swoim dorobku artystycznym posiada zar\u00f3wno dzie\u0142a oratoryjne, w tym takie pozycje jak: Wielka msza h-moll, obie Pasje J.S. Bacha, Mesjasz G.F. Haendla, IX Symfonia L. van Beethovena, Stabat Mater G. Rossiniego, Messa da Requiem G. Verdiego, kompozycje wsp\u00f3\u0142czesne R. Palestra, A. Nikodemowicza, K. Pendereckiego, jak r\u00f3wnie\u017c partie operowe w L\u2019Orfeo C. Monteverdiego, Weselu Figara i Czarodziejskim flecie W.A. Mozarta, Nabucco G. Verdiego, Jasiu i Ma\u0142gosi E. Humperdincka. Mia\u0142a okazje wsp\u00f3\u0142pracowa\u0107 z wieloma wybitnymi artystami i zespo\u0142ami mi\u0119dzy innymi Orchestra of the Golden Age, Pro Cantione Antiqua, Hilliard Ensemble czy I Solisti Aquilani przy wystawieniu dzie\u0142 Monteverdiego, Arvo P\u00e4rta i Vivaldiego. Koncertowa\u0142a w wi\u0119kszo\u015bci kraj\u00f3w europejskich, a tak\u017ce w Japonii, Korei, Stanach Zjednoczonych i Kanadzie. Bra\u0142a udzia\u0142 w wielu festiwalach muzycznych: Dresdner Festspiele, Festiwal G.Ph. Telemanna w Magdeburgu, Festiwal Muzyki Sakralnej w Monreale, Festival Internazionale Cori d\u2019Europa, Muzyka w Starym Krakowie, Wratislavia Cantans, Festiwal Ars Chori, Dni Muzyki Organowej w Krakowie, Staros\u0105decki Festiwal Muzyki Dawnej, Mi\u0119dzynarodowe Dni Muzyki Kompozytor\u00f3w Krakowskich. Wyst\u0119powa\u0142a w Filharmoniach w Polsce jak r\u00f3wnie\u017c w Filharmonii w Berlinie, Monachium, Essen, Bamberg oraz renomowanych salach: Alte Oper we Frankfurcie, Meistersingehalle w Norymberdze Rosengarten w Mannheim, Festspielhaus w Baden Baden, Kieler Schlo\u03b2, Audimax w Regensburgu, Stadtcasino w Bazylei. Jako solistka i kameralistka przez wiele lat zwi\u0105zana by\u0142a z zespo\u0142em Capella Cracoviensis, wsp\u00f3\u0142pracuj\u0105c tak\u017ce z Oper\u0105 Krakowsk\u0105. Posiada nagania archiwalne zrealizowane dla Polskiego Radia i TV oraz Deutsche Rundfunk. Z wielu nagra\u0144 p\u0142ytowych wyr\u00f3\u017cnia si\u0119 p\u0142yta z operami Milhauda Trois Opera Minute, przygotowana przez Karla Rickenbachera wsp\u00f3lnie z zespo\u0142em Cappella Cracoviensis, kt\u00f3ra otrzyma\u0142a w roku 1992 dwie presti\u017cowe nagrody: Grand Prix du Disque de l\u2019Academie Charles Gros i Diapason d\u2019Or. Od 1999 roku prowadzi klas\u0119 \u015bpiewu solowego w PSM II st. im. W\u0142. \u017bele\u0144skiego w Krakowie. W 2005 roku w Akademii Muzycznej w Warszawie (obecnie Uniwersytet Muzyczny) otrzyma\u0142a stopie\u0144 naukowy doktora sztuk muzycznych. Od 2007 jest pedagogiem W Katedrze Wokalistyki Akademii Muzycznej w Krakowie, obecnie w stopniu doktora habilitowanego. W swojej pedagogice wokalnej wykorzystuje wiedz\u0119 z technik pracy z cia\u0142em i oddechem oraz psychologii.","og_url":"https:\/\/www.amuz.krakow.pl\/letnia-akademia-muzyczna\/wykaz-kursow\/wokalistyka\/maria-seremet-dziewiecka-spiew\/","og_site_name":"Akademia Muzyczna im. Krzysztofa Pendereckiego w Krakowie","article_publisher":"https:\/\/www.facebook.com\/amuz.krakow","article_modified_time":"2026-04-01T13:57:51+00:00","og_image":[{"width":331,"height":498,"url":"https:\/\/www.amuz.krakow.pl\/wp-content\/uploads\/2016\/03\/08.-Maria-Seremet-Dziwi\u0119cka.jpg","type":"image\/jpeg"}],"twitter_card":"summary_large_image","twitter_misc":{"Est. reading time":"4 minutes"},"schema":{"@context":"https:\/\/schema.org","@graph":[{"@type":"WebPage","@id":"https:\/\/www.amuz.krakow.pl\/letnia-akademia-muzyczna\/wykaz-kursow\/wokalistyka\/maria-seremet-dziewiecka-spiew\/","url":"https:\/\/www.amuz.krakow.pl\/letnia-akademia-muzyczna\/wykaz-kursow\/wokalistyka\/maria-seremet-dziewiecka-spiew\/","name":"AMKP - Akademia Muzyczna im. Krzysztofa Pendereckiego w Krakowie","isPartOf":{"@id":"https:\/\/www.amuz.krakow.pl\/#website"},"primaryImageOfPage":{"@id":"https:\/\/www.amuz.krakow.pl\/letnia-akademia-muzyczna\/wykaz-kursow\/wokalistyka\/maria-seremet-dziewiecka-spiew\/#primaryimage"},"image":{"@id":"https:\/\/www.amuz.krakow.pl\/letnia-akademia-muzyczna\/wykaz-kursow\/wokalistyka\/maria-seremet-dziewiecka-spiew\/#primaryimage"},"thumbnailUrl":"https:\/\/www.amuz.krakow.pl\/wp-content\/uploads\/2025\/05\/2024_Maria-Seremet-Dziewiecka0177-fot.-Krystian-Data-1.jpg","datePublished":"2016-03-06T22:48:52+00:00","dateModified":"2026-04-01T13:57:51+00:00","breadcrumb":{"@id":"https:\/\/www.amuz.krakow.pl\/letnia-akademia-muzyczna\/wykaz-kursow\/wokalistyka\/maria-seremet-dziewiecka-spiew\/#breadcrumb"},"inLanguage":"en-US","potentialAction":[{"@type":"ReadAction","target":["https:\/\/www.amuz.krakow.pl\/letnia-akademia-muzyczna\/wykaz-kursow\/wokalistyka\/maria-seremet-dziewiecka-spiew\/"]}]},{"@type":"ImageObject","inLanguage":"en-US","@id":"https:\/\/www.amuz.krakow.pl\/letnia-akademia-muzyczna\/wykaz-kursow\/wokalistyka\/maria-seremet-dziewiecka-spiew\/#primaryimage","url":"https:\/\/www.amuz.krakow.pl\/wp-content\/uploads\/2025\/05\/2024_Maria-Seremet-Dziewiecka0177-fot.-Krystian-Data-1.jpg","contentUrl":"https:\/\/www.amuz.krakow.pl\/wp-content\/uploads\/2025\/05\/2024_Maria-Seremet-Dziewiecka0177-fot.-Krystian-Data-1.jpg","width":1867,"height":934},{"@type":"BreadcrumbList","@id":"https:\/\/www.amuz.krakow.pl\/letnia-akademia-muzyczna\/wykaz-kursow\/wokalistyka\/maria-seremet-dziewiecka-spiew\/#breadcrumb","itemListElement":[{"@type":"ListItem","position":1,"name":"Strona g\u0142\u00f3wna","item":"https:\/\/www.amuz.krakow.pl\/"},{"@type":"ListItem","position":2,"name":"Letnia Akademia Muzyczna","item":"https:\/\/www.amuz.krakow.pl\/letnia-akademia-muzyczna\/"},{"@type":"ListItem","position":3,"name":"Wykaz kurs\u00f3w","item":"https:\/\/www.amuz.krakow.pl\/letnia-akademia-muzyczna\/wykaz-kursow\/"},{"@type":"ListItem","position":4,"name":"Wokalistyka","item":"https:\/\/www.amuz.krakow.pl\/letnia-akademia-muzyczna\/wykaz-kursow\/wokalistyka\/"},{"@type":"ListItem","position":5,"name":"Maria Seremet-Dziewi\u0119cka &#8211; \u015bpiew"}]},{"@type":"WebSite","@id":"https:\/\/www.amuz.krakow.pl\/#website","url":"https:\/\/www.amuz.krakow.pl\/","name":"Akademia Muzyczna im. Krzysztofa Pendereckiego w Krakowie","description":"Oficjalna strona Akademii Muzycznej im. Krzysztofa Pendereckiego w Krakowie (AMKP).","publisher":{"@id":"https:\/\/www.amuz.krakow.pl\/#organization"},"alternateName":"AMKP","potentialAction":[{"@type":"SearchAction","target":{"@type":"EntryPoint","urlTemplate":"https:\/\/www.amuz.krakow.pl\/?s={search_term_string}"},"query-input":{"@type":"PropertyValueSpecification","valueRequired":true,"valueName":"search_term_string"}}],"inLanguage":"en-US"},{"@type":"Organization","@id":"https:\/\/www.amuz.krakow.pl\/#organization","name":"Akademia Muzyczna im. Krzysztofa Pendereckiego w Krakowie","alternateName":"AMKP","url":"https:\/\/www.amuz.krakow.pl\/","logo":{"@type":"ImageObject","inLanguage":"en-US","@id":"https:\/\/www.amuz.krakow.pl\/#\/schema\/logo\/image\/","url":"https:\/\/www.amuz.krakow.pl\/wp-content\/uploads\/2021\/11\/amkp.jpg","contentUrl":"https:\/\/www.amuz.krakow.pl\/wp-content\/uploads\/2021\/11\/amkp.jpg","width":1193,"height":591,"caption":"Akademia Muzyczna im. Krzysztofa Pendereckiego w Krakowie"},"image":{"@id":"https:\/\/www.amuz.krakow.pl\/#\/schema\/logo\/image\/"},"sameAs":["https:\/\/www.facebook.com\/amuz.krakow","https:\/\/www.instagram.com\/amkpenderecki\/","https:\/\/www.youtube.com\/@amkpenderecki4806"]}]}},"_links":{"self":[{"href":"https:\/\/www.amuz.krakow.pl\/en\/wp-json\/wp\/v2\/pages\/4582","targetHints":{"allow":["GET"]}}],"collection":[{"href":"https:\/\/www.amuz.krakow.pl\/en\/wp-json\/wp\/v2\/pages"}],"about":[{"href":"https:\/\/www.amuz.krakow.pl\/en\/wp-json\/wp\/v2\/types\/page"}],"author":[{"embeddable":true,"href":"https:\/\/www.amuz.krakow.pl\/en\/wp-json\/wp\/v2\/users\/72"}],"replies":[{"embeddable":true,"href":"https:\/\/www.amuz.krakow.pl\/en\/wp-json\/wp\/v2\/comments?post=4582"}],"version-history":[{"count":10,"href":"https:\/\/www.amuz.krakow.pl\/en\/wp-json\/wp\/v2\/pages\/4582\/revisions"}],"predecessor-version":[{"id":102514,"href":"https:\/\/www.amuz.krakow.pl\/en\/wp-json\/wp\/v2\/pages\/4582\/revisions\/102514"}],"up":[{"embeddable":true,"href":"https:\/\/www.amuz.krakow.pl\/en\/wp-json\/wp\/v2\/pages\/47059"}],"wp:featuredmedia":[{"embeddable":true,"href":"https:\/\/www.amuz.krakow.pl\/en\/wp-json\/wp\/v2\/media\/102513"}],"wp:attachment":[{"href":"https:\/\/www.amuz.krakow.pl\/en\/wp-json\/wp\/v2\/media?parent=4582"}],"curies":[{"name":"wp","href":"https:\/\/api.w.org\/{rel}","templated":true}]}}