{"id":45100,"date":"2020-11-29T18:23:14","date_gmt":"2020-11-29T17:23:14","guid":{"rendered":"https:\/\/www.amuz.krakow.pl\/?page_id=45100"},"modified":"2020-11-29T18:23:14","modified_gmt":"2020-11-29T17:23:14","slug":"laureaci","status":"publish","type":"page","link":"https:\/\/www.amuz.krakow.pl\/en\/konkursy\/konkursy-kompozytorskie\/ogolnopolski-konkurs-mlodych-kompozytorow-im-marka-stachowskiego\/2018-2\/laureaci\/","title":{"rendered":"Laureaci"},"content":{"rendered":"<p><\/p>\n<p style=\"font-weight: 400; text-align: center;\"><strong>Wyniki 3. Konkursu\u00a0M\u0142odych Kompozytor\u00f3w<br \/>\nim. Marka Stachowskiego 2018<\/strong><\/p>\n<p style=\"font-weight: 400; text-align: justify;\">Jury\u00a0<em>3. Konkursu M\u0142odych Kompozytor\u00f3w im. Marka Stachowskiego<\/em>\u00a0w sk\u0142adzie: prof. Zbigniew Bargielski, dr hab. Marcin Bortnowski, dr hab. Marcel Chyrzy\u0144ski, prof. Wojciech Wid\u0142ak (przewodnicz\u0105cy), na posiedzeniu w dniu 16 lutego 2018 r. w Akademii Muzycznej w Krakowiepostanowi\u0142o, co nast\u0119puje:<\/p>\n<p style=\"font-weight: 400; text-align: justify;\"><strong>Nagrod\u0119 G\u0142\u00f3wn\u0105<\/strong>\u00a0w postaci prawykonania na koncercie w ramach 30. Mi\u0119dzynarodowego Festiwalu Kompozytor\u00f3w Krakowskich w kwietniu 2018 r. otrzyma\u0142\u00a0<strong>Jakub Kr\u00f3likowski (god\u0142o \u201eszarlotka z lodami\u201d),<\/strong>\u00a0ur. 1988, absolwent klasy kompozycji prof. Zbigniewa Kozuba w Akademii Muzycznej im. I.J. Paderewskiego w Poznaniu, za utw\u00f3r\u00a0<strong>\u201eThe Myth About Hermaphrodite\u201d<\/strong>\u00a0na flet alt\u00f3wk\u0119 i harf\u0119.<\/p>\n<p style=\"font-weight: 400; text-align: justify;\"><strong>2 r\u00f3wnorz\u0119dne wyr\u00f3\u017cnienia honorowe otrzymali:<\/strong><\/p>\n<p style=\"font-weight: 400; text-align: justify;\"><strong>Katarzyna Bem<\/strong>\u00a0<strong>(god\u0142o \u201eKCKBKR\u201d),<\/strong>\u00a0ur. 1991, studentka klasy kompozycji dra hab. Cezarego Duchnowskiego w Akademii Muzycznej im. K. Lipi\u0144skiego we Wroc\u0142awiu, za utw\u00f3r\u00a0<strong>\u201eHarpie\u201d\u00a0<\/strong>na flet alt\u00f3wk\u0119 i harf\u0119,<\/p>\n<p style=\"font-weight: 400; text-align: justify;\"><strong>\u017baneta Rydzewska (god\u0142o \u201eX3824\u201d),<\/strong>\u00a0ur. 1991, studentka klasy kompozycji prof. Stanis\u0142awa Moryty w Uniwersytecie Muzycznym Fryderyka Chopina w Warszawie oraz Brigitte Muntendorf w Hochschule f\u00fcr Musik und Tanz w Kolonii (Niemcy) za utw\u00f3r<strong>\u00a0\u201emono\u201d\u00a0<\/strong>na flet alt\u00f3wk\u0119 i harf\u0119.<\/p>\n<p style=\"font-weight: 400; text-align: justify;\">Serdecznie gratulujemy!<\/p>\n<p style=\"font-weight: 400; text-align: justify;\">Uroczyste wr\u0119czenie dyplom\u00f3w odb\u0119dzie podczas koncertu 21 kwietnia 2018 r. o godz. 18.00 w Muzeum Sztuki Wsp\u00f3\u0142czesnej MOCAK w Krakowie (ul. Lipowa 4), w ramach 30. Mi\u0119dzynarodowego Festiwalu Kompozytor\u00f3w Krakowskich.<\/p>\n<p><\/p>","protected":false},"excerpt":{"rendered":"<p>Wyniki 3. Konkursu\u00a0M\u0142odych Kompozytor\u00f3w im. Marka Stachowskiego 2018 Jury\u00a03. Konkursu M\u0142odych Kompozytor\u00f3w im. Marka Stachowskiego\u00a0w sk\u0142adzie: prof. Zbigniew Bargielski, dr hab. Marcin Bortnowski, dr hab. Marcel Chyrzy\u0144ski, prof. Wojciech Wid\u0142ak&hellip; <a href=\"https:\/\/www.amuz.krakow.pl\/en\/konkursy\/konkursy-kompozytorskie\/ogolnopolski-konkurs-mlodych-kompozytorow-im-marka-stachowskiego\/2018-2\/laureaci\/\">Continue reading<\/a><\/p>\n","protected":false},"author":72,"featured_media":0,"parent":45093,"menu_order":3,"comment_status":"closed","ping_status":"closed","template":"","meta":{"footnotes":"","_links_to":"","_links_to_target":""},"class_list":["post-45100","page","type-page","status-publish","hentry"],"yoast_head":"<!-- This site is optimized with the Yoast SEO plugin v27.2 - https:\/\/yoast.com\/product\/yoast-seo-wordpress\/ -->\n<title>AMKP - Akademia Muzyczna im. Krzysztofa Pendereckiego w Krakowie<\/title>\n<meta name=\"robots\" content=\"index, follow, max-snippet:-1, max-image-preview:large, max-video-preview:-1\" \/>\n<link rel=\"canonical\" href=\"https:\/\/www.amuz.krakow.pl\/konkursy\/konkursy-kompozytorskie\/ogolnopolski-konkurs-mlodych-kompozytorow-im-marka-stachowskiego\/2018-2\/laureaci\/\" \/>\n<meta property=\"og:locale\" content=\"en_US\" \/>\n<meta property=\"og:type\" content=\"article\" \/>\n<meta property=\"og:title\" content=\"AMKP - Akademia Muzyczna im. Krzysztofa Pendereckiego w Krakowie\" \/>\n<meta property=\"og:description\" content=\"Wyniki 3. Konkursu\u00a0M\u0142odych Kompozytor\u00f3w im. Marka Stachowskiego 2018 Jury\u00a03. Konkursu M\u0142odych Kompozytor\u00f3w im. Marka Stachowskiego\u00a0w sk\u0142adzie: prof. Zbigniew Bargielski, dr hab. Marcin Bortnowski, dr hab. Marcel Chyrzy\u0144ski, prof. Wojciech Wid\u0142ak&hellip; Continue reading\" \/>\n<meta property=\"og:url\" content=\"https:\/\/www.amuz.krakow.pl\/konkursy\/konkursy-kompozytorskie\/ogolnopolski-konkurs-mlodych-kompozytorow-im-marka-stachowskiego\/2018-2\/laureaci\/\" \/>\n<meta property=\"og:site_name\" content=\"Akademia Muzyczna im. Krzysztofa Pendereckiego w Krakowie\" \/>\n<meta property=\"article:publisher\" content=\"https:\/\/www.facebook.com\/amuz.krakow\" \/>\n<meta property=\"og:image\" content=\"https:\/\/www.amuz.krakow.pl\/wp-content\/uploads\/2021\/11\/amkp.jpg\" \/>\n\t<meta property=\"og:image:width\" content=\"1193\" \/>\n\t<meta property=\"og:image:height\" content=\"591\" \/>\n\t<meta property=\"og:image:type\" content=\"image\/jpeg\" \/>\n<meta name=\"twitter:card\" content=\"summary_large_image\" \/>\n<meta name=\"twitter:label1\" content=\"Est. reading time\" \/>\n\t<meta name=\"twitter:data1\" content=\"1 minute\" \/>\n<script type=\"application\/ld+json\" class=\"yoast-schema-graph\">{\"@context\":\"https:\/\/schema.org\",\"@graph\":[{\"@type\":\"WebPage\",\"@id\":\"https:\/\/www.amuz.krakow.pl\/konkursy\/konkursy-kompozytorskie\/ogolnopolski-konkurs-mlodych-kompozytorow-im-marka-stachowskiego\/2018-2\/laureaci\/\",\"url\":\"https:\/\/www.amuz.krakow.pl\/konkursy\/konkursy-kompozytorskie\/ogolnopolski-konkurs-mlodych-kompozytorow-im-marka-stachowskiego\/2018-2\/laureaci\/\",\"name\":\"AMKP - Akademia Muzyczna im. Krzysztofa Pendereckiego w Krakowie\",\"isPartOf\":{\"@id\":\"https:\/\/www.amuz.krakow.pl\/#website\"},\"datePublished\":\"2020-11-29T17:23:14+00:00\",\"breadcrumb\":{\"@id\":\"https:\/\/www.amuz.krakow.pl\/konkursy\/konkursy-kompozytorskie\/ogolnopolski-konkurs-mlodych-kompozytorow-im-marka-stachowskiego\/2018-2\/laureaci\/#breadcrumb\"},\"inLanguage\":\"en-US\",\"potentialAction\":[{\"@type\":\"ReadAction\",\"target\":[\"https:\/\/www.amuz.krakow.pl\/konkursy\/konkursy-kompozytorskie\/ogolnopolski-konkurs-mlodych-kompozytorow-im-marka-stachowskiego\/2018-2\/laureaci\/\"]}]},{\"@type\":\"BreadcrumbList\",\"@id\":\"https:\/\/www.amuz.krakow.pl\/konkursy\/konkursy-kompozytorskie\/ogolnopolski-konkurs-mlodych-kompozytorow-im-marka-stachowskiego\/2018-2\/laureaci\/#breadcrumb\",\"itemListElement\":[{\"@type\":\"ListItem\",\"position\":1,\"name\":\"Strona g\u0142\u00f3wna\",\"item\":\"https:\/\/www.amuz.krakow.pl\/\"},{\"@type\":\"ListItem\",\"position\":2,\"name\":\"Konkursy\",\"item\":\"https:\/\/www.amuz.krakow.pl\/konkursy\/\"},{\"@type\":\"ListItem\",\"position\":3,\"name\":\"Konkursy kompozytorskie\",\"item\":\"https:\/\/www.amuz.krakow.pl\/konkursy\/konkursy-kompozytorskie\/\"},{\"@type\":\"ListItem\",\"position\":4,\"name\":\"Og\u00f3lnopolski Konkurs M\u0142odych Kompozytor\u00f3w im. Marka Stachowskiego\",\"item\":\"https:\/\/www.amuz.krakow.pl\/konkursy\/konkursy-kompozytorskie\/ogolnopolski-konkurs-mlodych-kompozytorow-im-marka-stachowskiego\/\"},{\"@type\":\"ListItem\",\"position\":5,\"name\":\"2018\",\"item\":\"https:\/\/www.amuz.krakow.pl\/konkursy\/konkursy-kompozytorskie\/ogolnopolski-konkurs-mlodych-kompozytorow-im-marka-stachowskiego\/2018-2\/\"},{\"@type\":\"ListItem\",\"position\":6,\"name\":\"Laureaci\"}]},{\"@type\":\"WebSite\",\"@id\":\"https:\/\/www.amuz.krakow.pl\/#website\",\"url\":\"https:\/\/www.amuz.krakow.pl\/\",\"name\":\"Akademia Muzyczna im. Krzysztofa Pendereckiego w Krakowie\",\"description\":\"Oficjalna strona Akademii Muzycznej im. Krzysztofa Pendereckiego w Krakowie (AMKP).\",\"publisher\":{\"@id\":\"https:\/\/www.amuz.krakow.pl\/#organization\"},\"alternateName\":\"AMKP\",\"potentialAction\":[{\"@type\":\"SearchAction\",\"target\":{\"@type\":\"EntryPoint\",\"urlTemplate\":\"https:\/\/www.amuz.krakow.pl\/?s={search_term_string}\"},\"query-input\":{\"@type\":\"PropertyValueSpecification\",\"valueRequired\":true,\"valueName\":\"search_term_string\"}}],\"inLanguage\":\"en-US\"},{\"@type\":\"Organization\",\"@id\":\"https:\/\/www.amuz.krakow.pl\/#organization\",\"name\":\"Akademia Muzyczna im. Krzysztofa Pendereckiego w Krakowie\",\"alternateName\":\"AMKP\",\"url\":\"https:\/\/www.amuz.krakow.pl\/\",\"logo\":{\"@type\":\"ImageObject\",\"inLanguage\":\"en-US\",\"@id\":\"https:\/\/www.amuz.krakow.pl\/#\/schema\/logo\/image\/\",\"url\":\"https:\/\/www.amuz.krakow.pl\/wp-content\/uploads\/2021\/11\/amkp.jpg\",\"contentUrl\":\"https:\/\/www.amuz.krakow.pl\/wp-content\/uploads\/2021\/11\/amkp.jpg\",\"width\":1193,\"height\":591,\"caption\":\"Akademia Muzyczna im. Krzysztofa Pendereckiego w Krakowie\"},\"image\":{\"@id\":\"https:\/\/www.amuz.krakow.pl\/#\/schema\/logo\/image\/\"},\"sameAs\":[\"https:\/\/www.facebook.com\/amuz.krakow\",\"https:\/\/www.instagram.com\/amkpenderecki\/\",\"https:\/\/www.youtube.com\/@amkpenderecki4806\"]}]}<\/script>\n<!-- \/ Yoast SEO plugin. -->","yoast_head_json":{"title":"AMKP - Akademia Muzyczna im. Krzysztofa Pendereckiego w Krakowie","robots":{"index":"index","follow":"follow","max-snippet":"max-snippet:-1","max-image-preview":"max-image-preview:large","max-video-preview":"max-video-preview:-1"},"canonical":"https:\/\/www.amuz.krakow.pl\/konkursy\/konkursy-kompozytorskie\/ogolnopolski-konkurs-mlodych-kompozytorow-im-marka-stachowskiego\/2018-2\/laureaci\/","og_locale":"en_US","og_type":"article","og_title":"AMKP - Akademia Muzyczna im. Krzysztofa Pendereckiego w Krakowie","og_description":"Wyniki 3. Konkursu\u00a0M\u0142odych Kompozytor\u00f3w im. Marka Stachowskiego 2018 Jury\u00a03. Konkursu M\u0142odych Kompozytor\u00f3w im. Marka Stachowskiego\u00a0w sk\u0142adzie: prof. Zbigniew Bargielski, dr hab. Marcin Bortnowski, dr hab. Marcel Chyrzy\u0144ski, prof. Wojciech Wid\u0142ak&hellip; Continue reading","og_url":"https:\/\/www.amuz.krakow.pl\/konkursy\/konkursy-kompozytorskie\/ogolnopolski-konkurs-mlodych-kompozytorow-im-marka-stachowskiego\/2018-2\/laureaci\/","og_site_name":"Akademia Muzyczna im. Krzysztofa Pendereckiego w Krakowie","article_publisher":"https:\/\/www.facebook.com\/amuz.krakow","og_image":[{"width":1193,"height":591,"url":"https:\/\/www.amuz.krakow.pl\/wp-content\/uploads\/2021\/11\/amkp.jpg","type":"image\/jpeg"}],"twitter_card":"summary_large_image","twitter_misc":{"Est. reading time":"1 minute"},"schema":{"@context":"https:\/\/schema.org","@graph":[{"@type":"WebPage","@id":"https:\/\/www.amuz.krakow.pl\/konkursy\/konkursy-kompozytorskie\/ogolnopolski-konkurs-mlodych-kompozytorow-im-marka-stachowskiego\/2018-2\/laureaci\/","url":"https:\/\/www.amuz.krakow.pl\/konkursy\/konkursy-kompozytorskie\/ogolnopolski-konkurs-mlodych-kompozytorow-im-marka-stachowskiego\/2018-2\/laureaci\/","name":"AMKP - Akademia Muzyczna im. Krzysztofa Pendereckiego w Krakowie","isPartOf":{"@id":"https:\/\/www.amuz.krakow.pl\/#website"},"datePublished":"2020-11-29T17:23:14+00:00","breadcrumb":{"@id":"https:\/\/www.amuz.krakow.pl\/konkursy\/konkursy-kompozytorskie\/ogolnopolski-konkurs-mlodych-kompozytorow-im-marka-stachowskiego\/2018-2\/laureaci\/#breadcrumb"},"inLanguage":"en-US","potentialAction":[{"@type":"ReadAction","target":["https:\/\/www.amuz.krakow.pl\/konkursy\/konkursy-kompozytorskie\/ogolnopolski-konkurs-mlodych-kompozytorow-im-marka-stachowskiego\/2018-2\/laureaci\/"]}]},{"@type":"BreadcrumbList","@id":"https:\/\/www.amuz.krakow.pl\/konkursy\/konkursy-kompozytorskie\/ogolnopolski-konkurs-mlodych-kompozytorow-im-marka-stachowskiego\/2018-2\/laureaci\/#breadcrumb","itemListElement":[{"@type":"ListItem","position":1,"name":"Strona g\u0142\u00f3wna","item":"https:\/\/www.amuz.krakow.pl\/"},{"@type":"ListItem","position":2,"name":"Konkursy","item":"https:\/\/www.amuz.krakow.pl\/konkursy\/"},{"@type":"ListItem","position":3,"name":"Konkursy kompozytorskie","item":"https:\/\/www.amuz.krakow.pl\/konkursy\/konkursy-kompozytorskie\/"},{"@type":"ListItem","position":4,"name":"Og\u00f3lnopolski Konkurs M\u0142odych Kompozytor\u00f3w im. Marka Stachowskiego","item":"https:\/\/www.amuz.krakow.pl\/konkursy\/konkursy-kompozytorskie\/ogolnopolski-konkurs-mlodych-kompozytorow-im-marka-stachowskiego\/"},{"@type":"ListItem","position":5,"name":"2018","item":"https:\/\/www.amuz.krakow.pl\/konkursy\/konkursy-kompozytorskie\/ogolnopolski-konkurs-mlodych-kompozytorow-im-marka-stachowskiego\/2018-2\/"},{"@type":"ListItem","position":6,"name":"Laureaci"}]},{"@type":"WebSite","@id":"https:\/\/www.amuz.krakow.pl\/#website","url":"https:\/\/www.amuz.krakow.pl\/","name":"Akademia Muzyczna im. Krzysztofa Pendereckiego w Krakowie","description":"Oficjalna strona Akademii Muzycznej im. Krzysztofa Pendereckiego w Krakowie (AMKP).","publisher":{"@id":"https:\/\/www.amuz.krakow.pl\/#organization"},"alternateName":"AMKP","potentialAction":[{"@type":"SearchAction","target":{"@type":"EntryPoint","urlTemplate":"https:\/\/www.amuz.krakow.pl\/?s={search_term_string}"},"query-input":{"@type":"PropertyValueSpecification","valueRequired":true,"valueName":"search_term_string"}}],"inLanguage":"en-US"},{"@type":"Organization","@id":"https:\/\/www.amuz.krakow.pl\/#organization","name":"Akademia Muzyczna im. Krzysztofa Pendereckiego w Krakowie","alternateName":"AMKP","url":"https:\/\/www.amuz.krakow.pl\/","logo":{"@type":"ImageObject","inLanguage":"en-US","@id":"https:\/\/www.amuz.krakow.pl\/#\/schema\/logo\/image\/","url":"https:\/\/www.amuz.krakow.pl\/wp-content\/uploads\/2021\/11\/amkp.jpg","contentUrl":"https:\/\/www.amuz.krakow.pl\/wp-content\/uploads\/2021\/11\/amkp.jpg","width":1193,"height":591,"caption":"Akademia Muzyczna im. Krzysztofa Pendereckiego w Krakowie"},"image":{"@id":"https:\/\/www.amuz.krakow.pl\/#\/schema\/logo\/image\/"},"sameAs":["https:\/\/www.facebook.com\/amuz.krakow","https:\/\/www.instagram.com\/amkpenderecki\/","https:\/\/www.youtube.com\/@amkpenderecki4806"]}]}},"_links":{"self":[{"href":"https:\/\/www.amuz.krakow.pl\/en\/wp-json\/wp\/v2\/pages\/45100","targetHints":{"allow":["GET"]}}],"collection":[{"href":"https:\/\/www.amuz.krakow.pl\/en\/wp-json\/wp\/v2\/pages"}],"about":[{"href":"https:\/\/www.amuz.krakow.pl\/en\/wp-json\/wp\/v2\/types\/page"}],"author":[{"embeddable":true,"href":"https:\/\/www.amuz.krakow.pl\/en\/wp-json\/wp\/v2\/users\/72"}],"replies":[{"embeddable":true,"href":"https:\/\/www.amuz.krakow.pl\/en\/wp-json\/wp\/v2\/comments?post=45100"}],"version-history":[{"count":1,"href":"https:\/\/www.amuz.krakow.pl\/en\/wp-json\/wp\/v2\/pages\/45100\/revisions"}],"predecessor-version":[{"id":45101,"href":"https:\/\/www.amuz.krakow.pl\/en\/wp-json\/wp\/v2\/pages\/45100\/revisions\/45101"}],"up":[{"embeddable":true,"href":"https:\/\/www.amuz.krakow.pl\/en\/wp-json\/wp\/v2\/pages\/45093"}],"wp:attachment":[{"href":"https:\/\/www.amuz.krakow.pl\/en\/wp-json\/wp\/v2\/media?parent=45100"}],"curies":[{"name":"wp","href":"https:\/\/api.w.org\/{rel}","templated":true}]}}