{"id":45091,"date":"2020-11-29T18:17:04","date_gmt":"2020-11-29T17:17:04","guid":{"rendered":"https:\/\/www.amuz.krakow.pl\/?page_id=45091"},"modified":"2021-03-06T23:13:32","modified_gmt":"2021-03-06T22:13:32","slug":"laureaci","status":"publish","type":"page","link":"https:\/\/www.amuz.krakow.pl\/en\/konkursy\/konkursy-interpretacji-muzyki\/ogolnouczelniany-konkurs-gram-z-orkiestra\/2019-2\/laureaci\/","title":{"rendered":"Laureaci"},"content":{"rendered":"<p><\/p>\n<p style=\"text-align: center;\"><strong>Protok\u00f3\u0142 z posiedzenia JURY<br \/>\n<\/strong><strong>VII Og\u00f3lnouczelnianego Konkursu \u201eGram \u00a0z Orkiestr\u0105\u201d<br \/>\n<\/strong><strong>6 kwietnia 2019<\/strong><\/p>\n<p style=\"text-align: justify;\">Do Konkursu, kt\u00f3ry odby\u0142 si\u0119 6.04.2019r. przyst\u0105pili:<\/p>\n<ol style=\"text-align: justify;\">\n<li>\u0141UKASZ JANKOWSKI (flet poprzeczny)<\/li>\n<li>KRZYSZTOF KAPELA\u0143CZYK (kontrabas)<\/li>\n<li>WOJCIECH KASZUBA (tr\u0105bka)<\/li>\n<li>MA\u0141GORZATA KRUCZEK (fortepian)<\/li>\n<li>OLEH MALOVICHKO (klarnet)<\/li>\n<li>MATEUSZ PERZ (fortepian)<\/li>\n<li>PAWE\u0141 RIESS (alt\u00f3wka)<\/li>\n<li>MONIKA W\u00dcRSTEN (wiolonczela)<\/li>\n<li>ZUZANNA DUL\u0118BA (skrzypce)<\/li>\n<li>MAREK DRESCHER (tr\u0105bka)<\/li>\n<li>DMYTRO HOLOVENKO (gitara)<\/li>\n<li>VLADIMIR ANISIMOW (saksofon)<\/li>\n<li>PIOTR KALINA (wokal \/ tenor)<\/li>\n<\/ol>\n<p style=\"text-align: justify;\"><strong>DECYZJ\u0104 JURY<\/strong> w sk\u0142adzie:<br \/>\ndr hab. Ma\u0142gorzata Janicka-S\u0142ysz, prof. AMKP \u2013 przewodnicz\u0105ca Jury<br \/>\nprof. dr hab. Andrzej Bia\u0142ko<br \/>\ndr hab.\u00a0 Mariusz Sielski, prof. AMKP<br \/>\nprof. dr hab. Agnieszka Monasterska<br \/>\nprof. dr hab. Rafa\u0142 Jacek Delekta<\/p>\n<p style=\"text-align: justify;\">&#8211; w koncercie z <strong>Orkiestr\u0105 Filharmonii Warmi\u0144sko-Mazurskiej w Olsztynie<\/strong> wyst\u0105pi :<br \/>\n<strong>ZUZANNA DUL\u0118BA \/ skrzypce<br \/>\n<\/strong>klasa prof. dr hab. Magdaleny Szczepanowskiej i dr Oriany Masternak<\/p>\n<p style=\"text-align: justify;\">&#8211; w koncercie z <strong>Orkiestr\u0105 Filharmonii \u015awi\u0119tokrzyskiej w Kielcach<\/strong> wyst\u0105pi :<br \/>\n<strong>OLEH MALOVICHKO \/ klarnet<br \/>\n<\/strong>klasa prof. Andrzeja Godka i dr Barbary Borowicz<\/p>\n<p style=\"text-align: justify;\">&#8211; w koncercie z <strong>Orkiestr\u0105 Filharmonii Zielonog\u00f3rskiej<\/strong> wyst\u0105pi :<br \/>\n<strong>MATEUSZ PERZ \/ fortepian<\/strong><br \/>\nklasa dr hab. Mileny K\u0119dry<\/p>\n<p style=\"text-align: justify;\">&#8211; w koncercie z <strong>Orkiestr\u0105 Filharmonii \u015al\u0105skiej w Katowicach<\/strong> wyst\u0105pi :<br \/>\n<strong>VLADIMIR ANISIMOW \/ saksofon<br \/>\n<\/strong>klasa prof. dr hab. Andrzeja Rzymkowskiego<\/p>\n<p style=\"text-align: justify;\">&#8211; w koncercie z <strong>Orkiestr\u0105 Filharmonii Cz\u0119stochowskiej w Cz\u0119stochowie<\/strong> wyst\u0105pi :<br \/>\n<strong>WOJCIECH KASZUBA \/ tr\u0105bka<br \/>\n<\/strong>klasa dr hab. Benedykta Matusika<\/p>\n<p style=\"text-align: justify;\">&#8211; w koncercie z <strong>Orkiestr\u0105 Sinfonietta Cracovia w Krakowie <\/strong>wyst\u0105pi\u0105 :<br \/>\n<strong>PAWE\u0141 RIESS \/ alt\u00f3wka<br \/>\n<\/strong>klasa dr hab. Bogus\u0142awy Hubisz-Sielskiej<br \/>\noraz<br \/>\n<strong>DMYTRO HOLOVENKO \/ gitara<br \/>\n<\/strong>klasa mgr. Krzysztofa Sad\u0142owskiego<\/p>\n<p style=\"text-align: justify;\">&#8211; w koncercie z <strong>Orkiestr\u0105 Symfoniczn\u0105 Akademii Muzycznej w Krakowie<\/strong> wyst\u0105pi:<br \/>\n<strong>MONIKA W\u00dcRSTEN \/ wiolonczela<br \/>\n<\/strong>klasa dr hab. Jana Kalinowskiego, prof. AMKP<\/p>\n<p style=\"text-align: justify;\">Decyzj\u0105 Jury do wyst\u0119pu z Orkiestr\u0105 zakwalifikowa\u0142 si\u0119 r\u00f3wnie\u017c<br \/>\n<strong>&#8211; PIOTR KALINA \/ wokal \/ tenor (<\/strong>klasa dr hab. ks. Zdzis\u0142awa Madeja)<\/p>\n<p style=\"text-align: justify;\">O miejscu Jego wyst\u0119pu artysta zostanie powiadomiony w terminie p\u00f3\u017aniejszym.<\/p>\n<p><\/p>","protected":false},"excerpt":{"rendered":"<p>Protok\u00f3\u0142 z posiedzenia JURY VII Og\u00f3lnouczelnianego Konkursu \u201eGram \u00a0z Orkiestr\u0105\u201d 6 kwietnia 2019 Do Konkursu, kt\u00f3ry odby\u0142 si\u0119 6.04.2019r. przyst\u0105pili: \u0141UKASZ JANKOWSKI (flet poprzeczny) KRZYSZTOF KAPELA\u0143CZYK (kontrabas) WOJCIECH KASZUBA (tr\u0105bka)&hellip; <a href=\"https:\/\/www.amuz.krakow.pl\/en\/konkursy\/konkursy-interpretacji-muzyki\/ogolnouczelniany-konkurs-gram-z-orkiestra\/2019-2\/laureaci\/\">Continue reading<\/a><\/p>\n","protected":false},"author":72,"featured_media":0,"parent":45084,"menu_order":3,"comment_status":"closed","ping_status":"closed","template":"","meta":{"footnotes":"","_links_to":"","_links_to_target":""},"class_list":["post-45091","page","type-page","status-publish","hentry"],"yoast_head":"<!-- This site is optimized with the Yoast SEO plugin v27.2 - https:\/\/yoast.com\/product\/yoast-seo-wordpress\/ -->\n<title>AMKP - Akademia Muzyczna im. Krzysztofa Pendereckiego w Krakowie<\/title>\n<meta name=\"robots\" content=\"index, follow, max-snippet:-1, max-image-preview:large, max-video-preview:-1\" \/>\n<link rel=\"canonical\" href=\"https:\/\/www.amuz.krakow.pl\/konkursy\/konkursy-interpretacji-muzyki\/ogolnouczelniany-konkurs-gram-z-orkiestra\/2019-2\/laureaci\/\" \/>\n<meta property=\"og:locale\" content=\"en_US\" \/>\n<meta property=\"og:type\" content=\"article\" \/>\n<meta property=\"og:title\" content=\"AMKP - Akademia Muzyczna im. Krzysztofa Pendereckiego w Krakowie\" \/>\n<meta property=\"og:description\" content=\"Protok\u00f3\u0142 z posiedzenia JURY VII Og\u00f3lnouczelnianego Konkursu \u201eGram \u00a0z Orkiestr\u0105\u201d 6 kwietnia 2019 Do Konkursu, kt\u00f3ry odby\u0142 si\u0119 6.04.2019r. przyst\u0105pili: \u0141UKASZ JANKOWSKI (flet poprzeczny) KRZYSZTOF KAPELA\u0143CZYK (kontrabas) WOJCIECH KASZUBA (tr\u0105bka)&hellip; Continue reading\" \/>\n<meta property=\"og:url\" content=\"https:\/\/www.amuz.krakow.pl\/konkursy\/konkursy-interpretacji-muzyki\/ogolnouczelniany-konkurs-gram-z-orkiestra\/2019-2\/laureaci\/\" \/>\n<meta property=\"og:site_name\" content=\"Akademia Muzyczna im. Krzysztofa Pendereckiego w Krakowie\" \/>\n<meta property=\"article:publisher\" content=\"https:\/\/www.facebook.com\/amuz.krakow\" \/>\n<meta property=\"article:modified_time\" content=\"2021-03-06T22:13:32+00:00\" \/>\n<meta property=\"og:image\" content=\"https:\/\/www.amuz.krakow.pl\/wp-content\/uploads\/2021\/11\/amkp.jpg\" \/>\n\t<meta property=\"og:image:width\" content=\"1193\" \/>\n\t<meta property=\"og:image:height\" content=\"591\" \/>\n\t<meta property=\"og:image:type\" content=\"image\/jpeg\" \/>\n<meta name=\"twitter:card\" content=\"summary_large_image\" \/>\n<meta name=\"twitter:label1\" content=\"Est. reading time\" \/>\n\t<meta name=\"twitter:data1\" content=\"2 minutes\" \/>\n<script type=\"application\/ld+json\" class=\"yoast-schema-graph\">{\"@context\":\"https:\/\/schema.org\",\"@graph\":[{\"@type\":\"WebPage\",\"@id\":\"https:\/\/www.amuz.krakow.pl\/konkursy\/konkursy-interpretacji-muzyki\/ogolnouczelniany-konkurs-gram-z-orkiestra\/2019-2\/laureaci\/\",\"url\":\"https:\/\/www.amuz.krakow.pl\/konkursy\/konkursy-interpretacji-muzyki\/ogolnouczelniany-konkurs-gram-z-orkiestra\/2019-2\/laureaci\/\",\"name\":\"AMKP - Akademia Muzyczna im. Krzysztofa Pendereckiego w Krakowie\",\"isPartOf\":{\"@id\":\"https:\/\/www.amuz.krakow.pl\/#website\"},\"datePublished\":\"2020-11-29T17:17:04+00:00\",\"dateModified\":\"2021-03-06T22:13:32+00:00\",\"breadcrumb\":{\"@id\":\"https:\/\/www.amuz.krakow.pl\/konkursy\/konkursy-interpretacji-muzyki\/ogolnouczelniany-konkurs-gram-z-orkiestra\/2019-2\/laureaci\/#breadcrumb\"},\"inLanguage\":\"en-US\",\"potentialAction\":[{\"@type\":\"ReadAction\",\"target\":[\"https:\/\/www.amuz.krakow.pl\/konkursy\/konkursy-interpretacji-muzyki\/ogolnouczelniany-konkurs-gram-z-orkiestra\/2019-2\/laureaci\/\"]}]},{\"@type\":\"BreadcrumbList\",\"@id\":\"https:\/\/www.amuz.krakow.pl\/konkursy\/konkursy-interpretacji-muzyki\/ogolnouczelniany-konkurs-gram-z-orkiestra\/2019-2\/laureaci\/#breadcrumb\",\"itemListElement\":[{\"@type\":\"ListItem\",\"position\":1,\"name\":\"Strona g\u0142\u00f3wna\",\"item\":\"https:\/\/www.amuz.krakow.pl\/\"},{\"@type\":\"ListItem\",\"position\":2,\"name\":\"Konkursy\",\"item\":\"https:\/\/www.amuz.krakow.pl\/konkursy\/\"},{\"@type\":\"ListItem\",\"position\":3,\"name\":\"Konkursy interpretacji muzyki\",\"item\":\"https:\/\/www.amuz.krakow.pl\/konkursy\/konkursy-interpretacji-muzyki\/\"},{\"@type\":\"ListItem\",\"position\":4,\"name\":\"Og\u00f3lnouczelniany Konkurs \u201eGRAM Z ORKIESTR\u0104\u201d\",\"item\":\"https:\/\/www.amuz.krakow.pl\/konkursy\/konkursy-interpretacji-muzyki\/ogolnouczelniany-konkurs-gram-z-orkiestra\/\"},{\"@type\":\"ListItem\",\"position\":5,\"name\":\"2019\",\"item\":\"https:\/\/www.amuz.krakow.pl\/konkursy\/konkursy-interpretacji-muzyki\/ogolnouczelniany-konkurs-gram-z-orkiestra\/2019-2\/\"},{\"@type\":\"ListItem\",\"position\":6,\"name\":\"Laureaci\"}]},{\"@type\":\"WebSite\",\"@id\":\"https:\/\/www.amuz.krakow.pl\/#website\",\"url\":\"https:\/\/www.amuz.krakow.pl\/\",\"name\":\"Akademia Muzyczna im. Krzysztofa Pendereckiego w Krakowie\",\"description\":\"Oficjalna strona Akademii Muzycznej im. Krzysztofa Pendereckiego w Krakowie (AMKP).\",\"publisher\":{\"@id\":\"https:\/\/www.amuz.krakow.pl\/#organization\"},\"alternateName\":\"AMKP\",\"potentialAction\":[{\"@type\":\"SearchAction\",\"target\":{\"@type\":\"EntryPoint\",\"urlTemplate\":\"https:\/\/www.amuz.krakow.pl\/?s={search_term_string}\"},\"query-input\":{\"@type\":\"PropertyValueSpecification\",\"valueRequired\":true,\"valueName\":\"search_term_string\"}}],\"inLanguage\":\"en-US\"},{\"@type\":\"Organization\",\"@id\":\"https:\/\/www.amuz.krakow.pl\/#organization\",\"name\":\"Akademia Muzyczna im. Krzysztofa Pendereckiego w Krakowie\",\"alternateName\":\"AMKP\",\"url\":\"https:\/\/www.amuz.krakow.pl\/\",\"logo\":{\"@type\":\"ImageObject\",\"inLanguage\":\"en-US\",\"@id\":\"https:\/\/www.amuz.krakow.pl\/#\/schema\/logo\/image\/\",\"url\":\"https:\/\/www.amuz.krakow.pl\/wp-content\/uploads\/2021\/11\/amkp.jpg\",\"contentUrl\":\"https:\/\/www.amuz.krakow.pl\/wp-content\/uploads\/2021\/11\/amkp.jpg\",\"width\":1193,\"height\":591,\"caption\":\"Akademia Muzyczna im. Krzysztofa Pendereckiego w Krakowie\"},\"image\":{\"@id\":\"https:\/\/www.amuz.krakow.pl\/#\/schema\/logo\/image\/\"},\"sameAs\":[\"https:\/\/www.facebook.com\/amuz.krakow\",\"https:\/\/www.instagram.com\/amkpenderecki\/\",\"https:\/\/www.youtube.com\/@amkpenderecki4806\"]}]}<\/script>\n<!-- \/ Yoast SEO plugin. -->","yoast_head_json":{"title":"AMKP - Akademia Muzyczna im. Krzysztofa Pendereckiego w Krakowie","robots":{"index":"index","follow":"follow","max-snippet":"max-snippet:-1","max-image-preview":"max-image-preview:large","max-video-preview":"max-video-preview:-1"},"canonical":"https:\/\/www.amuz.krakow.pl\/konkursy\/konkursy-interpretacji-muzyki\/ogolnouczelniany-konkurs-gram-z-orkiestra\/2019-2\/laureaci\/","og_locale":"en_US","og_type":"article","og_title":"AMKP - Akademia Muzyczna im. Krzysztofa Pendereckiego w Krakowie","og_description":"Protok\u00f3\u0142 z posiedzenia JURY VII Og\u00f3lnouczelnianego Konkursu \u201eGram \u00a0z Orkiestr\u0105\u201d 6 kwietnia 2019 Do Konkursu, kt\u00f3ry odby\u0142 si\u0119 6.04.2019r. przyst\u0105pili: \u0141UKASZ JANKOWSKI (flet poprzeczny) KRZYSZTOF KAPELA\u0143CZYK (kontrabas) WOJCIECH KASZUBA (tr\u0105bka)&hellip; Continue reading","og_url":"https:\/\/www.amuz.krakow.pl\/konkursy\/konkursy-interpretacji-muzyki\/ogolnouczelniany-konkurs-gram-z-orkiestra\/2019-2\/laureaci\/","og_site_name":"Akademia Muzyczna im. Krzysztofa Pendereckiego w Krakowie","article_publisher":"https:\/\/www.facebook.com\/amuz.krakow","article_modified_time":"2021-03-06T22:13:32+00:00","og_image":[{"width":1193,"height":591,"url":"https:\/\/www.amuz.krakow.pl\/wp-content\/uploads\/2021\/11\/amkp.jpg","type":"image\/jpeg"}],"twitter_card":"summary_large_image","twitter_misc":{"Est. reading time":"2 minutes"},"schema":{"@context":"https:\/\/schema.org","@graph":[{"@type":"WebPage","@id":"https:\/\/www.amuz.krakow.pl\/konkursy\/konkursy-interpretacji-muzyki\/ogolnouczelniany-konkurs-gram-z-orkiestra\/2019-2\/laureaci\/","url":"https:\/\/www.amuz.krakow.pl\/konkursy\/konkursy-interpretacji-muzyki\/ogolnouczelniany-konkurs-gram-z-orkiestra\/2019-2\/laureaci\/","name":"AMKP - Akademia Muzyczna im. Krzysztofa Pendereckiego w Krakowie","isPartOf":{"@id":"https:\/\/www.amuz.krakow.pl\/#website"},"datePublished":"2020-11-29T17:17:04+00:00","dateModified":"2021-03-06T22:13:32+00:00","breadcrumb":{"@id":"https:\/\/www.amuz.krakow.pl\/konkursy\/konkursy-interpretacji-muzyki\/ogolnouczelniany-konkurs-gram-z-orkiestra\/2019-2\/laureaci\/#breadcrumb"},"inLanguage":"en-US","potentialAction":[{"@type":"ReadAction","target":["https:\/\/www.amuz.krakow.pl\/konkursy\/konkursy-interpretacji-muzyki\/ogolnouczelniany-konkurs-gram-z-orkiestra\/2019-2\/laureaci\/"]}]},{"@type":"BreadcrumbList","@id":"https:\/\/www.amuz.krakow.pl\/konkursy\/konkursy-interpretacji-muzyki\/ogolnouczelniany-konkurs-gram-z-orkiestra\/2019-2\/laureaci\/#breadcrumb","itemListElement":[{"@type":"ListItem","position":1,"name":"Strona g\u0142\u00f3wna","item":"https:\/\/www.amuz.krakow.pl\/"},{"@type":"ListItem","position":2,"name":"Konkursy","item":"https:\/\/www.amuz.krakow.pl\/konkursy\/"},{"@type":"ListItem","position":3,"name":"Konkursy interpretacji muzyki","item":"https:\/\/www.amuz.krakow.pl\/konkursy\/konkursy-interpretacji-muzyki\/"},{"@type":"ListItem","position":4,"name":"Og\u00f3lnouczelniany Konkurs \u201eGRAM Z ORKIESTR\u0104\u201d","item":"https:\/\/www.amuz.krakow.pl\/konkursy\/konkursy-interpretacji-muzyki\/ogolnouczelniany-konkurs-gram-z-orkiestra\/"},{"@type":"ListItem","position":5,"name":"2019","item":"https:\/\/www.amuz.krakow.pl\/konkursy\/konkursy-interpretacji-muzyki\/ogolnouczelniany-konkurs-gram-z-orkiestra\/2019-2\/"},{"@type":"ListItem","position":6,"name":"Laureaci"}]},{"@type":"WebSite","@id":"https:\/\/www.amuz.krakow.pl\/#website","url":"https:\/\/www.amuz.krakow.pl\/","name":"Akademia Muzyczna im. Krzysztofa Pendereckiego w Krakowie","description":"Oficjalna strona Akademii Muzycznej im. Krzysztofa Pendereckiego w Krakowie (AMKP).","publisher":{"@id":"https:\/\/www.amuz.krakow.pl\/#organization"},"alternateName":"AMKP","potentialAction":[{"@type":"SearchAction","target":{"@type":"EntryPoint","urlTemplate":"https:\/\/www.amuz.krakow.pl\/?s={search_term_string}"},"query-input":{"@type":"PropertyValueSpecification","valueRequired":true,"valueName":"search_term_string"}}],"inLanguage":"en-US"},{"@type":"Organization","@id":"https:\/\/www.amuz.krakow.pl\/#organization","name":"Akademia Muzyczna im. Krzysztofa Pendereckiego w Krakowie","alternateName":"AMKP","url":"https:\/\/www.amuz.krakow.pl\/","logo":{"@type":"ImageObject","inLanguage":"en-US","@id":"https:\/\/www.amuz.krakow.pl\/#\/schema\/logo\/image\/","url":"https:\/\/www.amuz.krakow.pl\/wp-content\/uploads\/2021\/11\/amkp.jpg","contentUrl":"https:\/\/www.amuz.krakow.pl\/wp-content\/uploads\/2021\/11\/amkp.jpg","width":1193,"height":591,"caption":"Akademia Muzyczna im. Krzysztofa Pendereckiego w Krakowie"},"image":{"@id":"https:\/\/www.amuz.krakow.pl\/#\/schema\/logo\/image\/"},"sameAs":["https:\/\/www.facebook.com\/amuz.krakow","https:\/\/www.instagram.com\/amkpenderecki\/","https:\/\/www.youtube.com\/@amkpenderecki4806"]}]}},"_links":{"self":[{"href":"https:\/\/www.amuz.krakow.pl\/en\/wp-json\/wp\/v2\/pages\/45091","targetHints":{"allow":["GET"]}}],"collection":[{"href":"https:\/\/www.amuz.krakow.pl\/en\/wp-json\/wp\/v2\/pages"}],"about":[{"href":"https:\/\/www.amuz.krakow.pl\/en\/wp-json\/wp\/v2\/types\/page"}],"author":[{"embeddable":true,"href":"https:\/\/www.amuz.krakow.pl\/en\/wp-json\/wp\/v2\/users\/72"}],"replies":[{"embeddable":true,"href":"https:\/\/www.amuz.krakow.pl\/en\/wp-json\/wp\/v2\/comments?post=45091"}],"version-history":[{"count":2,"href":"https:\/\/www.amuz.krakow.pl\/en\/wp-json\/wp\/v2\/pages\/45091\/revisions"}],"predecessor-version":[{"id":47562,"href":"https:\/\/www.amuz.krakow.pl\/en\/wp-json\/wp\/v2\/pages\/45091\/revisions\/47562"}],"up":[{"embeddable":true,"href":"https:\/\/www.amuz.krakow.pl\/en\/wp-json\/wp\/v2\/pages\/45084"}],"wp:attachment":[{"href":"https:\/\/www.amuz.krakow.pl\/en\/wp-json\/wp\/v2\/media?parent=45091"}],"curies":[{"name":"wp","href":"https:\/\/api.w.org\/{rel}","templated":true}]}}