{"id":44531,"date":"2020-11-19T23:09:10","date_gmt":"2020-11-19T22:09:10","guid":{"rendered":"https:\/\/www.amuz.krakow.pl\/?page_id=44531"},"modified":"2026-01-26T12:04:57","modified_gmt":"2026-01-26T11:04:57","slug":"prof-dr-hab-teresa-malecka-kierownik-centrum","status":"publish","type":"page","link":"https:\/\/www.amuz.krakow.pl\/en\/wydzialy\/wydzial-i-tworczosci-interpretacji-i-edukacji-muzycznej\/centrum-dokumentacji-tworczosci-kompozytorow-krakowskich\/prof-dr-hab-teresa-malecka-kierownik-centrum\/","title":{"rendered":"prof. dr hab. Teresa Malecka &#8211; HEAD"},"content":{"rendered":"<p><a href=\"https:\/\/www.amuz.krakow.pl\/wp-content\/uploads\/2016\/02\/malec.jpg\"><img loading=\"lazy\" decoding=\"async\" class=\"alignleft wp-image-1268\" src=\"https:\/\/www.amuz.krakow.pl\/wp-content\/uploads\/2016\/02\/malec-200x300.jpg\" alt=\"\" width=\"194\" height=\"296\" \/><\/a><\/p>\n<p style=\"text-align: justify;\">Prof. dr hab. Teresa Malecka \u2013 music theorist, head of the Documentation Center of Krakow Composers Output; \u00a0editorial head of &#8220;Teoria muzyki. Studia, interpretacje, dokumentacje&#8221;. In the years 1992 \u2013 1999 \u2013 vice-rector for students and\u00a0 in 2002 \u2013 2008 &#8211; vice-rector for science and didactic of Academy of Music in Krak\u00f3w, initiator and organizer of many international and Polish musicological conferences, as well as scientific editor of the books.<br \/>\nShe has done research on Russian music (Rimski-Korsakov, Mussorgski) on contemporary Polish music (Penderecki, G\u00f3recki, Bujarski), on the word\u2013sound relationship and that between the arts in a semiotic perspective. The author of books:<em> S\u0142owo, obraz i d\u017awi\u0119k w tw\u00f3rczo\u015bci Modesta Musorgskiego <\/em>(1996) and \u00a0<em>Zbigniew Bujarski. <\/em><em>Tw\u00f3rczo\u015b\u0107 i osobowo\u015b\u0107 <\/em>(2006)<em>, <\/em>and \u00a0about 100 scientific articles; she took part in the international congresses and symposia (West and East Europe, USA, Poland). T. Malecka is the member of Polish Composer Union, Societe Internationale d\u2019Histoire Comparee du Theatre, de l\u2019Opera et du Ballet, the head of Artistic Board of Ludwig van Beethoven Easter Festival, in the years 2010- 2018 the member of \u00a0the Board of National Center of Science in Poland.<\/p>\n<p><a href=\"mailto:teresa.malecka@amuz.krakow.pl\">teresa.malecka@amuz.krakow.pl<\/a><\/p>\n<p>&nbsp;<\/p>\n<p>&nbsp;<\/p>","protected":false},"excerpt":{"rendered":"<p>Prof. dr hab. Teresa Malecka \u2013 music theorist, head of the Documentation Center of Krakow Composers Output; \u00a0editorial head of &#8220;Teoria muzyki. Studia, interpretacje, dokumentacje&#8221;. In the years 1992 \u2013&hellip; <a href=\"https:\/\/www.amuz.krakow.pl\/en\/wydzialy\/wydzial-i-tworczosci-interpretacji-i-edukacji-muzycznej\/centrum-dokumentacji-tworczosci-kompozytorow-krakowskich\/prof-dr-hab-teresa-malecka-kierownik-centrum\/\">Continue reading<\/a><\/p>\n","protected":false},"author":72,"featured_media":0,"parent":33557,"menu_order":1,"comment_status":"closed","ping_status":"closed","template":"","meta":{"footnotes":"","_links_to":"","_links_to_target":""},"class_list":["post-44531","page","type-page","status-publish","hentry"],"yoast_head":"<!-- This site is optimized with the Yoast SEO plugin v27.2 - https:\/\/yoast.com\/product\/yoast-seo-wordpress\/ -->\n<title>AMKP - Akademia Muzyczna im. Krzysztofa Pendereckiego w Krakowie<\/title>\n<meta name=\"robots\" content=\"index, follow, max-snippet:-1, max-image-preview:large, max-video-preview:-1\" \/>\n<link rel=\"canonical\" href=\"https:\/\/www.amuz.krakow.pl\/wydzialy\/wydzial-i-tworczosci-interpretacji-i-edukacji-muzycznej\/centrum-dokumentacji-tworczosci-kompozytorow-krakowskich\/prof-dr-hab-teresa-malecka-kierownik-centrum\/\" \/>\n<meta property=\"og:locale\" content=\"en_US\" \/>\n<meta property=\"og:type\" content=\"article\" \/>\n<meta property=\"og:title\" content=\"AMKP - Akademia Muzyczna im. Krzysztofa Pendereckiego w Krakowie\" \/>\n<meta property=\"og:description\" content=\"Prof. dr hab. Teresa Malecka \u2013 music theorist, head of the Documentation Center of Krakow Composers Output; \u00a0editorial head of &#8220;Teoria muzyki. Studia, interpretacje, dokumentacje&#8221;. In the years 1992 \u2013&hellip; Continue reading\" \/>\n<meta property=\"og:url\" content=\"https:\/\/www.amuz.krakow.pl\/wydzialy\/wydzial-i-tworczosci-interpretacji-i-edukacji-muzycznej\/centrum-dokumentacji-tworczosci-kompozytorow-krakowskich\/prof-dr-hab-teresa-malecka-kierownik-centrum\/\" \/>\n<meta property=\"og:site_name\" content=\"Akademia Muzyczna im. Krzysztofa Pendereckiego w Krakowie\" \/>\n<meta property=\"article:publisher\" content=\"https:\/\/www.facebook.com\/amuz.krakow\" \/>\n<meta property=\"article:modified_time\" content=\"2026-01-26T11:04:57+00:00\" \/>\n<meta property=\"og:image\" content=\"https:\/\/www.amuz.krakow.pl\/wp-content\/uploads\/2016\/02\/malec.jpg\" \/>\n\t<meta property=\"og:image:width\" content=\"620\" \/>\n\t<meta property=\"og:image:height\" content=\"930\" \/>\n\t<meta property=\"og:image:type\" content=\"image\/jpeg\" \/>\n<meta name=\"twitter:card\" content=\"summary_large_image\" \/>\n<meta name=\"twitter:label1\" content=\"Est. reading time\" \/>\n\t<meta name=\"twitter:data1\" content=\"4 minutes\" \/>\n<script type=\"application\/ld+json\" class=\"yoast-schema-graph\">{\"@context\":\"https:\/\/schema.org\",\"@graph\":[{\"@type\":\"WebPage\",\"@id\":\"https:\/\/www.amuz.krakow.pl\/wydzialy\/wydzial-i-tworczosci-interpretacji-i-edukacji-muzycznej\/centrum-dokumentacji-tworczosci-kompozytorow-krakowskich\/prof-dr-hab-teresa-malecka-kierownik-centrum\/\",\"url\":\"https:\/\/www.amuz.krakow.pl\/wydzialy\/wydzial-i-tworczosci-interpretacji-i-edukacji-muzycznej\/centrum-dokumentacji-tworczosci-kompozytorow-krakowskich\/prof-dr-hab-teresa-malecka-kierownik-centrum\/\",\"name\":\"AMKP - Akademia Muzyczna im. Krzysztofa Pendereckiego w Krakowie\",\"isPartOf\":{\"@id\":\"https:\/\/www.amuz.krakow.pl\/#website\"},\"primaryImageOfPage\":{\"@id\":\"https:\/\/www.amuz.krakow.pl\/wydzialy\/wydzial-i-tworczosci-interpretacji-i-edukacji-muzycznej\/centrum-dokumentacji-tworczosci-kompozytorow-krakowskich\/prof-dr-hab-teresa-malecka-kierownik-centrum\/#primaryimage\"},\"image\":{\"@id\":\"https:\/\/www.amuz.krakow.pl\/wydzialy\/wydzial-i-tworczosci-interpretacji-i-edukacji-muzycznej\/centrum-dokumentacji-tworczosci-kompozytorow-krakowskich\/prof-dr-hab-teresa-malecka-kierownik-centrum\/#primaryimage\"},\"thumbnailUrl\":\"https:\/\/www.amuz.krakow.pl\/wp-content\/uploads\/2016\/02\/malec-200x300.jpg\",\"datePublished\":\"2020-11-19T22:09:10+00:00\",\"dateModified\":\"2026-01-26T11:04:57+00:00\",\"breadcrumb\":{\"@id\":\"https:\/\/www.amuz.krakow.pl\/wydzialy\/wydzial-i-tworczosci-interpretacji-i-edukacji-muzycznej\/centrum-dokumentacji-tworczosci-kompozytorow-krakowskich\/prof-dr-hab-teresa-malecka-kierownik-centrum\/#breadcrumb\"},\"inLanguage\":\"en-US\",\"potentialAction\":[{\"@type\":\"ReadAction\",\"target\":[\"https:\/\/www.amuz.krakow.pl\/wydzialy\/wydzial-i-tworczosci-interpretacji-i-edukacji-muzycznej\/centrum-dokumentacji-tworczosci-kompozytorow-krakowskich\/prof-dr-hab-teresa-malecka-kierownik-centrum\/\"]}]},{\"@type\":\"ImageObject\",\"inLanguage\":\"en-US\",\"@id\":\"https:\/\/www.amuz.krakow.pl\/wydzialy\/wydzial-i-tworczosci-interpretacji-i-edukacji-muzycznej\/centrum-dokumentacji-tworczosci-kompozytorow-krakowskich\/prof-dr-hab-teresa-malecka-kierownik-centrum\/#primaryimage\",\"url\":\"https:\/\/www.amuz.krakow.pl\/wp-content\/uploads\/2016\/02\/malec-200x300.jpg\",\"contentUrl\":\"https:\/\/www.amuz.krakow.pl\/wp-content\/uploads\/2016\/02\/malec-200x300.jpg\"},{\"@type\":\"BreadcrumbList\",\"@id\":\"https:\/\/www.amuz.krakow.pl\/wydzialy\/wydzial-i-tworczosci-interpretacji-i-edukacji-muzycznej\/centrum-dokumentacji-tworczosci-kompozytorow-krakowskich\/prof-dr-hab-teresa-malecka-kierownik-centrum\/#breadcrumb\",\"itemListElement\":[{\"@type\":\"ListItem\",\"position\":1,\"name\":\"Strona g\u0142\u00f3wna\",\"item\":\"https:\/\/www.amuz.krakow.pl\/\"},{\"@type\":\"ListItem\",\"position\":2,\"name\":\"WYDZIA\u0141Y\",\"item\":\"https:\/\/www.amuz.krakow.pl\/wydzialy\/\"},{\"@type\":\"ListItem\",\"position\":3,\"name\":\"Wydzia\u0142 Tw\u00f3rczo\u015bci, Interpretacji i Edukacji Muzycznej\",\"item\":\"https:\/\/www.amuz.krakow.pl\/wydzialy\/wydzial-i-tworczosci-interpretacji-i-edukacji-muzycznej\/\"},{\"@type\":\"ListItem\",\"position\":4,\"name\":\"Centrum Dokumentacji Tw\u00f3rczo\u015bci Kompozytor\u00f3w Krakowskich\",\"item\":\"https:\/\/www.amuz.krakow.pl\/wydzialy\/wydzial-i-tworczosci-interpretacji-i-edukacji-muzycznej\/centrum-dokumentacji-tworczosci-kompozytorow-krakowskich\/\"},{\"@type\":\"ListItem\",\"position\":5,\"name\":\"prof. dr hab. Teresa Malecka &#8211; Kierownik Centrum\"}]},{\"@type\":\"WebSite\",\"@id\":\"https:\/\/www.amuz.krakow.pl\/#website\",\"url\":\"https:\/\/www.amuz.krakow.pl\/\",\"name\":\"Akademia Muzyczna im. Krzysztofa Pendereckiego w Krakowie\",\"description\":\"Oficjalna strona Akademii Muzycznej im. Krzysztofa Pendereckiego w Krakowie (AMKP).\",\"publisher\":{\"@id\":\"https:\/\/www.amuz.krakow.pl\/#organization\"},\"alternateName\":\"AMKP\",\"potentialAction\":[{\"@type\":\"SearchAction\",\"target\":{\"@type\":\"EntryPoint\",\"urlTemplate\":\"https:\/\/www.amuz.krakow.pl\/?s={search_term_string}\"},\"query-input\":{\"@type\":\"PropertyValueSpecification\",\"valueRequired\":true,\"valueName\":\"search_term_string\"}}],\"inLanguage\":\"en-US\"},{\"@type\":\"Organization\",\"@id\":\"https:\/\/www.amuz.krakow.pl\/#organization\",\"name\":\"Akademia Muzyczna im. Krzysztofa Pendereckiego w Krakowie\",\"alternateName\":\"AMKP\",\"url\":\"https:\/\/www.amuz.krakow.pl\/\",\"logo\":{\"@type\":\"ImageObject\",\"inLanguage\":\"en-US\",\"@id\":\"https:\/\/www.amuz.krakow.pl\/#\/schema\/logo\/image\/\",\"url\":\"https:\/\/www.amuz.krakow.pl\/wp-content\/uploads\/2021\/11\/amkp.jpg\",\"contentUrl\":\"https:\/\/www.amuz.krakow.pl\/wp-content\/uploads\/2021\/11\/amkp.jpg\",\"width\":1193,\"height\":591,\"caption\":\"Akademia Muzyczna im. Krzysztofa Pendereckiego w Krakowie\"},\"image\":{\"@id\":\"https:\/\/www.amuz.krakow.pl\/#\/schema\/logo\/image\/\"},\"sameAs\":[\"https:\/\/www.facebook.com\/amuz.krakow\",\"https:\/\/www.instagram.com\/amkpenderecki\/\",\"https:\/\/www.youtube.com\/@amkpenderecki4806\"]}]}<\/script>\n<!-- \/ Yoast SEO plugin. -->","yoast_head_json":{"title":"AMKP - Akademia Muzyczna im. Krzysztofa Pendereckiego w Krakowie","robots":{"index":"index","follow":"follow","max-snippet":"max-snippet:-1","max-image-preview":"max-image-preview:large","max-video-preview":"max-video-preview:-1"},"canonical":"https:\/\/www.amuz.krakow.pl\/wydzialy\/wydzial-i-tworczosci-interpretacji-i-edukacji-muzycznej\/centrum-dokumentacji-tworczosci-kompozytorow-krakowskich\/prof-dr-hab-teresa-malecka-kierownik-centrum\/","og_locale":"en_US","og_type":"article","og_title":"AMKP - Akademia Muzyczna im. Krzysztofa Pendereckiego w Krakowie","og_description":"Prof. dr hab. Teresa Malecka \u2013 music theorist, head of the Documentation Center of Krakow Composers Output; \u00a0editorial head of &#8220;Teoria muzyki. Studia, interpretacje, dokumentacje&#8221;. In the years 1992 \u2013&hellip; Continue reading","og_url":"https:\/\/www.amuz.krakow.pl\/wydzialy\/wydzial-i-tworczosci-interpretacji-i-edukacji-muzycznej\/centrum-dokumentacji-tworczosci-kompozytorow-krakowskich\/prof-dr-hab-teresa-malecka-kierownik-centrum\/","og_site_name":"Akademia Muzyczna im. Krzysztofa Pendereckiego w Krakowie","article_publisher":"https:\/\/www.facebook.com\/amuz.krakow","article_modified_time":"2026-01-26T11:04:57+00:00","og_image":[{"width":620,"height":930,"url":"https:\/\/www.amuz.krakow.pl\/wp-content\/uploads\/2016\/02\/malec.jpg","type":"image\/jpeg"}],"twitter_card":"summary_large_image","twitter_misc":{"Est. reading time":"4 minutes"},"schema":{"@context":"https:\/\/schema.org","@graph":[{"@type":"WebPage","@id":"https:\/\/www.amuz.krakow.pl\/wydzialy\/wydzial-i-tworczosci-interpretacji-i-edukacji-muzycznej\/centrum-dokumentacji-tworczosci-kompozytorow-krakowskich\/prof-dr-hab-teresa-malecka-kierownik-centrum\/","url":"https:\/\/www.amuz.krakow.pl\/wydzialy\/wydzial-i-tworczosci-interpretacji-i-edukacji-muzycznej\/centrum-dokumentacji-tworczosci-kompozytorow-krakowskich\/prof-dr-hab-teresa-malecka-kierownik-centrum\/","name":"AMKP - Akademia Muzyczna im. Krzysztofa Pendereckiego w Krakowie","isPartOf":{"@id":"https:\/\/www.amuz.krakow.pl\/#website"},"primaryImageOfPage":{"@id":"https:\/\/www.amuz.krakow.pl\/wydzialy\/wydzial-i-tworczosci-interpretacji-i-edukacji-muzycznej\/centrum-dokumentacji-tworczosci-kompozytorow-krakowskich\/prof-dr-hab-teresa-malecka-kierownik-centrum\/#primaryimage"},"image":{"@id":"https:\/\/www.amuz.krakow.pl\/wydzialy\/wydzial-i-tworczosci-interpretacji-i-edukacji-muzycznej\/centrum-dokumentacji-tworczosci-kompozytorow-krakowskich\/prof-dr-hab-teresa-malecka-kierownik-centrum\/#primaryimage"},"thumbnailUrl":"https:\/\/www.amuz.krakow.pl\/wp-content\/uploads\/2016\/02\/malec-200x300.jpg","datePublished":"2020-11-19T22:09:10+00:00","dateModified":"2026-01-26T11:04:57+00:00","breadcrumb":{"@id":"https:\/\/www.amuz.krakow.pl\/wydzialy\/wydzial-i-tworczosci-interpretacji-i-edukacji-muzycznej\/centrum-dokumentacji-tworczosci-kompozytorow-krakowskich\/prof-dr-hab-teresa-malecka-kierownik-centrum\/#breadcrumb"},"inLanguage":"en-US","potentialAction":[{"@type":"ReadAction","target":["https:\/\/www.amuz.krakow.pl\/wydzialy\/wydzial-i-tworczosci-interpretacji-i-edukacji-muzycznej\/centrum-dokumentacji-tworczosci-kompozytorow-krakowskich\/prof-dr-hab-teresa-malecka-kierownik-centrum\/"]}]},{"@type":"ImageObject","inLanguage":"en-US","@id":"https:\/\/www.amuz.krakow.pl\/wydzialy\/wydzial-i-tworczosci-interpretacji-i-edukacji-muzycznej\/centrum-dokumentacji-tworczosci-kompozytorow-krakowskich\/prof-dr-hab-teresa-malecka-kierownik-centrum\/#primaryimage","url":"https:\/\/www.amuz.krakow.pl\/wp-content\/uploads\/2016\/02\/malec-200x300.jpg","contentUrl":"https:\/\/www.amuz.krakow.pl\/wp-content\/uploads\/2016\/02\/malec-200x300.jpg"},{"@type":"BreadcrumbList","@id":"https:\/\/www.amuz.krakow.pl\/wydzialy\/wydzial-i-tworczosci-interpretacji-i-edukacji-muzycznej\/centrum-dokumentacji-tworczosci-kompozytorow-krakowskich\/prof-dr-hab-teresa-malecka-kierownik-centrum\/#breadcrumb","itemListElement":[{"@type":"ListItem","position":1,"name":"Strona g\u0142\u00f3wna","item":"https:\/\/www.amuz.krakow.pl\/"},{"@type":"ListItem","position":2,"name":"WYDZIA\u0141Y","item":"https:\/\/www.amuz.krakow.pl\/wydzialy\/"},{"@type":"ListItem","position":3,"name":"Wydzia\u0142 Tw\u00f3rczo\u015bci, Interpretacji i Edukacji Muzycznej","item":"https:\/\/www.amuz.krakow.pl\/wydzialy\/wydzial-i-tworczosci-interpretacji-i-edukacji-muzycznej\/"},{"@type":"ListItem","position":4,"name":"Centrum Dokumentacji Tw\u00f3rczo\u015bci Kompozytor\u00f3w Krakowskich","item":"https:\/\/www.amuz.krakow.pl\/wydzialy\/wydzial-i-tworczosci-interpretacji-i-edukacji-muzycznej\/centrum-dokumentacji-tworczosci-kompozytorow-krakowskich\/"},{"@type":"ListItem","position":5,"name":"prof. dr hab. Teresa Malecka &#8211; Kierownik Centrum"}]},{"@type":"WebSite","@id":"https:\/\/www.amuz.krakow.pl\/#website","url":"https:\/\/www.amuz.krakow.pl\/","name":"Akademia Muzyczna im. Krzysztofa Pendereckiego w Krakowie","description":"Oficjalna strona Akademii Muzycznej im. Krzysztofa Pendereckiego w Krakowie (AMKP).","publisher":{"@id":"https:\/\/www.amuz.krakow.pl\/#organization"},"alternateName":"AMKP","potentialAction":[{"@type":"SearchAction","target":{"@type":"EntryPoint","urlTemplate":"https:\/\/www.amuz.krakow.pl\/?s={search_term_string}"},"query-input":{"@type":"PropertyValueSpecification","valueRequired":true,"valueName":"search_term_string"}}],"inLanguage":"en-US"},{"@type":"Organization","@id":"https:\/\/www.amuz.krakow.pl\/#organization","name":"Akademia Muzyczna im. Krzysztofa Pendereckiego w Krakowie","alternateName":"AMKP","url":"https:\/\/www.amuz.krakow.pl\/","logo":{"@type":"ImageObject","inLanguage":"en-US","@id":"https:\/\/www.amuz.krakow.pl\/#\/schema\/logo\/image\/","url":"https:\/\/www.amuz.krakow.pl\/wp-content\/uploads\/2021\/11\/amkp.jpg","contentUrl":"https:\/\/www.amuz.krakow.pl\/wp-content\/uploads\/2021\/11\/amkp.jpg","width":1193,"height":591,"caption":"Akademia Muzyczna im. Krzysztofa Pendereckiego w Krakowie"},"image":{"@id":"https:\/\/www.amuz.krakow.pl\/#\/schema\/logo\/image\/"},"sameAs":["https:\/\/www.facebook.com\/amuz.krakow","https:\/\/www.instagram.com\/amkpenderecki\/","https:\/\/www.youtube.com\/@amkpenderecki4806"]}]}},"_links":{"self":[{"href":"https:\/\/www.amuz.krakow.pl\/en\/wp-json\/wp\/v2\/pages\/44531","targetHints":{"allow":["GET"]}}],"collection":[{"href":"https:\/\/www.amuz.krakow.pl\/en\/wp-json\/wp\/v2\/pages"}],"about":[{"href":"https:\/\/www.amuz.krakow.pl\/en\/wp-json\/wp\/v2\/types\/page"}],"author":[{"embeddable":true,"href":"https:\/\/www.amuz.krakow.pl\/en\/wp-json\/wp\/v2\/users\/72"}],"replies":[{"embeddable":true,"href":"https:\/\/www.amuz.krakow.pl\/en\/wp-json\/wp\/v2\/comments?post=44531"}],"version-history":[{"count":5,"href":"https:\/\/www.amuz.krakow.pl\/en\/wp-json\/wp\/v2\/pages\/44531\/revisions"}],"predecessor-version":[{"id":114104,"href":"https:\/\/www.amuz.krakow.pl\/en\/wp-json\/wp\/v2\/pages\/44531\/revisions\/114104"}],"up":[{"embeddable":true,"href":"https:\/\/www.amuz.krakow.pl\/en\/wp-json\/wp\/v2\/pages\/33557"}],"wp:attachment":[{"href":"https:\/\/www.amuz.krakow.pl\/en\/wp-json\/wp\/v2\/media?parent=44531"}],"curies":[{"name":"wp","href":"https:\/\/api.w.org\/{rel}","templated":true}]}}