{"id":44396,"date":"2020-11-17T13:02:22","date_gmt":"2020-11-17T12:02:22","guid":{"rendered":"https:\/\/www.amuz.krakow.pl\/?page_id=44396"},"modified":"2025-09-29T15:34:53","modified_gmt":"2025-09-29T13:34:53","slug":"dyzury-rektora-i-prorektorow","status":"publish","type":"page","link":"https:\/\/www.amuz.krakow.pl\/en\/pracownicy\/informacje-dla-pedagogow\/dyzury-rektora-i-prorektorow\/","title":{"rendered":"Rector and Vice Rectors&#8217; Office Hours"},"content":{"rendered":"<p><span style=\"font-size: 8pt;\">updated: 29 September 2025<\/span><\/p>\n<p style=\"text-align: center;\">Rector<br \/>\n<strong>prof. dr. hab. Mariusz Sielski<\/strong><br \/>\nThursday 12:00 p.m. &#8211; 2:00 p.m.<br \/>\n(after prior arrangement with the secretary)<br \/>\n<a href=\"mailto:rektor@amuz.krakow.pl\">rektor@amuz.krakow.pl<\/a><\/p>\n<p style=\"text-align: center;\">Vice-Rector for Artistic and Scientific Affairs<br \/>\n<b>prof. dr hab. Piotr Lato<\/b><br \/>\n<a role=\"link\" href=\"mailto:prorektorzy@amuz.krakow.pl\" target=\"_blank\" rel=\"noopener\">prorektorzy@amuz.krakow.pl<\/a><\/p>\n<p style=\"text-align: center;\">Vice-Rector for Teaching and International Cooperation<br \/>\n<b><strong>dr hab. Piotr R\u00f3\u017ca\u0144ski<br \/>\n<\/strong><\/b><a role=\"link\" href=\"mailto:prorektorzy@amuz.krakow.pl\" target=\"_blank\" rel=\"noopener\">prorektorzy@amuz.krakow.pl<\/a><\/p>\n<p style=\"text-align: center;\">Vice-Rector for Students and Promotion<br \/>\n<strong>dr Maria Wilczek-Krupa<br \/>\n<\/strong>room 316<br \/>\nMonday 3:00 p.m. &#8211; 4:00 p.m.<br \/>\nTuesday 12:30 p.m. &#8211; 1:30 p.m.<br \/>\n<a role=\"link\" href=\"mailto:maria.wilczek.krupa@amuz.krakow.pl\">maria.wilczek.krupa@amuz.krakow.pl<\/a><\/p>\n<p><\/p>","protected":false},"excerpt":{"rendered":"<p>updated: 29 September 2025 Rector prof. dr. hab. Mariusz Sielski Thursday 12:00 p.m. &#8211; 2:00 p.m. (after prior arrangement with the secretary) rektor@amuz.krakow.pl Vice-Rector for Artistic and Scientific Affairs prof.&hellip; <a href=\"https:\/\/www.amuz.krakow.pl\/en\/pracownicy\/informacje-dla-pedagogow\/dyzury-rektora-i-prorektorow\/\">Continue reading<\/a><\/p>\n","protected":false},"author":72,"featured_media":0,"parent":8055,"menu_order":5,"comment_status":"closed","ping_status":"closed","template":"","meta":{"footnotes":"","_links_to":"","_links_to_target":""},"class_list":["post-44396","page","type-page","status-publish","hentry"],"yoast_head":"<!-- This site is optimized with the Yoast SEO plugin v27.4 - https:\/\/yoast.com\/product\/yoast-seo-wordpress\/ -->\n<title>AMKP - Akademia Muzyczna im. Krzysztofa Pendereckiego w Krakowie<\/title>\n<meta name=\"robots\" content=\"index, follow, max-snippet:-1, max-image-preview:large, max-video-preview:-1\" \/>\n<link rel=\"canonical\" href=\"https:\/\/www.amuz.krakow.pl\/pracownicy\/informacje-dla-pedagogow\/dyzury-rektora-i-prorektorow\/\" \/>\n<meta property=\"og:locale\" content=\"en_US\" \/>\n<meta property=\"og:type\" content=\"article\" \/>\n<meta property=\"og:title\" content=\"AMKP - Akademia Muzyczna im. Krzysztofa Pendereckiego w Krakowie\" \/>\n<meta property=\"og:description\" content=\"updated: 29 September 2025 Rector prof. dr. hab. Mariusz Sielski Thursday 12:00 p.m. &#8211; 2:00 p.m. (after prior arrangement with the secretary) rektor@amuz.krakow.pl Vice-Rector for Artistic and Scientific Affairs prof.&hellip; Continue reading\" \/>\n<meta property=\"og:url\" content=\"https:\/\/www.amuz.krakow.pl\/pracownicy\/informacje-dla-pedagogow\/dyzury-rektora-i-prorektorow\/\" \/>\n<meta property=\"og:site_name\" content=\"Akademia Muzyczna im. Krzysztofa Pendereckiego w Krakowie\" \/>\n<meta property=\"article:publisher\" content=\"https:\/\/www.facebook.com\/amuz.krakow\" \/>\n<meta property=\"article:modified_time\" content=\"2025-09-29T13:34:53+00:00\" \/>\n<meta property=\"og:image\" content=\"https:\/\/www.amuz.krakow.pl\/wp-content\/uploads\/2021\/11\/amkp.jpg\" \/>\n\t<meta property=\"og:image:width\" content=\"1193\" \/>\n\t<meta property=\"og:image:height\" content=\"591\" \/>\n\t<meta property=\"og:image:type\" content=\"image\/jpeg\" \/>\n<meta name=\"twitter:card\" content=\"summary_large_image\" \/>\n<meta name=\"twitter:label1\" content=\"Est. reading time\" \/>\n\t<meta name=\"twitter:data1\" content=\"1 minute\" \/>\n<script type=\"application\/ld+json\" class=\"yoast-schema-graph\">{\"@context\":\"https:\\\/\\\/schema.org\",\"@graph\":[{\"@type\":\"WebPage\",\"@id\":\"https:\\\/\\\/www.amuz.krakow.pl\\\/pracownicy\\\/informacje-dla-pedagogow\\\/dyzury-rektora-i-prorektorow\\\/\",\"url\":\"https:\\\/\\\/www.amuz.krakow.pl\\\/pracownicy\\\/informacje-dla-pedagogow\\\/dyzury-rektora-i-prorektorow\\\/\",\"name\":\"AMKP - Akademia Muzyczna im. Krzysztofa Pendereckiego w Krakowie\",\"isPartOf\":{\"@id\":\"https:\\\/\\\/www.amuz.krakow.pl\\\/#website\"},\"datePublished\":\"2020-11-17T12:02:22+00:00\",\"dateModified\":\"2025-09-29T13:34:53+00:00\",\"breadcrumb\":{\"@id\":\"https:\\\/\\\/www.amuz.krakow.pl\\\/pracownicy\\\/informacje-dla-pedagogow\\\/dyzury-rektora-i-prorektorow\\\/#breadcrumb\"},\"inLanguage\":\"en-US\",\"potentialAction\":[{\"@type\":\"ReadAction\",\"target\":[\"https:\\\/\\\/www.amuz.krakow.pl\\\/pracownicy\\\/informacje-dla-pedagogow\\\/dyzury-rektora-i-prorektorow\\\/\"]}]},{\"@type\":\"BreadcrumbList\",\"@id\":\"https:\\\/\\\/www.amuz.krakow.pl\\\/pracownicy\\\/informacje-dla-pedagogow\\\/dyzury-rektora-i-prorektorow\\\/#breadcrumb\",\"itemListElement\":[{\"@type\":\"ListItem\",\"position\":1,\"name\":\"Strona g\u0142\u00f3wna\",\"item\":\"https:\\\/\\\/www.amuz.krakow.pl\\\/\"},{\"@type\":\"ListItem\",\"position\":2,\"name\":\"Pracownicy\",\"item\":\"https:\\\/\\\/www.amuz.krakow.pl\\\/pracownicy\\\/\"},{\"@type\":\"ListItem\",\"position\":3,\"name\":\"Informacje dla pracownik\u00f3w\",\"item\":\"https:\\\/\\\/www.amuz.krakow.pl\\\/pracownicy\\\/informacje-dla-pedagogow\\\/\"},{\"@type\":\"ListItem\",\"position\":4,\"name\":\"Dy\u017cury Rektora i Prorektor\u00f3w\"}]},{\"@type\":\"WebSite\",\"@id\":\"https:\\\/\\\/www.amuz.krakow.pl\\\/#website\",\"url\":\"https:\\\/\\\/www.amuz.krakow.pl\\\/\",\"name\":\"Akademia Muzyczna im. Krzysztofa Pendereckiego w Krakowie\",\"description\":\"Oficjalna strona Akademii Muzycznej im. Krzysztofa Pendereckiego w Krakowie (AMKP).\",\"publisher\":{\"@id\":\"https:\\\/\\\/www.amuz.krakow.pl\\\/#organization\"},\"alternateName\":\"AMKP\",\"potentialAction\":[{\"@type\":\"SearchAction\",\"target\":{\"@type\":\"EntryPoint\",\"urlTemplate\":\"https:\\\/\\\/www.amuz.krakow.pl\\\/?s={search_term_string}\"},\"query-input\":{\"@type\":\"PropertyValueSpecification\",\"valueRequired\":true,\"valueName\":\"search_term_string\"}}],\"inLanguage\":\"en-US\"},{\"@type\":\"Organization\",\"@id\":\"https:\\\/\\\/www.amuz.krakow.pl\\\/#organization\",\"name\":\"Akademia Muzyczna im. Krzysztofa Pendereckiego w Krakowie\",\"alternateName\":\"AMKP\",\"url\":\"https:\\\/\\\/www.amuz.krakow.pl\\\/\",\"logo\":{\"@type\":\"ImageObject\",\"inLanguage\":\"en-US\",\"@id\":\"https:\\\/\\\/www.amuz.krakow.pl\\\/#\\\/schema\\\/logo\\\/image\\\/\",\"url\":\"https:\\\/\\\/www.amuz.krakow.pl\\\/wp-content\\\/uploads\\\/2021\\\/11\\\/amkp.jpg\",\"contentUrl\":\"https:\\\/\\\/www.amuz.krakow.pl\\\/wp-content\\\/uploads\\\/2021\\\/11\\\/amkp.jpg\",\"width\":1193,\"height\":591,\"caption\":\"Akademia Muzyczna im. Krzysztofa Pendereckiego w Krakowie\"},\"image\":{\"@id\":\"https:\\\/\\\/www.amuz.krakow.pl\\\/#\\\/schema\\\/logo\\\/image\\\/\"},\"sameAs\":[\"https:\\\/\\\/www.facebook.com\\\/amuz.krakow\",\"https:\\\/\\\/www.instagram.com\\\/amkpenderecki\\\/\",\"https:\\\/\\\/www.youtube.com\\\/@amkpenderecki4806\"]}]}<\/script>\n<!-- \/ Yoast SEO plugin. -->","yoast_head_json":{"title":"AMKP - Akademia Muzyczna im. Krzysztofa Pendereckiego w Krakowie","robots":{"index":"index","follow":"follow","max-snippet":"max-snippet:-1","max-image-preview":"max-image-preview:large","max-video-preview":"max-video-preview:-1"},"canonical":"https:\/\/www.amuz.krakow.pl\/pracownicy\/informacje-dla-pedagogow\/dyzury-rektora-i-prorektorow\/","og_locale":"en_US","og_type":"article","og_title":"AMKP - Akademia Muzyczna im. Krzysztofa Pendereckiego w Krakowie","og_description":"updated: 29 September 2025 Rector prof. dr. hab. Mariusz Sielski Thursday 12:00 p.m. &#8211; 2:00 p.m. (after prior arrangement with the secretary) rektor@amuz.krakow.pl Vice-Rector for Artistic and Scientific Affairs prof.&hellip; Continue reading","og_url":"https:\/\/www.amuz.krakow.pl\/pracownicy\/informacje-dla-pedagogow\/dyzury-rektora-i-prorektorow\/","og_site_name":"Akademia Muzyczna im. Krzysztofa Pendereckiego w Krakowie","article_publisher":"https:\/\/www.facebook.com\/amuz.krakow","article_modified_time":"2025-09-29T13:34:53+00:00","og_image":[{"width":1193,"height":591,"url":"https:\/\/www.amuz.krakow.pl\/wp-content\/uploads\/2021\/11\/amkp.jpg","type":"image\/jpeg"}],"twitter_card":"summary_large_image","twitter_misc":{"Est. reading time":"1 minute"},"schema":{"@context":"https:\/\/schema.org","@graph":[{"@type":"WebPage","@id":"https:\/\/www.amuz.krakow.pl\/pracownicy\/informacje-dla-pedagogow\/dyzury-rektora-i-prorektorow\/","url":"https:\/\/www.amuz.krakow.pl\/pracownicy\/informacje-dla-pedagogow\/dyzury-rektora-i-prorektorow\/","name":"AMKP - Akademia Muzyczna im. Krzysztofa Pendereckiego w Krakowie","isPartOf":{"@id":"https:\/\/www.amuz.krakow.pl\/#website"},"datePublished":"2020-11-17T12:02:22+00:00","dateModified":"2025-09-29T13:34:53+00:00","breadcrumb":{"@id":"https:\/\/www.amuz.krakow.pl\/pracownicy\/informacje-dla-pedagogow\/dyzury-rektora-i-prorektorow\/#breadcrumb"},"inLanguage":"en-US","potentialAction":[{"@type":"ReadAction","target":["https:\/\/www.amuz.krakow.pl\/pracownicy\/informacje-dla-pedagogow\/dyzury-rektora-i-prorektorow\/"]}]},{"@type":"BreadcrumbList","@id":"https:\/\/www.amuz.krakow.pl\/pracownicy\/informacje-dla-pedagogow\/dyzury-rektora-i-prorektorow\/#breadcrumb","itemListElement":[{"@type":"ListItem","position":1,"name":"Strona g\u0142\u00f3wna","item":"https:\/\/www.amuz.krakow.pl\/"},{"@type":"ListItem","position":2,"name":"Pracownicy","item":"https:\/\/www.amuz.krakow.pl\/pracownicy\/"},{"@type":"ListItem","position":3,"name":"Informacje dla pracownik\u00f3w","item":"https:\/\/www.amuz.krakow.pl\/pracownicy\/informacje-dla-pedagogow\/"},{"@type":"ListItem","position":4,"name":"Dy\u017cury Rektora i Prorektor\u00f3w"}]},{"@type":"WebSite","@id":"https:\/\/www.amuz.krakow.pl\/#website","url":"https:\/\/www.amuz.krakow.pl\/","name":"Akademia Muzyczna im. Krzysztofa Pendereckiego w Krakowie","description":"Oficjalna strona Akademii Muzycznej im. Krzysztofa Pendereckiego w Krakowie (AMKP).","publisher":{"@id":"https:\/\/www.amuz.krakow.pl\/#organization"},"alternateName":"AMKP","potentialAction":[{"@type":"SearchAction","target":{"@type":"EntryPoint","urlTemplate":"https:\/\/www.amuz.krakow.pl\/?s={search_term_string}"},"query-input":{"@type":"PropertyValueSpecification","valueRequired":true,"valueName":"search_term_string"}}],"inLanguage":"en-US"},{"@type":"Organization","@id":"https:\/\/www.amuz.krakow.pl\/#organization","name":"Akademia Muzyczna im. Krzysztofa Pendereckiego w Krakowie","alternateName":"AMKP","url":"https:\/\/www.amuz.krakow.pl\/","logo":{"@type":"ImageObject","inLanguage":"en-US","@id":"https:\/\/www.amuz.krakow.pl\/#\/schema\/logo\/image\/","url":"https:\/\/www.amuz.krakow.pl\/wp-content\/uploads\/2021\/11\/amkp.jpg","contentUrl":"https:\/\/www.amuz.krakow.pl\/wp-content\/uploads\/2021\/11\/amkp.jpg","width":1193,"height":591,"caption":"Akademia Muzyczna im. Krzysztofa Pendereckiego w Krakowie"},"image":{"@id":"https:\/\/www.amuz.krakow.pl\/#\/schema\/logo\/image\/"},"sameAs":["https:\/\/www.facebook.com\/amuz.krakow","https:\/\/www.instagram.com\/amkpenderecki\/","https:\/\/www.youtube.com\/@amkpenderecki4806"]}]}},"_links":{"self":[{"href":"https:\/\/www.amuz.krakow.pl\/en\/wp-json\/wp\/v2\/pages\/44396","targetHints":{"allow":["GET"]}}],"collection":[{"href":"https:\/\/www.amuz.krakow.pl\/en\/wp-json\/wp\/v2\/pages"}],"about":[{"href":"https:\/\/www.amuz.krakow.pl\/en\/wp-json\/wp\/v2\/types\/page"}],"author":[{"embeddable":true,"href":"https:\/\/www.amuz.krakow.pl\/en\/wp-json\/wp\/v2\/users\/72"}],"replies":[{"embeddable":true,"href":"https:\/\/www.amuz.krakow.pl\/en\/wp-json\/wp\/v2\/comments?post=44396"}],"version-history":[{"count":7,"href":"https:\/\/www.amuz.krakow.pl\/en\/wp-json\/wp\/v2\/pages\/44396\/revisions"}],"predecessor-version":[{"id":66331,"href":"https:\/\/www.amuz.krakow.pl\/en\/wp-json\/wp\/v2\/pages\/44396\/revisions\/66331"}],"up":[{"embeddable":true,"href":"https:\/\/www.amuz.krakow.pl\/en\/wp-json\/wp\/v2\/pages\/8055"}],"wp:attachment":[{"href":"https:\/\/www.amuz.krakow.pl\/en\/wp-json\/wp\/v2\/media?parent=44396"}],"curies":[{"name":"wp","href":"https:\/\/api.w.org\/{rel}","templated":true}]}}