{"id":44310,"date":"2020-11-15T21:57:29","date_gmt":"2020-11-15T20:57:29","guid":{"rendered":"https:\/\/www.amuz.krakow.pl\/?page_id=44310"},"modified":"2025-06-24T13:34:32","modified_gmt":"2025-06-24T11:34:32","slug":"dyzury-kierownikowkatedr","status":"publish","type":"page","link":"https:\/\/www.amuz.krakow.pl\/en\/pracownicy\/informacje-dla-pedagogow\/dyzury-kierownikowkatedr\/","title":{"rendered":"Heads of Departments&#8217; Office Hours"},"content":{"rendered":"<p><span style=\"font-size: 10pt;\">updated: 5 June 2025<\/span><\/p>\n<hr \/>\n<p style=\"text-align: center;\"><em>Please schedule a meeting by e-mail.<\/em><\/p>\n<hr \/>\n<h4 class=\"entry-title\" style=\"text-align: center;\">Faculty of Composition, Interpretation and Music Education<\/h4>\n<p class=\"entry-title\" style=\"text-align: center;\">Department of Composition<br \/>\n<strong>prof. dr hab. Wojciech Wid\u0142ak<br \/>\n<\/strong><a href=\"mailto:wojciech.widlak@amuz.krakow.pl\">wojciech.widlak@amuz.krakow.pl<\/a><\/p>\n<p class=\"entry-title\" style=\"text-align: center;\">Department of Conducting<br \/>\n<strong>prof. dr hab. Rafa\u0142 Jacek Delekta<\/strong><br \/>\n<a href=\"mailto:rafaljacek.delekta@amuz.krakow.pl\">rafaljacek.delekta@amuz.krakow.pl<\/a><\/p>\n<p class=\"entry-title\" style=\"text-align: center;\">Department of Music Theory and Interpretation<br \/>\n<strong>dr\u00a0hab. Ma\u0142gorzata Janicka-S\u0142ysz, prof.\u00a0AM<br \/>\n<\/strong><a href=\"mailto:malgorzata.janicka.slysz@amuz.krakow.pl\">malgorzata.janicka.slysz@amuz.krakow.pl<\/a><strong><br \/>\n<\/strong><\/p>\n<p class=\"entry-title\" style=\"text-align: center;\">Department of Music and Education Research<br \/>\n<strong>dr\u00a0hab. Anna Kalarus<\/strong><br \/>\n<a href=\"mailto:anna.kalarus@amuz.krakow.pl\">anna.kalarus@amuz.krakow.pl<\/a><\/p>\n<p class=\"entry-title\" style=\"text-align: center;\">Department of Choral Studies<br \/>\n<strong>dr Andrzej Korzeniowski<\/strong><br \/>\n<a href=\"mailto:andrzej.korzeniowski@amuz.krakow.pl\">andrzej.korzeniowski@amuz.krakow.pl<\/a><\/p>\n<p class=\"entry-title\" style=\"text-align: center;\">Department of Church Music<br \/>\n<strong>dr hab. Daniel Prajzner<br \/>\n<\/strong><a href=\"mailto:daniel.prajzner@amuz.krakow.pl\">daniel.prajzner@amuz.krakow.pl<\/a><\/p>\n<hr \/>\n<h4 class=\"entry-title\" style=\"text-align: center;\">Instrumental Faculty<\/h4>\n<p class=\"entry-title\" style=\"text-align: center;\">Department of Piano<br \/>\n<strong>prof. dr hab. Marek Szlezer<\/strong><br \/>\n<a role=\"link\" href=\"mailto:marek.szlezer@amuz.krakow.pl\">marek.szlezer@amuz.krakow.pl<\/a><\/p>\n<p class=\"entry-title\" style=\"text-align: center;\">Department of Organ<br \/>\n<strong>prof.\u00a0dr\u00a0hab. Dariusz B\u0105kowski-Kois<br \/>\n<\/strong><a role=\"link\" href=\"mailto:dariusz.bakowski.kois@amuz.krakow.pl\">dariusz.bakowski.kois@amuz.krakow.pl<\/a><\/p>\n<p class=\"entry-title\" style=\"text-align: center;\">Department of Early Music<br \/>\n<strong>dr hab. Zbigniew Pilch, prof. AMKP<\/strong><br \/>\n<a href=\"mailto:zbigniew.pilch@amuz.krakow.pl\">zbigniew.pilch@amuz.krakow.pl<\/a><\/p>\n<p class=\"entry-title\" style=\"text-align: center;\">Department of Guitar and Harp<br \/>\n<strong>prof. dr hab. Micha\u0142 Nagy<\/strong><br \/>\n<a href=\"mailto:michal.nagy@amuz.krakow.pl\">michal.nagy@amuz.krakow.pl<\/a><\/p>\n<p class=\"entry-title\" style=\"text-align: center;\">Department of Violin and Viola<br \/>\n<strong>dr hab. Oriana Masternak, prof. AMKP<\/strong><br \/>\n<a role=\"link\" href=\"mailto:oriana.masternak@amuz.krakow.pl\">oriana.masternak@amuz.krakow.pl<\/a><\/p>\n<p class=\"entry-title\" style=\"text-align: center;\">Department of Cello and Double Bass<br \/>\n<strong>prof.\u00a0dr\u00a0hab. Zdzis\u0142aw \u0141api\u0144ski<\/strong><br \/>\n<a href=\"mailto:zdzislaw.lapinski@amuz.krakow.pl\">zdzislaw.lapinski@amuz.krakow.pl<\/a><\/p>\n<p class=\"entry-title\" style=\"text-align: center;\">Department of Woodwinds and Accordion<br \/>\n<strong>dr hab. Piotr Lato, prof. AMKP<\/strong><br \/>\n<a href=\"mailto:piotr.lato@amuz.krakow.pl\">piotr.lato@amuz.krakow.pl<\/a><\/p>\n<p class=\"entry-title\" style=\"text-align: center;\">Department of Brass<br \/>\n<strong>dr hab. Tomasz Stolarczyk<\/strong><br \/>\n<a href=\"mailto:tomasz.stolarczyk@amuz.krakow.pl\">tomasz.stolarczyk@amuz.krakow.pl<\/a><\/p>\n<p class=\"entry-title\" style=\"text-align: center;\">Department of Jazz<br \/>\n<strong>dr hab. Marcin \u015alusarczyk<\/strong><br \/>\n<a role=\"link\" href=\"mailto:marcin.slusarczyk@amuz.krakow.pl\">marcin.slusarczyk@amuz.krakow.pl<\/a><\/p>\n<p class=\"entry-title\" style=\"text-align: center;\">Department of Percussion and Contemporary Music<br \/>\n<strong>dr hab. Maciej Ha\u0142o\u0144<\/strong><br \/>\n<a href=\"mailto:maciej.halon@amuz.krakow.pl\">maciej.halon@amuz.krakow.pl<\/a><\/p>\n<p class=\"entry-title\" style=\"text-align: center;\">Department of Chamber Music<br \/>\n<strong>dr hab. Bart\u0142omiej Kominek, prof. AMKP<\/strong><br \/>\n<a href=\"mailto:bartlomiej.kominek@amuz.krakow.pl\">bartlomiej.kominek@amuz.krakow.pl<\/a><\/p>\n<hr \/>\n<h4 class=\"entry-title\" style=\"text-align: center;\">Faculty of Voice and Drama<\/h4>\n<p style=\"text-align: center;\">Department of Vocal Studies<br \/>\n<strong>prof. dr hab. Katarzyna Suska-Zag\u00f3rska<\/strong><br \/>\n<a role=\"link\" href=\"mailto:katarzyna.suska.zagorska@amuz.krakow.pl\">katarzyna.suska.zagorska@amuz.krakow.pl<\/a><\/p>\n<p><\/p>","protected":false},"excerpt":{"rendered":"<p>updated: 5 June 2025 Please schedule a meeting by e-mail. Faculty of Composition, Interpretation and Music Education Department of Composition prof. dr hab. Wojciech Wid\u0142ak wojciech.widlak@amuz.krakow.pl Department of Conducting prof.&hellip; <a href=\"https:\/\/www.amuz.krakow.pl\/en\/pracownicy\/informacje-dla-pedagogow\/dyzury-kierownikowkatedr\/\">Continue reading<\/a><\/p>\n","protected":false},"author":72,"featured_media":105265,"parent":8055,"menu_order":7,"comment_status":"closed","ping_status":"closed","template":"","meta":{"footnotes":"","_links_to":"","_links_to_target":""},"class_list":["post-44310","page","type-page","status-publish","has-post-thumbnail","hentry"],"yoast_head":"<!-- This site is optimized with the Yoast SEO plugin v27.2 - https:\/\/yoast.com\/product\/yoast-seo-wordpress\/ -->\n<title>AMKP - Akademia Muzyczna im. Krzysztofa Pendereckiego w Krakowie<\/title>\n<meta name=\"robots\" content=\"index, follow, max-snippet:-1, max-image-preview:large, max-video-preview:-1\" \/>\n<link rel=\"canonical\" href=\"https:\/\/www.amuz.krakow.pl\/pracownicy\/informacje-dla-pedagogow\/dyzury-kierownikowkatedr\/\" \/>\n<meta property=\"og:locale\" content=\"en_US\" \/>\n<meta property=\"og:type\" content=\"article\" \/>\n<meta property=\"og:title\" content=\"AMKP - Akademia Muzyczna im. Krzysztofa Pendereckiego w Krakowie\" \/>\n<meta property=\"og:description\" content=\"updated: 5 June 2025 Please schedule a meeting by e-mail. Faculty of Composition, Interpretation and Music Education Department of Composition prof. dr hab. Wojciech Wid\u0142ak wojciech.widlak@amuz.krakow.pl Department of Conducting prof.&hellip; Continue reading\" \/>\n<meta property=\"og:url\" content=\"https:\/\/www.amuz.krakow.pl\/pracownicy\/informacje-dla-pedagogow\/dyzury-kierownikowkatedr\/\" \/>\n<meta property=\"og:site_name\" content=\"Akademia Muzyczna im. Krzysztofa Pendereckiego w Krakowie\" \/>\n<meta property=\"article:publisher\" content=\"https:\/\/www.facebook.com\/amuz.krakow\" \/>\n<meta property=\"article:modified_time\" content=\"2025-06-24T11:34:32+00:00\" \/>\n<meta property=\"og:image\" content=\"https:\/\/www.amuz.krakow.pl\/wp-content\/uploads\/2025\/06\/Kafelek-strona_Dyzury-Kierownikow-Katedr.jpg\" \/>\n\t<meta property=\"og:image:width\" content=\"1772\" \/>\n\t<meta property=\"og:image:height\" content=\"886\" \/>\n\t<meta property=\"og:image:type\" content=\"image\/jpeg\" \/>\n<meta name=\"twitter:card\" content=\"summary_large_image\" \/>\n<meta name=\"twitter:label1\" content=\"Est. reading time\" \/>\n\t<meta name=\"twitter:data1\" content=\"2 minutes\" \/>\n<script type=\"application\/ld+json\" class=\"yoast-schema-graph\">{\"@context\":\"https:\/\/schema.org\",\"@graph\":[{\"@type\":\"WebPage\",\"@id\":\"https:\/\/www.amuz.krakow.pl\/pracownicy\/informacje-dla-pedagogow\/dyzury-kierownikowkatedr\/\",\"url\":\"https:\/\/www.amuz.krakow.pl\/pracownicy\/informacje-dla-pedagogow\/dyzury-kierownikowkatedr\/\",\"name\":\"AMKP - Akademia Muzyczna im. Krzysztofa Pendereckiego w Krakowie\",\"isPartOf\":{\"@id\":\"https:\/\/www.amuz.krakow.pl\/#website\"},\"primaryImageOfPage\":{\"@id\":\"https:\/\/www.amuz.krakow.pl\/pracownicy\/informacje-dla-pedagogow\/dyzury-kierownikowkatedr\/#primaryimage\"},\"image\":{\"@id\":\"https:\/\/www.amuz.krakow.pl\/pracownicy\/informacje-dla-pedagogow\/dyzury-kierownikowkatedr\/#primaryimage\"},\"thumbnailUrl\":\"https:\/\/www.amuz.krakow.pl\/wp-content\/uploads\/2025\/06\/Kafelek-strona_Dyzury-Kierownikow-Katedr.jpg\",\"datePublished\":\"2020-11-15T20:57:29+00:00\",\"dateModified\":\"2025-06-24T11:34:32+00:00\",\"breadcrumb\":{\"@id\":\"https:\/\/www.amuz.krakow.pl\/pracownicy\/informacje-dla-pedagogow\/dyzury-kierownikowkatedr\/#breadcrumb\"},\"inLanguage\":\"en-US\",\"potentialAction\":[{\"@type\":\"ReadAction\",\"target\":[\"https:\/\/www.amuz.krakow.pl\/pracownicy\/informacje-dla-pedagogow\/dyzury-kierownikowkatedr\/\"]}]},{\"@type\":\"ImageObject\",\"inLanguage\":\"en-US\",\"@id\":\"https:\/\/www.amuz.krakow.pl\/pracownicy\/informacje-dla-pedagogow\/dyzury-kierownikowkatedr\/#primaryimage\",\"url\":\"https:\/\/www.amuz.krakow.pl\/wp-content\/uploads\/2025\/06\/Kafelek-strona_Dyzury-Kierownikow-Katedr.jpg\",\"contentUrl\":\"https:\/\/www.amuz.krakow.pl\/wp-content\/uploads\/2025\/06\/Kafelek-strona_Dyzury-Kierownikow-Katedr.jpg\",\"width\":1772,\"height\":886},{\"@type\":\"BreadcrumbList\",\"@id\":\"https:\/\/www.amuz.krakow.pl\/pracownicy\/informacje-dla-pedagogow\/dyzury-kierownikowkatedr\/#breadcrumb\",\"itemListElement\":[{\"@type\":\"ListItem\",\"position\":1,\"name\":\"Strona g\u0142\u00f3wna\",\"item\":\"https:\/\/www.amuz.krakow.pl\/\"},{\"@type\":\"ListItem\",\"position\":2,\"name\":\"Pracownicy\",\"item\":\"https:\/\/www.amuz.krakow.pl\/pracownicy\/\"},{\"@type\":\"ListItem\",\"position\":3,\"name\":\"Informacje dla pracownik\u00f3w\",\"item\":\"https:\/\/www.amuz.krakow.pl\/pracownicy\/informacje-dla-pedagogow\/\"},{\"@type\":\"ListItem\",\"position\":4,\"name\":\"Dy\u017cury Kierownik\u00f3w Katedr\"}]},{\"@type\":\"WebSite\",\"@id\":\"https:\/\/www.amuz.krakow.pl\/#website\",\"url\":\"https:\/\/www.amuz.krakow.pl\/\",\"name\":\"Akademia Muzyczna im. Krzysztofa Pendereckiego w Krakowie\",\"description\":\"Oficjalna strona Akademii Muzycznej im. Krzysztofa Pendereckiego w Krakowie (AMKP).\",\"publisher\":{\"@id\":\"https:\/\/www.amuz.krakow.pl\/#organization\"},\"alternateName\":\"AMKP\",\"potentialAction\":[{\"@type\":\"SearchAction\",\"target\":{\"@type\":\"EntryPoint\",\"urlTemplate\":\"https:\/\/www.amuz.krakow.pl\/?s={search_term_string}\"},\"query-input\":{\"@type\":\"PropertyValueSpecification\",\"valueRequired\":true,\"valueName\":\"search_term_string\"}}],\"inLanguage\":\"en-US\"},{\"@type\":\"Organization\",\"@id\":\"https:\/\/www.amuz.krakow.pl\/#organization\",\"name\":\"Akademia Muzyczna im. Krzysztofa Pendereckiego w Krakowie\",\"alternateName\":\"AMKP\",\"url\":\"https:\/\/www.amuz.krakow.pl\/\",\"logo\":{\"@type\":\"ImageObject\",\"inLanguage\":\"en-US\",\"@id\":\"https:\/\/www.amuz.krakow.pl\/#\/schema\/logo\/image\/\",\"url\":\"https:\/\/www.amuz.krakow.pl\/wp-content\/uploads\/2021\/11\/amkp.jpg\",\"contentUrl\":\"https:\/\/www.amuz.krakow.pl\/wp-content\/uploads\/2021\/11\/amkp.jpg\",\"width\":1193,\"height\":591,\"caption\":\"Akademia Muzyczna im. Krzysztofa Pendereckiego w Krakowie\"},\"image\":{\"@id\":\"https:\/\/www.amuz.krakow.pl\/#\/schema\/logo\/image\/\"},\"sameAs\":[\"https:\/\/www.facebook.com\/amuz.krakow\",\"https:\/\/www.instagram.com\/amkpenderecki\/\",\"https:\/\/www.youtube.com\/@amkpenderecki4806\"]}]}<\/script>\n<!-- \/ Yoast SEO plugin. -->","yoast_head_json":{"title":"AMKP - Akademia Muzyczna im. Krzysztofa Pendereckiego w Krakowie","robots":{"index":"index","follow":"follow","max-snippet":"max-snippet:-1","max-image-preview":"max-image-preview:large","max-video-preview":"max-video-preview:-1"},"canonical":"https:\/\/www.amuz.krakow.pl\/pracownicy\/informacje-dla-pedagogow\/dyzury-kierownikowkatedr\/","og_locale":"en_US","og_type":"article","og_title":"AMKP - Akademia Muzyczna im. Krzysztofa Pendereckiego w Krakowie","og_description":"updated: 5 June 2025 Please schedule a meeting by e-mail. Faculty of Composition, Interpretation and Music Education Department of Composition prof. dr hab. Wojciech Wid\u0142ak wojciech.widlak@amuz.krakow.pl Department of Conducting prof.&hellip; Continue reading","og_url":"https:\/\/www.amuz.krakow.pl\/pracownicy\/informacje-dla-pedagogow\/dyzury-kierownikowkatedr\/","og_site_name":"Akademia Muzyczna im. Krzysztofa Pendereckiego w Krakowie","article_publisher":"https:\/\/www.facebook.com\/amuz.krakow","article_modified_time":"2025-06-24T11:34:32+00:00","og_image":[{"width":1772,"height":886,"url":"https:\/\/www.amuz.krakow.pl\/wp-content\/uploads\/2025\/06\/Kafelek-strona_Dyzury-Kierownikow-Katedr.jpg","type":"image\/jpeg"}],"twitter_card":"summary_large_image","twitter_misc":{"Est. reading time":"2 minutes"},"schema":{"@context":"https:\/\/schema.org","@graph":[{"@type":"WebPage","@id":"https:\/\/www.amuz.krakow.pl\/pracownicy\/informacje-dla-pedagogow\/dyzury-kierownikowkatedr\/","url":"https:\/\/www.amuz.krakow.pl\/pracownicy\/informacje-dla-pedagogow\/dyzury-kierownikowkatedr\/","name":"AMKP - Akademia Muzyczna im. Krzysztofa Pendereckiego w Krakowie","isPartOf":{"@id":"https:\/\/www.amuz.krakow.pl\/#website"},"primaryImageOfPage":{"@id":"https:\/\/www.amuz.krakow.pl\/pracownicy\/informacje-dla-pedagogow\/dyzury-kierownikowkatedr\/#primaryimage"},"image":{"@id":"https:\/\/www.amuz.krakow.pl\/pracownicy\/informacje-dla-pedagogow\/dyzury-kierownikowkatedr\/#primaryimage"},"thumbnailUrl":"https:\/\/www.amuz.krakow.pl\/wp-content\/uploads\/2025\/06\/Kafelek-strona_Dyzury-Kierownikow-Katedr.jpg","datePublished":"2020-11-15T20:57:29+00:00","dateModified":"2025-06-24T11:34:32+00:00","breadcrumb":{"@id":"https:\/\/www.amuz.krakow.pl\/pracownicy\/informacje-dla-pedagogow\/dyzury-kierownikowkatedr\/#breadcrumb"},"inLanguage":"en-US","potentialAction":[{"@type":"ReadAction","target":["https:\/\/www.amuz.krakow.pl\/pracownicy\/informacje-dla-pedagogow\/dyzury-kierownikowkatedr\/"]}]},{"@type":"ImageObject","inLanguage":"en-US","@id":"https:\/\/www.amuz.krakow.pl\/pracownicy\/informacje-dla-pedagogow\/dyzury-kierownikowkatedr\/#primaryimage","url":"https:\/\/www.amuz.krakow.pl\/wp-content\/uploads\/2025\/06\/Kafelek-strona_Dyzury-Kierownikow-Katedr.jpg","contentUrl":"https:\/\/www.amuz.krakow.pl\/wp-content\/uploads\/2025\/06\/Kafelek-strona_Dyzury-Kierownikow-Katedr.jpg","width":1772,"height":886},{"@type":"BreadcrumbList","@id":"https:\/\/www.amuz.krakow.pl\/pracownicy\/informacje-dla-pedagogow\/dyzury-kierownikowkatedr\/#breadcrumb","itemListElement":[{"@type":"ListItem","position":1,"name":"Strona g\u0142\u00f3wna","item":"https:\/\/www.amuz.krakow.pl\/"},{"@type":"ListItem","position":2,"name":"Pracownicy","item":"https:\/\/www.amuz.krakow.pl\/pracownicy\/"},{"@type":"ListItem","position":3,"name":"Informacje dla pracownik\u00f3w","item":"https:\/\/www.amuz.krakow.pl\/pracownicy\/informacje-dla-pedagogow\/"},{"@type":"ListItem","position":4,"name":"Dy\u017cury Kierownik\u00f3w Katedr"}]},{"@type":"WebSite","@id":"https:\/\/www.amuz.krakow.pl\/#website","url":"https:\/\/www.amuz.krakow.pl\/","name":"Akademia Muzyczna im. Krzysztofa Pendereckiego w Krakowie","description":"Oficjalna strona Akademii Muzycznej im. Krzysztofa Pendereckiego w Krakowie (AMKP).","publisher":{"@id":"https:\/\/www.amuz.krakow.pl\/#organization"},"alternateName":"AMKP","potentialAction":[{"@type":"SearchAction","target":{"@type":"EntryPoint","urlTemplate":"https:\/\/www.amuz.krakow.pl\/?s={search_term_string}"},"query-input":{"@type":"PropertyValueSpecification","valueRequired":true,"valueName":"search_term_string"}}],"inLanguage":"en-US"},{"@type":"Organization","@id":"https:\/\/www.amuz.krakow.pl\/#organization","name":"Akademia Muzyczna im. Krzysztofa Pendereckiego w Krakowie","alternateName":"AMKP","url":"https:\/\/www.amuz.krakow.pl\/","logo":{"@type":"ImageObject","inLanguage":"en-US","@id":"https:\/\/www.amuz.krakow.pl\/#\/schema\/logo\/image\/","url":"https:\/\/www.amuz.krakow.pl\/wp-content\/uploads\/2021\/11\/amkp.jpg","contentUrl":"https:\/\/www.amuz.krakow.pl\/wp-content\/uploads\/2021\/11\/amkp.jpg","width":1193,"height":591,"caption":"Akademia Muzyczna im. Krzysztofa Pendereckiego w Krakowie"},"image":{"@id":"https:\/\/www.amuz.krakow.pl\/#\/schema\/logo\/image\/"},"sameAs":["https:\/\/www.facebook.com\/amuz.krakow","https:\/\/www.instagram.com\/amkpenderecki\/","https:\/\/www.youtube.com\/@amkpenderecki4806"]}]}},"_links":{"self":[{"href":"https:\/\/www.amuz.krakow.pl\/en\/wp-json\/wp\/v2\/pages\/44310","targetHints":{"allow":["GET"]}}],"collection":[{"href":"https:\/\/www.amuz.krakow.pl\/en\/wp-json\/wp\/v2\/pages"}],"about":[{"href":"https:\/\/www.amuz.krakow.pl\/en\/wp-json\/wp\/v2\/types\/page"}],"author":[{"embeddable":true,"href":"https:\/\/www.amuz.krakow.pl\/en\/wp-json\/wp\/v2\/users\/72"}],"replies":[{"embeddable":true,"href":"https:\/\/www.amuz.krakow.pl\/en\/wp-json\/wp\/v2\/comments?post=44310"}],"version-history":[{"count":9,"href":"https:\/\/www.amuz.krakow.pl\/en\/wp-json\/wp\/v2\/pages\/44310\/revisions"}],"predecessor-version":[{"id":104284,"href":"https:\/\/www.amuz.krakow.pl\/en\/wp-json\/wp\/v2\/pages\/44310\/revisions\/104284"}],"up":[{"embeddable":true,"href":"https:\/\/www.amuz.krakow.pl\/en\/wp-json\/wp\/v2\/pages\/8055"}],"wp:featuredmedia":[{"embeddable":true,"href":"https:\/\/www.amuz.krakow.pl\/en\/wp-json\/wp\/v2\/media\/105265"}],"wp:attachment":[{"href":"https:\/\/www.amuz.krakow.pl\/en\/wp-json\/wp\/v2\/media?parent=44310"}],"curies":[{"name":"wp","href":"https:\/\/api.w.org\/{rel}","templated":true}]}}