{"id":441,"date":"2015-12-04T23:39:22","date_gmt":"2015-12-04T22:39:22","guid":{"rendered":"http:\/\/strony.amuz.krakow.pl\/?page_id=441"},"modified":"2026-02-02T14:31:27","modified_gmt":"2026-02-02T13:31:27","slug":"2005-2011","status":"publish","type":"page","link":"https:\/\/www.amuz.krakow.pl\/en\/o-nas\/historia\/2005-2011\/","title":{"rendered":"2005 &#8211; 2011"},"content":{"rendered":"<p><\/p>\n<p style=\"text-align: justify;\"><b>2005 &#8211;\u00a02012<\/b><br \/>\nRector &#8211;\u00a0<b>Prof. Stanis\u0142aw Krawczy\u0144ski<\/b>, conductor<\/p>\n<p>\u2022 Conferment of a\u00a0honoris causa doctorate upon Prof. Peter Lucas Graf.<br \/>\n\u2022 Ceremonial conferment of the academic titles of doctor and doctor habilitated at the Academy of Music in Krak\u00f3w.<br \/>\n\u2022 Session and a\u00a0concert Hommage a\u00a0Marek Stachowski.<br \/>\n\u2022 10th Bach Days Festival.<br \/>\n\u2022 International symposium &#8220;Beethoven: Between the Music of the North and South&#8221; as part of the 9th Ludwig van Beethoven Easter Festival.<br \/>\n\u2022 National Academic Conference New Curriculum Basis for the Subject MUSIC in Secondary Schools.<br \/>\n\u2022 3rd International Percussion Festival &#8220;Sources and Inspirations&#8221;.<br \/>\n\u2022 7th Summer Academy of Music.<br \/>\n\u2022 11th Tadeusz \u017bmudzi\u0144ski Competition.<br \/>\n\u2022 Luigi Boccherini Festival \u2013 on the 200th anniversary of his death.<br \/>\n\u2022 Seminar &#8220;Within the Sphere of Alban Berg\u2019s Music (commemorating the 70th anniversary of the composer\u2019s death) and of Anthon Webern\u2019s Music ( commemorating the 60th anniversary of the composer\u2019s death)&#8221; discussion forum, concerts.<br \/>\n\u2022 Seminar &#8220;Vytautas Bacevi\u010dius (1905-1970). Thoughts and Music.&#8221; Concert and exhibition commemorating a\u00a0centennial anniversary of the composer\u2019s birth.<br \/>\n\u2022 Seminar &#8220;10th anniversary of the death of Prof. Jargo\u0144&#8221;.<\/p>\n<p><b>2006<\/b><\/p>\n<p>\u2022 &#8220;An Artist and his World&#8221;- symposium and concerts devoted to Prof. Marek Stachowski<br \/>\n\u2022 11th Bach Days Festival.<br \/>\n\u2022 International symposium &#8220;Beethoven. Heritage and Resonance&#8221; as part of the 10th Ludwig van Beethoven Easter Festival.<br \/>\n\u2022 4th International Percussion Festival &#8220;Sources and Inspirations&#8221;.<br \/>\n\u2022 The academic orchestra and choir took part in the Holly Mass consecrated by Pope Benedict the 16th<br \/>\n\u2022 8th Summer Academy of Music<br \/>\n\u2022 The beginning of doctoral studies in composition, music theory, conducting and instrumental studies<br \/>\n\u2022 12th Tadeusz \u017bmudzi\u0144ski Competition<br \/>\n\u2022 The Academic Orchestra took part in the Warsaw Autumn Festival<br \/>\n\u2022 8th International Bach Academy \u2013 G.F.Haendel<i> Der Messiah<\/i> \u2013 W.A. Mozart\u2019s version<br \/>\n\u2022 1st National Competition of String Players<\/p>\n<p><b>2007<\/b><\/p>\n<p>\u2022 The Academy\u2019s Celebrations \u2013 conferment of awards, distinctions and the 2nd conferment of the academic titles of Doctor and Doctor habilitated<br \/>\n\u2022 Conferment of a\u00a0honoris causa doctorate upon Prof. Krystyna Moszuma\u0144ska-Nazar.<br \/>\n\u2022 12th Bach Days Festival.<br \/>\n\u2022 International symposium &#8220;Beethoven. Music and Literature&#8221; as part of the 11th Ludwig van Beethoven Easter Festival.<br \/>\n\u2022 5th International Percussion Festival &#8220;Sources and Inspirations&#8221;.<br \/>\n\u2022 9th Summer Academy of Music.<br \/>\n\u2022 13th Tadeusz \u017bmudzi\u0144ski Competition.<\/p>\n<p><b>2008<\/b><\/p>\n<p>\u2022 Conferment of a\u00a0honoris causa doctorate upon Prof. Henryk Miko\u0142aj G\u00f3recki.<br \/>\n\u2022 13th Bach Days Festival.<br \/>\n\u2022 4th International Flute Competition.<br \/>\n\u2022 10th Summer Academy of Music.<br \/>\n\u2022 International Symposium &#8220;Organ Music Today. The Role and Task of an Organist in a\u00a0Church&#8221;.<br \/>\n\u2022 International Symposium \u201cMusic as a\u00a0Message of Truth and Beauty\u201d.<br \/>\n\u2022 Stockhausens-Gruss, Stockhausen Days in Krak\u00f3w.<br \/>\n\u2022 1st Krzysztof Penderecki International Cello Competition.<br \/>\n\u2022 Anniversary of the Music Academy &#8211;\u00a0120 concerts for 120 years of the Academy.<\/p>\n<p><b>2009<\/b><\/p>\n<p>\u2022 6th International Percussion Festival \u201eSources and Inspirations\u201d.<br \/>\n\u2022 Remembrance day devoted to Prof. Krystyna Moszuma\u0144ska-Nazar.<br \/>\n\u2022 14th Bach Days.<br \/>\n\u2022 4th Choir Festival Cantate Domino.<br \/>\n\u2022 11th Summer Academy of Music.<br \/>\n\u2022 Joaquin Rodrigo (1901-1999). Sources, inspirations, his significance for the guitar literature. International symposium commemorating the 10th anniversary of the composer\u2019s death.<br \/>\n\u2022 The Bohuslav Martin\u016f Days on the 50th anniversary of the composer\u2019s death.<br \/>\n\u2022 Academic session &#8220;On the Path to New Harmony&#8221;.<\/p>\n<p><b>2010<\/b><\/p>\n<p>\u2022\u00a0Chopin Year Celebration &#8211;\u00a0Inauguration at the Krak\u00f3w Opera House, concerts organized by the Piano Department, marathon Chopin Non Stop<br \/>\n\u2022 15th Bach Days<br \/>\n\u2022 Project &#8220;Musical Coexistence. Tradition meets Contemporary&#8221; &#8211;\u00a0conference, workshops, concerts<br \/>\n\u2022 5th Choir Festival Cantate Domino<br \/>\n\u2022 Ma\u0142opolska Workshops for Choir Ensembles<br \/>\n\u2022 12th Summer Academy of Music<br \/>\n\u2022 XI International Congress on Musical Signification<br \/>\n\u2022 Participation of Marcin Koziak (class of Prof. S. Wojtas) in the 15th International Fryderyk Chopin Piano Competition<br \/>\n\u2022 Meetings with Italian Music<br \/>\n\u2022 Concert Henryk Miko\u0142aj G\u00f3recki In Memoriam<br \/>\n\u2022 The Fairy Queen &#8211;\u00a0opera project featuring the students of the Voice and Drama Faculty and The Baroque Orchestra of the Music Academy in Krak\u00f3w under Paul Esswood direction<br \/>\n\u2022 Prof. Eugenia Umi\u0144ska In Memoriam &#8211;\u00a0100th Birth Anniversary and 30th Death Anniversary<br \/>\n\u2022 International project &#8220;Polish-German Performance of <i>Seven Gates of Jerusalem<\/i> by Krzyszof Penderecki&#8221; featuring the Choir and Orchestra of Music Academy in Krak\u00f3w, concerts in W\u00fcrzburg and Rzesz\u00f3w<\/p>\n<p><b>2011<\/b><\/p>\n<p>\u2022 7th International Percussion Festival &#8220;Sources and Inspirations&#8221;<br \/>\n\u2022 The Opera Gala<br \/>\n\u2022 17th Ada Sari International Vocal Artistry Competition and Festival, accompanied by the performance of <i>Sacred Concerts<\/i> by Duke Ellington<br \/>\n\u2022 aXes. Triduum of New Music<br \/>\n\u2022 ABAM Annual Conference (Rectors Conference of the Association of Baltic Academies of Music)<br \/>\n\u2022 Ferenc Liszt International Days<br \/>\n\u2022 Zygmunt Stojowski &#8211;\u00a065th Death Anniversary of the composer. Conference, concerts<br \/>\n\u2022 &#8220;On the Way to a\u00a0New Harmony&#8221; (III), <i>Instrument-Invention-Idiom &#8211;\u00a0Aerophones in History and Mutability of Cultures<\/i><br \/>\n\u2022 Concert of the &#8220;Tebe poem&#8221; Choir from Krasnoyarsk City as a\u00a0part of the cooperation between the Music Academies<br \/>\n\u2022 Masterclasses given by Paul Badura-Skoda, Kevin Kenner, Colin Metters, and Gabriel Chmura<br \/>\n\u2022 Participation of Maria S\u0142awek and Aleksandra Kuls (students of the Music Academy) in the 15th International Henryk Wieniawski Violin Competition in Pozna\u0144<br \/>\n\u2022 Piotr Orzechowski (student of the Music Academy) becomes the first Polish pianist ever awarded at the 13th Parmigiani Montreux Jazz Piano Solo Competition, taking place during the 45th Montreux Jazz Festival (July 7, 2011)<\/p>","protected":false},"excerpt":{"rendered":"<p>2005 &#8211;\u00a02012 Rector &#8211;\u00a0Prof. Stanis\u0142aw Krawczy\u0144ski, conductor \u2022 Conferment of a\u00a0honoris causa doctorate upon Prof. Peter Lucas Graf. \u2022 Ceremonial conferment of the academic titles of doctor and doctor habilitated&hellip; <a href=\"https:\/\/www.amuz.krakow.pl\/en\/o-nas\/historia\/2005-2011\/\">Continue reading<\/a><\/p>\n","protected":false},"author":72,"featured_media":795,"parent":211,"menu_order":5,"comment_status":"closed","ping_status":"closed","template":"","meta":{"footnotes":"","_links_to":"","_links_to_target":""},"class_list":["post-441","page","type-page","status-publish","has-post-thumbnail","hentry"],"yoast_head":"<!-- This site is optimized with the Yoast SEO plugin v27.4 - https:\/\/yoast.com\/product\/yoast-seo-wordpress\/ -->\n<title>AMKP - Akademia Muzyczna im. Krzysztofa Pendereckiego w Krakowie<\/title>\n<meta name=\"robots\" content=\"index, follow, max-snippet:-1, max-image-preview:large, max-video-preview:-1\" \/>\n<link rel=\"canonical\" href=\"https:\/\/www.amuz.krakow.pl\/o-nas\/historia\/2005-2011\/\" \/>\n<meta property=\"og:locale\" content=\"en_US\" \/>\n<meta property=\"og:type\" content=\"article\" \/>\n<meta property=\"og:title\" content=\"AMKP - Akademia Muzyczna im. Krzysztofa Pendereckiego w Krakowie\" \/>\n<meta property=\"og:description\" content=\"2005 &#8211;\u00a02012 Rector &#8211;\u00a0Prof. Stanis\u0142aw Krawczy\u0144ski, conductor \u2022 Conferment of a\u00a0honoris causa doctorate upon Prof. Peter Lucas Graf. \u2022 Ceremonial conferment of the academic titles of doctor and doctor habilitated&hellip; Continue reading\" \/>\n<meta property=\"og:url\" content=\"https:\/\/www.amuz.krakow.pl\/o-nas\/historia\/2005-2011\/\" \/>\n<meta property=\"og:site_name\" content=\"Akademia Muzyczna im. Krzysztofa Pendereckiego w Krakowie\" \/>\n<meta property=\"article:publisher\" content=\"https:\/\/www.facebook.com\/amuz.krakow\" \/>\n<meta property=\"article:modified_time\" content=\"2026-02-02T13:31:27+00:00\" \/>\n<meta property=\"og:image\" content=\"https:\/\/www.amuz.krakow.pl\/wp-content\/uploads\/2015\/12\/Nowy-2.jpg\" \/>\n\t<meta property=\"og:image:width\" content=\"680\" \/>\n\t<meta property=\"og:image:height\" content=\"483\" \/>\n\t<meta property=\"og:image:type\" content=\"image\/jpeg\" \/>\n<meta name=\"twitter:card\" content=\"summary_large_image\" \/>\n<meta name=\"twitter:label1\" content=\"Est. reading time\" \/>\n\t<meta name=\"twitter:data1\" content=\"5 minutes\" \/>\n<script type=\"application\/ld+json\" class=\"yoast-schema-graph\">{\"@context\":\"https:\\\/\\\/schema.org\",\"@graph\":[{\"@type\":\"WebPage\",\"@id\":\"https:\\\/\\\/www.amuz.krakow.pl\\\/o-nas\\\/historia\\\/2005-2011\\\/\",\"url\":\"https:\\\/\\\/www.amuz.krakow.pl\\\/o-nas\\\/historia\\\/2005-2011\\\/\",\"name\":\"AMKP - Akademia Muzyczna im. Krzysztofa Pendereckiego w Krakowie\",\"isPartOf\":{\"@id\":\"https:\\\/\\\/www.amuz.krakow.pl\\\/#website\"},\"primaryImageOfPage\":{\"@id\":\"https:\\\/\\\/www.amuz.krakow.pl\\\/o-nas\\\/historia\\\/2005-2011\\\/#primaryimage\"},\"image\":{\"@id\":\"https:\\\/\\\/www.amuz.krakow.pl\\\/o-nas\\\/historia\\\/2005-2011\\\/#primaryimage\"},\"thumbnailUrl\":\"https:\\\/\\\/www.amuz.krakow.pl\\\/wp-content\\\/uploads\\\/2015\\\/12\\\/Nowy-2.jpg\",\"datePublished\":\"2015-12-04T22:39:22+00:00\",\"dateModified\":\"2026-02-02T13:31:27+00:00\",\"breadcrumb\":{\"@id\":\"https:\\\/\\\/www.amuz.krakow.pl\\\/o-nas\\\/historia\\\/2005-2011\\\/#breadcrumb\"},\"inLanguage\":\"en-US\",\"potentialAction\":[{\"@type\":\"ReadAction\",\"target\":[\"https:\\\/\\\/www.amuz.krakow.pl\\\/o-nas\\\/historia\\\/2005-2011\\\/\"]}]},{\"@type\":\"ImageObject\",\"inLanguage\":\"en-US\",\"@id\":\"https:\\\/\\\/www.amuz.krakow.pl\\\/o-nas\\\/historia\\\/2005-2011\\\/#primaryimage\",\"url\":\"https:\\\/\\\/www.amuz.krakow.pl\\\/wp-content\\\/uploads\\\/2015\\\/12\\\/Nowy-2.jpg\",\"contentUrl\":\"https:\\\/\\\/www.amuz.krakow.pl\\\/wp-content\\\/uploads\\\/2015\\\/12\\\/Nowy-2.jpg\",\"width\":680,\"height\":483},{\"@type\":\"BreadcrumbList\",\"@id\":\"https:\\\/\\\/www.amuz.krakow.pl\\\/o-nas\\\/historia\\\/2005-2011\\\/#breadcrumb\",\"itemListElement\":[{\"@type\":\"ListItem\",\"position\":1,\"name\":\"Strona g\u0142\u00f3wna\",\"item\":\"https:\\\/\\\/www.amuz.krakow.pl\\\/\"},{\"@type\":\"ListItem\",\"position\":2,\"name\":\"O&nbsp;nas\",\"item\":\"https:\\\/\\\/www.amuz.krakow.pl\\\/o-nas\\\/\"},{\"@type\":\"ListItem\",\"position\":3,\"name\":\"Historia\",\"item\":\"https:\\\/\\\/www.amuz.krakow.pl\\\/o-nas\\\/historia\\\/\"},{\"@type\":\"ListItem\",\"position\":4,\"name\":\"2005 &#8211; 2011\"}]},{\"@type\":\"WebSite\",\"@id\":\"https:\\\/\\\/www.amuz.krakow.pl\\\/#website\",\"url\":\"https:\\\/\\\/www.amuz.krakow.pl\\\/\",\"name\":\"Akademia Muzyczna im. Krzysztofa Pendereckiego w Krakowie\",\"description\":\"Oficjalna strona Akademii Muzycznej im. Krzysztofa Pendereckiego w Krakowie (AMKP).\",\"publisher\":{\"@id\":\"https:\\\/\\\/www.amuz.krakow.pl\\\/#organization\"},\"alternateName\":\"AMKP\",\"potentialAction\":[{\"@type\":\"SearchAction\",\"target\":{\"@type\":\"EntryPoint\",\"urlTemplate\":\"https:\\\/\\\/www.amuz.krakow.pl\\\/?s={search_term_string}\"},\"query-input\":{\"@type\":\"PropertyValueSpecification\",\"valueRequired\":true,\"valueName\":\"search_term_string\"}}],\"inLanguage\":\"en-US\"},{\"@type\":\"Organization\",\"@id\":\"https:\\\/\\\/www.amuz.krakow.pl\\\/#organization\",\"name\":\"Akademia Muzyczna im. Krzysztofa Pendereckiego w Krakowie\",\"alternateName\":\"AMKP\",\"url\":\"https:\\\/\\\/www.amuz.krakow.pl\\\/\",\"logo\":{\"@type\":\"ImageObject\",\"inLanguage\":\"en-US\",\"@id\":\"https:\\\/\\\/www.amuz.krakow.pl\\\/#\\\/schema\\\/logo\\\/image\\\/\",\"url\":\"https:\\\/\\\/www.amuz.krakow.pl\\\/wp-content\\\/uploads\\\/2021\\\/11\\\/amkp.jpg\",\"contentUrl\":\"https:\\\/\\\/www.amuz.krakow.pl\\\/wp-content\\\/uploads\\\/2021\\\/11\\\/amkp.jpg\",\"width\":1193,\"height\":591,\"caption\":\"Akademia Muzyczna im. Krzysztofa Pendereckiego w Krakowie\"},\"image\":{\"@id\":\"https:\\\/\\\/www.amuz.krakow.pl\\\/#\\\/schema\\\/logo\\\/image\\\/\"},\"sameAs\":[\"https:\\\/\\\/www.facebook.com\\\/amuz.krakow\",\"https:\\\/\\\/www.instagram.com\\\/amkpenderecki\\\/\",\"https:\\\/\\\/www.youtube.com\\\/@amkpenderecki4806\"]}]}<\/script>\n<!-- \/ Yoast SEO plugin. -->","yoast_head_json":{"title":"AMKP - Akademia Muzyczna im. Krzysztofa Pendereckiego w Krakowie","robots":{"index":"index","follow":"follow","max-snippet":"max-snippet:-1","max-image-preview":"max-image-preview:large","max-video-preview":"max-video-preview:-1"},"canonical":"https:\/\/www.amuz.krakow.pl\/o-nas\/historia\/2005-2011\/","og_locale":"en_US","og_type":"article","og_title":"AMKP - Akademia Muzyczna im. Krzysztofa Pendereckiego w Krakowie","og_description":"2005 &#8211;\u00a02012 Rector &#8211;\u00a0Prof. Stanis\u0142aw Krawczy\u0144ski, conductor \u2022 Conferment of a\u00a0honoris causa doctorate upon Prof. Peter Lucas Graf. \u2022 Ceremonial conferment of the academic titles of doctor and doctor habilitated&hellip; Continue reading","og_url":"https:\/\/www.amuz.krakow.pl\/o-nas\/historia\/2005-2011\/","og_site_name":"Akademia Muzyczna im. Krzysztofa Pendereckiego w Krakowie","article_publisher":"https:\/\/www.facebook.com\/amuz.krakow","article_modified_time":"2026-02-02T13:31:27+00:00","og_image":[{"width":680,"height":483,"url":"https:\/\/www.amuz.krakow.pl\/wp-content\/uploads\/2015\/12\/Nowy-2.jpg","type":"image\/jpeg"}],"twitter_card":"summary_large_image","twitter_misc":{"Est. reading time":"5 minutes"},"schema":{"@context":"https:\/\/schema.org","@graph":[{"@type":"WebPage","@id":"https:\/\/www.amuz.krakow.pl\/o-nas\/historia\/2005-2011\/","url":"https:\/\/www.amuz.krakow.pl\/o-nas\/historia\/2005-2011\/","name":"AMKP - Akademia Muzyczna im. Krzysztofa Pendereckiego w Krakowie","isPartOf":{"@id":"https:\/\/www.amuz.krakow.pl\/#website"},"primaryImageOfPage":{"@id":"https:\/\/www.amuz.krakow.pl\/o-nas\/historia\/2005-2011\/#primaryimage"},"image":{"@id":"https:\/\/www.amuz.krakow.pl\/o-nas\/historia\/2005-2011\/#primaryimage"},"thumbnailUrl":"https:\/\/www.amuz.krakow.pl\/wp-content\/uploads\/2015\/12\/Nowy-2.jpg","datePublished":"2015-12-04T22:39:22+00:00","dateModified":"2026-02-02T13:31:27+00:00","breadcrumb":{"@id":"https:\/\/www.amuz.krakow.pl\/o-nas\/historia\/2005-2011\/#breadcrumb"},"inLanguage":"en-US","potentialAction":[{"@type":"ReadAction","target":["https:\/\/www.amuz.krakow.pl\/o-nas\/historia\/2005-2011\/"]}]},{"@type":"ImageObject","inLanguage":"en-US","@id":"https:\/\/www.amuz.krakow.pl\/o-nas\/historia\/2005-2011\/#primaryimage","url":"https:\/\/www.amuz.krakow.pl\/wp-content\/uploads\/2015\/12\/Nowy-2.jpg","contentUrl":"https:\/\/www.amuz.krakow.pl\/wp-content\/uploads\/2015\/12\/Nowy-2.jpg","width":680,"height":483},{"@type":"BreadcrumbList","@id":"https:\/\/www.amuz.krakow.pl\/o-nas\/historia\/2005-2011\/#breadcrumb","itemListElement":[{"@type":"ListItem","position":1,"name":"Strona g\u0142\u00f3wna","item":"https:\/\/www.amuz.krakow.pl\/"},{"@type":"ListItem","position":2,"name":"O&nbsp;nas","item":"https:\/\/www.amuz.krakow.pl\/o-nas\/"},{"@type":"ListItem","position":3,"name":"Historia","item":"https:\/\/www.amuz.krakow.pl\/o-nas\/historia\/"},{"@type":"ListItem","position":4,"name":"2005 &#8211; 2011"}]},{"@type":"WebSite","@id":"https:\/\/www.amuz.krakow.pl\/#website","url":"https:\/\/www.amuz.krakow.pl\/","name":"Akademia Muzyczna im. Krzysztofa Pendereckiego w Krakowie","description":"Oficjalna strona Akademii Muzycznej im. Krzysztofa Pendereckiego w Krakowie (AMKP).","publisher":{"@id":"https:\/\/www.amuz.krakow.pl\/#organization"},"alternateName":"AMKP","potentialAction":[{"@type":"SearchAction","target":{"@type":"EntryPoint","urlTemplate":"https:\/\/www.amuz.krakow.pl\/?s={search_term_string}"},"query-input":{"@type":"PropertyValueSpecification","valueRequired":true,"valueName":"search_term_string"}}],"inLanguage":"en-US"},{"@type":"Organization","@id":"https:\/\/www.amuz.krakow.pl\/#organization","name":"Akademia Muzyczna im. Krzysztofa Pendereckiego w Krakowie","alternateName":"AMKP","url":"https:\/\/www.amuz.krakow.pl\/","logo":{"@type":"ImageObject","inLanguage":"en-US","@id":"https:\/\/www.amuz.krakow.pl\/#\/schema\/logo\/image\/","url":"https:\/\/www.amuz.krakow.pl\/wp-content\/uploads\/2021\/11\/amkp.jpg","contentUrl":"https:\/\/www.amuz.krakow.pl\/wp-content\/uploads\/2021\/11\/amkp.jpg","width":1193,"height":591,"caption":"Akademia Muzyczna im. Krzysztofa Pendereckiego w Krakowie"},"image":{"@id":"https:\/\/www.amuz.krakow.pl\/#\/schema\/logo\/image\/"},"sameAs":["https:\/\/www.facebook.com\/amuz.krakow","https:\/\/www.instagram.com\/amkpenderecki\/","https:\/\/www.youtube.com\/@amkpenderecki4806"]}]}},"_links":{"self":[{"href":"https:\/\/www.amuz.krakow.pl\/en\/wp-json\/wp\/v2\/pages\/441","targetHints":{"allow":["GET"]}}],"collection":[{"href":"https:\/\/www.amuz.krakow.pl\/en\/wp-json\/wp\/v2\/pages"}],"about":[{"href":"https:\/\/www.amuz.krakow.pl\/en\/wp-json\/wp\/v2\/types\/page"}],"author":[{"embeddable":true,"href":"https:\/\/www.amuz.krakow.pl\/en\/wp-json\/wp\/v2\/users\/72"}],"replies":[{"embeddable":true,"href":"https:\/\/www.amuz.krakow.pl\/en\/wp-json\/wp\/v2\/comments?post=441"}],"version-history":[{"count":5,"href":"https:\/\/www.amuz.krakow.pl\/en\/wp-json\/wp\/v2\/pages\/441\/revisions"}],"predecessor-version":[{"id":114370,"href":"https:\/\/www.amuz.krakow.pl\/en\/wp-json\/wp\/v2\/pages\/441\/revisions\/114370"}],"up":[{"embeddable":true,"href":"https:\/\/www.amuz.krakow.pl\/en\/wp-json\/wp\/v2\/pages\/211"}],"wp:featuredmedia":[{"embeddable":true,"href":"https:\/\/www.amuz.krakow.pl\/en\/wp-json\/wp\/v2\/media\/795"}],"wp:attachment":[{"href":"https:\/\/www.amuz.krakow.pl\/en\/wp-json\/wp\/v2\/media?parent=441"}],"curies":[{"name":"wp","href":"https:\/\/api.w.org\/{rel}","templated":true}]}}