{"id":43999,"date":"2020-11-08T13:03:41","date_gmt":"2020-11-08T12:03:41","guid":{"rendered":"https:\/\/www.amuz.krakow.pl\/?page_id=43999"},"modified":"2024-10-09T14:17:52","modified_gmt":"2024-10-09T12:17:52","slug":"mgr-martyna-zakrzewska-fortepian","status":"publish","type":"page","link":"https:\/\/www.amuz.krakow.pl\/en\/wydzialy\/wydzial-ii-instrumentalny\/katedra-perkusji-i-muzyki-wspolczesnej\/pracownicy\/mgr-martyna-zakrzewska-fortepian\/","title":{"rendered":"dr Martyna Zakrzewska"},"content":{"rendered":"<p><figure id=\"attachment_53134\" aria-describedby=\"caption-attachment-53134\" style=\"width: 270px\" class=\"wp-caption alignleft\"><a href=\"https:\/\/www.amuz.krakow.pl\/wp-content\/uploads\/2021\/09\/Martyna-Zakrzewska-fot.-Serwis-Sinfonia-Varsovia.jpg\"><img loading=\"lazy\" decoding=\"async\" class=\"size-medium wp-image-53134\" src=\"https:\/\/www.amuz.krakow.pl\/wp-content\/uploads\/2021\/09\/Martyna-Zakrzewska-fot.-Serwis-Sinfonia-Varsovia-270x300.jpg\" alt=\"\" width=\"270\" height=\"300\" srcset=\"https:\/\/www.amuz.krakow.pl\/wp-content\/uploads\/2021\/09\/Martyna-Zakrzewska-fot.-Serwis-Sinfonia-Varsovia-270x300.jpg 270w, https:\/\/www.amuz.krakow.pl\/wp-content\/uploads\/2021\/09\/Martyna-Zakrzewska-fot.-Serwis-Sinfonia-Varsovia-768x854.jpg 768w, https:\/\/www.amuz.krakow.pl\/wp-content\/uploads\/2021\/09\/Martyna-Zakrzewska-fot.-Serwis-Sinfonia-Varsovia.jpg 854w\" sizes=\"auto, (max-width: 270px) 100vw, 270px\" \/><\/a><figcaption id=\"caption-attachment-53134\" class=\"wp-caption-text\">fot. Serwis Sinfonia Varsovia<\/figcaption><\/figure><\/p>\n<p style=\"text-align: justify;\">Pianist\u2014soloist and chamber musician\u2014specialising in performance of contemporary music; Doctor of Fine Arts. She took her first piano lessons at the age of five, attending the first-level State Music School in Racib\u00f3rz, and continued her education on the second level in Rybnik. In 2016 she obtained a master\u2019s degree in the Academy of Music in Krak\u00f3w, having studied with prof. Mariusz Sielski and prof. Milena K\u0119dra. In 2021 she defended, with honours, her doctoral thesis: <em>The pianist in the light of piano literature from the avant-garde of the 1960s up until the present: roles and hearing tropes<\/em>. In 2014 she also began studies in Neue Klavier Musik at Hochschule f\u00fcr Musik und Tanz K\u00f6ln, first with Pierre-Laurent Aimard, and with prof. David Smeyers, completed by 2017.<br \/>\nShe was awarded special prize in the 2014 edition of the 20th\u2013 &amp; 21st-Century Music Competition for Young Performers in Radziejowice, second prize in the 23rd Concorso Luigi Nono, a scholarship from Poland\u2019s Ministry of Culture and National Heritage, and a grant from the President of the City of Krak\u00f3w. From 2013 to 2015 she was a member of the European Workshop for Contemporary Music, with whom she performed during the International Summer Course for New Music in Darmstadt and at the International Festival of Contemporary Music \u2018Warsaw Autumn\u2019. In Cologne she was given the opportunity to work with the Musikfabrik ensemble\u2014a collaboration which concluded with a concert at the Universit\u00e4t der K\u00fcnste Berlin. As a soloist she has performed in\u2014among other venues and institutions\u2014the University of Music and Performing Arts Graz, WDR, Deutschlandfunk, the Lviv Philharmonic, the \u2018\u015awi\u0119tokrzyska\u2019 Philharmonic, and the Witold Lutos\u0142awski Concert Studio of the Polish Radio in Warsaw.<br \/>\nShe has performed at many festivals\u2014including Acht Br\u00fccken, Warsaw Autumn, Krak\u00f3w\u2019s Sacrum Profanum, Audio Art, ELEMENTI, and aXes, MUSICA MODERNA in \u0141\u00f3d\u017a, NeoArte in Gda\u0144sk, as well as 7 Nurt\u00f3w [Seven Currents] and TRZY-CZTE-RY in Warsaw\u2014and worked with such conductors as R\u00fcdiger Bohn, Marek Mo\u015b, and Jose Luis Castillo. She has given first performances of pieces by\u2014among other composers\u2014Piotr Peszat, Camille van Lunen, Andrzej Kwieci\u0144ski, Artur Zagajewski, Cezary Duchnowski, Joanna Wo\u017any, Jaros\u0142aw P\u0142onka, Jacek Sotomski, and Marta \u015aniady.<br \/>\nShe has taken masterclasses from\u2014among other pianists and ensembles\u2014Aleksey Orlovetsky, Nicolas Hodges, Benjamin Kobler, Sebastian Berweck, Maciej Grzybowski, Ensemble Musikfabrik, Ensemble Modern, and ensemble recherche. She has attended the impuls Academy in Graz, Darmstadt\u2019s Internationale Ferienkurse f\u00fcr Neue Musik, Ostrava Days, and Stockhausen-kurse in K\u00fcrten. When studying in Cologne, she gained experience in conducting and took up improvisation too, developing in these fields under prof. Paul Alvares.<br \/>\nIn 2014 she cofounded the group known and performing to this day as Sp\u00f3\u0142dzielnia Muzyczna contemporary ensemble. Since 2018 she has also been working in a\u00a0piano duo with Marlies Debacker. The year 2020 saw the premiere of her original project <em>Feminine forms<\/em>, focused on women\u2019s performance of pieces by contemporary female composers.<\/p>\n<p><a href=\"mailto:martyna.zakrzewska@amuz.krakow.pl\">martyna.zakrzewska@amuz.krakow.pl<\/a><\/p>","protected":false},"excerpt":{"rendered":"<p>Pianist\u2014soloist and chamber musician\u2014specialising in performance of contemporary music; Doctor of Fine Arts. She took her first piano lessons at the age of five, attending the first-level State Music School&hellip; <a href=\"https:\/\/www.amuz.krakow.pl\/en\/wydzialy\/wydzial-ii-instrumentalny\/katedra-perkusji-i-muzyki-wspolczesnej\/pracownicy\/mgr-martyna-zakrzewska-fortepian\/\">Continue reading<\/a><\/p>\n","protected":false},"author":72,"featured_media":61556,"parent":43993,"menu_order":8,"comment_status":"closed","ping_status":"closed","template":"","meta":{"footnotes":"","_links_to":"","_links_to_target":""},"class_list":["post-43999","page","type-page","status-publish","has-post-thumbnail","hentry"],"yoast_head":"<!-- This site is optimized with the Yoast SEO plugin v27.2 - https:\/\/yoast.com\/product\/yoast-seo-wordpress\/ -->\n<title>AMKP - Akademia Muzyczna im. Krzysztofa Pendereckiego w Krakowie<\/title>\n<meta name=\"robots\" content=\"index, follow, max-snippet:-1, max-image-preview:large, max-video-preview:-1\" \/>\n<link rel=\"canonical\" href=\"https:\/\/www.amuz.krakow.pl\/wydzialy\/wydzial-ii-instrumentalny\/katedra-perkusji-i-muzyki-wspolczesnej\/pracownicy\/mgr-martyna-zakrzewska-fortepian\/\" \/>\n<meta property=\"og:locale\" content=\"en_US\" \/>\n<meta property=\"og:type\" content=\"article\" \/>\n<meta property=\"og:title\" content=\"AMKP - Akademia Muzyczna im. Krzysztofa Pendereckiego w Krakowie\" \/>\n<meta property=\"og:description\" content=\"Pianist\u2014soloist and chamber musician\u2014specialising in performance of contemporary music; Doctor of Fine Arts. She took her first piano lessons at the age of five, attending the first-level State Music School&hellip; Continue reading\" \/>\n<meta property=\"og:url\" content=\"https:\/\/www.amuz.krakow.pl\/wydzialy\/wydzial-ii-instrumentalny\/katedra-perkusji-i-muzyki-wspolczesnej\/pracownicy\/mgr-martyna-zakrzewska-fortepian\/\" \/>\n<meta property=\"og:site_name\" content=\"Akademia Muzyczna im. Krzysztofa Pendereckiego w Krakowie\" \/>\n<meta property=\"article:publisher\" content=\"https:\/\/www.facebook.com\/amuz.krakow\" \/>\n<meta property=\"article:modified_time\" content=\"2024-10-09T12:17:52+00:00\" \/>\n<meta property=\"og:image\" content=\"https:\/\/www.amuz.krakow.pl\/wp-content\/uploads\/2022\/05\/Martyna-Zakrzewska-fot.-Serwis-Sinfonia-Varsovia.jpg\" \/>\n\t<meta property=\"og:image:width\" content=\"854\" \/>\n\t<meta property=\"og:image:height\" content=\"950\" \/>\n\t<meta property=\"og:image:type\" content=\"image\/jpeg\" \/>\n<meta name=\"twitter:card\" content=\"summary_large_image\" \/>\n<meta name=\"twitter:label1\" content=\"Est. reading time\" \/>\n\t<meta name=\"twitter:data1\" content=\"3 minutes\" \/>\n<script type=\"application\/ld+json\" class=\"yoast-schema-graph\">{\"@context\":\"https:\/\/schema.org\",\"@graph\":[{\"@type\":\"WebPage\",\"@id\":\"https:\/\/www.amuz.krakow.pl\/wydzialy\/wydzial-ii-instrumentalny\/katedra-perkusji-i-muzyki-wspolczesnej\/pracownicy\/mgr-martyna-zakrzewska-fortepian\/\",\"url\":\"https:\/\/www.amuz.krakow.pl\/wydzialy\/wydzial-ii-instrumentalny\/katedra-perkusji-i-muzyki-wspolczesnej\/pracownicy\/mgr-martyna-zakrzewska-fortepian\/\",\"name\":\"AMKP - Akademia Muzyczna im. Krzysztofa Pendereckiego w Krakowie\",\"isPartOf\":{\"@id\":\"https:\/\/www.amuz.krakow.pl\/#website\"},\"primaryImageOfPage\":{\"@id\":\"https:\/\/www.amuz.krakow.pl\/wydzialy\/wydzial-ii-instrumentalny\/katedra-perkusji-i-muzyki-wspolczesnej\/pracownicy\/mgr-martyna-zakrzewska-fortepian\/#primaryimage\"},\"image\":{\"@id\":\"https:\/\/www.amuz.krakow.pl\/wydzialy\/wydzial-ii-instrumentalny\/katedra-perkusji-i-muzyki-wspolczesnej\/pracownicy\/mgr-martyna-zakrzewska-fortepian\/#primaryimage\"},\"thumbnailUrl\":\"https:\/\/www.amuz.krakow.pl\/wp-content\/uploads\/2022\/05\/Martyna-Zakrzewska-fot.-Serwis-Sinfonia-Varsovia.jpg\",\"datePublished\":\"2020-11-08T12:03:41+00:00\",\"dateModified\":\"2024-10-09T12:17:52+00:00\",\"breadcrumb\":{\"@id\":\"https:\/\/www.amuz.krakow.pl\/wydzialy\/wydzial-ii-instrumentalny\/katedra-perkusji-i-muzyki-wspolczesnej\/pracownicy\/mgr-martyna-zakrzewska-fortepian\/#breadcrumb\"},\"inLanguage\":\"en-US\",\"potentialAction\":[{\"@type\":\"ReadAction\",\"target\":[\"https:\/\/www.amuz.krakow.pl\/wydzialy\/wydzial-ii-instrumentalny\/katedra-perkusji-i-muzyki-wspolczesnej\/pracownicy\/mgr-martyna-zakrzewska-fortepian\/\"]}]},{\"@type\":\"ImageObject\",\"inLanguage\":\"en-US\",\"@id\":\"https:\/\/www.amuz.krakow.pl\/wydzialy\/wydzial-ii-instrumentalny\/katedra-perkusji-i-muzyki-wspolczesnej\/pracownicy\/mgr-martyna-zakrzewska-fortepian\/#primaryimage\",\"url\":\"https:\/\/www.amuz.krakow.pl\/wp-content\/uploads\/2022\/05\/Martyna-Zakrzewska-fot.-Serwis-Sinfonia-Varsovia.jpg\",\"contentUrl\":\"https:\/\/www.amuz.krakow.pl\/wp-content\/uploads\/2022\/05\/Martyna-Zakrzewska-fot.-Serwis-Sinfonia-Varsovia.jpg\",\"width\":854,\"height\":950},{\"@type\":\"BreadcrumbList\",\"@id\":\"https:\/\/www.amuz.krakow.pl\/wydzialy\/wydzial-ii-instrumentalny\/katedra-perkusji-i-muzyki-wspolczesnej\/pracownicy\/mgr-martyna-zakrzewska-fortepian\/#breadcrumb\",\"itemListElement\":[{\"@type\":\"ListItem\",\"position\":1,\"name\":\"Strona g\u0142\u00f3wna\",\"item\":\"https:\/\/www.amuz.krakow.pl\/\"},{\"@type\":\"ListItem\",\"position\":2,\"name\":\"WYDZIA\u0141Y\",\"item\":\"https:\/\/www.amuz.krakow.pl\/wydzialy\/\"},{\"@type\":\"ListItem\",\"position\":3,\"name\":\"Wydzia\u0142 Instrumentalny\",\"item\":\"https:\/\/www.amuz.krakow.pl\/wydzialy\/wydzial-ii-instrumentalny\/\"},{\"@type\":\"ListItem\",\"position\":4,\"name\":\"Katedra Perkusji i&nbsp;Muzyki Wsp\u00f3\u0142czesnej\",\"item\":\"https:\/\/www.amuz.krakow.pl\/wydzialy\/wydzial-ii-instrumentalny\/katedra-perkusji-i-muzyki-wspolczesnej\/\"},{\"@type\":\"ListItem\",\"position\":5,\"name\":\"Pracownicy Katedry\",\"item\":\"https:\/\/www.amuz.krakow.pl\/wydzialy\/wydzial-ii-instrumentalny\/katedra-perkusji-i-muzyki-wspolczesnej\/pracownicy\/\"},{\"@type\":\"ListItem\",\"position\":6,\"name\":\"dr Martyna Zakrzewska\"}]},{\"@type\":\"WebSite\",\"@id\":\"https:\/\/www.amuz.krakow.pl\/#website\",\"url\":\"https:\/\/www.amuz.krakow.pl\/\",\"name\":\"Akademia Muzyczna im. Krzysztofa Pendereckiego w Krakowie\",\"description\":\"Oficjalna strona Akademii Muzycznej im. Krzysztofa Pendereckiego w Krakowie (AMKP).\",\"publisher\":{\"@id\":\"https:\/\/www.amuz.krakow.pl\/#organization\"},\"alternateName\":\"AMKP\",\"potentialAction\":[{\"@type\":\"SearchAction\",\"target\":{\"@type\":\"EntryPoint\",\"urlTemplate\":\"https:\/\/www.amuz.krakow.pl\/?s={search_term_string}\"},\"query-input\":{\"@type\":\"PropertyValueSpecification\",\"valueRequired\":true,\"valueName\":\"search_term_string\"}}],\"inLanguage\":\"en-US\"},{\"@type\":\"Organization\",\"@id\":\"https:\/\/www.amuz.krakow.pl\/#organization\",\"name\":\"Akademia Muzyczna im. Krzysztofa Pendereckiego w Krakowie\",\"alternateName\":\"AMKP\",\"url\":\"https:\/\/www.amuz.krakow.pl\/\",\"logo\":{\"@type\":\"ImageObject\",\"inLanguage\":\"en-US\",\"@id\":\"https:\/\/www.amuz.krakow.pl\/#\/schema\/logo\/image\/\",\"url\":\"https:\/\/www.amuz.krakow.pl\/wp-content\/uploads\/2021\/11\/amkp.jpg\",\"contentUrl\":\"https:\/\/www.amuz.krakow.pl\/wp-content\/uploads\/2021\/11\/amkp.jpg\",\"width\":1193,\"height\":591,\"caption\":\"Akademia Muzyczna im. Krzysztofa Pendereckiego w Krakowie\"},\"image\":{\"@id\":\"https:\/\/www.amuz.krakow.pl\/#\/schema\/logo\/image\/\"},\"sameAs\":[\"https:\/\/www.facebook.com\/amuz.krakow\",\"https:\/\/www.instagram.com\/amkpenderecki\/\",\"https:\/\/www.youtube.com\/@amkpenderecki4806\"]}]}<\/script>\n<!-- \/ Yoast SEO plugin. -->","yoast_head_json":{"title":"AMKP - Akademia Muzyczna im. Krzysztofa Pendereckiego w Krakowie","robots":{"index":"index","follow":"follow","max-snippet":"max-snippet:-1","max-image-preview":"max-image-preview:large","max-video-preview":"max-video-preview:-1"},"canonical":"https:\/\/www.amuz.krakow.pl\/wydzialy\/wydzial-ii-instrumentalny\/katedra-perkusji-i-muzyki-wspolczesnej\/pracownicy\/mgr-martyna-zakrzewska-fortepian\/","og_locale":"en_US","og_type":"article","og_title":"AMKP - Akademia Muzyczna im. Krzysztofa Pendereckiego w Krakowie","og_description":"Pianist\u2014soloist and chamber musician\u2014specialising in performance of contemporary music; Doctor of Fine Arts. She took her first piano lessons at the age of five, attending the first-level State Music School&hellip; Continue reading","og_url":"https:\/\/www.amuz.krakow.pl\/wydzialy\/wydzial-ii-instrumentalny\/katedra-perkusji-i-muzyki-wspolczesnej\/pracownicy\/mgr-martyna-zakrzewska-fortepian\/","og_site_name":"Akademia Muzyczna im. Krzysztofa Pendereckiego w Krakowie","article_publisher":"https:\/\/www.facebook.com\/amuz.krakow","article_modified_time":"2024-10-09T12:17:52+00:00","og_image":[{"width":854,"height":950,"url":"https:\/\/www.amuz.krakow.pl\/wp-content\/uploads\/2022\/05\/Martyna-Zakrzewska-fot.-Serwis-Sinfonia-Varsovia.jpg","type":"image\/jpeg"}],"twitter_card":"summary_large_image","twitter_misc":{"Est. reading time":"3 minutes"},"schema":{"@context":"https:\/\/schema.org","@graph":[{"@type":"WebPage","@id":"https:\/\/www.amuz.krakow.pl\/wydzialy\/wydzial-ii-instrumentalny\/katedra-perkusji-i-muzyki-wspolczesnej\/pracownicy\/mgr-martyna-zakrzewska-fortepian\/","url":"https:\/\/www.amuz.krakow.pl\/wydzialy\/wydzial-ii-instrumentalny\/katedra-perkusji-i-muzyki-wspolczesnej\/pracownicy\/mgr-martyna-zakrzewska-fortepian\/","name":"AMKP - Akademia Muzyczna im. Krzysztofa Pendereckiego w Krakowie","isPartOf":{"@id":"https:\/\/www.amuz.krakow.pl\/#website"},"primaryImageOfPage":{"@id":"https:\/\/www.amuz.krakow.pl\/wydzialy\/wydzial-ii-instrumentalny\/katedra-perkusji-i-muzyki-wspolczesnej\/pracownicy\/mgr-martyna-zakrzewska-fortepian\/#primaryimage"},"image":{"@id":"https:\/\/www.amuz.krakow.pl\/wydzialy\/wydzial-ii-instrumentalny\/katedra-perkusji-i-muzyki-wspolczesnej\/pracownicy\/mgr-martyna-zakrzewska-fortepian\/#primaryimage"},"thumbnailUrl":"https:\/\/www.amuz.krakow.pl\/wp-content\/uploads\/2022\/05\/Martyna-Zakrzewska-fot.-Serwis-Sinfonia-Varsovia.jpg","datePublished":"2020-11-08T12:03:41+00:00","dateModified":"2024-10-09T12:17:52+00:00","breadcrumb":{"@id":"https:\/\/www.amuz.krakow.pl\/wydzialy\/wydzial-ii-instrumentalny\/katedra-perkusji-i-muzyki-wspolczesnej\/pracownicy\/mgr-martyna-zakrzewska-fortepian\/#breadcrumb"},"inLanguage":"en-US","potentialAction":[{"@type":"ReadAction","target":["https:\/\/www.amuz.krakow.pl\/wydzialy\/wydzial-ii-instrumentalny\/katedra-perkusji-i-muzyki-wspolczesnej\/pracownicy\/mgr-martyna-zakrzewska-fortepian\/"]}]},{"@type":"ImageObject","inLanguage":"en-US","@id":"https:\/\/www.amuz.krakow.pl\/wydzialy\/wydzial-ii-instrumentalny\/katedra-perkusji-i-muzyki-wspolczesnej\/pracownicy\/mgr-martyna-zakrzewska-fortepian\/#primaryimage","url":"https:\/\/www.amuz.krakow.pl\/wp-content\/uploads\/2022\/05\/Martyna-Zakrzewska-fot.-Serwis-Sinfonia-Varsovia.jpg","contentUrl":"https:\/\/www.amuz.krakow.pl\/wp-content\/uploads\/2022\/05\/Martyna-Zakrzewska-fot.-Serwis-Sinfonia-Varsovia.jpg","width":854,"height":950},{"@type":"BreadcrumbList","@id":"https:\/\/www.amuz.krakow.pl\/wydzialy\/wydzial-ii-instrumentalny\/katedra-perkusji-i-muzyki-wspolczesnej\/pracownicy\/mgr-martyna-zakrzewska-fortepian\/#breadcrumb","itemListElement":[{"@type":"ListItem","position":1,"name":"Strona g\u0142\u00f3wna","item":"https:\/\/www.amuz.krakow.pl\/"},{"@type":"ListItem","position":2,"name":"WYDZIA\u0141Y","item":"https:\/\/www.amuz.krakow.pl\/wydzialy\/"},{"@type":"ListItem","position":3,"name":"Wydzia\u0142 Instrumentalny","item":"https:\/\/www.amuz.krakow.pl\/wydzialy\/wydzial-ii-instrumentalny\/"},{"@type":"ListItem","position":4,"name":"Katedra Perkusji i&nbsp;Muzyki Wsp\u00f3\u0142czesnej","item":"https:\/\/www.amuz.krakow.pl\/wydzialy\/wydzial-ii-instrumentalny\/katedra-perkusji-i-muzyki-wspolczesnej\/"},{"@type":"ListItem","position":5,"name":"Pracownicy Katedry","item":"https:\/\/www.amuz.krakow.pl\/wydzialy\/wydzial-ii-instrumentalny\/katedra-perkusji-i-muzyki-wspolczesnej\/pracownicy\/"},{"@type":"ListItem","position":6,"name":"dr Martyna Zakrzewska"}]},{"@type":"WebSite","@id":"https:\/\/www.amuz.krakow.pl\/#website","url":"https:\/\/www.amuz.krakow.pl\/","name":"Akademia Muzyczna im. Krzysztofa Pendereckiego w Krakowie","description":"Oficjalna strona Akademii Muzycznej im. Krzysztofa Pendereckiego w Krakowie (AMKP).","publisher":{"@id":"https:\/\/www.amuz.krakow.pl\/#organization"},"alternateName":"AMKP","potentialAction":[{"@type":"SearchAction","target":{"@type":"EntryPoint","urlTemplate":"https:\/\/www.amuz.krakow.pl\/?s={search_term_string}"},"query-input":{"@type":"PropertyValueSpecification","valueRequired":true,"valueName":"search_term_string"}}],"inLanguage":"en-US"},{"@type":"Organization","@id":"https:\/\/www.amuz.krakow.pl\/#organization","name":"Akademia Muzyczna im. Krzysztofa Pendereckiego w Krakowie","alternateName":"AMKP","url":"https:\/\/www.amuz.krakow.pl\/","logo":{"@type":"ImageObject","inLanguage":"en-US","@id":"https:\/\/www.amuz.krakow.pl\/#\/schema\/logo\/image\/","url":"https:\/\/www.amuz.krakow.pl\/wp-content\/uploads\/2021\/11\/amkp.jpg","contentUrl":"https:\/\/www.amuz.krakow.pl\/wp-content\/uploads\/2021\/11\/amkp.jpg","width":1193,"height":591,"caption":"Akademia Muzyczna im. Krzysztofa Pendereckiego w Krakowie"},"image":{"@id":"https:\/\/www.amuz.krakow.pl\/#\/schema\/logo\/image\/"},"sameAs":["https:\/\/www.facebook.com\/amuz.krakow","https:\/\/www.instagram.com\/amkpenderecki\/","https:\/\/www.youtube.com\/@amkpenderecki4806"]}]}},"_links":{"self":[{"href":"https:\/\/www.amuz.krakow.pl\/en\/wp-json\/wp\/v2\/pages\/43999","targetHints":{"allow":["GET"]}}],"collection":[{"href":"https:\/\/www.amuz.krakow.pl\/en\/wp-json\/wp\/v2\/pages"}],"about":[{"href":"https:\/\/www.amuz.krakow.pl\/en\/wp-json\/wp\/v2\/types\/page"}],"author":[{"embeddable":true,"href":"https:\/\/www.amuz.krakow.pl\/en\/wp-json\/wp\/v2\/users\/72"}],"replies":[{"embeddable":true,"href":"https:\/\/www.amuz.krakow.pl\/en\/wp-json\/wp\/v2\/comments?post=43999"}],"version-history":[{"count":6,"href":"https:\/\/www.amuz.krakow.pl\/en\/wp-json\/wp\/v2\/pages\/43999\/revisions"}],"predecessor-version":[{"id":90857,"href":"https:\/\/www.amuz.krakow.pl\/en\/wp-json\/wp\/v2\/pages\/43999\/revisions\/90857"}],"up":[{"embeddable":true,"href":"https:\/\/www.amuz.krakow.pl\/en\/wp-json\/wp\/v2\/pages\/43993"}],"wp:featuredmedia":[{"embeddable":true,"href":"https:\/\/www.amuz.krakow.pl\/en\/wp-json\/wp\/v2\/media\/61556"}],"wp:attachment":[{"href":"https:\/\/www.amuz.krakow.pl\/en\/wp-json\/wp\/v2\/media?parent=43999"}],"curies":[{"name":"wp","href":"https:\/\/api.w.org\/{rel}","templated":true}]}}