{"id":43989,"date":"2020-11-08T12:49:30","date_gmt":"2020-11-08T11:49:30","guid":{"rendered":"https:\/\/www.amuz.krakow.pl\/?page_id=43989"},"modified":"2022-12-09T14:06:07","modified_gmt":"2022-12-09T13:06:07","slug":"katedra-perkusji-i-muzyki-wspolczesnej","status":"publish","type":"page","link":"https:\/\/www.amuz.krakow.pl\/en\/wydzialy\/wydzial-ii-instrumentalny\/katedra-perkusji-i-muzyki-wspolczesnej\/","title":{"rendered":"Department of Percussion and Contemporary Music"},"content":{"rendered":"<p><\/p>\n<p style=\"text-align: justify;\">Department of Contemporary Music Interpretation was formed in 1990 by Professor Adam Kaczy\u0144ski. At that time, it was the first Department at all music academies in Poland that focused on the performance of contemporary music. Since its inception, it has been supported artistically and in other aspects by Poland&#8217;s first professional ensemble performing contemporary and avant-garde music &#8211; Ensemble MW2. The ensemble has participated in over 80 festivals in Europe, Asia and South Korea. It has presented the first performances of musical works by major contemporary composers from all over the world, and performed compositions by Polish artists, such as B. Sch\u00e4ffer, K. Moszuma\u0144ska-Nazar, E. Bogus\u0142awski, A. Walaci\u0144ski, K. Meyer, H. M. G\u00f3recki, M. Stachowski, K. Knittel and many composers of the younger generation.<\/p>\n<p style=\"text-align: justify;\">The teaching programme of the Department&#8217;s staff includes a course on contemporary music performance practice for students of the Instrumental Faculty. The contemporary music curriculum in the form of practical classes covers all major trends in the 20th and 21st century music, solo works, chamber music, as well as larger instrumental and vocal ensembles with a conductor. Contemporary musical notation, including graphic notation, new sound explorations, preparation of instruments, ideas on the borderline between music, instrumental theatre and happening are only some of the elements of contemporary performance workshop that is part of the classes.<\/p>\n<p style=\"text-align: justify;\">At the end of both semesters, all students attending the Department&#8217;s classes have to take public examinations in the form of concerts.<\/p>\n<p style=\"text-align: justify;\">The Department&#8217;s activities have given rise to the artistic careers of many acclaimed ensembles. They include Kroke, Motion Trio, Ara Ensemble and Krakow Percussion Duet.<\/p>\n<p style=\"text-align: justify;\">In addition to the teaching process, the Department carries out wide-ranging concert and academic activities relating to the music composition techniques and the performance of contemporary and percussion music. In the years 1993-2002, \u201cWrite &amp; Play\u201d international music festivals were held, devoted to the contemporary music of various countries, such as Denmark, Italy, the Netherlands, Switzerland, the USA and many others. The teaching and research efforts have also resulted in CD recordings for a major label promoting contemporary music,\u00a0<em>Vienna Modern Masters<\/em>. The records include compositions by D. Cope, T. Br\u00e4m, R. Haubenstock-Ramati, B. Lorentzen and A. Kaczy\u0144ski.<\/p>\n<p style=\"text-align: justify;\">Since Professor Jan Pilch took over as head, the Department has also participated in the organisation of the International Percussion Festival \u201cSources and Inspirations\u201d and has been the initiator of cyclical projects, such as \u201cJazz at the Academy\u201d, Composition and Performance Workshops, master classes and seminars conducted by foreign lecturers (USA, Germany, Indonesia, UK, Italy, Spain). A project entitled \u201cMusical Coexistence\u201d &#8211; an international scientific session combined with workshops and concerts which took place in February 2010 &#8211; met with great interest from the listeners and participants, as well as with favourable reviews and opinions of the music community.<\/p>\n<p style=\"text-align: justify;\">Between 2012 and 2014, the Department led an international project called ASTAPER in collaboration with the music academies of Valencia, Freiburg and Padua as well as the Higher School of Theatre and the Academy of Physical Education. The subject of the project was:\u00a0<em>The fundamentals of anthropomotorics and stage presence techniques in percussion performance<\/em>. More than 10 concerts were given in the course of ASTAPER, and the entire project was documented in a publication containing the lectures as well as DVD recordings of concerts and workshops.<\/p>\n<p style=\"text-align: justify;\">In the long history of the Department, lectures and master classes have been given, among others, by:<\/p>\n<ul>\n<li style=\"text-align: justify;\">Bertel Krarup (Rector of the Det Fynske Musikkonservatorium in Odense, Denmark) &#8211; <em>Contemporary music at the Odense Conservatoire<\/em><\/li>\n<li style=\"text-align: justify;\">Per Erland Rassmussen (Vice-Rector of the Det Fynske Musikkonservatorium in Odense, Denmark) &#8211; <em>Contemporary music from Carl Nielsen to the present day<\/em><\/li>\n<li style=\"text-align: justify;\">Ada Gentile and Vittorio Fellegara (Italy) &#8211; <em>Musical notation as a form of communication between the composer and the performer<\/em><\/li>\n<li style=\"text-align: justify;\">Martin Joste (France) &#8211; <em>Musical notation as a form of communication between the composer and the performer<\/em>.<\/li>\n<li style=\"text-align: justify;\">Krzysztof Knittel (Warsaw) &#8211; <em>Musical notation as a form of communication between the composer and the performer<\/em><\/li>\n<li style=\"text-align: justify;\">Daniel Weissberg (Basel, Switzerland) &#8211; <em>Composer&#8217;s own technique<\/em><\/li>\n<li style=\"text-align: justify;\">Barbara Jazwinsky (Tulane University, USA) &#8211; <em>Composer&#8217;s own technique<\/em><\/li>\n<li style=\"text-align: justify;\">Carl Bergstrom-Nielsen (Humlebaek, Denmark) &#8211; Intuitive Music<\/li>\n<li style=\"text-align: justify;\">Yuko Kawai (Japan) &#8211; <em>Contemporary Japanese music<\/em><\/li>\n<li style=\"text-align: justify;\">Adam Kaczy\u0144ski (Academy of Music, Krak\u00f3w) &#8211; <em>Shape for 2 pianos<\/em><\/li>\n<li style=\"text-align: justify;\">Krzysztof Olczak (Academy of Music, Gda\u0144sk) &#8211; <em>Problems of new accordion techniques in the light of contemporary composition techniques<\/em><\/li>\n<li style=\"text-align: justify;\">Sigfried Mauser (Salzburg, Austria) \u2013 A lecture delivered during the Symposium dedicated to Alexander Zemlinsky<\/li>\n<li style=\"text-align: justify;\">Paul Sacher (Basel, Switzerland) \u2013 A lecture delivered at the ceremony of the conferring of the Degree of Doctor Honoris Causa<\/li>\n<li style=\"text-align: justify;\">Krystyna Moszuma\u0144ska-Nazar (Academy of Music, Krak\u00f3w) &#8211; <em>Musical notation as a form of communication between the composer and the performer<\/em><\/li>\n<li style=\"text-align: justify;\">Piotr Grella-Mo\u017cejko (Edmonton, Canada) &#8211; <em>Between the European rock and the American hard place<\/em><\/li>\n<li style=\"text-align: justify;\">Carl Humphries (London, United Kingdom) &#8211; <em>Philosophical problems in modern music<\/em><\/li>\n<li style=\"text-align: justify;\">Dinu Ghezzo (New York University, USA) &#8211; <em>New realities of the composer&#8217;s profession in the early 20th century <\/em><\/li>\n<li style=\"text-align: justify;\">David Eddleman (Rockaway, USA) &#8211; Kolot min HaShoah<\/li>\n<li style=\"text-align: justify;\">Marek Stachowski (Academy of Music, Krak\u00f3w) \u2013\u00a0<em>Audition for flute, cello and piano<\/em><\/li>\n<li style=\"text-align: justify;\">Chang \u2013 Min Park (Seoul, Korea) \u2013\u00a0<em>String Quartet II<\/em><\/li>\n<li style=\"text-align: justify;\">Adam Walaci\u0144ski (Academy of Music, Krak\u00f3w) \u2013\u00a0<em>Moment musicaux avec postulude en homage<\/em><\/li>\n<li style=\"text-align: justify;\">Amsterdam Mallet Colective (the Netherlands)<\/li>\n<\/ul>\n<p><\/p>","protected":false},"excerpt":{"rendered":"<p>Department of Contemporary Music Interpretation was formed in 1990 by Professor Adam Kaczy\u0144ski. At that time, it was the first Department at all music academies in Poland that focused on&hellip; <a href=\"https:\/\/www.amuz.krakow.pl\/en\/wydzialy\/wydzial-ii-instrumentalny\/katedra-perkusji-i-muzyki-wspolczesnej\/\">Continue reading<\/a><\/p>\n","protected":false},"author":72,"featured_media":0,"parent":230,"menu_order":9,"comment_status":"closed","ping_status":"closed","template":"","meta":{"footnotes":"","_links_to":"","_links_to_target":""},"class_list":["post-43989","page","type-page","status-publish","hentry"],"yoast_head":"<!-- This site is optimized with the Yoast SEO plugin v27.4 - https:\/\/yoast.com\/product\/yoast-seo-wordpress\/ -->\n<title>AMKP - Akademia Muzyczna im. Krzysztofa Pendereckiego w Krakowie<\/title>\n<meta name=\"robots\" content=\"index, follow, max-snippet:-1, max-image-preview:large, max-video-preview:-1\" \/>\n<link rel=\"canonical\" href=\"https:\/\/www.amuz.krakow.pl\/wydzialy\/wydzial-ii-instrumentalny\/katedra-perkusji-i-muzyki-wspolczesnej\/\" \/>\n<meta property=\"og:locale\" content=\"en_US\" \/>\n<meta property=\"og:type\" content=\"article\" \/>\n<meta property=\"og:title\" content=\"AMKP - Akademia Muzyczna im. Krzysztofa Pendereckiego w Krakowie\" \/>\n<meta property=\"og:description\" content=\"Department of Contemporary Music Interpretation was formed in 1990 by Professor Adam Kaczy\u0144ski. At that time, it was the first Department at all music academies in Poland that focused on&hellip; Continue reading\" \/>\n<meta property=\"og:url\" content=\"https:\/\/www.amuz.krakow.pl\/wydzialy\/wydzial-ii-instrumentalny\/katedra-perkusji-i-muzyki-wspolczesnej\/\" \/>\n<meta property=\"og:site_name\" content=\"Akademia Muzyczna im. Krzysztofa Pendereckiego w Krakowie\" \/>\n<meta property=\"article:publisher\" content=\"https:\/\/www.facebook.com\/amuz.krakow\" \/>\n<meta property=\"article:modified_time\" content=\"2022-12-09T13:06:07+00:00\" \/>\n<meta property=\"og:image\" content=\"https:\/\/www.amuz.krakow.pl\/wp-content\/uploads\/2021\/11\/amkp.jpg\" \/>\n\t<meta property=\"og:image:width\" content=\"1193\" \/>\n\t<meta property=\"og:image:height\" content=\"591\" \/>\n\t<meta property=\"og:image:type\" content=\"image\/jpeg\" \/>\n<meta name=\"twitter:card\" content=\"summary_large_image\" \/>\n<meta name=\"twitter:label1\" content=\"Est. reading time\" \/>\n\t<meta name=\"twitter:data1\" content=\"6 minutes\" \/>\n<script type=\"application\/ld+json\" class=\"yoast-schema-graph\">{\"@context\":\"https:\\\/\\\/schema.org\",\"@graph\":[{\"@type\":\"WebPage\",\"@id\":\"https:\\\/\\\/www.amuz.krakow.pl\\\/wydzialy\\\/wydzial-ii-instrumentalny\\\/katedra-perkusji-i-muzyki-wspolczesnej\\\/\",\"url\":\"https:\\\/\\\/www.amuz.krakow.pl\\\/wydzialy\\\/wydzial-ii-instrumentalny\\\/katedra-perkusji-i-muzyki-wspolczesnej\\\/\",\"name\":\"AMKP - Akademia Muzyczna im. Krzysztofa Pendereckiego w Krakowie\",\"isPartOf\":{\"@id\":\"https:\\\/\\\/www.amuz.krakow.pl\\\/#website\"},\"datePublished\":\"2020-11-08T11:49:30+00:00\",\"dateModified\":\"2022-12-09T13:06:07+00:00\",\"breadcrumb\":{\"@id\":\"https:\\\/\\\/www.amuz.krakow.pl\\\/wydzialy\\\/wydzial-ii-instrumentalny\\\/katedra-perkusji-i-muzyki-wspolczesnej\\\/#breadcrumb\"},\"inLanguage\":\"en-US\",\"potentialAction\":[{\"@type\":\"ReadAction\",\"target\":[\"https:\\\/\\\/www.amuz.krakow.pl\\\/wydzialy\\\/wydzial-ii-instrumentalny\\\/katedra-perkusji-i-muzyki-wspolczesnej\\\/\"]}]},{\"@type\":\"BreadcrumbList\",\"@id\":\"https:\\\/\\\/www.amuz.krakow.pl\\\/wydzialy\\\/wydzial-ii-instrumentalny\\\/katedra-perkusji-i-muzyki-wspolczesnej\\\/#breadcrumb\",\"itemListElement\":[{\"@type\":\"ListItem\",\"position\":1,\"name\":\"Strona g\u0142\u00f3wna\",\"item\":\"https:\\\/\\\/www.amuz.krakow.pl\\\/\"},{\"@type\":\"ListItem\",\"position\":2,\"name\":\"WYDZIA\u0141Y\",\"item\":\"https:\\\/\\\/www.amuz.krakow.pl\\\/wydzialy\\\/\"},{\"@type\":\"ListItem\",\"position\":3,\"name\":\"Wydzia\u0142 Instrumentalny\",\"item\":\"https:\\\/\\\/www.amuz.krakow.pl\\\/wydzialy\\\/wydzial-ii-instrumentalny\\\/\"},{\"@type\":\"ListItem\",\"position\":4,\"name\":\"Katedra Perkusji i&nbsp;Muzyki Wsp\u00f3\u0142czesnej\"}]},{\"@type\":\"WebSite\",\"@id\":\"https:\\\/\\\/www.amuz.krakow.pl\\\/#website\",\"url\":\"https:\\\/\\\/www.amuz.krakow.pl\\\/\",\"name\":\"Akademia Muzyczna im. Krzysztofa Pendereckiego w Krakowie\",\"description\":\"Oficjalna strona Akademii Muzycznej im. Krzysztofa Pendereckiego w Krakowie (AMKP).\",\"publisher\":{\"@id\":\"https:\\\/\\\/www.amuz.krakow.pl\\\/#organization\"},\"alternateName\":\"AMKP\",\"potentialAction\":[{\"@type\":\"SearchAction\",\"target\":{\"@type\":\"EntryPoint\",\"urlTemplate\":\"https:\\\/\\\/www.amuz.krakow.pl\\\/?s={search_term_string}\"},\"query-input\":{\"@type\":\"PropertyValueSpecification\",\"valueRequired\":true,\"valueName\":\"search_term_string\"}}],\"inLanguage\":\"en-US\"},{\"@type\":\"Organization\",\"@id\":\"https:\\\/\\\/www.amuz.krakow.pl\\\/#organization\",\"name\":\"Akademia Muzyczna im. Krzysztofa Pendereckiego w Krakowie\",\"alternateName\":\"AMKP\",\"url\":\"https:\\\/\\\/www.amuz.krakow.pl\\\/\",\"logo\":{\"@type\":\"ImageObject\",\"inLanguage\":\"en-US\",\"@id\":\"https:\\\/\\\/www.amuz.krakow.pl\\\/#\\\/schema\\\/logo\\\/image\\\/\",\"url\":\"https:\\\/\\\/www.amuz.krakow.pl\\\/wp-content\\\/uploads\\\/2021\\\/11\\\/amkp.jpg\",\"contentUrl\":\"https:\\\/\\\/www.amuz.krakow.pl\\\/wp-content\\\/uploads\\\/2021\\\/11\\\/amkp.jpg\",\"width\":1193,\"height\":591,\"caption\":\"Akademia Muzyczna im. Krzysztofa Pendereckiego w Krakowie\"},\"image\":{\"@id\":\"https:\\\/\\\/www.amuz.krakow.pl\\\/#\\\/schema\\\/logo\\\/image\\\/\"},\"sameAs\":[\"https:\\\/\\\/www.facebook.com\\\/amuz.krakow\",\"https:\\\/\\\/www.instagram.com\\\/amkpenderecki\\\/\",\"https:\\\/\\\/www.youtube.com\\\/@amkpenderecki4806\"]}]}<\/script>\n<!-- \/ Yoast SEO plugin. -->","yoast_head_json":{"title":"AMKP - Akademia Muzyczna im. Krzysztofa Pendereckiego w Krakowie","robots":{"index":"index","follow":"follow","max-snippet":"max-snippet:-1","max-image-preview":"max-image-preview:large","max-video-preview":"max-video-preview:-1"},"canonical":"https:\/\/www.amuz.krakow.pl\/wydzialy\/wydzial-ii-instrumentalny\/katedra-perkusji-i-muzyki-wspolczesnej\/","og_locale":"en_US","og_type":"article","og_title":"AMKP - Akademia Muzyczna im. Krzysztofa Pendereckiego w Krakowie","og_description":"Department of Contemporary Music Interpretation was formed in 1990 by Professor Adam Kaczy\u0144ski. At that time, it was the first Department at all music academies in Poland that focused on&hellip; Continue reading","og_url":"https:\/\/www.amuz.krakow.pl\/wydzialy\/wydzial-ii-instrumentalny\/katedra-perkusji-i-muzyki-wspolczesnej\/","og_site_name":"Akademia Muzyczna im. Krzysztofa Pendereckiego w Krakowie","article_publisher":"https:\/\/www.facebook.com\/amuz.krakow","article_modified_time":"2022-12-09T13:06:07+00:00","og_image":[{"width":1193,"height":591,"url":"https:\/\/www.amuz.krakow.pl\/wp-content\/uploads\/2021\/11\/amkp.jpg","type":"image\/jpeg"}],"twitter_card":"summary_large_image","twitter_misc":{"Est. reading time":"6 minutes"},"schema":{"@context":"https:\/\/schema.org","@graph":[{"@type":"WebPage","@id":"https:\/\/www.amuz.krakow.pl\/wydzialy\/wydzial-ii-instrumentalny\/katedra-perkusji-i-muzyki-wspolczesnej\/","url":"https:\/\/www.amuz.krakow.pl\/wydzialy\/wydzial-ii-instrumentalny\/katedra-perkusji-i-muzyki-wspolczesnej\/","name":"AMKP - Akademia Muzyczna im. Krzysztofa Pendereckiego w Krakowie","isPartOf":{"@id":"https:\/\/www.amuz.krakow.pl\/#website"},"datePublished":"2020-11-08T11:49:30+00:00","dateModified":"2022-12-09T13:06:07+00:00","breadcrumb":{"@id":"https:\/\/www.amuz.krakow.pl\/wydzialy\/wydzial-ii-instrumentalny\/katedra-perkusji-i-muzyki-wspolczesnej\/#breadcrumb"},"inLanguage":"en-US","potentialAction":[{"@type":"ReadAction","target":["https:\/\/www.amuz.krakow.pl\/wydzialy\/wydzial-ii-instrumentalny\/katedra-perkusji-i-muzyki-wspolczesnej\/"]}]},{"@type":"BreadcrumbList","@id":"https:\/\/www.amuz.krakow.pl\/wydzialy\/wydzial-ii-instrumentalny\/katedra-perkusji-i-muzyki-wspolczesnej\/#breadcrumb","itemListElement":[{"@type":"ListItem","position":1,"name":"Strona g\u0142\u00f3wna","item":"https:\/\/www.amuz.krakow.pl\/"},{"@type":"ListItem","position":2,"name":"WYDZIA\u0141Y","item":"https:\/\/www.amuz.krakow.pl\/wydzialy\/"},{"@type":"ListItem","position":3,"name":"Wydzia\u0142 Instrumentalny","item":"https:\/\/www.amuz.krakow.pl\/wydzialy\/wydzial-ii-instrumentalny\/"},{"@type":"ListItem","position":4,"name":"Katedra Perkusji i&nbsp;Muzyki Wsp\u00f3\u0142czesnej"}]},{"@type":"WebSite","@id":"https:\/\/www.amuz.krakow.pl\/#website","url":"https:\/\/www.amuz.krakow.pl\/","name":"Akademia Muzyczna im. Krzysztofa Pendereckiego w Krakowie","description":"Oficjalna strona Akademii Muzycznej im. Krzysztofa Pendereckiego w Krakowie (AMKP).","publisher":{"@id":"https:\/\/www.amuz.krakow.pl\/#organization"},"alternateName":"AMKP","potentialAction":[{"@type":"SearchAction","target":{"@type":"EntryPoint","urlTemplate":"https:\/\/www.amuz.krakow.pl\/?s={search_term_string}"},"query-input":{"@type":"PropertyValueSpecification","valueRequired":true,"valueName":"search_term_string"}}],"inLanguage":"en-US"},{"@type":"Organization","@id":"https:\/\/www.amuz.krakow.pl\/#organization","name":"Akademia Muzyczna im. Krzysztofa Pendereckiego w Krakowie","alternateName":"AMKP","url":"https:\/\/www.amuz.krakow.pl\/","logo":{"@type":"ImageObject","inLanguage":"en-US","@id":"https:\/\/www.amuz.krakow.pl\/#\/schema\/logo\/image\/","url":"https:\/\/www.amuz.krakow.pl\/wp-content\/uploads\/2021\/11\/amkp.jpg","contentUrl":"https:\/\/www.amuz.krakow.pl\/wp-content\/uploads\/2021\/11\/amkp.jpg","width":1193,"height":591,"caption":"Akademia Muzyczna im. Krzysztofa Pendereckiego w Krakowie"},"image":{"@id":"https:\/\/www.amuz.krakow.pl\/#\/schema\/logo\/image\/"},"sameAs":["https:\/\/www.facebook.com\/amuz.krakow","https:\/\/www.instagram.com\/amkpenderecki\/","https:\/\/www.youtube.com\/@amkpenderecki4806"]}]}},"_links":{"self":[{"href":"https:\/\/www.amuz.krakow.pl\/en\/wp-json\/wp\/v2\/pages\/43989","targetHints":{"allow":["GET"]}}],"collection":[{"href":"https:\/\/www.amuz.krakow.pl\/en\/wp-json\/wp\/v2\/pages"}],"about":[{"href":"https:\/\/www.amuz.krakow.pl\/en\/wp-json\/wp\/v2\/types\/page"}],"author":[{"embeddable":true,"href":"https:\/\/www.amuz.krakow.pl\/en\/wp-json\/wp\/v2\/users\/72"}],"replies":[{"embeddable":true,"href":"https:\/\/www.amuz.krakow.pl\/en\/wp-json\/wp\/v2\/comments?post=43989"}],"version-history":[{"count":5,"href":"https:\/\/www.amuz.krakow.pl\/en\/wp-json\/wp\/v2\/pages\/43989\/revisions"}],"predecessor-version":[{"id":69384,"href":"https:\/\/www.amuz.krakow.pl\/en\/wp-json\/wp\/v2\/pages\/43989\/revisions\/69384"}],"up":[{"embeddable":true,"href":"https:\/\/www.amuz.krakow.pl\/en\/wp-json\/wp\/v2\/pages\/230"}],"wp:attachment":[{"href":"https:\/\/www.amuz.krakow.pl\/en\/wp-json\/wp\/v2\/media?parent=43989"}],"curies":[{"name":"wp","href":"https:\/\/api.w.org\/{rel}","templated":true}]}}