{"id":4292,"date":"2016-02-28T23:31:24","date_gmt":"2016-02-28T22:31:24","guid":{"rendered":"http:\/\/www.amuz.krakow.pl\/?page_id=4292"},"modified":"2026-04-01T15:56:09","modified_gmt":"2026-04-01T13:56:09","slug":"marek-choloniewski-kompozycja-komputerowa","status":"publish","type":"page","link":"https:\/\/www.amuz.krakow.pl\/en\/letnia-akademia-muzyczna\/wykaz-kursow\/kompozycja-dyrygentura\/marek-choloniewski-kompozycja-komputerowa\/","title":{"rendered":"Marek Cho\u0142oniewski &#8211; computer composition"},"content":{"rendered":"<p><\/p>\n<p style=\"text-align: justify;\"><img loading=\"lazy\" decoding=\"async\" class=\"alignleft wp-image-1101\" src=\"http:\/\/www.amuz.krakow.pl\/wp-content\/uploads\/2016\/02\/Cho\u0142oniewski-Marek.jpg\" alt=\"Cho\u0142oniewski Marek\" width=\"180\" height=\"180\" \/>Born in 1953 in Krak\u00f3w. Studied organ (with L. Werner), music theory and composition (with B. Schaeffer) and electronic music ( with J. Patkowski) at the Academy of Music in Krak\u00f3w. Since 1976 he has taught at the Academy of Music in Krak\u00f3w, and since 2000 he has been the director of the Electroacoustic Music Studio. Founder and co-founder of many groups: Freight Train, Studio MCH, Studio Ch&amp;K, CH&amp;K&amp;K, mc2 duo, Double Mark, Infinity Quartet, Natural Plastic, Kinetic Trio. He writes instrumental and electro-acoustic music for the Radio and TV, he is author of sound and video installations, as well as of audio visual, spatial and net projects. He has given concerts, masterclasses and lectures in numerous countries in Europe, Asia, North and South America. He is the initiator, artistic director, coordinator and partner of many international artistic projects: Audio Art series (1987), Audio Art Festival(1993), International Workshops for New Music Krak\u00f3w\/Stuttgart (1993), Internationale Akademie f\u00fcr Neue Komposition und Audio Art (1993), Silent Films with Live Music (1994), GPS-Art (2000), Ensemble Spiel (2003), Bridges and European Modern Orchestra (2003\/2005), Polish Sound Art in China and Chinese Sound Art in Poland (2006), European Course for Musical Composition and Technologies (2006), Days of Polish Culture in Luxembourg (2008). In 2006 he received Honorary Award of the Polish Composers Union, the Award of the Minister of Culture and Independent Project Grant from CEC ArtsLink foundation In New York.<\/p>\n<p><\/p>","protected":false},"excerpt":{"rendered":"<p>Born in 1953 in Krak\u00f3w. Studied organ (with L. Werner), music theory and composition (with B. Schaeffer) and electronic music ( with J. Patkowski) at the Academy of Music in&hellip; <a href=\"https:\/\/www.amuz.krakow.pl\/en\/letnia-akademia-muzyczna\/wykaz-kursow\/kompozycja-dyrygentura\/marek-choloniewski-kompozycja-komputerowa\/\">Continue reading<\/a><\/p>\n","protected":false},"author":72,"featured_media":1101,"parent":47048,"menu_order":26,"comment_status":"closed","ping_status":"closed","template":"","meta":{"footnotes":"","_links_to":"","_links_to_target":""},"class_list":["post-4292","page","type-page","status-publish","has-post-thumbnail","hentry"],"yoast_head":"<!-- This site is optimized with the Yoast SEO plugin v27.4 - https:\/\/yoast.com\/product\/yoast-seo-wordpress\/ -->\n<title>AMKP - Akademia Muzyczna im. Krzysztofa Pendereckiego w Krakowie<\/title>\n<meta name=\"robots\" content=\"index, follow, max-snippet:-1, max-image-preview:large, max-video-preview:-1\" \/>\n<link rel=\"canonical\" href=\"https:\/\/www.amuz.krakow.pl\/letnia-akademia-muzyczna\/wykaz-kursow\/kompozycja-dyrygentura\/marek-choloniewski-kompozycja-komputerowa\/\" \/>\n<meta property=\"og:locale\" content=\"en_US\" \/>\n<meta property=\"og:type\" content=\"article\" \/>\n<meta property=\"og:title\" content=\"Marek Cho\u0142oniewski - kompozycja komputerowa\" \/>\n<meta property=\"og:description\" content=\"Urodzi\u0142 si\u0119 w 1953 roku w Krakowie. Ukooczy\u0142 studia w zakresie gry na organach (L. Werner), teorii muzyki i kompozycji (B. Schaeffer) oraz muzyki elektronicznej (J. Patkowski) w krakowskiej Akademii Muzycznej. Od 1976 r. pracuje w Akademii Muzycznej w Krakowie, a od 2000 jest kierownikiem Studio Muzyki Elektroakustycznej w tej\u017ce uczelni. Jest za\u0142o\u017cycielem i wsp\u00f3\u0142tw\u00f3rc\u0105 wielu zespo\u0142\u00f3w: Poci\u0105g Towarowy, Studia MCH, Studia Ch&amp;K, CH&amp;K&amp;K, mc2 duo, Double Mark, Inifinity Quartet, Natural Plastic, Kinetic Trio. Pisze muzyk\u0119 instrumentaln\u0105, elektroakustyczn\u0105 dla radia, filmu i TV, jest autorem instalacji d\u017awi\u0119kowych i wideo, projekt\u00f3w audiowizualnych, przestrzennych i sieciowych. Koncertuje, prowadzi kursy i wyk\u0142ady w wielu krajach Europy, Azji, Ameryki P\u0142n. i P\u0142d. Jest inicjatorem, dyrektorem artystycznym, koordynatorem i partnerem wielu mi\u0119dzynarodowych projekt\u00f3w artystycznych, m.in.: seria Audio Art (1987), Festiwal Audio Art (1993), Mi\u0119dzynarodowe Warsztaty Muzyki Wsp\u00f3\u0142czesnej Krak\u00f3w\/Stuttgart (1993), Internationale Akademie f\u00fcr Neue Komposition und Audio Art (1993), Filmy Nieme z Muzyk\u0105 Live (1994), GPS-Art (2000), Ensemble Spiel (2003), Bridges i European Modern Orchestra (2003\/2005), Polska Sztuka D\u017awi\u0119kowa w Chinach Chioska Sztuka D\u017awi\u0119kowa w Polsce (2006), European Course for Musical Composition and Technologies (2006), Dni Kultury Polskiej w Luksemburgu (2008). W 2006 otrzyma\u0142 Nagrod\u0119 Honorow\u0105 ZKP, Nagrod\u0119 Ministra Kultury oraz Independent Project Grant fundacji CEC ArtsLink w Nowym Jorku.\" \/>\n<meta property=\"og:url\" content=\"https:\/\/www.amuz.krakow.pl\/letnia-akademia-muzyczna\/wykaz-kursow\/kompozycja-dyrygentura\/marek-choloniewski-kompozycja-komputerowa\/\" \/>\n<meta property=\"og:site_name\" content=\"Akademia Muzyczna im. Krzysztofa Pendereckiego w Krakowie\" \/>\n<meta property=\"article:publisher\" content=\"https:\/\/www.facebook.com\/amuz.krakow\" \/>\n<meta property=\"article:modified_time\" content=\"2026-04-01T13:56:09+00:00\" \/>\n<meta property=\"og:image\" content=\"https:\/\/www.amuz.krakow.pl\/wp-content\/uploads\/2016\/02\/Cho\u0142oniewski-Marek.jpg\" \/>\n\t<meta property=\"og:image:width\" content=\"100\" \/>\n\t<meta property=\"og:image:height\" content=\"100\" \/>\n\t<meta property=\"og:image:type\" content=\"image\/jpeg\" \/>\n<meta name=\"twitter:card\" content=\"summary_large_image\" \/>\n<meta name=\"twitter:label1\" content=\"Est. reading time\" \/>\n\t<meta name=\"twitter:data1\" content=\"2 minutes\" \/>\n<script type=\"application\/ld+json\" class=\"yoast-schema-graph\">{\"@context\":\"https:\\\/\\\/schema.org\",\"@graph\":[{\"@type\":\"WebPage\",\"@id\":\"https:\\\/\\\/www.amuz.krakow.pl\\\/letnia-akademia-muzyczna\\\/wykaz-kursow\\\/kompozycja-dyrygentura\\\/marek-choloniewski-kompozycja-komputerowa\\\/\",\"url\":\"https:\\\/\\\/www.amuz.krakow.pl\\\/letnia-akademia-muzyczna\\\/wykaz-kursow\\\/kompozycja-dyrygentura\\\/marek-choloniewski-kompozycja-komputerowa\\\/\",\"name\":\"AMKP - Akademia Muzyczna im. Krzysztofa Pendereckiego w Krakowie\",\"isPartOf\":{\"@id\":\"https:\\\/\\\/www.amuz.krakow.pl\\\/#website\"},\"primaryImageOfPage\":{\"@id\":\"https:\\\/\\\/www.amuz.krakow.pl\\\/letnia-akademia-muzyczna\\\/wykaz-kursow\\\/kompozycja-dyrygentura\\\/marek-choloniewski-kompozycja-komputerowa\\\/#primaryimage\"},\"image\":{\"@id\":\"https:\\\/\\\/www.amuz.krakow.pl\\\/letnia-akademia-muzyczna\\\/wykaz-kursow\\\/kompozycja-dyrygentura\\\/marek-choloniewski-kompozycja-komputerowa\\\/#primaryimage\"},\"thumbnailUrl\":\"https:\\\/\\\/www.amuz.krakow.pl\\\/wp-content\\\/uploads\\\/2016\\\/02\\\/Cho\u0142oniewski-Marek.jpg\",\"datePublished\":\"2016-02-28T22:31:24+00:00\",\"dateModified\":\"2026-04-01T13:56:09+00:00\",\"breadcrumb\":{\"@id\":\"https:\\\/\\\/www.amuz.krakow.pl\\\/letnia-akademia-muzyczna\\\/wykaz-kursow\\\/kompozycja-dyrygentura\\\/marek-choloniewski-kompozycja-komputerowa\\\/#breadcrumb\"},\"inLanguage\":\"en-US\",\"potentialAction\":[{\"@type\":\"ReadAction\",\"target\":[\"https:\\\/\\\/www.amuz.krakow.pl\\\/letnia-akademia-muzyczna\\\/wykaz-kursow\\\/kompozycja-dyrygentura\\\/marek-choloniewski-kompozycja-komputerowa\\\/\"]}]},{\"@type\":\"ImageObject\",\"inLanguage\":\"en-US\",\"@id\":\"https:\\\/\\\/www.amuz.krakow.pl\\\/letnia-akademia-muzyczna\\\/wykaz-kursow\\\/kompozycja-dyrygentura\\\/marek-choloniewski-kompozycja-komputerowa\\\/#primaryimage\",\"url\":\"https:\\\/\\\/www.amuz.krakow.pl\\\/wp-content\\\/uploads\\\/2016\\\/02\\\/Cho\u0142oniewski-Marek.jpg\",\"contentUrl\":\"https:\\\/\\\/www.amuz.krakow.pl\\\/wp-content\\\/uploads\\\/2016\\\/02\\\/Cho\u0142oniewski-Marek.jpg\",\"width\":100,\"height\":100},{\"@type\":\"BreadcrumbList\",\"@id\":\"https:\\\/\\\/www.amuz.krakow.pl\\\/letnia-akademia-muzyczna\\\/wykaz-kursow\\\/kompozycja-dyrygentura\\\/marek-choloniewski-kompozycja-komputerowa\\\/#breadcrumb\",\"itemListElement\":[{\"@type\":\"ListItem\",\"position\":1,\"name\":\"Strona g\u0142\u00f3wna\",\"item\":\"https:\\\/\\\/www.amuz.krakow.pl\\\/\"},{\"@type\":\"ListItem\",\"position\":2,\"name\":\"Letnia Akademia Muzyczna\",\"item\":\"https:\\\/\\\/www.amuz.krakow.pl\\\/letnia-akademia-muzyczna\\\/\"},{\"@type\":\"ListItem\",\"position\":3,\"name\":\"Wykaz kurs\u00f3w\",\"item\":\"https:\\\/\\\/www.amuz.krakow.pl\\\/letnia-akademia-muzyczna\\\/wykaz-kursow\\\/\"},{\"@type\":\"ListItem\",\"position\":4,\"name\":\"Kompozycja\\\/ Dyrygentura\",\"item\":\"https:\\\/\\\/www.amuz.krakow.pl\\\/letnia-akademia-muzyczna\\\/wykaz-kursow\\\/kompozycja-dyrygentura\\\/\"},{\"@type\":\"ListItem\",\"position\":5,\"name\":\"Marek Cho\u0142oniewski &#8211; kompozycja komputerowa\"}]},{\"@type\":\"WebSite\",\"@id\":\"https:\\\/\\\/www.amuz.krakow.pl\\\/#website\",\"url\":\"https:\\\/\\\/www.amuz.krakow.pl\\\/\",\"name\":\"Akademia Muzyczna im. Krzysztofa Pendereckiego w Krakowie\",\"description\":\"Oficjalna strona Akademii Muzycznej im. Krzysztofa Pendereckiego w Krakowie (AMKP).\",\"publisher\":{\"@id\":\"https:\\\/\\\/www.amuz.krakow.pl\\\/#organization\"},\"alternateName\":\"AMKP\",\"potentialAction\":[{\"@type\":\"SearchAction\",\"target\":{\"@type\":\"EntryPoint\",\"urlTemplate\":\"https:\\\/\\\/www.amuz.krakow.pl\\\/?s={search_term_string}\"},\"query-input\":{\"@type\":\"PropertyValueSpecification\",\"valueRequired\":true,\"valueName\":\"search_term_string\"}}],\"inLanguage\":\"en-US\"},{\"@type\":\"Organization\",\"@id\":\"https:\\\/\\\/www.amuz.krakow.pl\\\/#organization\",\"name\":\"Akademia Muzyczna im. Krzysztofa Pendereckiego w Krakowie\",\"alternateName\":\"AMKP\",\"url\":\"https:\\\/\\\/www.amuz.krakow.pl\\\/\",\"logo\":{\"@type\":\"ImageObject\",\"inLanguage\":\"en-US\",\"@id\":\"https:\\\/\\\/www.amuz.krakow.pl\\\/#\\\/schema\\\/logo\\\/image\\\/\",\"url\":\"https:\\\/\\\/www.amuz.krakow.pl\\\/wp-content\\\/uploads\\\/2021\\\/11\\\/amkp.jpg\",\"contentUrl\":\"https:\\\/\\\/www.amuz.krakow.pl\\\/wp-content\\\/uploads\\\/2021\\\/11\\\/amkp.jpg\",\"width\":1193,\"height\":591,\"caption\":\"Akademia Muzyczna im. Krzysztofa Pendereckiego w Krakowie\"},\"image\":{\"@id\":\"https:\\\/\\\/www.amuz.krakow.pl\\\/#\\\/schema\\\/logo\\\/image\\\/\"},\"sameAs\":[\"https:\\\/\\\/www.facebook.com\\\/amuz.krakow\",\"https:\\\/\\\/www.instagram.com\\\/amkpenderecki\\\/\",\"https:\\\/\\\/www.youtube.com\\\/@amkpenderecki4806\"]}]}<\/script>\n<!-- \/ Yoast SEO plugin. -->","yoast_head_json":{"title":"AMKP - Akademia Muzyczna im. Krzysztofa Pendereckiego w Krakowie","robots":{"index":"index","follow":"follow","max-snippet":"max-snippet:-1","max-image-preview":"max-image-preview:large","max-video-preview":"max-video-preview:-1"},"canonical":"https:\/\/www.amuz.krakow.pl\/letnia-akademia-muzyczna\/wykaz-kursow\/kompozycja-dyrygentura\/marek-choloniewski-kompozycja-komputerowa\/","og_locale":"en_US","og_type":"article","og_title":"Marek Cho\u0142oniewski - kompozycja komputerowa","og_description":"Urodzi\u0142 si\u0119 w 1953 roku w Krakowie. Ukooczy\u0142 studia w zakresie gry na organach (L. Werner), teorii muzyki i kompozycji (B. Schaeffer) oraz muzyki elektronicznej (J. Patkowski) w krakowskiej Akademii Muzycznej. Od 1976 r. pracuje w Akademii Muzycznej w Krakowie, a od 2000 jest kierownikiem Studio Muzyki Elektroakustycznej w tej\u017ce uczelni. Jest za\u0142o\u017cycielem i wsp\u00f3\u0142tw\u00f3rc\u0105 wielu zespo\u0142\u00f3w: Poci\u0105g Towarowy, Studia MCH, Studia Ch&K, CH&K&K, mc2 duo, Double Mark, Inifinity Quartet, Natural Plastic, Kinetic Trio. Pisze muzyk\u0119 instrumentaln\u0105, elektroakustyczn\u0105 dla radia, filmu i TV, jest autorem instalacji d\u017awi\u0119kowych i wideo, projekt\u00f3w audiowizualnych, przestrzennych i sieciowych. Koncertuje, prowadzi kursy i wyk\u0142ady w wielu krajach Europy, Azji, Ameryki P\u0142n. i P\u0142d. Jest inicjatorem, dyrektorem artystycznym, koordynatorem i partnerem wielu mi\u0119dzynarodowych projekt\u00f3w artystycznych, m.in.: seria Audio Art (1987), Festiwal Audio Art (1993), Mi\u0119dzynarodowe Warsztaty Muzyki Wsp\u00f3\u0142czesnej Krak\u00f3w\/Stuttgart (1993), Internationale Akademie f\u00fcr Neue Komposition und Audio Art (1993), Filmy Nieme z Muzyk\u0105 Live (1994), GPS-Art (2000), Ensemble Spiel (2003), Bridges i European Modern Orchestra (2003\/2005), Polska Sztuka D\u017awi\u0119kowa w Chinach Chioska Sztuka D\u017awi\u0119kowa w Polsce (2006), European Course for Musical Composition and Technologies (2006), Dni Kultury Polskiej w Luksemburgu (2008). W 2006 otrzyma\u0142 Nagrod\u0119 Honorow\u0105 ZKP, Nagrod\u0119 Ministra Kultury oraz Independent Project Grant fundacji CEC ArtsLink w Nowym Jorku.","og_url":"https:\/\/www.amuz.krakow.pl\/letnia-akademia-muzyczna\/wykaz-kursow\/kompozycja-dyrygentura\/marek-choloniewski-kompozycja-komputerowa\/","og_site_name":"Akademia Muzyczna im. Krzysztofa Pendereckiego w Krakowie","article_publisher":"https:\/\/www.facebook.com\/amuz.krakow","article_modified_time":"2026-04-01T13:56:09+00:00","og_image":[{"width":100,"height":100,"url":"https:\/\/www.amuz.krakow.pl\/wp-content\/uploads\/2016\/02\/Cho\u0142oniewski-Marek.jpg","type":"image\/jpeg"}],"twitter_card":"summary_large_image","twitter_misc":{"Est. reading time":"2 minutes"},"schema":{"@context":"https:\/\/schema.org","@graph":[{"@type":"WebPage","@id":"https:\/\/www.amuz.krakow.pl\/letnia-akademia-muzyczna\/wykaz-kursow\/kompozycja-dyrygentura\/marek-choloniewski-kompozycja-komputerowa\/","url":"https:\/\/www.amuz.krakow.pl\/letnia-akademia-muzyczna\/wykaz-kursow\/kompozycja-dyrygentura\/marek-choloniewski-kompozycja-komputerowa\/","name":"AMKP - Akademia Muzyczna im. Krzysztofa Pendereckiego w Krakowie","isPartOf":{"@id":"https:\/\/www.amuz.krakow.pl\/#website"},"primaryImageOfPage":{"@id":"https:\/\/www.amuz.krakow.pl\/letnia-akademia-muzyczna\/wykaz-kursow\/kompozycja-dyrygentura\/marek-choloniewski-kompozycja-komputerowa\/#primaryimage"},"image":{"@id":"https:\/\/www.amuz.krakow.pl\/letnia-akademia-muzyczna\/wykaz-kursow\/kompozycja-dyrygentura\/marek-choloniewski-kompozycja-komputerowa\/#primaryimage"},"thumbnailUrl":"https:\/\/www.amuz.krakow.pl\/wp-content\/uploads\/2016\/02\/Cho\u0142oniewski-Marek.jpg","datePublished":"2016-02-28T22:31:24+00:00","dateModified":"2026-04-01T13:56:09+00:00","breadcrumb":{"@id":"https:\/\/www.amuz.krakow.pl\/letnia-akademia-muzyczna\/wykaz-kursow\/kompozycja-dyrygentura\/marek-choloniewski-kompozycja-komputerowa\/#breadcrumb"},"inLanguage":"en-US","potentialAction":[{"@type":"ReadAction","target":["https:\/\/www.amuz.krakow.pl\/letnia-akademia-muzyczna\/wykaz-kursow\/kompozycja-dyrygentura\/marek-choloniewski-kompozycja-komputerowa\/"]}]},{"@type":"ImageObject","inLanguage":"en-US","@id":"https:\/\/www.amuz.krakow.pl\/letnia-akademia-muzyczna\/wykaz-kursow\/kompozycja-dyrygentura\/marek-choloniewski-kompozycja-komputerowa\/#primaryimage","url":"https:\/\/www.amuz.krakow.pl\/wp-content\/uploads\/2016\/02\/Cho\u0142oniewski-Marek.jpg","contentUrl":"https:\/\/www.amuz.krakow.pl\/wp-content\/uploads\/2016\/02\/Cho\u0142oniewski-Marek.jpg","width":100,"height":100},{"@type":"BreadcrumbList","@id":"https:\/\/www.amuz.krakow.pl\/letnia-akademia-muzyczna\/wykaz-kursow\/kompozycja-dyrygentura\/marek-choloniewski-kompozycja-komputerowa\/#breadcrumb","itemListElement":[{"@type":"ListItem","position":1,"name":"Strona g\u0142\u00f3wna","item":"https:\/\/www.amuz.krakow.pl\/"},{"@type":"ListItem","position":2,"name":"Letnia Akademia Muzyczna","item":"https:\/\/www.amuz.krakow.pl\/letnia-akademia-muzyczna\/"},{"@type":"ListItem","position":3,"name":"Wykaz kurs\u00f3w","item":"https:\/\/www.amuz.krakow.pl\/letnia-akademia-muzyczna\/wykaz-kursow\/"},{"@type":"ListItem","position":4,"name":"Kompozycja\/ Dyrygentura","item":"https:\/\/www.amuz.krakow.pl\/letnia-akademia-muzyczna\/wykaz-kursow\/kompozycja-dyrygentura\/"},{"@type":"ListItem","position":5,"name":"Marek Cho\u0142oniewski &#8211; kompozycja komputerowa"}]},{"@type":"WebSite","@id":"https:\/\/www.amuz.krakow.pl\/#website","url":"https:\/\/www.amuz.krakow.pl\/","name":"Akademia Muzyczna im. Krzysztofa Pendereckiego w Krakowie","description":"Oficjalna strona Akademii Muzycznej im. Krzysztofa Pendereckiego w Krakowie (AMKP).","publisher":{"@id":"https:\/\/www.amuz.krakow.pl\/#organization"},"alternateName":"AMKP","potentialAction":[{"@type":"SearchAction","target":{"@type":"EntryPoint","urlTemplate":"https:\/\/www.amuz.krakow.pl\/?s={search_term_string}"},"query-input":{"@type":"PropertyValueSpecification","valueRequired":true,"valueName":"search_term_string"}}],"inLanguage":"en-US"},{"@type":"Organization","@id":"https:\/\/www.amuz.krakow.pl\/#organization","name":"Akademia Muzyczna im. Krzysztofa Pendereckiego w Krakowie","alternateName":"AMKP","url":"https:\/\/www.amuz.krakow.pl\/","logo":{"@type":"ImageObject","inLanguage":"en-US","@id":"https:\/\/www.amuz.krakow.pl\/#\/schema\/logo\/image\/","url":"https:\/\/www.amuz.krakow.pl\/wp-content\/uploads\/2021\/11\/amkp.jpg","contentUrl":"https:\/\/www.amuz.krakow.pl\/wp-content\/uploads\/2021\/11\/amkp.jpg","width":1193,"height":591,"caption":"Akademia Muzyczna im. Krzysztofa Pendereckiego w Krakowie"},"image":{"@id":"https:\/\/www.amuz.krakow.pl\/#\/schema\/logo\/image\/"},"sameAs":["https:\/\/www.facebook.com\/amuz.krakow","https:\/\/www.instagram.com\/amkpenderecki\/","https:\/\/www.youtube.com\/@amkpenderecki4806"]}]}},"_links":{"self":[{"href":"https:\/\/www.amuz.krakow.pl\/en\/wp-json\/wp\/v2\/pages\/4292","targetHints":{"allow":["GET"]}}],"collection":[{"href":"https:\/\/www.amuz.krakow.pl\/en\/wp-json\/wp\/v2\/pages"}],"about":[{"href":"https:\/\/www.amuz.krakow.pl\/en\/wp-json\/wp\/v2\/types\/page"}],"author":[{"embeddable":true,"href":"https:\/\/www.amuz.krakow.pl\/en\/wp-json\/wp\/v2\/users\/72"}],"replies":[{"embeddable":true,"href":"https:\/\/www.amuz.krakow.pl\/en\/wp-json\/wp\/v2\/comments?post=4292"}],"version-history":[{"count":2,"href":"https:\/\/www.amuz.krakow.pl\/en\/wp-json\/wp\/v2\/pages\/4292\/revisions"}],"predecessor-version":[{"id":84040,"href":"https:\/\/www.amuz.krakow.pl\/en\/wp-json\/wp\/v2\/pages\/4292\/revisions\/84040"}],"up":[{"embeddable":true,"href":"https:\/\/www.amuz.krakow.pl\/en\/wp-json\/wp\/v2\/pages\/47048"}],"wp:featuredmedia":[{"embeddable":true,"href":"https:\/\/www.amuz.krakow.pl\/en\/wp-json\/wp\/v2\/media\/1101"}],"wp:attachment":[{"href":"https:\/\/www.amuz.krakow.pl\/en\/wp-json\/wp\/v2\/media?parent=4292"}],"curies":[{"name":"wp","href":"https:\/\/api.w.org\/{rel}","templated":true}]}}