{"id":42753,"date":"2020-10-15T21:20:20","date_gmt":"2020-10-15T19:20:20","guid":{"rendered":"https:\/\/www.amuz.krakow.pl\/?page_id=42753"},"modified":"2024-09-02T13:49:45","modified_gmt":"2024-09-02T11:49:45","slug":"axes","status":"publish","type":"page","link":"https:\/\/www.amuz.krakow.pl\/en\/wydzialy\/wydzial-i-tworczosci-interpretacji-i-edukacji-muzycznej\/katedra-kompozycji\/axes\/","title":{"rendered":"2011 | aXes project"},"content":{"rendered":"<p><\/p>\n<p style=\"text-align: center;\"><b>26-28 maja 2011<\/b><\/p>\n<figure id=\"attachment_42754\" aria-describedby=\"caption-attachment-42754\" style=\"width: 599px\" class=\"wp-caption aligncenter\"><a href=\"https:\/\/www.amuz.krakow.pl\/osrodek-wspolpracy-miedzynarodowej\/projekty-miedzynarodowe\/axes\/axes-2011-fot-andrzej-szelega\/\" rel=\"attachment wp-att-42754\"><img loading=\"lazy\" decoding=\"async\" class=\" wp-image-42754\" src=\"https:\/\/www.amuz.krakow.pl\/wp-content\/uploads\/2020\/10\/Axes-2011-fot.-Andrzej-Szelega-scaled.jpg\" alt=\"\" width=\"599\" height=\"399\" srcset=\"https:\/\/www.amuz.krakow.pl\/wp-content\/uploads\/2020\/10\/Axes-2011-fot.-Andrzej-Szelega-scaled.jpg 2048w, https:\/\/www.amuz.krakow.pl\/wp-content\/uploads\/2020\/10\/Axes-2011-fot.-Andrzej-Szelega-300x200.jpg 300w, https:\/\/www.amuz.krakow.pl\/wp-content\/uploads\/2020\/10\/Axes-2011-fot.-Andrzej-Szelega-768x511.jpg 768w, https:\/\/www.amuz.krakow.pl\/wp-content\/uploads\/2020\/10\/Axes-2011-fot.-Andrzej-Szelega-1536x1022.jpg 1536w\" sizes=\"auto, (max-width: 599px) 100vw, 599px\" \/><\/a><figcaption id=\"caption-attachment-42754\" class=\"wp-caption-text\">Photo by Andrzej Sze\u0142\u0119ga<\/figcaption><\/figure>\n<figure id=\"attachment_42904\" aria-describedby=\"caption-attachment-42904\" style=\"width: 600px\" class=\"wp-caption aligncenter\"><a href=\"https:\/\/www.amuz.krakow.pl\/osrodek-wspolpracy-miedzynarodowej\/projekty-miedzynarodowe\/axes\/axes-2014-fot-piotr-markowski\/\" rel=\"attachment wp-att-42904\"><img loading=\"lazy\" decoding=\"async\" class=\"wp-image-42904 \" src=\"https:\/\/www.amuz.krakow.pl\/wp-content\/uploads\/2020\/10\/aXes-2014.-fot.-Piotr-Markowski.jpg\" alt=\"\" width=\"600\" height=\"400\" srcset=\"https:\/\/www.amuz.krakow.pl\/wp-content\/uploads\/2020\/10\/aXes-2014.-fot.-Piotr-Markowski.jpg 1280w, https:\/\/www.amuz.krakow.pl\/wp-content\/uploads\/2020\/10\/aXes-2014.-fot.-Piotr-Markowski-300x200.jpg 300w, https:\/\/www.amuz.krakow.pl\/wp-content\/uploads\/2020\/10\/aXes-2014.-fot.-Piotr-Markowski-768x512.jpg 768w\" sizes=\"auto, (max-width: 600px) 100vw, 600px\" \/><\/a><figcaption id=\"caption-attachment-42904\" class=\"wp-caption-text\">Photo by Piotr Markowski<\/figcaption><\/figure>\n<figure id=\"attachment_42906\" aria-describedby=\"caption-attachment-42906\" style=\"width: 600px\" class=\"wp-caption aligncenter\"><a href=\"https:\/\/www.amuz.krakow.pl\/osrodek-wspolpracy-miedzynarodowej\/projekty-miedzynarodowe\/axes\/axes-2012-fot-piotr-markowski\/\" rel=\"attachment wp-att-42906\"><img loading=\"lazy\" decoding=\"async\" class=\"wp-image-42906 \" src=\"https:\/\/www.amuz.krakow.pl\/wp-content\/uploads\/2020\/10\/aXes-2012-fot.-Piotr-Markowski.jpg\" alt=\"\" width=\"600\" height=\"401\" srcset=\"https:\/\/www.amuz.krakow.pl\/wp-content\/uploads\/2020\/10\/aXes-2012-fot.-Piotr-Markowski.jpg 1024w, https:\/\/www.amuz.krakow.pl\/wp-content\/uploads\/2020\/10\/aXes-2012-fot.-Piotr-Markowski-300x200.jpg 300w, https:\/\/www.amuz.krakow.pl\/wp-content\/uploads\/2020\/10\/aXes-2012-fot.-Piotr-Markowski-768x512.jpg 768w\" sizes=\"auto, (max-width: 600px) 100vw, 600px\" \/><\/a><figcaption id=\"caption-attachment-42906\" class=\"wp-caption-text\">Photo by Piotr Markowski<\/figcaption><\/figure>\n<p><figure id=\"attachment_42907\" aria-describedby=\"caption-attachment-42907\" style=\"width: 601px\" class=\"wp-caption aligncenter\"><a href=\"https:\/\/www.amuz.krakow.pl\/osrodek-wspolpracy-miedzynarodowej\/projekty-miedzynarodowe\/axes\/axes-2011-fot-andrzej-szelega-2\/\" rel=\"attachment wp-att-42907\"><img loading=\"lazy\" decoding=\"async\" class=\"wp-image-42907 \" src=\"https:\/\/www.amuz.krakow.pl\/wp-content\/uploads\/2020\/10\/aXes-2011-fot.-Andrzej-Szelega-1-scaled.jpg\" alt=\"\" width=\"601\" height=\"399\" srcset=\"https:\/\/www.amuz.krakow.pl\/wp-content\/uploads\/2020\/10\/aXes-2011-fot.-Andrzej-Szelega-1-scaled.jpg 2048w, https:\/\/www.amuz.krakow.pl\/wp-content\/uploads\/2020\/10\/aXes-2011-fot.-Andrzej-Szelega-1-300x200.jpg 300w, https:\/\/www.amuz.krakow.pl\/wp-content\/uploads\/2020\/10\/aXes-2011-fot.-Andrzej-Szelega-1-768x511.jpg 768w, https:\/\/www.amuz.krakow.pl\/wp-content\/uploads\/2020\/10\/aXes-2011-fot.-Andrzej-Szelega-1-1536x1022.jpg 1536w\" sizes=\"auto, (max-width: 601px) 100vw, 601px\" \/><\/a><figcaption id=\"caption-attachment-42907\" class=\"wp-caption-text\">Photo by Andrzej Sze\u0142\u0119ga<\/figcaption><\/figure><\/p>","protected":false},"excerpt":{"rendered":"<p>26-28 maja 2011<\/p>\n","protected":false},"author":72,"featured_media":0,"parent":828,"menu_order":5,"comment_status":"closed","ping_status":"closed","template":"","meta":{"footnotes":"","_links_to":"","_links_to_target":""},"class_list":["post-42753","page","type-page","status-publish","hentry"],"yoast_head":"<!-- This site is optimized with the Yoast SEO plugin v27.2 - https:\/\/yoast.com\/product\/yoast-seo-wordpress\/ -->\n<title>AMKP - Akademia Muzyczna im. Krzysztofa Pendereckiego w Krakowie<\/title>\n<meta name=\"robots\" content=\"index, follow, max-snippet:-1, max-image-preview:large, max-video-preview:-1\" \/>\n<link rel=\"canonical\" href=\"https:\/\/www.amuz.krakow.pl\/wydzialy\/wydzial-i-tworczosci-interpretacji-i-edukacji-muzycznej\/katedra-kompozycji\/axes\/\" \/>\n<meta property=\"og:locale\" content=\"en_US\" \/>\n<meta property=\"og:type\" content=\"article\" \/>\n<meta property=\"og:title\" content=\"AMKP - Akademia Muzyczna im. Krzysztofa Pendereckiego w Krakowie\" \/>\n<meta property=\"og:description\" content=\"26-28 maja 2011\" \/>\n<meta property=\"og:url\" content=\"https:\/\/www.amuz.krakow.pl\/wydzialy\/wydzial-i-tworczosci-interpretacji-i-edukacji-muzycznej\/katedra-kompozycji\/axes\/\" \/>\n<meta property=\"og:site_name\" content=\"Akademia Muzyczna im. Krzysztofa Pendereckiego w Krakowie\" \/>\n<meta property=\"article:publisher\" content=\"https:\/\/www.facebook.com\/amuz.krakow\" \/>\n<meta property=\"article:modified_time\" content=\"2024-09-02T11:49:45+00:00\" \/>\n<meta property=\"og:image\" content=\"https:\/\/www.amuz.krakow.pl\/wp-content\/uploads\/2020\/10\/Axes-2011-fot.-Andrzej-Szelega-scaled.jpg\" \/>\n<meta name=\"twitter:card\" content=\"summary_large_image\" \/>\n<meta name=\"twitter:label1\" content=\"Est. reading time\" \/>\n\t<meta name=\"twitter:data1\" content=\"2 minutes\" \/>\n<script type=\"application\/ld+json\" class=\"yoast-schema-graph\">{\"@context\":\"https:\/\/schema.org\",\"@graph\":[{\"@type\":\"WebPage\",\"@id\":\"https:\/\/www.amuz.krakow.pl\/wydzialy\/wydzial-i-tworczosci-interpretacji-i-edukacji-muzycznej\/katedra-kompozycji\/axes\/\",\"url\":\"https:\/\/www.amuz.krakow.pl\/wydzialy\/wydzial-i-tworczosci-interpretacji-i-edukacji-muzycznej\/katedra-kompozycji\/axes\/\",\"name\":\"AMKP - Akademia Muzyczna im. Krzysztofa Pendereckiego w Krakowie\",\"isPartOf\":{\"@id\":\"https:\/\/www.amuz.krakow.pl\/#website\"},\"primaryImageOfPage\":{\"@id\":\"https:\/\/www.amuz.krakow.pl\/wydzialy\/wydzial-i-tworczosci-interpretacji-i-edukacji-muzycznej\/katedra-kompozycji\/axes\/#primaryimage\"},\"image\":{\"@id\":\"https:\/\/www.amuz.krakow.pl\/wydzialy\/wydzial-i-tworczosci-interpretacji-i-edukacji-muzycznej\/katedra-kompozycji\/axes\/#primaryimage\"},\"thumbnailUrl\":\"https:\/\/www.amuz.krakow.pl\/wp-content\/uploads\/2020\/10\/Axes-2011-fot.-Andrzej-Szelega-scaled.jpg\",\"datePublished\":\"2020-10-15T19:20:20+00:00\",\"dateModified\":\"2024-09-02T11:49:45+00:00\",\"breadcrumb\":{\"@id\":\"https:\/\/www.amuz.krakow.pl\/wydzialy\/wydzial-i-tworczosci-interpretacji-i-edukacji-muzycznej\/katedra-kompozycji\/axes\/#breadcrumb\"},\"inLanguage\":\"en-US\",\"potentialAction\":[{\"@type\":\"ReadAction\",\"target\":[\"https:\/\/www.amuz.krakow.pl\/wydzialy\/wydzial-i-tworczosci-interpretacji-i-edukacji-muzycznej\/katedra-kompozycji\/axes\/\"]}]},{\"@type\":\"ImageObject\",\"inLanguage\":\"en-US\",\"@id\":\"https:\/\/www.amuz.krakow.pl\/wydzialy\/wydzial-i-tworczosci-interpretacji-i-edukacji-muzycznej\/katedra-kompozycji\/axes\/#primaryimage\",\"url\":\"https:\/\/www.amuz.krakow.pl\/wp-content\/uploads\/2020\/10\/Axes-2011-fot.-Andrzej-Szelega-scaled.jpg\",\"contentUrl\":\"https:\/\/www.amuz.krakow.pl\/wp-content\/uploads\/2020\/10\/Axes-2011-fot.-Andrzej-Szelega-scaled.jpg\"},{\"@type\":\"BreadcrumbList\",\"@id\":\"https:\/\/www.amuz.krakow.pl\/wydzialy\/wydzial-i-tworczosci-interpretacji-i-edukacji-muzycznej\/katedra-kompozycji\/axes\/#breadcrumb\",\"itemListElement\":[{\"@type\":\"ListItem\",\"position\":1,\"name\":\"Strona g\u0142\u00f3wna\",\"item\":\"https:\/\/www.amuz.krakow.pl\/\"},{\"@type\":\"ListItem\",\"position\":2,\"name\":\"WYDZIA\u0141Y\",\"item\":\"https:\/\/www.amuz.krakow.pl\/wydzialy\/\"},{\"@type\":\"ListItem\",\"position\":3,\"name\":\"Wydzia\u0142 Tw\u00f3rczo\u015bci, Interpretacji i Edukacji Muzycznej\",\"item\":\"https:\/\/www.amuz.krakow.pl\/wydzialy\/wydzial-i-tworczosci-interpretacji-i-edukacji-muzycznej\/\"},{\"@type\":\"ListItem\",\"position\":4,\"name\":\"Katedra Kompozycji\",\"item\":\"https:\/\/www.amuz.krakow.pl\/wydzialy\/wydzial-i-tworczosci-interpretacji-i-edukacji-muzycznej\/katedra-kompozycji\/\"},{\"@type\":\"ListItem\",\"position\":5,\"name\":\"2011 | Projekt aXes\"}]},{\"@type\":\"WebSite\",\"@id\":\"https:\/\/www.amuz.krakow.pl\/#website\",\"url\":\"https:\/\/www.amuz.krakow.pl\/\",\"name\":\"Akademia Muzyczna im. Krzysztofa Pendereckiego w Krakowie\",\"description\":\"Oficjalna strona Akademii Muzycznej im. Krzysztofa Pendereckiego w Krakowie (AMKP).\",\"publisher\":{\"@id\":\"https:\/\/www.amuz.krakow.pl\/#organization\"},\"alternateName\":\"AMKP\",\"potentialAction\":[{\"@type\":\"SearchAction\",\"target\":{\"@type\":\"EntryPoint\",\"urlTemplate\":\"https:\/\/www.amuz.krakow.pl\/?s={search_term_string}\"},\"query-input\":{\"@type\":\"PropertyValueSpecification\",\"valueRequired\":true,\"valueName\":\"search_term_string\"}}],\"inLanguage\":\"en-US\"},{\"@type\":\"Organization\",\"@id\":\"https:\/\/www.amuz.krakow.pl\/#organization\",\"name\":\"Akademia Muzyczna im. Krzysztofa Pendereckiego w Krakowie\",\"alternateName\":\"AMKP\",\"url\":\"https:\/\/www.amuz.krakow.pl\/\",\"logo\":{\"@type\":\"ImageObject\",\"inLanguage\":\"en-US\",\"@id\":\"https:\/\/www.amuz.krakow.pl\/#\/schema\/logo\/image\/\",\"url\":\"https:\/\/www.amuz.krakow.pl\/wp-content\/uploads\/2021\/11\/amkp.jpg\",\"contentUrl\":\"https:\/\/www.amuz.krakow.pl\/wp-content\/uploads\/2021\/11\/amkp.jpg\",\"width\":1193,\"height\":591,\"caption\":\"Akademia Muzyczna im. Krzysztofa Pendereckiego w Krakowie\"},\"image\":{\"@id\":\"https:\/\/www.amuz.krakow.pl\/#\/schema\/logo\/image\/\"},\"sameAs\":[\"https:\/\/www.facebook.com\/amuz.krakow\",\"https:\/\/www.instagram.com\/amkpenderecki\/\",\"https:\/\/www.youtube.com\/@amkpenderecki4806\"]}]}<\/script>\n<!-- \/ Yoast SEO plugin. -->","yoast_head_json":{"title":"AMKP - Akademia Muzyczna im. Krzysztofa Pendereckiego w Krakowie","robots":{"index":"index","follow":"follow","max-snippet":"max-snippet:-1","max-image-preview":"max-image-preview:large","max-video-preview":"max-video-preview:-1"},"canonical":"https:\/\/www.amuz.krakow.pl\/wydzialy\/wydzial-i-tworczosci-interpretacji-i-edukacji-muzycznej\/katedra-kompozycji\/axes\/","og_locale":"en_US","og_type":"article","og_title":"AMKP - Akademia Muzyczna im. Krzysztofa Pendereckiego w Krakowie","og_description":"26-28 maja 2011","og_url":"https:\/\/www.amuz.krakow.pl\/wydzialy\/wydzial-i-tworczosci-interpretacji-i-edukacji-muzycznej\/katedra-kompozycji\/axes\/","og_site_name":"Akademia Muzyczna im. Krzysztofa Pendereckiego w Krakowie","article_publisher":"https:\/\/www.facebook.com\/amuz.krakow","article_modified_time":"2024-09-02T11:49:45+00:00","og_image":[{"url":"https:\/\/www.amuz.krakow.pl\/wp-content\/uploads\/2020\/10\/Axes-2011-fot.-Andrzej-Szelega-scaled.jpg","type":"","width":"","height":""}],"twitter_card":"summary_large_image","twitter_misc":{"Est. reading time":"2 minutes"},"schema":{"@context":"https:\/\/schema.org","@graph":[{"@type":"WebPage","@id":"https:\/\/www.amuz.krakow.pl\/wydzialy\/wydzial-i-tworczosci-interpretacji-i-edukacji-muzycznej\/katedra-kompozycji\/axes\/","url":"https:\/\/www.amuz.krakow.pl\/wydzialy\/wydzial-i-tworczosci-interpretacji-i-edukacji-muzycznej\/katedra-kompozycji\/axes\/","name":"AMKP - Akademia Muzyczna im. Krzysztofa Pendereckiego w Krakowie","isPartOf":{"@id":"https:\/\/www.amuz.krakow.pl\/#website"},"primaryImageOfPage":{"@id":"https:\/\/www.amuz.krakow.pl\/wydzialy\/wydzial-i-tworczosci-interpretacji-i-edukacji-muzycznej\/katedra-kompozycji\/axes\/#primaryimage"},"image":{"@id":"https:\/\/www.amuz.krakow.pl\/wydzialy\/wydzial-i-tworczosci-interpretacji-i-edukacji-muzycznej\/katedra-kompozycji\/axes\/#primaryimage"},"thumbnailUrl":"https:\/\/www.amuz.krakow.pl\/wp-content\/uploads\/2020\/10\/Axes-2011-fot.-Andrzej-Szelega-scaled.jpg","datePublished":"2020-10-15T19:20:20+00:00","dateModified":"2024-09-02T11:49:45+00:00","breadcrumb":{"@id":"https:\/\/www.amuz.krakow.pl\/wydzialy\/wydzial-i-tworczosci-interpretacji-i-edukacji-muzycznej\/katedra-kompozycji\/axes\/#breadcrumb"},"inLanguage":"en-US","potentialAction":[{"@type":"ReadAction","target":["https:\/\/www.amuz.krakow.pl\/wydzialy\/wydzial-i-tworczosci-interpretacji-i-edukacji-muzycznej\/katedra-kompozycji\/axes\/"]}]},{"@type":"ImageObject","inLanguage":"en-US","@id":"https:\/\/www.amuz.krakow.pl\/wydzialy\/wydzial-i-tworczosci-interpretacji-i-edukacji-muzycznej\/katedra-kompozycji\/axes\/#primaryimage","url":"https:\/\/www.amuz.krakow.pl\/wp-content\/uploads\/2020\/10\/Axes-2011-fot.-Andrzej-Szelega-scaled.jpg","contentUrl":"https:\/\/www.amuz.krakow.pl\/wp-content\/uploads\/2020\/10\/Axes-2011-fot.-Andrzej-Szelega-scaled.jpg"},{"@type":"BreadcrumbList","@id":"https:\/\/www.amuz.krakow.pl\/wydzialy\/wydzial-i-tworczosci-interpretacji-i-edukacji-muzycznej\/katedra-kompozycji\/axes\/#breadcrumb","itemListElement":[{"@type":"ListItem","position":1,"name":"Strona g\u0142\u00f3wna","item":"https:\/\/www.amuz.krakow.pl\/"},{"@type":"ListItem","position":2,"name":"WYDZIA\u0141Y","item":"https:\/\/www.amuz.krakow.pl\/wydzialy\/"},{"@type":"ListItem","position":3,"name":"Wydzia\u0142 Tw\u00f3rczo\u015bci, Interpretacji i Edukacji Muzycznej","item":"https:\/\/www.amuz.krakow.pl\/wydzialy\/wydzial-i-tworczosci-interpretacji-i-edukacji-muzycznej\/"},{"@type":"ListItem","position":4,"name":"Katedra Kompozycji","item":"https:\/\/www.amuz.krakow.pl\/wydzialy\/wydzial-i-tworczosci-interpretacji-i-edukacji-muzycznej\/katedra-kompozycji\/"},{"@type":"ListItem","position":5,"name":"2011 | Projekt aXes"}]},{"@type":"WebSite","@id":"https:\/\/www.amuz.krakow.pl\/#website","url":"https:\/\/www.amuz.krakow.pl\/","name":"Akademia Muzyczna im. Krzysztofa Pendereckiego w Krakowie","description":"Oficjalna strona Akademii Muzycznej im. Krzysztofa Pendereckiego w Krakowie (AMKP).","publisher":{"@id":"https:\/\/www.amuz.krakow.pl\/#organization"},"alternateName":"AMKP","potentialAction":[{"@type":"SearchAction","target":{"@type":"EntryPoint","urlTemplate":"https:\/\/www.amuz.krakow.pl\/?s={search_term_string}"},"query-input":{"@type":"PropertyValueSpecification","valueRequired":true,"valueName":"search_term_string"}}],"inLanguage":"en-US"},{"@type":"Organization","@id":"https:\/\/www.amuz.krakow.pl\/#organization","name":"Akademia Muzyczna im. Krzysztofa Pendereckiego w Krakowie","alternateName":"AMKP","url":"https:\/\/www.amuz.krakow.pl\/","logo":{"@type":"ImageObject","inLanguage":"en-US","@id":"https:\/\/www.amuz.krakow.pl\/#\/schema\/logo\/image\/","url":"https:\/\/www.amuz.krakow.pl\/wp-content\/uploads\/2021\/11\/amkp.jpg","contentUrl":"https:\/\/www.amuz.krakow.pl\/wp-content\/uploads\/2021\/11\/amkp.jpg","width":1193,"height":591,"caption":"Akademia Muzyczna im. Krzysztofa Pendereckiego w Krakowie"},"image":{"@id":"https:\/\/www.amuz.krakow.pl\/#\/schema\/logo\/image\/"},"sameAs":["https:\/\/www.facebook.com\/amuz.krakow","https:\/\/www.instagram.com\/amkpenderecki\/","https:\/\/www.youtube.com\/@amkpenderecki4806"]}]}},"_links":{"self":[{"href":"https:\/\/www.amuz.krakow.pl\/en\/wp-json\/wp\/v2\/pages\/42753","targetHints":{"allow":["GET"]}}],"collection":[{"href":"https:\/\/www.amuz.krakow.pl\/en\/wp-json\/wp\/v2\/pages"}],"about":[{"href":"https:\/\/www.amuz.krakow.pl\/en\/wp-json\/wp\/v2\/types\/page"}],"author":[{"embeddable":true,"href":"https:\/\/www.amuz.krakow.pl\/en\/wp-json\/wp\/v2\/users\/72"}],"replies":[{"embeddable":true,"href":"https:\/\/www.amuz.krakow.pl\/en\/wp-json\/wp\/v2\/comments?post=42753"}],"version-history":[{"count":2,"href":"https:\/\/www.amuz.krakow.pl\/en\/wp-json\/wp\/v2\/pages\/42753\/revisions"}],"predecessor-version":[{"id":86135,"href":"https:\/\/www.amuz.krakow.pl\/en\/wp-json\/wp\/v2\/pages\/42753\/revisions\/86135"}],"up":[{"embeddable":true,"href":"https:\/\/www.amuz.krakow.pl\/en\/wp-json\/wp\/v2\/pages\/828"}],"wp:attachment":[{"href":"https:\/\/www.amuz.krakow.pl\/en\/wp-json\/wp\/v2\/media?parent=42753"}],"curies":[{"name":"wp","href":"https:\/\/api.w.org\/{rel}","templated":true}]}}