{"id":42728,"date":"2020-10-14T21:49:23","date_gmt":"2020-10-14T19:49:23","guid":{"rendered":"https:\/\/www.amuz.krakow.pl\/?page_id=42728"},"modified":"2024-04-26T13:33:00","modified_gmt":"2024-04-26T11:33:00","slug":"koncerty-orkiestry-kameralnej-akademii-muzycznej-w-krakowie-w-ramach-wspolpracy-z-chorem-polyphonia-z-konserwatorium-muzycznego-w-vannes-francja","status":"publish","type":"page","link":"https:\/\/www.amuz.krakow.pl\/en\/orkiestry-akademickie\/orkiestra-kameralna\/koncerty-archiwalne\/koncerty-orkiestry-kameralnej-akademii-muzycznej-w-krakowie-w-ramach-wspolpracy-z-chorem-polyphonia-z-konserwatorium-muzycznego-w-vannes-francja\/","title":{"rendered":"2016 | Concerts of Chamber Orchestra of the Academy of Music in Krakow as part of cooperation with the Polyphonia Choir from z Music Conservatory in Vannes (France)"},"content":{"rendered":"<p><\/p>\n<p style=\"text-align: center;\"><b>9-17 October 2016<\/b><\/p>\n<figure id=\"attachment_42855\" aria-describedby=\"caption-attachment-42855\" style=\"width: 601px\" class=\"wp-caption aligncenter\"><a href=\"https:\/\/www.amuz.krakow.pl\/osrodek-wspolpracy-miedzynarodowej\/projekty-miedzynarodowe\/koncerty-orkiestry-kameralnej-akademii-muzycznej-w-krakowie-w-ramach-wspolpracy-z-chorem-polyphonia-z-konserwatorium-muzycznego-w-vannes-francja\/francja-orkiestra-kameralna-2016\/\" rel=\"attachment wp-att-42855\"><img loading=\"lazy\" decoding=\"async\" class=\" wp-image-42855\" src=\"https:\/\/www.amuz.krakow.pl\/wp-content\/uploads\/2020\/10\/Francja-Orkiestra-Kameralna-2016.jpg\" alt=\"\" width=\"601\" height=\"338\" srcset=\"https:\/\/www.amuz.krakow.pl\/wp-content\/uploads\/2020\/10\/Francja-Orkiestra-Kameralna-2016.jpg 1632w, https:\/\/www.amuz.krakow.pl\/wp-content\/uploads\/2020\/10\/Francja-Orkiestra-Kameralna-2016-300x169.jpg 300w, https:\/\/www.amuz.krakow.pl\/wp-content\/uploads\/2020\/10\/Francja-Orkiestra-Kameralna-2016-768x432.jpg 768w, https:\/\/www.amuz.krakow.pl\/wp-content\/uploads\/2020\/10\/Francja-Orkiestra-Kameralna-2016-1536x864.jpg 1536w\" sizes=\"auto, (max-width: 601px) 100vw, 601px\" \/><\/a><figcaption id=\"caption-attachment-42855\" class=\"wp-caption-text\">fot. Joanna Czech<\/figcaption><\/figure>\n<figure id=\"attachment_42913\" aria-describedby=\"caption-attachment-42913\" style=\"width: 599px\" class=\"wp-caption aligncenter\"><a href=\"https:\/\/www.amuz.krakow.pl\/osrodek-wspolpracy-miedzynarodowej\/projekty-miedzynarodowe\/koncerty-orkiestry-kameralnej-akademii-muzycznej-w-krakowie-w-ramach-wspolpracy-z-chorem-polyphonia-z-konserwatorium-muzycznego-w-vannes-francja\/francja-2016-fot-joanna-czech\/\" rel=\"attachment wp-att-42913\"><img loading=\"lazy\" decoding=\"async\" class=\" wp-image-42913\" src=\"https:\/\/www.amuz.krakow.pl\/wp-content\/uploads\/2020\/10\/Francja-2016-fot.-Joanna-Czech.jpg\" alt=\"\" width=\"599\" height=\"337\" srcset=\"https:\/\/www.amuz.krakow.pl\/wp-content\/uploads\/2020\/10\/Francja-2016-fot.-Joanna-Czech.jpg 1632w, https:\/\/www.amuz.krakow.pl\/wp-content\/uploads\/2020\/10\/Francja-2016-fot.-Joanna-Czech-300x169.jpg 300w, https:\/\/www.amuz.krakow.pl\/wp-content\/uploads\/2020\/10\/Francja-2016-fot.-Joanna-Czech-768x432.jpg 768w, https:\/\/www.amuz.krakow.pl\/wp-content\/uploads\/2020\/10\/Francja-2016-fot.-Joanna-Czech-1536x864.jpg 1536w\" sizes=\"auto, (max-width: 599px) 100vw, 599px\" \/><\/a><figcaption id=\"caption-attachment-42913\" class=\"wp-caption-text\">fot. Joanna Czech<\/figcaption><\/figure>\n<figure id=\"attachment_42914\" aria-describedby=\"caption-attachment-42914\" style=\"width: 599px\" class=\"wp-caption aligncenter\"><a href=\"https:\/\/www.amuz.krakow.pl\/osrodek-wspolpracy-miedzynarodowej\/projekty-miedzynarodowe\/koncerty-orkiestry-kameralnej-akademii-muzycznej-w-krakowie-w-ramach-wspolpracy-z-chorem-polyphonia-z-konserwatorium-muzycznego-w-vannes-francja\/francja-2016-fot-joanna-czech-2\/\" rel=\"attachment wp-att-42914\"><img loading=\"lazy\" decoding=\"async\" class=\"wp-image-42914\" src=\"https:\/\/www.amuz.krakow.pl\/wp-content\/uploads\/2020\/10\/Francja-2016-fot.-Joanna-Czech-2.jpg\" alt=\"\" width=\"599\" height=\"337\" srcset=\"https:\/\/www.amuz.krakow.pl\/wp-content\/uploads\/2020\/10\/Francja-2016-fot.-Joanna-Czech-2.jpg 1632w, https:\/\/www.amuz.krakow.pl\/wp-content\/uploads\/2020\/10\/Francja-2016-fot.-Joanna-Czech-2-300x169.jpg 300w, https:\/\/www.amuz.krakow.pl\/wp-content\/uploads\/2020\/10\/Francja-2016-fot.-Joanna-Czech-2-768x432.jpg 768w, https:\/\/www.amuz.krakow.pl\/wp-content\/uploads\/2020\/10\/Francja-2016-fot.-Joanna-Czech-2-1536x864.jpg 1536w\" sizes=\"auto, (max-width: 599px) 100vw, 599px\" \/><\/a><figcaption id=\"caption-attachment-42914\" class=\"wp-caption-text\">fot. Joanna Czech<\/figcaption><\/figure>\n<p><figure id=\"attachment_42915\" aria-describedby=\"caption-attachment-42915\" style=\"width: 599px\" class=\"wp-caption aligncenter\"><a href=\"https:\/\/www.amuz.krakow.pl\/osrodek-wspolpracy-miedzynarodowej\/projekty-miedzynarodowe\/koncerty-orkiestry-kameralnej-akademii-muzycznej-w-krakowie-w-ramach-wspolpracy-z-chorem-polyphonia-z-konserwatorium-muzycznego-w-vannes-francja\/francja-2016-fot-joanna-czech-3\/\" rel=\"attachment wp-att-42915\"><img loading=\"lazy\" decoding=\"async\" class=\" wp-image-42915\" src=\"https:\/\/www.amuz.krakow.pl\/wp-content\/uploads\/2020\/10\/Francja-2016-fot.-Joanna-Czech-3.jpg\" alt=\"\" width=\"599\" height=\"338\" srcset=\"https:\/\/www.amuz.krakow.pl\/wp-content\/uploads\/2020\/10\/Francja-2016-fot.-Joanna-Czech-3.jpg 1632w, https:\/\/www.amuz.krakow.pl\/wp-content\/uploads\/2020\/10\/Francja-2016-fot.-Joanna-Czech-3-300x169.jpg 300w, https:\/\/www.amuz.krakow.pl\/wp-content\/uploads\/2020\/10\/Francja-2016-fot.-Joanna-Czech-3-768x432.jpg 768w, https:\/\/www.amuz.krakow.pl\/wp-content\/uploads\/2020\/10\/Francja-2016-fot.-Joanna-Czech-3-1536x864.jpg 1536w\" sizes=\"auto, (max-width: 599px) 100vw, 599px\" \/><\/a><figcaption id=\"caption-attachment-42915\" class=\"wp-caption-text\">fot. Joanna Czech<\/figcaption><\/figure><\/p>","protected":false},"excerpt":{"rendered":"<p>9-17 October 2016<\/p>\n","protected":false},"author":72,"featured_media":0,"parent":86130,"menu_order":-2,"comment_status":"closed","ping_status":"closed","template":"","meta":{"footnotes":"","_links_to":"","_links_to_target":""},"class_list":["post-42728","page","type-page","status-publish","hentry"],"yoast_head":"<!-- This site is optimized with the Yoast SEO plugin v27.2 - https:\/\/yoast.com\/product\/yoast-seo-wordpress\/ -->\n<title>AMKP - Akademia Muzyczna im. Krzysztofa Pendereckiego w Krakowie<\/title>\n<meta name=\"robots\" content=\"index, follow, max-snippet:-1, max-image-preview:large, max-video-preview:-1\" \/>\n<link rel=\"canonical\" href=\"https:\/\/www.amuz.krakow.pl\/orkiestry-akademickie\/orkiestra-kameralna\/koncerty-archiwalne\/koncerty-orkiestry-kameralnej-akademii-muzycznej-w-krakowie-w-ramach-wspolpracy-z-chorem-polyphonia-z-konserwatorium-muzycznego-w-vannes-francja\/\" \/>\n<meta property=\"og:locale\" content=\"en_US\" \/>\n<meta property=\"og:type\" content=\"article\" \/>\n<meta property=\"og:title\" content=\"AMKP - Akademia Muzyczna im. Krzysztofa Pendereckiego w Krakowie\" \/>\n<meta property=\"og:description\" content=\"9-17 October 2016\" \/>\n<meta property=\"og:url\" content=\"https:\/\/www.amuz.krakow.pl\/orkiestry-akademickie\/orkiestra-kameralna\/koncerty-archiwalne\/koncerty-orkiestry-kameralnej-akademii-muzycznej-w-krakowie-w-ramach-wspolpracy-z-chorem-polyphonia-z-konserwatorium-muzycznego-w-vannes-francja\/\" \/>\n<meta property=\"og:site_name\" content=\"Akademia Muzyczna im. Krzysztofa Pendereckiego w Krakowie\" \/>\n<meta property=\"article:publisher\" content=\"https:\/\/www.facebook.com\/amuz.krakow\" \/>\n<meta property=\"article:modified_time\" content=\"2024-04-26T11:33:00+00:00\" \/>\n<meta property=\"og:image\" content=\"https:\/\/www.amuz.krakow.pl\/wp-content\/uploads\/2020\/10\/Francja-Orkiestra-Kameralna-2016.jpg\" \/>\n<meta name=\"twitter:card\" content=\"summary_large_image\" \/>\n<meta name=\"twitter:label1\" content=\"Est. reading time\" \/>\n\t<meta name=\"twitter:data1\" content=\"1 minute\" \/>\n<script type=\"application\/ld+json\" class=\"yoast-schema-graph\">{\"@context\":\"https:\/\/schema.org\",\"@graph\":[{\"@type\":\"WebPage\",\"@id\":\"https:\/\/www.amuz.krakow.pl\/orkiestry-akademickie\/orkiestra-kameralna\/koncerty-archiwalne\/koncerty-orkiestry-kameralnej-akademii-muzycznej-w-krakowie-w-ramach-wspolpracy-z-chorem-polyphonia-z-konserwatorium-muzycznego-w-vannes-francja\/\",\"url\":\"https:\/\/www.amuz.krakow.pl\/orkiestry-akademickie\/orkiestra-kameralna\/koncerty-archiwalne\/koncerty-orkiestry-kameralnej-akademii-muzycznej-w-krakowie-w-ramach-wspolpracy-z-chorem-polyphonia-z-konserwatorium-muzycznego-w-vannes-francja\/\",\"name\":\"AMKP - Akademia Muzyczna im. Krzysztofa Pendereckiego w Krakowie\",\"isPartOf\":{\"@id\":\"https:\/\/www.amuz.krakow.pl\/#website\"},\"primaryImageOfPage\":{\"@id\":\"https:\/\/www.amuz.krakow.pl\/orkiestry-akademickie\/orkiestra-kameralna\/koncerty-archiwalne\/koncerty-orkiestry-kameralnej-akademii-muzycznej-w-krakowie-w-ramach-wspolpracy-z-chorem-polyphonia-z-konserwatorium-muzycznego-w-vannes-francja\/#primaryimage\"},\"image\":{\"@id\":\"https:\/\/www.amuz.krakow.pl\/orkiestry-akademickie\/orkiestra-kameralna\/koncerty-archiwalne\/koncerty-orkiestry-kameralnej-akademii-muzycznej-w-krakowie-w-ramach-wspolpracy-z-chorem-polyphonia-z-konserwatorium-muzycznego-w-vannes-francja\/#primaryimage\"},\"thumbnailUrl\":\"https:\/\/www.amuz.krakow.pl\/wp-content\/uploads\/2020\/10\/Francja-Orkiestra-Kameralna-2016.jpg\",\"datePublished\":\"2020-10-14T19:49:23+00:00\",\"dateModified\":\"2024-04-26T11:33:00+00:00\",\"breadcrumb\":{\"@id\":\"https:\/\/www.amuz.krakow.pl\/orkiestry-akademickie\/orkiestra-kameralna\/koncerty-archiwalne\/koncerty-orkiestry-kameralnej-akademii-muzycznej-w-krakowie-w-ramach-wspolpracy-z-chorem-polyphonia-z-konserwatorium-muzycznego-w-vannes-francja\/#breadcrumb\"},\"inLanguage\":\"en-US\",\"potentialAction\":[{\"@type\":\"ReadAction\",\"target\":[\"https:\/\/www.amuz.krakow.pl\/orkiestry-akademickie\/orkiestra-kameralna\/koncerty-archiwalne\/koncerty-orkiestry-kameralnej-akademii-muzycznej-w-krakowie-w-ramach-wspolpracy-z-chorem-polyphonia-z-konserwatorium-muzycznego-w-vannes-francja\/\"]}]},{\"@type\":\"ImageObject\",\"inLanguage\":\"en-US\",\"@id\":\"https:\/\/www.amuz.krakow.pl\/orkiestry-akademickie\/orkiestra-kameralna\/koncerty-archiwalne\/koncerty-orkiestry-kameralnej-akademii-muzycznej-w-krakowie-w-ramach-wspolpracy-z-chorem-polyphonia-z-konserwatorium-muzycznego-w-vannes-francja\/#primaryimage\",\"url\":\"https:\/\/www.amuz.krakow.pl\/wp-content\/uploads\/2020\/10\/Francja-Orkiestra-Kameralna-2016.jpg\",\"contentUrl\":\"https:\/\/www.amuz.krakow.pl\/wp-content\/uploads\/2020\/10\/Francja-Orkiestra-Kameralna-2016.jpg\"},{\"@type\":\"BreadcrumbList\",\"@id\":\"https:\/\/www.amuz.krakow.pl\/orkiestry-akademickie\/orkiestra-kameralna\/koncerty-archiwalne\/koncerty-orkiestry-kameralnej-akademii-muzycznej-w-krakowie-w-ramach-wspolpracy-z-chorem-polyphonia-z-konserwatorium-muzycznego-w-vannes-francja\/#breadcrumb\",\"itemListElement\":[{\"@type\":\"ListItem\",\"position\":1,\"name\":\"Strona g\u0142\u00f3wna\",\"item\":\"https:\/\/www.amuz.krakow.pl\/\"},{\"@type\":\"ListItem\",\"position\":2,\"name\":\"ORKIESTRY AKADEMICKIE I CH\u00d3R AMKP\",\"item\":\"https:\/\/www.amuz.krakow.pl\/orkiestry-akademickie\/\"},{\"@type\":\"ListItem\",\"position\":3,\"name\":\"Orkiestra Kameralna\",\"item\":\"https:\/\/www.amuz.krakow.pl\/orkiestry-akademickie\/orkiestra-kameralna\/\"},{\"@type\":\"ListItem\",\"position\":4,\"name\":\"Koncerty archiwalne\",\"item\":\"https:\/\/www.amuz.krakow.pl\/orkiestry-akademickie\/orkiestra-kameralna\/koncerty-archiwalne\/\"},{\"@type\":\"ListItem\",\"position\":5,\"name\":\"2016 | Koncerty Orkiestry Kameralnej Akademii Muzycznej w Krakowie w ramach wsp\u00f3\u0142pracy z Ch\u00f3rem Polyphonia z Konserwatorium Muzycznego w Vannes (Francja)\"}]},{\"@type\":\"WebSite\",\"@id\":\"https:\/\/www.amuz.krakow.pl\/#website\",\"url\":\"https:\/\/www.amuz.krakow.pl\/\",\"name\":\"Akademia Muzyczna im. Krzysztofa Pendereckiego w Krakowie\",\"description\":\"Oficjalna strona Akademii Muzycznej im. Krzysztofa Pendereckiego w Krakowie (AMKP).\",\"publisher\":{\"@id\":\"https:\/\/www.amuz.krakow.pl\/#organization\"},\"alternateName\":\"AMKP\",\"potentialAction\":[{\"@type\":\"SearchAction\",\"target\":{\"@type\":\"EntryPoint\",\"urlTemplate\":\"https:\/\/www.amuz.krakow.pl\/?s={search_term_string}\"},\"query-input\":{\"@type\":\"PropertyValueSpecification\",\"valueRequired\":true,\"valueName\":\"search_term_string\"}}],\"inLanguage\":\"en-US\"},{\"@type\":\"Organization\",\"@id\":\"https:\/\/www.amuz.krakow.pl\/#organization\",\"name\":\"Akademia Muzyczna im. Krzysztofa Pendereckiego w Krakowie\",\"alternateName\":\"AMKP\",\"url\":\"https:\/\/www.amuz.krakow.pl\/\",\"logo\":{\"@type\":\"ImageObject\",\"inLanguage\":\"en-US\",\"@id\":\"https:\/\/www.amuz.krakow.pl\/#\/schema\/logo\/image\/\",\"url\":\"https:\/\/www.amuz.krakow.pl\/wp-content\/uploads\/2021\/11\/amkp.jpg\",\"contentUrl\":\"https:\/\/www.amuz.krakow.pl\/wp-content\/uploads\/2021\/11\/amkp.jpg\",\"width\":1193,\"height\":591,\"caption\":\"Akademia Muzyczna im. Krzysztofa Pendereckiego w Krakowie\"},\"image\":{\"@id\":\"https:\/\/www.amuz.krakow.pl\/#\/schema\/logo\/image\/\"},\"sameAs\":[\"https:\/\/www.facebook.com\/amuz.krakow\",\"https:\/\/www.instagram.com\/amkpenderecki\/\",\"https:\/\/www.youtube.com\/@amkpenderecki4806\"]}]}<\/script>\n<!-- \/ Yoast SEO plugin. -->","yoast_head_json":{"title":"AMKP - Akademia Muzyczna im. Krzysztofa Pendereckiego w Krakowie","robots":{"index":"index","follow":"follow","max-snippet":"max-snippet:-1","max-image-preview":"max-image-preview:large","max-video-preview":"max-video-preview:-1"},"canonical":"https:\/\/www.amuz.krakow.pl\/orkiestry-akademickie\/orkiestra-kameralna\/koncerty-archiwalne\/koncerty-orkiestry-kameralnej-akademii-muzycznej-w-krakowie-w-ramach-wspolpracy-z-chorem-polyphonia-z-konserwatorium-muzycznego-w-vannes-francja\/","og_locale":"en_US","og_type":"article","og_title":"AMKP - Akademia Muzyczna im. Krzysztofa Pendereckiego w Krakowie","og_description":"9-17 October 2016","og_url":"https:\/\/www.amuz.krakow.pl\/orkiestry-akademickie\/orkiestra-kameralna\/koncerty-archiwalne\/koncerty-orkiestry-kameralnej-akademii-muzycznej-w-krakowie-w-ramach-wspolpracy-z-chorem-polyphonia-z-konserwatorium-muzycznego-w-vannes-francja\/","og_site_name":"Akademia Muzyczna im. Krzysztofa Pendereckiego w Krakowie","article_publisher":"https:\/\/www.facebook.com\/amuz.krakow","article_modified_time":"2024-04-26T11:33:00+00:00","og_image":[{"url":"https:\/\/www.amuz.krakow.pl\/wp-content\/uploads\/2020\/10\/Francja-Orkiestra-Kameralna-2016.jpg","type":"","width":"","height":""}],"twitter_card":"summary_large_image","twitter_misc":{"Est. reading time":"1 minute"},"schema":{"@context":"https:\/\/schema.org","@graph":[{"@type":"WebPage","@id":"https:\/\/www.amuz.krakow.pl\/orkiestry-akademickie\/orkiestra-kameralna\/koncerty-archiwalne\/koncerty-orkiestry-kameralnej-akademii-muzycznej-w-krakowie-w-ramach-wspolpracy-z-chorem-polyphonia-z-konserwatorium-muzycznego-w-vannes-francja\/","url":"https:\/\/www.amuz.krakow.pl\/orkiestry-akademickie\/orkiestra-kameralna\/koncerty-archiwalne\/koncerty-orkiestry-kameralnej-akademii-muzycznej-w-krakowie-w-ramach-wspolpracy-z-chorem-polyphonia-z-konserwatorium-muzycznego-w-vannes-francja\/","name":"AMKP - Akademia Muzyczna im. Krzysztofa Pendereckiego w Krakowie","isPartOf":{"@id":"https:\/\/www.amuz.krakow.pl\/#website"},"primaryImageOfPage":{"@id":"https:\/\/www.amuz.krakow.pl\/orkiestry-akademickie\/orkiestra-kameralna\/koncerty-archiwalne\/koncerty-orkiestry-kameralnej-akademii-muzycznej-w-krakowie-w-ramach-wspolpracy-z-chorem-polyphonia-z-konserwatorium-muzycznego-w-vannes-francja\/#primaryimage"},"image":{"@id":"https:\/\/www.amuz.krakow.pl\/orkiestry-akademickie\/orkiestra-kameralna\/koncerty-archiwalne\/koncerty-orkiestry-kameralnej-akademii-muzycznej-w-krakowie-w-ramach-wspolpracy-z-chorem-polyphonia-z-konserwatorium-muzycznego-w-vannes-francja\/#primaryimage"},"thumbnailUrl":"https:\/\/www.amuz.krakow.pl\/wp-content\/uploads\/2020\/10\/Francja-Orkiestra-Kameralna-2016.jpg","datePublished":"2020-10-14T19:49:23+00:00","dateModified":"2024-04-26T11:33:00+00:00","breadcrumb":{"@id":"https:\/\/www.amuz.krakow.pl\/orkiestry-akademickie\/orkiestra-kameralna\/koncerty-archiwalne\/koncerty-orkiestry-kameralnej-akademii-muzycznej-w-krakowie-w-ramach-wspolpracy-z-chorem-polyphonia-z-konserwatorium-muzycznego-w-vannes-francja\/#breadcrumb"},"inLanguage":"en-US","potentialAction":[{"@type":"ReadAction","target":["https:\/\/www.amuz.krakow.pl\/orkiestry-akademickie\/orkiestra-kameralna\/koncerty-archiwalne\/koncerty-orkiestry-kameralnej-akademii-muzycznej-w-krakowie-w-ramach-wspolpracy-z-chorem-polyphonia-z-konserwatorium-muzycznego-w-vannes-francja\/"]}]},{"@type":"ImageObject","inLanguage":"en-US","@id":"https:\/\/www.amuz.krakow.pl\/orkiestry-akademickie\/orkiestra-kameralna\/koncerty-archiwalne\/koncerty-orkiestry-kameralnej-akademii-muzycznej-w-krakowie-w-ramach-wspolpracy-z-chorem-polyphonia-z-konserwatorium-muzycznego-w-vannes-francja\/#primaryimage","url":"https:\/\/www.amuz.krakow.pl\/wp-content\/uploads\/2020\/10\/Francja-Orkiestra-Kameralna-2016.jpg","contentUrl":"https:\/\/www.amuz.krakow.pl\/wp-content\/uploads\/2020\/10\/Francja-Orkiestra-Kameralna-2016.jpg"},{"@type":"BreadcrumbList","@id":"https:\/\/www.amuz.krakow.pl\/orkiestry-akademickie\/orkiestra-kameralna\/koncerty-archiwalne\/koncerty-orkiestry-kameralnej-akademii-muzycznej-w-krakowie-w-ramach-wspolpracy-z-chorem-polyphonia-z-konserwatorium-muzycznego-w-vannes-francja\/#breadcrumb","itemListElement":[{"@type":"ListItem","position":1,"name":"Strona g\u0142\u00f3wna","item":"https:\/\/www.amuz.krakow.pl\/"},{"@type":"ListItem","position":2,"name":"ORKIESTRY AKADEMICKIE I CH\u00d3R AMKP","item":"https:\/\/www.amuz.krakow.pl\/orkiestry-akademickie\/"},{"@type":"ListItem","position":3,"name":"Orkiestra Kameralna","item":"https:\/\/www.amuz.krakow.pl\/orkiestry-akademickie\/orkiestra-kameralna\/"},{"@type":"ListItem","position":4,"name":"Koncerty archiwalne","item":"https:\/\/www.amuz.krakow.pl\/orkiestry-akademickie\/orkiestra-kameralna\/koncerty-archiwalne\/"},{"@type":"ListItem","position":5,"name":"2016 | Koncerty Orkiestry Kameralnej Akademii Muzycznej w Krakowie w ramach wsp\u00f3\u0142pracy z Ch\u00f3rem Polyphonia z Konserwatorium Muzycznego w Vannes (Francja)"}]},{"@type":"WebSite","@id":"https:\/\/www.amuz.krakow.pl\/#website","url":"https:\/\/www.amuz.krakow.pl\/","name":"Akademia Muzyczna im. Krzysztofa Pendereckiego w Krakowie","description":"Oficjalna strona Akademii Muzycznej im. Krzysztofa Pendereckiego w Krakowie (AMKP).","publisher":{"@id":"https:\/\/www.amuz.krakow.pl\/#organization"},"alternateName":"AMKP","potentialAction":[{"@type":"SearchAction","target":{"@type":"EntryPoint","urlTemplate":"https:\/\/www.amuz.krakow.pl\/?s={search_term_string}"},"query-input":{"@type":"PropertyValueSpecification","valueRequired":true,"valueName":"search_term_string"}}],"inLanguage":"en-US"},{"@type":"Organization","@id":"https:\/\/www.amuz.krakow.pl\/#organization","name":"Akademia Muzyczna im. Krzysztofa Pendereckiego w Krakowie","alternateName":"AMKP","url":"https:\/\/www.amuz.krakow.pl\/","logo":{"@type":"ImageObject","inLanguage":"en-US","@id":"https:\/\/www.amuz.krakow.pl\/#\/schema\/logo\/image\/","url":"https:\/\/www.amuz.krakow.pl\/wp-content\/uploads\/2021\/11\/amkp.jpg","contentUrl":"https:\/\/www.amuz.krakow.pl\/wp-content\/uploads\/2021\/11\/amkp.jpg","width":1193,"height":591,"caption":"Akademia Muzyczna im. Krzysztofa Pendereckiego w Krakowie"},"image":{"@id":"https:\/\/www.amuz.krakow.pl\/#\/schema\/logo\/image\/"},"sameAs":["https:\/\/www.facebook.com\/amuz.krakow","https:\/\/www.instagram.com\/amkpenderecki\/","https:\/\/www.youtube.com\/@amkpenderecki4806"]}]}},"_links":{"self":[{"href":"https:\/\/www.amuz.krakow.pl\/en\/wp-json\/wp\/v2\/pages\/42728","targetHints":{"allow":["GET"]}}],"collection":[{"href":"https:\/\/www.amuz.krakow.pl\/en\/wp-json\/wp\/v2\/pages"}],"about":[{"href":"https:\/\/www.amuz.krakow.pl\/en\/wp-json\/wp\/v2\/types\/page"}],"author":[{"embeddable":true,"href":"https:\/\/www.amuz.krakow.pl\/en\/wp-json\/wp\/v2\/users\/72"}],"replies":[{"embeddable":true,"href":"https:\/\/www.amuz.krakow.pl\/en\/wp-json\/wp\/v2\/comments?post=42728"}],"version-history":[{"count":2,"href":"https:\/\/www.amuz.krakow.pl\/en\/wp-json\/wp\/v2\/pages\/42728\/revisions"}],"predecessor-version":[{"id":86132,"href":"https:\/\/www.amuz.krakow.pl\/en\/wp-json\/wp\/v2\/pages\/42728\/revisions\/86132"}],"up":[{"embeddable":true,"href":"https:\/\/www.amuz.krakow.pl\/en\/wp-json\/wp\/v2\/pages\/86130"}],"wp:attachment":[{"href":"https:\/\/www.amuz.krakow.pl\/en\/wp-json\/wp\/v2\/media?parent=42728"}],"curies":[{"name":"wp","href":"https:\/\/api.w.org\/{rel}","templated":true}]}}