{"id":42369,"date":"2020-10-11T21:48:18","date_gmt":"2020-10-11T19:48:18","guid":{"rendered":"https:\/\/www.amuz.krakow.pl\/?page_id=42369"},"modified":"2026-03-04T10:10:35","modified_gmt":"2026-03-04T09:10:35","slug":"stanislaw-krawczynski-2016-2020","status":"publish","type":"page","link":"https:\/\/www.amuz.krakow.pl\/en\/o-nas\/poczet-rektorow\/rektorzy-akademii-muzycznej\/stanislaw-krawczynski-2016-2020\/","title":{"rendered":"Stanis\u0142aw Krawczy\u0144ski 2016-2020"},"content":{"rendered":"<p><figure id=\"attachment_39463\" aria-describedby=\"caption-attachment-39463\" style=\"width: 300px\" class=\"wp-caption alignleft\"><a href=\"https:\/\/www.amuz.krakow.pl\/wybory\/wybory-rektora\/prof-dr-hab-stanislaw-krawczynski\/krawczynski-stanislaw-fot-piotr-markowski-2\/\" rel=\"attachment wp-att-39463\"><img loading=\"lazy\" decoding=\"async\" class=\"size-medium wp-image-39463\" src=\"https:\/\/www.amuz.krakow.pl\/wp-content\/uploads\/2020\/06\/Krawczy\u0144ski-Stanis\u0142aw-fot.-Piotr-Markowski-1-300x200.jpg\" alt=\"\" width=\"300\" height=\"200\" srcset=\"https:\/\/www.amuz.krakow.pl\/wp-content\/uploads\/2020\/06\/Krawczy\u0144ski-Stanis\u0142aw-fot.-Piotr-Markowski-1-300x200.jpg 300w, https:\/\/www.amuz.krakow.pl\/wp-content\/uploads\/2020\/06\/Krawczy\u0144ski-Stanis\u0142aw-fot.-Piotr-Markowski-1-768x512.jpg 768w, https:\/\/www.amuz.krakow.pl\/wp-content\/uploads\/2020\/06\/Krawczy\u0144ski-Stanis\u0142aw-fot.-Piotr-Markowski-1.jpg 965w\" sizes=\"auto, (max-width: 300px) 100vw, 300px\" \/><\/a><figcaption id=\"caption-attachment-39463\" class=\"wp-caption-text\">photo by Piotr Markowski<\/figcaption><\/figure><\/p>\n<p style=\"text-align: justify;\">born Perspektywnoje (Krasnoyarsk Krai), 20 September 1955<br \/>\nConductor and teacher<\/p>\n<p style=\"text-align: justify;\">Graduated from the Music Education Department and completed postgraduate studies in conducting at PWSM in Krak\u00f3w. Head of Polish Radio and Television Choir in Krak\u00f3w, and then of the Krak\u00f3w Philharmonic Choir. Under his leadership, the choirs performed in Teatro alla Scala in Milan, in Teatro Regio in Turin, Academia di Santa Cecilia in Rome, UNESCO concert hall in Paris, Beethovensaal in Stuttgart, Brucknerhaus in Linz. Since 1986 he has been a conductor of Capella Cracoviensis, in 1992 he took over as conductor of the Tarn\u00f3w Chamber Orchestra. He performed in Wigmore Hall in London, as well as at music festivals all over the world, as a choirmaster he cooperated with famous conductors, such as Z. Mehta, K. Penderecki, H. Rilling, W. Rowicki, D. Shalom, S. Wis\u0142ocki, A. Wit. Made first performances of newly discovered works of A. Bruckner as well as of many works of Polish composers: Z. Bujarski, H.M. G\u00f3recki, R. Maciejewski, R. Palester, M. Stachowski. Together with the Krakow Philharmonic choir and orchestra he made the first Polish performance of A.I. Webber Requiem. As a member of the jury he participated in numerous conducting competitions. He made several recordings for both Polish and foreign record companies.<\/p>\n<p style=\"text-align: justify;\">In 1995 he was appointed director of the Unit and then of the Choral Department, in 1999 he was elected dean of Music Education Department of the Academy of Music in Krak\u00f3w. After the untimely death of Rector Marek Stachowski he was elected Rector of the Academy. During his rectorship the Academy of Music in Krak\u00f3w was classified in the ranking of Wprost weekly as the best artistic school in Poland.<\/p>\n<p>Leszek Polony<\/p>","protected":false},"excerpt":{"rendered":"<p>born Perspektywnoje (Krasnoyarsk Krai), 20 September 1955 Conductor and teacher Graduated from the Music Education Department and completed postgraduate studies in conducting at PWSM in Krak\u00f3w. Head of Polish Radio&hellip; <a href=\"https:\/\/www.amuz.krakow.pl\/en\/o-nas\/poczet-rektorow\/rektorzy-akademii-muzycznej\/stanislaw-krawczynski-2016-2020\/\">Continue reading<\/a><\/p>\n","protected":false},"author":72,"featured_media":39463,"parent":478,"menu_order":18,"comment_status":"closed","ping_status":"closed","template":"","meta":{"footnotes":"","_links_to":"","_links_to_target":""},"class_list":["post-42369","page","type-page","status-publish","has-post-thumbnail","hentry"],"yoast_head":"<!-- This site is optimized with the Yoast SEO plugin v27.4 - https:\/\/yoast.com\/product\/yoast-seo-wordpress\/ -->\n<title>AMKP - Akademia Muzyczna im. Krzysztofa Pendereckiego w Krakowie<\/title>\n<meta name=\"robots\" content=\"index, follow, max-snippet:-1, max-image-preview:large, max-video-preview:-1\" \/>\n<link rel=\"canonical\" href=\"https:\/\/www.amuz.krakow.pl\/o-nas\/poczet-rektorow\/rektorzy-akademii-muzycznej\/stanislaw-krawczynski-2016-2020\/\" \/>\n<meta property=\"og:locale\" content=\"en_US\" \/>\n<meta property=\"og:type\" content=\"article\" \/>\n<meta property=\"og:title\" content=\"AMKP - Akademia Muzyczna im. Krzysztofa Pendereckiego w Krakowie\" \/>\n<meta property=\"og:description\" content=\"born Perspektywnoje (Krasnoyarsk Krai), 20 September 1955 Conductor and teacher Graduated from the Music Education Department and completed postgraduate studies in conducting at PWSM in Krak\u00f3w. Head of Polish Radio&hellip; Continue reading\" \/>\n<meta property=\"og:url\" content=\"https:\/\/www.amuz.krakow.pl\/o-nas\/poczet-rektorow\/rektorzy-akademii-muzycznej\/stanislaw-krawczynski-2016-2020\/\" \/>\n<meta property=\"og:site_name\" content=\"Akademia Muzyczna im. Krzysztofa Pendereckiego w Krakowie\" \/>\n<meta property=\"article:publisher\" content=\"https:\/\/www.facebook.com\/amuz.krakow\" \/>\n<meta property=\"article:modified_time\" content=\"2026-03-04T09:10:35+00:00\" \/>\n<meta property=\"og:image\" content=\"https:\/\/www.amuz.krakow.pl\/wp-content\/uploads\/2020\/06\/Krawczy\u0144ski-Stanis\u0142aw-fot.-Piotr-Markowski-1.jpg\" \/>\n\t<meta property=\"og:image:width\" content=\"965\" \/>\n\t<meta property=\"og:image:height\" content=\"643\" \/>\n\t<meta property=\"og:image:type\" content=\"image\/jpeg\" \/>\n<meta name=\"twitter:card\" content=\"summary_large_image\" \/>\n<meta name=\"twitter:label1\" content=\"Est. reading time\" \/>\n\t<meta name=\"twitter:data1\" content=\"3 minutes\" \/>\n<script type=\"application\/ld+json\" class=\"yoast-schema-graph\">{\"@context\":\"https:\\\/\\\/schema.org\",\"@graph\":[{\"@type\":\"WebPage\",\"@id\":\"https:\\\/\\\/www.amuz.krakow.pl\\\/o-nas\\\/poczet-rektorow\\\/rektorzy-akademii-muzycznej\\\/stanislaw-krawczynski-2016-2020\\\/\",\"url\":\"https:\\\/\\\/www.amuz.krakow.pl\\\/o-nas\\\/poczet-rektorow\\\/rektorzy-akademii-muzycznej\\\/stanislaw-krawczynski-2016-2020\\\/\",\"name\":\"AMKP - Akademia Muzyczna im. Krzysztofa Pendereckiego w Krakowie\",\"isPartOf\":{\"@id\":\"https:\\\/\\\/www.amuz.krakow.pl\\\/#website\"},\"primaryImageOfPage\":{\"@id\":\"https:\\\/\\\/www.amuz.krakow.pl\\\/o-nas\\\/poczet-rektorow\\\/rektorzy-akademii-muzycznej\\\/stanislaw-krawczynski-2016-2020\\\/#primaryimage\"},\"image\":{\"@id\":\"https:\\\/\\\/www.amuz.krakow.pl\\\/o-nas\\\/poczet-rektorow\\\/rektorzy-akademii-muzycznej\\\/stanislaw-krawczynski-2016-2020\\\/#primaryimage\"},\"thumbnailUrl\":\"https:\\\/\\\/www.amuz.krakow.pl\\\/wp-content\\\/uploads\\\/2020\\\/06\\\/Krawczy\u0144ski-Stanis\u0142aw-fot.-Piotr-Markowski-1.jpg\",\"datePublished\":\"2020-10-11T19:48:18+00:00\",\"dateModified\":\"2026-03-04T09:10:35+00:00\",\"breadcrumb\":{\"@id\":\"https:\\\/\\\/www.amuz.krakow.pl\\\/o-nas\\\/poczet-rektorow\\\/rektorzy-akademii-muzycznej\\\/stanislaw-krawczynski-2016-2020\\\/#breadcrumb\"},\"inLanguage\":\"en-US\",\"potentialAction\":[{\"@type\":\"ReadAction\",\"target\":[\"https:\\\/\\\/www.amuz.krakow.pl\\\/o-nas\\\/poczet-rektorow\\\/rektorzy-akademii-muzycznej\\\/stanislaw-krawczynski-2016-2020\\\/\"]}]},{\"@type\":\"ImageObject\",\"inLanguage\":\"en-US\",\"@id\":\"https:\\\/\\\/www.amuz.krakow.pl\\\/o-nas\\\/poczet-rektorow\\\/rektorzy-akademii-muzycznej\\\/stanislaw-krawczynski-2016-2020\\\/#primaryimage\",\"url\":\"https:\\\/\\\/www.amuz.krakow.pl\\\/wp-content\\\/uploads\\\/2020\\\/06\\\/Krawczy\u0144ski-Stanis\u0142aw-fot.-Piotr-Markowski-1.jpg\",\"contentUrl\":\"https:\\\/\\\/www.amuz.krakow.pl\\\/wp-content\\\/uploads\\\/2020\\\/06\\\/Krawczy\u0144ski-Stanis\u0142aw-fot.-Piotr-Markowski-1.jpg\",\"width\":965,\"height\":643,\"caption\":\"photo by Piotr Markowski\"},{\"@type\":\"BreadcrumbList\",\"@id\":\"https:\\\/\\\/www.amuz.krakow.pl\\\/o-nas\\\/poczet-rektorow\\\/rektorzy-akademii-muzycznej\\\/stanislaw-krawczynski-2016-2020\\\/#breadcrumb\",\"itemListElement\":[{\"@type\":\"ListItem\",\"position\":1,\"name\":\"Strona g\u0142\u00f3wna\",\"item\":\"https:\\\/\\\/www.amuz.krakow.pl\\\/\"},{\"@type\":\"ListItem\",\"position\":2,\"name\":\"O&nbsp;nas\",\"item\":\"https:\\\/\\\/www.amuz.krakow.pl\\\/o-nas\\\/\"},{\"@type\":\"ListItem\",\"position\":3,\"name\":\"Poczet Rektor\u00f3w\",\"item\":\"https:\\\/\\\/www.amuz.krakow.pl\\\/o-nas\\\/poczet-rektorow\\\/\"},{\"@type\":\"ListItem\",\"position\":4,\"name\":\"Rektorzy Akademii Muzycznej im. Krzysztofa Pendereckiego\",\"item\":\"https:\\\/\\\/www.amuz.krakow.pl\\\/o-nas\\\/poczet-rektorow\\\/rektorzy-akademii-muzycznej\\\/mariusz-sielski-2024\\\/\"},{\"@type\":\"ListItem\",\"position\":5,\"name\":\"Stanis\u0142aw Krawczy\u0144ski 2016-2020\"}]},{\"@type\":\"WebSite\",\"@id\":\"https:\\\/\\\/www.amuz.krakow.pl\\\/#website\",\"url\":\"https:\\\/\\\/www.amuz.krakow.pl\\\/\",\"name\":\"Akademia Muzyczna im. Krzysztofa Pendereckiego w Krakowie\",\"description\":\"Oficjalna strona Akademii Muzycznej im. Krzysztofa Pendereckiego w Krakowie (AMKP).\",\"publisher\":{\"@id\":\"https:\\\/\\\/www.amuz.krakow.pl\\\/#organization\"},\"alternateName\":\"AMKP\",\"potentialAction\":[{\"@type\":\"SearchAction\",\"target\":{\"@type\":\"EntryPoint\",\"urlTemplate\":\"https:\\\/\\\/www.amuz.krakow.pl\\\/?s={search_term_string}\"},\"query-input\":{\"@type\":\"PropertyValueSpecification\",\"valueRequired\":true,\"valueName\":\"search_term_string\"}}],\"inLanguage\":\"en-US\"},{\"@type\":\"Organization\",\"@id\":\"https:\\\/\\\/www.amuz.krakow.pl\\\/#organization\",\"name\":\"Akademia Muzyczna im. Krzysztofa Pendereckiego w Krakowie\",\"alternateName\":\"AMKP\",\"url\":\"https:\\\/\\\/www.amuz.krakow.pl\\\/\",\"logo\":{\"@type\":\"ImageObject\",\"inLanguage\":\"en-US\",\"@id\":\"https:\\\/\\\/www.amuz.krakow.pl\\\/#\\\/schema\\\/logo\\\/image\\\/\",\"url\":\"https:\\\/\\\/www.amuz.krakow.pl\\\/wp-content\\\/uploads\\\/2021\\\/11\\\/amkp.jpg\",\"contentUrl\":\"https:\\\/\\\/www.amuz.krakow.pl\\\/wp-content\\\/uploads\\\/2021\\\/11\\\/amkp.jpg\",\"width\":1193,\"height\":591,\"caption\":\"Akademia Muzyczna im. Krzysztofa Pendereckiego w Krakowie\"},\"image\":{\"@id\":\"https:\\\/\\\/www.amuz.krakow.pl\\\/#\\\/schema\\\/logo\\\/image\\\/\"},\"sameAs\":[\"https:\\\/\\\/www.facebook.com\\\/amuz.krakow\",\"https:\\\/\\\/www.instagram.com\\\/amkpenderecki\\\/\",\"https:\\\/\\\/www.youtube.com\\\/@amkpenderecki4806\"]}]}<\/script>\n<!-- \/ Yoast SEO plugin. -->","yoast_head_json":{"title":"AMKP - Akademia Muzyczna im. Krzysztofa Pendereckiego w Krakowie","robots":{"index":"index","follow":"follow","max-snippet":"max-snippet:-1","max-image-preview":"max-image-preview:large","max-video-preview":"max-video-preview:-1"},"canonical":"https:\/\/www.amuz.krakow.pl\/o-nas\/poczet-rektorow\/rektorzy-akademii-muzycznej\/stanislaw-krawczynski-2016-2020\/","og_locale":"en_US","og_type":"article","og_title":"AMKP - Akademia Muzyczna im. Krzysztofa Pendereckiego w Krakowie","og_description":"born Perspektywnoje (Krasnoyarsk Krai), 20 September 1955 Conductor and teacher Graduated from the Music Education Department and completed postgraduate studies in conducting at PWSM in Krak\u00f3w. Head of Polish Radio&hellip; Continue reading","og_url":"https:\/\/www.amuz.krakow.pl\/o-nas\/poczet-rektorow\/rektorzy-akademii-muzycznej\/stanislaw-krawczynski-2016-2020\/","og_site_name":"Akademia Muzyczna im. Krzysztofa Pendereckiego w Krakowie","article_publisher":"https:\/\/www.facebook.com\/amuz.krakow","article_modified_time":"2026-03-04T09:10:35+00:00","og_image":[{"width":965,"height":643,"url":"https:\/\/www.amuz.krakow.pl\/wp-content\/uploads\/2020\/06\/Krawczy\u0144ski-Stanis\u0142aw-fot.-Piotr-Markowski-1.jpg","type":"image\/jpeg"}],"twitter_card":"summary_large_image","twitter_misc":{"Est. reading time":"3 minutes"},"schema":{"@context":"https:\/\/schema.org","@graph":[{"@type":"WebPage","@id":"https:\/\/www.amuz.krakow.pl\/o-nas\/poczet-rektorow\/rektorzy-akademii-muzycznej\/stanislaw-krawczynski-2016-2020\/","url":"https:\/\/www.amuz.krakow.pl\/o-nas\/poczet-rektorow\/rektorzy-akademii-muzycznej\/stanislaw-krawczynski-2016-2020\/","name":"AMKP - Akademia Muzyczna im. Krzysztofa Pendereckiego w Krakowie","isPartOf":{"@id":"https:\/\/www.amuz.krakow.pl\/#website"},"primaryImageOfPage":{"@id":"https:\/\/www.amuz.krakow.pl\/o-nas\/poczet-rektorow\/rektorzy-akademii-muzycznej\/stanislaw-krawczynski-2016-2020\/#primaryimage"},"image":{"@id":"https:\/\/www.amuz.krakow.pl\/o-nas\/poczet-rektorow\/rektorzy-akademii-muzycznej\/stanislaw-krawczynski-2016-2020\/#primaryimage"},"thumbnailUrl":"https:\/\/www.amuz.krakow.pl\/wp-content\/uploads\/2020\/06\/Krawczy\u0144ski-Stanis\u0142aw-fot.-Piotr-Markowski-1.jpg","datePublished":"2020-10-11T19:48:18+00:00","dateModified":"2026-03-04T09:10:35+00:00","breadcrumb":{"@id":"https:\/\/www.amuz.krakow.pl\/o-nas\/poczet-rektorow\/rektorzy-akademii-muzycznej\/stanislaw-krawczynski-2016-2020\/#breadcrumb"},"inLanguage":"en-US","potentialAction":[{"@type":"ReadAction","target":["https:\/\/www.amuz.krakow.pl\/o-nas\/poczet-rektorow\/rektorzy-akademii-muzycznej\/stanislaw-krawczynski-2016-2020\/"]}]},{"@type":"ImageObject","inLanguage":"en-US","@id":"https:\/\/www.amuz.krakow.pl\/o-nas\/poczet-rektorow\/rektorzy-akademii-muzycznej\/stanislaw-krawczynski-2016-2020\/#primaryimage","url":"https:\/\/www.amuz.krakow.pl\/wp-content\/uploads\/2020\/06\/Krawczy\u0144ski-Stanis\u0142aw-fot.-Piotr-Markowski-1.jpg","contentUrl":"https:\/\/www.amuz.krakow.pl\/wp-content\/uploads\/2020\/06\/Krawczy\u0144ski-Stanis\u0142aw-fot.-Piotr-Markowski-1.jpg","width":965,"height":643,"caption":"photo by Piotr Markowski"},{"@type":"BreadcrumbList","@id":"https:\/\/www.amuz.krakow.pl\/o-nas\/poczet-rektorow\/rektorzy-akademii-muzycznej\/stanislaw-krawczynski-2016-2020\/#breadcrumb","itemListElement":[{"@type":"ListItem","position":1,"name":"Strona g\u0142\u00f3wna","item":"https:\/\/www.amuz.krakow.pl\/"},{"@type":"ListItem","position":2,"name":"O&nbsp;nas","item":"https:\/\/www.amuz.krakow.pl\/o-nas\/"},{"@type":"ListItem","position":3,"name":"Poczet Rektor\u00f3w","item":"https:\/\/www.amuz.krakow.pl\/o-nas\/poczet-rektorow\/"},{"@type":"ListItem","position":4,"name":"Rektorzy Akademii Muzycznej im. Krzysztofa Pendereckiego","item":"https:\/\/www.amuz.krakow.pl\/o-nas\/poczet-rektorow\/rektorzy-akademii-muzycznej\/mariusz-sielski-2024\/"},{"@type":"ListItem","position":5,"name":"Stanis\u0142aw Krawczy\u0144ski 2016-2020"}]},{"@type":"WebSite","@id":"https:\/\/www.amuz.krakow.pl\/#website","url":"https:\/\/www.amuz.krakow.pl\/","name":"Akademia Muzyczna im. Krzysztofa Pendereckiego w Krakowie","description":"Oficjalna strona Akademii Muzycznej im. Krzysztofa Pendereckiego w Krakowie (AMKP).","publisher":{"@id":"https:\/\/www.amuz.krakow.pl\/#organization"},"alternateName":"AMKP","potentialAction":[{"@type":"SearchAction","target":{"@type":"EntryPoint","urlTemplate":"https:\/\/www.amuz.krakow.pl\/?s={search_term_string}"},"query-input":{"@type":"PropertyValueSpecification","valueRequired":true,"valueName":"search_term_string"}}],"inLanguage":"en-US"},{"@type":"Organization","@id":"https:\/\/www.amuz.krakow.pl\/#organization","name":"Akademia Muzyczna im. Krzysztofa Pendereckiego w Krakowie","alternateName":"AMKP","url":"https:\/\/www.amuz.krakow.pl\/","logo":{"@type":"ImageObject","inLanguage":"en-US","@id":"https:\/\/www.amuz.krakow.pl\/#\/schema\/logo\/image\/","url":"https:\/\/www.amuz.krakow.pl\/wp-content\/uploads\/2021\/11\/amkp.jpg","contentUrl":"https:\/\/www.amuz.krakow.pl\/wp-content\/uploads\/2021\/11\/amkp.jpg","width":1193,"height":591,"caption":"Akademia Muzyczna im. Krzysztofa Pendereckiego w Krakowie"},"image":{"@id":"https:\/\/www.amuz.krakow.pl\/#\/schema\/logo\/image\/"},"sameAs":["https:\/\/www.facebook.com\/amuz.krakow","https:\/\/www.instagram.com\/amkpenderecki\/","https:\/\/www.youtube.com\/@amkpenderecki4806"]}]}},"_links":{"self":[{"href":"https:\/\/www.amuz.krakow.pl\/en\/wp-json\/wp\/v2\/pages\/42369","targetHints":{"allow":["GET"]}}],"collection":[{"href":"https:\/\/www.amuz.krakow.pl\/en\/wp-json\/wp\/v2\/pages"}],"about":[{"href":"https:\/\/www.amuz.krakow.pl\/en\/wp-json\/wp\/v2\/types\/page"}],"author":[{"embeddable":true,"href":"https:\/\/www.amuz.krakow.pl\/en\/wp-json\/wp\/v2\/users\/72"}],"replies":[{"embeddable":true,"href":"https:\/\/www.amuz.krakow.pl\/en\/wp-json\/wp\/v2\/comments?post=42369"}],"version-history":[{"count":8,"href":"https:\/\/www.amuz.krakow.pl\/en\/wp-json\/wp\/v2\/pages\/42369\/revisions"}],"predecessor-version":[{"id":115662,"href":"https:\/\/www.amuz.krakow.pl\/en\/wp-json\/wp\/v2\/pages\/42369\/revisions\/115662"}],"up":[{"embeddable":true,"href":"https:\/\/www.amuz.krakow.pl\/en\/wp-json\/wp\/v2\/pages\/478"}],"wp:featuredmedia":[{"embeddable":true,"href":"https:\/\/www.amuz.krakow.pl\/en\/wp-json\/wp\/v2\/media\/39463"}],"wp:attachment":[{"href":"https:\/\/www.amuz.krakow.pl\/en\/wp-json\/wp\/v2\/media?parent=42369"}],"curies":[{"name":"wp","href":"https:\/\/api.w.org\/{rel}","templated":true}]}}