{"id":41926,"date":"2020-10-04T21:12:12","date_gmt":"2020-10-04T19:12:12","guid":{"rendered":"https:\/\/www.amuz.krakow.pl\/?page_id=41926"},"modified":"2023-10-02T14:57:40","modified_gmt":"2023-10-02T12:57:40","slug":"mgr-gabriel-niedziela","status":"publish","type":"page","link":"https:\/\/www.amuz.krakow.pl\/en\/wydzialy\/wydzial-ii-instrumentalny\/katedra-jazzu\/pracownicy-katedry\/mgr-gabriel-niedziela\/","title":{"rendered":"mgr Gabriel Niedziela"},"content":{"rendered":"<p><figure id=\"attachment_44818\" aria-describedby=\"caption-attachment-44818\" style=\"width: 300px\" class=\"wp-caption alignleft\"><a href=\"https:\/\/www.amuz.krakow.pl\/wydzialy\/wydzial-ii-instrumentalny\/katedra-jazzu\/wspolpracownicy\/mgr-gabriel-niedziela\/niedziela-gabriel-fot-wojciech-dobrogojski\/\" rel=\"attachment wp-att-44818\"><img loading=\"lazy\" decoding=\"async\" class=\"size-medium wp-image-44818\" src=\"https:\/\/www.amuz.krakow.pl\/wp-content\/uploads\/2020\/11\/Niedziela-Gabriel-fot.-Wojciech-Dobrogojski-300x200.jpg\" alt=\"\" width=\"300\" height=\"200\" srcset=\"https:\/\/www.amuz.krakow.pl\/wp-content\/uploads\/2020\/11\/Niedziela-Gabriel-fot.-Wojciech-Dobrogojski-300x200.jpg 300w, https:\/\/www.amuz.krakow.pl\/wp-content\/uploads\/2020\/11\/Niedziela-Gabriel-fot.-Wojciech-Dobrogojski-768x512.jpg 768w, https:\/\/www.amuz.krakow.pl\/wp-content\/uploads\/2020\/11\/Niedziela-Gabriel-fot.-Wojciech-Dobrogojski-1536x1024.jpg 1536w, https:\/\/www.amuz.krakow.pl\/wp-content\/uploads\/2020\/11\/Niedziela-Gabriel-fot.-Wojciech-Dobrogojski.jpg 2048w\" sizes=\"auto, (max-width: 300px) 100vw, 300px\" \/><\/a><figcaption id=\"caption-attachment-44818\" class=\"wp-caption-text\">photo by Wojciech Dobrogojski<\/figcaption><\/figure><\/p>\n<p style=\"text-align: justify;\">Gabriel Niedziela is a jazz guitarist born in 1987 in Poland. He has completed every stage of the formal music education resulting in his graduation from the Karol Szymanowski Jazz Academy of Music in Katowice, Poland in 2011. Also Gabriel was taking lessons with Aaron Parks and Peter Bernstein in New York in 2018.<br \/>\nHis most significant individual prizes on jazz competitions are:<\/p>\n<ul style=\"list-style-type: square;\">\n<li style=\"text-align: justify;\">Grand Prix on II International Jarek \u015amietana Jazz Guitar Competition, Cracow 2017, Poland,<\/li>\n<li style=\"text-align: justify;\">II prize on Novum Jazz Festival, \u0141om\u017ca 2013, Poland,<\/li>\n<li style=\"text-align: justify;\">Special prize on V International Jazz Improvisation Competition, Katowice 2010, Poland,<\/li>\n<li style=\"text-align: justify;\">II prize on Guitar City &#8211; Guitar Master International Jazz Competition, Warsaw 2007, Poland.<\/li>\n<\/ul>\n<p style=\"text-align: justify;\">Gabriel takes part in various musical projects, he is a leader of \u201eGabriel Niedziela Quintet\u201d and a composer for the group, co-leader of LNSD Quartet (\u0141ukowski, Niedziela, Smoczy\u0144ski, Dobrowolski), releasing CD in 2016, and a member of the \u201eGeneration Next\u201d Sextet. He co-creates \u201eMicha\u0142 Urbaniak Group\u201d, Jacek Niedziela\u2013Meira \u201eBassville Trio\u201d, \u201ePeter Gabriel Duo\u201d with Piotr Schmidt and \u201ePrzemek Str\u0105czek Guitar Duo. In recent years he has recorded an original music with LNSD Quartet &#8211; 2020, Piotr Baron &#8211; Wodecki Jazz 2019, Marcin Wawrzynowicz &#8211; Soundpack 2019, Piotr Schmidt &#8211; Generation Next 2013, Jacek Niedziela\u2013Meria &#8211; Zjesienniony 2011.<br \/>\nGabriel is also very active as a sideman and often invited to different music formations and projects. He has been performing on the biggest festivals in Poland, Austria, Slovakia, Georgia, Vietnam and collaborated with artists such as: Micha\u0142 Urbaniak, Maria Schneider, Nels Cline, Michael Patches Stewart, Jamie Baum, Michael Schiefel, Piotr Wojtasik, Grzegorz Nag\u00f3rski, Wojciech Karolak, Joachim Mencel, Ewa Uryga, Jacek Niedziela\u2013Meira, Piotr Baron, Wojciech Niedziela, Frank Parker, Jerzy Ma\u0142ek, Pawe\u0142 Tomaszewski, W\u0142odzimierz Nahorny czy Bogdan Ho\u0142ownia.<br \/>\nIn 2013 he worked with Maria Schneider&#8217;s Silesian Orchestra at Bielska Zadymka Jazzowa in Bielsko-Bia\u0142a, Poland. He was also cooperating with Jamie Baum, Nels Cline with his Blue Note \u201eLovers\u201d and many great polish jazz musicians. Gabriel explores various styles in music, from early bebop to european modern jazz.<\/p>\n<p><a href=\"mailto:gabriel.niedziela@amuz.krakow.pl\">gabriel.niedziela@amuz.krakow.pl<\/a><\/p>","protected":false},"excerpt":{"rendered":"<p>Gabriel Niedziela is a jazz guitarist born in 1987 in Poland. He has completed every stage of the formal music education resulting in his graduation from the Karol Szymanowski Jazz&hellip; <a href=\"https:\/\/www.amuz.krakow.pl\/en\/wydzialy\/wydzial-ii-instrumentalny\/katedra-jazzu\/pracownicy-katedry\/mgr-gabriel-niedziela\/\">Continue reading<\/a><\/p>\n","protected":false},"author":72,"featured_media":0,"parent":2279,"menu_order":130,"comment_status":"closed","ping_status":"closed","template":"","meta":{"footnotes":"","_links_to":"","_links_to_target":""},"class_list":["post-41926","page","type-page","status-publish","hentry"],"yoast_head":"<!-- This site is optimized with the Yoast SEO plugin v27.2 - https:\/\/yoast.com\/product\/yoast-seo-wordpress\/ -->\n<title>AMKP - Akademia Muzyczna im. Krzysztofa Pendereckiego w Krakowie<\/title>\n<meta name=\"robots\" content=\"index, follow, max-snippet:-1, max-image-preview:large, max-video-preview:-1\" \/>\n<link rel=\"canonical\" href=\"https:\/\/www.amuz.krakow.pl\/wydzialy\/wydzial-ii-instrumentalny\/katedra-jazzu\/pracownicy-katedry\/mgr-gabriel-niedziela\/\" \/>\n<meta property=\"og:locale\" content=\"en_US\" \/>\n<meta property=\"og:type\" content=\"article\" \/>\n<meta property=\"og:title\" content=\"AMKP - Akademia Muzyczna im. Krzysztofa Pendereckiego w Krakowie\" \/>\n<meta property=\"og:description\" content=\"Gabriel Niedziela is a jazz guitarist born in 1987 in Poland. He has completed every stage of the formal music education resulting in his graduation from the Karol Szymanowski Jazz&hellip; Continue reading\" \/>\n<meta property=\"og:url\" content=\"https:\/\/www.amuz.krakow.pl\/wydzialy\/wydzial-ii-instrumentalny\/katedra-jazzu\/pracownicy-katedry\/mgr-gabriel-niedziela\/\" \/>\n<meta property=\"og:site_name\" content=\"Akademia Muzyczna im. Krzysztofa Pendereckiego w Krakowie\" \/>\n<meta property=\"article:publisher\" content=\"https:\/\/www.facebook.com\/amuz.krakow\" \/>\n<meta property=\"article:modified_time\" content=\"2023-10-02T12:57:40+00:00\" \/>\n<meta property=\"og:image\" content=\"https:\/\/www.amuz.krakow.pl\/wp-content\/uploads\/2020\/11\/Niedziela-Gabriel-fot.-Wojciech-Dobrogojski-300x200.jpg\" \/>\n<meta name=\"twitter:card\" content=\"summary_large_image\" \/>\n<meta name=\"twitter:label1\" content=\"Est. reading time\" \/>\n\t<meta name=\"twitter:data1\" content=\"4 minutes\" \/>\n<script type=\"application\/ld+json\" class=\"yoast-schema-graph\">{\"@context\":\"https:\/\/schema.org\",\"@graph\":[{\"@type\":\"WebPage\",\"@id\":\"https:\/\/www.amuz.krakow.pl\/wydzialy\/wydzial-ii-instrumentalny\/katedra-jazzu\/pracownicy-katedry\/mgr-gabriel-niedziela\/\",\"url\":\"https:\/\/www.amuz.krakow.pl\/wydzialy\/wydzial-ii-instrumentalny\/katedra-jazzu\/pracownicy-katedry\/mgr-gabriel-niedziela\/\",\"name\":\"AMKP - Akademia Muzyczna im. Krzysztofa Pendereckiego w Krakowie\",\"isPartOf\":{\"@id\":\"https:\/\/www.amuz.krakow.pl\/#website\"},\"primaryImageOfPage\":{\"@id\":\"https:\/\/www.amuz.krakow.pl\/wydzialy\/wydzial-ii-instrumentalny\/katedra-jazzu\/pracownicy-katedry\/mgr-gabriel-niedziela\/#primaryimage\"},\"image\":{\"@id\":\"https:\/\/www.amuz.krakow.pl\/wydzialy\/wydzial-ii-instrumentalny\/katedra-jazzu\/pracownicy-katedry\/mgr-gabriel-niedziela\/#primaryimage\"},\"thumbnailUrl\":\"https:\/\/www.amuz.krakow.pl\/wp-content\/uploads\/2020\/11\/Niedziela-Gabriel-fot.-Wojciech-Dobrogojski-300x200.jpg\",\"datePublished\":\"2020-10-04T19:12:12+00:00\",\"dateModified\":\"2023-10-02T12:57:40+00:00\",\"breadcrumb\":{\"@id\":\"https:\/\/www.amuz.krakow.pl\/wydzialy\/wydzial-ii-instrumentalny\/katedra-jazzu\/pracownicy-katedry\/mgr-gabriel-niedziela\/#breadcrumb\"},\"inLanguage\":\"en-US\",\"potentialAction\":[{\"@type\":\"ReadAction\",\"target\":[\"https:\/\/www.amuz.krakow.pl\/wydzialy\/wydzial-ii-instrumentalny\/katedra-jazzu\/pracownicy-katedry\/mgr-gabriel-niedziela\/\"]}]},{\"@type\":\"ImageObject\",\"inLanguage\":\"en-US\",\"@id\":\"https:\/\/www.amuz.krakow.pl\/wydzialy\/wydzial-ii-instrumentalny\/katedra-jazzu\/pracownicy-katedry\/mgr-gabriel-niedziela\/#primaryimage\",\"url\":\"https:\/\/www.amuz.krakow.pl\/wp-content\/uploads\/2020\/11\/Niedziela-Gabriel-fot.-Wojciech-Dobrogojski-300x200.jpg\",\"contentUrl\":\"https:\/\/www.amuz.krakow.pl\/wp-content\/uploads\/2020\/11\/Niedziela-Gabriel-fot.-Wojciech-Dobrogojski-300x200.jpg\"},{\"@type\":\"BreadcrumbList\",\"@id\":\"https:\/\/www.amuz.krakow.pl\/wydzialy\/wydzial-ii-instrumentalny\/katedra-jazzu\/pracownicy-katedry\/mgr-gabriel-niedziela\/#breadcrumb\",\"itemListElement\":[{\"@type\":\"ListItem\",\"position\":1,\"name\":\"Strona g\u0142\u00f3wna\",\"item\":\"https:\/\/www.amuz.krakow.pl\/\"},{\"@type\":\"ListItem\",\"position\":2,\"name\":\"WYDZIA\u0141Y\",\"item\":\"https:\/\/www.amuz.krakow.pl\/wydzialy\/\"},{\"@type\":\"ListItem\",\"position\":3,\"name\":\"Wydzia\u0142 Instrumentalny\",\"item\":\"https:\/\/www.amuz.krakow.pl\/wydzialy\/wydzial-ii-instrumentalny\/\"},{\"@type\":\"ListItem\",\"position\":4,\"name\":\"Katedra Jazzu\",\"item\":\"https:\/\/www.amuz.krakow.pl\/wydzialy\/wydzial-ii-instrumentalny\/katedra-jazzu\/\"},{\"@type\":\"ListItem\",\"position\":5,\"name\":\"Pracownicy Katedry\",\"item\":\"https:\/\/www.amuz.krakow.pl\/wydzialy\/wydzial-ii-instrumentalny\/katedra-jazzu\/pracownicy-katedry\/\"},{\"@type\":\"ListItem\",\"position\":6,\"name\":\"mgr Gabriel Niedziela\"}]},{\"@type\":\"WebSite\",\"@id\":\"https:\/\/www.amuz.krakow.pl\/#website\",\"url\":\"https:\/\/www.amuz.krakow.pl\/\",\"name\":\"Akademia Muzyczna im. Krzysztofa Pendereckiego w Krakowie\",\"description\":\"Oficjalna strona Akademii Muzycznej im. Krzysztofa Pendereckiego w Krakowie (AMKP).\",\"publisher\":{\"@id\":\"https:\/\/www.amuz.krakow.pl\/#organization\"},\"alternateName\":\"AMKP\",\"potentialAction\":[{\"@type\":\"SearchAction\",\"target\":{\"@type\":\"EntryPoint\",\"urlTemplate\":\"https:\/\/www.amuz.krakow.pl\/?s={search_term_string}\"},\"query-input\":{\"@type\":\"PropertyValueSpecification\",\"valueRequired\":true,\"valueName\":\"search_term_string\"}}],\"inLanguage\":\"en-US\"},{\"@type\":\"Organization\",\"@id\":\"https:\/\/www.amuz.krakow.pl\/#organization\",\"name\":\"Akademia Muzyczna im. Krzysztofa Pendereckiego w Krakowie\",\"alternateName\":\"AMKP\",\"url\":\"https:\/\/www.amuz.krakow.pl\/\",\"logo\":{\"@type\":\"ImageObject\",\"inLanguage\":\"en-US\",\"@id\":\"https:\/\/www.amuz.krakow.pl\/#\/schema\/logo\/image\/\",\"url\":\"https:\/\/www.amuz.krakow.pl\/wp-content\/uploads\/2021\/11\/amkp.jpg\",\"contentUrl\":\"https:\/\/www.amuz.krakow.pl\/wp-content\/uploads\/2021\/11\/amkp.jpg\",\"width\":1193,\"height\":591,\"caption\":\"Akademia Muzyczna im. Krzysztofa Pendereckiego w Krakowie\"},\"image\":{\"@id\":\"https:\/\/www.amuz.krakow.pl\/#\/schema\/logo\/image\/\"},\"sameAs\":[\"https:\/\/www.facebook.com\/amuz.krakow\",\"https:\/\/www.instagram.com\/amkpenderecki\/\",\"https:\/\/www.youtube.com\/@amkpenderecki4806\"]}]}<\/script>\n<!-- \/ Yoast SEO plugin. -->","yoast_head_json":{"title":"AMKP - Akademia Muzyczna im. Krzysztofa Pendereckiego w Krakowie","robots":{"index":"index","follow":"follow","max-snippet":"max-snippet:-1","max-image-preview":"max-image-preview:large","max-video-preview":"max-video-preview:-1"},"canonical":"https:\/\/www.amuz.krakow.pl\/wydzialy\/wydzial-ii-instrumentalny\/katedra-jazzu\/pracownicy-katedry\/mgr-gabriel-niedziela\/","og_locale":"en_US","og_type":"article","og_title":"AMKP - Akademia Muzyczna im. Krzysztofa Pendereckiego w Krakowie","og_description":"Gabriel Niedziela is a jazz guitarist born in 1987 in Poland. He has completed every stage of the formal music education resulting in his graduation from the Karol Szymanowski Jazz&hellip; Continue reading","og_url":"https:\/\/www.amuz.krakow.pl\/wydzialy\/wydzial-ii-instrumentalny\/katedra-jazzu\/pracownicy-katedry\/mgr-gabriel-niedziela\/","og_site_name":"Akademia Muzyczna im. Krzysztofa Pendereckiego w Krakowie","article_publisher":"https:\/\/www.facebook.com\/amuz.krakow","article_modified_time":"2023-10-02T12:57:40+00:00","og_image":[{"url":"https:\/\/www.amuz.krakow.pl\/wp-content\/uploads\/2020\/11\/Niedziela-Gabriel-fot.-Wojciech-Dobrogojski-300x200.jpg","type":"","width":"","height":""}],"twitter_card":"summary_large_image","twitter_misc":{"Est. reading time":"4 minutes"},"schema":{"@context":"https:\/\/schema.org","@graph":[{"@type":"WebPage","@id":"https:\/\/www.amuz.krakow.pl\/wydzialy\/wydzial-ii-instrumentalny\/katedra-jazzu\/pracownicy-katedry\/mgr-gabriel-niedziela\/","url":"https:\/\/www.amuz.krakow.pl\/wydzialy\/wydzial-ii-instrumentalny\/katedra-jazzu\/pracownicy-katedry\/mgr-gabriel-niedziela\/","name":"AMKP - Akademia Muzyczna im. Krzysztofa Pendereckiego w Krakowie","isPartOf":{"@id":"https:\/\/www.amuz.krakow.pl\/#website"},"primaryImageOfPage":{"@id":"https:\/\/www.amuz.krakow.pl\/wydzialy\/wydzial-ii-instrumentalny\/katedra-jazzu\/pracownicy-katedry\/mgr-gabriel-niedziela\/#primaryimage"},"image":{"@id":"https:\/\/www.amuz.krakow.pl\/wydzialy\/wydzial-ii-instrumentalny\/katedra-jazzu\/pracownicy-katedry\/mgr-gabriel-niedziela\/#primaryimage"},"thumbnailUrl":"https:\/\/www.amuz.krakow.pl\/wp-content\/uploads\/2020\/11\/Niedziela-Gabriel-fot.-Wojciech-Dobrogojski-300x200.jpg","datePublished":"2020-10-04T19:12:12+00:00","dateModified":"2023-10-02T12:57:40+00:00","breadcrumb":{"@id":"https:\/\/www.amuz.krakow.pl\/wydzialy\/wydzial-ii-instrumentalny\/katedra-jazzu\/pracownicy-katedry\/mgr-gabriel-niedziela\/#breadcrumb"},"inLanguage":"en-US","potentialAction":[{"@type":"ReadAction","target":["https:\/\/www.amuz.krakow.pl\/wydzialy\/wydzial-ii-instrumentalny\/katedra-jazzu\/pracownicy-katedry\/mgr-gabriel-niedziela\/"]}]},{"@type":"ImageObject","inLanguage":"en-US","@id":"https:\/\/www.amuz.krakow.pl\/wydzialy\/wydzial-ii-instrumentalny\/katedra-jazzu\/pracownicy-katedry\/mgr-gabriel-niedziela\/#primaryimage","url":"https:\/\/www.amuz.krakow.pl\/wp-content\/uploads\/2020\/11\/Niedziela-Gabriel-fot.-Wojciech-Dobrogojski-300x200.jpg","contentUrl":"https:\/\/www.amuz.krakow.pl\/wp-content\/uploads\/2020\/11\/Niedziela-Gabriel-fot.-Wojciech-Dobrogojski-300x200.jpg"},{"@type":"BreadcrumbList","@id":"https:\/\/www.amuz.krakow.pl\/wydzialy\/wydzial-ii-instrumentalny\/katedra-jazzu\/pracownicy-katedry\/mgr-gabriel-niedziela\/#breadcrumb","itemListElement":[{"@type":"ListItem","position":1,"name":"Strona g\u0142\u00f3wna","item":"https:\/\/www.amuz.krakow.pl\/"},{"@type":"ListItem","position":2,"name":"WYDZIA\u0141Y","item":"https:\/\/www.amuz.krakow.pl\/wydzialy\/"},{"@type":"ListItem","position":3,"name":"Wydzia\u0142 Instrumentalny","item":"https:\/\/www.amuz.krakow.pl\/wydzialy\/wydzial-ii-instrumentalny\/"},{"@type":"ListItem","position":4,"name":"Katedra Jazzu","item":"https:\/\/www.amuz.krakow.pl\/wydzialy\/wydzial-ii-instrumentalny\/katedra-jazzu\/"},{"@type":"ListItem","position":5,"name":"Pracownicy Katedry","item":"https:\/\/www.amuz.krakow.pl\/wydzialy\/wydzial-ii-instrumentalny\/katedra-jazzu\/pracownicy-katedry\/"},{"@type":"ListItem","position":6,"name":"mgr Gabriel Niedziela"}]},{"@type":"WebSite","@id":"https:\/\/www.amuz.krakow.pl\/#website","url":"https:\/\/www.amuz.krakow.pl\/","name":"Akademia Muzyczna im. Krzysztofa Pendereckiego w Krakowie","description":"Oficjalna strona Akademii Muzycznej im. Krzysztofa Pendereckiego w Krakowie (AMKP).","publisher":{"@id":"https:\/\/www.amuz.krakow.pl\/#organization"},"alternateName":"AMKP","potentialAction":[{"@type":"SearchAction","target":{"@type":"EntryPoint","urlTemplate":"https:\/\/www.amuz.krakow.pl\/?s={search_term_string}"},"query-input":{"@type":"PropertyValueSpecification","valueRequired":true,"valueName":"search_term_string"}}],"inLanguage":"en-US"},{"@type":"Organization","@id":"https:\/\/www.amuz.krakow.pl\/#organization","name":"Akademia Muzyczna im. Krzysztofa Pendereckiego w Krakowie","alternateName":"AMKP","url":"https:\/\/www.amuz.krakow.pl\/","logo":{"@type":"ImageObject","inLanguage":"en-US","@id":"https:\/\/www.amuz.krakow.pl\/#\/schema\/logo\/image\/","url":"https:\/\/www.amuz.krakow.pl\/wp-content\/uploads\/2021\/11\/amkp.jpg","contentUrl":"https:\/\/www.amuz.krakow.pl\/wp-content\/uploads\/2021\/11\/amkp.jpg","width":1193,"height":591,"caption":"Akademia Muzyczna im. Krzysztofa Pendereckiego w Krakowie"},"image":{"@id":"https:\/\/www.amuz.krakow.pl\/#\/schema\/logo\/image\/"},"sameAs":["https:\/\/www.facebook.com\/amuz.krakow","https:\/\/www.instagram.com\/amkpenderecki\/","https:\/\/www.youtube.com\/@amkpenderecki4806"]}]}},"_links":{"self":[{"href":"https:\/\/www.amuz.krakow.pl\/en\/wp-json\/wp\/v2\/pages\/41926","targetHints":{"allow":["GET"]}}],"collection":[{"href":"https:\/\/www.amuz.krakow.pl\/en\/wp-json\/wp\/v2\/pages"}],"about":[{"href":"https:\/\/www.amuz.krakow.pl\/en\/wp-json\/wp\/v2\/types\/page"}],"author":[{"embeddable":true,"href":"https:\/\/www.amuz.krakow.pl\/en\/wp-json\/wp\/v2\/users\/72"}],"replies":[{"embeddable":true,"href":"https:\/\/www.amuz.krakow.pl\/en\/wp-json\/wp\/v2\/comments?post=41926"}],"version-history":[{"count":3,"href":"https:\/\/www.amuz.krakow.pl\/en\/wp-json\/wp\/v2\/pages\/41926\/revisions"}],"predecessor-version":[{"id":44819,"href":"https:\/\/www.amuz.krakow.pl\/en\/wp-json\/wp\/v2\/pages\/41926\/revisions\/44819"}],"up":[{"embeddable":true,"href":"https:\/\/www.amuz.krakow.pl\/en\/wp-json\/wp\/v2\/pages\/2279"}],"wp:attachment":[{"href":"https:\/\/www.amuz.krakow.pl\/en\/wp-json\/wp\/v2\/media?parent=41926"}],"curies":[{"name":"wp","href":"https:\/\/api.w.org\/{rel}","templated":true}]}}