{"id":41923,"date":"2020-10-04T21:00:38","date_gmt":"2020-10-04T19:00:38","guid":{"rendered":"https:\/\/www.amuz.krakow.pl\/?page_id=41923"},"modified":"2023-10-12T11:29:00","modified_gmt":"2023-10-12T09:29:00","slug":"klaudia-straczek","status":"publish","type":"page","link":"https:\/\/www.amuz.krakow.pl\/en\/wydzialy\/wydzial-ii-instrumentalny\/katedra-kameralistyki\/zespol-pianistow-akompaniatorow\/klaudia-straczek\/","title":{"rendered":"dr Klaudia Str\u0105czek"},"content":{"rendered":"<p><figure id=\"attachment_44526\" aria-describedby=\"caption-attachment-44526\" style=\"width: 231px\" class=\"wp-caption alignleft\"><a href=\"https:\/\/www.amuz.krakow.pl\/wydzialy\/wydzial-ii-instrumentalny\/katedra-kameralistyki\/zaklad-akompaniamentu\/mgr-klaudia-syjud\/klaudia-syjud-2\/\" rel=\"attachment wp-att-44526\"><img loading=\"lazy\" decoding=\"async\" class=\"size-medium wp-image-44526\" src=\"https:\/\/www.amuz.krakow.pl\/wp-content\/uploads\/2020\/11\/Klaudia-Syjud-231x300.jpg\" alt=\"\" width=\"231\" height=\"300\" srcset=\"https:\/\/www.amuz.krakow.pl\/wp-content\/uploads\/2020\/11\/Klaudia-Syjud-231x300.jpg 231w, https:\/\/www.amuz.krakow.pl\/wp-content\/uploads\/2020\/11\/Klaudia-Syjud.jpg 378w\" sizes=\"auto, (max-width: 231px) 100vw, 231px\" \/><\/a><figcaption id=\"caption-attachment-44526\" class=\"wp-caption-text\">photo &#8211; private archive<\/figcaption><\/figure><\/p>\n<p style=\"text-align: justify;\">Klaudia Syjud graduated the Academy of Music in Krak\u00f3w (2016) in the piano class of prof. Andrzej Pikul and Gajusz K\u0119ska (2nd degree studies). She also studied rhythmics (1st degree studies) in the class of Magdalena St\u0119pie\u0144 (2014). In 2020 she received a PhD in art in the artistic discipline of instrumental studies.<\/p>\n<p style=\"text-align: justify;\">She is a winner of the school competition &#8220;I play with an orchestra&#8221; in the Academy of Music in Krak\u00f3w (2014). In the Czech Republic, she won 3rd place at the &#8220;Music Seasons&#8221; International Festival for Young Musicians in Prague (2015) in the solo category, and 3rd place in the duo category. She is a finalist of the &#8220;Art duo Music Festival&#8221; International Competition in Berlin (2015) in the solo and also in the duo category. She won 2nd place at the &#8220;Grand Prize Virtuoso&#8221; competition in London in the solo category &#8211; the prize was a performance at the Royal Albert Hall in London (2016). She won 3rd place in the International Rising Star Competition &#8211; Berlin 2016 in a duet category (with marimba). She got a distinction at the same competition in a duet with a cello. Together with her sister &#8211; Wioletta Str\u0105czek (flute) &#8211; won the first place in December 2017 at the Ludwig van Beethoven International Competition in Vienna.<br \/>\nShe has performed with many orchestras, such as: Chamber Orchestra of the Academy of Music in Krakow &#8211; solo part of the W.A. Mozart Piano Concerto in G major, KV 453, Krakow (2014); Border Guard Representative Orchestra from Nowy S\u0105cz &#8211; R. Addinsell &#8220;Warsaw Concert&#8221; at the Silesian Philharmonic (2016), at the National Philharmonic-Warsaw (2016), MCK Sok\u00f3\u0142 in Nowy S\u0105cz (2014); Wind Orchestra of the Academy of Music in Krakow; Sinfonia Carpathia; Concert Orchestra from Warsaw.<br \/>\nShe has recorded many CDs, incl. the concerts during the Organ Festival in Le\u017cajsk with the Representative Orchestra of the Border Guard (2013).<br \/>\nAs an accompanist, she received awards during competitions and auditions:<br \/>\n5th Festival in Kielce (2020, 2018); XI Confrontations of Wind Instruments in Nowy Targ (2020); 5th National Competition of Brass Instruments in Katowice (2019); XIII National Competition &#8220;JUPITER&#8221; in Krakow (2019); 3rd National Competition for Wind Instrument Classes in Wadowice (2019); 12th International Competition of Wind Instruments in Piotrk\u00f3w Trybunalski (2018); The International Wind Instrument Competition &#8211; Brno (2017); National Violin Competition in Cieszyn (2016); The National Clarinet Competition in Sosnowiec (2016); CEA Auditions for Wood and Brass Instruments 1st and 2nd degree (2016, 2017). As an accompanist, she has taken part in many prestigious international competitions, incl. the International ARD Competition in Munich or the 8th International Carl Maria von Weber Bassoon Competition in Wroc\u0142aw.<br \/>\nShe is an accompanist of the Summer Academy of Music in Krakow, the International Courses of Music Interpretation in Nowy S\u0105cz, the Ma\u0142opolska Academy of Talents, and the Study for Brass Bandmasters.<br \/>\nShe took part in the masterclasses training by outstanding pianists, such as: Paul Badura-Skoda, Dmitrij Bashkirov, Anna Malikova, Manfred Aust and Roberto Russo.<br \/>\nCurrently, she works at the Academy of Music in Krakow as an accompanist at the Instrumental Faculty, as well as at the Composition, Interpretation and Musical Education Faculty.<br \/>\nShe is a techater in primary and secondary schools.<\/p>\n<p><a href=\"mailto:klaudia.syjud@amuz.krakow.pl\">klaudia.syjud@amuz.krakow.pl<\/a><\/p>","protected":false},"excerpt":{"rendered":"<p>Klaudia Syjud graduated the Academy of Music in Krak\u00f3w (2016) in the piano class of prof. Andrzej Pikul and Gajusz K\u0119ska (2nd degree studies). She also studied rhythmics (1st degree&hellip; <a href=\"https:\/\/www.amuz.krakow.pl\/en\/wydzialy\/wydzial-ii-instrumentalny\/katedra-kameralistyki\/zespol-pianistow-akompaniatorow\/klaudia-straczek\/\">Continue reading<\/a><\/p>\n","protected":false},"author":72,"featured_media":0,"parent":250,"menu_order":10,"comment_status":"closed","ping_status":"closed","template":"","meta":{"footnotes":"","_links_to":"","_links_to_target":""},"class_list":["post-41923","page","type-page","status-publish","hentry"],"yoast_head":"<!-- This site is optimized with the Yoast SEO plugin v27.2 - https:\/\/yoast.com\/product\/yoast-seo-wordpress\/ -->\n<title>AMKP - Akademia Muzyczna im. Krzysztofa Pendereckiego w Krakowie<\/title>\n<meta name=\"robots\" content=\"index, follow, max-snippet:-1, max-image-preview:large, max-video-preview:-1\" \/>\n<link rel=\"canonical\" href=\"https:\/\/www.amuz.krakow.pl\/wydzialy\/wydzial-ii-instrumentalny\/katedra-kameralistyki\/zespol-pianistow-akompaniatorow\/klaudia-straczek\/\" \/>\n<meta property=\"og:locale\" content=\"en_US\" \/>\n<meta property=\"og:type\" content=\"article\" \/>\n<meta property=\"og:title\" content=\"AMKP - Akademia Muzyczna im. Krzysztofa Pendereckiego w Krakowie\" \/>\n<meta property=\"og:description\" content=\"Klaudia Syjud graduated the Academy of Music in Krak\u00f3w (2016) in the piano class of prof. Andrzej Pikul and Gajusz K\u0119ska (2nd degree studies). She also studied rhythmics (1st degree&hellip; Continue reading\" \/>\n<meta property=\"og:url\" content=\"https:\/\/www.amuz.krakow.pl\/wydzialy\/wydzial-ii-instrumentalny\/katedra-kameralistyki\/zespol-pianistow-akompaniatorow\/klaudia-straczek\/\" \/>\n<meta property=\"og:site_name\" content=\"Akademia Muzyczna im. Krzysztofa Pendereckiego w Krakowie\" \/>\n<meta property=\"article:publisher\" content=\"https:\/\/www.facebook.com\/amuz.krakow\" \/>\n<meta property=\"article:modified_time\" content=\"2023-10-12T09:29:00+00:00\" \/>\n<meta property=\"og:image\" content=\"https:\/\/www.amuz.krakow.pl\/wp-content\/uploads\/2020\/11\/Klaudia-Syjud-231x300.jpg\" \/>\n<meta name=\"twitter:card\" content=\"summary_large_image\" \/>\n<meta name=\"twitter:label1\" content=\"Est. reading time\" \/>\n\t<meta name=\"twitter:data1\" content=\"3 minutes\" \/>\n<script type=\"application\/ld+json\" class=\"yoast-schema-graph\">{\"@context\":\"https:\/\/schema.org\",\"@graph\":[{\"@type\":\"WebPage\",\"@id\":\"https:\/\/www.amuz.krakow.pl\/wydzialy\/wydzial-ii-instrumentalny\/katedra-kameralistyki\/zespol-pianistow-akompaniatorow\/klaudia-straczek\/\",\"url\":\"https:\/\/www.amuz.krakow.pl\/wydzialy\/wydzial-ii-instrumentalny\/katedra-kameralistyki\/zespol-pianistow-akompaniatorow\/klaudia-straczek\/\",\"name\":\"AMKP - Akademia Muzyczna im. Krzysztofa Pendereckiego w Krakowie\",\"isPartOf\":{\"@id\":\"https:\/\/www.amuz.krakow.pl\/#website\"},\"primaryImageOfPage\":{\"@id\":\"https:\/\/www.amuz.krakow.pl\/wydzialy\/wydzial-ii-instrumentalny\/katedra-kameralistyki\/zespol-pianistow-akompaniatorow\/klaudia-straczek\/#primaryimage\"},\"image\":{\"@id\":\"https:\/\/www.amuz.krakow.pl\/wydzialy\/wydzial-ii-instrumentalny\/katedra-kameralistyki\/zespol-pianistow-akompaniatorow\/klaudia-straczek\/#primaryimage\"},\"thumbnailUrl\":\"https:\/\/www.amuz.krakow.pl\/wp-content\/uploads\/2020\/11\/Klaudia-Syjud-231x300.jpg\",\"datePublished\":\"2020-10-04T19:00:38+00:00\",\"dateModified\":\"2023-10-12T09:29:00+00:00\",\"breadcrumb\":{\"@id\":\"https:\/\/www.amuz.krakow.pl\/wydzialy\/wydzial-ii-instrumentalny\/katedra-kameralistyki\/zespol-pianistow-akompaniatorow\/klaudia-straczek\/#breadcrumb\"},\"inLanguage\":\"en-US\",\"potentialAction\":[{\"@type\":\"ReadAction\",\"target\":[\"https:\/\/www.amuz.krakow.pl\/wydzialy\/wydzial-ii-instrumentalny\/katedra-kameralistyki\/zespol-pianistow-akompaniatorow\/klaudia-straczek\/\"]}]},{\"@type\":\"ImageObject\",\"inLanguage\":\"en-US\",\"@id\":\"https:\/\/www.amuz.krakow.pl\/wydzialy\/wydzial-ii-instrumentalny\/katedra-kameralistyki\/zespol-pianistow-akompaniatorow\/klaudia-straczek\/#primaryimage\",\"url\":\"https:\/\/www.amuz.krakow.pl\/wp-content\/uploads\/2020\/11\/Klaudia-Syjud-231x300.jpg\",\"contentUrl\":\"https:\/\/www.amuz.krakow.pl\/wp-content\/uploads\/2020\/11\/Klaudia-Syjud-231x300.jpg\"},{\"@type\":\"BreadcrumbList\",\"@id\":\"https:\/\/www.amuz.krakow.pl\/wydzialy\/wydzial-ii-instrumentalny\/katedra-kameralistyki\/zespol-pianistow-akompaniatorow\/klaudia-straczek\/#breadcrumb\",\"itemListElement\":[{\"@type\":\"ListItem\",\"position\":1,\"name\":\"Strona g\u0142\u00f3wna\",\"item\":\"https:\/\/www.amuz.krakow.pl\/\"},{\"@type\":\"ListItem\",\"position\":2,\"name\":\"WYDZIA\u0141Y\",\"item\":\"https:\/\/www.amuz.krakow.pl\/wydzialy\/\"},{\"@type\":\"ListItem\",\"position\":3,\"name\":\"Wydzia\u0142 Instrumentalny\",\"item\":\"https:\/\/www.amuz.krakow.pl\/wydzialy\/wydzial-ii-instrumentalny\/\"},{\"@type\":\"ListItem\",\"position\":4,\"name\":\"Katedra Kameralistyki\",\"item\":\"https:\/\/www.amuz.krakow.pl\/wydzialy\/wydzial-ii-instrumentalny\/katedra-kameralistyki\/\"},{\"@type\":\"ListItem\",\"position\":5,\"name\":\"Zesp\u00f3\u0142 Pianist\u00f3w Akompaniator\u00f3w\",\"item\":\"https:\/\/www.amuz.krakow.pl\/wydzialy\/wydzial-ii-instrumentalny\/katedra-kameralistyki\/zespol-pianistow-akompaniatorow\/\"},{\"@type\":\"ListItem\",\"position\":6,\"name\":\"dr Klaudia Str\u0105czek\"}]},{\"@type\":\"WebSite\",\"@id\":\"https:\/\/www.amuz.krakow.pl\/#website\",\"url\":\"https:\/\/www.amuz.krakow.pl\/\",\"name\":\"Akademia Muzyczna im. Krzysztofa Pendereckiego w Krakowie\",\"description\":\"Oficjalna strona Akademii Muzycznej im. Krzysztofa Pendereckiego w Krakowie (AMKP).\",\"publisher\":{\"@id\":\"https:\/\/www.amuz.krakow.pl\/#organization\"},\"alternateName\":\"AMKP\",\"potentialAction\":[{\"@type\":\"SearchAction\",\"target\":{\"@type\":\"EntryPoint\",\"urlTemplate\":\"https:\/\/www.amuz.krakow.pl\/?s={search_term_string}\"},\"query-input\":{\"@type\":\"PropertyValueSpecification\",\"valueRequired\":true,\"valueName\":\"search_term_string\"}}],\"inLanguage\":\"en-US\"},{\"@type\":\"Organization\",\"@id\":\"https:\/\/www.amuz.krakow.pl\/#organization\",\"name\":\"Akademia Muzyczna im. Krzysztofa Pendereckiego w Krakowie\",\"alternateName\":\"AMKP\",\"url\":\"https:\/\/www.amuz.krakow.pl\/\",\"logo\":{\"@type\":\"ImageObject\",\"inLanguage\":\"en-US\",\"@id\":\"https:\/\/www.amuz.krakow.pl\/#\/schema\/logo\/image\/\",\"url\":\"https:\/\/www.amuz.krakow.pl\/wp-content\/uploads\/2021\/11\/amkp.jpg\",\"contentUrl\":\"https:\/\/www.amuz.krakow.pl\/wp-content\/uploads\/2021\/11\/amkp.jpg\",\"width\":1193,\"height\":591,\"caption\":\"Akademia Muzyczna im. Krzysztofa Pendereckiego w Krakowie\"},\"image\":{\"@id\":\"https:\/\/www.amuz.krakow.pl\/#\/schema\/logo\/image\/\"},\"sameAs\":[\"https:\/\/www.facebook.com\/amuz.krakow\",\"https:\/\/www.instagram.com\/amkpenderecki\/\",\"https:\/\/www.youtube.com\/@amkpenderecki4806\"]}]}<\/script>\n<!-- \/ Yoast SEO plugin. -->","yoast_head_json":{"title":"AMKP - Akademia Muzyczna im. Krzysztofa Pendereckiego w Krakowie","robots":{"index":"index","follow":"follow","max-snippet":"max-snippet:-1","max-image-preview":"max-image-preview:large","max-video-preview":"max-video-preview:-1"},"canonical":"https:\/\/www.amuz.krakow.pl\/wydzialy\/wydzial-ii-instrumentalny\/katedra-kameralistyki\/zespol-pianistow-akompaniatorow\/klaudia-straczek\/","og_locale":"en_US","og_type":"article","og_title":"AMKP - Akademia Muzyczna im. Krzysztofa Pendereckiego w Krakowie","og_description":"Klaudia Syjud graduated the Academy of Music in Krak\u00f3w (2016) in the piano class of prof. Andrzej Pikul and Gajusz K\u0119ska (2nd degree studies). She also studied rhythmics (1st degree&hellip; Continue reading","og_url":"https:\/\/www.amuz.krakow.pl\/wydzialy\/wydzial-ii-instrumentalny\/katedra-kameralistyki\/zespol-pianistow-akompaniatorow\/klaudia-straczek\/","og_site_name":"Akademia Muzyczna im. Krzysztofa Pendereckiego w Krakowie","article_publisher":"https:\/\/www.facebook.com\/amuz.krakow","article_modified_time":"2023-10-12T09:29:00+00:00","og_image":[{"url":"https:\/\/www.amuz.krakow.pl\/wp-content\/uploads\/2020\/11\/Klaudia-Syjud-231x300.jpg","type":"","width":"","height":""}],"twitter_card":"summary_large_image","twitter_misc":{"Est. reading time":"3 minutes"},"schema":{"@context":"https:\/\/schema.org","@graph":[{"@type":"WebPage","@id":"https:\/\/www.amuz.krakow.pl\/wydzialy\/wydzial-ii-instrumentalny\/katedra-kameralistyki\/zespol-pianistow-akompaniatorow\/klaudia-straczek\/","url":"https:\/\/www.amuz.krakow.pl\/wydzialy\/wydzial-ii-instrumentalny\/katedra-kameralistyki\/zespol-pianistow-akompaniatorow\/klaudia-straczek\/","name":"AMKP - Akademia Muzyczna im. Krzysztofa Pendereckiego w Krakowie","isPartOf":{"@id":"https:\/\/www.amuz.krakow.pl\/#website"},"primaryImageOfPage":{"@id":"https:\/\/www.amuz.krakow.pl\/wydzialy\/wydzial-ii-instrumentalny\/katedra-kameralistyki\/zespol-pianistow-akompaniatorow\/klaudia-straczek\/#primaryimage"},"image":{"@id":"https:\/\/www.amuz.krakow.pl\/wydzialy\/wydzial-ii-instrumentalny\/katedra-kameralistyki\/zespol-pianistow-akompaniatorow\/klaudia-straczek\/#primaryimage"},"thumbnailUrl":"https:\/\/www.amuz.krakow.pl\/wp-content\/uploads\/2020\/11\/Klaudia-Syjud-231x300.jpg","datePublished":"2020-10-04T19:00:38+00:00","dateModified":"2023-10-12T09:29:00+00:00","breadcrumb":{"@id":"https:\/\/www.amuz.krakow.pl\/wydzialy\/wydzial-ii-instrumentalny\/katedra-kameralistyki\/zespol-pianistow-akompaniatorow\/klaudia-straczek\/#breadcrumb"},"inLanguage":"en-US","potentialAction":[{"@type":"ReadAction","target":["https:\/\/www.amuz.krakow.pl\/wydzialy\/wydzial-ii-instrumentalny\/katedra-kameralistyki\/zespol-pianistow-akompaniatorow\/klaudia-straczek\/"]}]},{"@type":"ImageObject","inLanguage":"en-US","@id":"https:\/\/www.amuz.krakow.pl\/wydzialy\/wydzial-ii-instrumentalny\/katedra-kameralistyki\/zespol-pianistow-akompaniatorow\/klaudia-straczek\/#primaryimage","url":"https:\/\/www.amuz.krakow.pl\/wp-content\/uploads\/2020\/11\/Klaudia-Syjud-231x300.jpg","contentUrl":"https:\/\/www.amuz.krakow.pl\/wp-content\/uploads\/2020\/11\/Klaudia-Syjud-231x300.jpg"},{"@type":"BreadcrumbList","@id":"https:\/\/www.amuz.krakow.pl\/wydzialy\/wydzial-ii-instrumentalny\/katedra-kameralistyki\/zespol-pianistow-akompaniatorow\/klaudia-straczek\/#breadcrumb","itemListElement":[{"@type":"ListItem","position":1,"name":"Strona g\u0142\u00f3wna","item":"https:\/\/www.amuz.krakow.pl\/"},{"@type":"ListItem","position":2,"name":"WYDZIA\u0141Y","item":"https:\/\/www.amuz.krakow.pl\/wydzialy\/"},{"@type":"ListItem","position":3,"name":"Wydzia\u0142 Instrumentalny","item":"https:\/\/www.amuz.krakow.pl\/wydzialy\/wydzial-ii-instrumentalny\/"},{"@type":"ListItem","position":4,"name":"Katedra Kameralistyki","item":"https:\/\/www.amuz.krakow.pl\/wydzialy\/wydzial-ii-instrumentalny\/katedra-kameralistyki\/"},{"@type":"ListItem","position":5,"name":"Zesp\u00f3\u0142 Pianist\u00f3w Akompaniator\u00f3w","item":"https:\/\/www.amuz.krakow.pl\/wydzialy\/wydzial-ii-instrumentalny\/katedra-kameralistyki\/zespol-pianistow-akompaniatorow\/"},{"@type":"ListItem","position":6,"name":"dr Klaudia Str\u0105czek"}]},{"@type":"WebSite","@id":"https:\/\/www.amuz.krakow.pl\/#website","url":"https:\/\/www.amuz.krakow.pl\/","name":"Akademia Muzyczna im. Krzysztofa Pendereckiego w Krakowie","description":"Oficjalna strona Akademii Muzycznej im. Krzysztofa Pendereckiego w Krakowie (AMKP).","publisher":{"@id":"https:\/\/www.amuz.krakow.pl\/#organization"},"alternateName":"AMKP","potentialAction":[{"@type":"SearchAction","target":{"@type":"EntryPoint","urlTemplate":"https:\/\/www.amuz.krakow.pl\/?s={search_term_string}"},"query-input":{"@type":"PropertyValueSpecification","valueRequired":true,"valueName":"search_term_string"}}],"inLanguage":"en-US"},{"@type":"Organization","@id":"https:\/\/www.amuz.krakow.pl\/#organization","name":"Akademia Muzyczna im. Krzysztofa Pendereckiego w Krakowie","alternateName":"AMKP","url":"https:\/\/www.amuz.krakow.pl\/","logo":{"@type":"ImageObject","inLanguage":"en-US","@id":"https:\/\/www.amuz.krakow.pl\/#\/schema\/logo\/image\/","url":"https:\/\/www.amuz.krakow.pl\/wp-content\/uploads\/2021\/11\/amkp.jpg","contentUrl":"https:\/\/www.amuz.krakow.pl\/wp-content\/uploads\/2021\/11\/amkp.jpg","width":1193,"height":591,"caption":"Akademia Muzyczna im. Krzysztofa Pendereckiego w Krakowie"},"image":{"@id":"https:\/\/www.amuz.krakow.pl\/#\/schema\/logo\/image\/"},"sameAs":["https:\/\/www.facebook.com\/amuz.krakow","https:\/\/www.instagram.com\/amkpenderecki\/","https:\/\/www.youtube.com\/@amkpenderecki4806"]}]}},"_links":{"self":[{"href":"https:\/\/www.amuz.krakow.pl\/en\/wp-json\/wp\/v2\/pages\/41923","targetHints":{"allow":["GET"]}}],"collection":[{"href":"https:\/\/www.amuz.krakow.pl\/en\/wp-json\/wp\/v2\/pages"}],"about":[{"href":"https:\/\/www.amuz.krakow.pl\/en\/wp-json\/wp\/v2\/types\/page"}],"author":[{"embeddable":true,"href":"https:\/\/www.amuz.krakow.pl\/en\/wp-json\/wp\/v2\/users\/72"}],"replies":[{"embeddable":true,"href":"https:\/\/www.amuz.krakow.pl\/en\/wp-json\/wp\/v2\/comments?post=41923"}],"version-history":[{"count":7,"href":"https:\/\/www.amuz.krakow.pl\/en\/wp-json\/wp\/v2\/pages\/41923\/revisions"}],"predecessor-version":[{"id":78773,"href":"https:\/\/www.amuz.krakow.pl\/en\/wp-json\/wp\/v2\/pages\/41923\/revisions\/78773"}],"up":[{"embeddable":true,"href":"https:\/\/www.amuz.krakow.pl\/en\/wp-json\/wp\/v2\/pages\/250"}],"wp:attachment":[{"href":"https:\/\/www.amuz.krakow.pl\/en\/wp-json\/wp\/v2\/media?parent=41923"}],"curies":[{"name":"wp","href":"https:\/\/api.w.org\/{rel}","templated":true}]}}