{"id":416,"date":"2015-12-04T14:31:43","date_gmt":"2015-12-04T13:31:43","guid":{"rendered":"http:\/\/strony.amuz.krakow.pl\/?page_id=416"},"modified":"2026-02-02T14:29:44","modified_gmt":"2026-02-02T13:29:44","slug":"1999-2011","status":"publish","type":"page","link":"https:\/\/www.amuz.krakow.pl\/en\/o-nas\/historia\/1999-2011\/","title":{"rendered":"1999 &#8211; 2004"},"content":{"rendered":"<p><\/p>\n<p style=\"text-align: justify;\"><b>1999 &#8211;\u00a02002<\/b><br \/>\nRector &#8211;\u00a0<b>Prof. Barbara \u015awi\u0105tek-\u017belazna<\/b>, eminent flautist<\/p>\n<p><b>2000<\/b><\/p>\n<p>\u2022 The opening and consecration of the building at 43 \u015aw. Tomasza street<br \/>\n\u2022 4th Ludwig van Beethoven Easter Festival &#8220;From Beethoven to Mahler. In the Sphere of Great Symphonic Music&#8221;<br \/>\n\u2022 2nd Summer Academy of Music<\/p>\n<p><b>2001<\/b><\/p>\n<p>\u2022 Conferment of a\u00a0doctorate honoris causa upon Prof. Dr hab. Mieczys\u0142aw Tomaszewski.<br \/>\n\u2022 5th Ludwig van Beethoven Easter Festival &#8220;Beethoven and 20th Century Music \u2013 the Age of the Apocalypse and Hope&#8221;.<br \/>\n\u2022 3rd Summer Academy of Music.<\/p>\n<p><b>2002 &#8211;\u00a02005<\/b><br \/>\nRector &#8211;\u00a0<b>Prof. Marek Stachowski<\/b>, eminent composer<\/p>\n<p><b><br \/>\n2002<\/b><\/p>\n<p>\u2022 Inauguration and consecration of the new organ manufactured by Karl Schuke Berliner Orgelbuwerkstatt GmbH.<br \/>\n\u2022 2nd International Flute Competition.<br \/>\n\u2022 International Beethoven Symposium &#8220;Beethoven &#8211;\u00a0Schubert &#8211;\u00a0Chopin. In search of the Expression of One\u2019s Own Existence&#8221; as part of the 6th Ludwig van Beethoven Easter Festival<br \/>\n\u2022 6th Bach Days Festival.<br \/>\n\u2022 4th Summer Academy of Music.<\/p>\n<p><b>2003<\/b><\/p>\n<p>\u2022 7th Bach Days Festival.<br \/>\n\u2022 International Symposium &#8220;Beethoven and the Musical Tradition of the Baroque Period&#8221; as part of the 7th Ludwig van Beethoven Easter Festival.<br \/>\n\u2022 1st International Percussion Festival &#8220;Sources and Inspirations&#8221;.<br \/>\n\u2022 5th Summer Academy of Music.<br \/>\n\u2022 3rd international Baroque Orchestra.<br \/>\n\u2022 9th Prof. Tadeusz \u017bmudzi\u0144ski Competition.<br \/>\n\u2022 International Session \u201cContemporary National Schools of Composition, Finland \u2013 Switzerland \u2013 Ukraine\u201d.<br \/>\n\u2022 7th International Bach Academy &#8211;\u00a0J.S. Bach <i>Mass in B-minor<\/i>.<br \/>\n\u2022 Conferment of a\u00a0honoris causa doctorate upon Prof. Helmuth Rilling.<br \/>\n\u2022 Academic session &#8220;Avant-garde and Traditional Thought in the Cello Works of Krzysztof Penderecki&#8221;.<br \/>\n\u2022 Academic session &#8220;Paul Sacher \u2013 Man and Thought&#8221;.<br \/>\n\u2022 International symposium &#8220;The Music of Krzysztof Penderecki in the Intertextual Era&#8221;.<\/p>\n<p><b>2004<\/b><\/p>\n<p>\u2022 Formation of a\u00a0new Faculty of Composition, Interpretation and Musical Education (combining of the Faculty of Composition, Conducting and Music Theory with the Faculty of Choir Conducting, Musical Education and Church Music).<br \/>\n\u2022 6th summer Academy of Music.<br \/>\n\u2022 Days of Portuguese Music organized by the Choir Department.<br \/>\n\u2022 Masterclasses led by Prof. Dr h.c. Krzysztof Penderecki.<br \/>\n\u2022 9th Bach Days Festival.<br \/>\n\u2022 T. \u017bmudzi\u0144ski Competition, organized by the Department of Piano.<br \/>\n\u2022 International symposium &#8220;Beethoven: Inspirations, Context, Resonance&#8221; as part of the<br \/>\n8th Ludwig van Beethoven Easter Festival.<br \/>\n\u2022 2nd International Percussion Festival &#8220;Sources and Inspirations&#8221;.<br \/>\n\u2022 Performance of Krzysztof Penderecki\u2019s Seven Gates of Jerusalem by the choir, soloists and symphony orchestra of the Academy of Music in Krak\u00f3w.<br \/>\n\u2022 The Polish State Accreditation Committee awarded with distinction the Faculty of Choir Conducting, Musical Education and Church Music, as the only faculty among all artistic schools in Poland.<\/p>","protected":false},"excerpt":{"rendered":"<p>1999 &#8211;\u00a02002 Rector &#8211;\u00a0Prof. Barbara \u015awi\u0105tek-\u017belazna, eminent flautist 2000 \u2022 The opening and consecration of the building at 43 \u015aw. Tomasza street \u2022 4th Ludwig van Beethoven Easter Festival &#8220;From&hellip; <a href=\"https:\/\/www.amuz.krakow.pl\/en\/o-nas\/historia\/1999-2011\/\">Continue reading<\/a><\/p>\n","protected":false},"author":72,"featured_media":795,"parent":211,"menu_order":4,"comment_status":"closed","ping_status":"closed","template":"","meta":{"footnotes":"","_links_to":"","_links_to_target":""},"class_list":["post-416","page","type-page","status-publish","has-post-thumbnail","hentry"],"yoast_head":"<!-- This site is optimized with the Yoast SEO plugin v27.4 - https:\/\/yoast.com\/product\/yoast-seo-wordpress\/ -->\n<title>AMKP - Akademia Muzyczna im. Krzysztofa Pendereckiego w Krakowie<\/title>\n<meta name=\"robots\" content=\"index, follow, max-snippet:-1, max-image-preview:large, max-video-preview:-1\" \/>\n<link rel=\"canonical\" href=\"https:\/\/www.amuz.krakow.pl\/o-nas\/historia\/1999-2011\/\" \/>\n<meta property=\"og:locale\" content=\"en_US\" \/>\n<meta property=\"og:type\" content=\"article\" \/>\n<meta property=\"og:title\" content=\"AMKP - Akademia Muzyczna im. Krzysztofa Pendereckiego w Krakowie\" \/>\n<meta property=\"og:description\" content=\"1999 &#8211;\u00a02002 Rector &#8211;\u00a0Prof. Barbara \u015awi\u0105tek-\u017belazna, eminent flautist 2000 \u2022 The opening and consecration of the building at 43 \u015aw. Tomasza street \u2022 4th Ludwig van Beethoven Easter Festival &#8220;From&hellip; Continue reading\" \/>\n<meta property=\"og:url\" content=\"https:\/\/www.amuz.krakow.pl\/o-nas\/historia\/1999-2011\/\" \/>\n<meta property=\"og:site_name\" content=\"Akademia Muzyczna im. Krzysztofa Pendereckiego w Krakowie\" \/>\n<meta property=\"article:publisher\" content=\"https:\/\/www.facebook.com\/amuz.krakow\" \/>\n<meta property=\"article:modified_time\" content=\"2026-02-02T13:29:44+00:00\" \/>\n<meta property=\"og:image\" content=\"https:\/\/www.amuz.krakow.pl\/wp-content\/uploads\/2015\/12\/Nowy-2.jpg\" \/>\n\t<meta property=\"og:image:width\" content=\"680\" \/>\n\t<meta property=\"og:image:height\" content=\"483\" \/>\n\t<meta property=\"og:image:type\" content=\"image\/jpeg\" \/>\n<meta name=\"twitter:card\" content=\"summary_large_image\" \/>\n<meta name=\"twitter:label1\" content=\"Est. reading time\" \/>\n\t<meta name=\"twitter:data1\" content=\"3 minutes\" \/>\n<script type=\"application\/ld+json\" class=\"yoast-schema-graph\">{\"@context\":\"https:\\\/\\\/schema.org\",\"@graph\":[{\"@type\":\"WebPage\",\"@id\":\"https:\\\/\\\/www.amuz.krakow.pl\\\/o-nas\\\/historia\\\/1999-2011\\\/\",\"url\":\"https:\\\/\\\/www.amuz.krakow.pl\\\/o-nas\\\/historia\\\/1999-2011\\\/\",\"name\":\"AMKP - Akademia Muzyczna im. Krzysztofa Pendereckiego w Krakowie\",\"isPartOf\":{\"@id\":\"https:\\\/\\\/www.amuz.krakow.pl\\\/#website\"},\"primaryImageOfPage\":{\"@id\":\"https:\\\/\\\/www.amuz.krakow.pl\\\/o-nas\\\/historia\\\/1999-2011\\\/#primaryimage\"},\"image\":{\"@id\":\"https:\\\/\\\/www.amuz.krakow.pl\\\/o-nas\\\/historia\\\/1999-2011\\\/#primaryimage\"},\"thumbnailUrl\":\"https:\\\/\\\/www.amuz.krakow.pl\\\/wp-content\\\/uploads\\\/2015\\\/12\\\/Nowy-2.jpg\",\"datePublished\":\"2015-12-04T13:31:43+00:00\",\"dateModified\":\"2026-02-02T13:29:44+00:00\",\"breadcrumb\":{\"@id\":\"https:\\\/\\\/www.amuz.krakow.pl\\\/o-nas\\\/historia\\\/1999-2011\\\/#breadcrumb\"},\"inLanguage\":\"en-US\",\"potentialAction\":[{\"@type\":\"ReadAction\",\"target\":[\"https:\\\/\\\/www.amuz.krakow.pl\\\/o-nas\\\/historia\\\/1999-2011\\\/\"]}]},{\"@type\":\"ImageObject\",\"inLanguage\":\"en-US\",\"@id\":\"https:\\\/\\\/www.amuz.krakow.pl\\\/o-nas\\\/historia\\\/1999-2011\\\/#primaryimage\",\"url\":\"https:\\\/\\\/www.amuz.krakow.pl\\\/wp-content\\\/uploads\\\/2015\\\/12\\\/Nowy-2.jpg\",\"contentUrl\":\"https:\\\/\\\/www.amuz.krakow.pl\\\/wp-content\\\/uploads\\\/2015\\\/12\\\/Nowy-2.jpg\",\"width\":680,\"height\":483},{\"@type\":\"BreadcrumbList\",\"@id\":\"https:\\\/\\\/www.amuz.krakow.pl\\\/o-nas\\\/historia\\\/1999-2011\\\/#breadcrumb\",\"itemListElement\":[{\"@type\":\"ListItem\",\"position\":1,\"name\":\"Strona g\u0142\u00f3wna\",\"item\":\"https:\\\/\\\/www.amuz.krakow.pl\\\/\"},{\"@type\":\"ListItem\",\"position\":2,\"name\":\"O&nbsp;nas\",\"item\":\"https:\\\/\\\/www.amuz.krakow.pl\\\/o-nas\\\/\"},{\"@type\":\"ListItem\",\"position\":3,\"name\":\"Historia\",\"item\":\"https:\\\/\\\/www.amuz.krakow.pl\\\/o-nas\\\/historia\\\/\"},{\"@type\":\"ListItem\",\"position\":4,\"name\":\"1999 &#8211; 2004\"}]},{\"@type\":\"WebSite\",\"@id\":\"https:\\\/\\\/www.amuz.krakow.pl\\\/#website\",\"url\":\"https:\\\/\\\/www.amuz.krakow.pl\\\/\",\"name\":\"Akademia Muzyczna im. Krzysztofa Pendereckiego w Krakowie\",\"description\":\"Oficjalna strona Akademii Muzycznej im. Krzysztofa Pendereckiego w Krakowie (AMKP).\",\"publisher\":{\"@id\":\"https:\\\/\\\/www.amuz.krakow.pl\\\/#organization\"},\"alternateName\":\"AMKP\",\"potentialAction\":[{\"@type\":\"SearchAction\",\"target\":{\"@type\":\"EntryPoint\",\"urlTemplate\":\"https:\\\/\\\/www.amuz.krakow.pl\\\/?s={search_term_string}\"},\"query-input\":{\"@type\":\"PropertyValueSpecification\",\"valueRequired\":true,\"valueName\":\"search_term_string\"}}],\"inLanguage\":\"en-US\"},{\"@type\":\"Organization\",\"@id\":\"https:\\\/\\\/www.amuz.krakow.pl\\\/#organization\",\"name\":\"Akademia Muzyczna im. Krzysztofa Pendereckiego w Krakowie\",\"alternateName\":\"AMKP\",\"url\":\"https:\\\/\\\/www.amuz.krakow.pl\\\/\",\"logo\":{\"@type\":\"ImageObject\",\"inLanguage\":\"en-US\",\"@id\":\"https:\\\/\\\/www.amuz.krakow.pl\\\/#\\\/schema\\\/logo\\\/image\\\/\",\"url\":\"https:\\\/\\\/www.amuz.krakow.pl\\\/wp-content\\\/uploads\\\/2021\\\/11\\\/amkp.jpg\",\"contentUrl\":\"https:\\\/\\\/www.amuz.krakow.pl\\\/wp-content\\\/uploads\\\/2021\\\/11\\\/amkp.jpg\",\"width\":1193,\"height\":591,\"caption\":\"Akademia Muzyczna im. Krzysztofa Pendereckiego w Krakowie\"},\"image\":{\"@id\":\"https:\\\/\\\/www.amuz.krakow.pl\\\/#\\\/schema\\\/logo\\\/image\\\/\"},\"sameAs\":[\"https:\\\/\\\/www.facebook.com\\\/amuz.krakow\",\"https:\\\/\\\/www.instagram.com\\\/amkpenderecki\\\/\",\"https:\\\/\\\/www.youtube.com\\\/@amkpenderecki4806\"]}]}<\/script>\n<!-- \/ Yoast SEO plugin. -->","yoast_head_json":{"title":"AMKP - Akademia Muzyczna im. Krzysztofa Pendereckiego w Krakowie","robots":{"index":"index","follow":"follow","max-snippet":"max-snippet:-1","max-image-preview":"max-image-preview:large","max-video-preview":"max-video-preview:-1"},"canonical":"https:\/\/www.amuz.krakow.pl\/o-nas\/historia\/1999-2011\/","og_locale":"en_US","og_type":"article","og_title":"AMKP - Akademia Muzyczna im. Krzysztofa Pendereckiego w Krakowie","og_description":"1999 &#8211;\u00a02002 Rector &#8211;\u00a0Prof. Barbara \u015awi\u0105tek-\u017belazna, eminent flautist 2000 \u2022 The opening and consecration of the building at 43 \u015aw. Tomasza street \u2022 4th Ludwig van Beethoven Easter Festival &#8220;From&hellip; Continue reading","og_url":"https:\/\/www.amuz.krakow.pl\/o-nas\/historia\/1999-2011\/","og_site_name":"Akademia Muzyczna im. Krzysztofa Pendereckiego w Krakowie","article_publisher":"https:\/\/www.facebook.com\/amuz.krakow","article_modified_time":"2026-02-02T13:29:44+00:00","og_image":[{"width":680,"height":483,"url":"https:\/\/www.amuz.krakow.pl\/wp-content\/uploads\/2015\/12\/Nowy-2.jpg","type":"image\/jpeg"}],"twitter_card":"summary_large_image","twitter_misc":{"Est. reading time":"3 minutes"},"schema":{"@context":"https:\/\/schema.org","@graph":[{"@type":"WebPage","@id":"https:\/\/www.amuz.krakow.pl\/o-nas\/historia\/1999-2011\/","url":"https:\/\/www.amuz.krakow.pl\/o-nas\/historia\/1999-2011\/","name":"AMKP - Akademia Muzyczna im. Krzysztofa Pendereckiego w Krakowie","isPartOf":{"@id":"https:\/\/www.amuz.krakow.pl\/#website"},"primaryImageOfPage":{"@id":"https:\/\/www.amuz.krakow.pl\/o-nas\/historia\/1999-2011\/#primaryimage"},"image":{"@id":"https:\/\/www.amuz.krakow.pl\/o-nas\/historia\/1999-2011\/#primaryimage"},"thumbnailUrl":"https:\/\/www.amuz.krakow.pl\/wp-content\/uploads\/2015\/12\/Nowy-2.jpg","datePublished":"2015-12-04T13:31:43+00:00","dateModified":"2026-02-02T13:29:44+00:00","breadcrumb":{"@id":"https:\/\/www.amuz.krakow.pl\/o-nas\/historia\/1999-2011\/#breadcrumb"},"inLanguage":"en-US","potentialAction":[{"@type":"ReadAction","target":["https:\/\/www.amuz.krakow.pl\/o-nas\/historia\/1999-2011\/"]}]},{"@type":"ImageObject","inLanguage":"en-US","@id":"https:\/\/www.amuz.krakow.pl\/o-nas\/historia\/1999-2011\/#primaryimage","url":"https:\/\/www.amuz.krakow.pl\/wp-content\/uploads\/2015\/12\/Nowy-2.jpg","contentUrl":"https:\/\/www.amuz.krakow.pl\/wp-content\/uploads\/2015\/12\/Nowy-2.jpg","width":680,"height":483},{"@type":"BreadcrumbList","@id":"https:\/\/www.amuz.krakow.pl\/o-nas\/historia\/1999-2011\/#breadcrumb","itemListElement":[{"@type":"ListItem","position":1,"name":"Strona g\u0142\u00f3wna","item":"https:\/\/www.amuz.krakow.pl\/"},{"@type":"ListItem","position":2,"name":"O&nbsp;nas","item":"https:\/\/www.amuz.krakow.pl\/o-nas\/"},{"@type":"ListItem","position":3,"name":"Historia","item":"https:\/\/www.amuz.krakow.pl\/o-nas\/historia\/"},{"@type":"ListItem","position":4,"name":"1999 &#8211; 2004"}]},{"@type":"WebSite","@id":"https:\/\/www.amuz.krakow.pl\/#website","url":"https:\/\/www.amuz.krakow.pl\/","name":"Akademia Muzyczna im. Krzysztofa Pendereckiego w Krakowie","description":"Oficjalna strona Akademii Muzycznej im. Krzysztofa Pendereckiego w Krakowie (AMKP).","publisher":{"@id":"https:\/\/www.amuz.krakow.pl\/#organization"},"alternateName":"AMKP","potentialAction":[{"@type":"SearchAction","target":{"@type":"EntryPoint","urlTemplate":"https:\/\/www.amuz.krakow.pl\/?s={search_term_string}"},"query-input":{"@type":"PropertyValueSpecification","valueRequired":true,"valueName":"search_term_string"}}],"inLanguage":"en-US"},{"@type":"Organization","@id":"https:\/\/www.amuz.krakow.pl\/#organization","name":"Akademia Muzyczna im. Krzysztofa Pendereckiego w Krakowie","alternateName":"AMKP","url":"https:\/\/www.amuz.krakow.pl\/","logo":{"@type":"ImageObject","inLanguage":"en-US","@id":"https:\/\/www.amuz.krakow.pl\/#\/schema\/logo\/image\/","url":"https:\/\/www.amuz.krakow.pl\/wp-content\/uploads\/2021\/11\/amkp.jpg","contentUrl":"https:\/\/www.amuz.krakow.pl\/wp-content\/uploads\/2021\/11\/amkp.jpg","width":1193,"height":591,"caption":"Akademia Muzyczna im. Krzysztofa Pendereckiego w Krakowie"},"image":{"@id":"https:\/\/www.amuz.krakow.pl\/#\/schema\/logo\/image\/"},"sameAs":["https:\/\/www.facebook.com\/amuz.krakow","https:\/\/www.instagram.com\/amkpenderecki\/","https:\/\/www.youtube.com\/@amkpenderecki4806"]}]}},"_links":{"self":[{"href":"https:\/\/www.amuz.krakow.pl\/en\/wp-json\/wp\/v2\/pages\/416","targetHints":{"allow":["GET"]}}],"collection":[{"href":"https:\/\/www.amuz.krakow.pl\/en\/wp-json\/wp\/v2\/pages"}],"about":[{"href":"https:\/\/www.amuz.krakow.pl\/en\/wp-json\/wp\/v2\/types\/page"}],"author":[{"embeddable":true,"href":"https:\/\/www.amuz.krakow.pl\/en\/wp-json\/wp\/v2\/users\/72"}],"replies":[{"embeddable":true,"href":"https:\/\/www.amuz.krakow.pl\/en\/wp-json\/wp\/v2\/comments?post=416"}],"version-history":[{"count":3,"href":"https:\/\/www.amuz.krakow.pl\/en\/wp-json\/wp\/v2\/pages\/416\/revisions"}],"predecessor-version":[{"id":114367,"href":"https:\/\/www.amuz.krakow.pl\/en\/wp-json\/wp\/v2\/pages\/416\/revisions\/114367"}],"up":[{"embeddable":true,"href":"https:\/\/www.amuz.krakow.pl\/en\/wp-json\/wp\/v2\/pages\/211"}],"wp:featuredmedia":[{"embeddable":true,"href":"https:\/\/www.amuz.krakow.pl\/en\/wp-json\/wp\/v2\/media\/795"}],"wp:attachment":[{"href":"https:\/\/www.amuz.krakow.pl\/en\/wp-json\/wp\/v2\/media?parent=416"}],"curies":[{"name":"wp","href":"https:\/\/api.w.org\/{rel}","templated":true}]}}