{"id":413,"date":"2015-12-04T14:29:34","date_gmt":"2015-12-04T13:29:34","guid":{"rendered":"http:\/\/strony.amuz.krakow.pl\/?page_id=413"},"modified":"2026-02-02T14:29:28","modified_gmt":"2026-02-02T13:29:28","slug":"1979-1999","status":"publish","type":"page","link":"https:\/\/www.amuz.krakow.pl\/en\/o-nas\/historia\/1979-1999\/","title":{"rendered":"1979 &#8211; 1999"},"content":{"rendered":"<p><\/p>\n<p style=\"text-align: justify;\"><b>1979<\/b><\/p>\n<p style=\"text-align: justify;\"><b>September 28<\/b><br \/>\nThe State Higher School of Music becomes the Academy of Music.<\/p>\n<p><b>1984<\/b><br \/>\nBeginning of the cooperation with the Stendal Foundation (Switzerland) and with the International Summer School in Burgthann\/N\u00fcrnberg.<\/p>\n<p><b>1985<\/b><br \/>\nOrganization of the Wanda Landowska National Harpsichord Competition.<\/p>\n<p><b>1986<\/b><br \/>\nBeginning of cooperation with the International Bach Academy from Stuttgart, led by Prof. Dr h.c. Helmuth Rilling (J.S. Bach St. Matthew Passion)<\/p>\n<p><b>1987 &#8211;\u00a01993<\/b><br \/>\nRector &#8211;<b> Prof. Krystyna Moszuma\u0144ska-Nazar<\/b>, eminent composer<\/p>\n<p><b>1988<\/b><br \/>\nA centennial anniversary of the Academy of Music in Krak\u00f3w.<\/p>\n<p><b>1990<\/b><br \/>\n2nd International Bach Academy \u2013 cooperation and participation in annual concerts featuring distinguished students of Music Academies in Poland (J.S. Bach<i>Weihnachtsoratorium<\/i>).<\/p>\n<p><b>1991<\/b><\/p>\n<p>\u2022 Formation of the Department of Contemporary Music Interpretation.<br \/>\n\u2022 Initiation of annual Early Music Performance Practice Courses led by Dutch musicians specializing in the music of 17th and 18th centuries from the Amsterdam Conservatory.<\/p>\n<p><b>1992<\/b><\/p>\n<p>\u2022 3rd International Bach Academy as part of the European Month of Culture in Krak\u00f3w\u00a0(J.S. Bach <i>Mass in B-minor<\/i>).<br \/>\n\u2022 Organization of an interdepartmental competition \u201cW.A. Mozart <i>Piano Trios and\u00a0Quartets<\/i>\u201d commemorating the bicentennial anniversary of the composer\u2019s death.<\/p>\n<p><b>1993<\/b><\/p>\n<p>\u2022 4th International Bach Academy (J.S. Bach <i>St. John\u2019s Passion<\/i>).<br \/>\n\u2022 The Ma opolska Voivodship authorities hand over the building at 43 \u015aw. Tomasza street to the Academy of Music.<\/p>\n<p><b>1993 &#8211;\u00a01999<\/b><br \/>\nRector &#8211;<b> Prof. Marek Stachowski<\/b>, eminent composer<\/p>\n<p><b>1994<\/b><br \/>\nFor the first time in its history, the Academy of Music in Krak\u00f3w conferred a\u00a0honoris causa doctorate upon Prof. Krzysztof Penderecki.<\/p>\n<p><b>1995<\/b><\/p>\n<p>\u2022 5th International Bach Academy (A. Dvo\u0159ak <i>Stabat Mater<\/i>).<br \/>\n\u2022 Foundation of the award EXCELLENCE IN TEACHING by Prof. Ray E. and Ruth\u00a0A. Robinson from the USA.<\/p>\n<p><b>1997<\/b><\/p>\n<p>\u2022 Conferment of a\u00a0honoris causa doctorate upon Paul Sacher.<br \/>\n\u2022 Cooperation with El\u017cbieta and Krzysztof Penderecki in creating the concept and in the realization of Ludwig van Beethoven Easter Festival in Krak\u00f3w. (Program committee: Prof. Dr hab. M. Tomaszewski, Dr T. Malecka).<br \/>\n\u2022 Organization of the 1st International Beethoven Symposium \u2013 as part of the 1st Ludwig van Beethoven Easter Festival. Academic supervision: Prof. Dr hab. M. Tomaszewski.<\/p>\n<p><b>1998<\/b><\/p>\n<p>\u2022 6th International Bach Academy (K. Penderecki <i>Credo<\/i>).<br \/>\n\u2022 Entering the European program Sokrates\/Erasmus \u2013 signing of the first bilateral contracts with European schools.<br \/>\n\u2022 Program cooperation in the organization of the 2nd Ludwig van Beethoven Easter Festival &#8220;Beethoven and his Predecessors&#8221;.<br \/>\n\u2022 Cooperation with El\u017cbieta Penderecka in designing and organization of Krzysztof Penderecki Festival (Program committee: Prof. Dr hab. M. Tomaszewski, Dr T. Malecka).<br \/>\n\u2022 Organization of an international symposium &#8220;The Music of Krzysztof Pendercki in the Context of 20th century Theatre&#8221;.<br \/>\n\u2022 European premiere performance of Krzysztof Penderecki\u2019s Credo during the Krzysztof Penderecki Festival in Krak\u00f3w on October 5, 1998 prepared by the Orchestra and Choir of the International Bach Academy and of the Academy of Music in Krak\u00f3w under the baton of Prof. Dr h. c. Helmuth Rilling.<br \/>\n\u2022 Transfer of the Main Library of the Academy of Music in Krak\u00f3w from Starowi\u015blna street to 43 \u015aw. Tomasza street.<\/p>\n<p><b><br \/>\n1999<\/b><\/p>\n<p>\u2022 1st International Flute Competition (artistic director Prof. Barbara \u015awi\u0105tek\u2013\u017belazna).<br \/>\n\u2022 1st Summer Academy of Music (artistic director Prof. Andrzej Pikul).<br \/>\n\u2022 3rd Ludwig van Beethoven Easter Festival &#8220;Beethoven and the Romanticists&#8221;.<\/p>","protected":false},"excerpt":{"rendered":"<p>1979 September 28 The State Higher School of Music becomes the Academy of Music. 1984 Beginning of the cooperation with the Stendal Foundation (Switzerland) and with the International Summer School&hellip; <a href=\"https:\/\/www.amuz.krakow.pl\/en\/o-nas\/historia\/1979-1999\/\">Continue reading<\/a><\/p>\n","protected":false},"author":72,"featured_media":795,"parent":211,"menu_order":3,"comment_status":"closed","ping_status":"closed","template":"","meta":{"footnotes":"","_links_to":"","_links_to_target":""},"class_list":["post-413","page","type-page","status-publish","has-post-thumbnail","hentry"],"yoast_head":"<!-- This site is optimized with the Yoast SEO plugin v27.4 - https:\/\/yoast.com\/product\/yoast-seo-wordpress\/ -->\n<title>AMKP - Akademia Muzyczna im. Krzysztofa Pendereckiego w Krakowie<\/title>\n<meta name=\"robots\" content=\"index, follow, max-snippet:-1, max-image-preview:large, max-video-preview:-1\" \/>\n<link rel=\"canonical\" href=\"https:\/\/www.amuz.krakow.pl\/o-nas\/historia\/1979-1999\/\" \/>\n<meta property=\"og:locale\" content=\"en_US\" \/>\n<meta property=\"og:type\" content=\"article\" \/>\n<meta property=\"og:title\" content=\"AMKP - Akademia Muzyczna im. Krzysztofa Pendereckiego w Krakowie\" \/>\n<meta property=\"og:description\" content=\"1979 September 28 The State Higher School of Music becomes the Academy of Music. 1984 Beginning of the cooperation with the Stendal Foundation (Switzerland) and with the International Summer School&hellip; Continue reading\" \/>\n<meta property=\"og:url\" content=\"https:\/\/www.amuz.krakow.pl\/o-nas\/historia\/1979-1999\/\" \/>\n<meta property=\"og:site_name\" content=\"Akademia Muzyczna im. Krzysztofa Pendereckiego w Krakowie\" \/>\n<meta property=\"article:publisher\" content=\"https:\/\/www.facebook.com\/amuz.krakow\" \/>\n<meta property=\"article:modified_time\" content=\"2026-02-02T13:29:28+00:00\" \/>\n<meta property=\"og:image\" content=\"https:\/\/www.amuz.krakow.pl\/wp-content\/uploads\/2015\/12\/Nowy-2.jpg\" \/>\n\t<meta property=\"og:image:width\" content=\"680\" \/>\n\t<meta property=\"og:image:height\" content=\"483\" \/>\n\t<meta property=\"og:image:type\" content=\"image\/jpeg\" \/>\n<meta name=\"twitter:card\" content=\"summary_large_image\" \/>\n<meta name=\"twitter:label1\" content=\"Est. reading time\" \/>\n\t<meta name=\"twitter:data1\" content=\"3 minutes\" \/>\n<script type=\"application\/ld+json\" class=\"yoast-schema-graph\">{\"@context\":\"https:\\\/\\\/schema.org\",\"@graph\":[{\"@type\":\"WebPage\",\"@id\":\"https:\\\/\\\/www.amuz.krakow.pl\\\/o-nas\\\/historia\\\/1979-1999\\\/\",\"url\":\"https:\\\/\\\/www.amuz.krakow.pl\\\/o-nas\\\/historia\\\/1979-1999\\\/\",\"name\":\"AMKP - Akademia Muzyczna im. Krzysztofa Pendereckiego w Krakowie\",\"isPartOf\":{\"@id\":\"https:\\\/\\\/www.amuz.krakow.pl\\\/#website\"},\"primaryImageOfPage\":{\"@id\":\"https:\\\/\\\/www.amuz.krakow.pl\\\/o-nas\\\/historia\\\/1979-1999\\\/#primaryimage\"},\"image\":{\"@id\":\"https:\\\/\\\/www.amuz.krakow.pl\\\/o-nas\\\/historia\\\/1979-1999\\\/#primaryimage\"},\"thumbnailUrl\":\"https:\\\/\\\/www.amuz.krakow.pl\\\/wp-content\\\/uploads\\\/2015\\\/12\\\/Nowy-2.jpg\",\"datePublished\":\"2015-12-04T13:29:34+00:00\",\"dateModified\":\"2026-02-02T13:29:28+00:00\",\"breadcrumb\":{\"@id\":\"https:\\\/\\\/www.amuz.krakow.pl\\\/o-nas\\\/historia\\\/1979-1999\\\/#breadcrumb\"},\"inLanguage\":\"en-US\",\"potentialAction\":[{\"@type\":\"ReadAction\",\"target\":[\"https:\\\/\\\/www.amuz.krakow.pl\\\/o-nas\\\/historia\\\/1979-1999\\\/\"]}]},{\"@type\":\"ImageObject\",\"inLanguage\":\"en-US\",\"@id\":\"https:\\\/\\\/www.amuz.krakow.pl\\\/o-nas\\\/historia\\\/1979-1999\\\/#primaryimage\",\"url\":\"https:\\\/\\\/www.amuz.krakow.pl\\\/wp-content\\\/uploads\\\/2015\\\/12\\\/Nowy-2.jpg\",\"contentUrl\":\"https:\\\/\\\/www.amuz.krakow.pl\\\/wp-content\\\/uploads\\\/2015\\\/12\\\/Nowy-2.jpg\",\"width\":680,\"height\":483},{\"@type\":\"BreadcrumbList\",\"@id\":\"https:\\\/\\\/www.amuz.krakow.pl\\\/o-nas\\\/historia\\\/1979-1999\\\/#breadcrumb\",\"itemListElement\":[{\"@type\":\"ListItem\",\"position\":1,\"name\":\"Strona g\u0142\u00f3wna\",\"item\":\"https:\\\/\\\/www.amuz.krakow.pl\\\/\"},{\"@type\":\"ListItem\",\"position\":2,\"name\":\"O&nbsp;nas\",\"item\":\"https:\\\/\\\/www.amuz.krakow.pl\\\/o-nas\\\/\"},{\"@type\":\"ListItem\",\"position\":3,\"name\":\"Historia\",\"item\":\"https:\\\/\\\/www.amuz.krakow.pl\\\/o-nas\\\/historia\\\/\"},{\"@type\":\"ListItem\",\"position\":4,\"name\":\"1979 &#8211; 1999\"}]},{\"@type\":\"WebSite\",\"@id\":\"https:\\\/\\\/www.amuz.krakow.pl\\\/#website\",\"url\":\"https:\\\/\\\/www.amuz.krakow.pl\\\/\",\"name\":\"Akademia Muzyczna im. Krzysztofa Pendereckiego w Krakowie\",\"description\":\"Oficjalna strona Akademii Muzycznej im. Krzysztofa Pendereckiego w Krakowie (AMKP).\",\"publisher\":{\"@id\":\"https:\\\/\\\/www.amuz.krakow.pl\\\/#organization\"},\"alternateName\":\"AMKP\",\"potentialAction\":[{\"@type\":\"SearchAction\",\"target\":{\"@type\":\"EntryPoint\",\"urlTemplate\":\"https:\\\/\\\/www.amuz.krakow.pl\\\/?s={search_term_string}\"},\"query-input\":{\"@type\":\"PropertyValueSpecification\",\"valueRequired\":true,\"valueName\":\"search_term_string\"}}],\"inLanguage\":\"en-US\"},{\"@type\":\"Organization\",\"@id\":\"https:\\\/\\\/www.amuz.krakow.pl\\\/#organization\",\"name\":\"Akademia Muzyczna im. Krzysztofa Pendereckiego w Krakowie\",\"alternateName\":\"AMKP\",\"url\":\"https:\\\/\\\/www.amuz.krakow.pl\\\/\",\"logo\":{\"@type\":\"ImageObject\",\"inLanguage\":\"en-US\",\"@id\":\"https:\\\/\\\/www.amuz.krakow.pl\\\/#\\\/schema\\\/logo\\\/image\\\/\",\"url\":\"https:\\\/\\\/www.amuz.krakow.pl\\\/wp-content\\\/uploads\\\/2021\\\/11\\\/amkp.jpg\",\"contentUrl\":\"https:\\\/\\\/www.amuz.krakow.pl\\\/wp-content\\\/uploads\\\/2021\\\/11\\\/amkp.jpg\",\"width\":1193,\"height\":591,\"caption\":\"Akademia Muzyczna im. Krzysztofa Pendereckiego w Krakowie\"},\"image\":{\"@id\":\"https:\\\/\\\/www.amuz.krakow.pl\\\/#\\\/schema\\\/logo\\\/image\\\/\"},\"sameAs\":[\"https:\\\/\\\/www.facebook.com\\\/amuz.krakow\",\"https:\\\/\\\/www.instagram.com\\\/amkpenderecki\\\/\",\"https:\\\/\\\/www.youtube.com\\\/@amkpenderecki4806\"]}]}<\/script>\n<!-- \/ Yoast SEO plugin. -->","yoast_head_json":{"title":"AMKP - Akademia Muzyczna im. Krzysztofa Pendereckiego w Krakowie","robots":{"index":"index","follow":"follow","max-snippet":"max-snippet:-1","max-image-preview":"max-image-preview:large","max-video-preview":"max-video-preview:-1"},"canonical":"https:\/\/www.amuz.krakow.pl\/o-nas\/historia\/1979-1999\/","og_locale":"en_US","og_type":"article","og_title":"AMKP - Akademia Muzyczna im. Krzysztofa Pendereckiego w Krakowie","og_description":"1979 September 28 The State Higher School of Music becomes the Academy of Music. 1984 Beginning of the cooperation with the Stendal Foundation (Switzerland) and with the International Summer School&hellip; Continue reading","og_url":"https:\/\/www.amuz.krakow.pl\/o-nas\/historia\/1979-1999\/","og_site_name":"Akademia Muzyczna im. Krzysztofa Pendereckiego w Krakowie","article_publisher":"https:\/\/www.facebook.com\/amuz.krakow","article_modified_time":"2026-02-02T13:29:28+00:00","og_image":[{"width":680,"height":483,"url":"https:\/\/www.amuz.krakow.pl\/wp-content\/uploads\/2015\/12\/Nowy-2.jpg","type":"image\/jpeg"}],"twitter_card":"summary_large_image","twitter_misc":{"Est. reading time":"3 minutes"},"schema":{"@context":"https:\/\/schema.org","@graph":[{"@type":"WebPage","@id":"https:\/\/www.amuz.krakow.pl\/o-nas\/historia\/1979-1999\/","url":"https:\/\/www.amuz.krakow.pl\/o-nas\/historia\/1979-1999\/","name":"AMKP - Akademia Muzyczna im. Krzysztofa Pendereckiego w Krakowie","isPartOf":{"@id":"https:\/\/www.amuz.krakow.pl\/#website"},"primaryImageOfPage":{"@id":"https:\/\/www.amuz.krakow.pl\/o-nas\/historia\/1979-1999\/#primaryimage"},"image":{"@id":"https:\/\/www.amuz.krakow.pl\/o-nas\/historia\/1979-1999\/#primaryimage"},"thumbnailUrl":"https:\/\/www.amuz.krakow.pl\/wp-content\/uploads\/2015\/12\/Nowy-2.jpg","datePublished":"2015-12-04T13:29:34+00:00","dateModified":"2026-02-02T13:29:28+00:00","breadcrumb":{"@id":"https:\/\/www.amuz.krakow.pl\/o-nas\/historia\/1979-1999\/#breadcrumb"},"inLanguage":"en-US","potentialAction":[{"@type":"ReadAction","target":["https:\/\/www.amuz.krakow.pl\/o-nas\/historia\/1979-1999\/"]}]},{"@type":"ImageObject","inLanguage":"en-US","@id":"https:\/\/www.amuz.krakow.pl\/o-nas\/historia\/1979-1999\/#primaryimage","url":"https:\/\/www.amuz.krakow.pl\/wp-content\/uploads\/2015\/12\/Nowy-2.jpg","contentUrl":"https:\/\/www.amuz.krakow.pl\/wp-content\/uploads\/2015\/12\/Nowy-2.jpg","width":680,"height":483},{"@type":"BreadcrumbList","@id":"https:\/\/www.amuz.krakow.pl\/o-nas\/historia\/1979-1999\/#breadcrumb","itemListElement":[{"@type":"ListItem","position":1,"name":"Strona g\u0142\u00f3wna","item":"https:\/\/www.amuz.krakow.pl\/"},{"@type":"ListItem","position":2,"name":"O&nbsp;nas","item":"https:\/\/www.amuz.krakow.pl\/o-nas\/"},{"@type":"ListItem","position":3,"name":"Historia","item":"https:\/\/www.amuz.krakow.pl\/o-nas\/historia\/"},{"@type":"ListItem","position":4,"name":"1979 &#8211; 1999"}]},{"@type":"WebSite","@id":"https:\/\/www.amuz.krakow.pl\/#website","url":"https:\/\/www.amuz.krakow.pl\/","name":"Akademia Muzyczna im. Krzysztofa Pendereckiego w Krakowie","description":"Oficjalna strona Akademii Muzycznej im. Krzysztofa Pendereckiego w Krakowie (AMKP).","publisher":{"@id":"https:\/\/www.amuz.krakow.pl\/#organization"},"alternateName":"AMKP","potentialAction":[{"@type":"SearchAction","target":{"@type":"EntryPoint","urlTemplate":"https:\/\/www.amuz.krakow.pl\/?s={search_term_string}"},"query-input":{"@type":"PropertyValueSpecification","valueRequired":true,"valueName":"search_term_string"}}],"inLanguage":"en-US"},{"@type":"Organization","@id":"https:\/\/www.amuz.krakow.pl\/#organization","name":"Akademia Muzyczna im. Krzysztofa Pendereckiego w Krakowie","alternateName":"AMKP","url":"https:\/\/www.amuz.krakow.pl\/","logo":{"@type":"ImageObject","inLanguage":"en-US","@id":"https:\/\/www.amuz.krakow.pl\/#\/schema\/logo\/image\/","url":"https:\/\/www.amuz.krakow.pl\/wp-content\/uploads\/2021\/11\/amkp.jpg","contentUrl":"https:\/\/www.amuz.krakow.pl\/wp-content\/uploads\/2021\/11\/amkp.jpg","width":1193,"height":591,"caption":"Akademia Muzyczna im. Krzysztofa Pendereckiego w Krakowie"},"image":{"@id":"https:\/\/www.amuz.krakow.pl\/#\/schema\/logo\/image\/"},"sameAs":["https:\/\/www.facebook.com\/amuz.krakow","https:\/\/www.instagram.com\/amkpenderecki\/","https:\/\/www.youtube.com\/@amkpenderecki4806"]}]}},"_links":{"self":[{"href":"https:\/\/www.amuz.krakow.pl\/en\/wp-json\/wp\/v2\/pages\/413","targetHints":{"allow":["GET"]}}],"collection":[{"href":"https:\/\/www.amuz.krakow.pl\/en\/wp-json\/wp\/v2\/pages"}],"about":[{"href":"https:\/\/www.amuz.krakow.pl\/en\/wp-json\/wp\/v2\/types\/page"}],"author":[{"embeddable":true,"href":"https:\/\/www.amuz.krakow.pl\/en\/wp-json\/wp\/v2\/users\/72"}],"replies":[{"embeddable":true,"href":"https:\/\/www.amuz.krakow.pl\/en\/wp-json\/wp\/v2\/comments?post=413"}],"version-history":[{"count":3,"href":"https:\/\/www.amuz.krakow.pl\/en\/wp-json\/wp\/v2\/pages\/413\/revisions"}],"predecessor-version":[{"id":114366,"href":"https:\/\/www.amuz.krakow.pl\/en\/wp-json\/wp\/v2\/pages\/413\/revisions\/114366"}],"up":[{"embeddable":true,"href":"https:\/\/www.amuz.krakow.pl\/en\/wp-json\/wp\/v2\/pages\/211"}],"wp:featuredmedia":[{"embeddable":true,"href":"https:\/\/www.amuz.krakow.pl\/en\/wp-json\/wp\/v2\/media\/795"}],"wp:attachment":[{"href":"https:\/\/www.amuz.krakow.pl\/en\/wp-json\/wp\/v2\/media?parent=413"}],"curies":[{"name":"wp","href":"https:\/\/api.w.org\/{rel}","templated":true}]}}