{"id":40582,"date":"2020-09-02T22:47:25","date_gmt":"2020-09-02T20:47:25","guid":{"rendered":"https:\/\/www.amuz.krakow.pl\/?page_id=40582"},"modified":"2025-02-03T12:28:53","modified_gmt":"2025-02-03T11:28:53","slug":"dr-hab-wieslaw-surulo","status":"publish","type":"page","link":"https:\/\/www.amuz.krakow.pl\/en\/wladze\/wydzial-instrumentalny\/dr-hab-wieslaw-surulo\/","title":{"rendered":"prof. dr hab. Wies\u0142aw Suru\u0142o"},"content":{"rendered":"<p><\/p>\n<p style=\"text-align: center;\"><strong><span style=\"font-size: 12pt;\">Vice-Dean <b>of the Instrumental Faculty<\/b><\/span><br \/>\n<\/strong><span style=\"font-size: 12pt;\">prof. dr hab. Wies\u0142aw Suru\u0142o<\/span><\/p>\n<figure id=\"attachment_41510\" aria-describedby=\"caption-attachment-41510\" style=\"width: 400px\" class=\"wp-caption aligncenter\"><a href=\"https:\/\/www.amuz.krakow.pl\/wladze\/wydzial-instrumentalny\/dr-hab-wieslaw-surulo\/wieslaw-surulo-fot-piotr-markowski\/\" target=\"_blank\" rel=\"attachment noopener wp-att-41510\"><img loading=\"lazy\" decoding=\"async\" class=\"wp-image-41510\" src=\"https:\/\/www.amuz.krakow.pl\/wp-content\/uploads\/2020\/09\/Wieslaw-Surulo-fot.-Piotr-Markowski-1365x2048.jpg\" alt=\"\" width=\"400\" height=\"600\" srcset=\"https:\/\/www.amuz.krakow.pl\/wp-content\/uploads\/2020\/09\/Wieslaw-Surulo-fot.-Piotr-Markowski-scaled.jpg 1365w, https:\/\/www.amuz.krakow.pl\/wp-content\/uploads\/2020\/09\/Wieslaw-Surulo-fot.-Piotr-Markowski-200x300.jpg 200w, https:\/\/www.amuz.krakow.pl\/wp-content\/uploads\/2020\/09\/Wieslaw-Surulo-fot.-Piotr-Markowski-768x1152.jpg 768w, https:\/\/www.amuz.krakow.pl\/wp-content\/uploads\/2020\/09\/Wieslaw-Surulo-fot.-Piotr-Markowski-1024x1536.jpg 1024w\" sizes=\"auto, (max-width: 400px) 100vw, 400px\" \/><\/a><figcaption id=\"caption-attachment-41510\" class=\"wp-caption-text\">photo by Piotr Markowski<\/figcaption><\/figure>\n<p style=\"text-align: center;\"><a href=\"mailto:wieslaw.surulo@amuz.krakow.pl\">wieslaw.surulo@amuz.krakow.pl<\/a><\/p>\n<hr \/>\n<p style=\"text-align: justify;\">In 1995 he graduated from the Academy of Music in Krakow &#8211; class of Professor Kazimierz Moszy\u0144ski. He improved his skills under the guidance of Prof. Meinhart Niedermayr at the Vienna Conservatory. Participant of the master classes conducted by Meinhart Niedermayr and\u00a0 Peter-Lukas Graf, of the BachAkademie Stuttgart orchestral courses under the direction of Helmuth Rilling and of the International Orchesterkurs Attergau conducted by Sir Jehudi Menuhin. Laureate of the second prize at the 3<sup>rd<\/sup> National Flute Competition in 1995 (Krakow), of\u00a0distinctions at the 4<sup>th<\/sup> National InterUniversity Chamber Music Competition in 1996 (Bydgoszcz) in the wind quintet category, and participant of the 2<sup>nd<\/sup> edition of the Aleksander Tansman International Festival and Competition of Musical Personalities in 1998 (\u0141\u00f3d\u017a).<\/p>\n<p style=\"text-align: justify;\">He collaborates with the Polskie Wydawnictwo Muzyczne (PWM), for which he recorded a selection of works for the flute by Polish composers. He made recordings for the Polish Radio and Polish Television. He is active as a concert soloist and chamber musician. He works full-time as teacher of music, conducting numerous courses and methodological workshops. He sits on the jury of many competitions, including those under the patronage of the Centre for Artistic Education. He took part in the following festivals: the International Festival of Chamber Music in Zakopane, the Baroque Festival in Spisz, Przemyska Jesie\u0144 Muzyczna [Musical Autumn in Przemy\u015bl], and the International Festival of Organ Music in the Pelplin Cathedral.<br \/>\nSince 1994, he has been working as a soloist in the Krakow Opera, and since 2007 &#8211; as a lecturer at the Academy of Music in Krakow. \u00a0As a Haynes Ambassador Clinician, Wieslaw plays a 5% gold Custom Wm.S. Haynes Flute.<\/p>\n<p><\/p>","protected":false},"excerpt":{"rendered":"<p>Vice-Dean of the Instrumental Faculty prof. dr hab. Wies\u0142aw Suru\u0142o wieslaw.surulo@amuz.krakow.pl In 1995 he graduated from the Academy of Music in Krakow &#8211; class of Professor Kazimierz Moszy\u0144ski. He improved&hellip; <a href=\"https:\/\/www.amuz.krakow.pl\/en\/wladze\/wydzial-instrumentalny\/dr-hab-wieslaw-surulo\/\">Continue reading<\/a><\/p>\n","protected":false},"author":72,"featured_media":90012,"parent":964,"menu_order":4,"comment_status":"closed","ping_status":"closed","template":"","meta":{"footnotes":"","_links_to":"","_links_to_target":""},"class_list":["post-40582","page","type-page","status-publish","has-post-thumbnail","hentry"],"yoast_head":"<!-- This site is optimized with the Yoast SEO plugin v27.2 - https:\/\/yoast.com\/product\/yoast-seo-wordpress\/ -->\n<title>AMKP - Akademia Muzyczna im. Krzysztofa Pendereckiego w Krakowie<\/title>\n<meta name=\"robots\" content=\"index, follow, max-snippet:-1, max-image-preview:large, max-video-preview:-1\" \/>\n<link rel=\"canonical\" href=\"https:\/\/www.amuz.krakow.pl\/wladze\/wydzial-instrumentalny\/dr-hab-wieslaw-surulo\/\" \/>\n<meta property=\"og:locale\" content=\"en_US\" \/>\n<meta property=\"og:type\" content=\"article\" \/>\n<meta property=\"og:title\" content=\"AMKP - Akademia Muzyczna im. Krzysztofa Pendereckiego w Krakowie\" \/>\n<meta property=\"og:description\" content=\"Vice-Dean of the Instrumental Faculty prof. dr hab. Wies\u0142aw Suru\u0142o wieslaw.surulo@amuz.krakow.pl In 1995 he graduated from the Academy of Music in Krakow &#8211; class of Professor Kazimierz Moszy\u0144ski. He improved&hellip; Continue reading\" \/>\n<meta property=\"og:url\" content=\"https:\/\/www.amuz.krakow.pl\/wladze\/wydzial-instrumentalny\/dr-hab-wieslaw-surulo\/\" \/>\n<meta property=\"og:site_name\" content=\"Akademia Muzyczna im. Krzysztofa Pendereckiego w Krakowie\" \/>\n<meta property=\"article:publisher\" content=\"https:\/\/www.facebook.com\/amuz.krakow\" \/>\n<meta property=\"article:modified_time\" content=\"2025-02-03T11:28:53+00:00\" \/>\n<meta property=\"og:image\" content=\"https:\/\/www.amuz.krakow.pl\/wp-content\/uploads\/2024\/09\/Wieslaw-Surulo-fot.-Piotr-Markowski-768x1152-1.jpg\" \/>\n\t<meta property=\"og:image:width\" content=\"768\" \/>\n\t<meta property=\"og:image:height\" content=\"384\" \/>\n\t<meta property=\"og:image:type\" content=\"image\/jpeg\" \/>\n<meta name=\"twitter:card\" content=\"summary_large_image\" \/>\n<meta name=\"twitter:label1\" content=\"Est. reading time\" \/>\n\t<meta name=\"twitter:data1\" content=\"3 minutes\" \/>\n<script type=\"application\/ld+json\" class=\"yoast-schema-graph\">{\"@context\":\"https:\/\/schema.org\",\"@graph\":[{\"@type\":\"WebPage\",\"@id\":\"https:\/\/www.amuz.krakow.pl\/wladze\/wydzial-instrumentalny\/dr-hab-wieslaw-surulo\/\",\"url\":\"https:\/\/www.amuz.krakow.pl\/wladze\/wydzial-instrumentalny\/dr-hab-wieslaw-surulo\/\",\"name\":\"AMKP - Akademia Muzyczna im. Krzysztofa Pendereckiego w Krakowie\",\"isPartOf\":{\"@id\":\"https:\/\/www.amuz.krakow.pl\/#website\"},\"primaryImageOfPage\":{\"@id\":\"https:\/\/www.amuz.krakow.pl\/wladze\/wydzial-instrumentalny\/dr-hab-wieslaw-surulo\/#primaryimage\"},\"image\":{\"@id\":\"https:\/\/www.amuz.krakow.pl\/wladze\/wydzial-instrumentalny\/dr-hab-wieslaw-surulo\/#primaryimage\"},\"thumbnailUrl\":\"https:\/\/www.amuz.krakow.pl\/wp-content\/uploads\/2024\/09\/Wieslaw-Surulo-fot.-Piotr-Markowski-768x1152-1.jpg\",\"datePublished\":\"2020-09-02T20:47:25+00:00\",\"dateModified\":\"2025-02-03T11:28:53+00:00\",\"breadcrumb\":{\"@id\":\"https:\/\/www.amuz.krakow.pl\/wladze\/wydzial-instrumentalny\/dr-hab-wieslaw-surulo\/#breadcrumb\"},\"inLanguage\":\"en-US\",\"potentialAction\":[{\"@type\":\"ReadAction\",\"target\":[\"https:\/\/www.amuz.krakow.pl\/wladze\/wydzial-instrumentalny\/dr-hab-wieslaw-surulo\/\"]}]},{\"@type\":\"ImageObject\",\"inLanguage\":\"en-US\",\"@id\":\"https:\/\/www.amuz.krakow.pl\/wladze\/wydzial-instrumentalny\/dr-hab-wieslaw-surulo\/#primaryimage\",\"url\":\"https:\/\/www.amuz.krakow.pl\/wp-content\/uploads\/2024\/09\/Wieslaw-Surulo-fot.-Piotr-Markowski-768x1152-1.jpg\",\"contentUrl\":\"https:\/\/www.amuz.krakow.pl\/wp-content\/uploads\/2024\/09\/Wieslaw-Surulo-fot.-Piotr-Markowski-768x1152-1.jpg\",\"width\":768,\"height\":384},{\"@type\":\"BreadcrumbList\",\"@id\":\"https:\/\/www.amuz.krakow.pl\/wladze\/wydzial-instrumentalny\/dr-hab-wieslaw-surulo\/#breadcrumb\",\"itemListElement\":[{\"@type\":\"ListItem\",\"position\":1,\"name\":\"Strona g\u0142\u00f3wna\",\"item\":\"https:\/\/www.amuz.krakow.pl\/\"},{\"@type\":\"ListItem\",\"position\":2,\"name\":\"W\u0141ADZE\",\"item\":\"https:\/\/www.amuz.krakow.pl\/wladze\/\"},{\"@type\":\"ListItem\",\"position\":3,\"name\":\"Wydzia\u0142 Instrumentalny\",\"item\":\"https:\/\/www.amuz.krakow.pl\/wladze\/wydzial-instrumentalny\/\"},{\"@type\":\"ListItem\",\"position\":4,\"name\":\"prof. dr hab. Wies\u0142aw Suru\u0142o\"}]},{\"@type\":\"WebSite\",\"@id\":\"https:\/\/www.amuz.krakow.pl\/#website\",\"url\":\"https:\/\/www.amuz.krakow.pl\/\",\"name\":\"Akademia Muzyczna im. Krzysztofa Pendereckiego w Krakowie\",\"description\":\"Oficjalna strona Akademii Muzycznej im. Krzysztofa Pendereckiego w Krakowie (AMKP).\",\"publisher\":{\"@id\":\"https:\/\/www.amuz.krakow.pl\/#organization\"},\"alternateName\":\"AMKP\",\"potentialAction\":[{\"@type\":\"SearchAction\",\"target\":{\"@type\":\"EntryPoint\",\"urlTemplate\":\"https:\/\/www.amuz.krakow.pl\/?s={search_term_string}\"},\"query-input\":{\"@type\":\"PropertyValueSpecification\",\"valueRequired\":true,\"valueName\":\"search_term_string\"}}],\"inLanguage\":\"en-US\"},{\"@type\":\"Organization\",\"@id\":\"https:\/\/www.amuz.krakow.pl\/#organization\",\"name\":\"Akademia Muzyczna im. Krzysztofa Pendereckiego w Krakowie\",\"alternateName\":\"AMKP\",\"url\":\"https:\/\/www.amuz.krakow.pl\/\",\"logo\":{\"@type\":\"ImageObject\",\"inLanguage\":\"en-US\",\"@id\":\"https:\/\/www.amuz.krakow.pl\/#\/schema\/logo\/image\/\",\"url\":\"https:\/\/www.amuz.krakow.pl\/wp-content\/uploads\/2021\/11\/amkp.jpg\",\"contentUrl\":\"https:\/\/www.amuz.krakow.pl\/wp-content\/uploads\/2021\/11\/amkp.jpg\",\"width\":1193,\"height\":591,\"caption\":\"Akademia Muzyczna im. Krzysztofa Pendereckiego w Krakowie\"},\"image\":{\"@id\":\"https:\/\/www.amuz.krakow.pl\/#\/schema\/logo\/image\/\"},\"sameAs\":[\"https:\/\/www.facebook.com\/amuz.krakow\",\"https:\/\/www.instagram.com\/amkpenderecki\/\",\"https:\/\/www.youtube.com\/@amkpenderecki4806\"]}]}<\/script>\n<!-- \/ Yoast SEO plugin. -->","yoast_head_json":{"title":"AMKP - Akademia Muzyczna im. Krzysztofa Pendereckiego w Krakowie","robots":{"index":"index","follow":"follow","max-snippet":"max-snippet:-1","max-image-preview":"max-image-preview:large","max-video-preview":"max-video-preview:-1"},"canonical":"https:\/\/www.amuz.krakow.pl\/wladze\/wydzial-instrumentalny\/dr-hab-wieslaw-surulo\/","og_locale":"en_US","og_type":"article","og_title":"AMKP - Akademia Muzyczna im. Krzysztofa Pendereckiego w Krakowie","og_description":"Vice-Dean of the Instrumental Faculty prof. dr hab. Wies\u0142aw Suru\u0142o wieslaw.surulo@amuz.krakow.pl In 1995 he graduated from the Academy of Music in Krakow &#8211; class of Professor Kazimierz Moszy\u0144ski. He improved&hellip; Continue reading","og_url":"https:\/\/www.amuz.krakow.pl\/wladze\/wydzial-instrumentalny\/dr-hab-wieslaw-surulo\/","og_site_name":"Akademia Muzyczna im. Krzysztofa Pendereckiego w Krakowie","article_publisher":"https:\/\/www.facebook.com\/amuz.krakow","article_modified_time":"2025-02-03T11:28:53+00:00","og_image":[{"width":768,"height":384,"url":"https:\/\/www.amuz.krakow.pl\/wp-content\/uploads\/2024\/09\/Wieslaw-Surulo-fot.-Piotr-Markowski-768x1152-1.jpg","type":"image\/jpeg"}],"twitter_card":"summary_large_image","twitter_misc":{"Est. reading time":"3 minutes"},"schema":{"@context":"https:\/\/schema.org","@graph":[{"@type":"WebPage","@id":"https:\/\/www.amuz.krakow.pl\/wladze\/wydzial-instrumentalny\/dr-hab-wieslaw-surulo\/","url":"https:\/\/www.amuz.krakow.pl\/wladze\/wydzial-instrumentalny\/dr-hab-wieslaw-surulo\/","name":"AMKP - Akademia Muzyczna im. Krzysztofa Pendereckiego w Krakowie","isPartOf":{"@id":"https:\/\/www.amuz.krakow.pl\/#website"},"primaryImageOfPage":{"@id":"https:\/\/www.amuz.krakow.pl\/wladze\/wydzial-instrumentalny\/dr-hab-wieslaw-surulo\/#primaryimage"},"image":{"@id":"https:\/\/www.amuz.krakow.pl\/wladze\/wydzial-instrumentalny\/dr-hab-wieslaw-surulo\/#primaryimage"},"thumbnailUrl":"https:\/\/www.amuz.krakow.pl\/wp-content\/uploads\/2024\/09\/Wieslaw-Surulo-fot.-Piotr-Markowski-768x1152-1.jpg","datePublished":"2020-09-02T20:47:25+00:00","dateModified":"2025-02-03T11:28:53+00:00","breadcrumb":{"@id":"https:\/\/www.amuz.krakow.pl\/wladze\/wydzial-instrumentalny\/dr-hab-wieslaw-surulo\/#breadcrumb"},"inLanguage":"en-US","potentialAction":[{"@type":"ReadAction","target":["https:\/\/www.amuz.krakow.pl\/wladze\/wydzial-instrumentalny\/dr-hab-wieslaw-surulo\/"]}]},{"@type":"ImageObject","inLanguage":"en-US","@id":"https:\/\/www.amuz.krakow.pl\/wladze\/wydzial-instrumentalny\/dr-hab-wieslaw-surulo\/#primaryimage","url":"https:\/\/www.amuz.krakow.pl\/wp-content\/uploads\/2024\/09\/Wieslaw-Surulo-fot.-Piotr-Markowski-768x1152-1.jpg","contentUrl":"https:\/\/www.amuz.krakow.pl\/wp-content\/uploads\/2024\/09\/Wieslaw-Surulo-fot.-Piotr-Markowski-768x1152-1.jpg","width":768,"height":384},{"@type":"BreadcrumbList","@id":"https:\/\/www.amuz.krakow.pl\/wladze\/wydzial-instrumentalny\/dr-hab-wieslaw-surulo\/#breadcrumb","itemListElement":[{"@type":"ListItem","position":1,"name":"Strona g\u0142\u00f3wna","item":"https:\/\/www.amuz.krakow.pl\/"},{"@type":"ListItem","position":2,"name":"W\u0141ADZE","item":"https:\/\/www.amuz.krakow.pl\/wladze\/"},{"@type":"ListItem","position":3,"name":"Wydzia\u0142 Instrumentalny","item":"https:\/\/www.amuz.krakow.pl\/wladze\/wydzial-instrumentalny\/"},{"@type":"ListItem","position":4,"name":"prof. dr hab. Wies\u0142aw Suru\u0142o"}]},{"@type":"WebSite","@id":"https:\/\/www.amuz.krakow.pl\/#website","url":"https:\/\/www.amuz.krakow.pl\/","name":"Akademia Muzyczna im. Krzysztofa Pendereckiego w Krakowie","description":"Oficjalna strona Akademii Muzycznej im. Krzysztofa Pendereckiego w Krakowie (AMKP).","publisher":{"@id":"https:\/\/www.amuz.krakow.pl\/#organization"},"alternateName":"AMKP","potentialAction":[{"@type":"SearchAction","target":{"@type":"EntryPoint","urlTemplate":"https:\/\/www.amuz.krakow.pl\/?s={search_term_string}"},"query-input":{"@type":"PropertyValueSpecification","valueRequired":true,"valueName":"search_term_string"}}],"inLanguage":"en-US"},{"@type":"Organization","@id":"https:\/\/www.amuz.krakow.pl\/#organization","name":"Akademia Muzyczna im. Krzysztofa Pendereckiego w Krakowie","alternateName":"AMKP","url":"https:\/\/www.amuz.krakow.pl\/","logo":{"@type":"ImageObject","inLanguage":"en-US","@id":"https:\/\/www.amuz.krakow.pl\/#\/schema\/logo\/image\/","url":"https:\/\/www.amuz.krakow.pl\/wp-content\/uploads\/2021\/11\/amkp.jpg","contentUrl":"https:\/\/www.amuz.krakow.pl\/wp-content\/uploads\/2021\/11\/amkp.jpg","width":1193,"height":591,"caption":"Akademia Muzyczna im. Krzysztofa Pendereckiego w Krakowie"},"image":{"@id":"https:\/\/www.amuz.krakow.pl\/#\/schema\/logo\/image\/"},"sameAs":["https:\/\/www.facebook.com\/amuz.krakow","https:\/\/www.instagram.com\/amkpenderecki\/","https:\/\/www.youtube.com\/@amkpenderecki4806"]}]}},"_links":{"self":[{"href":"https:\/\/www.amuz.krakow.pl\/en\/wp-json\/wp\/v2\/pages\/40582","targetHints":{"allow":["GET"]}}],"collection":[{"href":"https:\/\/www.amuz.krakow.pl\/en\/wp-json\/wp\/v2\/pages"}],"about":[{"href":"https:\/\/www.amuz.krakow.pl\/en\/wp-json\/wp\/v2\/types\/page"}],"author":[{"embeddable":true,"href":"https:\/\/www.amuz.krakow.pl\/en\/wp-json\/wp\/v2\/users\/72"}],"replies":[{"embeddable":true,"href":"https:\/\/www.amuz.krakow.pl\/en\/wp-json\/wp\/v2\/comments?post=40582"}],"version-history":[{"count":14,"href":"https:\/\/www.amuz.krakow.pl\/en\/wp-json\/wp\/v2\/pages\/40582\/revisions"}],"predecessor-version":[{"id":96671,"href":"https:\/\/www.amuz.krakow.pl\/en\/wp-json\/wp\/v2\/pages\/40582\/revisions\/96671"}],"up":[{"embeddable":true,"href":"https:\/\/www.amuz.krakow.pl\/en\/wp-json\/wp\/v2\/pages\/964"}],"wp:featuredmedia":[{"embeddable":true,"href":"https:\/\/www.amuz.krakow.pl\/en\/wp-json\/wp\/v2\/media\/90012"}],"wp:attachment":[{"href":"https:\/\/www.amuz.krakow.pl\/en\/wp-json\/wp\/v2\/media?parent=40582"}],"curies":[{"name":"wp","href":"https:\/\/api.w.org\/{rel}","templated":true}]}}