{"id":40578,"date":"2020-09-02T22:45:13","date_gmt":"2020-09-02T20:45:13","guid":{"rendered":"https:\/\/www.amuz.krakow.pl\/?page_id=40578"},"modified":"2024-09-19T09:32:42","modified_gmt":"2024-09-19T07:32:42","slug":"dr-hab-monika-wilinska-tarcholik","status":"publish","type":"page","link":"https:\/\/www.amuz.krakow.pl\/en\/wladze\/wydzial-instrumentalny\/dr-hab-monika-wilinska-tarcholik\/","title":{"rendered":"dr hab. Monika Wili\u0144ska-Tarcholik, prof. AMKP"},"content":{"rendered":"<p><\/p>\n<p style=\"text-align: center;\"><strong><span style=\"font-size: 12pt;\">Vice-Dean <b>of the Instrumental Faculty<\/b><\/span><br \/>\n<\/strong><span style=\"font-size: 12pt;\">dr hab. Monika Wili\u0144ska-Tarcholik, prof. AMKP<\/span><strong><br \/>\n<\/strong><\/p>\n<figure id=\"attachment_41506\" aria-describedby=\"caption-attachment-41506\" style=\"width: 400px\" class=\"wp-caption aligncenter\"><a href=\"https:\/\/www.amuz.krakow.pl\/wladze\/wydzial-instrumentalny\/dr-hab-monika-wilinska-tarcholik\/monika-wilinska-tarcholik-fot-piotr-markowski\/\" target=\"_blank\" rel=\"attachment noopener wp-att-41506\"><img loading=\"lazy\" decoding=\"async\" class=\"wp-image-41506\" src=\"https:\/\/www.amuz.krakow.pl\/wp-content\/uploads\/2020\/09\/Monika-Wilinska-Tarcholik-fot.-Piotr-Markowski-1365x2048.jpg\" alt=\"\" width=\"400\" height=\"600\" srcset=\"https:\/\/www.amuz.krakow.pl\/wp-content\/uploads\/2020\/09\/Monika-Wilinska-Tarcholik-fot.-Piotr-Markowski-scaled.jpg 1365w, https:\/\/www.amuz.krakow.pl\/wp-content\/uploads\/2020\/09\/Monika-Wilinska-Tarcholik-fot.-Piotr-Markowski-200x300.jpg 200w, https:\/\/www.amuz.krakow.pl\/wp-content\/uploads\/2020\/09\/Monika-Wilinska-Tarcholik-fot.-Piotr-Markowski-768x1152.jpg 768w, https:\/\/www.amuz.krakow.pl\/wp-content\/uploads\/2020\/09\/Monika-Wilinska-Tarcholik-fot.-Piotr-Markowski-1024x1536.jpg 1024w\" sizes=\"auto, (max-width: 400px) 100vw, 400px\" \/><\/a><figcaption id=\"caption-attachment-41506\" class=\"wp-caption-text\">photo by Piotr Markowski<\/figcaption><\/figure>\n<p style=\"text-align: center;\"><a href=\"mailto:monika.wilinska.tarcholik@amuz.krakow.pl\">monika.wilinska.tarcholik@amuz.krakow.pl<\/a><\/p>\n<hr \/>\n<p style=\"text-align: justify;\">Studied in Cracow with prof. T. \u017bmudzi\u0144ski and E. Wolak-Moszy\u0144ska. She continued her studies at mastercourses with R. Buchbinder and A. Torger. In 1993 she won the Jeunesse Musicales competition in Weikersheim (Germany) and was awarded the special price at the Chamber Music Competition in Zakopane, Poland.<br \/>\nDuring her career, Monika Wili\u0144ska \u2013 Tarcholik has performed in Poland, Germany, France, Romania and Moldova with J. Gadulanka, G. Deplus, Ph. Cuper, M. Niedermayer, B. Bry\u0142a, P. Reichert, J. Reuling, T. Strahl and many others. She has recorded for Dux, KASP Records and PWM.<br \/>\nMonika Wili\u0144ska-Tarcholik is a teacher at the Cracow Academy of Music at the Faculty of Chamber Music and she has been holding\u00a0 master classes in Przemy\u015bl.<\/p>\n<p><\/p>","protected":false},"excerpt":{"rendered":"<p>Vice-Dean of the Instrumental Faculty dr hab. Monika Wili\u0144ska-Tarcholik, prof. AMKP monika.wilinska.tarcholik@amuz.krakow.pl Studied in Cracow with prof. T. \u017bmudzi\u0144ski and E. Wolak-Moszy\u0144ska. She continued her studies at mastercourses with R.&hellip; <a href=\"https:\/\/www.amuz.krakow.pl\/en\/wladze\/wydzial-instrumentalny\/dr-hab-monika-wilinska-tarcholik\/\">Continue reading<\/a><\/p>\n","protected":false},"author":72,"featured_media":90007,"parent":964,"menu_order":2,"comment_status":"closed","ping_status":"closed","template":"","meta":{"footnotes":"","_links_to":"","_links_to_target":""},"class_list":["post-40578","page","type-page","status-publish","has-post-thumbnail","hentry"],"yoast_head":"<!-- This site is optimized with the Yoast SEO plugin v27.2 - https:\/\/yoast.com\/product\/yoast-seo-wordpress\/ -->\n<title>AMKP - Akademia Muzyczna im. Krzysztofa Pendereckiego w Krakowie<\/title>\n<meta name=\"robots\" content=\"index, follow, max-snippet:-1, max-image-preview:large, max-video-preview:-1\" \/>\n<link rel=\"canonical\" href=\"https:\/\/www.amuz.krakow.pl\/wladze\/wydzial-instrumentalny\/dr-hab-monika-wilinska-tarcholik\/\" \/>\n<meta property=\"og:locale\" content=\"en_US\" \/>\n<meta property=\"og:type\" content=\"article\" \/>\n<meta property=\"og:title\" content=\"AMKP - Akademia Muzyczna im. Krzysztofa Pendereckiego w Krakowie\" \/>\n<meta property=\"og:description\" content=\"Vice-Dean of the Instrumental Faculty dr hab. Monika Wili\u0144ska-Tarcholik, prof. AMKP monika.wilinska.tarcholik@amuz.krakow.pl Studied in Cracow with prof. T. \u017bmudzi\u0144ski and E. Wolak-Moszy\u0144ska. She continued her studies at mastercourses with R.&hellip; Continue reading\" \/>\n<meta property=\"og:url\" content=\"https:\/\/www.amuz.krakow.pl\/wladze\/wydzial-instrumentalny\/dr-hab-monika-wilinska-tarcholik\/\" \/>\n<meta property=\"og:site_name\" content=\"Akademia Muzyczna im. Krzysztofa Pendereckiego w Krakowie\" \/>\n<meta property=\"article:publisher\" content=\"https:\/\/www.facebook.com\/amuz.krakow\" \/>\n<meta property=\"article:modified_time\" content=\"2024-09-19T07:32:42+00:00\" \/>\n<meta property=\"og:image\" content=\"https:\/\/www.amuz.krakow.pl\/wp-content\/uploads\/2024\/09\/Monika-Wilinska-Tarcholik-fot.-Piotr-Markowski-scaled-1.jpg\" \/>\n\t<meta property=\"og:image:width\" content=\"1365\" \/>\n\t<meta property=\"og:image:height\" content=\"683\" \/>\n\t<meta property=\"og:image:type\" content=\"image\/jpeg\" \/>\n<meta name=\"twitter:card\" content=\"summary_large_image\" \/>\n<meta name=\"twitter:label1\" content=\"Est. reading time\" \/>\n\t<meta name=\"twitter:data1\" content=\"2 minutes\" \/>\n<script type=\"application\/ld+json\" class=\"yoast-schema-graph\">{\"@context\":\"https:\/\/schema.org\",\"@graph\":[{\"@type\":\"WebPage\",\"@id\":\"https:\/\/www.amuz.krakow.pl\/wladze\/wydzial-instrumentalny\/dr-hab-monika-wilinska-tarcholik\/\",\"url\":\"https:\/\/www.amuz.krakow.pl\/wladze\/wydzial-instrumentalny\/dr-hab-monika-wilinska-tarcholik\/\",\"name\":\"AMKP - Akademia Muzyczna im. Krzysztofa Pendereckiego w Krakowie\",\"isPartOf\":{\"@id\":\"https:\/\/www.amuz.krakow.pl\/#website\"},\"primaryImageOfPage\":{\"@id\":\"https:\/\/www.amuz.krakow.pl\/wladze\/wydzial-instrumentalny\/dr-hab-monika-wilinska-tarcholik\/#primaryimage\"},\"image\":{\"@id\":\"https:\/\/www.amuz.krakow.pl\/wladze\/wydzial-instrumentalny\/dr-hab-monika-wilinska-tarcholik\/#primaryimage\"},\"thumbnailUrl\":\"https:\/\/www.amuz.krakow.pl\/wp-content\/uploads\/2024\/09\/Monika-Wilinska-Tarcholik-fot.-Piotr-Markowski-scaled-1.jpg\",\"datePublished\":\"2020-09-02T20:45:13+00:00\",\"dateModified\":\"2024-09-19T07:32:42+00:00\",\"breadcrumb\":{\"@id\":\"https:\/\/www.amuz.krakow.pl\/wladze\/wydzial-instrumentalny\/dr-hab-monika-wilinska-tarcholik\/#breadcrumb\"},\"inLanguage\":\"en-US\",\"potentialAction\":[{\"@type\":\"ReadAction\",\"target\":[\"https:\/\/www.amuz.krakow.pl\/wladze\/wydzial-instrumentalny\/dr-hab-monika-wilinska-tarcholik\/\"]}]},{\"@type\":\"ImageObject\",\"inLanguage\":\"en-US\",\"@id\":\"https:\/\/www.amuz.krakow.pl\/wladze\/wydzial-instrumentalny\/dr-hab-monika-wilinska-tarcholik\/#primaryimage\",\"url\":\"https:\/\/www.amuz.krakow.pl\/wp-content\/uploads\/2024\/09\/Monika-Wilinska-Tarcholik-fot.-Piotr-Markowski-scaled-1.jpg\",\"contentUrl\":\"https:\/\/www.amuz.krakow.pl\/wp-content\/uploads\/2024\/09\/Monika-Wilinska-Tarcholik-fot.-Piotr-Markowski-scaled-1.jpg\",\"width\":1365,\"height\":683},{\"@type\":\"BreadcrumbList\",\"@id\":\"https:\/\/www.amuz.krakow.pl\/wladze\/wydzial-instrumentalny\/dr-hab-monika-wilinska-tarcholik\/#breadcrumb\",\"itemListElement\":[{\"@type\":\"ListItem\",\"position\":1,\"name\":\"Strona g\u0142\u00f3wna\",\"item\":\"https:\/\/www.amuz.krakow.pl\/\"},{\"@type\":\"ListItem\",\"position\":2,\"name\":\"W\u0141ADZE\",\"item\":\"https:\/\/www.amuz.krakow.pl\/wladze\/\"},{\"@type\":\"ListItem\",\"position\":3,\"name\":\"Wydzia\u0142 Instrumentalny\",\"item\":\"https:\/\/www.amuz.krakow.pl\/wladze\/wydzial-instrumentalny\/\"},{\"@type\":\"ListItem\",\"position\":4,\"name\":\"dr hab. Monika Wili\u0144ska-Tarcholik, prof. AMKP\"}]},{\"@type\":\"WebSite\",\"@id\":\"https:\/\/www.amuz.krakow.pl\/#website\",\"url\":\"https:\/\/www.amuz.krakow.pl\/\",\"name\":\"Akademia Muzyczna im. Krzysztofa Pendereckiego w Krakowie\",\"description\":\"Oficjalna strona Akademii Muzycznej im. Krzysztofa Pendereckiego w Krakowie (AMKP).\",\"publisher\":{\"@id\":\"https:\/\/www.amuz.krakow.pl\/#organization\"},\"alternateName\":\"AMKP\",\"potentialAction\":[{\"@type\":\"SearchAction\",\"target\":{\"@type\":\"EntryPoint\",\"urlTemplate\":\"https:\/\/www.amuz.krakow.pl\/?s={search_term_string}\"},\"query-input\":{\"@type\":\"PropertyValueSpecification\",\"valueRequired\":true,\"valueName\":\"search_term_string\"}}],\"inLanguage\":\"en-US\"},{\"@type\":\"Organization\",\"@id\":\"https:\/\/www.amuz.krakow.pl\/#organization\",\"name\":\"Akademia Muzyczna im. Krzysztofa Pendereckiego w Krakowie\",\"alternateName\":\"AMKP\",\"url\":\"https:\/\/www.amuz.krakow.pl\/\",\"logo\":{\"@type\":\"ImageObject\",\"inLanguage\":\"en-US\",\"@id\":\"https:\/\/www.amuz.krakow.pl\/#\/schema\/logo\/image\/\",\"url\":\"https:\/\/www.amuz.krakow.pl\/wp-content\/uploads\/2021\/11\/amkp.jpg\",\"contentUrl\":\"https:\/\/www.amuz.krakow.pl\/wp-content\/uploads\/2021\/11\/amkp.jpg\",\"width\":1193,\"height\":591,\"caption\":\"Akademia Muzyczna im. Krzysztofa Pendereckiego w Krakowie\"},\"image\":{\"@id\":\"https:\/\/www.amuz.krakow.pl\/#\/schema\/logo\/image\/\"},\"sameAs\":[\"https:\/\/www.facebook.com\/amuz.krakow\",\"https:\/\/www.instagram.com\/amkpenderecki\/\",\"https:\/\/www.youtube.com\/@amkpenderecki4806\"]}]}<\/script>\n<!-- \/ Yoast SEO plugin. -->","yoast_head_json":{"title":"AMKP - Akademia Muzyczna im. Krzysztofa Pendereckiego w Krakowie","robots":{"index":"index","follow":"follow","max-snippet":"max-snippet:-1","max-image-preview":"max-image-preview:large","max-video-preview":"max-video-preview:-1"},"canonical":"https:\/\/www.amuz.krakow.pl\/wladze\/wydzial-instrumentalny\/dr-hab-monika-wilinska-tarcholik\/","og_locale":"en_US","og_type":"article","og_title":"AMKP - Akademia Muzyczna im. Krzysztofa Pendereckiego w Krakowie","og_description":"Vice-Dean of the Instrumental Faculty dr hab. Monika Wili\u0144ska-Tarcholik, prof. AMKP monika.wilinska.tarcholik@amuz.krakow.pl Studied in Cracow with prof. T. \u017bmudzi\u0144ski and E. Wolak-Moszy\u0144ska. She continued her studies at mastercourses with R.&hellip; Continue reading","og_url":"https:\/\/www.amuz.krakow.pl\/wladze\/wydzial-instrumentalny\/dr-hab-monika-wilinska-tarcholik\/","og_site_name":"Akademia Muzyczna im. Krzysztofa Pendereckiego w Krakowie","article_publisher":"https:\/\/www.facebook.com\/amuz.krakow","article_modified_time":"2024-09-19T07:32:42+00:00","og_image":[{"width":1365,"height":683,"url":"https:\/\/www.amuz.krakow.pl\/wp-content\/uploads\/2024\/09\/Monika-Wilinska-Tarcholik-fot.-Piotr-Markowski-scaled-1.jpg","type":"image\/jpeg"}],"twitter_card":"summary_large_image","twitter_misc":{"Est. reading time":"2 minutes"},"schema":{"@context":"https:\/\/schema.org","@graph":[{"@type":"WebPage","@id":"https:\/\/www.amuz.krakow.pl\/wladze\/wydzial-instrumentalny\/dr-hab-monika-wilinska-tarcholik\/","url":"https:\/\/www.amuz.krakow.pl\/wladze\/wydzial-instrumentalny\/dr-hab-monika-wilinska-tarcholik\/","name":"AMKP - Akademia Muzyczna im. Krzysztofa Pendereckiego w Krakowie","isPartOf":{"@id":"https:\/\/www.amuz.krakow.pl\/#website"},"primaryImageOfPage":{"@id":"https:\/\/www.amuz.krakow.pl\/wladze\/wydzial-instrumentalny\/dr-hab-monika-wilinska-tarcholik\/#primaryimage"},"image":{"@id":"https:\/\/www.amuz.krakow.pl\/wladze\/wydzial-instrumentalny\/dr-hab-monika-wilinska-tarcholik\/#primaryimage"},"thumbnailUrl":"https:\/\/www.amuz.krakow.pl\/wp-content\/uploads\/2024\/09\/Monika-Wilinska-Tarcholik-fot.-Piotr-Markowski-scaled-1.jpg","datePublished":"2020-09-02T20:45:13+00:00","dateModified":"2024-09-19T07:32:42+00:00","breadcrumb":{"@id":"https:\/\/www.amuz.krakow.pl\/wladze\/wydzial-instrumentalny\/dr-hab-monika-wilinska-tarcholik\/#breadcrumb"},"inLanguage":"en-US","potentialAction":[{"@type":"ReadAction","target":["https:\/\/www.amuz.krakow.pl\/wladze\/wydzial-instrumentalny\/dr-hab-monika-wilinska-tarcholik\/"]}]},{"@type":"ImageObject","inLanguage":"en-US","@id":"https:\/\/www.amuz.krakow.pl\/wladze\/wydzial-instrumentalny\/dr-hab-monika-wilinska-tarcholik\/#primaryimage","url":"https:\/\/www.amuz.krakow.pl\/wp-content\/uploads\/2024\/09\/Monika-Wilinska-Tarcholik-fot.-Piotr-Markowski-scaled-1.jpg","contentUrl":"https:\/\/www.amuz.krakow.pl\/wp-content\/uploads\/2024\/09\/Monika-Wilinska-Tarcholik-fot.-Piotr-Markowski-scaled-1.jpg","width":1365,"height":683},{"@type":"BreadcrumbList","@id":"https:\/\/www.amuz.krakow.pl\/wladze\/wydzial-instrumentalny\/dr-hab-monika-wilinska-tarcholik\/#breadcrumb","itemListElement":[{"@type":"ListItem","position":1,"name":"Strona g\u0142\u00f3wna","item":"https:\/\/www.amuz.krakow.pl\/"},{"@type":"ListItem","position":2,"name":"W\u0141ADZE","item":"https:\/\/www.amuz.krakow.pl\/wladze\/"},{"@type":"ListItem","position":3,"name":"Wydzia\u0142 Instrumentalny","item":"https:\/\/www.amuz.krakow.pl\/wladze\/wydzial-instrumentalny\/"},{"@type":"ListItem","position":4,"name":"dr hab. Monika Wili\u0144ska-Tarcholik, prof. AMKP"}]},{"@type":"WebSite","@id":"https:\/\/www.amuz.krakow.pl\/#website","url":"https:\/\/www.amuz.krakow.pl\/","name":"Akademia Muzyczna im. Krzysztofa Pendereckiego w Krakowie","description":"Oficjalna strona Akademii Muzycznej im. Krzysztofa Pendereckiego w Krakowie (AMKP).","publisher":{"@id":"https:\/\/www.amuz.krakow.pl\/#organization"},"alternateName":"AMKP","potentialAction":[{"@type":"SearchAction","target":{"@type":"EntryPoint","urlTemplate":"https:\/\/www.amuz.krakow.pl\/?s={search_term_string}"},"query-input":{"@type":"PropertyValueSpecification","valueRequired":true,"valueName":"search_term_string"}}],"inLanguage":"en-US"},{"@type":"Organization","@id":"https:\/\/www.amuz.krakow.pl\/#organization","name":"Akademia Muzyczna im. Krzysztofa Pendereckiego w Krakowie","alternateName":"AMKP","url":"https:\/\/www.amuz.krakow.pl\/","logo":{"@type":"ImageObject","inLanguage":"en-US","@id":"https:\/\/www.amuz.krakow.pl\/#\/schema\/logo\/image\/","url":"https:\/\/www.amuz.krakow.pl\/wp-content\/uploads\/2021\/11\/amkp.jpg","contentUrl":"https:\/\/www.amuz.krakow.pl\/wp-content\/uploads\/2021\/11\/amkp.jpg","width":1193,"height":591,"caption":"Akademia Muzyczna im. Krzysztofa Pendereckiego w Krakowie"},"image":{"@id":"https:\/\/www.amuz.krakow.pl\/#\/schema\/logo\/image\/"},"sameAs":["https:\/\/www.facebook.com\/amuz.krakow","https:\/\/www.instagram.com\/amkpenderecki\/","https:\/\/www.youtube.com\/@amkpenderecki4806"]}]}},"_links":{"self":[{"href":"https:\/\/www.amuz.krakow.pl\/en\/wp-json\/wp\/v2\/pages\/40578","targetHints":{"allow":["GET"]}}],"collection":[{"href":"https:\/\/www.amuz.krakow.pl\/en\/wp-json\/wp\/v2\/pages"}],"about":[{"href":"https:\/\/www.amuz.krakow.pl\/en\/wp-json\/wp\/v2\/types\/page"}],"author":[{"embeddable":true,"href":"https:\/\/www.amuz.krakow.pl\/en\/wp-json\/wp\/v2\/users\/72"}],"replies":[{"embeddable":true,"href":"https:\/\/www.amuz.krakow.pl\/en\/wp-json\/wp\/v2\/comments?post=40578"}],"version-history":[{"count":11,"href":"https:\/\/www.amuz.krakow.pl\/en\/wp-json\/wp\/v2\/pages\/40578\/revisions"}],"predecessor-version":[{"id":90008,"href":"https:\/\/www.amuz.krakow.pl\/en\/wp-json\/wp\/v2\/pages\/40578\/revisions\/90008"}],"up":[{"embeddable":true,"href":"https:\/\/www.amuz.krakow.pl\/en\/wp-json\/wp\/v2\/pages\/964"}],"wp:featuredmedia":[{"embeddable":true,"href":"https:\/\/www.amuz.krakow.pl\/en\/wp-json\/wp\/v2\/media\/90007"}],"wp:attachment":[{"href":"https:\/\/www.amuz.krakow.pl\/en\/wp-json\/wp\/v2\/media?parent=40578"}],"curies":[{"name":"wp","href":"https:\/\/api.w.org\/{rel}","templated":true}]}}