{"id":40567,"date":"2020-09-02T22:32:23","date_gmt":"2020-09-02T20:32:23","guid":{"rendered":"https:\/\/www.amuz.krakow.pl\/?page_id=40567"},"modified":"2024-09-19T09:21:55","modified_gmt":"2024-09-19T07:21:55","slug":"dr-hab-renata-borowiecka","status":"publish","type":"page","link":"https:\/\/www.amuz.krakow.pl\/en\/wladze\/wydzial-tworczosci-interpretacji-i-edukacji-muzycznej\/dr-hab-renata-borowiecka\/","title":{"rendered":"dr hab. Renata Borowiecka, prof. AMKP"},"content":{"rendered":"<p><\/p>\n<p style=\"text-align: center;\"><span style=\"font-size: 12pt;\"><strong>Vice-Dean <b>of the Faculty of Composition, Interpretation and\u00a0<\/b><b>Musical Education<\/b><br \/>\n<\/strong>dr hab. Renata Borowiecka, prof. AMKP<\/span><\/p>\n<figure id=\"attachment_41508\" aria-describedby=\"caption-attachment-41508\" style=\"width: 400px\" class=\"wp-caption aligncenter\"><a href=\"https:\/\/www.amuz.krakow.pl\/wladze\/wydzial-tworczosci-interpretacji-i-edukacji-muzycznej\/dr-hab-renata-borowiecka\/renata-borowiecka-fot-piotr-markowski\/\" target=\"_blank\" rel=\"attachment noopener wp-att-41508\"><img loading=\"lazy\" decoding=\"async\" class=\"wp-image-41508\" src=\"https:\/\/www.amuz.krakow.pl\/wp-content\/uploads\/2020\/09\/Renata-Borowiecka-fot.-Piotr-Markowski-1365x2048.jpg\" alt=\"\" width=\"400\" height=\"600\" srcset=\"https:\/\/www.amuz.krakow.pl\/wp-content\/uploads\/2020\/09\/Renata-Borowiecka-fot.-Piotr-Markowski-scaled.jpg 1365w, https:\/\/www.amuz.krakow.pl\/wp-content\/uploads\/2020\/09\/Renata-Borowiecka-fot.-Piotr-Markowski-200x300.jpg 200w, https:\/\/www.amuz.krakow.pl\/wp-content\/uploads\/2020\/09\/Renata-Borowiecka-fot.-Piotr-Markowski-768x1152.jpg 768w, https:\/\/www.amuz.krakow.pl\/wp-content\/uploads\/2020\/09\/Renata-Borowiecka-fot.-Piotr-Markowski-1024x1536.jpg 1024w\" sizes=\"auto, (max-width: 400px) 100vw, 400px\" \/><\/a><figcaption id=\"caption-attachment-41508\" class=\"wp-caption-text\">photo by Piotr Markowski<\/figcaption><\/figure>\n<p style=\"text-align: center;\"><a href=\"mailto:renata.borowiecka@amuz.krakow.pl\">renata.borowiecka@amuz.krakow.pl<\/a><\/p>\n<hr \/>\n<p style=\"text-align: justify;\">A music theoretician who has been working at the Faculty of Theory and Interpretation of Musical Composition of the Academy of Music in Krak\u00f3w since 1996. A member of the Division of Musicologists of the Polish Composers\u2019 Union, <em>Polish Society<\/em> <em>for Music Analysis <\/em>and <em>Societ\u00e9 Internationale du Th\u00e9\u00e2tre de l\u2019Opera et du Balet<\/em>. In the years 1999\u20132009 she cooperated with the Karol Szymanowski Philharmonic in Krak\u00f3w as a presenter of music programmes for children and school youth. From September 2009 she is also a teacher of general-musical subjects at the Bronis\u0142aw Rutkowski Primary and Secondary Music School in Krak\u00f3w.<br \/>\nIn her work so far, she focused on the issues connected with secular Italian music of the turn of the 16th and 17th centuries. In the year 2002 she received the Scholarship of the Italian Government for the realization of research works at Universit\u00e0 degli Studi di Firenze. Her recent research pertained to sacral Italian music and the results of the research were presented in the year 2007 in her doctorate dissertation titled <em>The \u201cStabat Mater\u201d Sequence in the Work of 18th-Century Italian Composers. From a Word to Musical Interpretation. <\/em>The unpublished doctoral dissertation was entered into the ZKP competition for the Rev. Prof. Hieronim Feicht Award, in which the jury awarded it a distinction (2010). Actually she is interested in polish contemporary religious music (mainly Pawe\u0142 \u0141ukaszewski\u2019s compositions). She is the author of a book titled <em>Religious Compositions of Pawe\u0142 \u0141ukaszewski. Music as an Expression of the Artist\u2019s Sense of Faith <\/em>(Krak\u00f3w 2019), several publications and entries to Polish encyclopaedias and music dictionaries.<\/p>\n<p><\/p>","protected":false},"excerpt":{"rendered":"<p>Vice-Dean of the Faculty of Composition, Interpretation and\u00a0Musical Education dr hab. Renata Borowiecka, prof. AMKP renata.borowiecka@amuz.krakow.pl A music theoretician who has been working at the Faculty of Theory and Interpretation&hellip; <a href=\"https:\/\/www.amuz.krakow.pl\/en\/wladze\/wydzial-tworczosci-interpretacji-i-edukacji-muzycznej\/dr-hab-renata-borowiecka\/\">Continue reading<\/a><\/p>\n","protected":false},"author":72,"featured_media":89996,"parent":962,"menu_order":2,"comment_status":"closed","ping_status":"closed","template":"","meta":{"footnotes":"","_links_to":"","_links_to_target":""},"class_list":["post-40567","page","type-page","status-publish","has-post-thumbnail","hentry"],"yoast_head":"<!-- This site is optimized with the Yoast SEO plugin v27.2 - https:\/\/yoast.com\/product\/yoast-seo-wordpress\/ -->\n<title>AMKP - Akademia Muzyczna im. Krzysztofa Pendereckiego w Krakowie<\/title>\n<meta name=\"robots\" content=\"index, follow, max-snippet:-1, max-image-preview:large, max-video-preview:-1\" \/>\n<link rel=\"canonical\" href=\"https:\/\/www.amuz.krakow.pl\/wladze\/wydzial-tworczosci-interpretacji-i-edukacji-muzycznej\/dr-hab-renata-borowiecka\/\" \/>\n<meta property=\"og:locale\" content=\"en_US\" \/>\n<meta property=\"og:type\" content=\"article\" \/>\n<meta property=\"og:title\" content=\"AMKP - Akademia Muzyczna im. Krzysztofa Pendereckiego w Krakowie\" \/>\n<meta property=\"og:description\" content=\"Vice-Dean of the Faculty of Composition, Interpretation and\u00a0Musical Education dr hab. Renata Borowiecka, prof. AMKP renata.borowiecka@amuz.krakow.pl A music theoretician who has been working at the Faculty of Theory and Interpretation&hellip; Continue reading\" \/>\n<meta property=\"og:url\" content=\"https:\/\/www.amuz.krakow.pl\/wladze\/wydzial-tworczosci-interpretacji-i-edukacji-muzycznej\/dr-hab-renata-borowiecka\/\" \/>\n<meta property=\"og:site_name\" content=\"Akademia Muzyczna im. Krzysztofa Pendereckiego w Krakowie\" \/>\n<meta property=\"article:publisher\" content=\"https:\/\/www.facebook.com\/amuz.krakow\" \/>\n<meta property=\"article:modified_time\" content=\"2024-09-19T07:21:55+00:00\" \/>\n<meta property=\"og:image\" content=\"https:\/\/www.amuz.krakow.pl\/wp-content\/uploads\/2024\/09\/Renata-Borowiecka-fot.-Piotr-Markowski-scaled-1.jpg\" \/>\n\t<meta property=\"og:image:width\" content=\"1365\" \/>\n\t<meta property=\"og:image:height\" content=\"683\" \/>\n\t<meta property=\"og:image:type\" content=\"image\/jpeg\" \/>\n<meta name=\"twitter:card\" content=\"summary_large_image\" \/>\n<meta name=\"twitter:label1\" content=\"Est. reading time\" \/>\n\t<meta name=\"twitter:data1\" content=\"3 minutes\" \/>\n<script type=\"application\/ld+json\" class=\"yoast-schema-graph\">{\"@context\":\"https:\/\/schema.org\",\"@graph\":[{\"@type\":\"WebPage\",\"@id\":\"https:\/\/www.amuz.krakow.pl\/wladze\/wydzial-tworczosci-interpretacji-i-edukacji-muzycznej\/dr-hab-renata-borowiecka\/\",\"url\":\"https:\/\/www.amuz.krakow.pl\/wladze\/wydzial-tworczosci-interpretacji-i-edukacji-muzycznej\/dr-hab-renata-borowiecka\/\",\"name\":\"AMKP - Akademia Muzyczna im. Krzysztofa Pendereckiego w Krakowie\",\"isPartOf\":{\"@id\":\"https:\/\/www.amuz.krakow.pl\/#website\"},\"primaryImageOfPage\":{\"@id\":\"https:\/\/www.amuz.krakow.pl\/wladze\/wydzial-tworczosci-interpretacji-i-edukacji-muzycznej\/dr-hab-renata-borowiecka\/#primaryimage\"},\"image\":{\"@id\":\"https:\/\/www.amuz.krakow.pl\/wladze\/wydzial-tworczosci-interpretacji-i-edukacji-muzycznej\/dr-hab-renata-borowiecka\/#primaryimage\"},\"thumbnailUrl\":\"https:\/\/www.amuz.krakow.pl\/wp-content\/uploads\/2024\/09\/Renata-Borowiecka-fot.-Piotr-Markowski-scaled-1.jpg\",\"datePublished\":\"2020-09-02T20:32:23+00:00\",\"dateModified\":\"2024-09-19T07:21:55+00:00\",\"breadcrumb\":{\"@id\":\"https:\/\/www.amuz.krakow.pl\/wladze\/wydzial-tworczosci-interpretacji-i-edukacji-muzycznej\/dr-hab-renata-borowiecka\/#breadcrumb\"},\"inLanguage\":\"en-US\",\"potentialAction\":[{\"@type\":\"ReadAction\",\"target\":[\"https:\/\/www.amuz.krakow.pl\/wladze\/wydzial-tworczosci-interpretacji-i-edukacji-muzycznej\/dr-hab-renata-borowiecka\/\"]}]},{\"@type\":\"ImageObject\",\"inLanguage\":\"en-US\",\"@id\":\"https:\/\/www.amuz.krakow.pl\/wladze\/wydzial-tworczosci-interpretacji-i-edukacji-muzycznej\/dr-hab-renata-borowiecka\/#primaryimage\",\"url\":\"https:\/\/www.amuz.krakow.pl\/wp-content\/uploads\/2024\/09\/Renata-Borowiecka-fot.-Piotr-Markowski-scaled-1.jpg\",\"contentUrl\":\"https:\/\/www.amuz.krakow.pl\/wp-content\/uploads\/2024\/09\/Renata-Borowiecka-fot.-Piotr-Markowski-scaled-1.jpg\",\"width\":1365,\"height\":683},{\"@type\":\"BreadcrumbList\",\"@id\":\"https:\/\/www.amuz.krakow.pl\/wladze\/wydzial-tworczosci-interpretacji-i-edukacji-muzycznej\/dr-hab-renata-borowiecka\/#breadcrumb\",\"itemListElement\":[{\"@type\":\"ListItem\",\"position\":1,\"name\":\"Strona g\u0142\u00f3wna\",\"item\":\"https:\/\/www.amuz.krakow.pl\/\"},{\"@type\":\"ListItem\",\"position\":2,\"name\":\"W\u0141ADZE\",\"item\":\"https:\/\/www.amuz.krakow.pl\/wladze\/\"},{\"@type\":\"ListItem\",\"position\":3,\"name\":\"Wydzia\u0142 Tw\u00f3rczo\u015bci, Interpretacji i Edukacji Muzycznej\",\"item\":\"https:\/\/www.amuz.krakow.pl\/wladze\/wydzial-tworczosci-interpretacji-i-edukacji-muzycznej\/\"},{\"@type\":\"ListItem\",\"position\":4,\"name\":\"dr hab. Renata Borowiecka, prof. AMKP\"}]},{\"@type\":\"WebSite\",\"@id\":\"https:\/\/www.amuz.krakow.pl\/#website\",\"url\":\"https:\/\/www.amuz.krakow.pl\/\",\"name\":\"Akademia Muzyczna im. Krzysztofa Pendereckiego w Krakowie\",\"description\":\"Oficjalna strona Akademii Muzycznej im. Krzysztofa Pendereckiego w Krakowie (AMKP).\",\"publisher\":{\"@id\":\"https:\/\/www.amuz.krakow.pl\/#organization\"},\"alternateName\":\"AMKP\",\"potentialAction\":[{\"@type\":\"SearchAction\",\"target\":{\"@type\":\"EntryPoint\",\"urlTemplate\":\"https:\/\/www.amuz.krakow.pl\/?s={search_term_string}\"},\"query-input\":{\"@type\":\"PropertyValueSpecification\",\"valueRequired\":true,\"valueName\":\"search_term_string\"}}],\"inLanguage\":\"en-US\"},{\"@type\":\"Organization\",\"@id\":\"https:\/\/www.amuz.krakow.pl\/#organization\",\"name\":\"Akademia Muzyczna im. Krzysztofa Pendereckiego w Krakowie\",\"alternateName\":\"AMKP\",\"url\":\"https:\/\/www.amuz.krakow.pl\/\",\"logo\":{\"@type\":\"ImageObject\",\"inLanguage\":\"en-US\",\"@id\":\"https:\/\/www.amuz.krakow.pl\/#\/schema\/logo\/image\/\",\"url\":\"https:\/\/www.amuz.krakow.pl\/wp-content\/uploads\/2021\/11\/amkp.jpg\",\"contentUrl\":\"https:\/\/www.amuz.krakow.pl\/wp-content\/uploads\/2021\/11\/amkp.jpg\",\"width\":1193,\"height\":591,\"caption\":\"Akademia Muzyczna im. Krzysztofa Pendereckiego w Krakowie\"},\"image\":{\"@id\":\"https:\/\/www.amuz.krakow.pl\/#\/schema\/logo\/image\/\"},\"sameAs\":[\"https:\/\/www.facebook.com\/amuz.krakow\",\"https:\/\/www.instagram.com\/amkpenderecki\/\",\"https:\/\/www.youtube.com\/@amkpenderecki4806\"]}]}<\/script>\n<!-- \/ Yoast SEO plugin. -->","yoast_head_json":{"title":"AMKP - Akademia Muzyczna im. Krzysztofa Pendereckiego w Krakowie","robots":{"index":"index","follow":"follow","max-snippet":"max-snippet:-1","max-image-preview":"max-image-preview:large","max-video-preview":"max-video-preview:-1"},"canonical":"https:\/\/www.amuz.krakow.pl\/wladze\/wydzial-tworczosci-interpretacji-i-edukacji-muzycznej\/dr-hab-renata-borowiecka\/","og_locale":"en_US","og_type":"article","og_title":"AMKP - Akademia Muzyczna im. Krzysztofa Pendereckiego w Krakowie","og_description":"Vice-Dean of the Faculty of Composition, Interpretation and\u00a0Musical Education dr hab. Renata Borowiecka, prof. AMKP renata.borowiecka@amuz.krakow.pl A music theoretician who has been working at the Faculty of Theory and Interpretation&hellip; Continue reading","og_url":"https:\/\/www.amuz.krakow.pl\/wladze\/wydzial-tworczosci-interpretacji-i-edukacji-muzycznej\/dr-hab-renata-borowiecka\/","og_site_name":"Akademia Muzyczna im. Krzysztofa Pendereckiego w Krakowie","article_publisher":"https:\/\/www.facebook.com\/amuz.krakow","article_modified_time":"2024-09-19T07:21:55+00:00","og_image":[{"width":1365,"height":683,"url":"https:\/\/www.amuz.krakow.pl\/wp-content\/uploads\/2024\/09\/Renata-Borowiecka-fot.-Piotr-Markowski-scaled-1.jpg","type":"image\/jpeg"}],"twitter_card":"summary_large_image","twitter_misc":{"Est. reading time":"3 minutes"},"schema":{"@context":"https:\/\/schema.org","@graph":[{"@type":"WebPage","@id":"https:\/\/www.amuz.krakow.pl\/wladze\/wydzial-tworczosci-interpretacji-i-edukacji-muzycznej\/dr-hab-renata-borowiecka\/","url":"https:\/\/www.amuz.krakow.pl\/wladze\/wydzial-tworczosci-interpretacji-i-edukacji-muzycznej\/dr-hab-renata-borowiecka\/","name":"AMKP - Akademia Muzyczna im. Krzysztofa Pendereckiego w Krakowie","isPartOf":{"@id":"https:\/\/www.amuz.krakow.pl\/#website"},"primaryImageOfPage":{"@id":"https:\/\/www.amuz.krakow.pl\/wladze\/wydzial-tworczosci-interpretacji-i-edukacji-muzycznej\/dr-hab-renata-borowiecka\/#primaryimage"},"image":{"@id":"https:\/\/www.amuz.krakow.pl\/wladze\/wydzial-tworczosci-interpretacji-i-edukacji-muzycznej\/dr-hab-renata-borowiecka\/#primaryimage"},"thumbnailUrl":"https:\/\/www.amuz.krakow.pl\/wp-content\/uploads\/2024\/09\/Renata-Borowiecka-fot.-Piotr-Markowski-scaled-1.jpg","datePublished":"2020-09-02T20:32:23+00:00","dateModified":"2024-09-19T07:21:55+00:00","breadcrumb":{"@id":"https:\/\/www.amuz.krakow.pl\/wladze\/wydzial-tworczosci-interpretacji-i-edukacji-muzycznej\/dr-hab-renata-borowiecka\/#breadcrumb"},"inLanguage":"en-US","potentialAction":[{"@type":"ReadAction","target":["https:\/\/www.amuz.krakow.pl\/wladze\/wydzial-tworczosci-interpretacji-i-edukacji-muzycznej\/dr-hab-renata-borowiecka\/"]}]},{"@type":"ImageObject","inLanguage":"en-US","@id":"https:\/\/www.amuz.krakow.pl\/wladze\/wydzial-tworczosci-interpretacji-i-edukacji-muzycznej\/dr-hab-renata-borowiecka\/#primaryimage","url":"https:\/\/www.amuz.krakow.pl\/wp-content\/uploads\/2024\/09\/Renata-Borowiecka-fot.-Piotr-Markowski-scaled-1.jpg","contentUrl":"https:\/\/www.amuz.krakow.pl\/wp-content\/uploads\/2024\/09\/Renata-Borowiecka-fot.-Piotr-Markowski-scaled-1.jpg","width":1365,"height":683},{"@type":"BreadcrumbList","@id":"https:\/\/www.amuz.krakow.pl\/wladze\/wydzial-tworczosci-interpretacji-i-edukacji-muzycznej\/dr-hab-renata-borowiecka\/#breadcrumb","itemListElement":[{"@type":"ListItem","position":1,"name":"Strona g\u0142\u00f3wna","item":"https:\/\/www.amuz.krakow.pl\/"},{"@type":"ListItem","position":2,"name":"W\u0141ADZE","item":"https:\/\/www.amuz.krakow.pl\/wladze\/"},{"@type":"ListItem","position":3,"name":"Wydzia\u0142 Tw\u00f3rczo\u015bci, Interpretacji i Edukacji Muzycznej","item":"https:\/\/www.amuz.krakow.pl\/wladze\/wydzial-tworczosci-interpretacji-i-edukacji-muzycznej\/"},{"@type":"ListItem","position":4,"name":"dr hab. Renata Borowiecka, prof. AMKP"}]},{"@type":"WebSite","@id":"https:\/\/www.amuz.krakow.pl\/#website","url":"https:\/\/www.amuz.krakow.pl\/","name":"Akademia Muzyczna im. Krzysztofa Pendereckiego w Krakowie","description":"Oficjalna strona Akademii Muzycznej im. Krzysztofa Pendereckiego w Krakowie (AMKP).","publisher":{"@id":"https:\/\/www.amuz.krakow.pl\/#organization"},"alternateName":"AMKP","potentialAction":[{"@type":"SearchAction","target":{"@type":"EntryPoint","urlTemplate":"https:\/\/www.amuz.krakow.pl\/?s={search_term_string}"},"query-input":{"@type":"PropertyValueSpecification","valueRequired":true,"valueName":"search_term_string"}}],"inLanguage":"en-US"},{"@type":"Organization","@id":"https:\/\/www.amuz.krakow.pl\/#organization","name":"Akademia Muzyczna im. Krzysztofa Pendereckiego w Krakowie","alternateName":"AMKP","url":"https:\/\/www.amuz.krakow.pl\/","logo":{"@type":"ImageObject","inLanguage":"en-US","@id":"https:\/\/www.amuz.krakow.pl\/#\/schema\/logo\/image\/","url":"https:\/\/www.amuz.krakow.pl\/wp-content\/uploads\/2021\/11\/amkp.jpg","contentUrl":"https:\/\/www.amuz.krakow.pl\/wp-content\/uploads\/2021\/11\/amkp.jpg","width":1193,"height":591,"caption":"Akademia Muzyczna im. Krzysztofa Pendereckiego w Krakowie"},"image":{"@id":"https:\/\/www.amuz.krakow.pl\/#\/schema\/logo\/image\/"},"sameAs":["https:\/\/www.facebook.com\/amuz.krakow","https:\/\/www.instagram.com\/amkpenderecki\/","https:\/\/www.youtube.com\/@amkpenderecki4806"]}]}},"_links":{"self":[{"href":"https:\/\/www.amuz.krakow.pl\/en\/wp-json\/wp\/v2\/pages\/40567","targetHints":{"allow":["GET"]}}],"collection":[{"href":"https:\/\/www.amuz.krakow.pl\/en\/wp-json\/wp\/v2\/pages"}],"about":[{"href":"https:\/\/www.amuz.krakow.pl\/en\/wp-json\/wp\/v2\/types\/page"}],"author":[{"embeddable":true,"href":"https:\/\/www.amuz.krakow.pl\/en\/wp-json\/wp\/v2\/users\/72"}],"replies":[{"embeddable":true,"href":"https:\/\/www.amuz.krakow.pl\/en\/wp-json\/wp\/v2\/comments?post=40567"}],"version-history":[{"count":12,"href":"https:\/\/www.amuz.krakow.pl\/en\/wp-json\/wp\/v2\/pages\/40567\/revisions"}],"predecessor-version":[{"id":89997,"href":"https:\/\/www.amuz.krakow.pl\/en\/wp-json\/wp\/v2\/pages\/40567\/revisions\/89997"}],"up":[{"embeddable":true,"href":"https:\/\/www.amuz.krakow.pl\/en\/wp-json\/wp\/v2\/pages\/962"}],"wp:featuredmedia":[{"embeddable":true,"href":"https:\/\/www.amuz.krakow.pl\/en\/wp-json\/wp\/v2\/media\/89996"}],"wp:attachment":[{"href":"https:\/\/www.amuz.krakow.pl\/en\/wp-json\/wp\/v2\/media?parent=40567"}],"curies":[{"name":"wp","href":"https:\/\/api.w.org\/{rel}","templated":true}]}}