{"id":3899,"date":"2016-02-23T14:08:19","date_gmt":"2016-02-23T13:08:19","guid":{"rendered":"http:\/\/www.amuz.krakow.pl\/?page_id=3899"},"modified":"2026-03-17T12:13:54","modified_gmt":"2026-03-17T11:13:54","slug":"letnia-akademia-muzyczna","status":"publish","type":"page","link":"https:\/\/www.amuz.krakow.pl\/en\/letnia-akademia-muzyczna\/","title":{"rendered":"Summer Academy of Music"},"content":{"rendered":"<p><a href=\"https:\/\/www.amuz.krakow.pl\/wp-content\/uploads\/2026\/03\/LAM-28-plakaty.jpg\" target=\"_blank\" rel=\"noopener\"><img loading=\"lazy\" decoding=\"async\" class=\"aligncenter wp-image-116498 size-full\" src=\"https:\/\/www.amuz.krakow.pl\/wp-content\/uploads\/2026\/03\/LAM-28-plakaty.jpg\" alt=\"\" width=\"1389\" height=\"1956\" srcset=\"https:\/\/www.amuz.krakow.pl\/wp-content\/uploads\/2026\/03\/LAM-28-plakaty.jpg 1389w, https:\/\/www.amuz.krakow.pl\/wp-content\/uploads\/2026\/03\/LAM-28-plakaty-213x300.jpg 213w, https:\/\/www.amuz.krakow.pl\/wp-content\/uploads\/2026\/03\/LAM-28-plakaty-768x1082.jpg 768w, https:\/\/www.amuz.krakow.pl\/wp-content\/uploads\/2026\/03\/LAM-28-plakaty-1091x1536.jpg 1091w\" sizes=\"auto, (max-width: 1389px) 100vw, 1389px\" \/><\/a><\/p>\n<p style=\"text-align: center;\"><span style=\"font-size: 10pt;\">Patronage: <\/span><a href=\"https:\/\/przesluchania.com\/\" target=\"_blank\" rel=\"noopener\"><img loading=\"lazy\" decoding=\"async\" class=\"wp-image-74157 aligncenter\" src=\"https:\/\/www.amuz.krakow.pl\/wp-content\/uploads\/2023\/05\/przesluchania.jpg\" alt=\"\" width=\"245\" height=\"150\" srcset=\"https:\/\/www.amuz.krakow.pl\/wp-content\/uploads\/2023\/05\/przesluchania.jpg 1258w, https:\/\/www.amuz.krakow.pl\/wp-content\/uploads\/2023\/05\/przesluchania-300x184.jpg 300w, https:\/\/www.amuz.krakow.pl\/wp-content\/uploads\/2023\/05\/przesluchania-768x470.jpg 768w\" sizes=\"auto, (max-width: 245px) 100vw, 245px\" \/><\/a><\/p>\n<p style=\"text-align: justify;\">The Summer Music Academy was established in 1999 by the then Dean of the Academy of Music in Krak\u00f3w, Prof. Andrzej Pikul, PhD, who has been its Artistic Director ever since. The idea behind the project was to start summer holiday music master classes in Krak\u00f3w, following the example of Accademia Muciale Chigiana in Sienna or Mozarteum in Salzburg. The classes comprise all the instruments, vocal performance, composition and conducting.<\/p>\n<p style=\"text-align: justify;\">The twenty-seven editions held so far included over 4000 participants from almost all over the world, including Australia, Japan, Korea, China, Singapore, the USA, Canada, Brazil, Chile, Uruguay and almost all the countries in Europe. A lot of the Summer Academy participants have won awards in international performance competitions.<\/p>\n<p style=\"text-align: justify;\">The classes have been taught by the most eminent members of the faculty of the Academy of Music in Krak\u00f3w, including Kaja Danczowska, Ryszard Karczykowski, Krystyna Moszuma\u0144ska-Nazar, El\u017cbieta Stefa\u0144ska, Barbara \u015awi\u0105tek-\u017belazna, as well as such world-renowned artists as Paul Badura-Skoda, Carlos Cebro, Konstanze Eickhorst, Peter Lukas Graf, Adam Harasiewicz, Eric Heidsiec, Kevin Kenner, Yair Kless, Charlotte Lehmann, Solomon Mikowsky, Alison Pearce, Regina Smendzianka, Dina Yoffe, Aquiles delle Vigne and others.<\/p>\n<p style=\"text-align: justify;\">The previous editions of the Summer Music Academy have proved there is a great need for its continuation. The prestige of the classes and concerts, which has been growing by the year, has placed the Summer Academy among the major artistic summer events in our country and in Europe.<\/p>\n<p style=\"text-align: justify;\"><strong>The twenty-eighth Summer Music Academy will be held from the 24th to the 30th August 2025.<\/strong><\/p>\n<p style=\"text-align: justify;\">The concerts of the best participants will be held in our beautiful Florianka Concert Hall. Similarly to the preceding years, we expect a large group of participants, who will be able to perfect their art under the guidance of outstanding artists and also enjoy the beauty of our city. Owing to Krak\u00f3w\u2019s unique atmosphere conducive to artistic creation, both the masters and the students come here with the same enthusiasm to inspire each other and share the beauty of music that we all love.<\/p>\n<p><\/p>","protected":false},"excerpt":{"rendered":"<p>Patronage: The Summer Music Academy was established in 1999 by the then Dean of the Academy of Music in Krak\u00f3w, Prof. Andrzej Pikul, PhD, who has been its Artistic Director&hellip; <a href=\"https:\/\/www.amuz.krakow.pl\/en\/letnia-akademia-muzyczna\/\">Continue reading<\/a><\/p>\n","protected":false},"author":72,"featured_media":116497,"parent":0,"menu_order":0,"comment_status":"closed","ping_status":"closed","template":"","meta":{"footnotes":"","_links_to":"","_links_to_target":""},"class_list":["post-3899","page","type-page","status-publish","has-post-thumbnail","hentry"],"yoast_head":"<!-- This site is optimized with the Yoast SEO plugin v27.2 - https:\/\/yoast.com\/product\/yoast-seo-wordpress\/ -->\n<title>AMKP - Akademia Muzyczna im. Krzysztofa Pendereckiego w Krakowie<\/title>\n<meta name=\"robots\" content=\"index, follow, max-snippet:-1, max-image-preview:large, max-video-preview:-1\" \/>\n<link rel=\"canonical\" href=\"https:\/\/www.amuz.krakow.pl\/letnia-akademia-muzyczna\/\" \/>\n<meta property=\"og:locale\" content=\"en_US\" \/>\n<meta property=\"og:type\" content=\"article\" \/>\n<meta property=\"og:title\" content=\"AMKP - Akademia Muzyczna im. Krzysztofa Pendereckiego w Krakowie\" \/>\n<meta property=\"og:description\" content=\"Patronage: The Summer Music Academy was established in 1999 by the then Dean of the Academy of Music in Krak\u00f3w, Prof. Andrzej Pikul, PhD, who has been its Artistic Director&hellip; Continue reading\" \/>\n<meta property=\"og:url\" content=\"https:\/\/www.amuz.krakow.pl\/letnia-akademia-muzyczna\/\" \/>\n<meta property=\"og:site_name\" content=\"Akademia Muzyczna im. Krzysztofa Pendereckiego w Krakowie\" \/>\n<meta property=\"article:publisher\" content=\"https:\/\/www.facebook.com\/amuz.krakow\" \/>\n<meta property=\"article:modified_time\" content=\"2026-03-17T11:13:54+00:00\" \/>\n<meta property=\"og:image\" content=\"https:\/\/www.amuz.krakow.pl\/wp-content\/uploads\/2020\/08\/banner-LAM-2020.jpg\" \/>\n\t<meta property=\"og:image:width\" content=\"900\" \/>\n\t<meta property=\"og:image:height\" content=\"447\" \/>\n\t<meta property=\"og:image:type\" content=\"image\/jpeg\" \/>\n<meta name=\"twitter:card\" content=\"summary_large_image\" \/>\n<meta name=\"twitter:label1\" content=\"Est. reading time\" \/>\n\t<meta name=\"twitter:data1\" content=\"3 minutes\" \/>\n<script type=\"application\/ld+json\" class=\"yoast-schema-graph\">{\"@context\":\"https:\/\/schema.org\",\"@graph\":[{\"@type\":\"WebPage\",\"@id\":\"https:\/\/www.amuz.krakow.pl\/letnia-akademia-muzyczna\/\",\"url\":\"https:\/\/www.amuz.krakow.pl\/letnia-akademia-muzyczna\/\",\"name\":\"AMKP - Akademia Muzyczna im. Krzysztofa Pendereckiego w Krakowie\",\"isPartOf\":{\"@id\":\"https:\/\/www.amuz.krakow.pl\/#website\"},\"primaryImageOfPage\":{\"@id\":\"https:\/\/www.amuz.krakow.pl\/letnia-akademia-muzyczna\/#primaryimage\"},\"image\":{\"@id\":\"https:\/\/www.amuz.krakow.pl\/letnia-akademia-muzyczna\/#primaryimage\"},\"thumbnailUrl\":\"https:\/\/www.amuz.krakow.pl\/wp-content\/uploads\/2026\/03\/LAM-28-kafel.jpg\",\"datePublished\":\"2016-02-23T13:08:19+00:00\",\"dateModified\":\"2026-03-17T11:13:54+00:00\",\"breadcrumb\":{\"@id\":\"https:\/\/www.amuz.krakow.pl\/letnia-akademia-muzyczna\/#breadcrumb\"},\"inLanguage\":\"en-US\",\"potentialAction\":[{\"@type\":\"ReadAction\",\"target\":[\"https:\/\/www.amuz.krakow.pl\/letnia-akademia-muzyczna\/\"]}]},{\"@type\":\"ImageObject\",\"inLanguage\":\"en-US\",\"@id\":\"https:\/\/www.amuz.krakow.pl\/letnia-akademia-muzyczna\/#primaryimage\",\"url\":\"https:\/\/www.amuz.krakow.pl\/wp-content\/uploads\/2026\/03\/LAM-28-kafel.jpg\",\"contentUrl\":\"https:\/\/www.amuz.krakow.pl\/wp-content\/uploads\/2026\/03\/LAM-28-kafel.jpg\",\"width\":1134,\"height\":567},{\"@type\":\"BreadcrumbList\",\"@id\":\"https:\/\/www.amuz.krakow.pl\/letnia-akademia-muzyczna\/#breadcrumb\",\"itemListElement\":[{\"@type\":\"ListItem\",\"position\":1,\"name\":\"Strona g\u0142\u00f3wna\",\"item\":\"https:\/\/www.amuz.krakow.pl\/\"},{\"@type\":\"ListItem\",\"position\":2,\"name\":\"Letnia Akademia Muzyczna\"}]},{\"@type\":\"WebSite\",\"@id\":\"https:\/\/www.amuz.krakow.pl\/#website\",\"url\":\"https:\/\/www.amuz.krakow.pl\/\",\"name\":\"Akademia Muzyczna im. Krzysztofa Pendereckiego w Krakowie\",\"description\":\"Oficjalna strona Akademii Muzycznej im. Krzysztofa Pendereckiego w Krakowie (AMKP).\",\"publisher\":{\"@id\":\"https:\/\/www.amuz.krakow.pl\/#organization\"},\"alternateName\":\"AMKP\",\"potentialAction\":[{\"@type\":\"SearchAction\",\"target\":{\"@type\":\"EntryPoint\",\"urlTemplate\":\"https:\/\/www.amuz.krakow.pl\/?s={search_term_string}\"},\"query-input\":{\"@type\":\"PropertyValueSpecification\",\"valueRequired\":true,\"valueName\":\"search_term_string\"}}],\"inLanguage\":\"en-US\"},{\"@type\":\"Organization\",\"@id\":\"https:\/\/www.amuz.krakow.pl\/#organization\",\"name\":\"Akademia Muzyczna im. Krzysztofa Pendereckiego w Krakowie\",\"alternateName\":\"AMKP\",\"url\":\"https:\/\/www.amuz.krakow.pl\/\",\"logo\":{\"@type\":\"ImageObject\",\"inLanguage\":\"en-US\",\"@id\":\"https:\/\/www.amuz.krakow.pl\/#\/schema\/logo\/image\/\",\"url\":\"https:\/\/www.amuz.krakow.pl\/wp-content\/uploads\/2021\/11\/amkp.jpg\",\"contentUrl\":\"https:\/\/www.amuz.krakow.pl\/wp-content\/uploads\/2021\/11\/amkp.jpg\",\"width\":1193,\"height\":591,\"caption\":\"Akademia Muzyczna im. Krzysztofa Pendereckiego w Krakowie\"},\"image\":{\"@id\":\"https:\/\/www.amuz.krakow.pl\/#\/schema\/logo\/image\/\"},\"sameAs\":[\"https:\/\/www.facebook.com\/amuz.krakow\",\"https:\/\/www.instagram.com\/amkpenderecki\/\",\"https:\/\/www.youtube.com\/@amkpenderecki4806\"]}]}<\/script>\n<!-- \/ Yoast SEO plugin. -->","yoast_head_json":{"title":"AMKP - Akademia Muzyczna im. Krzysztofa Pendereckiego w Krakowie","robots":{"index":"index","follow":"follow","max-snippet":"max-snippet:-1","max-image-preview":"max-image-preview:large","max-video-preview":"max-video-preview:-1"},"canonical":"https:\/\/www.amuz.krakow.pl\/letnia-akademia-muzyczna\/","og_locale":"en_US","og_type":"article","og_title":"AMKP - Akademia Muzyczna im. Krzysztofa Pendereckiego w Krakowie","og_description":"Patronage: The Summer Music Academy was established in 1999 by the then Dean of the Academy of Music in Krak\u00f3w, Prof. Andrzej Pikul, PhD, who has been its Artistic Director&hellip; Continue reading","og_url":"https:\/\/www.amuz.krakow.pl\/letnia-akademia-muzyczna\/","og_site_name":"Akademia Muzyczna im. Krzysztofa Pendereckiego w Krakowie","article_publisher":"https:\/\/www.facebook.com\/amuz.krakow","article_modified_time":"2026-03-17T11:13:54+00:00","og_image":[{"width":900,"height":447,"url":"https:\/\/www.amuz.krakow.pl\/wp-content\/uploads\/2020\/08\/banner-LAM-2020.jpg","type":"image\/jpeg"}],"twitter_card":"summary_large_image","twitter_misc":{"Est. reading time":"3 minutes"},"schema":{"@context":"https:\/\/schema.org","@graph":[{"@type":"WebPage","@id":"https:\/\/www.amuz.krakow.pl\/letnia-akademia-muzyczna\/","url":"https:\/\/www.amuz.krakow.pl\/letnia-akademia-muzyczna\/","name":"AMKP - Akademia Muzyczna im. Krzysztofa Pendereckiego w Krakowie","isPartOf":{"@id":"https:\/\/www.amuz.krakow.pl\/#website"},"primaryImageOfPage":{"@id":"https:\/\/www.amuz.krakow.pl\/letnia-akademia-muzyczna\/#primaryimage"},"image":{"@id":"https:\/\/www.amuz.krakow.pl\/letnia-akademia-muzyczna\/#primaryimage"},"thumbnailUrl":"https:\/\/www.amuz.krakow.pl\/wp-content\/uploads\/2026\/03\/LAM-28-kafel.jpg","datePublished":"2016-02-23T13:08:19+00:00","dateModified":"2026-03-17T11:13:54+00:00","breadcrumb":{"@id":"https:\/\/www.amuz.krakow.pl\/letnia-akademia-muzyczna\/#breadcrumb"},"inLanguage":"en-US","potentialAction":[{"@type":"ReadAction","target":["https:\/\/www.amuz.krakow.pl\/letnia-akademia-muzyczna\/"]}]},{"@type":"ImageObject","inLanguage":"en-US","@id":"https:\/\/www.amuz.krakow.pl\/letnia-akademia-muzyczna\/#primaryimage","url":"https:\/\/www.amuz.krakow.pl\/wp-content\/uploads\/2026\/03\/LAM-28-kafel.jpg","contentUrl":"https:\/\/www.amuz.krakow.pl\/wp-content\/uploads\/2026\/03\/LAM-28-kafel.jpg","width":1134,"height":567},{"@type":"BreadcrumbList","@id":"https:\/\/www.amuz.krakow.pl\/letnia-akademia-muzyczna\/#breadcrumb","itemListElement":[{"@type":"ListItem","position":1,"name":"Strona g\u0142\u00f3wna","item":"https:\/\/www.amuz.krakow.pl\/"},{"@type":"ListItem","position":2,"name":"Letnia Akademia Muzyczna"}]},{"@type":"WebSite","@id":"https:\/\/www.amuz.krakow.pl\/#website","url":"https:\/\/www.amuz.krakow.pl\/","name":"Akademia Muzyczna im. Krzysztofa Pendereckiego w Krakowie","description":"Oficjalna strona Akademii Muzycznej im. Krzysztofa Pendereckiego w Krakowie (AMKP).","publisher":{"@id":"https:\/\/www.amuz.krakow.pl\/#organization"},"alternateName":"AMKP","potentialAction":[{"@type":"SearchAction","target":{"@type":"EntryPoint","urlTemplate":"https:\/\/www.amuz.krakow.pl\/?s={search_term_string}"},"query-input":{"@type":"PropertyValueSpecification","valueRequired":true,"valueName":"search_term_string"}}],"inLanguage":"en-US"},{"@type":"Organization","@id":"https:\/\/www.amuz.krakow.pl\/#organization","name":"Akademia Muzyczna im. Krzysztofa Pendereckiego w Krakowie","alternateName":"AMKP","url":"https:\/\/www.amuz.krakow.pl\/","logo":{"@type":"ImageObject","inLanguage":"en-US","@id":"https:\/\/www.amuz.krakow.pl\/#\/schema\/logo\/image\/","url":"https:\/\/www.amuz.krakow.pl\/wp-content\/uploads\/2021\/11\/amkp.jpg","contentUrl":"https:\/\/www.amuz.krakow.pl\/wp-content\/uploads\/2021\/11\/amkp.jpg","width":1193,"height":591,"caption":"Akademia Muzyczna im. Krzysztofa Pendereckiego w Krakowie"},"image":{"@id":"https:\/\/www.amuz.krakow.pl\/#\/schema\/logo\/image\/"},"sameAs":["https:\/\/www.facebook.com\/amuz.krakow","https:\/\/www.instagram.com\/amkpenderecki\/","https:\/\/www.youtube.com\/@amkpenderecki4806"]}]}},"_links":{"self":[{"href":"https:\/\/www.amuz.krakow.pl\/en\/wp-json\/wp\/v2\/pages\/3899","targetHints":{"allow":["GET"]}}],"collection":[{"href":"https:\/\/www.amuz.krakow.pl\/en\/wp-json\/wp\/v2\/pages"}],"about":[{"href":"https:\/\/www.amuz.krakow.pl\/en\/wp-json\/wp\/v2\/types\/page"}],"author":[{"embeddable":true,"href":"https:\/\/www.amuz.krakow.pl\/en\/wp-json\/wp\/v2\/users\/72"}],"replies":[{"embeddable":true,"href":"https:\/\/www.amuz.krakow.pl\/en\/wp-json\/wp\/v2\/comments?post=3899"}],"version-history":[{"count":129,"href":"https:\/\/www.amuz.krakow.pl\/en\/wp-json\/wp\/v2\/pages\/3899\/revisions"}],"predecessor-version":[{"id":116499,"href":"https:\/\/www.amuz.krakow.pl\/en\/wp-json\/wp\/v2\/pages\/3899\/revisions\/116499"}],"wp:featuredmedia":[{"embeddable":true,"href":"https:\/\/www.amuz.krakow.pl\/en\/wp-json\/wp\/v2\/media\/116497"}],"wp:attachment":[{"href":"https:\/\/www.amuz.krakow.pl\/en\/wp-json\/wp\/v2\/media?parent=3899"}],"curies":[{"name":"wp","href":"https:\/\/api.w.org\/{rel}","templated":true}]}}