{"id":385,"date":"2015-12-04T12:34:18","date_gmt":"2015-12-04T11:34:18","guid":{"rendered":"http:\/\/strony.amuz.krakow.pl\/?page_id=385"},"modified":"2026-02-02T14:29:17","modified_gmt":"2026-02-02T13:29:17","slug":"1946-1952","status":"publish","type":"page","link":"https:\/\/www.amuz.krakow.pl\/en\/o-nas\/historia\/1946-1952\/","title":{"rendered":"1946 &#8211; 1979"},"content":{"rendered":"<p><\/p>\n<p style=\"text-align: justify;\"><b>1946 &#8211;\u00a01952<\/b><br \/>\nFirst Rector \u2013 <b>Professor Zbigniew Drzewiecki<\/b>, eminent pianist<br \/>\nDevelopment of the school and the formation of its present structure.<\/p>\n<p style=\"text-align: justify;\">\u2022 Initially the classes took place at 8 and 9 Basztowa street. Then the school moved to a\u00a0building at 24 Warszawska street (1948), while three years later\u2013 to a\u00a0building at Starowi\u015blna street [then Bohater\u00f3w Stalingradu street] &#8211;\u00a01951.<br \/>\n\u2022 Four faculties: I\u00a0(composition, theory and conducting), II instrumental, III vocal, IV pedagogical.<br \/>\n\u2022 Due to the efforts of W\u0142odzimierz Kaczmar, an opera section was formed at the Vocal Faculty.<\/p>\n<p style=\"text-align: justify;\"><b>1952 &#8211;\u00a01955<\/b><br \/>\nRector &#8211;\u00a0<b>Prof. Dr Stefania \u0141obaczewska<\/b>, eminent musicologist<\/p>\n<p style=\"text-align: justify;\">\u2022 Development of the opera section. Opera stagings: fragments of the <i>Haunted Manor<\/i>,<i>Rigoletto<\/i>, <i>Faust,<\/i> <i>Halka<\/i> as well as of the entire <i>Traviata<\/i> and <i>Eugene Onegin.<\/i><br \/>\n\u2022 The Ministry of Culture and Art issued a\u00a0directive introducing a\u00a0three-year study combined with a\u00a0state scholarship that enabled gifted students further artistic development. (<b>1952<\/b>)<br \/>\n\u2022 The Student Research Group of the School organized a\u00a0national assembly of student research groups combined with a\u00a0session devoted to the issue of music popularization. (<b>1955<\/b>)<\/p>\n<p style=\"text-align: justify;\"><b>1955 &#8211;\u00a01964<\/b><br \/>\nRector &#8211;\u00a0<b>Prof. Bronis\u0142aw Rutkowski<\/b>, eminent organist, propagator of music<\/p>\n<p style=\"text-align: justify;\">\u2022 Introduction of teamwork in the form of seven departments (including the Intercollegiate Organ Faculty of national scope).<br \/>\n\u2022 Formation of B section at the Pedagogical Faculty \u2013 for educating teachers in a\u00a0part- time study system.<br \/>\n\u2022 Organization of meetings with musicians from abroad, such as: N. Boulanger, K. Regamey, A. Rubinstein, W. Ma\u0142cu\u017cy\u0144ski, L. Nono, V. Smeta\u010dek, J. Chailley, Ting Shan-te, P. Czuchna, I. Be\u0142za, B. Latoszy\u0144ski, N. Slonimsky and others.<br \/>\n\u2022 The School received newly restored Florianka Concert Hall at Basztowa street (<b>1956<\/b>); in 1959 the new organ was handed over (W. Biernacki, 30 voices).<br \/>\n\u2022 The Act of Parliament from 1962 gave the School full academic rights.<br \/>\n\u2022 Formation of the Music Acoustics Department. (<b>1962<\/b>)<\/p>\n<p style=\"text-align: justify;\"><b>1964 &#8211;\u00a01966<\/b><br \/>\nRector &#8211;<b> Prof. Eugenia Umi\u0144ska<\/b>, eminent violinist<\/p>\n<p style=\"text-align: justify;\">\u2022 Formation of the academic orchestra, conducted by Krzysztof Missona. (1965)<br \/>\n\u2022 Academic session devoted to social changes in the functions of music. (1965)<br \/>\n\u2022 Preparation of pedagogical publications to be published by Polskie Wydawnictwo Muzyczne [PWM Edition].<\/p>\n<p style=\"text-align: justify;\"><b>1965<\/b><br \/>\nFoundation of an annual festival Days of Organ Music in cooperation with the Cracow Philharmonic.<\/p>\n<p style=\"text-align: justify;\"><b>1966 &#8211;\u00a01969<\/b><br \/>\nRector &#8211;\u00a0<b>Prof. Jan Hoffman<\/b>, distinguished pianist<\/p>\n<p style=\"text-align: justify;\">\u2022 &#8220;Musical Evenings&#8221; \u2013 a\u00a0concert cycle featuring students of The Academy.<br \/>\n\u2022 Artistic achievements of the academic choir, orchestra and soloists (the performance of Prokofiev\u2019s Classical Symphony and of Mozart\u2019s Requiem at the National Philharmonic Hall in Warsaw).<br \/>\n\u2022 Open lectures given by eminent representatives of various academic fields.<\/p>\n<p style=\"text-align: justify;\"><b>1966<\/b><br \/>\nFormation of the Postgraduate Study in Music Editing under the supervision of Prof. M. Tomaszewski.<\/p>\n<p style=\"text-align: justify;\"><b>1969 &#8211;\u00a01972<\/b><br \/>\nRector &#8211;\u00a0<b>Prof. J\u00f3zef Chwedczuk<\/b>, distinguished organist<\/p>\n<p style=\"text-align: justify;\">\u2022 Foundation of the Foreign Languages Study. (1970)<br \/>\n\u2022 Monthly concert cycles &#8220;Young Musicians\u2019 Stage&#8221;. (1971)<\/p>\n<p style=\"text-align: justify;\">\u2022 Academic session devoted to organ performance practice on the occasion of Prof. Chwedczuk\u2019s anniversary. (1972)<\/p>\n<p style=\"text-align: justify;\"><b>1970 &#8211;\u00a01983<\/b><br \/>\nCo-organization of the Jan Kiepura Vocal Contest.<\/p>\n<p style=\"text-align: justify;\"><b>1972 &#8211;\u00a01987<\/b><br \/>\nRector &#8211;<b> Prof. Dr h.c. Krzysztof Penderecki<\/b>, eminent composer<\/p>\n<p style=\"text-align: justify;\">\u2022 The foundation of the Electroacoustic Music Studio. (1974)<br \/>\n\u2022 The foundation of the Department of Music Analysis and Interpretation. (<b>1975<\/b>)<br \/>\n\u2022 Co-organization of a\u00a0festival &#8220;Young Musicians for the Young City&#8221; in Stalowa Wola.\u00a0(1975-79)<br \/>\n\u2022 Organization of Musical Meetings in Baran\u00f3w Sandomierski. (1976-81)<\/p>\n<p><\/p>","protected":false},"excerpt":{"rendered":"<p>1946 &#8211;\u00a01952 First Rector \u2013 Professor Zbigniew Drzewiecki, eminent pianist Development of the school and the formation of its present structure. \u2022 Initially the classes took place at 8 and&hellip; <a href=\"https:\/\/www.amuz.krakow.pl\/en\/o-nas\/historia\/1946-1952\/\">Continue reading<\/a><\/p>\n","protected":false},"author":72,"featured_media":795,"parent":211,"menu_order":2,"comment_status":"closed","ping_status":"closed","template":"","meta":{"footnotes":"","_links_to":"","_links_to_target":""},"class_list":["post-385","page","type-page","status-publish","has-post-thumbnail","hentry"],"yoast_head":"<!-- This site is optimized with the Yoast SEO plugin v27.4 - https:\/\/yoast.com\/product\/yoast-seo-wordpress\/ -->\n<title>AMKP - Akademia Muzyczna im. Krzysztofa Pendereckiego w Krakowie<\/title>\n<meta name=\"robots\" content=\"index, follow, max-snippet:-1, max-image-preview:large, max-video-preview:-1\" \/>\n<link rel=\"canonical\" href=\"https:\/\/www.amuz.krakow.pl\/o-nas\/historia\/1946-1952\/\" \/>\n<meta property=\"og:locale\" content=\"en_US\" \/>\n<meta property=\"og:type\" content=\"article\" \/>\n<meta property=\"og:title\" content=\"AMKP - Akademia Muzyczna im. Krzysztofa Pendereckiego w Krakowie\" \/>\n<meta property=\"og:description\" content=\"1946 &#8211;\u00a01952 First Rector \u2013 Professor Zbigniew Drzewiecki, eminent pianist Development of the school and the formation of its present structure. \u2022 Initially the classes took place at 8 and&hellip; Continue reading\" \/>\n<meta property=\"og:url\" content=\"https:\/\/www.amuz.krakow.pl\/o-nas\/historia\/1946-1952\/\" \/>\n<meta property=\"og:site_name\" content=\"Akademia Muzyczna im. Krzysztofa Pendereckiego w Krakowie\" \/>\n<meta property=\"article:publisher\" content=\"https:\/\/www.facebook.com\/amuz.krakow\" \/>\n<meta property=\"article:modified_time\" content=\"2026-02-02T13:29:17+00:00\" \/>\n<meta property=\"og:image\" content=\"https:\/\/www.amuz.krakow.pl\/wp-content\/uploads\/2015\/12\/Nowy-2.jpg\" \/>\n\t<meta property=\"og:image:width\" content=\"680\" \/>\n\t<meta property=\"og:image:height\" content=\"483\" \/>\n\t<meta property=\"og:image:type\" content=\"image\/jpeg\" \/>\n<meta name=\"twitter:card\" content=\"summary_large_image\" \/>\n<meta name=\"twitter:label1\" content=\"Est. reading time\" \/>\n\t<meta name=\"twitter:data1\" content=\"3 minutes\" \/>\n<script type=\"application\/ld+json\" class=\"yoast-schema-graph\">{\"@context\":\"https:\\\/\\\/schema.org\",\"@graph\":[{\"@type\":\"WebPage\",\"@id\":\"https:\\\/\\\/www.amuz.krakow.pl\\\/o-nas\\\/historia\\\/1946-1952\\\/\",\"url\":\"https:\\\/\\\/www.amuz.krakow.pl\\\/o-nas\\\/historia\\\/1946-1952\\\/\",\"name\":\"AMKP - Akademia Muzyczna im. Krzysztofa Pendereckiego w Krakowie\",\"isPartOf\":{\"@id\":\"https:\\\/\\\/www.amuz.krakow.pl\\\/#website\"},\"primaryImageOfPage\":{\"@id\":\"https:\\\/\\\/www.amuz.krakow.pl\\\/o-nas\\\/historia\\\/1946-1952\\\/#primaryimage\"},\"image\":{\"@id\":\"https:\\\/\\\/www.amuz.krakow.pl\\\/o-nas\\\/historia\\\/1946-1952\\\/#primaryimage\"},\"thumbnailUrl\":\"https:\\\/\\\/www.amuz.krakow.pl\\\/wp-content\\\/uploads\\\/2015\\\/12\\\/Nowy-2.jpg\",\"datePublished\":\"2015-12-04T11:34:18+00:00\",\"dateModified\":\"2026-02-02T13:29:17+00:00\",\"breadcrumb\":{\"@id\":\"https:\\\/\\\/www.amuz.krakow.pl\\\/o-nas\\\/historia\\\/1946-1952\\\/#breadcrumb\"},\"inLanguage\":\"en-US\",\"potentialAction\":[{\"@type\":\"ReadAction\",\"target\":[\"https:\\\/\\\/www.amuz.krakow.pl\\\/o-nas\\\/historia\\\/1946-1952\\\/\"]}]},{\"@type\":\"ImageObject\",\"inLanguage\":\"en-US\",\"@id\":\"https:\\\/\\\/www.amuz.krakow.pl\\\/o-nas\\\/historia\\\/1946-1952\\\/#primaryimage\",\"url\":\"https:\\\/\\\/www.amuz.krakow.pl\\\/wp-content\\\/uploads\\\/2015\\\/12\\\/Nowy-2.jpg\",\"contentUrl\":\"https:\\\/\\\/www.amuz.krakow.pl\\\/wp-content\\\/uploads\\\/2015\\\/12\\\/Nowy-2.jpg\",\"width\":680,\"height\":483},{\"@type\":\"BreadcrumbList\",\"@id\":\"https:\\\/\\\/www.amuz.krakow.pl\\\/o-nas\\\/historia\\\/1946-1952\\\/#breadcrumb\",\"itemListElement\":[{\"@type\":\"ListItem\",\"position\":1,\"name\":\"Strona g\u0142\u00f3wna\",\"item\":\"https:\\\/\\\/www.amuz.krakow.pl\\\/\"},{\"@type\":\"ListItem\",\"position\":2,\"name\":\"O&nbsp;nas\",\"item\":\"https:\\\/\\\/www.amuz.krakow.pl\\\/o-nas\\\/\"},{\"@type\":\"ListItem\",\"position\":3,\"name\":\"Historia\",\"item\":\"https:\\\/\\\/www.amuz.krakow.pl\\\/o-nas\\\/historia\\\/\"},{\"@type\":\"ListItem\",\"position\":4,\"name\":\"1946 &#8211; 1979\"}]},{\"@type\":\"WebSite\",\"@id\":\"https:\\\/\\\/www.amuz.krakow.pl\\\/#website\",\"url\":\"https:\\\/\\\/www.amuz.krakow.pl\\\/\",\"name\":\"Akademia Muzyczna im. Krzysztofa Pendereckiego w Krakowie\",\"description\":\"Oficjalna strona Akademii Muzycznej im. Krzysztofa Pendereckiego w Krakowie (AMKP).\",\"publisher\":{\"@id\":\"https:\\\/\\\/www.amuz.krakow.pl\\\/#organization\"},\"alternateName\":\"AMKP\",\"potentialAction\":[{\"@type\":\"SearchAction\",\"target\":{\"@type\":\"EntryPoint\",\"urlTemplate\":\"https:\\\/\\\/www.amuz.krakow.pl\\\/?s={search_term_string}\"},\"query-input\":{\"@type\":\"PropertyValueSpecification\",\"valueRequired\":true,\"valueName\":\"search_term_string\"}}],\"inLanguage\":\"en-US\"},{\"@type\":\"Organization\",\"@id\":\"https:\\\/\\\/www.amuz.krakow.pl\\\/#organization\",\"name\":\"Akademia Muzyczna im. Krzysztofa Pendereckiego w Krakowie\",\"alternateName\":\"AMKP\",\"url\":\"https:\\\/\\\/www.amuz.krakow.pl\\\/\",\"logo\":{\"@type\":\"ImageObject\",\"inLanguage\":\"en-US\",\"@id\":\"https:\\\/\\\/www.amuz.krakow.pl\\\/#\\\/schema\\\/logo\\\/image\\\/\",\"url\":\"https:\\\/\\\/www.amuz.krakow.pl\\\/wp-content\\\/uploads\\\/2021\\\/11\\\/amkp.jpg\",\"contentUrl\":\"https:\\\/\\\/www.amuz.krakow.pl\\\/wp-content\\\/uploads\\\/2021\\\/11\\\/amkp.jpg\",\"width\":1193,\"height\":591,\"caption\":\"Akademia Muzyczna im. Krzysztofa Pendereckiego w Krakowie\"},\"image\":{\"@id\":\"https:\\\/\\\/www.amuz.krakow.pl\\\/#\\\/schema\\\/logo\\\/image\\\/\"},\"sameAs\":[\"https:\\\/\\\/www.facebook.com\\\/amuz.krakow\",\"https:\\\/\\\/www.instagram.com\\\/amkpenderecki\\\/\",\"https:\\\/\\\/www.youtube.com\\\/@amkpenderecki4806\"]}]}<\/script>\n<!-- \/ Yoast SEO plugin. -->","yoast_head_json":{"title":"AMKP - Akademia Muzyczna im. Krzysztofa Pendereckiego w Krakowie","robots":{"index":"index","follow":"follow","max-snippet":"max-snippet:-1","max-image-preview":"max-image-preview:large","max-video-preview":"max-video-preview:-1"},"canonical":"https:\/\/www.amuz.krakow.pl\/o-nas\/historia\/1946-1952\/","og_locale":"en_US","og_type":"article","og_title":"AMKP - Akademia Muzyczna im. Krzysztofa Pendereckiego w Krakowie","og_description":"1946 &#8211;\u00a01952 First Rector \u2013 Professor Zbigniew Drzewiecki, eminent pianist Development of the school and the formation of its present structure. \u2022 Initially the classes took place at 8 and&hellip; Continue reading","og_url":"https:\/\/www.amuz.krakow.pl\/o-nas\/historia\/1946-1952\/","og_site_name":"Akademia Muzyczna im. Krzysztofa Pendereckiego w Krakowie","article_publisher":"https:\/\/www.facebook.com\/amuz.krakow","article_modified_time":"2026-02-02T13:29:17+00:00","og_image":[{"width":680,"height":483,"url":"https:\/\/www.amuz.krakow.pl\/wp-content\/uploads\/2015\/12\/Nowy-2.jpg","type":"image\/jpeg"}],"twitter_card":"summary_large_image","twitter_misc":{"Est. reading time":"3 minutes"},"schema":{"@context":"https:\/\/schema.org","@graph":[{"@type":"WebPage","@id":"https:\/\/www.amuz.krakow.pl\/o-nas\/historia\/1946-1952\/","url":"https:\/\/www.amuz.krakow.pl\/o-nas\/historia\/1946-1952\/","name":"AMKP - Akademia Muzyczna im. Krzysztofa Pendereckiego w Krakowie","isPartOf":{"@id":"https:\/\/www.amuz.krakow.pl\/#website"},"primaryImageOfPage":{"@id":"https:\/\/www.amuz.krakow.pl\/o-nas\/historia\/1946-1952\/#primaryimage"},"image":{"@id":"https:\/\/www.amuz.krakow.pl\/o-nas\/historia\/1946-1952\/#primaryimage"},"thumbnailUrl":"https:\/\/www.amuz.krakow.pl\/wp-content\/uploads\/2015\/12\/Nowy-2.jpg","datePublished":"2015-12-04T11:34:18+00:00","dateModified":"2026-02-02T13:29:17+00:00","breadcrumb":{"@id":"https:\/\/www.amuz.krakow.pl\/o-nas\/historia\/1946-1952\/#breadcrumb"},"inLanguage":"en-US","potentialAction":[{"@type":"ReadAction","target":["https:\/\/www.amuz.krakow.pl\/o-nas\/historia\/1946-1952\/"]}]},{"@type":"ImageObject","inLanguage":"en-US","@id":"https:\/\/www.amuz.krakow.pl\/o-nas\/historia\/1946-1952\/#primaryimage","url":"https:\/\/www.amuz.krakow.pl\/wp-content\/uploads\/2015\/12\/Nowy-2.jpg","contentUrl":"https:\/\/www.amuz.krakow.pl\/wp-content\/uploads\/2015\/12\/Nowy-2.jpg","width":680,"height":483},{"@type":"BreadcrumbList","@id":"https:\/\/www.amuz.krakow.pl\/o-nas\/historia\/1946-1952\/#breadcrumb","itemListElement":[{"@type":"ListItem","position":1,"name":"Strona g\u0142\u00f3wna","item":"https:\/\/www.amuz.krakow.pl\/"},{"@type":"ListItem","position":2,"name":"O&nbsp;nas","item":"https:\/\/www.amuz.krakow.pl\/o-nas\/"},{"@type":"ListItem","position":3,"name":"Historia","item":"https:\/\/www.amuz.krakow.pl\/o-nas\/historia\/"},{"@type":"ListItem","position":4,"name":"1946 &#8211; 1979"}]},{"@type":"WebSite","@id":"https:\/\/www.amuz.krakow.pl\/#website","url":"https:\/\/www.amuz.krakow.pl\/","name":"Akademia Muzyczna im. Krzysztofa Pendereckiego w Krakowie","description":"Oficjalna strona Akademii Muzycznej im. Krzysztofa Pendereckiego w Krakowie (AMKP).","publisher":{"@id":"https:\/\/www.amuz.krakow.pl\/#organization"},"alternateName":"AMKP","potentialAction":[{"@type":"SearchAction","target":{"@type":"EntryPoint","urlTemplate":"https:\/\/www.amuz.krakow.pl\/?s={search_term_string}"},"query-input":{"@type":"PropertyValueSpecification","valueRequired":true,"valueName":"search_term_string"}}],"inLanguage":"en-US"},{"@type":"Organization","@id":"https:\/\/www.amuz.krakow.pl\/#organization","name":"Akademia Muzyczna im. Krzysztofa Pendereckiego w Krakowie","alternateName":"AMKP","url":"https:\/\/www.amuz.krakow.pl\/","logo":{"@type":"ImageObject","inLanguage":"en-US","@id":"https:\/\/www.amuz.krakow.pl\/#\/schema\/logo\/image\/","url":"https:\/\/www.amuz.krakow.pl\/wp-content\/uploads\/2021\/11\/amkp.jpg","contentUrl":"https:\/\/www.amuz.krakow.pl\/wp-content\/uploads\/2021\/11\/amkp.jpg","width":1193,"height":591,"caption":"Akademia Muzyczna im. Krzysztofa Pendereckiego w Krakowie"},"image":{"@id":"https:\/\/www.amuz.krakow.pl\/#\/schema\/logo\/image\/"},"sameAs":["https:\/\/www.facebook.com\/amuz.krakow","https:\/\/www.instagram.com\/amkpenderecki\/","https:\/\/www.youtube.com\/@amkpenderecki4806"]}]}},"_links":{"self":[{"href":"https:\/\/www.amuz.krakow.pl\/en\/wp-json\/wp\/v2\/pages\/385","targetHints":{"allow":["GET"]}}],"collection":[{"href":"https:\/\/www.amuz.krakow.pl\/en\/wp-json\/wp\/v2\/pages"}],"about":[{"href":"https:\/\/www.amuz.krakow.pl\/en\/wp-json\/wp\/v2\/types\/page"}],"author":[{"embeddable":true,"href":"https:\/\/www.amuz.krakow.pl\/en\/wp-json\/wp\/v2\/users\/72"}],"replies":[{"embeddable":true,"href":"https:\/\/www.amuz.krakow.pl\/en\/wp-json\/wp\/v2\/comments?post=385"}],"version-history":[{"count":4,"href":"https:\/\/www.amuz.krakow.pl\/en\/wp-json\/wp\/v2\/pages\/385\/revisions"}],"predecessor-version":[{"id":114364,"href":"https:\/\/www.amuz.krakow.pl\/en\/wp-json\/wp\/v2\/pages\/385\/revisions\/114364"}],"up":[{"embeddable":true,"href":"https:\/\/www.amuz.krakow.pl\/en\/wp-json\/wp\/v2\/pages\/211"}],"wp:featuredmedia":[{"embeddable":true,"href":"https:\/\/www.amuz.krakow.pl\/en\/wp-json\/wp\/v2\/media\/795"}],"wp:attachment":[{"href":"https:\/\/www.amuz.krakow.pl\/en\/wp-json\/wp\/v2\/media?parent=385"}],"curies":[{"name":"wp","href":"https:\/\/api.w.org\/{rel}","templated":true}]}}