{"id":38225,"date":"2020-04-19T17:05:49","date_gmt":"2020-04-19T15:05:49","guid":{"rendered":"https:\/\/www.amuz.krakow.pl\/?page_id=38225"},"modified":"2024-10-09T12:44:08","modified_gmt":"2024-10-09T10:44:08","slug":"dr-hab-lukasz-borowicz","status":"publish","type":"page","link":"https:\/\/www.amuz.krakow.pl\/en\/wydzialy\/wydzial-i-tworczosci-interpretacji-i-edukacji-muzycznej\/katedra-dyrygentury\/pracownicy\/dr-hab-lukasz-borowicz\/","title":{"rendered":"dr hab. \u0141ukasz Borowicz, prof. AMKP"},"content":{"rendered":"<p><figure id=\"attachment_69071\" aria-describedby=\"caption-attachment-69071\" style=\"width: 300px\" class=\"wp-caption aligncenter\"><a href=\"https:\/\/www.amuz.krakow.pl\/wp-content\/uploads\/2022\/12\/Lukasz-Borowicz-fot.-Katarzyna-Zalewska-3-scaled.jpg\" target=\"_blank\" rel=\"noopener\"><img loading=\"lazy\" decoding=\"async\" class=\"wp-image-69071 size-medium\" src=\"https:\/\/www.amuz.krakow.pl\/wp-content\/uploads\/2022\/12\/Lukasz-Borowicz-fot.-Katarzyna-Zalewska-3-300x200.jpg\" alt=\"\" width=\"300\" height=\"200\" srcset=\"https:\/\/www.amuz.krakow.pl\/wp-content\/uploads\/2022\/12\/Lukasz-Borowicz-fot.-Katarzyna-Zalewska-3-300x200.jpg 300w, https:\/\/www.amuz.krakow.pl\/wp-content\/uploads\/2022\/12\/Lukasz-Borowicz-fot.-Katarzyna-Zalewska-3-scaled.jpg 2048w, https:\/\/www.amuz.krakow.pl\/wp-content\/uploads\/2022\/12\/Lukasz-Borowicz-fot.-Katarzyna-Zalewska-3-768x511.jpg 768w, https:\/\/www.amuz.krakow.pl\/wp-content\/uploads\/2022\/12\/Lukasz-Borowicz-fot.-Katarzyna-Zalewska-3-1536x1022.jpg 1536w\" sizes=\"auto, (max-width: 300px) 100vw, 300px\" \/><\/a><figcaption id=\"caption-attachment-69071\" class=\"wp-caption-text\">Photo by Katarzyna Zalewska<\/figcaption><\/figure><\/p>\n<p>Music Director and Chief Conductor of the Pozna\u0144 Philharmonic, Principal Guest Conductor of the Cracow Philharmonic. One of the most versatile conductors of his generation, \u0141ukasz Borowicz regularly leads the major European orchestras in the core Germanic repertoire as well as important Central and Eastern-European works. He conducts opera and has received numerous prizes for his over 110 recordings. From 2007 to 2015 he was Chief Conductor of the Polish Radio Symphony Orchestra in Warsaw, and from 2006 to 2021 he was Principal Guest Conductor of the Poznan\u0301 Philharmonic.<\/p>\n<p>In the 22\/23 season Borowicz debuts with Israel Philharmonic, Bohuslav Martin\u016f Philharmonic (Zlin) and Georgisches Kammerorchester (Ingolstadt) and returns to WDR Sinfonieorchester, Prague Philharmonia PFK, Staatskapelle Halle, Jan\u00e1\u010dek Philharmonic Orchestra (Ostrava), Orchestre National de Lille, Pardubice Chamber Orchestra and Wroc\u0142aw Opera among others.<\/p>\n<p>In the 2020-2022 seasons Borowicz made his debuts with Orquestra Titular del Teatro Real (Madrid), Ch\u0153ur de l\u2019Op\u00e9ra national du Rhin, Orchestre symphonique de Mulhouse, Brandenburger Symphoniker and returned to L\u2019Op\u00e9ra Orchestre national Montpellier Occitanie, Prague Symphony Orchestra FOK among Prague Philharmonia PFK among others.<\/p>\n<p>\u0141ukasz Borowicz has appeared as guest conductor and recorded with London Philharmonic Orchestra, BBC Scottish Symphony Orchestra, BBC National Orchestra of Wales, Royal Philharmonic Orchestra, Paris Opera (<em>Les Huguenots<\/em>), SWR Sinfonieorchester, Bamberger Symphoniker. G\u00fcrzenich-Orchester K\u00f6ln, D\u00fcsseldorfer Symphoniker, Hamburger Symphoniker, MDR Sinfonieorchester, Luzerner Symfonieorchester, Luxembourg Philharmonic Orchestra, Queensland Symphony Orchestra, Trondheim Symphony Orchestra, Los Angeles Philharmonic New Music Group and a number of other orchestras and ensembles, including all the major Polish symphonies. He has led concerts at the Rossini Festival in Pesaro, Schleswig-Holstein Music Festival and Kissinger Sommer Festival, and has an ongoing relationship with the Beethoven Easter Festival in Warsaw, which has seen sixteen rarely played operas performed to date.<\/p>\n<p>Borowicz made his operatic debut at Polish National Opera with\u00a0<em>Don Giovanni<\/em>, which has been followed by over 190 performances at the house including several premieres. Recent opera premieres include a new production of Moniuszko\u2019s\u00a0<em>Halka\u00a0<\/em>at the Theater an der Wien and the Teatr Wielki \u2013 National Opera of Poland as well as Janacek\u2019s\u00a0<em>Journal d\u2019un disparu<\/em>\u00a0and de Falla\u2019s\u00a0<em>El amor brujo<\/em>\u00a0at the Op\u00e9ra national du Rhin.<\/p>\n<p>Borowicz\u2019s recordings have been awarded four Diapason d\u2019Or prizes. Symphonic recordings include the complete Violin Concertos by Gra\u017cyna Bacewicz (Chandos), the Complete Symphonic Works by Andrzej Panufnik (<em>cpo<\/em>), and several titles for Hyperion. The final installment of the Panufnik cycle was selected as an Editor\u2019s Choice by Gramophone magazine, and Borowicz received the ICMA Special Achievement Award in 2015 for his pioneering work on the cycle. In 2018 he received another ICMA award for his recording of\u00a0<em>Quo Vadis\u00a0<\/em>by Feliks Nowowiejski (<em>cpo<\/em>). His collaboration with Piotr Becza\u0142a on Deutsche Grammophon\u2019s recording\u00a0<em>Heart\u2019s delight<\/em>\u00a0\u2013 Songs of Richard Tauber was met with wide critical and public praise. Recent DVD of Moniuszko\u2019s\u00a0<em>Halka<\/em>\u00a0(Unitel) was awarded Critic\u2019s Choice of the Opera News (July 2022). Ongoing recording projects include release of Hugo Alfven\u2019s Complete Symphonies with the DSO Berlin as well as Bacewicz\u2019s Complete Symphonic Works with WDR Sinfonieorchester (<em>cpo<\/em>).<\/p>\n<p>Born in Warsaw in 1977, \u0141ukasz Borowicz graduated from the Frederic Chopin Music Academy, where he studied under Bogus\u0142aw Madey. He has received the Polityka Passport Award (2008), Coryph\u00e9e of Polish Music Award (2011), Norwid Award (2013) and Tansman Prize honouring an outstanding musical personality (2014) as well as Honorary Award of Polish Composers Union (2021).<\/p>\n<p><a href=\"mailto:lukasz.borowicz@amuz.krakow.pl\">lukasz.borowicz@amuz.krakow.pl<\/a><\/p>\n<p><a href=\"http:\/\/lukaszborowicz.com\/\">Official website<\/a><\/p>","protected":false},"excerpt":{"rendered":"<p>Music Director and Chief Conductor of the Pozna\u0144 Philharmonic, Principal Guest Conductor of the Cracow Philharmonic. One of the most versatile conductors of his generation, \u0141ukasz Borowicz regularly leads the&hellip; <a href=\"https:\/\/www.amuz.krakow.pl\/en\/wydzialy\/wydzial-i-tworczosci-interpretacji-i-edukacji-muzycznej\/katedra-dyrygentury\/pracownicy\/dr-hab-lukasz-borowicz\/\">Continue reading<\/a><\/p>\n","protected":false},"author":72,"featured_media":69071,"parent":33615,"menu_order":0,"comment_status":"closed","ping_status":"closed","template":"","meta":{"footnotes":"","_links_to":"","_links_to_target":""},"class_list":["post-38225","page","type-page","status-publish","has-post-thumbnail","hentry"],"yoast_head":"<!-- This site is optimized with the Yoast SEO plugin v27.2 - https:\/\/yoast.com\/product\/yoast-seo-wordpress\/ -->\n<title>AMKP - Akademia Muzyczna im. Krzysztofa Pendereckiego w Krakowie<\/title>\n<meta name=\"robots\" content=\"index, follow, max-snippet:-1, max-image-preview:large, max-video-preview:-1\" \/>\n<link rel=\"canonical\" href=\"https:\/\/www.amuz.krakow.pl\/wydzialy\/wydzial-i-tworczosci-interpretacji-i-edukacji-muzycznej\/katedra-dyrygentury\/pracownicy\/dr-hab-lukasz-borowicz\/\" \/>\n<meta property=\"og:locale\" content=\"en_US\" \/>\n<meta property=\"og:type\" content=\"article\" \/>\n<meta property=\"og:title\" content=\"AMKP - Akademia Muzyczna im. Krzysztofa Pendereckiego w Krakowie\" \/>\n<meta property=\"og:description\" content=\"Music Director and Chief Conductor of the Pozna\u0144 Philharmonic, Principal Guest Conductor of the Cracow Philharmonic. One of the most versatile conductors of his generation, \u0141ukasz Borowicz regularly leads the&hellip; Continue reading\" \/>\n<meta property=\"og:url\" content=\"https:\/\/www.amuz.krakow.pl\/wydzialy\/wydzial-i-tworczosci-interpretacji-i-edukacji-muzycznej\/katedra-dyrygentury\/pracownicy\/dr-hab-lukasz-borowicz\/\" \/>\n<meta property=\"og:site_name\" content=\"Akademia Muzyczna im. Krzysztofa Pendereckiego w Krakowie\" \/>\n<meta property=\"article:publisher\" content=\"https:\/\/www.facebook.com\/amuz.krakow\" \/>\n<meta property=\"article:modified_time\" content=\"2024-10-09T10:44:08+00:00\" \/>\n<meta property=\"og:image\" content=\"https:\/\/www.amuz.krakow.pl\/wp-content\/uploads\/2022\/12\/Lukasz-Borowicz-fot.-Katarzyna-Zalewska-3-scaled.jpg\" \/>\n\t<meta property=\"og:image:width\" content=\"2048\" \/>\n\t<meta property=\"og:image:height\" content=\"1363\" \/>\n\t<meta property=\"og:image:type\" content=\"image\/jpeg\" \/>\n<meta name=\"twitter:card\" content=\"summary_large_image\" \/>\n<meta name=\"twitter:label1\" content=\"Est. reading time\" \/>\n\t<meta name=\"twitter:data1\" content=\"5 minutes\" \/>\n<script type=\"application\/ld+json\" class=\"yoast-schema-graph\">{\"@context\":\"https:\/\/schema.org\",\"@graph\":[{\"@type\":\"WebPage\",\"@id\":\"https:\/\/www.amuz.krakow.pl\/wydzialy\/wydzial-i-tworczosci-interpretacji-i-edukacji-muzycznej\/katedra-dyrygentury\/pracownicy\/dr-hab-lukasz-borowicz\/\",\"url\":\"https:\/\/www.amuz.krakow.pl\/wydzialy\/wydzial-i-tworczosci-interpretacji-i-edukacji-muzycznej\/katedra-dyrygentury\/pracownicy\/dr-hab-lukasz-borowicz\/\",\"name\":\"AMKP - Akademia Muzyczna im. Krzysztofa Pendereckiego w Krakowie\",\"isPartOf\":{\"@id\":\"https:\/\/www.amuz.krakow.pl\/#website\"},\"primaryImageOfPage\":{\"@id\":\"https:\/\/www.amuz.krakow.pl\/wydzialy\/wydzial-i-tworczosci-interpretacji-i-edukacji-muzycznej\/katedra-dyrygentury\/pracownicy\/dr-hab-lukasz-borowicz\/#primaryimage\"},\"image\":{\"@id\":\"https:\/\/www.amuz.krakow.pl\/wydzialy\/wydzial-i-tworczosci-interpretacji-i-edukacji-muzycznej\/katedra-dyrygentury\/pracownicy\/dr-hab-lukasz-borowicz\/#primaryimage\"},\"thumbnailUrl\":\"https:\/\/www.amuz.krakow.pl\/wp-content\/uploads\/2022\/12\/Lukasz-Borowicz-fot.-Katarzyna-Zalewska-3-scaled.jpg\",\"datePublished\":\"2020-04-19T15:05:49+00:00\",\"dateModified\":\"2024-10-09T10:44:08+00:00\",\"breadcrumb\":{\"@id\":\"https:\/\/www.amuz.krakow.pl\/wydzialy\/wydzial-i-tworczosci-interpretacji-i-edukacji-muzycznej\/katedra-dyrygentury\/pracownicy\/dr-hab-lukasz-borowicz\/#breadcrumb\"},\"inLanguage\":\"en-US\",\"potentialAction\":[{\"@type\":\"ReadAction\",\"target\":[\"https:\/\/www.amuz.krakow.pl\/wydzialy\/wydzial-i-tworczosci-interpretacji-i-edukacji-muzycznej\/katedra-dyrygentury\/pracownicy\/dr-hab-lukasz-borowicz\/\"]}]},{\"@type\":\"ImageObject\",\"inLanguage\":\"en-US\",\"@id\":\"https:\/\/www.amuz.krakow.pl\/wydzialy\/wydzial-i-tworczosci-interpretacji-i-edukacji-muzycznej\/katedra-dyrygentury\/pracownicy\/dr-hab-lukasz-borowicz\/#primaryimage\",\"url\":\"https:\/\/www.amuz.krakow.pl\/wp-content\/uploads\/2022\/12\/Lukasz-Borowicz-fot.-Katarzyna-Zalewska-3-scaled.jpg\",\"contentUrl\":\"https:\/\/www.amuz.krakow.pl\/wp-content\/uploads\/2022\/12\/Lukasz-Borowicz-fot.-Katarzyna-Zalewska-3-scaled.jpg\",\"width\":2048,\"height\":1363,\"caption\":\"fot. Katarzyna Zalewska\"},{\"@type\":\"BreadcrumbList\",\"@id\":\"https:\/\/www.amuz.krakow.pl\/wydzialy\/wydzial-i-tworczosci-interpretacji-i-edukacji-muzycznej\/katedra-dyrygentury\/pracownicy\/dr-hab-lukasz-borowicz\/#breadcrumb\",\"itemListElement\":[{\"@type\":\"ListItem\",\"position\":1,\"name\":\"Strona g\u0142\u00f3wna\",\"item\":\"https:\/\/www.amuz.krakow.pl\/\"},{\"@type\":\"ListItem\",\"position\":2,\"name\":\"WYDZIA\u0141Y\",\"item\":\"https:\/\/www.amuz.krakow.pl\/wydzialy\/\"},{\"@type\":\"ListItem\",\"position\":3,\"name\":\"Wydzia\u0142 Tw\u00f3rczo\u015bci, Interpretacji i Edukacji Muzycznej\",\"item\":\"https:\/\/www.amuz.krakow.pl\/wydzialy\/wydzial-i-tworczosci-interpretacji-i-edukacji-muzycznej\/\"},{\"@type\":\"ListItem\",\"position\":4,\"name\":\"Department of Conducting\",\"item\":\"https:\/\/www.amuz.krakow.pl\/wydzialy\/wydzial-i-tworczosci-interpretacji-i-edukacji-muzycznej\/katedra-dyrygentury\/\"},{\"@type\":\"ListItem\",\"position\":5,\"name\":\"Academic Staff\",\"item\":\"https:\/\/www.amuz.krakow.pl\/wydzialy\/wydzial-i-tworczosci-interpretacji-i-edukacji-muzycznej\/katedra-dyrygentury\/pracownicy\/\"},{\"@type\":\"ListItem\",\"position\":6,\"name\":\"dr hab. \u0141ukasz Borowicz, prof. AMKP\"}]},{\"@type\":\"WebSite\",\"@id\":\"https:\/\/www.amuz.krakow.pl\/#website\",\"url\":\"https:\/\/www.amuz.krakow.pl\/\",\"name\":\"Akademia Muzyczna im. Krzysztofa Pendereckiego w Krakowie\",\"description\":\"Oficjalna strona Akademii Muzycznej im. Krzysztofa Pendereckiego w Krakowie (AMKP).\",\"publisher\":{\"@id\":\"https:\/\/www.amuz.krakow.pl\/#organization\"},\"alternateName\":\"AMKP\",\"potentialAction\":[{\"@type\":\"SearchAction\",\"target\":{\"@type\":\"EntryPoint\",\"urlTemplate\":\"https:\/\/www.amuz.krakow.pl\/?s={search_term_string}\"},\"query-input\":{\"@type\":\"PropertyValueSpecification\",\"valueRequired\":true,\"valueName\":\"search_term_string\"}}],\"inLanguage\":\"en-US\"},{\"@type\":\"Organization\",\"@id\":\"https:\/\/www.amuz.krakow.pl\/#organization\",\"name\":\"Akademia Muzyczna im. Krzysztofa Pendereckiego w Krakowie\",\"alternateName\":\"AMKP\",\"url\":\"https:\/\/www.amuz.krakow.pl\/\",\"logo\":{\"@type\":\"ImageObject\",\"inLanguage\":\"en-US\",\"@id\":\"https:\/\/www.amuz.krakow.pl\/#\/schema\/logo\/image\/\",\"url\":\"https:\/\/www.amuz.krakow.pl\/wp-content\/uploads\/2021\/11\/amkp.jpg\",\"contentUrl\":\"https:\/\/www.amuz.krakow.pl\/wp-content\/uploads\/2021\/11\/amkp.jpg\",\"width\":1193,\"height\":591,\"caption\":\"Akademia Muzyczna im. Krzysztofa Pendereckiego w Krakowie\"},\"image\":{\"@id\":\"https:\/\/www.amuz.krakow.pl\/#\/schema\/logo\/image\/\"},\"sameAs\":[\"https:\/\/www.facebook.com\/amuz.krakow\",\"https:\/\/www.instagram.com\/amkpenderecki\/\",\"https:\/\/www.youtube.com\/@amkpenderecki4806\"]}]}<\/script>\n<!-- \/ Yoast SEO plugin. -->","yoast_head_json":{"title":"AMKP - Akademia Muzyczna im. Krzysztofa Pendereckiego w Krakowie","robots":{"index":"index","follow":"follow","max-snippet":"max-snippet:-1","max-image-preview":"max-image-preview:large","max-video-preview":"max-video-preview:-1"},"canonical":"https:\/\/www.amuz.krakow.pl\/wydzialy\/wydzial-i-tworczosci-interpretacji-i-edukacji-muzycznej\/katedra-dyrygentury\/pracownicy\/dr-hab-lukasz-borowicz\/","og_locale":"en_US","og_type":"article","og_title":"AMKP - Akademia Muzyczna im. Krzysztofa Pendereckiego w Krakowie","og_description":"Music Director and Chief Conductor of the Pozna\u0144 Philharmonic, Principal Guest Conductor of the Cracow Philharmonic. One of the most versatile conductors of his generation, \u0141ukasz Borowicz regularly leads the&hellip; Continue reading","og_url":"https:\/\/www.amuz.krakow.pl\/wydzialy\/wydzial-i-tworczosci-interpretacji-i-edukacji-muzycznej\/katedra-dyrygentury\/pracownicy\/dr-hab-lukasz-borowicz\/","og_site_name":"Akademia Muzyczna im. Krzysztofa Pendereckiego w Krakowie","article_publisher":"https:\/\/www.facebook.com\/amuz.krakow","article_modified_time":"2024-10-09T10:44:08+00:00","og_image":[{"width":2048,"height":1363,"url":"https:\/\/www.amuz.krakow.pl\/wp-content\/uploads\/2022\/12\/Lukasz-Borowicz-fot.-Katarzyna-Zalewska-3-scaled.jpg","type":"image\/jpeg"}],"twitter_card":"summary_large_image","twitter_misc":{"Est. reading time":"5 minutes"},"schema":{"@context":"https:\/\/schema.org","@graph":[{"@type":"WebPage","@id":"https:\/\/www.amuz.krakow.pl\/wydzialy\/wydzial-i-tworczosci-interpretacji-i-edukacji-muzycznej\/katedra-dyrygentury\/pracownicy\/dr-hab-lukasz-borowicz\/","url":"https:\/\/www.amuz.krakow.pl\/wydzialy\/wydzial-i-tworczosci-interpretacji-i-edukacji-muzycznej\/katedra-dyrygentury\/pracownicy\/dr-hab-lukasz-borowicz\/","name":"AMKP - Akademia Muzyczna im. Krzysztofa Pendereckiego w Krakowie","isPartOf":{"@id":"https:\/\/www.amuz.krakow.pl\/#website"},"primaryImageOfPage":{"@id":"https:\/\/www.amuz.krakow.pl\/wydzialy\/wydzial-i-tworczosci-interpretacji-i-edukacji-muzycznej\/katedra-dyrygentury\/pracownicy\/dr-hab-lukasz-borowicz\/#primaryimage"},"image":{"@id":"https:\/\/www.amuz.krakow.pl\/wydzialy\/wydzial-i-tworczosci-interpretacji-i-edukacji-muzycznej\/katedra-dyrygentury\/pracownicy\/dr-hab-lukasz-borowicz\/#primaryimage"},"thumbnailUrl":"https:\/\/www.amuz.krakow.pl\/wp-content\/uploads\/2022\/12\/Lukasz-Borowicz-fot.-Katarzyna-Zalewska-3-scaled.jpg","datePublished":"2020-04-19T15:05:49+00:00","dateModified":"2024-10-09T10:44:08+00:00","breadcrumb":{"@id":"https:\/\/www.amuz.krakow.pl\/wydzialy\/wydzial-i-tworczosci-interpretacji-i-edukacji-muzycznej\/katedra-dyrygentury\/pracownicy\/dr-hab-lukasz-borowicz\/#breadcrumb"},"inLanguage":"en-US","potentialAction":[{"@type":"ReadAction","target":["https:\/\/www.amuz.krakow.pl\/wydzialy\/wydzial-i-tworczosci-interpretacji-i-edukacji-muzycznej\/katedra-dyrygentury\/pracownicy\/dr-hab-lukasz-borowicz\/"]}]},{"@type":"ImageObject","inLanguage":"en-US","@id":"https:\/\/www.amuz.krakow.pl\/wydzialy\/wydzial-i-tworczosci-interpretacji-i-edukacji-muzycznej\/katedra-dyrygentury\/pracownicy\/dr-hab-lukasz-borowicz\/#primaryimage","url":"https:\/\/www.amuz.krakow.pl\/wp-content\/uploads\/2022\/12\/Lukasz-Borowicz-fot.-Katarzyna-Zalewska-3-scaled.jpg","contentUrl":"https:\/\/www.amuz.krakow.pl\/wp-content\/uploads\/2022\/12\/Lukasz-Borowicz-fot.-Katarzyna-Zalewska-3-scaled.jpg","width":2048,"height":1363,"caption":"fot. Katarzyna Zalewska"},{"@type":"BreadcrumbList","@id":"https:\/\/www.amuz.krakow.pl\/wydzialy\/wydzial-i-tworczosci-interpretacji-i-edukacji-muzycznej\/katedra-dyrygentury\/pracownicy\/dr-hab-lukasz-borowicz\/#breadcrumb","itemListElement":[{"@type":"ListItem","position":1,"name":"Strona g\u0142\u00f3wna","item":"https:\/\/www.amuz.krakow.pl\/"},{"@type":"ListItem","position":2,"name":"WYDZIA\u0141Y","item":"https:\/\/www.amuz.krakow.pl\/wydzialy\/"},{"@type":"ListItem","position":3,"name":"Wydzia\u0142 Tw\u00f3rczo\u015bci, Interpretacji i Edukacji Muzycznej","item":"https:\/\/www.amuz.krakow.pl\/wydzialy\/wydzial-i-tworczosci-interpretacji-i-edukacji-muzycznej\/"},{"@type":"ListItem","position":4,"name":"Department of Conducting","item":"https:\/\/www.amuz.krakow.pl\/wydzialy\/wydzial-i-tworczosci-interpretacji-i-edukacji-muzycznej\/katedra-dyrygentury\/"},{"@type":"ListItem","position":5,"name":"Academic Staff","item":"https:\/\/www.amuz.krakow.pl\/wydzialy\/wydzial-i-tworczosci-interpretacji-i-edukacji-muzycznej\/katedra-dyrygentury\/pracownicy\/"},{"@type":"ListItem","position":6,"name":"dr hab. \u0141ukasz Borowicz, prof. AMKP"}]},{"@type":"WebSite","@id":"https:\/\/www.amuz.krakow.pl\/#website","url":"https:\/\/www.amuz.krakow.pl\/","name":"Akademia Muzyczna im. Krzysztofa Pendereckiego w Krakowie","description":"Oficjalna strona Akademii Muzycznej im. Krzysztofa Pendereckiego w Krakowie (AMKP).","publisher":{"@id":"https:\/\/www.amuz.krakow.pl\/#organization"},"alternateName":"AMKP","potentialAction":[{"@type":"SearchAction","target":{"@type":"EntryPoint","urlTemplate":"https:\/\/www.amuz.krakow.pl\/?s={search_term_string}"},"query-input":{"@type":"PropertyValueSpecification","valueRequired":true,"valueName":"search_term_string"}}],"inLanguage":"en-US"},{"@type":"Organization","@id":"https:\/\/www.amuz.krakow.pl\/#organization","name":"Akademia Muzyczna im. Krzysztofa Pendereckiego w Krakowie","alternateName":"AMKP","url":"https:\/\/www.amuz.krakow.pl\/","logo":{"@type":"ImageObject","inLanguage":"en-US","@id":"https:\/\/www.amuz.krakow.pl\/#\/schema\/logo\/image\/","url":"https:\/\/www.amuz.krakow.pl\/wp-content\/uploads\/2021\/11\/amkp.jpg","contentUrl":"https:\/\/www.amuz.krakow.pl\/wp-content\/uploads\/2021\/11\/amkp.jpg","width":1193,"height":591,"caption":"Akademia Muzyczna im. Krzysztofa Pendereckiego w Krakowie"},"image":{"@id":"https:\/\/www.amuz.krakow.pl\/#\/schema\/logo\/image\/"},"sameAs":["https:\/\/www.facebook.com\/amuz.krakow","https:\/\/www.instagram.com\/amkpenderecki\/","https:\/\/www.youtube.com\/@amkpenderecki4806"]}]}},"_links":{"self":[{"href":"https:\/\/www.amuz.krakow.pl\/en\/wp-json\/wp\/v2\/pages\/38225","targetHints":{"allow":["GET"]}}],"collection":[{"href":"https:\/\/www.amuz.krakow.pl\/en\/wp-json\/wp\/v2\/pages"}],"about":[{"href":"https:\/\/www.amuz.krakow.pl\/en\/wp-json\/wp\/v2\/types\/page"}],"author":[{"embeddable":true,"href":"https:\/\/www.amuz.krakow.pl\/en\/wp-json\/wp\/v2\/users\/72"}],"replies":[{"embeddable":true,"href":"https:\/\/www.amuz.krakow.pl\/en\/wp-json\/wp\/v2\/comments?post=38225"}],"version-history":[{"count":8,"href":"https:\/\/www.amuz.krakow.pl\/en\/wp-json\/wp\/v2\/pages\/38225\/revisions"}],"predecessor-version":[{"id":69270,"href":"https:\/\/www.amuz.krakow.pl\/en\/wp-json\/wp\/v2\/pages\/38225\/revisions\/69270"}],"up":[{"embeddable":true,"href":"https:\/\/www.amuz.krakow.pl\/en\/wp-json\/wp\/v2\/pages\/33615"}],"wp:featuredmedia":[{"embeddable":true,"href":"https:\/\/www.amuz.krakow.pl\/en\/wp-json\/wp\/v2\/media\/69071"}],"wp:attachment":[{"href":"https:\/\/www.amuz.krakow.pl\/en\/wp-json\/wp\/v2\/media?parent=38225"}],"curies":[{"name":"wp","href":"https:\/\/api.w.org\/{rel}","templated":true}]}}