{"id":382,"date":"2015-12-04T12:30:31","date_gmt":"2015-12-04T11:30:31","guid":{"rendered":"http:\/\/strony.amuz.krakow.pl\/?page_id=382"},"modified":"2022-04-11T12:05:16","modified_gmt":"2022-04-11T10:05:16","slug":"1888-1946","status":"publish","type":"page","link":"https:\/\/www.amuz.krakow.pl\/en\/o-nas\/historia\/1888-1946\/","title":{"rendered":"1888 &#8211; 1946"},"content":{"rendered":"<p><\/p>\n<p style=\"text-align: justify;\"><b>February 1, 1888<\/b><br \/>\nInauguration of the Conservatory of the Music Society in Krak\u00f3w.<\/p>\n<p style=\"text-align: justify;\">&#8220;<i>The ceremonial opening of the Music Conservatory began with a\u00a0service at the St. Anne\u2019s\u00a0Academic Church at 10 a.m.(\u2026) Among the guests were members of the Music Society with\u00a0its director Szlachtowski, president of the city of Krak\u00f3w,(\u2026) Director W adys aw \u017bele\u0144ski,\u00a0professors of the new institution, music lovers and the Conservatory\u2019s students.(\u2026) A\u00a0large\u00a0audience, deeply interested in our institution, filled he church. During the service we could\u00a0hear the mixed choir of the Music Society under the baton of Mr. Barabasz. (&#8230;) After the\u00a0service the entire procession headed towards the building of the Music Society where opening\u00a0ceremony was to take place.<\/i>&#8220;<\/p>\n<p style=\"text-align: justify;\">(<i>Czas<\/i> [Krak\u00f3w daily newspaper] of February 2, 1888 No. 27, cited in: T. Przybylski, <i>Z dziej\u00f3w nauczania muzyki w\u00a0Krakowie od \u015bredniowiecza do czas\u00f3w wsp\u00f3\u0142czesnych<\/i>, Musica Iagellonica, Krak\u00f3w, 1994, pp. 55-56)<\/p>\n<p style=\"text-align: justify;\"><b>1888-1921<\/b><\/p>\n<p style=\"text-align: justify;\">Director &#8211;\u00a0<b>W\u0142adys\u0142aw \u017bele\u0144ski<\/b>, composer, pianist and teacher<\/p>\n<p style=\"text-align: justify;\"><b>1888-1914<\/b><\/p>\n<p style=\"text-align: justify;\">\u2022 Initially the school had three departments: instrumental department (piano, organ,\u00a0violin, cello, harp, double bass and wind instruments), vocal department and the\u00a0department of music theory. The most popular among the students was the class of\u00a0piano.<br \/>\n\u2022 The Conservatory was located at 3 Szczepa\u0144ski Square and then &#8211;\u00a0from 1905 \u2013 at the\u00a0Teatr Stary [The Old Theatre] building.<\/p>\n<p style=\"text-align: justify;\"><b>1914-1921<\/b><\/p>\n<p style=\"text-align: justify;\">\u2022 The number of students and teachers diminished due to the outbreak of World War I.<br \/>\n\u2022 The Conservatory was moved to a\u00a0building at 28 Al. Krasi\u0144kiego.<\/p>\n<p style=\"text-align: justify;\"><b>1921 &#8211;\u00a01928<\/b><\/p>\n<p style=\"text-align: justify;\">Director &#8211;\u00a0<b>Wiktor Barabasz<\/b>, conductor, pianist, teacher<\/p>\n<p style=\"text-align: justify;\">\u2022 The Conservatory was given back the Teatr Stary building<br \/>\n\u2022 Eminent teachers joined the faculty of the Conservatory: pianists (W. \u0141abu\u0144ski, S. Czerny, E. Loeger-Petersowa, K. Drozdowska-Treterowa, O. Martusiewicz) and violinists (J. Chmielewski, L. Bobilewicz, A. Peters)<br \/>\n\u2022 Opera course led by K. Kniagin<br \/>\n\u2022 The formation of the class of rhythmics (1927)<\/p>\n<p style=\"text-align: justify;\"><b>1928-1938<\/b><br \/>\nDirector &#8211;\u00a0<b>Micha\u0142 Julian Piotrowski<\/b>, music theoretician and teacher<\/p>\n<p style=\"text-align: justify;\">\u2022 The increase in importance of theoretical subjects and courses owing to the versatile pedagogical activity of the Conservatory\u2019s director<br \/>\n\u2022 Formation of new classes: wind instruments, percussion (1929), composition and opera class (1930)<br \/>\n\u2022 Formation of students\u2019 symphonic and wind orchestras (1929)<br \/>\n\u2022 Staging of P. Mascagn\u2019s Cavalleria Rusticana<br \/>\n\u2022 A\u00a0dispute between the Director of the Conservatory and its Board that ended with Piotrowski\u2019s resignation<\/p>\n<p style=\"text-align: justify;\"><b>1938-1939<\/b><br \/>\nDirector &#8211;\u00a0<b>Boles\u0142aw Wallek-Walewski<\/b>, composer, conductor and teacher<br \/>\nFinancial and personnel difficulties<\/p>\n<p style=\"text-align: justify;\"><b>1939 &#8211;\u00a01945<\/b><br \/>\nFor the period of the Nazi occupation during the Second World War the Conservatory was officially closed and began its underground activity.<\/p>\n<p style=\"text-align: justify;\">&#8220;<i>Despite the lack of permission from the Nazi occupation authorities, some teachers began classes with a\u00a0small number of students at the still available school. The occupying forces tolerated the situation for some time, until one winter morning \u2013 February 5, 1940 \u2013 Gestapo troops appeared in all music schools in Krak\u00f3w. All the equipment was confiscated and the classrooms sealed. Pianos and other instruments as well as the library collection and archives were taken away. Music schools ceased to exist.<\/i>&#8221;<br \/>\n(<i>120 Years of the Academy of Music in Krak\u00f3w<\/i>, ed. L. Polony, Academy of Music in Krak\u00f3w,\u00a02007)<\/p>\n<p style=\"text-align: justify;\"><b>August 31, 1945<\/b><br \/>\nThe conservatory was reopened as the State Conservatory in Krak\u00f3w. Among the faculty\u00a0members were both former teachers of the Conservatory and academic teachers who found\u00a0refuge in Krak\u00f3w during the war.<\/p>\n<p style=\"text-align: justify;\"><b><br \/>\nFebruary1, 1946<\/b><br \/>\nThe Conservatory became the State Higher School of Music.<\/p>\n<p><\/p>","protected":false},"excerpt":{"rendered":"<p>February 1, 1888 Inauguration of the Conservatory of the Music Society in Krak\u00f3w. &#8220;The ceremonial opening of the Music Conservatory began with a\u00a0service at the St. Anne\u2019s\u00a0Academic Church at 10&hellip; <a href=\"https:\/\/www.amuz.krakow.pl\/en\/o-nas\/historia\/1888-1946\/\">Continue reading<\/a><\/p>\n","protected":false},"author":72,"featured_media":795,"parent":211,"menu_order":2,"comment_status":"closed","ping_status":"closed","template":"","meta":{"footnotes":"","_links_to":"","_links_to_target":""},"class_list":["post-382","page","type-page","status-publish","has-post-thumbnail","hentry"],"yoast_head":"<!-- This site is optimized with the Yoast SEO plugin v27.4 - https:\/\/yoast.com\/product\/yoast-seo-wordpress\/ -->\n<title>AMKP - Akademia Muzyczna im. Krzysztofa Pendereckiego w Krakowie<\/title>\n<meta name=\"robots\" content=\"index, follow, max-snippet:-1, max-image-preview:large, max-video-preview:-1\" \/>\n<link rel=\"canonical\" href=\"https:\/\/www.amuz.krakow.pl\/o-nas\/historia\/1888-1946\/\" \/>\n<meta property=\"og:locale\" content=\"en_US\" \/>\n<meta property=\"og:type\" content=\"article\" \/>\n<meta property=\"og:title\" content=\"AMKP - Akademia Muzyczna im. Krzysztofa Pendereckiego w Krakowie\" \/>\n<meta property=\"og:description\" content=\"February 1, 1888 Inauguration of the Conservatory of the Music Society in Krak\u00f3w. &#8220;The ceremonial opening of the Music Conservatory began with a\u00a0service at the St. Anne\u2019s\u00a0Academic Church at 10&hellip; Continue reading\" \/>\n<meta property=\"og:url\" content=\"https:\/\/www.amuz.krakow.pl\/o-nas\/historia\/1888-1946\/\" \/>\n<meta property=\"og:site_name\" content=\"Akademia Muzyczna im. Krzysztofa Pendereckiego w Krakowie\" \/>\n<meta property=\"article:publisher\" content=\"https:\/\/www.facebook.com\/amuz.krakow\" \/>\n<meta property=\"article:modified_time\" content=\"2022-04-11T10:05:16+00:00\" \/>\n<meta property=\"og:image\" content=\"https:\/\/www.amuz.krakow.pl\/wp-content\/uploads\/2015\/12\/Nowy-2.jpg\" \/>\n\t<meta property=\"og:image:width\" content=\"680\" \/>\n\t<meta property=\"og:image:height\" content=\"483\" \/>\n\t<meta property=\"og:image:type\" content=\"image\/jpeg\" \/>\n<meta name=\"twitter:card\" content=\"summary_large_image\" \/>\n<meta name=\"twitter:label1\" content=\"Est. reading time\" \/>\n\t<meta name=\"twitter:data1\" content=\"5 minutes\" \/>\n<script type=\"application\/ld+json\" class=\"yoast-schema-graph\">{\"@context\":\"https:\\\/\\\/schema.org\",\"@graph\":[{\"@type\":\"WebPage\",\"@id\":\"https:\\\/\\\/www.amuz.krakow.pl\\\/o-nas\\\/historia\\\/1888-1946\\\/\",\"url\":\"https:\\\/\\\/www.amuz.krakow.pl\\\/o-nas\\\/historia\\\/1888-1946\\\/\",\"name\":\"AMKP - Akademia Muzyczna im. Krzysztofa Pendereckiego w Krakowie\",\"isPartOf\":{\"@id\":\"https:\\\/\\\/www.amuz.krakow.pl\\\/#website\"},\"primaryImageOfPage\":{\"@id\":\"https:\\\/\\\/www.amuz.krakow.pl\\\/o-nas\\\/historia\\\/1888-1946\\\/#primaryimage\"},\"image\":{\"@id\":\"https:\\\/\\\/www.amuz.krakow.pl\\\/o-nas\\\/historia\\\/1888-1946\\\/#primaryimage\"},\"thumbnailUrl\":\"https:\\\/\\\/www.amuz.krakow.pl\\\/wp-content\\\/uploads\\\/2015\\\/12\\\/Nowy-2.jpg\",\"datePublished\":\"2015-12-04T11:30:31+00:00\",\"dateModified\":\"2022-04-11T10:05:16+00:00\",\"breadcrumb\":{\"@id\":\"https:\\\/\\\/www.amuz.krakow.pl\\\/o-nas\\\/historia\\\/1888-1946\\\/#breadcrumb\"},\"inLanguage\":\"en-US\",\"potentialAction\":[{\"@type\":\"ReadAction\",\"target\":[\"https:\\\/\\\/www.amuz.krakow.pl\\\/o-nas\\\/historia\\\/1888-1946\\\/\"]}]},{\"@type\":\"ImageObject\",\"inLanguage\":\"en-US\",\"@id\":\"https:\\\/\\\/www.amuz.krakow.pl\\\/o-nas\\\/historia\\\/1888-1946\\\/#primaryimage\",\"url\":\"https:\\\/\\\/www.amuz.krakow.pl\\\/wp-content\\\/uploads\\\/2015\\\/12\\\/Nowy-2.jpg\",\"contentUrl\":\"https:\\\/\\\/www.amuz.krakow.pl\\\/wp-content\\\/uploads\\\/2015\\\/12\\\/Nowy-2.jpg\",\"width\":680,\"height\":483},{\"@type\":\"BreadcrumbList\",\"@id\":\"https:\\\/\\\/www.amuz.krakow.pl\\\/o-nas\\\/historia\\\/1888-1946\\\/#breadcrumb\",\"itemListElement\":[{\"@type\":\"ListItem\",\"position\":1,\"name\":\"Strona g\u0142\u00f3wna\",\"item\":\"https:\\\/\\\/www.amuz.krakow.pl\\\/\"},{\"@type\":\"ListItem\",\"position\":2,\"name\":\"O&nbsp;nas\",\"item\":\"https:\\\/\\\/www.amuz.krakow.pl\\\/o-nas\\\/\"},{\"@type\":\"ListItem\",\"position\":3,\"name\":\"Historia\",\"item\":\"https:\\\/\\\/www.amuz.krakow.pl\\\/o-nas\\\/historia\\\/\"},{\"@type\":\"ListItem\",\"position\":4,\"name\":\"1888 &#8211; 1946\"}]},{\"@type\":\"WebSite\",\"@id\":\"https:\\\/\\\/www.amuz.krakow.pl\\\/#website\",\"url\":\"https:\\\/\\\/www.amuz.krakow.pl\\\/\",\"name\":\"Akademia Muzyczna im. Krzysztofa Pendereckiego w Krakowie\",\"description\":\"Oficjalna strona Akademii Muzycznej im. Krzysztofa Pendereckiego w Krakowie (AMKP).\",\"publisher\":{\"@id\":\"https:\\\/\\\/www.amuz.krakow.pl\\\/#organization\"},\"alternateName\":\"AMKP\",\"potentialAction\":[{\"@type\":\"SearchAction\",\"target\":{\"@type\":\"EntryPoint\",\"urlTemplate\":\"https:\\\/\\\/www.amuz.krakow.pl\\\/?s={search_term_string}\"},\"query-input\":{\"@type\":\"PropertyValueSpecification\",\"valueRequired\":true,\"valueName\":\"search_term_string\"}}],\"inLanguage\":\"en-US\"},{\"@type\":\"Organization\",\"@id\":\"https:\\\/\\\/www.amuz.krakow.pl\\\/#organization\",\"name\":\"Akademia Muzyczna im. Krzysztofa Pendereckiego w Krakowie\",\"alternateName\":\"AMKP\",\"url\":\"https:\\\/\\\/www.amuz.krakow.pl\\\/\",\"logo\":{\"@type\":\"ImageObject\",\"inLanguage\":\"en-US\",\"@id\":\"https:\\\/\\\/www.amuz.krakow.pl\\\/#\\\/schema\\\/logo\\\/image\\\/\",\"url\":\"https:\\\/\\\/www.amuz.krakow.pl\\\/wp-content\\\/uploads\\\/2021\\\/11\\\/amkp.jpg\",\"contentUrl\":\"https:\\\/\\\/www.amuz.krakow.pl\\\/wp-content\\\/uploads\\\/2021\\\/11\\\/amkp.jpg\",\"width\":1193,\"height\":591,\"caption\":\"Akademia Muzyczna im. Krzysztofa Pendereckiego w Krakowie\"},\"image\":{\"@id\":\"https:\\\/\\\/www.amuz.krakow.pl\\\/#\\\/schema\\\/logo\\\/image\\\/\"},\"sameAs\":[\"https:\\\/\\\/www.facebook.com\\\/amuz.krakow\",\"https:\\\/\\\/www.instagram.com\\\/amkpenderecki\\\/\",\"https:\\\/\\\/www.youtube.com\\\/@amkpenderecki4806\"]}]}<\/script>\n<!-- \/ Yoast SEO plugin. -->","yoast_head_json":{"title":"AMKP - Akademia Muzyczna im. Krzysztofa Pendereckiego w Krakowie","robots":{"index":"index","follow":"follow","max-snippet":"max-snippet:-1","max-image-preview":"max-image-preview:large","max-video-preview":"max-video-preview:-1"},"canonical":"https:\/\/www.amuz.krakow.pl\/o-nas\/historia\/1888-1946\/","og_locale":"en_US","og_type":"article","og_title":"AMKP - Akademia Muzyczna im. Krzysztofa Pendereckiego w Krakowie","og_description":"February 1, 1888 Inauguration of the Conservatory of the Music Society in Krak\u00f3w. &#8220;The ceremonial opening of the Music Conservatory began with a\u00a0service at the St. Anne\u2019s\u00a0Academic Church at 10&hellip; Continue reading","og_url":"https:\/\/www.amuz.krakow.pl\/o-nas\/historia\/1888-1946\/","og_site_name":"Akademia Muzyczna im. Krzysztofa Pendereckiego w Krakowie","article_publisher":"https:\/\/www.facebook.com\/amuz.krakow","article_modified_time":"2022-04-11T10:05:16+00:00","og_image":[{"width":680,"height":483,"url":"https:\/\/www.amuz.krakow.pl\/wp-content\/uploads\/2015\/12\/Nowy-2.jpg","type":"image\/jpeg"}],"twitter_card":"summary_large_image","twitter_misc":{"Est. reading time":"5 minutes"},"schema":{"@context":"https:\/\/schema.org","@graph":[{"@type":"WebPage","@id":"https:\/\/www.amuz.krakow.pl\/o-nas\/historia\/1888-1946\/","url":"https:\/\/www.amuz.krakow.pl\/o-nas\/historia\/1888-1946\/","name":"AMKP - Akademia Muzyczna im. Krzysztofa Pendereckiego w Krakowie","isPartOf":{"@id":"https:\/\/www.amuz.krakow.pl\/#website"},"primaryImageOfPage":{"@id":"https:\/\/www.amuz.krakow.pl\/o-nas\/historia\/1888-1946\/#primaryimage"},"image":{"@id":"https:\/\/www.amuz.krakow.pl\/o-nas\/historia\/1888-1946\/#primaryimage"},"thumbnailUrl":"https:\/\/www.amuz.krakow.pl\/wp-content\/uploads\/2015\/12\/Nowy-2.jpg","datePublished":"2015-12-04T11:30:31+00:00","dateModified":"2022-04-11T10:05:16+00:00","breadcrumb":{"@id":"https:\/\/www.amuz.krakow.pl\/o-nas\/historia\/1888-1946\/#breadcrumb"},"inLanguage":"en-US","potentialAction":[{"@type":"ReadAction","target":["https:\/\/www.amuz.krakow.pl\/o-nas\/historia\/1888-1946\/"]}]},{"@type":"ImageObject","inLanguage":"en-US","@id":"https:\/\/www.amuz.krakow.pl\/o-nas\/historia\/1888-1946\/#primaryimage","url":"https:\/\/www.amuz.krakow.pl\/wp-content\/uploads\/2015\/12\/Nowy-2.jpg","contentUrl":"https:\/\/www.amuz.krakow.pl\/wp-content\/uploads\/2015\/12\/Nowy-2.jpg","width":680,"height":483},{"@type":"BreadcrumbList","@id":"https:\/\/www.amuz.krakow.pl\/o-nas\/historia\/1888-1946\/#breadcrumb","itemListElement":[{"@type":"ListItem","position":1,"name":"Strona g\u0142\u00f3wna","item":"https:\/\/www.amuz.krakow.pl\/"},{"@type":"ListItem","position":2,"name":"O&nbsp;nas","item":"https:\/\/www.amuz.krakow.pl\/o-nas\/"},{"@type":"ListItem","position":3,"name":"Historia","item":"https:\/\/www.amuz.krakow.pl\/o-nas\/historia\/"},{"@type":"ListItem","position":4,"name":"1888 &#8211; 1946"}]},{"@type":"WebSite","@id":"https:\/\/www.amuz.krakow.pl\/#website","url":"https:\/\/www.amuz.krakow.pl\/","name":"Akademia Muzyczna im. Krzysztofa Pendereckiego w Krakowie","description":"Oficjalna strona Akademii Muzycznej im. Krzysztofa Pendereckiego w Krakowie (AMKP).","publisher":{"@id":"https:\/\/www.amuz.krakow.pl\/#organization"},"alternateName":"AMKP","potentialAction":[{"@type":"SearchAction","target":{"@type":"EntryPoint","urlTemplate":"https:\/\/www.amuz.krakow.pl\/?s={search_term_string}"},"query-input":{"@type":"PropertyValueSpecification","valueRequired":true,"valueName":"search_term_string"}}],"inLanguage":"en-US"},{"@type":"Organization","@id":"https:\/\/www.amuz.krakow.pl\/#organization","name":"Akademia Muzyczna im. Krzysztofa Pendereckiego w Krakowie","alternateName":"AMKP","url":"https:\/\/www.amuz.krakow.pl\/","logo":{"@type":"ImageObject","inLanguage":"en-US","@id":"https:\/\/www.amuz.krakow.pl\/#\/schema\/logo\/image\/","url":"https:\/\/www.amuz.krakow.pl\/wp-content\/uploads\/2021\/11\/amkp.jpg","contentUrl":"https:\/\/www.amuz.krakow.pl\/wp-content\/uploads\/2021\/11\/amkp.jpg","width":1193,"height":591,"caption":"Akademia Muzyczna im. Krzysztofa Pendereckiego w Krakowie"},"image":{"@id":"https:\/\/www.amuz.krakow.pl\/#\/schema\/logo\/image\/"},"sameAs":["https:\/\/www.facebook.com\/amuz.krakow","https:\/\/www.instagram.com\/amkpenderecki\/","https:\/\/www.youtube.com\/@amkpenderecki4806"]}]}},"_links":{"self":[{"href":"https:\/\/www.amuz.krakow.pl\/en\/wp-json\/wp\/v2\/pages\/382","targetHints":{"allow":["GET"]}}],"collection":[{"href":"https:\/\/www.amuz.krakow.pl\/en\/wp-json\/wp\/v2\/pages"}],"about":[{"href":"https:\/\/www.amuz.krakow.pl\/en\/wp-json\/wp\/v2\/types\/page"}],"author":[{"embeddable":true,"href":"https:\/\/www.amuz.krakow.pl\/en\/wp-json\/wp\/v2\/users\/72"}],"replies":[{"embeddable":true,"href":"https:\/\/www.amuz.krakow.pl\/en\/wp-json\/wp\/v2\/comments?post=382"}],"version-history":[{"count":1,"href":"https:\/\/www.amuz.krakow.pl\/en\/wp-json\/wp\/v2\/pages\/382\/revisions"}],"predecessor-version":[{"id":60033,"href":"https:\/\/www.amuz.krakow.pl\/en\/wp-json\/wp\/v2\/pages\/382\/revisions\/60033"}],"up":[{"embeddable":true,"href":"https:\/\/www.amuz.krakow.pl\/en\/wp-json\/wp\/v2\/pages\/211"}],"wp:featuredmedia":[{"embeddable":true,"href":"https:\/\/www.amuz.krakow.pl\/en\/wp-json\/wp\/v2\/media\/795"}],"wp:attachment":[{"href":"https:\/\/www.amuz.krakow.pl\/en\/wp-json\/wp\/v2\/media?parent=382"}],"curies":[{"name":"wp","href":"https:\/\/api.w.org\/{rel}","templated":true}]}}