{"id":37532,"date":"2020-04-01T23:17:22","date_gmt":"2020-04-01T21:17:22","guid":{"rendered":"https:\/\/www.amuz.krakow.pl\/?page_id=37532"},"modified":"2025-12-04T10:25:43","modified_gmt":"2025-12-04T09:25:43","slug":"gitara-klasyczna-harfa","status":"publish","type":"page","link":"https:\/\/www.amuz.krakow.pl\/en\/kandydaci\/rekrutacja\/instrumentalistyka\/gitara-klasyczna-harfa\/","title":{"rendered":"Classical Guitar, Harp"},"content":{"rendered":"<p><\/p>\n<p style=\"text-align: justify;\">The Guitar and Harp Department at the Krzysztof Penderecki Academy of Music prepares young musicians for careers as soloists, chamber musicians and pedagogues.<br \/>\nWe offer studies under the guidance of<strong> <a href=\"https:\/\/www.amuz.krakow.pl\/en\/wydzialy\/wydzial-ii-instrumentalny\/katedra-gitary-i-harfy\/pracownicy-katedry\/dr-hab-michal-nagy\/\">recognised specialists<\/a><\/strong> in our field.<\/p>\n<p style=\"text-align: justify;\">We place great emphasis on the versatility of education. Students have the opportunity to participate in classes broadening their knowledge and artistic horizons, such as: chamber music, arrangements for guitar ensembles, guitar literature, improvisation, jazz improvisation, recording practice, methodology, or early music performance practice.<br \/>\nStudents can also consult a music psychology specialist.<\/p>\n<p style=\"text-align: justify;\">The aim of the <strong>Harp<\/strong> programme is to show the broad range of performance possibilities of this instrument. Working on solo repertoire and on the knowledge of the widest possible orchestral repertoire is at the centre of those activities. Those wishing to develop their skills on the level harp have the opportunity to play the newest harp purchased by our Academy, the Camac Excalibur. We welcome the summer by organizing the Krakow Harp Workshops together with Fryderyk Chopin Secondary State School of Music in Krakow.<\/p>\n<p style=\"text-align: justify;\"><strong>The Guitar and Harp Department cooperates on a regular basis with recognized specialists<\/strong>:<br \/>\n&#8211; Tatiana Stachak, who conducts classes in guitar methodology,<br \/>\n&#8211; Jakub Nedoborek, who conducts classes in the introduction to flamenco music,<br \/>\n&#8211; Since the academic year 2021\/2022, an eminent guitarist and pedagogue Carlo Marchione, professor at the Royal Conservatory in Maastricht, has been the visiting professor.<br \/>\n&#8211; Professor Florence Sitruk, who gives lectures and open lessons for harpists.<br \/>\nIn the next academic year, a lot of attention will be given to harp improvisation and arrangements under the guidance of our UK and Italian guests Eleanor Turner and Paola Devoti.<\/p>\n<p style=\"text-align: justify;\">&#8211; The Guitar and Harp Department organizes cyclic events, concerts, auditions, seminars and master classes with eminent artists of our speciality (in the current academic year they have included, among others:<br \/>\nHopkinson Smith, Leszek Potasinski, Claudio Maccari Paolo Pugliese, Ewa Jab\u0142czy\u0144ska, Dariusz Kupi\u0144ski).<\/p>\n<p style=\"text-align: justify;\">The Department\u2019s artistic and scientific activities have their annual culmination in the form of <strong>the Bobrowicz Days<\/strong>, which feature performances by renowned soloists and ensembles, lectures, open lessons, meetings with violin makers, exhibitions of instruments and musical publications. This year&#8217;s Bobrowicz Days are scheduled for 20-22 May.<\/p>\n<p style=\"text-align: justify;\"><strong>The Guitarists&#8217; Research Group (Ko\u0142o Naukowe Gitarzyst\u00f3w)<\/strong>\u00a0operating at the Department is very active, organising meetings with violin makers, physiotherapy workshops, concerts and auditions. It also participates in organizing student exchange concerts with other music schools, e.g. the F. Chopin University of Music in Warsaw and the K. Szymanowski Academy of Music in Katowice.<\/p>\n<p style=\"text-align: justify;\">The Department has <a href=\"https:\/\/www.amuz.krakow.pl\/wydzialy\/wydzial-ii-instrumentalny\/katedra-gitary-i-harfy\/instrumentarium\/\">copies of baroque and romantic guitars<\/a>, which are used to work on historical repertoire.<br \/>\nStudents of the Department have access to accompanists (piano, pianoforte, harpsichord).<\/p>\n<p>They also have the opportunity to take part in the Academy competition entitled &#8220;I play with an orchestra&#8221; (&#8220;Gram z orkiestr\u0105&#8221;), the winners of which perform as soloists with orchestras of Polish philharmonics.<\/p>\n<p style=\"text-align: justify;\"><strong>For whom:<\/strong><\/p>\n<ul style=\"list-style-type: square; text-align: justify;\">\n<li>for those who want to play music and constantly discover its beauty<\/li>\n<li>for creative minds that generate crazy ideas<\/li>\n<li>for individuals who demonstrate independent thinking<\/li>\n<li>for the lovers of centuries-old musical traditions<\/li>\n<li>for music visionaries<\/li>\n<\/ul>\n<p style=\"text-align: justify;\"><strong>You will learn to:<\/strong><\/p>\n<ul style=\"list-style-type: square; text-align: justify;\">\n<li>look deeper into your soul and explore what is there<\/li>\n<li>make better use of all the secret tools from the instrumental &#8220;toolkit&#8221;<\/li>\n<li>create your own artistic projects<\/li>\n<li>cooperate with other performers in various ensembles, from chamber to orchestral ones<\/li>\n<li>cooperate with other artists and institutions<\/li>\n<\/ul>\n<p style=\"text-align: justify;\"><strong>After completing the programme, you can:<\/strong><\/p>\n<ul style=\"list-style-type: disc;\">\n<li style=\"text-align: justify;\">live as a free artist in any part of the world<\/li>\n<li style=\"text-align: justify;\">perform classical and experimental, solo and chamber music<\/li>\n<li style=\"text-align: justify;\">benefit from creative scholarships, artistic residencies<\/li>\n<li style=\"text-align: justify;\">win competitions for instrumentalists and develop your career<\/li>\n<li style=\"text-align: justify;\">work in cultural institutions<\/li>\n<li style=\"text-align: justify;\">teach at schools of all levels of art education<\/li>\n<li style=\"text-align: justify;\">teach at a higher education institution<\/li>\n<li style=\"text-align: justify;\">teach and encourage young people to be open to modern approach, experimentation, discovering new musical territories<\/li>\n<li style=\"text-align: justify;\">invent and carry out your own artistic projects, performances, organise festivals<\/li>\n<\/ul>\n<p><\/p>","protected":false},"excerpt":{"rendered":"<p>The Guitar and Harp Department at the Krzysztof Penderecki Academy of Music prepares young musicians for careers as soloists, chamber musicians and pedagogues. We offer studies under the guidance of&hellip; <a href=\"https:\/\/www.amuz.krakow.pl\/en\/kandydaci\/rekrutacja\/instrumentalistyka\/gitara-klasyczna-harfa\/\">Continue reading<\/a><\/p>\n","protected":false},"author":72,"featured_media":0,"parent":37227,"menu_order":4,"comment_status":"closed","ping_status":"closed","template":"","meta":{"footnotes":"","_links_to":"","_links_to_target":""},"class_list":["post-37532","page","type-page","status-publish","hentry"],"yoast_head":"<!-- This site is optimized with the Yoast SEO plugin v27.4 - https:\/\/yoast.com\/product\/yoast-seo-wordpress\/ -->\n<title>AMKP - Akademia Muzyczna im. Krzysztofa Pendereckiego w Krakowie<\/title>\n<meta name=\"robots\" content=\"index, follow, max-snippet:-1, max-image-preview:large, max-video-preview:-1\" \/>\n<link rel=\"canonical\" href=\"https:\/\/www.amuz.krakow.pl\/kandydaci\/rekrutacja\/instrumentalistyka\/gitara-klasyczna-harfa\/\" \/>\n<meta property=\"og:locale\" content=\"en_US\" \/>\n<meta property=\"og:type\" content=\"article\" \/>\n<meta property=\"og:title\" content=\"AMKP - Akademia Muzyczna im. Krzysztofa Pendereckiego w Krakowie\" \/>\n<meta property=\"og:description\" content=\"The Guitar and Harp Department at the Krzysztof Penderecki Academy of Music prepares young musicians for careers as soloists, chamber musicians and pedagogues. We offer studies under the guidance of&hellip; Continue reading\" \/>\n<meta property=\"og:url\" content=\"https:\/\/www.amuz.krakow.pl\/kandydaci\/rekrutacja\/instrumentalistyka\/gitara-klasyczna-harfa\/\" \/>\n<meta property=\"og:site_name\" content=\"Akademia Muzyczna im. Krzysztofa Pendereckiego w Krakowie\" \/>\n<meta property=\"article:publisher\" content=\"https:\/\/www.facebook.com\/amuz.krakow\" \/>\n<meta property=\"article:modified_time\" content=\"2025-12-04T09:25:43+00:00\" \/>\n<meta property=\"og:image\" content=\"https:\/\/www.amuz.krakow.pl\/wp-content\/uploads\/2021\/11\/amkp.jpg\" \/>\n\t<meta property=\"og:image:width\" content=\"1193\" \/>\n\t<meta property=\"og:image:height\" content=\"591\" \/>\n\t<meta property=\"og:image:type\" content=\"image\/jpeg\" \/>\n<meta name=\"twitter:card\" content=\"summary_large_image\" \/>\n<meta name=\"twitter:label1\" content=\"Est. reading time\" \/>\n\t<meta name=\"twitter:data1\" content=\"4 minutes\" \/>\n<script type=\"application\/ld+json\" class=\"yoast-schema-graph\">{\"@context\":\"https:\\\/\\\/schema.org\",\"@graph\":[{\"@type\":\"WebPage\",\"@id\":\"https:\\\/\\\/www.amuz.krakow.pl\\\/kandydaci\\\/rekrutacja\\\/instrumentalistyka\\\/gitara-klasyczna-harfa\\\/\",\"url\":\"https:\\\/\\\/www.amuz.krakow.pl\\\/kandydaci\\\/rekrutacja\\\/instrumentalistyka\\\/gitara-klasyczna-harfa\\\/\",\"name\":\"AMKP - Akademia Muzyczna im. Krzysztofa Pendereckiego w Krakowie\",\"isPartOf\":{\"@id\":\"https:\\\/\\\/www.amuz.krakow.pl\\\/#website\"},\"datePublished\":\"2020-04-01T21:17:22+00:00\",\"dateModified\":\"2025-12-04T09:25:43+00:00\",\"breadcrumb\":{\"@id\":\"https:\\\/\\\/www.amuz.krakow.pl\\\/kandydaci\\\/rekrutacja\\\/instrumentalistyka\\\/gitara-klasyczna-harfa\\\/#breadcrumb\"},\"inLanguage\":\"en-US\",\"potentialAction\":[{\"@type\":\"ReadAction\",\"target\":[\"https:\\\/\\\/www.amuz.krakow.pl\\\/kandydaci\\\/rekrutacja\\\/instrumentalistyka\\\/gitara-klasyczna-harfa\\\/\"]}]},{\"@type\":\"BreadcrumbList\",\"@id\":\"https:\\\/\\\/www.amuz.krakow.pl\\\/kandydaci\\\/rekrutacja\\\/instrumentalistyka\\\/gitara-klasyczna-harfa\\\/#breadcrumb\",\"itemListElement\":[{\"@type\":\"ListItem\",\"position\":1,\"name\":\"Strona g\u0142\u00f3wna\",\"item\":\"https:\\\/\\\/www.amuz.krakow.pl\\\/\"},{\"@type\":\"ListItem\",\"position\":2,\"name\":\"Kandydaci\",\"item\":\"https:\\\/\\\/www.amuz.krakow.pl\\\/kandydaci\\\/\"},{\"@type\":\"ListItem\",\"position\":3,\"name\":\"OFERTA EDUKACYJNA\",\"item\":\"https:\\\/\\\/www.amuz.krakow.pl\\\/kandydaci\\\/rekrutacja\\\/\"},{\"@type\":\"ListItem\",\"position\":4,\"name\":\"Instrumentalistyka\",\"item\":\"https:\\\/\\\/www.amuz.krakow.pl\\\/kandydaci\\\/rekrutacja\\\/instrumentalistyka\\\/\"},{\"@type\":\"ListItem\",\"position\":5,\"name\":\"Gitara klasyczna i harfa\"}]},{\"@type\":\"WebSite\",\"@id\":\"https:\\\/\\\/www.amuz.krakow.pl\\\/#website\",\"url\":\"https:\\\/\\\/www.amuz.krakow.pl\\\/\",\"name\":\"Akademia Muzyczna im. Krzysztofa Pendereckiego w Krakowie\",\"description\":\"Oficjalna strona Akademii Muzycznej im. Krzysztofa Pendereckiego w Krakowie (AMKP).\",\"publisher\":{\"@id\":\"https:\\\/\\\/www.amuz.krakow.pl\\\/#organization\"},\"alternateName\":\"AMKP\",\"potentialAction\":[{\"@type\":\"SearchAction\",\"target\":{\"@type\":\"EntryPoint\",\"urlTemplate\":\"https:\\\/\\\/www.amuz.krakow.pl\\\/?s={search_term_string}\"},\"query-input\":{\"@type\":\"PropertyValueSpecification\",\"valueRequired\":true,\"valueName\":\"search_term_string\"}}],\"inLanguage\":\"en-US\"},{\"@type\":\"Organization\",\"@id\":\"https:\\\/\\\/www.amuz.krakow.pl\\\/#organization\",\"name\":\"Akademia Muzyczna im. Krzysztofa Pendereckiego w Krakowie\",\"alternateName\":\"AMKP\",\"url\":\"https:\\\/\\\/www.amuz.krakow.pl\\\/\",\"logo\":{\"@type\":\"ImageObject\",\"inLanguage\":\"en-US\",\"@id\":\"https:\\\/\\\/www.amuz.krakow.pl\\\/#\\\/schema\\\/logo\\\/image\\\/\",\"url\":\"https:\\\/\\\/www.amuz.krakow.pl\\\/wp-content\\\/uploads\\\/2021\\\/11\\\/amkp.jpg\",\"contentUrl\":\"https:\\\/\\\/www.amuz.krakow.pl\\\/wp-content\\\/uploads\\\/2021\\\/11\\\/amkp.jpg\",\"width\":1193,\"height\":591,\"caption\":\"Akademia Muzyczna im. Krzysztofa Pendereckiego w Krakowie\"},\"image\":{\"@id\":\"https:\\\/\\\/www.amuz.krakow.pl\\\/#\\\/schema\\\/logo\\\/image\\\/\"},\"sameAs\":[\"https:\\\/\\\/www.facebook.com\\\/amuz.krakow\",\"https:\\\/\\\/www.instagram.com\\\/amkpenderecki\\\/\",\"https:\\\/\\\/www.youtube.com\\\/@amkpenderecki4806\"]}]}<\/script>\n<!-- \/ Yoast SEO plugin. -->","yoast_head_json":{"title":"AMKP - Akademia Muzyczna im. Krzysztofa Pendereckiego w Krakowie","robots":{"index":"index","follow":"follow","max-snippet":"max-snippet:-1","max-image-preview":"max-image-preview:large","max-video-preview":"max-video-preview:-1"},"canonical":"https:\/\/www.amuz.krakow.pl\/kandydaci\/rekrutacja\/instrumentalistyka\/gitara-klasyczna-harfa\/","og_locale":"en_US","og_type":"article","og_title":"AMKP - Akademia Muzyczna im. Krzysztofa Pendereckiego w Krakowie","og_description":"The Guitar and Harp Department at the Krzysztof Penderecki Academy of Music prepares young musicians for careers as soloists, chamber musicians and pedagogues. We offer studies under the guidance of&hellip; Continue reading","og_url":"https:\/\/www.amuz.krakow.pl\/kandydaci\/rekrutacja\/instrumentalistyka\/gitara-klasyczna-harfa\/","og_site_name":"Akademia Muzyczna im. Krzysztofa Pendereckiego w Krakowie","article_publisher":"https:\/\/www.facebook.com\/amuz.krakow","article_modified_time":"2025-12-04T09:25:43+00:00","og_image":[{"width":1193,"height":591,"url":"https:\/\/www.amuz.krakow.pl\/wp-content\/uploads\/2021\/11\/amkp.jpg","type":"image\/jpeg"}],"twitter_card":"summary_large_image","twitter_misc":{"Est. reading time":"4 minutes"},"schema":{"@context":"https:\/\/schema.org","@graph":[{"@type":"WebPage","@id":"https:\/\/www.amuz.krakow.pl\/kandydaci\/rekrutacja\/instrumentalistyka\/gitara-klasyczna-harfa\/","url":"https:\/\/www.amuz.krakow.pl\/kandydaci\/rekrutacja\/instrumentalistyka\/gitara-klasyczna-harfa\/","name":"AMKP - Akademia Muzyczna im. Krzysztofa Pendereckiego w Krakowie","isPartOf":{"@id":"https:\/\/www.amuz.krakow.pl\/#website"},"datePublished":"2020-04-01T21:17:22+00:00","dateModified":"2025-12-04T09:25:43+00:00","breadcrumb":{"@id":"https:\/\/www.amuz.krakow.pl\/kandydaci\/rekrutacja\/instrumentalistyka\/gitara-klasyczna-harfa\/#breadcrumb"},"inLanguage":"en-US","potentialAction":[{"@type":"ReadAction","target":["https:\/\/www.amuz.krakow.pl\/kandydaci\/rekrutacja\/instrumentalistyka\/gitara-klasyczna-harfa\/"]}]},{"@type":"BreadcrumbList","@id":"https:\/\/www.amuz.krakow.pl\/kandydaci\/rekrutacja\/instrumentalistyka\/gitara-klasyczna-harfa\/#breadcrumb","itemListElement":[{"@type":"ListItem","position":1,"name":"Strona g\u0142\u00f3wna","item":"https:\/\/www.amuz.krakow.pl\/"},{"@type":"ListItem","position":2,"name":"Kandydaci","item":"https:\/\/www.amuz.krakow.pl\/kandydaci\/"},{"@type":"ListItem","position":3,"name":"OFERTA EDUKACYJNA","item":"https:\/\/www.amuz.krakow.pl\/kandydaci\/rekrutacja\/"},{"@type":"ListItem","position":4,"name":"Instrumentalistyka","item":"https:\/\/www.amuz.krakow.pl\/kandydaci\/rekrutacja\/instrumentalistyka\/"},{"@type":"ListItem","position":5,"name":"Gitara klasyczna i harfa"}]},{"@type":"WebSite","@id":"https:\/\/www.amuz.krakow.pl\/#website","url":"https:\/\/www.amuz.krakow.pl\/","name":"Akademia Muzyczna im. Krzysztofa Pendereckiego w Krakowie","description":"Oficjalna strona Akademii Muzycznej im. Krzysztofa Pendereckiego w Krakowie (AMKP).","publisher":{"@id":"https:\/\/www.amuz.krakow.pl\/#organization"},"alternateName":"AMKP","potentialAction":[{"@type":"SearchAction","target":{"@type":"EntryPoint","urlTemplate":"https:\/\/www.amuz.krakow.pl\/?s={search_term_string}"},"query-input":{"@type":"PropertyValueSpecification","valueRequired":true,"valueName":"search_term_string"}}],"inLanguage":"en-US"},{"@type":"Organization","@id":"https:\/\/www.amuz.krakow.pl\/#organization","name":"Akademia Muzyczna im. Krzysztofa Pendereckiego w Krakowie","alternateName":"AMKP","url":"https:\/\/www.amuz.krakow.pl\/","logo":{"@type":"ImageObject","inLanguage":"en-US","@id":"https:\/\/www.amuz.krakow.pl\/#\/schema\/logo\/image\/","url":"https:\/\/www.amuz.krakow.pl\/wp-content\/uploads\/2021\/11\/amkp.jpg","contentUrl":"https:\/\/www.amuz.krakow.pl\/wp-content\/uploads\/2021\/11\/amkp.jpg","width":1193,"height":591,"caption":"Akademia Muzyczna im. Krzysztofa Pendereckiego w Krakowie"},"image":{"@id":"https:\/\/www.amuz.krakow.pl\/#\/schema\/logo\/image\/"},"sameAs":["https:\/\/www.facebook.com\/amuz.krakow","https:\/\/www.instagram.com\/amkpenderecki\/","https:\/\/www.youtube.com\/@amkpenderecki4806"]}]}},"_links":{"self":[{"href":"https:\/\/www.amuz.krakow.pl\/en\/wp-json\/wp\/v2\/pages\/37532","targetHints":{"allow":["GET"]}}],"collection":[{"href":"https:\/\/www.amuz.krakow.pl\/en\/wp-json\/wp\/v2\/pages"}],"about":[{"href":"https:\/\/www.amuz.krakow.pl\/en\/wp-json\/wp\/v2\/types\/page"}],"author":[{"embeddable":true,"href":"https:\/\/www.amuz.krakow.pl\/en\/wp-json\/wp\/v2\/users\/72"}],"replies":[{"embeddable":true,"href":"https:\/\/www.amuz.krakow.pl\/en\/wp-json\/wp\/v2\/comments?post=37532"}],"version-history":[{"count":19,"href":"https:\/\/www.amuz.krakow.pl\/en\/wp-json\/wp\/v2\/pages\/37532\/revisions"}],"predecessor-version":[{"id":89382,"href":"https:\/\/www.amuz.krakow.pl\/en\/wp-json\/wp\/v2\/pages\/37532\/revisions\/89382"}],"up":[{"embeddable":true,"href":"https:\/\/www.amuz.krakow.pl\/en\/wp-json\/wp\/v2\/pages\/37227"}],"wp:attachment":[{"href":"https:\/\/www.amuz.krakow.pl\/en\/wp-json\/wp\/v2\/media?parent=37532"}],"curies":[{"name":"wp","href":"https:\/\/api.w.org\/{rel}","templated":true}]}}