{"id":35920,"date":"2020-02-06T16:21:27","date_gmt":"2020-02-06T15:21:27","guid":{"rendered":"https:\/\/www.amuz.krakow.pl\/?page_id=35920"},"modified":"2026-05-06T15:04:19","modified_gmt":"2026-05-06T13:04:19","slug":"goska-isphording-klawesyn-wspolczesny","status":"publish","type":"page","link":"https:\/\/www.amuz.krakow.pl\/en\/letnia-akademia-muzyczna\/wykaz-kursow\/instrumenty-klawiszowe\/goska-isphording-klawesyn-wspolczesny\/","title":{"rendered":"Go\u015bka Isphording &#8211; modern harpsichord"},"content":{"rendered":"<p><figure id=\"attachment_35923\" aria-describedby=\"caption-attachment-35923\" style=\"width: 290px\" class=\"wp-caption alignleft\"><a href=\"https:\/\/www.amuz.krakow.pl\/wp-content\/uploads\/2020\/02\/fot.-Isphording-Ma\u0142gorzata_fot.-Monika-Rokicka-scaled.jpg\" target=\"_blank\" rel=\"noopener\"><img loading=\"lazy\" decoding=\"async\" class=\"wp-image-35923\" src=\"https:\/\/www.amuz.krakow.pl\/wp-content\/uploads\/2020\/02\/fot.-Isphording-Ma\u0142gorzata_fot.-Monika-Rokicka-300x200.jpg\" alt=\"\" width=\"290\" height=\"194\" srcset=\"https:\/\/www.amuz.krakow.pl\/wp-content\/uploads\/2020\/02\/fot.-Isphording-Ma\u0142gorzata_fot.-Monika-Rokicka-300x200.jpg 300w, https:\/\/www.amuz.krakow.pl\/wp-content\/uploads\/2020\/02\/fot.-Isphording-Ma\u0142gorzata_fot.-Monika-Rokicka-scaled.jpg 2048w, https:\/\/www.amuz.krakow.pl\/wp-content\/uploads\/2020\/02\/fot.-Isphording-Ma\u0142gorzata_fot.-Monika-Rokicka-768x512.jpg 768w, https:\/\/www.amuz.krakow.pl\/wp-content\/uploads\/2020\/02\/fot.-Isphording-Ma\u0142gorzata_fot.-Monika-Rokicka-1536x1024.jpg 1536w\" sizes=\"auto, (max-width: 290px) 100vw, 290px\" \/><\/a><figcaption id=\"caption-attachment-35923\" class=\"wp-caption-text\">Photo by Monika Rokicka<\/figcaption><\/figure><\/p>\n<p style=\"text-align: justify;\">She graduated from the Academy of Music in Cracow and the Royal Conservatory in The Hague. She also perfected her skills during master studies in performance and contemporary harpsichord music techniques with Annelie de Man at the Amsterdam Conservatory and with El\u017cbieta Chojnacka at the Mozarteum in Salzburg. Cooperation with such great authorities equipped Isphording with a whole spectrum of performance tools, opening her up to experiments with the sound of the instrument.<\/p>\n<p style=\"text-align: justify;\">The artist specialises in contemporary music performance. Apart from the harpsichord, she also uses voice, electronics, video and synthesizer. She gives solo concerts, and performs with chamber ensembles and orchestras. She also takes an active part in theatre and multimedia projects. She has premiered many pieces of contemporary harpsichord music. Virtuoso style of performance, sensitivity to sound and creativity in the creation of works, in regard to both baroque and contemporary versions of the harpsichord, were appreciated by the greatest composers (e.g. Yannis Kyriakides, Roderik de Man, Agata Zubel, Aleksandra Gryka, Wojciech Ziemowit Zych, Theo Loevendie, Joe Cutler, Pierre Jodlowski, Hanna Kulenty, Dominik Karski, Cezary Duchnowski and Andrzej Kwieci\u0144ski) who wrote and dedicated their works to her. Concerts composed by Kulenty (&#8220;GG Concerto&#8221;, 2009) and Kwieci\u0144ski (&#8220;Concerto. Re Maggiore&#8221;, 2013) are particularly noteworthy &#8211; both works are in perfect harmony with the artist&#8217;s performance capabilities and expression.<\/p>\n<p style=\"text-align: justify;\">Go\u015bka Isphording took part in the most significant competitions and festivals of contemporary music in Poland and abroad, e.g. the International Festival of Contemporary Music &#8220;Warsaw Autumn&#8221;. (Warsaw), Huddersfield Contemporary Music Festival (Huddersfield), The GAIDA Festival (Vilnius), Cutting Edge Festival (London), Festival Internacional de M\u00fasica Cl\u00e1sica Contempor\u00e1nea de Lima (Peru), Holland Festival (Amsterdam). From 2011 to 2015, she was Artistic Director of the Harpsichord and Composition Festival and Competition Prix Annelie de Man in Amsterdam, where she is currently a consultant.<\/p>\n<p style=\"text-align: justify;\">She has recorded a solo album with Polish contemporary music &#8220;Per Clavicembalo Moderno&#8221; (DUX 2008). She has also taken part in monographic records and in many phonographic projects.<\/p>\n<p style=\"text-align: justify;\">Isphording is the founder and member of The Roentgen Connection and Ensemble 306. Since 2014, she has also been a member of The Riot Ensemble (London).<\/p>\n<p style=\"text-align: justify;\">She teaches contemporary harpsichord techniques at the Amsterdam Conservatory, and as a guest lecturer in Zaragoza, Vienna, Brussels, Groningen, Pozna\u0144 and Warsaw.<\/p>\n<p><\/p>","protected":false},"excerpt":{"rendered":"<p>She graduated from the Academy of Music in Cracow and the Royal Conservatory in The Hague. She also perfected her skills during master studies in performance and contemporary harpsichord music&hellip; <a href=\"https:\/\/www.amuz.krakow.pl\/en\/letnia-akademia-muzyczna\/wykaz-kursow\/instrumenty-klawiszowe\/goska-isphording-klawesyn-wspolczesny\/\">Continue reading<\/a><\/p>\n","protected":false},"author":72,"featured_media":35923,"parent":47050,"menu_order":31,"comment_status":"closed","ping_status":"closed","template":"","meta":{"footnotes":"","_links_to":"","_links_to_target":""},"class_list":["post-35920","page","type-page","status-publish","has-post-thumbnail","hentry"],"yoast_head":"<!-- This site is optimized with the Yoast SEO plugin v27.5 - https:\/\/yoast.com\/product\/yoast-seo-wordpress\/ -->\n<title>AMKP - Akademia Muzyczna im. Krzysztofa Pendereckiego w Krakowie<\/title>\n<meta name=\"robots\" content=\"index, follow, max-snippet:-1, max-image-preview:large, max-video-preview:-1\" \/>\n<link rel=\"canonical\" href=\"https:\/\/www.amuz.krakow.pl\/letnia-akademia-muzyczna\/wykaz-kursow\/instrumenty-klawiszowe\/goska-isphording-klawesyn-wspolczesny\/\" \/>\n<meta property=\"og:locale\" content=\"en_US\" \/>\n<meta property=\"og:type\" content=\"article\" \/>\n<meta property=\"og:title\" content=\"AMKP - Akademia Muzyczna im. Krzysztofa Pendereckiego w Krakowie\" \/>\n<meta property=\"og:description\" content=\"She graduated from the Academy of Music in Cracow and the Royal Conservatory in The Hague. She also perfected her skills during master studies in performance and contemporary harpsichord music&hellip; Continue reading\" \/>\n<meta property=\"og:url\" content=\"https:\/\/www.amuz.krakow.pl\/letnia-akademia-muzyczna\/wykaz-kursow\/instrumenty-klawiszowe\/goska-isphording-klawesyn-wspolczesny\/\" \/>\n<meta property=\"og:site_name\" content=\"Akademia Muzyczna im. Krzysztofa Pendereckiego w Krakowie\" \/>\n<meta property=\"article:publisher\" content=\"https:\/\/www.facebook.com\/amuz.krakow\" \/>\n<meta property=\"article:modified_time\" content=\"2026-05-06T13:04:19+00:00\" \/>\n<meta property=\"og:image\" content=\"https:\/\/www.amuz.krakow.pl\/wp-content\/uploads\/2020\/02\/fot.-Isphording-Ma\u0142gorzata_fot.-Monika-Rokicka-scaled.jpg\" \/>\n\t<meta property=\"og:image:width\" content=\"2048\" \/>\n\t<meta property=\"og:image:height\" content=\"1365\" \/>\n\t<meta property=\"og:image:type\" content=\"image\/jpeg\" \/>\n<meta name=\"twitter:card\" content=\"summary_large_image\" \/>\n<meta name=\"twitter:label1\" content=\"Est. reading time\" \/>\n\t<meta name=\"twitter:data1\" content=\"3 minutes\" \/>\n<script type=\"application\/ld+json\" class=\"yoast-schema-graph\">{\"@context\":\"https:\\\/\\\/schema.org\",\"@graph\":[{\"@type\":\"WebPage\",\"@id\":\"https:\\\/\\\/www.amuz.krakow.pl\\\/letnia-akademia-muzyczna\\\/wykaz-kursow\\\/instrumenty-klawiszowe\\\/goska-isphording-klawesyn-wspolczesny\\\/\",\"url\":\"https:\\\/\\\/www.amuz.krakow.pl\\\/letnia-akademia-muzyczna\\\/wykaz-kursow\\\/instrumenty-klawiszowe\\\/goska-isphording-klawesyn-wspolczesny\\\/\",\"name\":\"AMKP - Akademia Muzyczna im. Krzysztofa Pendereckiego w Krakowie\",\"isPartOf\":{\"@id\":\"https:\\\/\\\/www.amuz.krakow.pl\\\/#website\"},\"primaryImageOfPage\":{\"@id\":\"https:\\\/\\\/www.amuz.krakow.pl\\\/letnia-akademia-muzyczna\\\/wykaz-kursow\\\/instrumenty-klawiszowe\\\/goska-isphording-klawesyn-wspolczesny\\\/#primaryimage\"},\"image\":{\"@id\":\"https:\\\/\\\/www.amuz.krakow.pl\\\/letnia-akademia-muzyczna\\\/wykaz-kursow\\\/instrumenty-klawiszowe\\\/goska-isphording-klawesyn-wspolczesny\\\/#primaryimage\"},\"thumbnailUrl\":\"https:\\\/\\\/www.amuz.krakow.pl\\\/wp-content\\\/uploads\\\/2020\\\/02\\\/fot.-Isphording-Ma\u0142gorzata_fot.-Monika-Rokicka-scaled.jpg\",\"datePublished\":\"2020-02-06T15:21:27+00:00\",\"dateModified\":\"2026-05-06T13:04:19+00:00\",\"breadcrumb\":{\"@id\":\"https:\\\/\\\/www.amuz.krakow.pl\\\/letnia-akademia-muzyczna\\\/wykaz-kursow\\\/instrumenty-klawiszowe\\\/goska-isphording-klawesyn-wspolczesny\\\/#breadcrumb\"},\"inLanguage\":\"en-US\",\"potentialAction\":[{\"@type\":\"ReadAction\",\"target\":[\"https:\\\/\\\/www.amuz.krakow.pl\\\/letnia-akademia-muzyczna\\\/wykaz-kursow\\\/instrumenty-klawiszowe\\\/goska-isphording-klawesyn-wspolczesny\\\/\"]}]},{\"@type\":\"ImageObject\",\"inLanguage\":\"en-US\",\"@id\":\"https:\\\/\\\/www.amuz.krakow.pl\\\/letnia-akademia-muzyczna\\\/wykaz-kursow\\\/instrumenty-klawiszowe\\\/goska-isphording-klawesyn-wspolczesny\\\/#primaryimage\",\"url\":\"https:\\\/\\\/www.amuz.krakow.pl\\\/wp-content\\\/uploads\\\/2020\\\/02\\\/fot.-Isphording-Ma\u0142gorzata_fot.-Monika-Rokicka-scaled.jpg\",\"contentUrl\":\"https:\\\/\\\/www.amuz.krakow.pl\\\/wp-content\\\/uploads\\\/2020\\\/02\\\/fot.-Isphording-Ma\u0142gorzata_fot.-Monika-Rokicka-scaled.jpg\",\"width\":2048,\"height\":1365,\"caption\":\"fot. Monika Rokicka\"},{\"@type\":\"BreadcrumbList\",\"@id\":\"https:\\\/\\\/www.amuz.krakow.pl\\\/letnia-akademia-muzyczna\\\/wykaz-kursow\\\/instrumenty-klawiszowe\\\/goska-isphording-klawesyn-wspolczesny\\\/#breadcrumb\",\"itemListElement\":[{\"@type\":\"ListItem\",\"position\":1,\"name\":\"Strona g\u0142\u00f3wna\",\"item\":\"https:\\\/\\\/www.amuz.krakow.pl\\\/\"},{\"@type\":\"ListItem\",\"position\":2,\"name\":\"Letnia Akademia Muzyczna\",\"item\":\"https:\\\/\\\/www.amuz.krakow.pl\\\/letnia-akademia-muzyczna\\\/\"},{\"@type\":\"ListItem\",\"position\":3,\"name\":\"Wykaz kurs\u00f3w\",\"item\":\"https:\\\/\\\/www.amuz.krakow.pl\\\/letnia-akademia-muzyczna\\\/wykaz-kursow\\\/\"},{\"@type\":\"ListItem\",\"position\":4,\"name\":\"Instrumenty klawiszowe\",\"item\":\"https:\\\/\\\/www.amuz.krakow.pl\\\/letnia-akademia-muzyczna\\\/wykaz-kursow\\\/instrumenty-klawiszowe\\\/\"},{\"@type\":\"ListItem\",\"position\":5,\"name\":\"Go\u015bka Isphording &#8211; klawesyn wsp\u00f3\u0142czesny\"}]},{\"@type\":\"WebSite\",\"@id\":\"https:\\\/\\\/www.amuz.krakow.pl\\\/#website\",\"url\":\"https:\\\/\\\/www.amuz.krakow.pl\\\/\",\"name\":\"Akademia Muzyczna im. Krzysztofa Pendereckiego w Krakowie\",\"description\":\"Oficjalna strona Akademii Muzycznej im. Krzysztofa Pendereckiego w Krakowie (AMKP).\",\"publisher\":{\"@id\":\"https:\\\/\\\/www.amuz.krakow.pl\\\/#organization\"},\"alternateName\":\"AMKP\",\"potentialAction\":[{\"@type\":\"SearchAction\",\"target\":{\"@type\":\"EntryPoint\",\"urlTemplate\":\"https:\\\/\\\/www.amuz.krakow.pl\\\/?s={search_term_string}\"},\"query-input\":{\"@type\":\"PropertyValueSpecification\",\"valueRequired\":true,\"valueName\":\"search_term_string\"}}],\"inLanguage\":\"en-US\"},{\"@type\":\"Organization\",\"@id\":\"https:\\\/\\\/www.amuz.krakow.pl\\\/#organization\",\"name\":\"Akademia Muzyczna im. Krzysztofa Pendereckiego w Krakowie\",\"alternateName\":\"AMKP\",\"url\":\"https:\\\/\\\/www.amuz.krakow.pl\\\/\",\"logo\":{\"@type\":\"ImageObject\",\"inLanguage\":\"en-US\",\"@id\":\"https:\\\/\\\/www.amuz.krakow.pl\\\/#\\\/schema\\\/logo\\\/image\\\/\",\"url\":\"https:\\\/\\\/www.amuz.krakow.pl\\\/wp-content\\\/uploads\\\/2021\\\/11\\\/amkp.jpg\",\"contentUrl\":\"https:\\\/\\\/www.amuz.krakow.pl\\\/wp-content\\\/uploads\\\/2021\\\/11\\\/amkp.jpg\",\"width\":1193,\"height\":591,\"caption\":\"Akademia Muzyczna im. Krzysztofa Pendereckiego w Krakowie\"},\"image\":{\"@id\":\"https:\\\/\\\/www.amuz.krakow.pl\\\/#\\\/schema\\\/logo\\\/image\\\/\"},\"sameAs\":[\"https:\\\/\\\/www.facebook.com\\\/amuz.krakow\",\"https:\\\/\\\/www.instagram.com\\\/amkpenderecki\\\/\",\"https:\\\/\\\/www.youtube.com\\\/@amkpenderecki4806\"]}]}<\/script>\n<!-- \/ Yoast SEO plugin. -->","yoast_head_json":{"title":"AMKP - Akademia Muzyczna im. Krzysztofa Pendereckiego w Krakowie","robots":{"index":"index","follow":"follow","max-snippet":"max-snippet:-1","max-image-preview":"max-image-preview:large","max-video-preview":"max-video-preview:-1"},"canonical":"https:\/\/www.amuz.krakow.pl\/letnia-akademia-muzyczna\/wykaz-kursow\/instrumenty-klawiszowe\/goska-isphording-klawesyn-wspolczesny\/","og_locale":"en_US","og_type":"article","og_title":"AMKP - Akademia Muzyczna im. Krzysztofa Pendereckiego w Krakowie","og_description":"She graduated from the Academy of Music in Cracow and the Royal Conservatory in The Hague. She also perfected her skills during master studies in performance and contemporary harpsichord music&hellip; Continue reading","og_url":"https:\/\/www.amuz.krakow.pl\/letnia-akademia-muzyczna\/wykaz-kursow\/instrumenty-klawiszowe\/goska-isphording-klawesyn-wspolczesny\/","og_site_name":"Akademia Muzyczna im. Krzysztofa Pendereckiego w Krakowie","article_publisher":"https:\/\/www.facebook.com\/amuz.krakow","article_modified_time":"2026-05-06T13:04:19+00:00","og_image":[{"width":2048,"height":1365,"url":"https:\/\/www.amuz.krakow.pl\/wp-content\/uploads\/2020\/02\/fot.-Isphording-Ma\u0142gorzata_fot.-Monika-Rokicka-scaled.jpg","type":"image\/jpeg"}],"twitter_card":"summary_large_image","twitter_misc":{"Est. reading time":"3 minutes"},"schema":{"@context":"https:\/\/schema.org","@graph":[{"@type":"WebPage","@id":"https:\/\/www.amuz.krakow.pl\/letnia-akademia-muzyczna\/wykaz-kursow\/instrumenty-klawiszowe\/goska-isphording-klawesyn-wspolczesny\/","url":"https:\/\/www.amuz.krakow.pl\/letnia-akademia-muzyczna\/wykaz-kursow\/instrumenty-klawiszowe\/goska-isphording-klawesyn-wspolczesny\/","name":"AMKP - Akademia Muzyczna im. Krzysztofa Pendereckiego w Krakowie","isPartOf":{"@id":"https:\/\/www.amuz.krakow.pl\/#website"},"primaryImageOfPage":{"@id":"https:\/\/www.amuz.krakow.pl\/letnia-akademia-muzyczna\/wykaz-kursow\/instrumenty-klawiszowe\/goska-isphording-klawesyn-wspolczesny\/#primaryimage"},"image":{"@id":"https:\/\/www.amuz.krakow.pl\/letnia-akademia-muzyczna\/wykaz-kursow\/instrumenty-klawiszowe\/goska-isphording-klawesyn-wspolczesny\/#primaryimage"},"thumbnailUrl":"https:\/\/www.amuz.krakow.pl\/wp-content\/uploads\/2020\/02\/fot.-Isphording-Ma\u0142gorzata_fot.-Monika-Rokicka-scaled.jpg","datePublished":"2020-02-06T15:21:27+00:00","dateModified":"2026-05-06T13:04:19+00:00","breadcrumb":{"@id":"https:\/\/www.amuz.krakow.pl\/letnia-akademia-muzyczna\/wykaz-kursow\/instrumenty-klawiszowe\/goska-isphording-klawesyn-wspolczesny\/#breadcrumb"},"inLanguage":"en-US","potentialAction":[{"@type":"ReadAction","target":["https:\/\/www.amuz.krakow.pl\/letnia-akademia-muzyczna\/wykaz-kursow\/instrumenty-klawiszowe\/goska-isphording-klawesyn-wspolczesny\/"]}]},{"@type":"ImageObject","inLanguage":"en-US","@id":"https:\/\/www.amuz.krakow.pl\/letnia-akademia-muzyczna\/wykaz-kursow\/instrumenty-klawiszowe\/goska-isphording-klawesyn-wspolczesny\/#primaryimage","url":"https:\/\/www.amuz.krakow.pl\/wp-content\/uploads\/2020\/02\/fot.-Isphording-Ma\u0142gorzata_fot.-Monika-Rokicka-scaled.jpg","contentUrl":"https:\/\/www.amuz.krakow.pl\/wp-content\/uploads\/2020\/02\/fot.-Isphording-Ma\u0142gorzata_fot.-Monika-Rokicka-scaled.jpg","width":2048,"height":1365,"caption":"fot. Monika Rokicka"},{"@type":"BreadcrumbList","@id":"https:\/\/www.amuz.krakow.pl\/letnia-akademia-muzyczna\/wykaz-kursow\/instrumenty-klawiszowe\/goska-isphording-klawesyn-wspolczesny\/#breadcrumb","itemListElement":[{"@type":"ListItem","position":1,"name":"Strona g\u0142\u00f3wna","item":"https:\/\/www.amuz.krakow.pl\/"},{"@type":"ListItem","position":2,"name":"Letnia Akademia Muzyczna","item":"https:\/\/www.amuz.krakow.pl\/letnia-akademia-muzyczna\/"},{"@type":"ListItem","position":3,"name":"Wykaz kurs\u00f3w","item":"https:\/\/www.amuz.krakow.pl\/letnia-akademia-muzyczna\/wykaz-kursow\/"},{"@type":"ListItem","position":4,"name":"Instrumenty klawiszowe","item":"https:\/\/www.amuz.krakow.pl\/letnia-akademia-muzyczna\/wykaz-kursow\/instrumenty-klawiszowe\/"},{"@type":"ListItem","position":5,"name":"Go\u015bka Isphording &#8211; klawesyn wsp\u00f3\u0142czesny"}]},{"@type":"WebSite","@id":"https:\/\/www.amuz.krakow.pl\/#website","url":"https:\/\/www.amuz.krakow.pl\/","name":"Akademia Muzyczna im. Krzysztofa Pendereckiego w Krakowie","description":"Oficjalna strona Akademii Muzycznej im. Krzysztofa Pendereckiego w Krakowie (AMKP).","publisher":{"@id":"https:\/\/www.amuz.krakow.pl\/#organization"},"alternateName":"AMKP","potentialAction":[{"@type":"SearchAction","target":{"@type":"EntryPoint","urlTemplate":"https:\/\/www.amuz.krakow.pl\/?s={search_term_string}"},"query-input":{"@type":"PropertyValueSpecification","valueRequired":true,"valueName":"search_term_string"}}],"inLanguage":"en-US"},{"@type":"Organization","@id":"https:\/\/www.amuz.krakow.pl\/#organization","name":"Akademia Muzyczna im. Krzysztofa Pendereckiego w Krakowie","alternateName":"AMKP","url":"https:\/\/www.amuz.krakow.pl\/","logo":{"@type":"ImageObject","inLanguage":"en-US","@id":"https:\/\/www.amuz.krakow.pl\/#\/schema\/logo\/image\/","url":"https:\/\/www.amuz.krakow.pl\/wp-content\/uploads\/2021\/11\/amkp.jpg","contentUrl":"https:\/\/www.amuz.krakow.pl\/wp-content\/uploads\/2021\/11\/amkp.jpg","width":1193,"height":591,"caption":"Akademia Muzyczna im. Krzysztofa Pendereckiego w Krakowie"},"image":{"@id":"https:\/\/www.amuz.krakow.pl\/#\/schema\/logo\/image\/"},"sameAs":["https:\/\/www.facebook.com\/amuz.krakow","https:\/\/www.instagram.com\/amkpenderecki\/","https:\/\/www.youtube.com\/@amkpenderecki4806"]}]}},"_links":{"self":[{"href":"https:\/\/www.amuz.krakow.pl\/en\/wp-json\/wp\/v2\/pages\/35920","targetHints":{"allow":["GET"]}}],"collection":[{"href":"https:\/\/www.amuz.krakow.pl\/en\/wp-json\/wp\/v2\/pages"}],"about":[{"href":"https:\/\/www.amuz.krakow.pl\/en\/wp-json\/wp\/v2\/types\/page"}],"author":[{"embeddable":true,"href":"https:\/\/www.amuz.krakow.pl\/en\/wp-json\/wp\/v2\/users\/72"}],"replies":[{"embeddable":true,"href":"https:\/\/www.amuz.krakow.pl\/en\/wp-json\/wp\/v2\/comments?post=35920"}],"version-history":[{"count":6,"href":"https:\/\/www.amuz.krakow.pl\/en\/wp-json\/wp\/v2\/pages\/35920\/revisions"}],"predecessor-version":[{"id":84051,"href":"https:\/\/www.amuz.krakow.pl\/en\/wp-json\/wp\/v2\/pages\/35920\/revisions\/84051"}],"up":[{"embeddable":true,"href":"https:\/\/www.amuz.krakow.pl\/en\/wp-json\/wp\/v2\/pages\/47050"}],"wp:featuredmedia":[{"embeddable":true,"href":"https:\/\/www.amuz.krakow.pl\/en\/wp-json\/wp\/v2\/media\/35923"}],"wp:attachment":[{"href":"https:\/\/www.amuz.krakow.pl\/en\/wp-json\/wp\/v2\/media?parent=35920"}],"curies":[{"name":"wp","href":"https:\/\/api.w.org\/{rel}","templated":true}]}}