{"id":35474,"date":"2020-01-26T22:33:23","date_gmt":"2020-01-26T21:33:23","guid":{"rendered":"https:\/\/www.amuz.krakow.pl\/?page_id=35474"},"modified":"2025-10-23T14:07:00","modified_gmt":"2025-10-23T12:07:00","slug":"dr-hab-henryk-jan-botor","status":"publish","type":"page","link":"https:\/\/www.amuz.krakow.pl\/en\/wydzialy\/wydzial-i-tworczosci-interpretacji-i-edukacji-muzycznej\/katedra-muzyki-religijnej\/pracownicy-katedry\/dr-hab-henryk-jan-botor\/","title":{"rendered":"dr hab. Henryk Jan Botor, prof. AMKP"},"content":{"rendered":"<p><figure id=\"attachment_36405\" aria-describedby=\"caption-attachment-36405\" style=\"width: 200px\" class=\"wp-caption alignleft\"><a href=\"https:\/\/www.amuz.krakow.pl\/wp-content\/uploads\/2020\/02\/Henryk-Jan-Botor-fot.-Wiktoria-H\u00fcbner.jpg\" target=\"_blank\" rel=\"noopener\"><img loading=\"lazy\" decoding=\"async\" class=\"wp-image-36405 size-medium\" src=\"https:\/\/www.amuz.krakow.pl\/wp-content\/uploads\/2020\/02\/Henryk-Jan-Botor-fot.-Wiktoria-H\u00fcbner-200x300.jpg\" alt=\"\" width=\"200\" height=\"300\" srcset=\"https:\/\/www.amuz.krakow.pl\/wp-content\/uploads\/2020\/02\/Henryk-Jan-Botor-fot.-Wiktoria-H\u00fcbner-200x300.jpg 200w, https:\/\/www.amuz.krakow.pl\/wp-content\/uploads\/2020\/02\/Henryk-Jan-Botor-fot.-Wiktoria-H\u00fcbner-768x1152.jpg 768w, https:\/\/www.amuz.krakow.pl\/wp-content\/uploads\/2020\/02\/Henryk-Jan-Botor-fot.-Wiktoria-H\u00fcbner-1024x1536.jpg 1024w, https:\/\/www.amuz.krakow.pl\/wp-content\/uploads\/2020\/02\/Henryk-Jan-Botor-fot.-Wiktoria-H\u00fcbner.jpg 1067w\" sizes=\"auto, (max-width: 200px) 100vw, 200px\" \/><\/a><figcaption id=\"caption-attachment-36405\" class=\"wp-caption-text\">photo by Wiktoria H\u00fcbner<\/figcaption><\/figure><\/p>\n<p style=\"text-align: justify;\">Henryk Jan Botor was born in Tychy. He took piano lessons, first from private tutor,Ewa Szymiczek-Tuszy\u0144ska, than at music schools in Tychy and Bielsko-Bia\u0142a under the guidance of Barbara Bock,Aleksandra D\u0119bnicka and Maria \u015awierczek-Niedziela.<\/p>\n<p style=\"text-align: justify;\">He graduated from the Academy of Music in Krak\u00f3w with the degress in: Musicasl Education (1984), Music Composition under the academic supervision of Professor Marek Stachowski (1989), and Organ under the supervision of Professor Miros\u0142awa Semeniuk-Podraza (with Honours, 1989). In 1988 he took lessons on music improvisation from Jan Jongepier in the Netherlands, and at Summer Organ Academy in Haarlem under the guidance of Hans Haselb\u00f6ck and Anders Bondeman.<\/p>\n<p style=\"text-align: justify;\">In 1997 he received First Prize at the &#8220;Vox Basilicae Calisiensis&#8221; Composing Competition in Kalisz, Poland, for the a cappella composition. In 2002 he was awarded another First Prize at the Composing Competition in Miko\u0142\u00f3w, Poland, for the concerto for organ, string orchestra, two trumpets and percussion. In 2004 he was granted Third Prize at the International Composing Competitin &#8220;The Garden Music&#8221; in Krak\u00f3w. Among his achievements as a composer are symphonic, chamber,piano, organ and choir pieces, as well as songs. They include the liturgical songs performed in Rome during the celebration of the 25-th anniversary of The Pontificate of Pope John Paul II by the Polish Radio Katowice Symphony Orchestra and the Krak\u00f3w Radio Choir.<\/p>\n<p style=\"text-align: justify;\">He composed the liturgical music, and arranged the songs for the choir and symphony orchestra for the Archepiscopal Ingress of Cardinal Stanis\u0142aw Dziwisz, and for the Pope Benedict XVI&#8217;s visit to Poland in 2006 (Holy Mass at Krak\u00f3w-B\u0142onie). Henryk Jan Botor takes particular interest in symphony orchestra within which he tries to reach the still unexplored potential of tone colour by employing conventional instruments. He is also interested in film score music. His background compositons were used in documentary films by Jerzy Ridan, &#8220;Imi\u0119 moje Kinga&#8221; (&#8220;My name is Kinga&#8221;), &#8220;Pielgrzymi&#8221; (&#8220;Pilgrims&#8221;) and &#8220;Moje miasto&#8221; (&#8220;My city&#8221;).<br \/>\nIn 2010 he composed the the music for the documentary film about God&#8217;s Servant, Jerzy Ciesielski, directed by Izabela Drobotowicz-Orkisz. He teaches at the Krzysztof Penderecki Academy of Music in Krak\u00f3w.<\/p>\n<p style=\"text-align: justify;\">The composer has given concerts in Poland, the Netherlands, Germany and Mexico, featuring also his own compositions and improvisations. His recitals have included the concerts consisting of his sole improvisations for the suggested themes. His compositions and improvisations have already been recorded on CD.<\/p>\n<p><a href=\"mailto:henrykjan.botor@amuz.krakow.pl\">henrykjan.botor@amuz.krakow.pl<\/a><\/p>\n<p>&nbsp;<\/p>\n<p>&nbsp;<\/p>","protected":false},"excerpt":{"rendered":"<p>Henryk Jan Botor was born in Tychy. He took piano lessons, first from private tutor,Ewa Szymiczek-Tuszy\u0144ska, than at music schools in Tychy and Bielsko-Bia\u0142a under the guidance of Barbara Bock,Aleksandra&hellip; <a href=\"https:\/\/www.amuz.krakow.pl\/en\/wydzialy\/wydzial-i-tworczosci-interpretacji-i-edukacji-muzycznej\/katedra-muzyki-religijnej\/pracownicy-katedry\/dr-hab-henryk-jan-botor\/\">Continue reading<\/a><\/p>\n","protected":false},"author":72,"featured_media":108423,"parent":35464,"menu_order":2,"comment_status":"closed","ping_status":"closed","template":"","meta":{"footnotes":"","_links_to":"","_links_to_target":""},"class_list":["post-35474","page","type-page","status-publish","has-post-thumbnail","hentry"],"yoast_head":"<!-- This site is optimized with the Yoast SEO plugin v27.2 - https:\/\/yoast.com\/product\/yoast-seo-wordpress\/ -->\n<title>AMKP - Akademia Muzyczna im. Krzysztofa Pendereckiego w Krakowie<\/title>\n<meta name=\"robots\" content=\"index, follow, max-snippet:-1, max-image-preview:large, max-video-preview:-1\" \/>\n<link rel=\"canonical\" href=\"https:\/\/www.amuz.krakow.pl\/wydzialy\/wydzial-i-tworczosci-interpretacji-i-edukacji-muzycznej\/katedra-muzyki-religijnej\/pracownicy-katedry\/dr-hab-henryk-jan-botor\/\" \/>\n<meta property=\"og:locale\" content=\"en_US\" \/>\n<meta property=\"og:type\" content=\"article\" \/>\n<meta property=\"og:title\" content=\"AMKP - Akademia Muzyczna im. Krzysztofa Pendereckiego w Krakowie\" \/>\n<meta property=\"og:description\" content=\"Henryk Jan Botor was born in Tychy. He took piano lessons, first from private tutor,Ewa Szymiczek-Tuszy\u0144ska, than at music schools in Tychy and Bielsko-Bia\u0142a under the guidance of Barbara Bock,Aleksandra&hellip; Continue reading\" \/>\n<meta property=\"og:url\" content=\"https:\/\/www.amuz.krakow.pl\/wydzialy\/wydzial-i-tworczosci-interpretacji-i-edukacji-muzycznej\/katedra-muzyki-religijnej\/pracownicy-katedry\/dr-hab-henryk-jan-botor\/\" \/>\n<meta property=\"og:site_name\" content=\"Akademia Muzyczna im. Krzysztofa Pendereckiego w Krakowie\" \/>\n<meta property=\"article:publisher\" content=\"https:\/\/www.facebook.com\/amuz.krakow\" \/>\n<meta property=\"article:modified_time\" content=\"2025-10-23T12:07:00+00:00\" \/>\n<meta property=\"og:image\" content=\"https:\/\/www.amuz.krakow.pl\/wp-content\/uploads\/2020\/02\/Henryk-Jan-Botor-fot.-Wiktoria-H\u00fcbner.jpg\" \/>\n\t<meta property=\"og:image:width\" content=\"1067\" \/>\n\t<meta property=\"og:image:height\" content=\"1600\" \/>\n\t<meta property=\"og:image:type\" content=\"image\/jpeg\" \/>\n<meta name=\"twitter:card\" content=\"summary_large_image\" \/>\n<meta name=\"twitter:label1\" content=\"Est. reading time\" \/>\n\t<meta name=\"twitter:data1\" content=\"5 minutes\" \/>\n<script type=\"application\/ld+json\" class=\"yoast-schema-graph\">{\"@context\":\"https:\/\/schema.org\",\"@graph\":[{\"@type\":\"WebPage\",\"@id\":\"https:\/\/www.amuz.krakow.pl\/wydzialy\/wydzial-i-tworczosci-interpretacji-i-edukacji-muzycznej\/katedra-muzyki-religijnej\/pracownicy-katedry\/dr-hab-henryk-jan-botor\/\",\"url\":\"https:\/\/www.amuz.krakow.pl\/wydzialy\/wydzial-i-tworczosci-interpretacji-i-edukacji-muzycznej\/katedra-muzyki-religijnej\/pracownicy-katedry\/dr-hab-henryk-jan-botor\/\",\"name\":\"AMKP - Akademia Muzyczna im. Krzysztofa Pendereckiego w Krakowie\",\"isPartOf\":{\"@id\":\"https:\/\/www.amuz.krakow.pl\/#website\"},\"primaryImageOfPage\":{\"@id\":\"https:\/\/www.amuz.krakow.pl\/wydzialy\/wydzial-i-tworczosci-interpretacji-i-edukacji-muzycznej\/katedra-muzyki-religijnej\/pracownicy-katedry\/dr-hab-henryk-jan-botor\/#primaryimage\"},\"image\":{\"@id\":\"https:\/\/www.amuz.krakow.pl\/wydzialy\/wydzial-i-tworczosci-interpretacji-i-edukacji-muzycznej\/katedra-muzyki-religijnej\/pracownicy-katedry\/dr-hab-henryk-jan-botor\/#primaryimage\"},\"thumbnailUrl\":\"https:\/\/www.amuz.krakow.pl\/wp-content\/uploads\/2025\/10\/Henryk-Jan-Botor-fot.-Wiktoria-Hubner-2.jpg\",\"datePublished\":\"2020-01-26T21:33:23+00:00\",\"dateModified\":\"2025-10-23T12:07:00+00:00\",\"breadcrumb\":{\"@id\":\"https:\/\/www.amuz.krakow.pl\/wydzialy\/wydzial-i-tworczosci-interpretacji-i-edukacji-muzycznej\/katedra-muzyki-religijnej\/pracownicy-katedry\/dr-hab-henryk-jan-botor\/#breadcrumb\"},\"inLanguage\":\"en-US\",\"potentialAction\":[{\"@type\":\"ReadAction\",\"target\":[\"https:\/\/www.amuz.krakow.pl\/wydzialy\/wydzial-i-tworczosci-interpretacji-i-edukacji-muzycznej\/katedra-muzyki-religijnej\/pracownicy-katedry\/dr-hab-henryk-jan-botor\/\"]}]},{\"@type\":\"ImageObject\",\"inLanguage\":\"en-US\",\"@id\":\"https:\/\/www.amuz.krakow.pl\/wydzialy\/wydzial-i-tworczosci-interpretacji-i-edukacji-muzycznej\/katedra-muzyki-religijnej\/pracownicy-katedry\/dr-hab-henryk-jan-botor\/#primaryimage\",\"url\":\"https:\/\/www.amuz.krakow.pl\/wp-content\/uploads\/2025\/10\/Henryk-Jan-Botor-fot.-Wiktoria-Hubner-2.jpg\",\"contentUrl\":\"https:\/\/www.amuz.krakow.pl\/wp-content\/uploads\/2025\/10\/Henryk-Jan-Botor-fot.-Wiktoria-Hubner-2.jpg\",\"width\":1067,\"height\":534},{\"@type\":\"BreadcrumbList\",\"@id\":\"https:\/\/www.amuz.krakow.pl\/wydzialy\/wydzial-i-tworczosci-interpretacji-i-edukacji-muzycznej\/katedra-muzyki-religijnej\/pracownicy-katedry\/dr-hab-henryk-jan-botor\/#breadcrumb\",\"itemListElement\":[{\"@type\":\"ListItem\",\"position\":1,\"name\":\"Strona g\u0142\u00f3wna\",\"item\":\"https:\/\/www.amuz.krakow.pl\/\"},{\"@type\":\"ListItem\",\"position\":2,\"name\":\"WYDZIA\u0141Y\",\"item\":\"https:\/\/www.amuz.krakow.pl\/wydzialy\/\"},{\"@type\":\"ListItem\",\"position\":3,\"name\":\"Wydzia\u0142 Tw\u00f3rczo\u015bci, Interpretacji i Edukacji Muzycznej\",\"item\":\"https:\/\/www.amuz.krakow.pl\/wydzialy\/wydzial-i-tworczosci-interpretacji-i-edukacji-muzycznej\/\"},{\"@type\":\"ListItem\",\"position\":4,\"name\":\"Katedra Muzyki Ko\u015bcielnej\",\"item\":\"https:\/\/www.amuz.krakow.pl\/wydzialy\/wydzial-i-tworczosci-interpretacji-i-edukacji-muzycznej\/katedra-muzyki-religijnej\/\"},{\"@type\":\"ListItem\",\"position\":5,\"name\":\"Pracownicy Katedry\",\"item\":\"https:\/\/www.amuz.krakow.pl\/wydzialy\/wydzial-i-tworczosci-interpretacji-i-edukacji-muzycznej\/katedra-muzyki-religijnej\/pracownicy-katedry\/\"},{\"@type\":\"ListItem\",\"position\":6,\"name\":\"dr hab. Henryk Jan Botor, prof. AMKP\"}]},{\"@type\":\"WebSite\",\"@id\":\"https:\/\/www.amuz.krakow.pl\/#website\",\"url\":\"https:\/\/www.amuz.krakow.pl\/\",\"name\":\"Akademia Muzyczna im. Krzysztofa Pendereckiego w Krakowie\",\"description\":\"Oficjalna strona Akademii Muzycznej im. Krzysztofa Pendereckiego w Krakowie (AMKP).\",\"publisher\":{\"@id\":\"https:\/\/www.amuz.krakow.pl\/#organization\"},\"alternateName\":\"AMKP\",\"potentialAction\":[{\"@type\":\"SearchAction\",\"target\":{\"@type\":\"EntryPoint\",\"urlTemplate\":\"https:\/\/www.amuz.krakow.pl\/?s={search_term_string}\"},\"query-input\":{\"@type\":\"PropertyValueSpecification\",\"valueRequired\":true,\"valueName\":\"search_term_string\"}}],\"inLanguage\":\"en-US\"},{\"@type\":\"Organization\",\"@id\":\"https:\/\/www.amuz.krakow.pl\/#organization\",\"name\":\"Akademia Muzyczna im. Krzysztofa Pendereckiego w Krakowie\",\"alternateName\":\"AMKP\",\"url\":\"https:\/\/www.amuz.krakow.pl\/\",\"logo\":{\"@type\":\"ImageObject\",\"inLanguage\":\"en-US\",\"@id\":\"https:\/\/www.amuz.krakow.pl\/#\/schema\/logo\/image\/\",\"url\":\"https:\/\/www.amuz.krakow.pl\/wp-content\/uploads\/2021\/11\/amkp.jpg\",\"contentUrl\":\"https:\/\/www.amuz.krakow.pl\/wp-content\/uploads\/2021\/11\/amkp.jpg\",\"width\":1193,\"height\":591,\"caption\":\"Akademia Muzyczna im. Krzysztofa Pendereckiego w Krakowie\"},\"image\":{\"@id\":\"https:\/\/www.amuz.krakow.pl\/#\/schema\/logo\/image\/\"},\"sameAs\":[\"https:\/\/www.facebook.com\/amuz.krakow\",\"https:\/\/www.instagram.com\/amkpenderecki\/\",\"https:\/\/www.youtube.com\/@amkpenderecki4806\"]}]}<\/script>\n<!-- \/ Yoast SEO plugin. -->","yoast_head_json":{"title":"AMKP - Akademia Muzyczna im. Krzysztofa Pendereckiego w Krakowie","robots":{"index":"index","follow":"follow","max-snippet":"max-snippet:-1","max-image-preview":"max-image-preview:large","max-video-preview":"max-video-preview:-1"},"canonical":"https:\/\/www.amuz.krakow.pl\/wydzialy\/wydzial-i-tworczosci-interpretacji-i-edukacji-muzycznej\/katedra-muzyki-religijnej\/pracownicy-katedry\/dr-hab-henryk-jan-botor\/","og_locale":"en_US","og_type":"article","og_title":"AMKP - Akademia Muzyczna im. Krzysztofa Pendereckiego w Krakowie","og_description":"Henryk Jan Botor was born in Tychy. He took piano lessons, first from private tutor,Ewa Szymiczek-Tuszy\u0144ska, than at music schools in Tychy and Bielsko-Bia\u0142a under the guidance of Barbara Bock,Aleksandra&hellip; Continue reading","og_url":"https:\/\/www.amuz.krakow.pl\/wydzialy\/wydzial-i-tworczosci-interpretacji-i-edukacji-muzycznej\/katedra-muzyki-religijnej\/pracownicy-katedry\/dr-hab-henryk-jan-botor\/","og_site_name":"Akademia Muzyczna im. Krzysztofa Pendereckiego w Krakowie","article_publisher":"https:\/\/www.facebook.com\/amuz.krakow","article_modified_time":"2025-10-23T12:07:00+00:00","og_image":[{"width":1067,"height":1600,"url":"https:\/\/www.amuz.krakow.pl\/wp-content\/uploads\/2020\/02\/Henryk-Jan-Botor-fot.-Wiktoria-H\u00fcbner.jpg","type":"image\/jpeg"}],"twitter_card":"summary_large_image","twitter_misc":{"Est. reading time":"5 minutes"},"schema":{"@context":"https:\/\/schema.org","@graph":[{"@type":"WebPage","@id":"https:\/\/www.amuz.krakow.pl\/wydzialy\/wydzial-i-tworczosci-interpretacji-i-edukacji-muzycznej\/katedra-muzyki-religijnej\/pracownicy-katedry\/dr-hab-henryk-jan-botor\/","url":"https:\/\/www.amuz.krakow.pl\/wydzialy\/wydzial-i-tworczosci-interpretacji-i-edukacji-muzycznej\/katedra-muzyki-religijnej\/pracownicy-katedry\/dr-hab-henryk-jan-botor\/","name":"AMKP - Akademia Muzyczna im. Krzysztofa Pendereckiego w Krakowie","isPartOf":{"@id":"https:\/\/www.amuz.krakow.pl\/#website"},"primaryImageOfPage":{"@id":"https:\/\/www.amuz.krakow.pl\/wydzialy\/wydzial-i-tworczosci-interpretacji-i-edukacji-muzycznej\/katedra-muzyki-religijnej\/pracownicy-katedry\/dr-hab-henryk-jan-botor\/#primaryimage"},"image":{"@id":"https:\/\/www.amuz.krakow.pl\/wydzialy\/wydzial-i-tworczosci-interpretacji-i-edukacji-muzycznej\/katedra-muzyki-religijnej\/pracownicy-katedry\/dr-hab-henryk-jan-botor\/#primaryimage"},"thumbnailUrl":"https:\/\/www.amuz.krakow.pl\/wp-content\/uploads\/2025\/10\/Henryk-Jan-Botor-fot.-Wiktoria-Hubner-2.jpg","datePublished":"2020-01-26T21:33:23+00:00","dateModified":"2025-10-23T12:07:00+00:00","breadcrumb":{"@id":"https:\/\/www.amuz.krakow.pl\/wydzialy\/wydzial-i-tworczosci-interpretacji-i-edukacji-muzycznej\/katedra-muzyki-religijnej\/pracownicy-katedry\/dr-hab-henryk-jan-botor\/#breadcrumb"},"inLanguage":"en-US","potentialAction":[{"@type":"ReadAction","target":["https:\/\/www.amuz.krakow.pl\/wydzialy\/wydzial-i-tworczosci-interpretacji-i-edukacji-muzycznej\/katedra-muzyki-religijnej\/pracownicy-katedry\/dr-hab-henryk-jan-botor\/"]}]},{"@type":"ImageObject","inLanguage":"en-US","@id":"https:\/\/www.amuz.krakow.pl\/wydzialy\/wydzial-i-tworczosci-interpretacji-i-edukacji-muzycznej\/katedra-muzyki-religijnej\/pracownicy-katedry\/dr-hab-henryk-jan-botor\/#primaryimage","url":"https:\/\/www.amuz.krakow.pl\/wp-content\/uploads\/2025\/10\/Henryk-Jan-Botor-fot.-Wiktoria-Hubner-2.jpg","contentUrl":"https:\/\/www.amuz.krakow.pl\/wp-content\/uploads\/2025\/10\/Henryk-Jan-Botor-fot.-Wiktoria-Hubner-2.jpg","width":1067,"height":534},{"@type":"BreadcrumbList","@id":"https:\/\/www.amuz.krakow.pl\/wydzialy\/wydzial-i-tworczosci-interpretacji-i-edukacji-muzycznej\/katedra-muzyki-religijnej\/pracownicy-katedry\/dr-hab-henryk-jan-botor\/#breadcrumb","itemListElement":[{"@type":"ListItem","position":1,"name":"Strona g\u0142\u00f3wna","item":"https:\/\/www.amuz.krakow.pl\/"},{"@type":"ListItem","position":2,"name":"WYDZIA\u0141Y","item":"https:\/\/www.amuz.krakow.pl\/wydzialy\/"},{"@type":"ListItem","position":3,"name":"Wydzia\u0142 Tw\u00f3rczo\u015bci, Interpretacji i Edukacji Muzycznej","item":"https:\/\/www.amuz.krakow.pl\/wydzialy\/wydzial-i-tworczosci-interpretacji-i-edukacji-muzycznej\/"},{"@type":"ListItem","position":4,"name":"Katedra Muzyki Ko\u015bcielnej","item":"https:\/\/www.amuz.krakow.pl\/wydzialy\/wydzial-i-tworczosci-interpretacji-i-edukacji-muzycznej\/katedra-muzyki-religijnej\/"},{"@type":"ListItem","position":5,"name":"Pracownicy Katedry","item":"https:\/\/www.amuz.krakow.pl\/wydzialy\/wydzial-i-tworczosci-interpretacji-i-edukacji-muzycznej\/katedra-muzyki-religijnej\/pracownicy-katedry\/"},{"@type":"ListItem","position":6,"name":"dr hab. Henryk Jan Botor, prof. AMKP"}]},{"@type":"WebSite","@id":"https:\/\/www.amuz.krakow.pl\/#website","url":"https:\/\/www.amuz.krakow.pl\/","name":"Akademia Muzyczna im. Krzysztofa Pendereckiego w Krakowie","description":"Oficjalna strona Akademii Muzycznej im. Krzysztofa Pendereckiego w Krakowie (AMKP).","publisher":{"@id":"https:\/\/www.amuz.krakow.pl\/#organization"},"alternateName":"AMKP","potentialAction":[{"@type":"SearchAction","target":{"@type":"EntryPoint","urlTemplate":"https:\/\/www.amuz.krakow.pl\/?s={search_term_string}"},"query-input":{"@type":"PropertyValueSpecification","valueRequired":true,"valueName":"search_term_string"}}],"inLanguage":"en-US"},{"@type":"Organization","@id":"https:\/\/www.amuz.krakow.pl\/#organization","name":"Akademia Muzyczna im. Krzysztofa Pendereckiego w Krakowie","alternateName":"AMKP","url":"https:\/\/www.amuz.krakow.pl\/","logo":{"@type":"ImageObject","inLanguage":"en-US","@id":"https:\/\/www.amuz.krakow.pl\/#\/schema\/logo\/image\/","url":"https:\/\/www.amuz.krakow.pl\/wp-content\/uploads\/2021\/11\/amkp.jpg","contentUrl":"https:\/\/www.amuz.krakow.pl\/wp-content\/uploads\/2021\/11\/amkp.jpg","width":1193,"height":591,"caption":"Akademia Muzyczna im. Krzysztofa Pendereckiego w Krakowie"},"image":{"@id":"https:\/\/www.amuz.krakow.pl\/#\/schema\/logo\/image\/"},"sameAs":["https:\/\/www.facebook.com\/amuz.krakow","https:\/\/www.instagram.com\/amkpenderecki\/","https:\/\/www.youtube.com\/@amkpenderecki4806"]}]}},"_links":{"self":[{"href":"https:\/\/www.amuz.krakow.pl\/en\/wp-json\/wp\/v2\/pages\/35474","targetHints":{"allow":["GET"]}}],"collection":[{"href":"https:\/\/www.amuz.krakow.pl\/en\/wp-json\/wp\/v2\/pages"}],"about":[{"href":"https:\/\/www.amuz.krakow.pl\/en\/wp-json\/wp\/v2\/types\/page"}],"author":[{"embeddable":true,"href":"https:\/\/www.amuz.krakow.pl\/en\/wp-json\/wp\/v2\/users\/72"}],"replies":[{"embeddable":true,"href":"https:\/\/www.amuz.krakow.pl\/en\/wp-json\/wp\/v2\/comments?post=35474"}],"version-history":[{"count":16,"href":"https:\/\/www.amuz.krakow.pl\/en\/wp-json\/wp\/v2\/pages\/35474\/revisions"}],"predecessor-version":[{"id":108914,"href":"https:\/\/www.amuz.krakow.pl\/en\/wp-json\/wp\/v2\/pages\/35474\/revisions\/108914"}],"up":[{"embeddable":true,"href":"https:\/\/www.amuz.krakow.pl\/en\/wp-json\/wp\/v2\/pages\/35464"}],"wp:featuredmedia":[{"embeddable":true,"href":"https:\/\/www.amuz.krakow.pl\/en\/wp-json\/wp\/v2\/media\/108423"}],"wp:attachment":[{"href":"https:\/\/www.amuz.krakow.pl\/en\/wp-json\/wp\/v2\/media?parent=35474"}],"curies":[{"name":"wp","href":"https:\/\/api.w.org\/{rel}","templated":true}]}}