{"id":35470,"date":"2020-01-26T22:32:14","date_gmt":"2020-01-26T21:32:14","guid":{"rendered":"https:\/\/www.amuz.krakow.pl\/?page_id=35470"},"modified":"2024-11-04T11:37:35","modified_gmt":"2024-11-04T10:37:35","slug":"dr-daniel-prajzner","status":"publish","type":"page","link":"https:\/\/www.amuz.krakow.pl\/en\/wydzialy\/wydzial-i-tworczosci-interpretacji-i-edukacji-muzycznej\/katedra-muzyki-religijnej\/pracownicy-katedry\/dr-daniel-prajzner\/","title":{"rendered":"dr hab. Daniel Prajzner- HEAD"},"content":{"rendered":"<p><figure id=\"attachment_33958\" aria-describedby=\"caption-attachment-33958\" style=\"width: 275px\" class=\"wp-caption alignleft\"><a href=\"https:\/\/www.amuz.krakow.pl\/wp-content\/uploads\/2019\/11\/Daniel-Prajzner.jpg\"><img loading=\"lazy\" decoding=\"async\" class=\"wp-image-33958\" src=\"https:\/\/www.amuz.krakow.pl\/wp-content\/uploads\/2019\/11\/Daniel-Prajzner.jpg\" alt=\"\" width=\"275\" height=\"220\" srcset=\"https:\/\/www.amuz.krakow.pl\/wp-content\/uploads\/2019\/11\/Daniel-Prajzner.jpg 1200w, https:\/\/www.amuz.krakow.pl\/wp-content\/uploads\/2019\/11\/Daniel-Prajzner-300x240.jpg 300w, https:\/\/www.amuz.krakow.pl\/wp-content\/uploads\/2019\/11\/Daniel-Prajzner-768x614.jpg 768w\" sizes=\"auto, (max-width: 275px) 100vw, 275px\" \/><\/a><figcaption id=\"caption-attachment-33958\" class=\"wp-caption-text\">fot. Pawe\u0142 Pa\u0142ka<\/figcaption><\/figure><\/p>\n<p style=\"text-align: justify;\">Daniel Prajzner \u2013 born in 1984 in Przemysl. Graduate of the Academy of Music in Krakow (Poland) in prof. Miroslawa Semeniuk-Podraza\u2019s organ class (2008, with distinction) and Conservatorium van Amsterdam (Holland) in prof. Pieter van Dijk\u2019s organ class (2010, Master of music). Participant of Socrates\/Erasmus programme at Hochschule f\u00fcr Musik und Theater in Hamburg (Germany) among others in prof. Pieter van Dijk\u2019s organ class and prof. Menno van Delft\u2019s harpsichord class (2007).<\/p>\n<p style=\"text-align: justify;\">Participant of organ master interpretation courses by: G. Bovet, K. Eichhorn, J. Gembalski, G. Gnann, B. Haas, L. Lohmann, M. Sander, J. Serafin, Z. Szathmary, C. Tilney, D. Titterington, M. Toporowski, V. Warnier.<\/p>\n<p style=\"text-align: justify;\">Laureate of Polish Nationwide Organ Competition in Czestochowa, XIV International Young Organists Competition in Opava in Czech Republic (prizewinner), III European Organ Competition in Castellana Grotte in Italy (winner), IV Mikael Tariverdiev International Organ Competition in Moscow-Kaliningrad in Russia (prizewinner and special prize for \u201eThe best interpretation of sacred music\u201d).<\/p>\n<p style=\"text-align: justify;\">For his artistic achievements he received several significant awards and scholarships including the \u201eYouth Poland\u201d scholarship from the Polish Ministry of Culture (2006) and Promotion Award of Volksbank Paderborn-H\u00f6xter (Germany) \u201eYoung Artists in Europe 2006\u201d.<\/p>\n<p style=\"text-align: justify;\">Numerous recitals in Poland and abroad: in Belarus, Germany, Holland, Italy, Japan, Lithuania, Norway, Russia, Switzerland, Ukraine.<\/p>\n<p style=\"text-align: justify;\">In 2017 he received PhD and in 2023 the degree of doctor habilitatus. Currently he is the head of the Church Music Department at the Krzysztof Penderecki Academy of Music in Krak\u00f3w. He leads a didactic activity also in his hometown: at the Artur Malawski Music School, where he is also the head of the Accordion and Organ section, and at the Salesian Organist School, the school, of which he is the Chairman of the board, was reactivated on his initiative after fifty-five years.<\/p>\n<p style=\"text-align: justify;\">Artistic director of the International Przemy\u015bl Festival of Salesian Music Summer.<\/p>\n<p><a href=\"mailto:daniel.prajzner@amuz.krakow.pl\">daniel.prajzner@amuz.krakow.pl<\/a><\/p>","protected":false},"excerpt":{"rendered":"<p>Daniel Prajzner \u2013 born in 1984 in Przemysl. Graduate of the Academy of Music in Krakow (Poland) in prof. Miroslawa Semeniuk-Podraza\u2019s organ class (2008, with distinction) and Conservatorium van Amsterdam&hellip; <a href=\"https:\/\/www.amuz.krakow.pl\/en\/wydzialy\/wydzial-i-tworczosci-interpretacji-i-edukacji-muzycznej\/katedra-muzyki-religijnej\/pracownicy-katedry\/dr-daniel-prajzner\/\">Continue reading<\/a><\/p>\n","protected":false},"author":72,"featured_media":33958,"parent":35464,"menu_order":0,"comment_status":"closed","ping_status":"closed","template":"","meta":{"footnotes":"","_links_to":"","_links_to_target":""},"class_list":["post-35470","page","type-page","status-publish","has-post-thumbnail","hentry"],"yoast_head":"<!-- This site is optimized with the Yoast SEO plugin v27.2 - https:\/\/yoast.com\/product\/yoast-seo-wordpress\/ -->\n<title>AMKP - Akademia Muzyczna im. Krzysztofa Pendereckiego w Krakowie<\/title>\n<meta name=\"robots\" content=\"index, follow, max-snippet:-1, max-image-preview:large, max-video-preview:-1\" \/>\n<link rel=\"canonical\" href=\"https:\/\/www.amuz.krakow.pl\/wydzialy\/wydzial-i-tworczosci-interpretacji-i-edukacji-muzycznej\/katedra-muzyki-religijnej\/pracownicy-katedry\/dr-daniel-prajzner\/\" \/>\n<meta property=\"og:locale\" content=\"en_US\" \/>\n<meta property=\"og:type\" content=\"article\" \/>\n<meta property=\"og:title\" content=\"AMKP - Akademia Muzyczna im. Krzysztofa Pendereckiego w Krakowie\" \/>\n<meta property=\"og:description\" content=\"Daniel Prajzner \u2013 born in 1984 in Przemysl. Graduate of the Academy of Music in Krakow (Poland) in prof. Miroslawa Semeniuk-Podraza\u2019s organ class (2008, with distinction) and Conservatorium van Amsterdam&hellip; Continue reading\" \/>\n<meta property=\"og:url\" content=\"https:\/\/www.amuz.krakow.pl\/wydzialy\/wydzial-i-tworczosci-interpretacji-i-edukacji-muzycznej\/katedra-muzyki-religijnej\/pracownicy-katedry\/dr-daniel-prajzner\/\" \/>\n<meta property=\"og:site_name\" content=\"Akademia Muzyczna im. Krzysztofa Pendereckiego w Krakowie\" \/>\n<meta property=\"article:publisher\" content=\"https:\/\/www.facebook.com\/amuz.krakow\" \/>\n<meta property=\"article:modified_time\" content=\"2024-11-04T10:37:35+00:00\" \/>\n<meta property=\"og:image\" content=\"https:\/\/www.amuz.krakow.pl\/wp-content\/uploads\/2019\/11\/Daniel-Prajzner.jpg\" \/>\n\t<meta property=\"og:image:width\" content=\"1200\" \/>\n\t<meta property=\"og:image:height\" content=\"960\" \/>\n\t<meta property=\"og:image:type\" content=\"image\/jpeg\" \/>\n<meta name=\"twitter:card\" content=\"summary_large_image\" \/>\n<meta name=\"twitter:label1\" content=\"Est. reading time\" \/>\n\t<meta name=\"twitter:data1\" content=\"3 minutes\" \/>\n<script type=\"application\/ld+json\" class=\"yoast-schema-graph\">{\"@context\":\"https:\/\/schema.org\",\"@graph\":[{\"@type\":\"WebPage\",\"@id\":\"https:\/\/www.amuz.krakow.pl\/wydzialy\/wydzial-i-tworczosci-interpretacji-i-edukacji-muzycznej\/katedra-muzyki-religijnej\/pracownicy-katedry\/dr-daniel-prajzner\/\",\"url\":\"https:\/\/www.amuz.krakow.pl\/wydzialy\/wydzial-i-tworczosci-interpretacji-i-edukacji-muzycznej\/katedra-muzyki-religijnej\/pracownicy-katedry\/dr-daniel-prajzner\/\",\"name\":\"AMKP - Akademia Muzyczna im. Krzysztofa Pendereckiego w Krakowie\",\"isPartOf\":{\"@id\":\"https:\/\/www.amuz.krakow.pl\/#website\"},\"primaryImageOfPage\":{\"@id\":\"https:\/\/www.amuz.krakow.pl\/wydzialy\/wydzial-i-tworczosci-interpretacji-i-edukacji-muzycznej\/katedra-muzyki-religijnej\/pracownicy-katedry\/dr-daniel-prajzner\/#primaryimage\"},\"image\":{\"@id\":\"https:\/\/www.amuz.krakow.pl\/wydzialy\/wydzial-i-tworczosci-interpretacji-i-edukacji-muzycznej\/katedra-muzyki-religijnej\/pracownicy-katedry\/dr-daniel-prajzner\/#primaryimage\"},\"thumbnailUrl\":\"https:\/\/www.amuz.krakow.pl\/wp-content\/uploads\/2019\/11\/Daniel-Prajzner.jpg\",\"datePublished\":\"2020-01-26T21:32:14+00:00\",\"dateModified\":\"2024-11-04T10:37:35+00:00\",\"breadcrumb\":{\"@id\":\"https:\/\/www.amuz.krakow.pl\/wydzialy\/wydzial-i-tworczosci-interpretacji-i-edukacji-muzycznej\/katedra-muzyki-religijnej\/pracownicy-katedry\/dr-daniel-prajzner\/#breadcrumb\"},\"inLanguage\":\"en-US\",\"potentialAction\":[{\"@type\":\"ReadAction\",\"target\":[\"https:\/\/www.amuz.krakow.pl\/wydzialy\/wydzial-i-tworczosci-interpretacji-i-edukacji-muzycznej\/katedra-muzyki-religijnej\/pracownicy-katedry\/dr-daniel-prajzner\/\"]}]},{\"@type\":\"ImageObject\",\"inLanguage\":\"en-US\",\"@id\":\"https:\/\/www.amuz.krakow.pl\/wydzialy\/wydzial-i-tworczosci-interpretacji-i-edukacji-muzycznej\/katedra-muzyki-religijnej\/pracownicy-katedry\/dr-daniel-prajzner\/#primaryimage\",\"url\":\"https:\/\/www.amuz.krakow.pl\/wp-content\/uploads\/2019\/11\/Daniel-Prajzner.jpg\",\"contentUrl\":\"https:\/\/www.amuz.krakow.pl\/wp-content\/uploads\/2019\/11\/Daniel-Prajzner.jpg\",\"width\":1200,\"height\":960,\"caption\":\"fot. Pawe\u0142 Pa\u0142ka\"},{\"@type\":\"BreadcrumbList\",\"@id\":\"https:\/\/www.amuz.krakow.pl\/wydzialy\/wydzial-i-tworczosci-interpretacji-i-edukacji-muzycznej\/katedra-muzyki-religijnej\/pracownicy-katedry\/dr-daniel-prajzner\/#breadcrumb\",\"itemListElement\":[{\"@type\":\"ListItem\",\"position\":1,\"name\":\"Strona g\u0142\u00f3wna\",\"item\":\"https:\/\/www.amuz.krakow.pl\/\"},{\"@type\":\"ListItem\",\"position\":2,\"name\":\"WYDZIA\u0141Y\",\"item\":\"https:\/\/www.amuz.krakow.pl\/wydzialy\/\"},{\"@type\":\"ListItem\",\"position\":3,\"name\":\"Wydzia\u0142 Tw\u00f3rczo\u015bci, Interpretacji i Edukacji Muzycznej\",\"item\":\"https:\/\/www.amuz.krakow.pl\/wydzialy\/wydzial-i-tworczosci-interpretacji-i-edukacji-muzycznej\/\"},{\"@type\":\"ListItem\",\"position\":4,\"name\":\"Katedra Muzyki Ko\u015bcielnej\",\"item\":\"https:\/\/www.amuz.krakow.pl\/wydzialy\/wydzial-i-tworczosci-interpretacji-i-edukacji-muzycznej\/katedra-muzyki-religijnej\/\"},{\"@type\":\"ListItem\",\"position\":5,\"name\":\"Pracownicy Katedry\",\"item\":\"https:\/\/www.amuz.krakow.pl\/wydzialy\/wydzial-i-tworczosci-interpretacji-i-edukacji-muzycznej\/katedra-muzyki-religijnej\/pracownicy-katedry\/\"},{\"@type\":\"ListItem\",\"position\":6,\"name\":\"dr hab. Daniel Prajzner &#8211; Kierownik Katedry\"}]},{\"@type\":\"WebSite\",\"@id\":\"https:\/\/www.amuz.krakow.pl\/#website\",\"url\":\"https:\/\/www.amuz.krakow.pl\/\",\"name\":\"Akademia Muzyczna im. Krzysztofa Pendereckiego w Krakowie\",\"description\":\"Oficjalna strona Akademii Muzycznej im. Krzysztofa Pendereckiego w Krakowie (AMKP).\",\"publisher\":{\"@id\":\"https:\/\/www.amuz.krakow.pl\/#organization\"},\"alternateName\":\"AMKP\",\"potentialAction\":[{\"@type\":\"SearchAction\",\"target\":{\"@type\":\"EntryPoint\",\"urlTemplate\":\"https:\/\/www.amuz.krakow.pl\/?s={search_term_string}\"},\"query-input\":{\"@type\":\"PropertyValueSpecification\",\"valueRequired\":true,\"valueName\":\"search_term_string\"}}],\"inLanguage\":\"en-US\"},{\"@type\":\"Organization\",\"@id\":\"https:\/\/www.amuz.krakow.pl\/#organization\",\"name\":\"Akademia Muzyczna im. Krzysztofa Pendereckiego w Krakowie\",\"alternateName\":\"AMKP\",\"url\":\"https:\/\/www.amuz.krakow.pl\/\",\"logo\":{\"@type\":\"ImageObject\",\"inLanguage\":\"en-US\",\"@id\":\"https:\/\/www.amuz.krakow.pl\/#\/schema\/logo\/image\/\",\"url\":\"https:\/\/www.amuz.krakow.pl\/wp-content\/uploads\/2021\/11\/amkp.jpg\",\"contentUrl\":\"https:\/\/www.amuz.krakow.pl\/wp-content\/uploads\/2021\/11\/amkp.jpg\",\"width\":1193,\"height\":591,\"caption\":\"Akademia Muzyczna im. Krzysztofa Pendereckiego w Krakowie\"},\"image\":{\"@id\":\"https:\/\/www.amuz.krakow.pl\/#\/schema\/logo\/image\/\"},\"sameAs\":[\"https:\/\/www.facebook.com\/amuz.krakow\",\"https:\/\/www.instagram.com\/amkpenderecki\/\",\"https:\/\/www.youtube.com\/@amkpenderecki4806\"]}]}<\/script>\n<!-- \/ Yoast SEO plugin. -->","yoast_head_json":{"title":"AMKP - Akademia Muzyczna im. Krzysztofa Pendereckiego w Krakowie","robots":{"index":"index","follow":"follow","max-snippet":"max-snippet:-1","max-image-preview":"max-image-preview:large","max-video-preview":"max-video-preview:-1"},"canonical":"https:\/\/www.amuz.krakow.pl\/wydzialy\/wydzial-i-tworczosci-interpretacji-i-edukacji-muzycznej\/katedra-muzyki-religijnej\/pracownicy-katedry\/dr-daniel-prajzner\/","og_locale":"en_US","og_type":"article","og_title":"AMKP - Akademia Muzyczna im. Krzysztofa Pendereckiego w Krakowie","og_description":"Daniel Prajzner \u2013 born in 1984 in Przemysl. Graduate of the Academy of Music in Krakow (Poland) in prof. Miroslawa Semeniuk-Podraza\u2019s organ class (2008, with distinction) and Conservatorium van Amsterdam&hellip; Continue reading","og_url":"https:\/\/www.amuz.krakow.pl\/wydzialy\/wydzial-i-tworczosci-interpretacji-i-edukacji-muzycznej\/katedra-muzyki-religijnej\/pracownicy-katedry\/dr-daniel-prajzner\/","og_site_name":"Akademia Muzyczna im. Krzysztofa Pendereckiego w Krakowie","article_publisher":"https:\/\/www.facebook.com\/amuz.krakow","article_modified_time":"2024-11-04T10:37:35+00:00","og_image":[{"width":1200,"height":960,"url":"https:\/\/www.amuz.krakow.pl\/wp-content\/uploads\/2019\/11\/Daniel-Prajzner.jpg","type":"image\/jpeg"}],"twitter_card":"summary_large_image","twitter_misc":{"Est. reading time":"3 minutes"},"schema":{"@context":"https:\/\/schema.org","@graph":[{"@type":"WebPage","@id":"https:\/\/www.amuz.krakow.pl\/wydzialy\/wydzial-i-tworczosci-interpretacji-i-edukacji-muzycznej\/katedra-muzyki-religijnej\/pracownicy-katedry\/dr-daniel-prajzner\/","url":"https:\/\/www.amuz.krakow.pl\/wydzialy\/wydzial-i-tworczosci-interpretacji-i-edukacji-muzycznej\/katedra-muzyki-religijnej\/pracownicy-katedry\/dr-daniel-prajzner\/","name":"AMKP - Akademia Muzyczna im. Krzysztofa Pendereckiego w Krakowie","isPartOf":{"@id":"https:\/\/www.amuz.krakow.pl\/#website"},"primaryImageOfPage":{"@id":"https:\/\/www.amuz.krakow.pl\/wydzialy\/wydzial-i-tworczosci-interpretacji-i-edukacji-muzycznej\/katedra-muzyki-religijnej\/pracownicy-katedry\/dr-daniel-prajzner\/#primaryimage"},"image":{"@id":"https:\/\/www.amuz.krakow.pl\/wydzialy\/wydzial-i-tworczosci-interpretacji-i-edukacji-muzycznej\/katedra-muzyki-religijnej\/pracownicy-katedry\/dr-daniel-prajzner\/#primaryimage"},"thumbnailUrl":"https:\/\/www.amuz.krakow.pl\/wp-content\/uploads\/2019\/11\/Daniel-Prajzner.jpg","datePublished":"2020-01-26T21:32:14+00:00","dateModified":"2024-11-04T10:37:35+00:00","breadcrumb":{"@id":"https:\/\/www.amuz.krakow.pl\/wydzialy\/wydzial-i-tworczosci-interpretacji-i-edukacji-muzycznej\/katedra-muzyki-religijnej\/pracownicy-katedry\/dr-daniel-prajzner\/#breadcrumb"},"inLanguage":"en-US","potentialAction":[{"@type":"ReadAction","target":["https:\/\/www.amuz.krakow.pl\/wydzialy\/wydzial-i-tworczosci-interpretacji-i-edukacji-muzycznej\/katedra-muzyki-religijnej\/pracownicy-katedry\/dr-daniel-prajzner\/"]}]},{"@type":"ImageObject","inLanguage":"en-US","@id":"https:\/\/www.amuz.krakow.pl\/wydzialy\/wydzial-i-tworczosci-interpretacji-i-edukacji-muzycznej\/katedra-muzyki-religijnej\/pracownicy-katedry\/dr-daniel-prajzner\/#primaryimage","url":"https:\/\/www.amuz.krakow.pl\/wp-content\/uploads\/2019\/11\/Daniel-Prajzner.jpg","contentUrl":"https:\/\/www.amuz.krakow.pl\/wp-content\/uploads\/2019\/11\/Daniel-Prajzner.jpg","width":1200,"height":960,"caption":"fot. Pawe\u0142 Pa\u0142ka"},{"@type":"BreadcrumbList","@id":"https:\/\/www.amuz.krakow.pl\/wydzialy\/wydzial-i-tworczosci-interpretacji-i-edukacji-muzycznej\/katedra-muzyki-religijnej\/pracownicy-katedry\/dr-daniel-prajzner\/#breadcrumb","itemListElement":[{"@type":"ListItem","position":1,"name":"Strona g\u0142\u00f3wna","item":"https:\/\/www.amuz.krakow.pl\/"},{"@type":"ListItem","position":2,"name":"WYDZIA\u0141Y","item":"https:\/\/www.amuz.krakow.pl\/wydzialy\/"},{"@type":"ListItem","position":3,"name":"Wydzia\u0142 Tw\u00f3rczo\u015bci, Interpretacji i Edukacji Muzycznej","item":"https:\/\/www.amuz.krakow.pl\/wydzialy\/wydzial-i-tworczosci-interpretacji-i-edukacji-muzycznej\/"},{"@type":"ListItem","position":4,"name":"Katedra Muzyki Ko\u015bcielnej","item":"https:\/\/www.amuz.krakow.pl\/wydzialy\/wydzial-i-tworczosci-interpretacji-i-edukacji-muzycznej\/katedra-muzyki-religijnej\/"},{"@type":"ListItem","position":5,"name":"Pracownicy Katedry","item":"https:\/\/www.amuz.krakow.pl\/wydzialy\/wydzial-i-tworczosci-interpretacji-i-edukacji-muzycznej\/katedra-muzyki-religijnej\/pracownicy-katedry\/"},{"@type":"ListItem","position":6,"name":"dr hab. Daniel Prajzner &#8211; Kierownik Katedry"}]},{"@type":"WebSite","@id":"https:\/\/www.amuz.krakow.pl\/#website","url":"https:\/\/www.amuz.krakow.pl\/","name":"Akademia Muzyczna im. Krzysztofa Pendereckiego w Krakowie","description":"Oficjalna strona Akademii Muzycznej im. Krzysztofa Pendereckiego w Krakowie (AMKP).","publisher":{"@id":"https:\/\/www.amuz.krakow.pl\/#organization"},"alternateName":"AMKP","potentialAction":[{"@type":"SearchAction","target":{"@type":"EntryPoint","urlTemplate":"https:\/\/www.amuz.krakow.pl\/?s={search_term_string}"},"query-input":{"@type":"PropertyValueSpecification","valueRequired":true,"valueName":"search_term_string"}}],"inLanguage":"en-US"},{"@type":"Organization","@id":"https:\/\/www.amuz.krakow.pl\/#organization","name":"Akademia Muzyczna im. Krzysztofa Pendereckiego w Krakowie","alternateName":"AMKP","url":"https:\/\/www.amuz.krakow.pl\/","logo":{"@type":"ImageObject","inLanguage":"en-US","@id":"https:\/\/www.amuz.krakow.pl\/#\/schema\/logo\/image\/","url":"https:\/\/www.amuz.krakow.pl\/wp-content\/uploads\/2021\/11\/amkp.jpg","contentUrl":"https:\/\/www.amuz.krakow.pl\/wp-content\/uploads\/2021\/11\/amkp.jpg","width":1193,"height":591,"caption":"Akademia Muzyczna im. Krzysztofa Pendereckiego w Krakowie"},"image":{"@id":"https:\/\/www.amuz.krakow.pl\/#\/schema\/logo\/image\/"},"sameAs":["https:\/\/www.facebook.com\/amuz.krakow","https:\/\/www.instagram.com\/amkpenderecki\/","https:\/\/www.youtube.com\/@amkpenderecki4806"]}]}},"_links":{"self":[{"href":"https:\/\/www.amuz.krakow.pl\/en\/wp-json\/wp\/v2\/pages\/35470","targetHints":{"allow":["GET"]}}],"collection":[{"href":"https:\/\/www.amuz.krakow.pl\/en\/wp-json\/wp\/v2\/pages"}],"about":[{"href":"https:\/\/www.amuz.krakow.pl\/en\/wp-json\/wp\/v2\/types\/page"}],"author":[{"embeddable":true,"href":"https:\/\/www.amuz.krakow.pl\/en\/wp-json\/wp\/v2\/users\/72"}],"replies":[{"embeddable":true,"href":"https:\/\/www.amuz.krakow.pl\/en\/wp-json\/wp\/v2\/comments?post=35470"}],"version-history":[{"count":13,"href":"https:\/\/www.amuz.krakow.pl\/en\/wp-json\/wp\/v2\/pages\/35470\/revisions"}],"predecessor-version":[{"id":91951,"href":"https:\/\/www.amuz.krakow.pl\/en\/wp-json\/wp\/v2\/pages\/35470\/revisions\/91951"}],"up":[{"embeddable":true,"href":"https:\/\/www.amuz.krakow.pl\/en\/wp-json\/wp\/v2\/pages\/35464"}],"wp:featuredmedia":[{"embeddable":true,"href":"https:\/\/www.amuz.krakow.pl\/en\/wp-json\/wp\/v2\/media\/33958"}],"wp:attachment":[{"href":"https:\/\/www.amuz.krakow.pl\/en\/wp-json\/wp\/v2\/media?parent=35470"}],"curies":[{"name":"wp","href":"https:\/\/api.w.org\/{rel}","templated":true}]}}