{"id":33479,"date":"2019-10-23T13:57:58","date_gmt":"2019-10-23T11:57:58","guid":{"rendered":"https:\/\/www.amuz.krakow.pl\/?page_id=33479"},"modified":"2023-06-12T12:20:49","modified_gmt":"2023-06-12T10:20:49","slug":"prof-barbara-swiatek-zelazna-2019","status":"publish","type":"page","link":"https:\/\/www.amuz.krakow.pl\/en\/doktoraty-hc\/doktorzy-honoris-causa\/prof-barbara-swiatek-zelazna-2019\/","title":{"rendered":"prof. Barbara \u015awi\u0105tek-\u017belazna (2019)"},"content":{"rendered":"<p><\/p>\n<p style=\"text-align: justify;\"><a href=\"https:\/\/www.amuz.krakow.pl\/wp-content\/uploads\/2019\/01\/Barbara-\u015awi\u0105tek-\u017belazna-1.jpg\"><img loading=\"lazy\" decoding=\"async\" class=\"wp-image-28363 alignleft\" src=\"https:\/\/www.amuz.krakow.pl\/wp-content\/uploads\/2019\/01\/Barbara-\u015awi\u0105tek-\u017belazna-1-1363x2048.jpg\" alt=\"\" width=\"193\" height=\"290\" srcset=\"https:\/\/www.amuz.krakow.pl\/wp-content\/uploads\/2019\/01\/Barbara-\u015awi\u0105tek-\u017belazna-1.jpg 1363w, https:\/\/www.amuz.krakow.pl\/wp-content\/uploads\/2019\/01\/Barbara-\u015awi\u0105tek-\u017belazna-1-200x300.jpg 200w, https:\/\/www.amuz.krakow.pl\/wp-content\/uploads\/2019\/01\/Barbara-\u015awi\u0105tek-\u017belazna-1-768x1154.jpg 768w\" sizes=\"auto, (max-width: 193px) 100vw, 193px\" \/><\/a>She graduated from the State Higher School of Music in Krak\u00f3w, obtaining a diploma with honours in the flute class of Prof.\u00a0Wac\u0142aw Chudziak. Subsequently, she continued her flute education at the Conservatoire National Sup\u00e9rier de Musique de Paris under the guidance of Prof.\u00a0Gastone Crunelle. She has worked for many years in the Polish Radio and Television Orchestra in Krak\u00f3w as the solo flautist. She is the winner of national (Katowice, \u0141\u00f3d\u017a) and international (Vienna, Helsinki, Utrecht) competitions.<br \/>\nWith El\u017cbieta Stefa\u0144ska and\u00a0Jerzy Klocek, they formed a Baroque Trio, and she was a member of the Warsaw Harp Trio together with Urszula Mazurek and\u00a0Zdzis\u0142aw Polonek; in addition, she was a soloist in the Krak\u00f3w Chamber Orchestra under Kazimierz Kord and a long-time member of the MW2 band. Being a very active performer, she has participated, as a soloist and chamber music player, in a number of prestigious national and international music festivals. Numerous musical works have been recorded by her for the Polish Radio and Television and for foreign broadcast stations. As a soloist, she has given concerts with all the orchestras in Poland. She conducts flute master classes in Poland and abroad (Belgium, Ukraine). She is a member of the jury at international flute competitions (Munich \u2013 ARD, Lviv, Czerniowce) and national competitions (D\u0105browa G\u00f3rnicza, \u0141\u00f3d\u017a, Sieradz, Krak\u00f3w). Following her cooperation with Polish and foreign composers (including Krzysztof Meyer, Krystyna Moszuma\u0144ska-Nazar, Adam Walaci\u0144ski, Bogus\u0142aw Schaeffer, Kre\u0161imir Fribec), she has had a number of musical works dedicated to her. She was behind the idea, and is now the artistic director, of the International Flute Competition in Krak\u00f3w. She has received various honours, including the Gold Medal of Merit to Culture <em>Gloria Artis <\/em>and the Officer&#8217;s Cross, and awards from the Minister of Art and Culture, the Award of the City of Krak\u00f3w, Excellent in Teaching Award R. E. and R. A. Robinson, the Ma\u0142opolskie Province Award <em>Ars Quaerendi<\/em> for outstanding contribution to the development and promotion of culture in the Master and Student category. During the International Festival of Contemporary Music \u201cWarsaw Autumn,\u201d she also received the prestigious <em>Orpheus <\/em>distinction awarded by SPAM critics for the most interesting artistic event of the Festival and for a path of artistic exploration. She is a full professor of the Academy of Music in Krak\u00f3w. She has held the office of the Head of the Department of Wind Instruments, Percussion and Accordion. In 1999-2002, she was the Rector of the Academy of Music in\u00a0Krak\u00f3w. In 2019, she was awarded the degree of doctor <em>honoris causa<\/em> of the Academy of Music in Krak\u00f3w.<\/p>\n<p><\/p>","protected":false},"excerpt":{"rendered":"<p>She graduated from the State Higher School of Music in Krak\u00f3w, obtaining a diploma with honours in the flute class of Prof.\u00a0Wac\u0142aw Chudziak. Subsequently, she continued her flute education at&hellip; <a href=\"https:\/\/www.amuz.krakow.pl\/en\/doktoraty-hc\/doktorzy-honoris-causa\/prof-barbara-swiatek-zelazna-2019\/\">Continue reading<\/a><\/p>\n","protected":false},"author":72,"featured_media":75756,"parent":633,"menu_order":-13,"comment_status":"closed","ping_status":"closed","template":"","meta":{"footnotes":"","_links_to":"","_links_to_target":""},"class_list":["post-33479","page","type-page","status-publish","has-post-thumbnail","hentry"],"yoast_head":"<!-- This site is optimized with the Yoast SEO plugin v27.2 - https:\/\/yoast.com\/product\/yoast-seo-wordpress\/ -->\n<title>AMKP - Akademia Muzyczna im. Krzysztofa Pendereckiego w Krakowie<\/title>\n<meta name=\"robots\" content=\"index, follow, max-snippet:-1, max-image-preview:large, max-video-preview:-1\" \/>\n<link rel=\"canonical\" href=\"https:\/\/www.amuz.krakow.pl\/doktoraty-hc\/doktorzy-honoris-causa\/prof-barbara-swiatek-zelazna-2019\/\" \/>\n<meta property=\"og:locale\" content=\"en_US\" \/>\n<meta property=\"og:type\" content=\"article\" \/>\n<meta property=\"og:title\" content=\"AMKP - Akademia Muzyczna im. Krzysztofa Pendereckiego w Krakowie\" \/>\n<meta property=\"og:description\" content=\"She graduated from the State Higher School of Music in Krak\u00f3w, obtaining a diploma with honours in the flute class of Prof.\u00a0Wac\u0142aw Chudziak. Subsequently, she continued her flute education at&hellip; Continue reading\" \/>\n<meta property=\"og:url\" content=\"https:\/\/www.amuz.krakow.pl\/doktoraty-hc\/doktorzy-honoris-causa\/prof-barbara-swiatek-zelazna-2019\/\" \/>\n<meta property=\"og:site_name\" content=\"Akademia Muzyczna im. Krzysztofa Pendereckiego w Krakowie\" \/>\n<meta property=\"article:publisher\" content=\"https:\/\/www.facebook.com\/amuz.krakow\" \/>\n<meta property=\"article:modified_time\" content=\"2023-06-12T10:20:49+00:00\" \/>\n<meta property=\"og:image\" content=\"https:\/\/www.amuz.krakow.pl\/wp-content\/uploads\/2023\/06\/Barbara-Swiatek-Zelazna-1-miniatura.jpg\" \/>\n\t<meta property=\"og:image:width\" content=\"1363\" \/>\n\t<meta property=\"og:image:height\" content=\"824\" \/>\n\t<meta property=\"og:image:type\" content=\"image\/jpeg\" \/>\n<meta name=\"twitter:card\" content=\"summary_large_image\" \/>\n<meta name=\"twitter:label1\" content=\"Est. reading time\" \/>\n\t<meta name=\"twitter:data1\" content=\"3 minutes\" \/>\n<script type=\"application\/ld+json\" class=\"yoast-schema-graph\">{\"@context\":\"https:\/\/schema.org\",\"@graph\":[{\"@type\":\"WebPage\",\"@id\":\"https:\/\/www.amuz.krakow.pl\/doktoraty-hc\/doktorzy-honoris-causa\/prof-barbara-swiatek-zelazna-2019\/\",\"url\":\"https:\/\/www.amuz.krakow.pl\/doktoraty-hc\/doktorzy-honoris-causa\/prof-barbara-swiatek-zelazna-2019\/\",\"name\":\"AMKP - Akademia Muzyczna im. Krzysztofa Pendereckiego w Krakowie\",\"isPartOf\":{\"@id\":\"https:\/\/www.amuz.krakow.pl\/#website\"},\"primaryImageOfPage\":{\"@id\":\"https:\/\/www.amuz.krakow.pl\/doktoraty-hc\/doktorzy-honoris-causa\/prof-barbara-swiatek-zelazna-2019\/#primaryimage\"},\"image\":{\"@id\":\"https:\/\/www.amuz.krakow.pl\/doktoraty-hc\/doktorzy-honoris-causa\/prof-barbara-swiatek-zelazna-2019\/#primaryimage\"},\"thumbnailUrl\":\"https:\/\/www.amuz.krakow.pl\/wp-content\/uploads\/2023\/06\/Barbara-Swiatek-Zelazna-1-miniatura.jpg\",\"datePublished\":\"2019-10-23T11:57:58+00:00\",\"dateModified\":\"2023-06-12T10:20:49+00:00\",\"breadcrumb\":{\"@id\":\"https:\/\/www.amuz.krakow.pl\/doktoraty-hc\/doktorzy-honoris-causa\/prof-barbara-swiatek-zelazna-2019\/#breadcrumb\"},\"inLanguage\":\"en-US\",\"potentialAction\":[{\"@type\":\"ReadAction\",\"target\":[\"https:\/\/www.amuz.krakow.pl\/doktoraty-hc\/doktorzy-honoris-causa\/prof-barbara-swiatek-zelazna-2019\/\"]}]},{\"@type\":\"ImageObject\",\"inLanguage\":\"en-US\",\"@id\":\"https:\/\/www.amuz.krakow.pl\/doktoraty-hc\/doktorzy-honoris-causa\/prof-barbara-swiatek-zelazna-2019\/#primaryimage\",\"url\":\"https:\/\/www.amuz.krakow.pl\/wp-content\/uploads\/2023\/06\/Barbara-Swiatek-Zelazna-1-miniatura.jpg\",\"contentUrl\":\"https:\/\/www.amuz.krakow.pl\/wp-content\/uploads\/2023\/06\/Barbara-Swiatek-Zelazna-1-miniatura.jpg\",\"width\":1363,\"height\":824},{\"@type\":\"BreadcrumbList\",\"@id\":\"https:\/\/www.amuz.krakow.pl\/doktoraty-hc\/doktorzy-honoris-causa\/prof-barbara-swiatek-zelazna-2019\/#breadcrumb\",\"itemListElement\":[{\"@type\":\"ListItem\",\"position\":1,\"name\":\"Strona g\u0142\u00f3wna\",\"item\":\"https:\/\/www.amuz.krakow.pl\/\"},{\"@type\":\"ListItem\",\"position\":2,\"name\":\"Doktoraty honoris causa\",\"item\":\"https:\/\/www.amuz.krakow.pl\/doktoraty-hc\/\"},{\"@type\":\"ListItem\",\"position\":3,\"name\":\"Doktorzy Honoris Causa\",\"item\":\"https:\/\/www.amuz.krakow.pl\/doktoraty-hc\/doktorzy-honoris-causa\/\"},{\"@type\":\"ListItem\",\"position\":4,\"name\":\"prof. Barbara \u015awi\u0105tek-\u017belazna (2019)\"}]},{\"@type\":\"WebSite\",\"@id\":\"https:\/\/www.amuz.krakow.pl\/#website\",\"url\":\"https:\/\/www.amuz.krakow.pl\/\",\"name\":\"Akademia Muzyczna im. Krzysztofa Pendereckiego w Krakowie\",\"description\":\"Oficjalna strona Akademii Muzycznej im. Krzysztofa Pendereckiego w Krakowie (AMKP).\",\"publisher\":{\"@id\":\"https:\/\/www.amuz.krakow.pl\/#organization\"},\"alternateName\":\"AMKP\",\"potentialAction\":[{\"@type\":\"SearchAction\",\"target\":{\"@type\":\"EntryPoint\",\"urlTemplate\":\"https:\/\/www.amuz.krakow.pl\/?s={search_term_string}\"},\"query-input\":{\"@type\":\"PropertyValueSpecification\",\"valueRequired\":true,\"valueName\":\"search_term_string\"}}],\"inLanguage\":\"en-US\"},{\"@type\":\"Organization\",\"@id\":\"https:\/\/www.amuz.krakow.pl\/#organization\",\"name\":\"Akademia Muzyczna im. Krzysztofa Pendereckiego w Krakowie\",\"alternateName\":\"AMKP\",\"url\":\"https:\/\/www.amuz.krakow.pl\/\",\"logo\":{\"@type\":\"ImageObject\",\"inLanguage\":\"en-US\",\"@id\":\"https:\/\/www.amuz.krakow.pl\/#\/schema\/logo\/image\/\",\"url\":\"https:\/\/www.amuz.krakow.pl\/wp-content\/uploads\/2021\/11\/amkp.jpg\",\"contentUrl\":\"https:\/\/www.amuz.krakow.pl\/wp-content\/uploads\/2021\/11\/amkp.jpg\",\"width\":1193,\"height\":591,\"caption\":\"Akademia Muzyczna im. Krzysztofa Pendereckiego w Krakowie\"},\"image\":{\"@id\":\"https:\/\/www.amuz.krakow.pl\/#\/schema\/logo\/image\/\"},\"sameAs\":[\"https:\/\/www.facebook.com\/amuz.krakow\",\"https:\/\/www.instagram.com\/amkpenderecki\/\",\"https:\/\/www.youtube.com\/@amkpenderecki4806\"]}]}<\/script>\n<!-- \/ Yoast SEO plugin. -->","yoast_head_json":{"title":"AMKP - Akademia Muzyczna im. Krzysztofa Pendereckiego w Krakowie","robots":{"index":"index","follow":"follow","max-snippet":"max-snippet:-1","max-image-preview":"max-image-preview:large","max-video-preview":"max-video-preview:-1"},"canonical":"https:\/\/www.amuz.krakow.pl\/doktoraty-hc\/doktorzy-honoris-causa\/prof-barbara-swiatek-zelazna-2019\/","og_locale":"en_US","og_type":"article","og_title":"AMKP - Akademia Muzyczna im. Krzysztofa Pendereckiego w Krakowie","og_description":"She graduated from the State Higher School of Music in Krak\u00f3w, obtaining a diploma with honours in the flute class of Prof.\u00a0Wac\u0142aw Chudziak. Subsequently, she continued her flute education at&hellip; Continue reading","og_url":"https:\/\/www.amuz.krakow.pl\/doktoraty-hc\/doktorzy-honoris-causa\/prof-barbara-swiatek-zelazna-2019\/","og_site_name":"Akademia Muzyczna im. Krzysztofa Pendereckiego w Krakowie","article_publisher":"https:\/\/www.facebook.com\/amuz.krakow","article_modified_time":"2023-06-12T10:20:49+00:00","og_image":[{"width":1363,"height":824,"url":"https:\/\/www.amuz.krakow.pl\/wp-content\/uploads\/2023\/06\/Barbara-Swiatek-Zelazna-1-miniatura.jpg","type":"image\/jpeg"}],"twitter_card":"summary_large_image","twitter_misc":{"Est. reading time":"3 minutes"},"schema":{"@context":"https:\/\/schema.org","@graph":[{"@type":"WebPage","@id":"https:\/\/www.amuz.krakow.pl\/doktoraty-hc\/doktorzy-honoris-causa\/prof-barbara-swiatek-zelazna-2019\/","url":"https:\/\/www.amuz.krakow.pl\/doktoraty-hc\/doktorzy-honoris-causa\/prof-barbara-swiatek-zelazna-2019\/","name":"AMKP - Akademia Muzyczna im. Krzysztofa Pendereckiego w Krakowie","isPartOf":{"@id":"https:\/\/www.amuz.krakow.pl\/#website"},"primaryImageOfPage":{"@id":"https:\/\/www.amuz.krakow.pl\/doktoraty-hc\/doktorzy-honoris-causa\/prof-barbara-swiatek-zelazna-2019\/#primaryimage"},"image":{"@id":"https:\/\/www.amuz.krakow.pl\/doktoraty-hc\/doktorzy-honoris-causa\/prof-barbara-swiatek-zelazna-2019\/#primaryimage"},"thumbnailUrl":"https:\/\/www.amuz.krakow.pl\/wp-content\/uploads\/2023\/06\/Barbara-Swiatek-Zelazna-1-miniatura.jpg","datePublished":"2019-10-23T11:57:58+00:00","dateModified":"2023-06-12T10:20:49+00:00","breadcrumb":{"@id":"https:\/\/www.amuz.krakow.pl\/doktoraty-hc\/doktorzy-honoris-causa\/prof-barbara-swiatek-zelazna-2019\/#breadcrumb"},"inLanguage":"en-US","potentialAction":[{"@type":"ReadAction","target":["https:\/\/www.amuz.krakow.pl\/doktoraty-hc\/doktorzy-honoris-causa\/prof-barbara-swiatek-zelazna-2019\/"]}]},{"@type":"ImageObject","inLanguage":"en-US","@id":"https:\/\/www.amuz.krakow.pl\/doktoraty-hc\/doktorzy-honoris-causa\/prof-barbara-swiatek-zelazna-2019\/#primaryimage","url":"https:\/\/www.amuz.krakow.pl\/wp-content\/uploads\/2023\/06\/Barbara-Swiatek-Zelazna-1-miniatura.jpg","contentUrl":"https:\/\/www.amuz.krakow.pl\/wp-content\/uploads\/2023\/06\/Barbara-Swiatek-Zelazna-1-miniatura.jpg","width":1363,"height":824},{"@type":"BreadcrumbList","@id":"https:\/\/www.amuz.krakow.pl\/doktoraty-hc\/doktorzy-honoris-causa\/prof-barbara-swiatek-zelazna-2019\/#breadcrumb","itemListElement":[{"@type":"ListItem","position":1,"name":"Strona g\u0142\u00f3wna","item":"https:\/\/www.amuz.krakow.pl\/"},{"@type":"ListItem","position":2,"name":"Doktoraty honoris causa","item":"https:\/\/www.amuz.krakow.pl\/doktoraty-hc\/"},{"@type":"ListItem","position":3,"name":"Doktorzy Honoris Causa","item":"https:\/\/www.amuz.krakow.pl\/doktoraty-hc\/doktorzy-honoris-causa\/"},{"@type":"ListItem","position":4,"name":"prof. Barbara \u015awi\u0105tek-\u017belazna (2019)"}]},{"@type":"WebSite","@id":"https:\/\/www.amuz.krakow.pl\/#website","url":"https:\/\/www.amuz.krakow.pl\/","name":"Akademia Muzyczna im. Krzysztofa Pendereckiego w Krakowie","description":"Oficjalna strona Akademii Muzycznej im. Krzysztofa Pendereckiego w Krakowie (AMKP).","publisher":{"@id":"https:\/\/www.amuz.krakow.pl\/#organization"},"alternateName":"AMKP","potentialAction":[{"@type":"SearchAction","target":{"@type":"EntryPoint","urlTemplate":"https:\/\/www.amuz.krakow.pl\/?s={search_term_string}"},"query-input":{"@type":"PropertyValueSpecification","valueRequired":true,"valueName":"search_term_string"}}],"inLanguage":"en-US"},{"@type":"Organization","@id":"https:\/\/www.amuz.krakow.pl\/#organization","name":"Akademia Muzyczna im. Krzysztofa Pendereckiego w Krakowie","alternateName":"AMKP","url":"https:\/\/www.amuz.krakow.pl\/","logo":{"@type":"ImageObject","inLanguage":"en-US","@id":"https:\/\/www.amuz.krakow.pl\/#\/schema\/logo\/image\/","url":"https:\/\/www.amuz.krakow.pl\/wp-content\/uploads\/2021\/11\/amkp.jpg","contentUrl":"https:\/\/www.amuz.krakow.pl\/wp-content\/uploads\/2021\/11\/amkp.jpg","width":1193,"height":591,"caption":"Akademia Muzyczna im. Krzysztofa Pendereckiego w Krakowie"},"image":{"@id":"https:\/\/www.amuz.krakow.pl\/#\/schema\/logo\/image\/"},"sameAs":["https:\/\/www.facebook.com\/amuz.krakow","https:\/\/www.instagram.com\/amkpenderecki\/","https:\/\/www.youtube.com\/@amkpenderecki4806"]}]}},"_links":{"self":[{"href":"https:\/\/www.amuz.krakow.pl\/en\/wp-json\/wp\/v2\/pages\/33479","targetHints":{"allow":["GET"]}}],"collection":[{"href":"https:\/\/www.amuz.krakow.pl\/en\/wp-json\/wp\/v2\/pages"}],"about":[{"href":"https:\/\/www.amuz.krakow.pl\/en\/wp-json\/wp\/v2\/types\/page"}],"author":[{"embeddable":true,"href":"https:\/\/www.amuz.krakow.pl\/en\/wp-json\/wp\/v2\/users\/72"}],"replies":[{"embeddable":true,"href":"https:\/\/www.amuz.krakow.pl\/en\/wp-json\/wp\/v2\/comments?post=33479"}],"version-history":[{"count":6,"href":"https:\/\/www.amuz.krakow.pl\/en\/wp-json\/wp\/v2\/pages\/33479\/revisions"}],"predecessor-version":[{"id":75758,"href":"https:\/\/www.amuz.krakow.pl\/en\/wp-json\/wp\/v2\/pages\/33479\/revisions\/75758"}],"up":[{"embeddable":true,"href":"https:\/\/www.amuz.krakow.pl\/en\/wp-json\/wp\/v2\/pages\/633"}],"wp:featuredmedia":[{"embeddable":true,"href":"https:\/\/www.amuz.krakow.pl\/en\/wp-json\/wp\/v2\/media\/75756"}],"wp:attachment":[{"href":"https:\/\/www.amuz.krakow.pl\/en\/wp-json\/wp\/v2\/media?parent=33479"}],"curies":[{"name":"wp","href":"https:\/\/api.w.org\/{rel}","templated":true}]}}