{"id":3329,"date":"2016-02-20T22:01:25","date_gmt":"2016-02-20T21:01:25","guid":{"rendered":"http:\/\/strony.amuz.krakow.pl\/?page_id=3329"},"modified":"2025-05-20T14:58:18","modified_gmt":"2025-05-20T12:58:18","slug":"dr-dominika-peszko-akompaniament","status":"publish","type":"page","link":"https:\/\/www.amuz.krakow.pl\/en\/wydzialy\/wydzial-iii-wokalno-aktorski\/katedra-wokalistyki\/zespol-przedmiotowy-pianistow-korepetytorow\/dr-dominika-peszko-akompaniament\/","title":{"rendered":"dr hab. Dominika Peszko"},"content":{"rendered":"<figure id=\"attachment_45185\" aria-describedby=\"caption-attachment-45185\" style=\"width: 281px\" class=\"wp-caption alignleft\"><a href=\"https:\/\/www.amuz.krakow.pl\/wydzialy\/wydzial-iii-wokalno-aktorski\/pracownicy-katedry-2\/pracownicy-katedry\/dr-dominika-peszko-akompaniament\/dominika-peszko-2\/\" rel=\"attachment wp-att-45185\"><img loading=\"lazy\" decoding=\"async\" class=\"wp-image-45185\" src=\"https:\/\/www.amuz.krakow.pl\/wp-content\/uploads\/2020\/11\/Dominika-Peszko-300x287.jpeg\" alt=\"\" width=\"281\" height=\"270\" srcset=\"https:\/\/www.amuz.krakow.pl\/wp-content\/uploads\/2020\/11\/Dominika-Peszko-300x287.jpeg 300w, https:\/\/www.amuz.krakow.pl\/wp-content\/uploads\/2020\/11\/Dominika-Peszko-768x734.jpeg 768w, https:\/\/www.amuz.krakow.pl\/wp-content\/uploads\/2020\/11\/Dominika-Peszko-1536x1469.jpeg 1536w, https:\/\/www.amuz.krakow.pl\/wp-content\/uploads\/2020\/11\/Dominika-Peszko.jpeg 1600w\" sizes=\"auto, (max-width: 281px) 100vw, 281px\" \/><\/a><figcaption id=\"caption-attachment-45185\" class=\"wp-caption-text\">fot. archiwum prywatne<\/figcaption><\/figure>\n<p style=\"text-align: justify;\">Pianistka, kameralistka, pedagog. Uko\u0144czy\u0142a Akademi\u0119 Muzyczn\u0105 w Krakowie w klasie prof. Andrzeja Pikula i pod jego kierunkiem obroni\u0142a w 2017 prac\u0119 doktorsk\u0105. Doskonali\u0142a swoje umiej\u0119tno\u015bci na kursach u \u015bwiatowej s\u0142awy pianist\u00f3w, jak m.in. Paul Badura-Skoda, Kevin Kenner, Boris Berman. W latach 2015-2018 by\u0142a beneficjentk\u0105 Programu Kszta\u0142cenia M\u0142odych Talent\u00f3w \u2013 Akademii Operowej Teatru Wielkiego-Opery Narodowej w Warszawie, gdzie zdobywa\u0142a wiedz\u0119 i do\u015bwiadczenie w specjalno\u015bci pianisty-korepetytora wokalist\u00f3w pod kierunkiem m.in. Eytana Pessena, Mathiasa Rexrotha, Izabeli K\u0142osi\u0144skiej, Anny Marchwi\u0144skiej, Helmuta Deutscha, Brendy Hurley, Neila Shicoffa, Olgi Pasiecznik.<br \/>\nStypendystka Ministerstwa Kultury i Dziedzictwa Narodowego (2011), Stypendium Tw\u00f3rczego Ministra Kultury i Dziedzictwa Narodowego (2019). Laureatka Nagrody Ars Quarenedi (wraz z Mistrzem \u2013 Ma\u0142gorzat\u0105 Walewsk\u0105). Laureatka konkurs\u00f3w solowych i kameralnych o zasi\u0119gu og\u00f3lnopolskim i mi\u0119dzynarodowym.<br \/>\nJako solistka koncertowa\u0142a z Orkiestr\u0105 Sinfonia Varsovia, Orkiestr\u0105 Symfoniczn\u0105 Filharmonii Lubelskiej, Orkiestr\u0105 Akademii Beethovenowskiej, Orkiestr\u0105 Symfoniczn\u0105 Filharmonii Opolskiej, Orkiestr\u0105 Symfoniczn\u0105 Filharmonii Podkarpackiej, i in.<br \/>\nDokona\u0142a nagrania kompletu dzie\u0142 Ksi\u0119cia Kazimierza Lubomirskiego dla Wydawnictwa Agencji Artystycznej Kameny. Album tworz\u0105 4 p\u0142yty CD z kompozycjami na fortepian solo oraz pie\u015bniami w wykonaniu Ma\u0142gorzaty Walewskiej, Andrzeja Lamperta, Hasmik Sahakyan i Paw\u0142a Trojaka. W 2020 roku nak\u0142adem wytw\u00f3rni DUX ukaza\u0142a si\u0119 p\u0142yta z pie\u015bniami Emanuela Kani w interpretacji bas-barytona Dawida Biwo i pianistki Dominiki Peszko.<br \/>\nW swoim dorobku ma liczne prawykonania muzyki nowej, eksperymentalnej, nierzadko z wykorzystaniem narz\u0119dzi multimedialnych. Jest cz\u0142onkini\u0105 Stowarzyszenia Artystycznego \u201eMuzyka Centrum&#8221; zrzeszaj\u0105cego wykonawc\u00f3w muzyki wsp\u00f3\u0142czesnej.<br \/>\nOd 2013 r. pracuje jako pianistka na Wydziale Wokalno-Aktorskim Akademii Muzycznej w Krakowie.<\/p>\n<p><a href=\"mailto:dominika.peszko@amuz.krakow.pl\">dominika.peszko@amuz.krakow.pl<\/a><\/p>\n","protected":false},"excerpt":{"rendered":"<p>Pianistka, kameralistka, pedagog. Uko\u0144czy\u0142a Akademi\u0119 Muzyczn\u0105 w Krakowie w klasie prof. Andrzeja Pikula i pod jego kierunkiem obroni\u0142a w 2017 prac\u0119 doktorsk\u0105. Doskonali\u0142a swoje umiej\u0119tno\u015bci na kursach u \u015bwiatowej s\u0142awy&hellip; <a href=\"https:\/\/www.amuz.krakow.pl\/en\/wydzialy\/wydzial-iii-wokalno-aktorski\/katedra-wokalistyki\/zespol-przedmiotowy-pianistow-korepetytorow\/dr-dominika-peszko-akompaniament\/\">Continue reading<\/a><\/p>\n","protected":false},"author":72,"featured_media":72806,"parent":97632,"menu_order":3,"comment_status":"closed","ping_status":"closed","template":"","meta":{"footnotes":"","_links_to":"","_links_to_target":""},"class_list":["post-3329","page","type-page","status-publish","has-post-thumbnail","hentry"],"yoast_head":"<!-- This site is optimized with the Yoast SEO plugin v27.2 - https:\/\/yoast.com\/product\/yoast-seo-wordpress\/ -->\n<title>AMKP - Akademia Muzyczna im. Krzysztofa Pendereckiego w Krakowie<\/title>\n<meta name=\"robots\" content=\"index, follow, max-snippet:-1, max-image-preview:large, max-video-preview:-1\" \/>\n<link rel=\"canonical\" href=\"https:\/\/www.amuz.krakow.pl\/wydzialy\/wydzial-iii-wokalno-aktorski\/katedra-wokalistyki\/zespol-przedmiotowy-pianistow-korepetytorow\/dr-dominika-peszko-akompaniament\/\" \/>\n<meta property=\"og:locale\" content=\"en_US\" \/>\n<meta property=\"og:type\" content=\"article\" \/>\n<meta property=\"og:title\" content=\"AMKP - Akademia Muzyczna im. Krzysztofa Pendereckiego w Krakowie\" \/>\n<meta property=\"og:description\" content=\"Pianistka, kameralistka, pedagog. Uko\u0144czy\u0142a Akademi\u0119 Muzyczn\u0105 w Krakowie w klasie prof. Andrzeja Pikula i pod jego kierunkiem obroni\u0142a w 2017 prac\u0119 doktorsk\u0105. Doskonali\u0142a swoje umiej\u0119tno\u015bci na kursach u \u015bwiatowej s\u0142awy&hellip; Continue reading\" \/>\n<meta property=\"og:url\" content=\"https:\/\/www.amuz.krakow.pl\/wydzialy\/wydzial-iii-wokalno-aktorski\/katedra-wokalistyki\/zespol-przedmiotowy-pianistow-korepetytorow\/dr-dominika-peszko-akompaniament\/\" \/>\n<meta property=\"og:site_name\" content=\"Akademia Muzyczna im. Krzysztofa Pendereckiego w Krakowie\" \/>\n<meta property=\"article:publisher\" content=\"https:\/\/www.facebook.com\/amuz.krakow\" \/>\n<meta property=\"article:modified_time\" content=\"2025-05-20T12:58:18+00:00\" \/>\n<meta property=\"og:image\" content=\"https:\/\/www.amuz.krakow.pl\/wp-content\/uploads\/2023\/04\/Dominika-Peszko-fot.-Joanna-Bak_miniatura-scaled.jpg\" \/>\n\t<meta property=\"og:image:width\" content=\"2048\" \/>\n\t<meta property=\"og:image:height\" content=\"1069\" \/>\n\t<meta property=\"og:image:type\" content=\"image\/jpeg\" \/>\n<meta name=\"twitter:card\" content=\"summary_large_image\" \/>\n<meta name=\"twitter:label1\" content=\"Est. reading time\" \/>\n\t<meta name=\"twitter:data1\" content=\"2 minutes\" \/>\n<script type=\"application\/ld+json\" class=\"yoast-schema-graph\">{\"@context\":\"https:\/\/schema.org\",\"@graph\":[{\"@type\":\"WebPage\",\"@id\":\"https:\/\/www.amuz.krakow.pl\/wydzialy\/wydzial-iii-wokalno-aktorski\/katedra-wokalistyki\/zespol-przedmiotowy-pianistow-korepetytorow\/dr-dominika-peszko-akompaniament\/\",\"url\":\"https:\/\/www.amuz.krakow.pl\/wydzialy\/wydzial-iii-wokalno-aktorski\/katedra-wokalistyki\/zespol-przedmiotowy-pianistow-korepetytorow\/dr-dominika-peszko-akompaniament\/\",\"name\":\"AMKP - Akademia Muzyczna im. Krzysztofa Pendereckiego w Krakowie\",\"isPartOf\":{\"@id\":\"https:\/\/www.amuz.krakow.pl\/#website\"},\"primaryImageOfPage\":{\"@id\":\"https:\/\/www.amuz.krakow.pl\/wydzialy\/wydzial-iii-wokalno-aktorski\/katedra-wokalistyki\/zespol-przedmiotowy-pianistow-korepetytorow\/dr-dominika-peszko-akompaniament\/#primaryimage\"},\"image\":{\"@id\":\"https:\/\/www.amuz.krakow.pl\/wydzialy\/wydzial-iii-wokalno-aktorski\/katedra-wokalistyki\/zespol-przedmiotowy-pianistow-korepetytorow\/dr-dominika-peszko-akompaniament\/#primaryimage\"},\"thumbnailUrl\":\"https:\/\/www.amuz.krakow.pl\/wp-content\/uploads\/2023\/04\/Dominika-Peszko-fot.-Joanna-Bak_miniatura-scaled.jpg\",\"datePublished\":\"2016-02-20T21:01:25+00:00\",\"dateModified\":\"2025-05-20T12:58:18+00:00\",\"breadcrumb\":{\"@id\":\"https:\/\/www.amuz.krakow.pl\/wydzialy\/wydzial-iii-wokalno-aktorski\/katedra-wokalistyki\/zespol-przedmiotowy-pianistow-korepetytorow\/dr-dominika-peszko-akompaniament\/#breadcrumb\"},\"inLanguage\":\"en-US\",\"potentialAction\":[{\"@type\":\"ReadAction\",\"target\":[\"https:\/\/www.amuz.krakow.pl\/wydzialy\/wydzial-iii-wokalno-aktorski\/katedra-wokalistyki\/zespol-przedmiotowy-pianistow-korepetytorow\/dr-dominika-peszko-akompaniament\/\"]}]},{\"@type\":\"ImageObject\",\"inLanguage\":\"en-US\",\"@id\":\"https:\/\/www.amuz.krakow.pl\/wydzialy\/wydzial-iii-wokalno-aktorski\/katedra-wokalistyki\/zespol-przedmiotowy-pianistow-korepetytorow\/dr-dominika-peszko-akompaniament\/#primaryimage\",\"url\":\"https:\/\/www.amuz.krakow.pl\/wp-content\/uploads\/2023\/04\/Dominika-Peszko-fot.-Joanna-Bak_miniatura-scaled.jpg\",\"contentUrl\":\"https:\/\/www.amuz.krakow.pl\/wp-content\/uploads\/2023\/04\/Dominika-Peszko-fot.-Joanna-Bak_miniatura-scaled.jpg\",\"width\":2048,\"height\":1069},{\"@type\":\"BreadcrumbList\",\"@id\":\"https:\/\/www.amuz.krakow.pl\/wydzialy\/wydzial-iii-wokalno-aktorski\/katedra-wokalistyki\/zespol-przedmiotowy-pianistow-korepetytorow\/dr-dominika-peszko-akompaniament\/#breadcrumb\",\"itemListElement\":[{\"@type\":\"ListItem\",\"position\":1,\"name\":\"Strona g\u0142\u00f3wna\",\"item\":\"https:\/\/www.amuz.krakow.pl\/\"},{\"@type\":\"ListItem\",\"position\":2,\"name\":\"WYDZIA\u0141Y\",\"item\":\"https:\/\/www.amuz.krakow.pl\/wydzialy\/\"},{\"@type\":\"ListItem\",\"position\":3,\"name\":\"Wydzia\u0142 Wokalno-Aktorski\",\"item\":\"https:\/\/www.amuz.krakow.pl\/wydzialy\/wydzial-iii-wokalno-aktorski\/\"},{\"@type\":\"ListItem\",\"position\":4,\"name\":\"Katedra Wokalistyki\",\"item\":\"https:\/\/www.amuz.krakow.pl\/wydzialy\/wydzial-iii-wokalno-aktorski\/katedra-wokalistyki\/\"},{\"@type\":\"ListItem\",\"position\":5,\"name\":\"Zesp\u00f3\u0142 Przedmiotowy Pianist\u00f3w Korepetytor\u00f3w\",\"item\":\"https:\/\/www.amuz.krakow.pl\/wydzialy\/wydzial-iii-wokalno-aktorski\/katedra-wokalistyki\/zespol-przedmiotowy-pianistow-korepetytorow\/\"},{\"@type\":\"ListItem\",\"position\":6,\"name\":\"dr hab. Dominika Peszko\"}]},{\"@type\":\"WebSite\",\"@id\":\"https:\/\/www.amuz.krakow.pl\/#website\",\"url\":\"https:\/\/www.amuz.krakow.pl\/\",\"name\":\"Akademia Muzyczna im. Krzysztofa Pendereckiego w Krakowie\",\"description\":\"Oficjalna strona Akademii Muzycznej im. Krzysztofa Pendereckiego w Krakowie (AMKP).\",\"publisher\":{\"@id\":\"https:\/\/www.amuz.krakow.pl\/#organization\"},\"alternateName\":\"AMKP\",\"potentialAction\":[{\"@type\":\"SearchAction\",\"target\":{\"@type\":\"EntryPoint\",\"urlTemplate\":\"https:\/\/www.amuz.krakow.pl\/?s={search_term_string}\"},\"query-input\":{\"@type\":\"PropertyValueSpecification\",\"valueRequired\":true,\"valueName\":\"search_term_string\"}}],\"inLanguage\":\"en-US\"},{\"@type\":\"Organization\",\"@id\":\"https:\/\/www.amuz.krakow.pl\/#organization\",\"name\":\"Akademia Muzyczna im. Krzysztofa Pendereckiego w Krakowie\",\"alternateName\":\"AMKP\",\"url\":\"https:\/\/www.amuz.krakow.pl\/\",\"logo\":{\"@type\":\"ImageObject\",\"inLanguage\":\"en-US\",\"@id\":\"https:\/\/www.amuz.krakow.pl\/#\/schema\/logo\/image\/\",\"url\":\"https:\/\/www.amuz.krakow.pl\/wp-content\/uploads\/2021\/11\/amkp.jpg\",\"contentUrl\":\"https:\/\/www.amuz.krakow.pl\/wp-content\/uploads\/2021\/11\/amkp.jpg\",\"width\":1193,\"height\":591,\"caption\":\"Akademia Muzyczna im. Krzysztofa Pendereckiego w Krakowie\"},\"image\":{\"@id\":\"https:\/\/www.amuz.krakow.pl\/#\/schema\/logo\/image\/\"},\"sameAs\":[\"https:\/\/www.facebook.com\/amuz.krakow\",\"https:\/\/www.instagram.com\/amkpenderecki\/\",\"https:\/\/www.youtube.com\/@amkpenderecki4806\"]}]}<\/script>\n<!-- \/ Yoast SEO plugin. -->","yoast_head_json":{"title":"AMKP - Akademia Muzyczna im. Krzysztofa Pendereckiego w Krakowie","robots":{"index":"index","follow":"follow","max-snippet":"max-snippet:-1","max-image-preview":"max-image-preview:large","max-video-preview":"max-video-preview:-1"},"canonical":"https:\/\/www.amuz.krakow.pl\/wydzialy\/wydzial-iii-wokalno-aktorski\/katedra-wokalistyki\/zespol-przedmiotowy-pianistow-korepetytorow\/dr-dominika-peszko-akompaniament\/","og_locale":"en_US","og_type":"article","og_title":"AMKP - Akademia Muzyczna im. Krzysztofa Pendereckiego w Krakowie","og_description":"Pianistka, kameralistka, pedagog. Uko\u0144czy\u0142a Akademi\u0119 Muzyczn\u0105 w Krakowie w klasie prof. Andrzeja Pikula i pod jego kierunkiem obroni\u0142a w 2017 prac\u0119 doktorsk\u0105. Doskonali\u0142a swoje umiej\u0119tno\u015bci na kursach u \u015bwiatowej s\u0142awy&hellip; Continue reading","og_url":"https:\/\/www.amuz.krakow.pl\/wydzialy\/wydzial-iii-wokalno-aktorski\/katedra-wokalistyki\/zespol-przedmiotowy-pianistow-korepetytorow\/dr-dominika-peszko-akompaniament\/","og_site_name":"Akademia Muzyczna im. Krzysztofa Pendereckiego w Krakowie","article_publisher":"https:\/\/www.facebook.com\/amuz.krakow","article_modified_time":"2025-05-20T12:58:18+00:00","og_image":[{"width":2048,"height":1069,"url":"https:\/\/www.amuz.krakow.pl\/wp-content\/uploads\/2023\/04\/Dominika-Peszko-fot.-Joanna-Bak_miniatura-scaled.jpg","type":"image\/jpeg"}],"twitter_card":"summary_large_image","twitter_misc":{"Est. reading time":"2 minutes"},"schema":{"@context":"https:\/\/schema.org","@graph":[{"@type":"WebPage","@id":"https:\/\/www.amuz.krakow.pl\/wydzialy\/wydzial-iii-wokalno-aktorski\/katedra-wokalistyki\/zespol-przedmiotowy-pianistow-korepetytorow\/dr-dominika-peszko-akompaniament\/","url":"https:\/\/www.amuz.krakow.pl\/wydzialy\/wydzial-iii-wokalno-aktorski\/katedra-wokalistyki\/zespol-przedmiotowy-pianistow-korepetytorow\/dr-dominika-peszko-akompaniament\/","name":"AMKP - Akademia Muzyczna im. Krzysztofa Pendereckiego w Krakowie","isPartOf":{"@id":"https:\/\/www.amuz.krakow.pl\/#website"},"primaryImageOfPage":{"@id":"https:\/\/www.amuz.krakow.pl\/wydzialy\/wydzial-iii-wokalno-aktorski\/katedra-wokalistyki\/zespol-przedmiotowy-pianistow-korepetytorow\/dr-dominika-peszko-akompaniament\/#primaryimage"},"image":{"@id":"https:\/\/www.amuz.krakow.pl\/wydzialy\/wydzial-iii-wokalno-aktorski\/katedra-wokalistyki\/zespol-przedmiotowy-pianistow-korepetytorow\/dr-dominika-peszko-akompaniament\/#primaryimage"},"thumbnailUrl":"https:\/\/www.amuz.krakow.pl\/wp-content\/uploads\/2023\/04\/Dominika-Peszko-fot.-Joanna-Bak_miniatura-scaled.jpg","datePublished":"2016-02-20T21:01:25+00:00","dateModified":"2025-05-20T12:58:18+00:00","breadcrumb":{"@id":"https:\/\/www.amuz.krakow.pl\/wydzialy\/wydzial-iii-wokalno-aktorski\/katedra-wokalistyki\/zespol-przedmiotowy-pianistow-korepetytorow\/dr-dominika-peszko-akompaniament\/#breadcrumb"},"inLanguage":"en-US","potentialAction":[{"@type":"ReadAction","target":["https:\/\/www.amuz.krakow.pl\/wydzialy\/wydzial-iii-wokalno-aktorski\/katedra-wokalistyki\/zespol-przedmiotowy-pianistow-korepetytorow\/dr-dominika-peszko-akompaniament\/"]}]},{"@type":"ImageObject","inLanguage":"en-US","@id":"https:\/\/www.amuz.krakow.pl\/wydzialy\/wydzial-iii-wokalno-aktorski\/katedra-wokalistyki\/zespol-przedmiotowy-pianistow-korepetytorow\/dr-dominika-peszko-akompaniament\/#primaryimage","url":"https:\/\/www.amuz.krakow.pl\/wp-content\/uploads\/2023\/04\/Dominika-Peszko-fot.-Joanna-Bak_miniatura-scaled.jpg","contentUrl":"https:\/\/www.amuz.krakow.pl\/wp-content\/uploads\/2023\/04\/Dominika-Peszko-fot.-Joanna-Bak_miniatura-scaled.jpg","width":2048,"height":1069},{"@type":"BreadcrumbList","@id":"https:\/\/www.amuz.krakow.pl\/wydzialy\/wydzial-iii-wokalno-aktorski\/katedra-wokalistyki\/zespol-przedmiotowy-pianistow-korepetytorow\/dr-dominika-peszko-akompaniament\/#breadcrumb","itemListElement":[{"@type":"ListItem","position":1,"name":"Strona g\u0142\u00f3wna","item":"https:\/\/www.amuz.krakow.pl\/"},{"@type":"ListItem","position":2,"name":"WYDZIA\u0141Y","item":"https:\/\/www.amuz.krakow.pl\/wydzialy\/"},{"@type":"ListItem","position":3,"name":"Wydzia\u0142 Wokalno-Aktorski","item":"https:\/\/www.amuz.krakow.pl\/wydzialy\/wydzial-iii-wokalno-aktorski\/"},{"@type":"ListItem","position":4,"name":"Katedra Wokalistyki","item":"https:\/\/www.amuz.krakow.pl\/wydzialy\/wydzial-iii-wokalno-aktorski\/katedra-wokalistyki\/"},{"@type":"ListItem","position":5,"name":"Zesp\u00f3\u0142 Przedmiotowy Pianist\u00f3w Korepetytor\u00f3w","item":"https:\/\/www.amuz.krakow.pl\/wydzialy\/wydzial-iii-wokalno-aktorski\/katedra-wokalistyki\/zespol-przedmiotowy-pianistow-korepetytorow\/"},{"@type":"ListItem","position":6,"name":"dr hab. Dominika Peszko"}]},{"@type":"WebSite","@id":"https:\/\/www.amuz.krakow.pl\/#website","url":"https:\/\/www.amuz.krakow.pl\/","name":"Akademia Muzyczna im. Krzysztofa Pendereckiego w Krakowie","description":"Oficjalna strona Akademii Muzycznej im. Krzysztofa Pendereckiego w Krakowie (AMKP).","publisher":{"@id":"https:\/\/www.amuz.krakow.pl\/#organization"},"alternateName":"AMKP","potentialAction":[{"@type":"SearchAction","target":{"@type":"EntryPoint","urlTemplate":"https:\/\/www.amuz.krakow.pl\/?s={search_term_string}"},"query-input":{"@type":"PropertyValueSpecification","valueRequired":true,"valueName":"search_term_string"}}],"inLanguage":"en-US"},{"@type":"Organization","@id":"https:\/\/www.amuz.krakow.pl\/#organization","name":"Akademia Muzyczna im. Krzysztofa Pendereckiego w Krakowie","alternateName":"AMKP","url":"https:\/\/www.amuz.krakow.pl\/","logo":{"@type":"ImageObject","inLanguage":"en-US","@id":"https:\/\/www.amuz.krakow.pl\/#\/schema\/logo\/image\/","url":"https:\/\/www.amuz.krakow.pl\/wp-content\/uploads\/2021\/11\/amkp.jpg","contentUrl":"https:\/\/www.amuz.krakow.pl\/wp-content\/uploads\/2021\/11\/amkp.jpg","width":1193,"height":591,"caption":"Akademia Muzyczna im. Krzysztofa Pendereckiego w Krakowie"},"image":{"@id":"https:\/\/www.amuz.krakow.pl\/#\/schema\/logo\/image\/"},"sameAs":["https:\/\/www.facebook.com\/amuz.krakow","https:\/\/www.instagram.com\/amkpenderecki\/","https:\/\/www.youtube.com\/@amkpenderecki4806"]}]}},"_links":{"self":[{"href":"https:\/\/www.amuz.krakow.pl\/en\/wp-json\/wp\/v2\/pages\/3329","targetHints":{"allow":["GET"]}}],"collection":[{"href":"https:\/\/www.amuz.krakow.pl\/en\/wp-json\/wp\/v2\/pages"}],"about":[{"href":"https:\/\/www.amuz.krakow.pl\/en\/wp-json\/wp\/v2\/types\/page"}],"author":[{"embeddable":true,"href":"https:\/\/www.amuz.krakow.pl\/en\/wp-json\/wp\/v2\/users\/72"}],"replies":[{"embeddable":true,"href":"https:\/\/www.amuz.krakow.pl\/en\/wp-json\/wp\/v2\/comments?post=3329"}],"version-history":[{"count":8,"href":"https:\/\/www.amuz.krakow.pl\/en\/wp-json\/wp\/v2\/pages\/3329\/revisions"}],"predecessor-version":[{"id":103469,"href":"https:\/\/www.amuz.krakow.pl\/en\/wp-json\/wp\/v2\/pages\/3329\/revisions\/103469"}],"up":[{"embeddable":true,"href":"https:\/\/www.amuz.krakow.pl\/en\/wp-json\/wp\/v2\/pages\/97632"}],"wp:featuredmedia":[{"embeddable":true,"href":"https:\/\/www.amuz.krakow.pl\/en\/wp-json\/wp\/v2\/media\/72806"}],"wp:attachment":[{"href":"https:\/\/www.amuz.krakow.pl\/en\/wp-json\/wp\/v2\/media?parent=3329"}],"curies":[{"name":"wp","href":"https:\/\/api.w.org\/{rel}","templated":true}]}}