{"id":3325,"date":"2016-02-20T21:58:30","date_gmt":"2016-02-20T20:58:30","guid":{"rendered":"http:\/\/strony.amuz.krakow.pl\/?page_id=3325"},"modified":"2026-03-03T13:07:31","modified_gmt":"2026-03-03T12:07:31","slug":"dr-marta-molodynska-akompaniament","status":"publish","type":"page","link":"https:\/\/www.amuz.krakow.pl\/en\/wydzialy\/wydzial-iii-wokalno-aktorski\/katedra-wokalistyki\/zespol-przedmiotowy-pianistow-korepetytorow\/dr-marta-molodynska-akompaniament\/","title":{"rendered":"dr hab. Marta Mo\u0142ody\u0144ska-Wheeler &#8211; Head of Team"},"content":{"rendered":"<p><figure id=\"attachment_84880\" aria-describedby=\"caption-attachment-84880\" style=\"width: 200px\" class=\"wp-caption aligncenter\"><a href=\"https:\/\/www.amuz.krakow.pl\/wp-content\/uploads\/2024\/04\/Marta-Molodynska-Wheeler-IMG_220807_0592_fot.Piotr_Markowski-scaled.jpg\" target=\"_blank\" rel=\"noopener\"><img loading=\"lazy\" decoding=\"async\" class=\"wp-image-84880 size-medium\" src=\"https:\/\/www.amuz.krakow.pl\/wp-content\/uploads\/2024\/04\/Marta-Molodynska-Wheeler-IMG_220807_0592_fot.Piotr_Markowski-200x300.jpg\" alt=\"\" width=\"200\" height=\"300\" srcset=\"https:\/\/www.amuz.krakow.pl\/wp-content\/uploads\/2024\/04\/Marta-Molodynska-Wheeler-IMG_220807_0592_fot.Piotr_Markowski-200x300.jpg 200w, https:\/\/www.amuz.krakow.pl\/wp-content\/uploads\/2024\/04\/Marta-Molodynska-Wheeler-IMG_220807_0592_fot.Piotr_Markowski-scaled.jpg 1365w, https:\/\/www.amuz.krakow.pl\/wp-content\/uploads\/2024\/04\/Marta-Molodynska-Wheeler-IMG_220807_0592_fot.Piotr_Markowski-768x1152.jpg 768w, https:\/\/www.amuz.krakow.pl\/wp-content\/uploads\/2024\/04\/Marta-Molodynska-Wheeler-IMG_220807_0592_fot.Piotr_Markowski-1024x1536.jpg 1024w\" sizes=\"auto, (max-width: 200px) 100vw, 200px\" \/><\/a><figcaption id=\"caption-attachment-84880\" class=\"wp-caption-text\">photo by Piotr Markowski<\/figcaption><\/figure><\/p>\n<p>A pianist, chamber musician, composer and synaesthete, who graduated with honours from the Academy of Music in Krakow in the piano class of Prof. Marek Koziak and the Academy of Music in Katowice in the Faculty of Jazz and Contemporary Music in the class of Composition and Arrangement of Prof. Andrzej Zubek. A graduate of the Vocal and Acting Faculty at the Academy of Music in Krakow under the direction of Prof. Katarzyna Ole\u015b-Blacha. In addition, she graduated with honours from the Institute of English Studies of the Jagiellonian University and Teacher Training College in Krakow. In 2017 she was awarded a PhD in musical arts, and the doctoral thesis was awarded a distinction. In the same year she was awarded a title of<em> certified piano teacher<\/em>. In 2020 and 2022 she was awarded Scholarships of Minister of Culture and National Heritage. In 2024 she received the postdoctoral degree in the field of musical arts.<\/p>\n<p>She is an author of numerous musical pieces for piano solo, 4 and 6 hands, big band and a string orchestra. As a pianist she regularly participates in many music festivals both in Poland and abroad<em>.<\/em> She is a pianist-accompanist and a vocal coach at the Academy of Music in Krakow as well as a piano and piano improvisation teacher in W\u0142adys\u0142aw \u017bele\u0144ski Secondary School of Music in Krakow. She also cooperates with the Krakow Opera and a few ensembles of chamber music, as well as with a world-famous violinist Vadim Brodsky. She is a member of a few pop and rock bands that play both their own music as well as covers, where, in addition to playing the piano she also arranges music. She also conducts piano improvisation courses for students and teachers.<\/p>\n<p>She has performed, among others, with the Symphony Orchestra of the Academy of Music in Krakow, Krakow Opera Orchestra and the Symphony Orchestra of the Polish Radio. She has made many recordings, for example with the Polish Radio Orchestra in Warsaw, pieces for 4 hands (<em>For four children\u2019s hands<\/em>, PWM, 2018) and her own pieces: <em>Pandemony, Poligrajki, Mo\u0142odyjki, Improwizje, Nuciaki, Lili Laj<\/em> \u2013 Christmas carols, <em>You are here again<\/em> \u2013 songs to words by Julian Tuwim and <em>Forgotten kisses<\/em> \u2013 songs to words by Maria Pawlikowska-Jasnorzewska. Moreover, she is regularly participating in album recordings, both classical and pop-music artists. In July 2022 in London the premiere of her <em>Waltz for 4 hands<\/em> took place and in November 2022 in Tallinn there was a premiere of her piece called <em>Softisono for 6 hands.<\/em><\/p>\n<p>She has published her pieces for piano 4 hands \u2013 <em>Kaleidoscope<\/em> (SPMK, 2019), \u00a0<em>Pandemony<\/em> (PWM, 2020), <em>Poligrajki<\/em> (PWM, 2022), <em>Lili laj \u2013 Christmas carols for 4 hands<\/em> (PWM, 2022), and a collection for piano solo <em>Mo\u0142odyjki<\/em> (PWM, 2023), <em>Improvisions (PWM, 2023<\/em>)\u00a0 for piano 4 hands with elements of improvisation<em>, Nuciaki <\/em>for piano solo (PWM, 2024), as well as multiple articles: <em>The basics of improvisation in artistic education<\/em> (\u201cContexts of culture, contexts of education\u201d, SPMK 2017) and <em>Synaesthesia \u2013 the practical implications in the work of a musician and English teacher<\/em> (\u201cSynaesthesia and Art\u201d, Aureus 2016).<\/p>\n<p>Last but not least, her professional experience includes many years as a lecturer at the Jagiellonian University in Krakow (The Institute of English Philology) and, over the years, she has taught English to both children and adults, in a variety of language courses.<\/p>\n<p>&nbsp;<\/p>\n<p><a href=\"mailto:marta.molodynska.wheeler@amuz.krakow.pl\">marta.molodynska.wheeler@amuz.krakow.pl<\/a><\/p>","protected":false},"excerpt":{"rendered":"<p>A pianist, chamber musician, composer and synaesthete, who graduated with honours from the Academy of Music in Krakow in the piano class of Prof. Marek Koziak and the Academy of&hellip; <a href=\"https:\/\/www.amuz.krakow.pl\/en\/wydzialy\/wydzial-iii-wokalno-aktorski\/katedra-wokalistyki\/zespol-przedmiotowy-pianistow-korepetytorow\/dr-marta-molodynska-akompaniament\/\">Continue reading<\/a><\/p>\n","protected":false},"author":72,"featured_media":84881,"parent":97632,"menu_order":1,"comment_status":"closed","ping_status":"closed","template":"","meta":{"footnotes":"","_links_to":"","_links_to_target":""},"class_list":["post-3325","page","type-page","status-publish","has-post-thumbnail","hentry"],"yoast_head":"<!-- This site is optimized with the Yoast SEO plugin v27.2 - https:\/\/yoast.com\/product\/yoast-seo-wordpress\/ -->\n<title>AMKP - Akademia Muzyczna im. Krzysztofa Pendereckiego w Krakowie<\/title>\n<meta name=\"robots\" content=\"index, follow, max-snippet:-1, max-image-preview:large, max-video-preview:-1\" \/>\n<link rel=\"canonical\" href=\"https:\/\/www.amuz.krakow.pl\/wydzialy\/wydzial-iii-wokalno-aktorski\/katedra-wokalistyki\/zespol-przedmiotowy-pianistow-korepetytorow\/dr-marta-molodynska-akompaniament\/\" \/>\n<meta property=\"og:locale\" content=\"en_US\" \/>\n<meta property=\"og:type\" content=\"article\" \/>\n<meta property=\"og:title\" content=\"AMKP - Akademia Muzyczna im. Krzysztofa Pendereckiego w Krakowie\" \/>\n<meta property=\"og:description\" content=\"A pianist, chamber musician, composer and synaesthete, who graduated with honours from the Academy of Music in Krakow in the piano class of Prof. Marek Koziak and the Academy of&hellip; Continue reading\" \/>\n<meta property=\"og:url\" content=\"https:\/\/www.amuz.krakow.pl\/wydzialy\/wydzial-iii-wokalno-aktorski\/katedra-wokalistyki\/zespol-przedmiotowy-pianistow-korepetytorow\/dr-marta-molodynska-akompaniament\/\" \/>\n<meta property=\"og:site_name\" content=\"Akademia Muzyczna im. Krzysztofa Pendereckiego w Krakowie\" \/>\n<meta property=\"article:publisher\" content=\"https:\/\/www.facebook.com\/amuz.krakow\" \/>\n<meta property=\"article:modified_time\" content=\"2026-03-03T12:07:31+00:00\" \/>\n<meta property=\"og:image\" content=\"https:\/\/www.amuz.krakow.pl\/wp-content\/uploads\/2024\/04\/Marta-Molodynska-Wheeler-miniatura_fot.Piotr_Markowski-scaled.jpg\" \/>\n\t<meta property=\"og:image:width\" content=\"2048\" \/>\n\t<meta property=\"og:image:height\" content=\"1024\" \/>\n\t<meta property=\"og:image:type\" content=\"image\/jpeg\" \/>\n<meta name=\"twitter:card\" content=\"summary_large_image\" \/>\n<meta name=\"twitter:label1\" content=\"Est. reading time\" \/>\n\t<meta name=\"twitter:data1\" content=\"4 minutes\" \/>\n<script type=\"application\/ld+json\" class=\"yoast-schema-graph\">{\"@context\":\"https:\/\/schema.org\",\"@graph\":[{\"@type\":\"WebPage\",\"@id\":\"https:\/\/www.amuz.krakow.pl\/wydzialy\/wydzial-iii-wokalno-aktorski\/katedra-wokalistyki\/zespol-przedmiotowy-pianistow-korepetytorow\/dr-marta-molodynska-akompaniament\/\",\"url\":\"https:\/\/www.amuz.krakow.pl\/wydzialy\/wydzial-iii-wokalno-aktorski\/katedra-wokalistyki\/zespol-przedmiotowy-pianistow-korepetytorow\/dr-marta-molodynska-akompaniament\/\",\"name\":\"AMKP - Akademia Muzyczna im. Krzysztofa Pendereckiego w Krakowie\",\"isPartOf\":{\"@id\":\"https:\/\/www.amuz.krakow.pl\/#website\"},\"primaryImageOfPage\":{\"@id\":\"https:\/\/www.amuz.krakow.pl\/wydzialy\/wydzial-iii-wokalno-aktorski\/katedra-wokalistyki\/zespol-przedmiotowy-pianistow-korepetytorow\/dr-marta-molodynska-akompaniament\/#primaryimage\"},\"image\":{\"@id\":\"https:\/\/www.amuz.krakow.pl\/wydzialy\/wydzial-iii-wokalno-aktorski\/katedra-wokalistyki\/zespol-przedmiotowy-pianistow-korepetytorow\/dr-marta-molodynska-akompaniament\/#primaryimage\"},\"thumbnailUrl\":\"https:\/\/www.amuz.krakow.pl\/wp-content\/uploads\/2024\/04\/Marta-Molodynska-Wheeler-miniatura_fot.Piotr_Markowski-scaled.jpg\",\"datePublished\":\"2016-02-20T20:58:30+00:00\",\"dateModified\":\"2026-03-03T12:07:31+00:00\",\"breadcrumb\":{\"@id\":\"https:\/\/www.amuz.krakow.pl\/wydzialy\/wydzial-iii-wokalno-aktorski\/katedra-wokalistyki\/zespol-przedmiotowy-pianistow-korepetytorow\/dr-marta-molodynska-akompaniament\/#breadcrumb\"},\"inLanguage\":\"en-US\",\"potentialAction\":[{\"@type\":\"ReadAction\",\"target\":[\"https:\/\/www.amuz.krakow.pl\/wydzialy\/wydzial-iii-wokalno-aktorski\/katedra-wokalistyki\/zespol-przedmiotowy-pianistow-korepetytorow\/dr-marta-molodynska-akompaniament\/\"]}]},{\"@type\":\"ImageObject\",\"inLanguage\":\"en-US\",\"@id\":\"https:\/\/www.amuz.krakow.pl\/wydzialy\/wydzial-iii-wokalno-aktorski\/katedra-wokalistyki\/zespol-przedmiotowy-pianistow-korepetytorow\/dr-marta-molodynska-akompaniament\/#primaryimage\",\"url\":\"https:\/\/www.amuz.krakow.pl\/wp-content\/uploads\/2024\/04\/Marta-Molodynska-Wheeler-miniatura_fot.Piotr_Markowski-scaled.jpg\",\"contentUrl\":\"https:\/\/www.amuz.krakow.pl\/wp-content\/uploads\/2024\/04\/Marta-Molodynska-Wheeler-miniatura_fot.Piotr_Markowski-scaled.jpg\",\"width\":2048,\"height\":1024},{\"@type\":\"BreadcrumbList\",\"@id\":\"https:\/\/www.amuz.krakow.pl\/wydzialy\/wydzial-iii-wokalno-aktorski\/katedra-wokalistyki\/zespol-przedmiotowy-pianistow-korepetytorow\/dr-marta-molodynska-akompaniament\/#breadcrumb\",\"itemListElement\":[{\"@type\":\"ListItem\",\"position\":1,\"name\":\"Strona g\u0142\u00f3wna\",\"item\":\"https:\/\/www.amuz.krakow.pl\/\"},{\"@type\":\"ListItem\",\"position\":2,\"name\":\"WYDZIA\u0141Y\",\"item\":\"https:\/\/www.amuz.krakow.pl\/wydzialy\/\"},{\"@type\":\"ListItem\",\"position\":3,\"name\":\"Wydzia\u0142 Wokalno-Aktorski\",\"item\":\"https:\/\/www.amuz.krakow.pl\/wydzialy\/wydzial-iii-wokalno-aktorski\/\"},{\"@type\":\"ListItem\",\"position\":4,\"name\":\"Katedra Wokalistyki\",\"item\":\"https:\/\/www.amuz.krakow.pl\/wydzialy\/wydzial-iii-wokalno-aktorski\/katedra-wokalistyki\/\"},{\"@type\":\"ListItem\",\"position\":5,\"name\":\"Zesp\u00f3\u0142 Przedmiotowy Pianist\u00f3w Korepetytor\u00f3w\",\"item\":\"https:\/\/www.amuz.krakow.pl\/wydzialy\/wydzial-iii-wokalno-aktorski\/katedra-wokalistyki\/zespol-przedmiotowy-pianistow-korepetytorow\/\"},{\"@type\":\"ListItem\",\"position\":6,\"name\":\"dr hab. Marta Mo\u0142ody\u0144ska-Wheeler &#8211; Kierownik Zespo\u0142u\"}]},{\"@type\":\"WebSite\",\"@id\":\"https:\/\/www.amuz.krakow.pl\/#website\",\"url\":\"https:\/\/www.amuz.krakow.pl\/\",\"name\":\"Akademia Muzyczna im. Krzysztofa Pendereckiego w Krakowie\",\"description\":\"Oficjalna strona Akademii Muzycznej im. Krzysztofa Pendereckiego w Krakowie (AMKP).\",\"publisher\":{\"@id\":\"https:\/\/www.amuz.krakow.pl\/#organization\"},\"alternateName\":\"AMKP\",\"potentialAction\":[{\"@type\":\"SearchAction\",\"target\":{\"@type\":\"EntryPoint\",\"urlTemplate\":\"https:\/\/www.amuz.krakow.pl\/?s={search_term_string}\"},\"query-input\":{\"@type\":\"PropertyValueSpecification\",\"valueRequired\":true,\"valueName\":\"search_term_string\"}}],\"inLanguage\":\"en-US\"},{\"@type\":\"Organization\",\"@id\":\"https:\/\/www.amuz.krakow.pl\/#organization\",\"name\":\"Akademia Muzyczna im. Krzysztofa Pendereckiego w Krakowie\",\"alternateName\":\"AMKP\",\"url\":\"https:\/\/www.amuz.krakow.pl\/\",\"logo\":{\"@type\":\"ImageObject\",\"inLanguage\":\"en-US\",\"@id\":\"https:\/\/www.amuz.krakow.pl\/#\/schema\/logo\/image\/\",\"url\":\"https:\/\/www.amuz.krakow.pl\/wp-content\/uploads\/2021\/11\/amkp.jpg\",\"contentUrl\":\"https:\/\/www.amuz.krakow.pl\/wp-content\/uploads\/2021\/11\/amkp.jpg\",\"width\":1193,\"height\":591,\"caption\":\"Akademia Muzyczna im. Krzysztofa Pendereckiego w Krakowie\"},\"image\":{\"@id\":\"https:\/\/www.amuz.krakow.pl\/#\/schema\/logo\/image\/\"},\"sameAs\":[\"https:\/\/www.facebook.com\/amuz.krakow\",\"https:\/\/www.instagram.com\/amkpenderecki\/\",\"https:\/\/www.youtube.com\/@amkpenderecki4806\"]}]}<\/script>\n<!-- \/ Yoast SEO plugin. -->","yoast_head_json":{"title":"AMKP - Akademia Muzyczna im. Krzysztofa Pendereckiego w Krakowie","robots":{"index":"index","follow":"follow","max-snippet":"max-snippet:-1","max-image-preview":"max-image-preview:large","max-video-preview":"max-video-preview:-1"},"canonical":"https:\/\/www.amuz.krakow.pl\/wydzialy\/wydzial-iii-wokalno-aktorski\/katedra-wokalistyki\/zespol-przedmiotowy-pianistow-korepetytorow\/dr-marta-molodynska-akompaniament\/","og_locale":"en_US","og_type":"article","og_title":"AMKP - Akademia Muzyczna im. Krzysztofa Pendereckiego w Krakowie","og_description":"A pianist, chamber musician, composer and synaesthete, who graduated with honours from the Academy of Music in Krakow in the piano class of Prof. Marek Koziak and the Academy of&hellip; Continue reading","og_url":"https:\/\/www.amuz.krakow.pl\/wydzialy\/wydzial-iii-wokalno-aktorski\/katedra-wokalistyki\/zespol-przedmiotowy-pianistow-korepetytorow\/dr-marta-molodynska-akompaniament\/","og_site_name":"Akademia Muzyczna im. Krzysztofa Pendereckiego w Krakowie","article_publisher":"https:\/\/www.facebook.com\/amuz.krakow","article_modified_time":"2026-03-03T12:07:31+00:00","og_image":[{"width":2048,"height":1024,"url":"https:\/\/www.amuz.krakow.pl\/wp-content\/uploads\/2024\/04\/Marta-Molodynska-Wheeler-miniatura_fot.Piotr_Markowski-scaled.jpg","type":"image\/jpeg"}],"twitter_card":"summary_large_image","twitter_misc":{"Est. reading time":"4 minutes"},"schema":{"@context":"https:\/\/schema.org","@graph":[{"@type":"WebPage","@id":"https:\/\/www.amuz.krakow.pl\/wydzialy\/wydzial-iii-wokalno-aktorski\/katedra-wokalistyki\/zespol-przedmiotowy-pianistow-korepetytorow\/dr-marta-molodynska-akompaniament\/","url":"https:\/\/www.amuz.krakow.pl\/wydzialy\/wydzial-iii-wokalno-aktorski\/katedra-wokalistyki\/zespol-przedmiotowy-pianistow-korepetytorow\/dr-marta-molodynska-akompaniament\/","name":"AMKP - Akademia Muzyczna im. Krzysztofa Pendereckiego w Krakowie","isPartOf":{"@id":"https:\/\/www.amuz.krakow.pl\/#website"},"primaryImageOfPage":{"@id":"https:\/\/www.amuz.krakow.pl\/wydzialy\/wydzial-iii-wokalno-aktorski\/katedra-wokalistyki\/zespol-przedmiotowy-pianistow-korepetytorow\/dr-marta-molodynska-akompaniament\/#primaryimage"},"image":{"@id":"https:\/\/www.amuz.krakow.pl\/wydzialy\/wydzial-iii-wokalno-aktorski\/katedra-wokalistyki\/zespol-przedmiotowy-pianistow-korepetytorow\/dr-marta-molodynska-akompaniament\/#primaryimage"},"thumbnailUrl":"https:\/\/www.amuz.krakow.pl\/wp-content\/uploads\/2024\/04\/Marta-Molodynska-Wheeler-miniatura_fot.Piotr_Markowski-scaled.jpg","datePublished":"2016-02-20T20:58:30+00:00","dateModified":"2026-03-03T12:07:31+00:00","breadcrumb":{"@id":"https:\/\/www.amuz.krakow.pl\/wydzialy\/wydzial-iii-wokalno-aktorski\/katedra-wokalistyki\/zespol-przedmiotowy-pianistow-korepetytorow\/dr-marta-molodynska-akompaniament\/#breadcrumb"},"inLanguage":"en-US","potentialAction":[{"@type":"ReadAction","target":["https:\/\/www.amuz.krakow.pl\/wydzialy\/wydzial-iii-wokalno-aktorski\/katedra-wokalistyki\/zespol-przedmiotowy-pianistow-korepetytorow\/dr-marta-molodynska-akompaniament\/"]}]},{"@type":"ImageObject","inLanguage":"en-US","@id":"https:\/\/www.amuz.krakow.pl\/wydzialy\/wydzial-iii-wokalno-aktorski\/katedra-wokalistyki\/zespol-przedmiotowy-pianistow-korepetytorow\/dr-marta-molodynska-akompaniament\/#primaryimage","url":"https:\/\/www.amuz.krakow.pl\/wp-content\/uploads\/2024\/04\/Marta-Molodynska-Wheeler-miniatura_fot.Piotr_Markowski-scaled.jpg","contentUrl":"https:\/\/www.amuz.krakow.pl\/wp-content\/uploads\/2024\/04\/Marta-Molodynska-Wheeler-miniatura_fot.Piotr_Markowski-scaled.jpg","width":2048,"height":1024},{"@type":"BreadcrumbList","@id":"https:\/\/www.amuz.krakow.pl\/wydzialy\/wydzial-iii-wokalno-aktorski\/katedra-wokalistyki\/zespol-przedmiotowy-pianistow-korepetytorow\/dr-marta-molodynska-akompaniament\/#breadcrumb","itemListElement":[{"@type":"ListItem","position":1,"name":"Strona g\u0142\u00f3wna","item":"https:\/\/www.amuz.krakow.pl\/"},{"@type":"ListItem","position":2,"name":"WYDZIA\u0141Y","item":"https:\/\/www.amuz.krakow.pl\/wydzialy\/"},{"@type":"ListItem","position":3,"name":"Wydzia\u0142 Wokalno-Aktorski","item":"https:\/\/www.amuz.krakow.pl\/wydzialy\/wydzial-iii-wokalno-aktorski\/"},{"@type":"ListItem","position":4,"name":"Katedra Wokalistyki","item":"https:\/\/www.amuz.krakow.pl\/wydzialy\/wydzial-iii-wokalno-aktorski\/katedra-wokalistyki\/"},{"@type":"ListItem","position":5,"name":"Zesp\u00f3\u0142 Przedmiotowy Pianist\u00f3w Korepetytor\u00f3w","item":"https:\/\/www.amuz.krakow.pl\/wydzialy\/wydzial-iii-wokalno-aktorski\/katedra-wokalistyki\/zespol-przedmiotowy-pianistow-korepetytorow\/"},{"@type":"ListItem","position":6,"name":"dr hab. Marta Mo\u0142ody\u0144ska-Wheeler &#8211; Kierownik Zespo\u0142u"}]},{"@type":"WebSite","@id":"https:\/\/www.amuz.krakow.pl\/#website","url":"https:\/\/www.amuz.krakow.pl\/","name":"Akademia Muzyczna im. Krzysztofa Pendereckiego w Krakowie","description":"Oficjalna strona Akademii Muzycznej im. Krzysztofa Pendereckiego w Krakowie (AMKP).","publisher":{"@id":"https:\/\/www.amuz.krakow.pl\/#organization"},"alternateName":"AMKP","potentialAction":[{"@type":"SearchAction","target":{"@type":"EntryPoint","urlTemplate":"https:\/\/www.amuz.krakow.pl\/?s={search_term_string}"},"query-input":{"@type":"PropertyValueSpecification","valueRequired":true,"valueName":"search_term_string"}}],"inLanguage":"en-US"},{"@type":"Organization","@id":"https:\/\/www.amuz.krakow.pl\/#organization","name":"Akademia Muzyczna im. Krzysztofa Pendereckiego w Krakowie","alternateName":"AMKP","url":"https:\/\/www.amuz.krakow.pl\/","logo":{"@type":"ImageObject","inLanguage":"en-US","@id":"https:\/\/www.amuz.krakow.pl\/#\/schema\/logo\/image\/","url":"https:\/\/www.amuz.krakow.pl\/wp-content\/uploads\/2021\/11\/amkp.jpg","contentUrl":"https:\/\/www.amuz.krakow.pl\/wp-content\/uploads\/2021\/11\/amkp.jpg","width":1193,"height":591,"caption":"Akademia Muzyczna im. Krzysztofa Pendereckiego w Krakowie"},"image":{"@id":"https:\/\/www.amuz.krakow.pl\/#\/schema\/logo\/image\/"},"sameAs":["https:\/\/www.facebook.com\/amuz.krakow","https:\/\/www.instagram.com\/amkpenderecki\/","https:\/\/www.youtube.com\/@amkpenderecki4806"]}]}},"_links":{"self":[{"href":"https:\/\/www.amuz.krakow.pl\/en\/wp-json\/wp\/v2\/pages\/3325","targetHints":{"allow":["GET"]}}],"collection":[{"href":"https:\/\/www.amuz.krakow.pl\/en\/wp-json\/wp\/v2\/pages"}],"about":[{"href":"https:\/\/www.amuz.krakow.pl\/en\/wp-json\/wp\/v2\/types\/page"}],"author":[{"embeddable":true,"href":"https:\/\/www.amuz.krakow.pl\/en\/wp-json\/wp\/v2\/users\/72"}],"replies":[{"embeddable":true,"href":"https:\/\/www.amuz.krakow.pl\/en\/wp-json\/wp\/v2\/comments?post=3325"}],"version-history":[{"count":11,"href":"https:\/\/www.amuz.krakow.pl\/en\/wp-json\/wp\/v2\/pages\/3325\/revisions"}],"predecessor-version":[{"id":115594,"href":"https:\/\/www.amuz.krakow.pl\/en\/wp-json\/wp\/v2\/pages\/3325\/revisions\/115594"}],"up":[{"embeddable":true,"href":"https:\/\/www.amuz.krakow.pl\/en\/wp-json\/wp\/v2\/pages\/97632"}],"wp:featuredmedia":[{"embeddable":true,"href":"https:\/\/www.amuz.krakow.pl\/en\/wp-json\/wp\/v2\/media\/84881"}],"wp:attachment":[{"href":"https:\/\/www.amuz.krakow.pl\/en\/wp-json\/wp\/v2\/media?parent=3325"}],"curies":[{"name":"wp","href":"https:\/\/api.w.org\/{rel}","templated":true}]}}