{"id":3321,"date":"2016-02-20T21:57:06","date_gmt":"2016-02-20T20:57:06","guid":{"rendered":"http:\/\/strony.amuz.krakow.pl\/?page_id=3321"},"modified":"2025-02-20T14:17:23","modified_gmt":"2025-02-20T13:17:23","slug":"dr-dorota-moliszewska-akompaniament","status":"publish","type":"page","link":"https:\/\/www.amuz.krakow.pl\/en\/wydzialy\/wydzial-iii-wokalno-aktorski\/katedra-wokalistyki\/zespol-przedmiotowy-pianistow-korepetytorow\/dr-dorota-moliszewska-akompaniament\/","title":{"rendered":"dr Dorota Moliszewska"},"content":{"rendered":"<p style=\"text-align: justify;\"><a href=\"https:\/\/www.amuz.krakow.pl\/wp-content\/uploads\/2016\/02\/moliszewska.jpg\"><img loading=\"lazy\" decoding=\"async\" class=\"alignleft wp-image-3322 \" src=\"https:\/\/www.amuz.krakow.pl\/wp-content\/uploads\/2016\/02\/moliszewska-255x300.jpg\" alt=\"Moliszewska Dorota\" width=\"200\" height=\"234\" srcset=\"https:\/\/www.amuz.krakow.pl\/wp-content\/uploads\/2016\/02\/moliszewska-255x300.jpg 255w, https:\/\/www.amuz.krakow.pl\/wp-content\/uploads\/2016\/02\/moliszewska.jpg 425w\" sizes=\"auto, (max-width: 200px) 100vw, 200px\" \/><\/a>Uko\u0144czy\u0142a krakowsk\u0105 Akademi\u0119 Muzyczn\u0105 w klasie prof. Jerzego \u0141ukowicza. By\u0142a finalistk\u0105 XII Konkursu Muzyki Kameralnej w \u0141odzi, bra\u0142a udzia\u0142 w mistrzowskich kursach pianistycznych, pracuj\u0105c pod kierunkiem m.in. prof. Haliny Czerny-Stefa\u0144skiej. Obecnie jest pracownikiem krakowskiej AM na Wydziale Wokalno-Aktorskim. Prowadzi o\u017cywion\u0105 dzia\u0142alno\u015b\u0107 koncertow\u0105 g\u0142\u00f3wnie jako kameralistka. Pe\u0142ni\u0105c funkcj\u0119 akompaniatora (korepetytora wokalnego) bierze udzia\u0142 w mi\u0119dzynarodowych kursach wokalnych zar\u00f3wno w Polsce jak i za granica (Szwajcaria). Koncertowa\u0142a m.in. z Carmen Lasok (Wielka Brytania), prof. dr hab. Agnieszk\u0105 Monastersk\u0105, prof. Aialison Pearce (Wielka Brytania), prof. Marcinem Habel\u0105 (Szwajcaria\/Francja), ad.II st. Rados\u0142awem \u017bukowskim. Uczestnicz\u0105c w XIII Konkursie Sztuki Wokalnej im. Ady Sari (2009) oraz w X Konkursie Wokalnym w Dusznikach-Zdroju (2010), zosta\u0142a uhonorowana dyplomami dla wyr\u00f3\u017cniaj\u0105cego si\u0119 akompaniatora.\u00a0 B\u0119d\u0105c wieloletnim pracownikiem krakowskiej AM bierze czynny udzia\u0142 w organizowanych przez tutejsz\u0105 Akademi\u0119 przedsi\u0119wzi\u0119ciach oraz w licznych kursach i konkursach towarzysz\u0105c studentom Wydzia\u0142u Wokalno-Aktorskiego. Dzia\u0142alno\u015b\u0107 artystyczn\u0105 \u0142\u0105czy z prac\u0105 pedagogiczn\u0105 w ZPSMuz. im.M. Kar\u0142owicza w Krakowie.<\/p>\n<p><a href=\"mailto:dorota.moliszewska@amuz.krakow.pl\">dorota.moliszewska@amuz.krakow.pl<\/a><\/p>\n","protected":false},"excerpt":{"rendered":"<p>Uko\u0144czy\u0142a krakowsk\u0105 Akademi\u0119 Muzyczn\u0105 w klasie prof. Jerzego \u0141ukowicza. By\u0142a finalistk\u0105 XII Konkursu Muzyki Kameralnej w \u0141odzi, bra\u0142a udzia\u0142 w mistrzowskich kursach pianistycznych, pracuj\u0105c pod kierunkiem m.in. prof. Haliny Czerny-Stefa\u0144skiej.&hellip; <a href=\"https:\/\/www.amuz.krakow.pl\/en\/wydzialy\/wydzial-iii-wokalno-aktorski\/katedra-wokalistyki\/zespol-przedmiotowy-pianistow-korepetytorow\/dr-dorota-moliszewska-akompaniament\/\">Continue reading<\/a><\/p>\n","protected":false},"author":72,"featured_media":3322,"parent":97632,"menu_order":10,"comment_status":"closed","ping_status":"closed","template":"","meta":{"footnotes":"","_links_to":"","_links_to_target":""},"class_list":["post-3321","page","type-page","status-publish","has-post-thumbnail","hentry"],"yoast_head":"<!-- This site is optimized with the Yoast SEO plugin v27.2 - https:\/\/yoast.com\/product\/yoast-seo-wordpress\/ -->\n<title>AMKP - Akademia Muzyczna im. Krzysztofa Pendereckiego w Krakowie<\/title>\n<meta name=\"robots\" content=\"index, follow, max-snippet:-1, max-image-preview:large, max-video-preview:-1\" \/>\n<link rel=\"canonical\" href=\"https:\/\/www.amuz.krakow.pl\/wydzialy\/wydzial-iii-wokalno-aktorski\/katedra-wokalistyki\/zespol-przedmiotowy-pianistow-korepetytorow\/dr-dorota-moliszewska-akompaniament\/\" \/>\n<meta property=\"og:locale\" content=\"en_US\" \/>\n<meta property=\"og:type\" content=\"article\" \/>\n<meta property=\"og:title\" content=\"AMKP - Akademia Muzyczna im. Krzysztofa Pendereckiego w Krakowie\" \/>\n<meta property=\"og:description\" content=\"Uko\u0144czy\u0142a krakowsk\u0105 Akademi\u0119 Muzyczn\u0105 w klasie prof. Jerzego \u0141ukowicza. By\u0142a finalistk\u0105 XII Konkursu Muzyki Kameralnej w \u0141odzi, bra\u0142a udzia\u0142 w mistrzowskich kursach pianistycznych, pracuj\u0105c pod kierunkiem m.in. prof. Haliny Czerny-Stefa\u0144skiej.&hellip; Continue reading\" \/>\n<meta property=\"og:url\" content=\"https:\/\/www.amuz.krakow.pl\/wydzialy\/wydzial-iii-wokalno-aktorski\/katedra-wokalistyki\/zespol-przedmiotowy-pianistow-korepetytorow\/dr-dorota-moliszewska-akompaniament\/\" \/>\n<meta property=\"og:site_name\" content=\"Akademia Muzyczna im. Krzysztofa Pendereckiego w Krakowie\" \/>\n<meta property=\"article:publisher\" content=\"https:\/\/www.facebook.com\/amuz.krakow\" \/>\n<meta property=\"article:modified_time\" content=\"2025-02-20T13:17:23+00:00\" \/>\n<meta property=\"og:image\" content=\"https:\/\/www.amuz.krakow.pl\/wp-content\/uploads\/2016\/02\/moliszewska.jpg\" \/>\n\t<meta property=\"og:image:width\" content=\"425\" \/>\n\t<meta property=\"og:image:height\" content=\"500\" \/>\n\t<meta property=\"og:image:type\" content=\"image\/jpeg\" \/>\n<meta name=\"twitter:card\" content=\"summary_large_image\" \/>\n<meta name=\"twitter:label1\" content=\"Est. reading time\" \/>\n\t<meta name=\"twitter:data1\" content=\"2 minutes\" \/>\n<script type=\"application\/ld+json\" class=\"yoast-schema-graph\">{\"@context\":\"https:\/\/schema.org\",\"@graph\":[{\"@type\":\"WebPage\",\"@id\":\"https:\/\/www.amuz.krakow.pl\/wydzialy\/wydzial-iii-wokalno-aktorski\/katedra-wokalistyki\/zespol-przedmiotowy-pianistow-korepetytorow\/dr-dorota-moliszewska-akompaniament\/\",\"url\":\"https:\/\/www.amuz.krakow.pl\/wydzialy\/wydzial-iii-wokalno-aktorski\/katedra-wokalistyki\/zespol-przedmiotowy-pianistow-korepetytorow\/dr-dorota-moliszewska-akompaniament\/\",\"name\":\"AMKP - Akademia Muzyczna im. Krzysztofa Pendereckiego w Krakowie\",\"isPartOf\":{\"@id\":\"https:\/\/www.amuz.krakow.pl\/#website\"},\"primaryImageOfPage\":{\"@id\":\"https:\/\/www.amuz.krakow.pl\/wydzialy\/wydzial-iii-wokalno-aktorski\/katedra-wokalistyki\/zespol-przedmiotowy-pianistow-korepetytorow\/dr-dorota-moliszewska-akompaniament\/#primaryimage\"},\"image\":{\"@id\":\"https:\/\/www.amuz.krakow.pl\/wydzialy\/wydzial-iii-wokalno-aktorski\/katedra-wokalistyki\/zespol-przedmiotowy-pianistow-korepetytorow\/dr-dorota-moliszewska-akompaniament\/#primaryimage\"},\"thumbnailUrl\":\"https:\/\/www.amuz.krakow.pl\/wp-content\/uploads\/2016\/02\/moliszewska.jpg\",\"datePublished\":\"2016-02-20T20:57:06+00:00\",\"dateModified\":\"2025-02-20T13:17:23+00:00\",\"breadcrumb\":{\"@id\":\"https:\/\/www.amuz.krakow.pl\/wydzialy\/wydzial-iii-wokalno-aktorski\/katedra-wokalistyki\/zespol-przedmiotowy-pianistow-korepetytorow\/dr-dorota-moliszewska-akompaniament\/#breadcrumb\"},\"inLanguage\":\"en-US\",\"potentialAction\":[{\"@type\":\"ReadAction\",\"target\":[\"https:\/\/www.amuz.krakow.pl\/wydzialy\/wydzial-iii-wokalno-aktorski\/katedra-wokalistyki\/zespol-przedmiotowy-pianistow-korepetytorow\/dr-dorota-moliszewska-akompaniament\/\"]}]},{\"@type\":\"ImageObject\",\"inLanguage\":\"en-US\",\"@id\":\"https:\/\/www.amuz.krakow.pl\/wydzialy\/wydzial-iii-wokalno-aktorski\/katedra-wokalistyki\/zespol-przedmiotowy-pianistow-korepetytorow\/dr-dorota-moliszewska-akompaniament\/#primaryimage\",\"url\":\"https:\/\/www.amuz.krakow.pl\/wp-content\/uploads\/2016\/02\/moliszewska.jpg\",\"contentUrl\":\"https:\/\/www.amuz.krakow.pl\/wp-content\/uploads\/2016\/02\/moliszewska.jpg\",\"width\":425,\"height\":500},{\"@type\":\"BreadcrumbList\",\"@id\":\"https:\/\/www.amuz.krakow.pl\/wydzialy\/wydzial-iii-wokalno-aktorski\/katedra-wokalistyki\/zespol-przedmiotowy-pianistow-korepetytorow\/dr-dorota-moliszewska-akompaniament\/#breadcrumb\",\"itemListElement\":[{\"@type\":\"ListItem\",\"position\":1,\"name\":\"Strona g\u0142\u00f3wna\",\"item\":\"https:\/\/www.amuz.krakow.pl\/\"},{\"@type\":\"ListItem\",\"position\":2,\"name\":\"WYDZIA\u0141Y\",\"item\":\"https:\/\/www.amuz.krakow.pl\/wydzialy\/\"},{\"@type\":\"ListItem\",\"position\":3,\"name\":\"Wydzia\u0142 Wokalno-Aktorski\",\"item\":\"https:\/\/www.amuz.krakow.pl\/wydzialy\/wydzial-iii-wokalno-aktorski\/\"},{\"@type\":\"ListItem\",\"position\":4,\"name\":\"Katedra Wokalistyki\",\"item\":\"https:\/\/www.amuz.krakow.pl\/wydzialy\/wydzial-iii-wokalno-aktorski\/katedra-wokalistyki\/\"},{\"@type\":\"ListItem\",\"position\":5,\"name\":\"Zesp\u00f3\u0142 Przedmiotowy Pianist\u00f3w Korepetytor\u00f3w\",\"item\":\"https:\/\/www.amuz.krakow.pl\/wydzialy\/wydzial-iii-wokalno-aktorski\/katedra-wokalistyki\/zespol-przedmiotowy-pianistow-korepetytorow\/\"},{\"@type\":\"ListItem\",\"position\":6,\"name\":\"dr Dorota Moliszewska\"}]},{\"@type\":\"WebSite\",\"@id\":\"https:\/\/www.amuz.krakow.pl\/#website\",\"url\":\"https:\/\/www.amuz.krakow.pl\/\",\"name\":\"Akademia Muzyczna im. Krzysztofa Pendereckiego w Krakowie\",\"description\":\"Oficjalna strona Akademii Muzycznej im. Krzysztofa Pendereckiego w Krakowie (AMKP).\",\"publisher\":{\"@id\":\"https:\/\/www.amuz.krakow.pl\/#organization\"},\"alternateName\":\"AMKP\",\"potentialAction\":[{\"@type\":\"SearchAction\",\"target\":{\"@type\":\"EntryPoint\",\"urlTemplate\":\"https:\/\/www.amuz.krakow.pl\/?s={search_term_string}\"},\"query-input\":{\"@type\":\"PropertyValueSpecification\",\"valueRequired\":true,\"valueName\":\"search_term_string\"}}],\"inLanguage\":\"en-US\"},{\"@type\":\"Organization\",\"@id\":\"https:\/\/www.amuz.krakow.pl\/#organization\",\"name\":\"Akademia Muzyczna im. Krzysztofa Pendereckiego w Krakowie\",\"alternateName\":\"AMKP\",\"url\":\"https:\/\/www.amuz.krakow.pl\/\",\"logo\":{\"@type\":\"ImageObject\",\"inLanguage\":\"en-US\",\"@id\":\"https:\/\/www.amuz.krakow.pl\/#\/schema\/logo\/image\/\",\"url\":\"https:\/\/www.amuz.krakow.pl\/wp-content\/uploads\/2021\/11\/amkp.jpg\",\"contentUrl\":\"https:\/\/www.amuz.krakow.pl\/wp-content\/uploads\/2021\/11\/amkp.jpg\",\"width\":1193,\"height\":591,\"caption\":\"Akademia Muzyczna im. Krzysztofa Pendereckiego w Krakowie\"},\"image\":{\"@id\":\"https:\/\/www.amuz.krakow.pl\/#\/schema\/logo\/image\/\"},\"sameAs\":[\"https:\/\/www.facebook.com\/amuz.krakow\",\"https:\/\/www.instagram.com\/amkpenderecki\/\",\"https:\/\/www.youtube.com\/@amkpenderecki4806\"]}]}<\/script>\n<!-- \/ Yoast SEO plugin. -->","yoast_head_json":{"title":"AMKP - Akademia Muzyczna im. Krzysztofa Pendereckiego w Krakowie","robots":{"index":"index","follow":"follow","max-snippet":"max-snippet:-1","max-image-preview":"max-image-preview:large","max-video-preview":"max-video-preview:-1"},"canonical":"https:\/\/www.amuz.krakow.pl\/wydzialy\/wydzial-iii-wokalno-aktorski\/katedra-wokalistyki\/zespol-przedmiotowy-pianistow-korepetytorow\/dr-dorota-moliszewska-akompaniament\/","og_locale":"en_US","og_type":"article","og_title":"AMKP - Akademia Muzyczna im. Krzysztofa Pendereckiego w Krakowie","og_description":"Uko\u0144czy\u0142a krakowsk\u0105 Akademi\u0119 Muzyczn\u0105 w klasie prof. Jerzego \u0141ukowicza. By\u0142a finalistk\u0105 XII Konkursu Muzyki Kameralnej w \u0141odzi, bra\u0142a udzia\u0142 w mistrzowskich kursach pianistycznych, pracuj\u0105c pod kierunkiem m.in. prof. Haliny Czerny-Stefa\u0144skiej.&hellip; Continue reading","og_url":"https:\/\/www.amuz.krakow.pl\/wydzialy\/wydzial-iii-wokalno-aktorski\/katedra-wokalistyki\/zespol-przedmiotowy-pianistow-korepetytorow\/dr-dorota-moliszewska-akompaniament\/","og_site_name":"Akademia Muzyczna im. Krzysztofa Pendereckiego w Krakowie","article_publisher":"https:\/\/www.facebook.com\/amuz.krakow","article_modified_time":"2025-02-20T13:17:23+00:00","og_image":[{"width":425,"height":500,"url":"https:\/\/www.amuz.krakow.pl\/wp-content\/uploads\/2016\/02\/moliszewska.jpg","type":"image\/jpeg"}],"twitter_card":"summary_large_image","twitter_misc":{"Est. reading time":"2 minutes"},"schema":{"@context":"https:\/\/schema.org","@graph":[{"@type":"WebPage","@id":"https:\/\/www.amuz.krakow.pl\/wydzialy\/wydzial-iii-wokalno-aktorski\/katedra-wokalistyki\/zespol-przedmiotowy-pianistow-korepetytorow\/dr-dorota-moliszewska-akompaniament\/","url":"https:\/\/www.amuz.krakow.pl\/wydzialy\/wydzial-iii-wokalno-aktorski\/katedra-wokalistyki\/zespol-przedmiotowy-pianistow-korepetytorow\/dr-dorota-moliszewska-akompaniament\/","name":"AMKP - Akademia Muzyczna im. Krzysztofa Pendereckiego w Krakowie","isPartOf":{"@id":"https:\/\/www.amuz.krakow.pl\/#website"},"primaryImageOfPage":{"@id":"https:\/\/www.amuz.krakow.pl\/wydzialy\/wydzial-iii-wokalno-aktorski\/katedra-wokalistyki\/zespol-przedmiotowy-pianistow-korepetytorow\/dr-dorota-moliszewska-akompaniament\/#primaryimage"},"image":{"@id":"https:\/\/www.amuz.krakow.pl\/wydzialy\/wydzial-iii-wokalno-aktorski\/katedra-wokalistyki\/zespol-przedmiotowy-pianistow-korepetytorow\/dr-dorota-moliszewska-akompaniament\/#primaryimage"},"thumbnailUrl":"https:\/\/www.amuz.krakow.pl\/wp-content\/uploads\/2016\/02\/moliszewska.jpg","datePublished":"2016-02-20T20:57:06+00:00","dateModified":"2025-02-20T13:17:23+00:00","breadcrumb":{"@id":"https:\/\/www.amuz.krakow.pl\/wydzialy\/wydzial-iii-wokalno-aktorski\/katedra-wokalistyki\/zespol-przedmiotowy-pianistow-korepetytorow\/dr-dorota-moliszewska-akompaniament\/#breadcrumb"},"inLanguage":"en-US","potentialAction":[{"@type":"ReadAction","target":["https:\/\/www.amuz.krakow.pl\/wydzialy\/wydzial-iii-wokalno-aktorski\/katedra-wokalistyki\/zespol-przedmiotowy-pianistow-korepetytorow\/dr-dorota-moliszewska-akompaniament\/"]}]},{"@type":"ImageObject","inLanguage":"en-US","@id":"https:\/\/www.amuz.krakow.pl\/wydzialy\/wydzial-iii-wokalno-aktorski\/katedra-wokalistyki\/zespol-przedmiotowy-pianistow-korepetytorow\/dr-dorota-moliszewska-akompaniament\/#primaryimage","url":"https:\/\/www.amuz.krakow.pl\/wp-content\/uploads\/2016\/02\/moliszewska.jpg","contentUrl":"https:\/\/www.amuz.krakow.pl\/wp-content\/uploads\/2016\/02\/moliszewska.jpg","width":425,"height":500},{"@type":"BreadcrumbList","@id":"https:\/\/www.amuz.krakow.pl\/wydzialy\/wydzial-iii-wokalno-aktorski\/katedra-wokalistyki\/zespol-przedmiotowy-pianistow-korepetytorow\/dr-dorota-moliszewska-akompaniament\/#breadcrumb","itemListElement":[{"@type":"ListItem","position":1,"name":"Strona g\u0142\u00f3wna","item":"https:\/\/www.amuz.krakow.pl\/"},{"@type":"ListItem","position":2,"name":"WYDZIA\u0141Y","item":"https:\/\/www.amuz.krakow.pl\/wydzialy\/"},{"@type":"ListItem","position":3,"name":"Wydzia\u0142 Wokalno-Aktorski","item":"https:\/\/www.amuz.krakow.pl\/wydzialy\/wydzial-iii-wokalno-aktorski\/"},{"@type":"ListItem","position":4,"name":"Katedra Wokalistyki","item":"https:\/\/www.amuz.krakow.pl\/wydzialy\/wydzial-iii-wokalno-aktorski\/katedra-wokalistyki\/"},{"@type":"ListItem","position":5,"name":"Zesp\u00f3\u0142 Przedmiotowy Pianist\u00f3w Korepetytor\u00f3w","item":"https:\/\/www.amuz.krakow.pl\/wydzialy\/wydzial-iii-wokalno-aktorski\/katedra-wokalistyki\/zespol-przedmiotowy-pianistow-korepetytorow\/"},{"@type":"ListItem","position":6,"name":"dr Dorota Moliszewska"}]},{"@type":"WebSite","@id":"https:\/\/www.amuz.krakow.pl\/#website","url":"https:\/\/www.amuz.krakow.pl\/","name":"Akademia Muzyczna im. Krzysztofa Pendereckiego w Krakowie","description":"Oficjalna strona Akademii Muzycznej im. Krzysztofa Pendereckiego w Krakowie (AMKP).","publisher":{"@id":"https:\/\/www.amuz.krakow.pl\/#organization"},"alternateName":"AMKP","potentialAction":[{"@type":"SearchAction","target":{"@type":"EntryPoint","urlTemplate":"https:\/\/www.amuz.krakow.pl\/?s={search_term_string}"},"query-input":{"@type":"PropertyValueSpecification","valueRequired":true,"valueName":"search_term_string"}}],"inLanguage":"en-US"},{"@type":"Organization","@id":"https:\/\/www.amuz.krakow.pl\/#organization","name":"Akademia Muzyczna im. Krzysztofa Pendereckiego w Krakowie","alternateName":"AMKP","url":"https:\/\/www.amuz.krakow.pl\/","logo":{"@type":"ImageObject","inLanguage":"en-US","@id":"https:\/\/www.amuz.krakow.pl\/#\/schema\/logo\/image\/","url":"https:\/\/www.amuz.krakow.pl\/wp-content\/uploads\/2021\/11\/amkp.jpg","contentUrl":"https:\/\/www.amuz.krakow.pl\/wp-content\/uploads\/2021\/11\/amkp.jpg","width":1193,"height":591,"caption":"Akademia Muzyczna im. Krzysztofa Pendereckiego w Krakowie"},"image":{"@id":"https:\/\/www.amuz.krakow.pl\/#\/schema\/logo\/image\/"},"sameAs":["https:\/\/www.facebook.com\/amuz.krakow","https:\/\/www.instagram.com\/amkpenderecki\/","https:\/\/www.youtube.com\/@amkpenderecki4806"]}]}},"_links":{"self":[{"href":"https:\/\/www.amuz.krakow.pl\/en\/wp-json\/wp\/v2\/pages\/3321","targetHints":{"allow":["GET"]}}],"collection":[{"href":"https:\/\/www.amuz.krakow.pl\/en\/wp-json\/wp\/v2\/pages"}],"about":[{"href":"https:\/\/www.amuz.krakow.pl\/en\/wp-json\/wp\/v2\/types\/page"}],"author":[{"embeddable":true,"href":"https:\/\/www.amuz.krakow.pl\/en\/wp-json\/wp\/v2\/users\/72"}],"replies":[{"embeddable":true,"href":"https:\/\/www.amuz.krakow.pl\/en\/wp-json\/wp\/v2\/comments?post=3321"}],"version-history":[{"count":5,"href":"https:\/\/www.amuz.krakow.pl\/en\/wp-json\/wp\/v2\/pages\/3321\/revisions"}],"predecessor-version":[{"id":97637,"href":"https:\/\/www.amuz.krakow.pl\/en\/wp-json\/wp\/v2\/pages\/3321\/revisions\/97637"}],"up":[{"embeddable":true,"href":"https:\/\/www.amuz.krakow.pl\/en\/wp-json\/wp\/v2\/pages\/97632"}],"wp:featuredmedia":[{"embeddable":true,"href":"https:\/\/www.amuz.krakow.pl\/en\/wp-json\/wp\/v2\/media\/3322"}],"wp:attachment":[{"href":"https:\/\/www.amuz.krakow.pl\/en\/wp-json\/wp\/v2\/media?parent=3321"}],"curies":[{"name":"wp","href":"https:\/\/api.w.org\/{rel}","templated":true}]}}