{"id":3317,"date":"2016-02-20T21:55:14","date_gmt":"2016-02-20T20:55:14","guid":{"rendered":"http:\/\/strony.amuz.krakow.pl\/?page_id=3317"},"modified":"2025-02-20T14:17:00","modified_gmt":"2025-02-20T13:17:00","slug":"dr-ewelina-markiel-akompaniament","status":"publish","type":"page","link":"https:\/\/www.amuz.krakow.pl\/en\/wydzialy\/wydzial-iii-wokalno-aktorski\/katedra-wokalistyki\/zespol-przedmiotowy-pianistow-korepetytorow\/dr-ewelina-markiel-akompaniament\/","title":{"rendered":"dr Ewelina Markiel"},"content":{"rendered":"<p style=\"text-align: justify;\"><a href=\"https:\/\/www.amuz.krakow.pl\/wp-content\/uploads\/2016\/02\/markiel.jpg\"><img loading=\"lazy\" decoding=\"async\" class=\"alignleft wp-image-3318 size-medium\" src=\"https:\/\/www.amuz.krakow.pl\/wp-content\/uploads\/2016\/02\/markiel-200x300.jpg\" alt=\"Markiel Ewelina\" width=\"200\" height=\"300\" srcset=\"https:\/\/www.amuz.krakow.pl\/wp-content\/uploads\/2016\/02\/markiel-200x300.jpg 200w, https:\/\/www.amuz.krakow.pl\/wp-content\/uploads\/2016\/02\/markiel.jpg 247w\" sizes=\"auto, (max-width: 200px) 100vw, 200px\" \/><\/a>Urodzona w Krakowie. Uko\u0144czy\u0142a z wyr\u00f3\u017cnieniem krakowsk\u0105 Akademi\u0119 Muzyczn\u0105 w klasie fortepianu prof. Marii Szmyd-Dormus, a nast\u0119pnie studia podyplomowe w klasie prof. Andrzeja Pikula. W 1991 dwukrotnie otrzyma\u0142a I nagrod\u0119 na Og\u00f3lnopolskich Konkursach Zespo\u0142\u00f3w Kameralnych we Wroc\u0142awiu i w Krakowie, a w 1994 wyr\u00f3\u017cnienie na solowym Konkursie Muzyki XX wieku w Warszawie. W 1992, przebywaj\u0105c na stypendium w Salzburgu, studiowa\u0142a w Mozarteum w klasie fortepianu prof. Alfonsa Kontarsky&#8217;ego. W 1994 uko\u0144czy\u0142a Letni Kurs Mistrzowski prowadzony przez Ew\u0119 Pob\u0142ock\u0105, a w 1997 odby\u0142a roczny sta\u017c w Katedrze Interpretacji Muzyki Wsp\u00f3\u0142czesnej w\u00a0 Akademii Muzycznej w Krakowie w klasie prof. Adama Kaczy\u0144skiego.\u00a0 Wielokrotnie bra\u0142a udzia\u0142 w organizowanych przez Akademi\u0119 koncertach i festiwalach muzyki wsp\u00f3\u0142czesnej, wyst\u0119powa\u0142a tak\u017ce poza granicami kraju (Niemcy, Austria, Dania). Od 1999 pracuje w Szkole Muzycznej I st. im. Stanis\u0142awa Wiechowicza w Krakowie i w krakowskiej Akademii Muzycznej na Wydziale Wokalno-Aktorskim\u00a0 w charakterze akompaniatora, prowadzi r\u00f3wnie\u017c zaj\u0119cia z fortepianu obowi\u0105zkowego.\u00a0 Kilkakrotnie zosta\u0142a nagrodzona za wyr\u00f3\u017cniaj\u0105cy si\u0119 akompaniament podczas Regionalnych i Og\u00f3lnopolskich Przes\u0142ucha\u0144 Szk\u00f3\u0142 Muzycznych. Wyst\u0119puje jako akompaniator i solistka.<\/p>\n<p><a href=\"mailto:ewelina.markiel@amuz.krakow.pl\">ewelina.markiel@amuz.krakow.pl<\/a><\/p>\n","protected":false},"excerpt":{"rendered":"<p>Urodzona w Krakowie. Uko\u0144czy\u0142a z wyr\u00f3\u017cnieniem krakowsk\u0105 Akademi\u0119 Muzyczn\u0105 w klasie fortepianu prof. Marii Szmyd-Dormus, a nast\u0119pnie studia podyplomowe w klasie prof. Andrzeja Pikula. W 1991 dwukrotnie otrzyma\u0142a I nagrod\u0119&hellip; <a href=\"https:\/\/www.amuz.krakow.pl\/en\/wydzialy\/wydzial-iii-wokalno-aktorski\/katedra-wokalistyki\/zespol-przedmiotowy-pianistow-korepetytorow\/dr-ewelina-markiel-akompaniament\/\">Continue reading<\/a><\/p>\n","protected":false},"author":72,"featured_media":3318,"parent":97632,"menu_order":5,"comment_status":"closed","ping_status":"closed","template":"","meta":{"footnotes":"","_links_to":"","_links_to_target":""},"class_list":["post-3317","page","type-page","status-publish","has-post-thumbnail","hentry"],"yoast_head":"<!-- This site is optimized with the Yoast SEO plugin v27.2 - https:\/\/yoast.com\/product\/yoast-seo-wordpress\/ -->\n<title>AMKP - Akademia Muzyczna im. Krzysztofa Pendereckiego w Krakowie<\/title>\n<meta name=\"robots\" content=\"index, follow, max-snippet:-1, max-image-preview:large, max-video-preview:-1\" \/>\n<link rel=\"canonical\" href=\"https:\/\/www.amuz.krakow.pl\/wydzialy\/wydzial-iii-wokalno-aktorski\/katedra-wokalistyki\/zespol-przedmiotowy-pianistow-korepetytorow\/dr-ewelina-markiel-akompaniament\/\" \/>\n<meta property=\"og:locale\" content=\"en_US\" \/>\n<meta property=\"og:type\" content=\"article\" \/>\n<meta property=\"og:title\" content=\"AMKP - Akademia Muzyczna im. Krzysztofa Pendereckiego w Krakowie\" \/>\n<meta property=\"og:description\" content=\"Urodzona w Krakowie. Uko\u0144czy\u0142a z wyr\u00f3\u017cnieniem krakowsk\u0105 Akademi\u0119 Muzyczn\u0105 w klasie fortepianu prof. Marii Szmyd-Dormus, a nast\u0119pnie studia podyplomowe w klasie prof. Andrzeja Pikula. W 1991 dwukrotnie otrzyma\u0142a I nagrod\u0119&hellip; Continue reading\" \/>\n<meta property=\"og:url\" content=\"https:\/\/www.amuz.krakow.pl\/wydzialy\/wydzial-iii-wokalno-aktorski\/katedra-wokalistyki\/zespol-przedmiotowy-pianistow-korepetytorow\/dr-ewelina-markiel-akompaniament\/\" \/>\n<meta property=\"og:site_name\" content=\"Akademia Muzyczna im. Krzysztofa Pendereckiego w Krakowie\" \/>\n<meta property=\"article:publisher\" content=\"https:\/\/www.facebook.com\/amuz.krakow\" \/>\n<meta property=\"article:modified_time\" content=\"2025-02-20T13:17:00+00:00\" \/>\n<meta property=\"og:image\" content=\"https:\/\/www.amuz.krakow.pl\/wp-content\/uploads\/2016\/02\/markiel.jpg\" \/>\n\t<meta property=\"og:image:width\" content=\"247\" \/>\n\t<meta property=\"og:image:height\" content=\"371\" \/>\n\t<meta property=\"og:image:type\" content=\"image\/jpeg\" \/>\n<meta name=\"twitter:card\" content=\"summary_large_image\" \/>\n<meta name=\"twitter:label1\" content=\"Est. reading time\" \/>\n\t<meta name=\"twitter:data1\" content=\"2 minutes\" \/>\n<script type=\"application\/ld+json\" class=\"yoast-schema-graph\">{\"@context\":\"https:\/\/schema.org\",\"@graph\":[{\"@type\":\"WebPage\",\"@id\":\"https:\/\/www.amuz.krakow.pl\/wydzialy\/wydzial-iii-wokalno-aktorski\/katedra-wokalistyki\/zespol-przedmiotowy-pianistow-korepetytorow\/dr-ewelina-markiel-akompaniament\/\",\"url\":\"https:\/\/www.amuz.krakow.pl\/wydzialy\/wydzial-iii-wokalno-aktorski\/katedra-wokalistyki\/zespol-przedmiotowy-pianistow-korepetytorow\/dr-ewelina-markiel-akompaniament\/\",\"name\":\"AMKP - Akademia Muzyczna im. Krzysztofa Pendereckiego w Krakowie\",\"isPartOf\":{\"@id\":\"https:\/\/www.amuz.krakow.pl\/#website\"},\"primaryImageOfPage\":{\"@id\":\"https:\/\/www.amuz.krakow.pl\/wydzialy\/wydzial-iii-wokalno-aktorski\/katedra-wokalistyki\/zespol-przedmiotowy-pianistow-korepetytorow\/dr-ewelina-markiel-akompaniament\/#primaryimage\"},\"image\":{\"@id\":\"https:\/\/www.amuz.krakow.pl\/wydzialy\/wydzial-iii-wokalno-aktorski\/katedra-wokalistyki\/zespol-przedmiotowy-pianistow-korepetytorow\/dr-ewelina-markiel-akompaniament\/#primaryimage\"},\"thumbnailUrl\":\"https:\/\/www.amuz.krakow.pl\/wp-content\/uploads\/2016\/02\/markiel.jpg\",\"datePublished\":\"2016-02-20T20:55:14+00:00\",\"dateModified\":\"2025-02-20T13:17:00+00:00\",\"breadcrumb\":{\"@id\":\"https:\/\/www.amuz.krakow.pl\/wydzialy\/wydzial-iii-wokalno-aktorski\/katedra-wokalistyki\/zespol-przedmiotowy-pianistow-korepetytorow\/dr-ewelina-markiel-akompaniament\/#breadcrumb\"},\"inLanguage\":\"en-US\",\"potentialAction\":[{\"@type\":\"ReadAction\",\"target\":[\"https:\/\/www.amuz.krakow.pl\/wydzialy\/wydzial-iii-wokalno-aktorski\/katedra-wokalistyki\/zespol-przedmiotowy-pianistow-korepetytorow\/dr-ewelina-markiel-akompaniament\/\"]}]},{\"@type\":\"ImageObject\",\"inLanguage\":\"en-US\",\"@id\":\"https:\/\/www.amuz.krakow.pl\/wydzialy\/wydzial-iii-wokalno-aktorski\/katedra-wokalistyki\/zespol-przedmiotowy-pianistow-korepetytorow\/dr-ewelina-markiel-akompaniament\/#primaryimage\",\"url\":\"https:\/\/www.amuz.krakow.pl\/wp-content\/uploads\/2016\/02\/markiel.jpg\",\"contentUrl\":\"https:\/\/www.amuz.krakow.pl\/wp-content\/uploads\/2016\/02\/markiel.jpg\",\"width\":247,\"height\":371},{\"@type\":\"BreadcrumbList\",\"@id\":\"https:\/\/www.amuz.krakow.pl\/wydzialy\/wydzial-iii-wokalno-aktorski\/katedra-wokalistyki\/zespol-przedmiotowy-pianistow-korepetytorow\/dr-ewelina-markiel-akompaniament\/#breadcrumb\",\"itemListElement\":[{\"@type\":\"ListItem\",\"position\":1,\"name\":\"Strona g\u0142\u00f3wna\",\"item\":\"https:\/\/www.amuz.krakow.pl\/\"},{\"@type\":\"ListItem\",\"position\":2,\"name\":\"WYDZIA\u0141Y\",\"item\":\"https:\/\/www.amuz.krakow.pl\/wydzialy\/\"},{\"@type\":\"ListItem\",\"position\":3,\"name\":\"Wydzia\u0142 Wokalno-Aktorski\",\"item\":\"https:\/\/www.amuz.krakow.pl\/wydzialy\/wydzial-iii-wokalno-aktorski\/\"},{\"@type\":\"ListItem\",\"position\":4,\"name\":\"Katedra Wokalistyki\",\"item\":\"https:\/\/www.amuz.krakow.pl\/wydzialy\/wydzial-iii-wokalno-aktorski\/katedra-wokalistyki\/\"},{\"@type\":\"ListItem\",\"position\":5,\"name\":\"Zesp\u00f3\u0142 Przedmiotowy Pianist\u00f3w Korepetytor\u00f3w\",\"item\":\"https:\/\/www.amuz.krakow.pl\/wydzialy\/wydzial-iii-wokalno-aktorski\/katedra-wokalistyki\/zespol-przedmiotowy-pianistow-korepetytorow\/\"},{\"@type\":\"ListItem\",\"position\":6,\"name\":\"dr Ewelina Markiel\"}]},{\"@type\":\"WebSite\",\"@id\":\"https:\/\/www.amuz.krakow.pl\/#website\",\"url\":\"https:\/\/www.amuz.krakow.pl\/\",\"name\":\"Akademia Muzyczna im. Krzysztofa Pendereckiego w Krakowie\",\"description\":\"Oficjalna strona Akademii Muzycznej im. Krzysztofa Pendereckiego w Krakowie (AMKP).\",\"publisher\":{\"@id\":\"https:\/\/www.amuz.krakow.pl\/#organization\"},\"alternateName\":\"AMKP\",\"potentialAction\":[{\"@type\":\"SearchAction\",\"target\":{\"@type\":\"EntryPoint\",\"urlTemplate\":\"https:\/\/www.amuz.krakow.pl\/?s={search_term_string}\"},\"query-input\":{\"@type\":\"PropertyValueSpecification\",\"valueRequired\":true,\"valueName\":\"search_term_string\"}}],\"inLanguage\":\"en-US\"},{\"@type\":\"Organization\",\"@id\":\"https:\/\/www.amuz.krakow.pl\/#organization\",\"name\":\"Akademia Muzyczna im. Krzysztofa Pendereckiego w Krakowie\",\"alternateName\":\"AMKP\",\"url\":\"https:\/\/www.amuz.krakow.pl\/\",\"logo\":{\"@type\":\"ImageObject\",\"inLanguage\":\"en-US\",\"@id\":\"https:\/\/www.amuz.krakow.pl\/#\/schema\/logo\/image\/\",\"url\":\"https:\/\/www.amuz.krakow.pl\/wp-content\/uploads\/2021\/11\/amkp.jpg\",\"contentUrl\":\"https:\/\/www.amuz.krakow.pl\/wp-content\/uploads\/2021\/11\/amkp.jpg\",\"width\":1193,\"height\":591,\"caption\":\"Akademia Muzyczna im. Krzysztofa Pendereckiego w Krakowie\"},\"image\":{\"@id\":\"https:\/\/www.amuz.krakow.pl\/#\/schema\/logo\/image\/\"},\"sameAs\":[\"https:\/\/www.facebook.com\/amuz.krakow\",\"https:\/\/www.instagram.com\/amkpenderecki\/\",\"https:\/\/www.youtube.com\/@amkpenderecki4806\"]}]}<\/script>\n<!-- \/ Yoast SEO plugin. -->","yoast_head_json":{"title":"AMKP - Akademia Muzyczna im. Krzysztofa Pendereckiego w Krakowie","robots":{"index":"index","follow":"follow","max-snippet":"max-snippet:-1","max-image-preview":"max-image-preview:large","max-video-preview":"max-video-preview:-1"},"canonical":"https:\/\/www.amuz.krakow.pl\/wydzialy\/wydzial-iii-wokalno-aktorski\/katedra-wokalistyki\/zespol-przedmiotowy-pianistow-korepetytorow\/dr-ewelina-markiel-akompaniament\/","og_locale":"en_US","og_type":"article","og_title":"AMKP - Akademia Muzyczna im. Krzysztofa Pendereckiego w Krakowie","og_description":"Urodzona w Krakowie. Uko\u0144czy\u0142a z wyr\u00f3\u017cnieniem krakowsk\u0105 Akademi\u0119 Muzyczn\u0105 w klasie fortepianu prof. Marii Szmyd-Dormus, a nast\u0119pnie studia podyplomowe w klasie prof. Andrzeja Pikula. W 1991 dwukrotnie otrzyma\u0142a I nagrod\u0119&hellip; Continue reading","og_url":"https:\/\/www.amuz.krakow.pl\/wydzialy\/wydzial-iii-wokalno-aktorski\/katedra-wokalistyki\/zespol-przedmiotowy-pianistow-korepetytorow\/dr-ewelina-markiel-akompaniament\/","og_site_name":"Akademia Muzyczna im. Krzysztofa Pendereckiego w Krakowie","article_publisher":"https:\/\/www.facebook.com\/amuz.krakow","article_modified_time":"2025-02-20T13:17:00+00:00","og_image":[{"width":247,"height":371,"url":"https:\/\/www.amuz.krakow.pl\/wp-content\/uploads\/2016\/02\/markiel.jpg","type":"image\/jpeg"}],"twitter_card":"summary_large_image","twitter_misc":{"Est. reading time":"2 minutes"},"schema":{"@context":"https:\/\/schema.org","@graph":[{"@type":"WebPage","@id":"https:\/\/www.amuz.krakow.pl\/wydzialy\/wydzial-iii-wokalno-aktorski\/katedra-wokalistyki\/zespol-przedmiotowy-pianistow-korepetytorow\/dr-ewelina-markiel-akompaniament\/","url":"https:\/\/www.amuz.krakow.pl\/wydzialy\/wydzial-iii-wokalno-aktorski\/katedra-wokalistyki\/zespol-przedmiotowy-pianistow-korepetytorow\/dr-ewelina-markiel-akompaniament\/","name":"AMKP - Akademia Muzyczna im. Krzysztofa Pendereckiego w Krakowie","isPartOf":{"@id":"https:\/\/www.amuz.krakow.pl\/#website"},"primaryImageOfPage":{"@id":"https:\/\/www.amuz.krakow.pl\/wydzialy\/wydzial-iii-wokalno-aktorski\/katedra-wokalistyki\/zespol-przedmiotowy-pianistow-korepetytorow\/dr-ewelina-markiel-akompaniament\/#primaryimage"},"image":{"@id":"https:\/\/www.amuz.krakow.pl\/wydzialy\/wydzial-iii-wokalno-aktorski\/katedra-wokalistyki\/zespol-przedmiotowy-pianistow-korepetytorow\/dr-ewelina-markiel-akompaniament\/#primaryimage"},"thumbnailUrl":"https:\/\/www.amuz.krakow.pl\/wp-content\/uploads\/2016\/02\/markiel.jpg","datePublished":"2016-02-20T20:55:14+00:00","dateModified":"2025-02-20T13:17:00+00:00","breadcrumb":{"@id":"https:\/\/www.amuz.krakow.pl\/wydzialy\/wydzial-iii-wokalno-aktorski\/katedra-wokalistyki\/zespol-przedmiotowy-pianistow-korepetytorow\/dr-ewelina-markiel-akompaniament\/#breadcrumb"},"inLanguage":"en-US","potentialAction":[{"@type":"ReadAction","target":["https:\/\/www.amuz.krakow.pl\/wydzialy\/wydzial-iii-wokalno-aktorski\/katedra-wokalistyki\/zespol-przedmiotowy-pianistow-korepetytorow\/dr-ewelina-markiel-akompaniament\/"]}]},{"@type":"ImageObject","inLanguage":"en-US","@id":"https:\/\/www.amuz.krakow.pl\/wydzialy\/wydzial-iii-wokalno-aktorski\/katedra-wokalistyki\/zespol-przedmiotowy-pianistow-korepetytorow\/dr-ewelina-markiel-akompaniament\/#primaryimage","url":"https:\/\/www.amuz.krakow.pl\/wp-content\/uploads\/2016\/02\/markiel.jpg","contentUrl":"https:\/\/www.amuz.krakow.pl\/wp-content\/uploads\/2016\/02\/markiel.jpg","width":247,"height":371},{"@type":"BreadcrumbList","@id":"https:\/\/www.amuz.krakow.pl\/wydzialy\/wydzial-iii-wokalno-aktorski\/katedra-wokalistyki\/zespol-przedmiotowy-pianistow-korepetytorow\/dr-ewelina-markiel-akompaniament\/#breadcrumb","itemListElement":[{"@type":"ListItem","position":1,"name":"Strona g\u0142\u00f3wna","item":"https:\/\/www.amuz.krakow.pl\/"},{"@type":"ListItem","position":2,"name":"WYDZIA\u0141Y","item":"https:\/\/www.amuz.krakow.pl\/wydzialy\/"},{"@type":"ListItem","position":3,"name":"Wydzia\u0142 Wokalno-Aktorski","item":"https:\/\/www.amuz.krakow.pl\/wydzialy\/wydzial-iii-wokalno-aktorski\/"},{"@type":"ListItem","position":4,"name":"Katedra Wokalistyki","item":"https:\/\/www.amuz.krakow.pl\/wydzialy\/wydzial-iii-wokalno-aktorski\/katedra-wokalistyki\/"},{"@type":"ListItem","position":5,"name":"Zesp\u00f3\u0142 Przedmiotowy Pianist\u00f3w Korepetytor\u00f3w","item":"https:\/\/www.amuz.krakow.pl\/wydzialy\/wydzial-iii-wokalno-aktorski\/katedra-wokalistyki\/zespol-przedmiotowy-pianistow-korepetytorow\/"},{"@type":"ListItem","position":6,"name":"dr Ewelina Markiel"}]},{"@type":"WebSite","@id":"https:\/\/www.amuz.krakow.pl\/#website","url":"https:\/\/www.amuz.krakow.pl\/","name":"Akademia Muzyczna im. Krzysztofa Pendereckiego w Krakowie","description":"Oficjalna strona Akademii Muzycznej im. Krzysztofa Pendereckiego w Krakowie (AMKP).","publisher":{"@id":"https:\/\/www.amuz.krakow.pl\/#organization"},"alternateName":"AMKP","potentialAction":[{"@type":"SearchAction","target":{"@type":"EntryPoint","urlTemplate":"https:\/\/www.amuz.krakow.pl\/?s={search_term_string}"},"query-input":{"@type":"PropertyValueSpecification","valueRequired":true,"valueName":"search_term_string"}}],"inLanguage":"en-US"},{"@type":"Organization","@id":"https:\/\/www.amuz.krakow.pl\/#organization","name":"Akademia Muzyczna im. Krzysztofa Pendereckiego w Krakowie","alternateName":"AMKP","url":"https:\/\/www.amuz.krakow.pl\/","logo":{"@type":"ImageObject","inLanguage":"en-US","@id":"https:\/\/www.amuz.krakow.pl\/#\/schema\/logo\/image\/","url":"https:\/\/www.amuz.krakow.pl\/wp-content\/uploads\/2021\/11\/amkp.jpg","contentUrl":"https:\/\/www.amuz.krakow.pl\/wp-content\/uploads\/2021\/11\/amkp.jpg","width":1193,"height":591,"caption":"Akademia Muzyczna im. Krzysztofa Pendereckiego w Krakowie"},"image":{"@id":"https:\/\/www.amuz.krakow.pl\/#\/schema\/logo\/image\/"},"sameAs":["https:\/\/www.facebook.com\/amuz.krakow","https:\/\/www.instagram.com\/amkpenderecki\/","https:\/\/www.youtube.com\/@amkpenderecki4806"]}]}},"_links":{"self":[{"href":"https:\/\/www.amuz.krakow.pl\/en\/wp-json\/wp\/v2\/pages\/3317","targetHints":{"allow":["GET"]}}],"collection":[{"href":"https:\/\/www.amuz.krakow.pl\/en\/wp-json\/wp\/v2\/pages"}],"about":[{"href":"https:\/\/www.amuz.krakow.pl\/en\/wp-json\/wp\/v2\/types\/page"}],"author":[{"embeddable":true,"href":"https:\/\/www.amuz.krakow.pl\/en\/wp-json\/wp\/v2\/users\/72"}],"replies":[{"embeddable":true,"href":"https:\/\/www.amuz.krakow.pl\/en\/wp-json\/wp\/v2\/comments?post=3317"}],"version-history":[{"count":8,"href":"https:\/\/www.amuz.krakow.pl\/en\/wp-json\/wp\/v2\/pages\/3317\/revisions"}],"predecessor-version":[{"id":97636,"href":"https:\/\/www.amuz.krakow.pl\/en\/wp-json\/wp\/v2\/pages\/3317\/revisions\/97636"}],"up":[{"embeddable":true,"href":"https:\/\/www.amuz.krakow.pl\/en\/wp-json\/wp\/v2\/pages\/97632"}],"wp:featuredmedia":[{"embeddable":true,"href":"https:\/\/www.amuz.krakow.pl\/en\/wp-json\/wp\/v2\/media\/3318"}],"wp:attachment":[{"href":"https:\/\/www.amuz.krakow.pl\/en\/wp-json\/wp\/v2\/media?parent=3317"}],"curies":[{"name":"wp","href":"https:\/\/api.w.org\/{rel}","templated":true}]}}