{"id":32844,"date":"2019-10-01T23:11:11","date_gmt":"2019-10-01T21:11:11","guid":{"rendered":"https:\/\/www.amuz.krakow.pl\/?page_id=32844"},"modified":"2026-02-05T11:37:22","modified_gmt":"2026-02-05T10:37:22","slug":"mgr-anna-swoboda-lutnia","status":"publish","type":"page","link":"https:\/\/www.amuz.krakow.pl\/en\/wydzialy\/wydzial-ii-instrumentalny\/katedra-muzyki-dawnej\/pracownicy-katedry\/mgr-anna-swoboda-lutnia\/","title":{"rendered":"dr Anna Swoboda"},"content":{"rendered":"<p><figure id=\"attachment_37430\" aria-describedby=\"caption-attachment-37430\" style=\"width: 216px\" class=\"wp-caption alignleft\"><a href=\"https:\/\/www.amuz.krakow.pl\/wp-content\/uploads\/2020\/03\/Anna-Swoboda-fot.-Pawe\u0142-Pa\u0142ka-scaled.jpg\" target=\"_blank\" rel=\"noopener\"><img loading=\"lazy\" decoding=\"async\" class=\"wp-image-37430\" src=\"https:\/\/www.amuz.krakow.pl\/wp-content\/uploads\/2020\/03\/Anna-Swoboda-fot.-Pawe\u0142-Pa\u0142ka-225x300.jpg\" alt=\"\" width=\"216\" height=\"288\" srcset=\"https:\/\/www.amuz.krakow.pl\/wp-content\/uploads\/2020\/03\/Anna-Swoboda-fot.-Pawe\u0142-Pa\u0142ka-225x300.jpg 225w, https:\/\/www.amuz.krakow.pl\/wp-content\/uploads\/2020\/03\/Anna-Swoboda-fot.-Pawe\u0142-Pa\u0142ka-scaled.jpg 1536w, https:\/\/www.amuz.krakow.pl\/wp-content\/uploads\/2020\/03\/Anna-Swoboda-fot.-Pawe\u0142-Pa\u0142ka-768x1024.jpg 768w, https:\/\/www.amuz.krakow.pl\/wp-content\/uploads\/2020\/03\/Anna-Swoboda-fot.-Pawe\u0142-Pa\u0142ka-1152x1536.jpg 1152w\" sizes=\"auto, (max-width: 216px) 100vw, 216px\" \/><\/a><figcaption id=\"caption-attachment-37430\" class=\"wp-caption-text\">photo by Pawe\u0142 Pa\u0142ka<\/figcaption><\/figure><\/p>\n<p style=\"text-align: justify;\">ANNA WIKTORIA SWOBODA \u2013 lutes, theorbo, baroque guitar<\/p>\n<p style=\"text-align: justify;\">Graduated with honours from the Academy of Music in Krak\u00f3w (Poland) and from Hochschule f\u00fcr Musik Trossingen (Germany) with prof. Rolf Lislevand. Her special interests are solo repertoire of the 17th and 18th centuries for baroque lute, including research on Silesian lutenists, as well as miscellaneous chamber music with theorbo and baroque guitar as continuo instruments. Anna Wiktoria is also a literature lover, she has obtained a Bachelor of Arts degree in Comparative Literature at the Jagiellonian University. After finishing music school as a classical guitarist, she started developing the great interest for lute instruments with Anton Birula. She has taken part in master classes and workshops with the leading lute players such as Hopkinson Smith, Jakob Lindberg, Joachim Held, J\u00fcrgen H\u00fcbscher and Evangelina Mascardi. She was awarded the Baden-W\u00fcrttemberg-Stipendium and the V\u00f6ssing-Stiftung. As a performer, she appeared in various European countries on music festivals, for instance Danish Radio Sommerfestival (Copenhagen), Festival Mitte Europa \u2013 Bayern-B\u00f6hmen-Sachsen (Bad Alexandersbad, Germany), Alte Musik Fest (Leipzig, Germany), Bachfest Leipzig, Festival of Early Music in Lviv (Ukraine), Silesian Guitar Autumn, Stary S\u0105cz Early Music Festival, Misteria Paschalia, Kromer Biecz Festival. She was invited to cooperate with numerous ensembles, orchestras and soloists in her country and abroad, with Hochschule der K\u00fcnste Bern and Hochschule f\u00fcr Musik u. Theater Leipzig, as well as with the opera houses in Stuttgart (Wilhelma Theater), Pforzheim, Krak\u00f3w and Warsaw Chamber Opera. She took part in different recordings of early music, among others in: A. Melani\u2019s oratorio \u201cGolia abbattuto\u201d dir. by J. \u017bak, audiovisual recording of the pieces from Gr\u00fcssau manuscripts for the Digital National Library Polona, the Bibliotheca Rudolphina Project and contemporary lute music (\u201cAmoretti\u201d by M. Stachowski, soundtrack for Moli\u00e8re\u2019s \u201cL&#8217;\u00e9cole des femmes\u201d for polish TV dir. by J. Stuhr). Anna Wiktoria is one of the editors in Le Luth Dor\u00e9 Project and teaches lute at the Secondary Music School in Krak\u00f3w and at Academies of Music in Krak\u00f3w and Katowice (Poland).<\/p>\n<p><a href=\"mailto:anna.swoboda@amuz.krakow.pl\">anna.swoboda@amuz.krakow.pl<\/a><\/p>\n<p><a href=\"https:\/\/wiktoriaswoboda.jimdofree.com\/\">https:\/\/wiktoriaswoboda.jimdofree.com\/<\/a><\/p>","protected":false},"excerpt":{"rendered":"<p>ANNA WIKTORIA SWOBODA \u2013 lutes, theorbo, baroque guitar Graduated with honours from the Academy of Music in Krak\u00f3w (Poland) and from Hochschule f\u00fcr Musik Trossingen (Germany) with prof. Rolf Lislevand.&hellip; <a href=\"https:\/\/www.amuz.krakow.pl\/en\/wydzialy\/wydzial-ii-instrumentalny\/katedra-muzyki-dawnej\/pracownicy-katedry\/mgr-anna-swoboda-lutnia\/\">Continue reading<\/a><\/p>\n","protected":false},"author":72,"featured_media":114539,"parent":1801,"menu_order":65,"comment_status":"closed","ping_status":"closed","template":"","meta":{"footnotes":"","_links_to":"","_links_to_target":""},"class_list":["post-32844","page","type-page","status-publish","has-post-thumbnail","hentry"],"yoast_head":"<!-- This site is optimized with the Yoast SEO plugin v27.4 - https:\/\/yoast.com\/product\/yoast-seo-wordpress\/ -->\n<title>AMKP - Akademia Muzyczna im. Krzysztofa Pendereckiego w Krakowie<\/title>\n<meta name=\"robots\" content=\"index, follow, max-snippet:-1, max-image-preview:large, max-video-preview:-1\" \/>\n<link rel=\"canonical\" href=\"https:\/\/www.amuz.krakow.pl\/wydzialy\/wydzial-ii-instrumentalny\/katedra-muzyki-dawnej\/pracownicy-katedry\/mgr-anna-swoboda-lutnia\/\" \/>\n<meta property=\"og:locale\" content=\"en_US\" \/>\n<meta property=\"og:type\" content=\"article\" \/>\n<meta property=\"og:title\" content=\"AMKP - Akademia Muzyczna im. Krzysztofa Pendereckiego w Krakowie\" \/>\n<meta property=\"og:description\" content=\"ANNA WIKTORIA SWOBODA \u2013 lutes, theorbo, baroque guitar Graduated with honours from the Academy of Music in Krak\u00f3w (Poland) and from Hochschule f\u00fcr Musik Trossingen (Germany) with prof. Rolf Lislevand.&hellip; Continue reading\" \/>\n<meta property=\"og:url\" content=\"https:\/\/www.amuz.krakow.pl\/wydzialy\/wydzial-ii-instrumentalny\/katedra-muzyki-dawnej\/pracownicy-katedry\/mgr-anna-swoboda-lutnia\/\" \/>\n<meta property=\"og:site_name\" content=\"Akademia Muzyczna im. Krzysztofa Pendereckiego w Krakowie\" \/>\n<meta property=\"article:publisher\" content=\"https:\/\/www.facebook.com\/amuz.krakow\" \/>\n<meta property=\"article:modified_time\" content=\"2026-02-05T10:37:22+00:00\" \/>\n<meta property=\"og:image\" content=\"https:\/\/www.amuz.krakow.pl\/wp-content\/uploads\/2026\/02\/Anna-Swoboda-fot.-Pawel-Palka-scaled-1.jpg\" \/>\n\t<meta property=\"og:image:width\" content=\"1536\" \/>\n\t<meta property=\"og:image:height\" content=\"768\" \/>\n\t<meta property=\"og:image:type\" content=\"image\/jpeg\" \/>\n<meta name=\"twitter:card\" content=\"summary_large_image\" \/>\n<meta name=\"twitter:label1\" content=\"Est. reading time\" \/>\n\t<meta name=\"twitter:data1\" content=\"3 minutes\" \/>\n<script type=\"application\/ld+json\" class=\"yoast-schema-graph\">{\"@context\":\"https:\\\/\\\/schema.org\",\"@graph\":[{\"@type\":\"WebPage\",\"@id\":\"https:\\\/\\\/www.amuz.krakow.pl\\\/wydzialy\\\/wydzial-ii-instrumentalny\\\/katedra-muzyki-dawnej\\\/pracownicy-katedry\\\/mgr-anna-swoboda-lutnia\\\/\",\"url\":\"https:\\\/\\\/www.amuz.krakow.pl\\\/wydzialy\\\/wydzial-ii-instrumentalny\\\/katedra-muzyki-dawnej\\\/pracownicy-katedry\\\/mgr-anna-swoboda-lutnia\\\/\",\"name\":\"AMKP - Akademia Muzyczna im. Krzysztofa Pendereckiego w Krakowie\",\"isPartOf\":{\"@id\":\"https:\\\/\\\/www.amuz.krakow.pl\\\/#website\"},\"primaryImageOfPage\":{\"@id\":\"https:\\\/\\\/www.amuz.krakow.pl\\\/wydzialy\\\/wydzial-ii-instrumentalny\\\/katedra-muzyki-dawnej\\\/pracownicy-katedry\\\/mgr-anna-swoboda-lutnia\\\/#primaryimage\"},\"image\":{\"@id\":\"https:\\\/\\\/www.amuz.krakow.pl\\\/wydzialy\\\/wydzial-ii-instrumentalny\\\/katedra-muzyki-dawnej\\\/pracownicy-katedry\\\/mgr-anna-swoboda-lutnia\\\/#primaryimage\"},\"thumbnailUrl\":\"https:\\\/\\\/www.amuz.krakow.pl\\\/wp-content\\\/uploads\\\/2026\\\/02\\\/Anna-Swoboda-fot.-Pawel-Palka-scaled-1.jpg\",\"datePublished\":\"2019-10-01T21:11:11+00:00\",\"dateModified\":\"2026-02-05T10:37:22+00:00\",\"breadcrumb\":{\"@id\":\"https:\\\/\\\/www.amuz.krakow.pl\\\/wydzialy\\\/wydzial-ii-instrumentalny\\\/katedra-muzyki-dawnej\\\/pracownicy-katedry\\\/mgr-anna-swoboda-lutnia\\\/#breadcrumb\"},\"inLanguage\":\"en-US\",\"potentialAction\":[{\"@type\":\"ReadAction\",\"target\":[\"https:\\\/\\\/www.amuz.krakow.pl\\\/wydzialy\\\/wydzial-ii-instrumentalny\\\/katedra-muzyki-dawnej\\\/pracownicy-katedry\\\/mgr-anna-swoboda-lutnia\\\/\"]}]},{\"@type\":\"ImageObject\",\"inLanguage\":\"en-US\",\"@id\":\"https:\\\/\\\/www.amuz.krakow.pl\\\/wydzialy\\\/wydzial-ii-instrumentalny\\\/katedra-muzyki-dawnej\\\/pracownicy-katedry\\\/mgr-anna-swoboda-lutnia\\\/#primaryimage\",\"url\":\"https:\\\/\\\/www.amuz.krakow.pl\\\/wp-content\\\/uploads\\\/2026\\\/02\\\/Anna-Swoboda-fot.-Pawel-Palka-scaled-1.jpg\",\"contentUrl\":\"https:\\\/\\\/www.amuz.krakow.pl\\\/wp-content\\\/uploads\\\/2026\\\/02\\\/Anna-Swoboda-fot.-Pawel-Palka-scaled-1.jpg\",\"width\":1536,\"height\":768},{\"@type\":\"BreadcrumbList\",\"@id\":\"https:\\\/\\\/www.amuz.krakow.pl\\\/wydzialy\\\/wydzial-ii-instrumentalny\\\/katedra-muzyki-dawnej\\\/pracownicy-katedry\\\/mgr-anna-swoboda-lutnia\\\/#breadcrumb\",\"itemListElement\":[{\"@type\":\"ListItem\",\"position\":1,\"name\":\"Strona g\u0142\u00f3wna\",\"item\":\"https:\\\/\\\/www.amuz.krakow.pl\\\/\"},{\"@type\":\"ListItem\",\"position\":2,\"name\":\"WYDZIA\u0141Y\",\"item\":\"https:\\\/\\\/www.amuz.krakow.pl\\\/wydzialy\\\/\"},{\"@type\":\"ListItem\",\"position\":3,\"name\":\"Wydzia\u0142 Instrumentalny\",\"item\":\"https:\\\/\\\/www.amuz.krakow.pl\\\/wydzialy\\\/wydzial-ii-instrumentalny\\\/\"},{\"@type\":\"ListItem\",\"position\":4,\"name\":\"Katedra Muzyki Dawnej\",\"item\":\"https:\\\/\\\/www.amuz.krakow.pl\\\/wydzialy\\\/wydzial-ii-instrumentalny\\\/katedra-muzyki-dawnej\\\/\"},{\"@type\":\"ListItem\",\"position\":5,\"name\":\"Pracownicy Katedry\",\"item\":\"https:\\\/\\\/www.amuz.krakow.pl\\\/wydzialy\\\/wydzial-ii-instrumentalny\\\/katedra-muzyki-dawnej\\\/pracownicy-katedry\\\/\"},{\"@type\":\"ListItem\",\"position\":6,\"name\":\"dr Anna Swoboda\"}]},{\"@type\":\"WebSite\",\"@id\":\"https:\\\/\\\/www.amuz.krakow.pl\\\/#website\",\"url\":\"https:\\\/\\\/www.amuz.krakow.pl\\\/\",\"name\":\"Akademia Muzyczna im. Krzysztofa Pendereckiego w Krakowie\",\"description\":\"Oficjalna strona Akademii Muzycznej im. Krzysztofa Pendereckiego w Krakowie (AMKP).\",\"publisher\":{\"@id\":\"https:\\\/\\\/www.amuz.krakow.pl\\\/#organization\"},\"alternateName\":\"AMKP\",\"potentialAction\":[{\"@type\":\"SearchAction\",\"target\":{\"@type\":\"EntryPoint\",\"urlTemplate\":\"https:\\\/\\\/www.amuz.krakow.pl\\\/?s={search_term_string}\"},\"query-input\":{\"@type\":\"PropertyValueSpecification\",\"valueRequired\":true,\"valueName\":\"search_term_string\"}}],\"inLanguage\":\"en-US\"},{\"@type\":\"Organization\",\"@id\":\"https:\\\/\\\/www.amuz.krakow.pl\\\/#organization\",\"name\":\"Akademia Muzyczna im. Krzysztofa Pendereckiego w Krakowie\",\"alternateName\":\"AMKP\",\"url\":\"https:\\\/\\\/www.amuz.krakow.pl\\\/\",\"logo\":{\"@type\":\"ImageObject\",\"inLanguage\":\"en-US\",\"@id\":\"https:\\\/\\\/www.amuz.krakow.pl\\\/#\\\/schema\\\/logo\\\/image\\\/\",\"url\":\"https:\\\/\\\/www.amuz.krakow.pl\\\/wp-content\\\/uploads\\\/2021\\\/11\\\/amkp.jpg\",\"contentUrl\":\"https:\\\/\\\/www.amuz.krakow.pl\\\/wp-content\\\/uploads\\\/2021\\\/11\\\/amkp.jpg\",\"width\":1193,\"height\":591,\"caption\":\"Akademia Muzyczna im. Krzysztofa Pendereckiego w Krakowie\"},\"image\":{\"@id\":\"https:\\\/\\\/www.amuz.krakow.pl\\\/#\\\/schema\\\/logo\\\/image\\\/\"},\"sameAs\":[\"https:\\\/\\\/www.facebook.com\\\/amuz.krakow\",\"https:\\\/\\\/www.instagram.com\\\/amkpenderecki\\\/\",\"https:\\\/\\\/www.youtube.com\\\/@amkpenderecki4806\"]}]}<\/script>\n<!-- \/ Yoast SEO plugin. -->","yoast_head_json":{"title":"AMKP - Akademia Muzyczna im. Krzysztofa Pendereckiego w Krakowie","robots":{"index":"index","follow":"follow","max-snippet":"max-snippet:-1","max-image-preview":"max-image-preview:large","max-video-preview":"max-video-preview:-1"},"canonical":"https:\/\/www.amuz.krakow.pl\/wydzialy\/wydzial-ii-instrumentalny\/katedra-muzyki-dawnej\/pracownicy-katedry\/mgr-anna-swoboda-lutnia\/","og_locale":"en_US","og_type":"article","og_title":"AMKP - Akademia Muzyczna im. Krzysztofa Pendereckiego w Krakowie","og_description":"ANNA WIKTORIA SWOBODA \u2013 lutes, theorbo, baroque guitar Graduated with honours from the Academy of Music in Krak\u00f3w (Poland) and from Hochschule f\u00fcr Musik Trossingen (Germany) with prof. Rolf Lislevand.&hellip; Continue reading","og_url":"https:\/\/www.amuz.krakow.pl\/wydzialy\/wydzial-ii-instrumentalny\/katedra-muzyki-dawnej\/pracownicy-katedry\/mgr-anna-swoboda-lutnia\/","og_site_name":"Akademia Muzyczna im. Krzysztofa Pendereckiego w Krakowie","article_publisher":"https:\/\/www.facebook.com\/amuz.krakow","article_modified_time":"2026-02-05T10:37:22+00:00","og_image":[{"width":1536,"height":768,"url":"https:\/\/www.amuz.krakow.pl\/wp-content\/uploads\/2026\/02\/Anna-Swoboda-fot.-Pawel-Palka-scaled-1.jpg","type":"image\/jpeg"}],"twitter_card":"summary_large_image","twitter_misc":{"Est. reading time":"3 minutes"},"schema":{"@context":"https:\/\/schema.org","@graph":[{"@type":"WebPage","@id":"https:\/\/www.amuz.krakow.pl\/wydzialy\/wydzial-ii-instrumentalny\/katedra-muzyki-dawnej\/pracownicy-katedry\/mgr-anna-swoboda-lutnia\/","url":"https:\/\/www.amuz.krakow.pl\/wydzialy\/wydzial-ii-instrumentalny\/katedra-muzyki-dawnej\/pracownicy-katedry\/mgr-anna-swoboda-lutnia\/","name":"AMKP - Akademia Muzyczna im. Krzysztofa Pendereckiego w Krakowie","isPartOf":{"@id":"https:\/\/www.amuz.krakow.pl\/#website"},"primaryImageOfPage":{"@id":"https:\/\/www.amuz.krakow.pl\/wydzialy\/wydzial-ii-instrumentalny\/katedra-muzyki-dawnej\/pracownicy-katedry\/mgr-anna-swoboda-lutnia\/#primaryimage"},"image":{"@id":"https:\/\/www.amuz.krakow.pl\/wydzialy\/wydzial-ii-instrumentalny\/katedra-muzyki-dawnej\/pracownicy-katedry\/mgr-anna-swoboda-lutnia\/#primaryimage"},"thumbnailUrl":"https:\/\/www.amuz.krakow.pl\/wp-content\/uploads\/2026\/02\/Anna-Swoboda-fot.-Pawel-Palka-scaled-1.jpg","datePublished":"2019-10-01T21:11:11+00:00","dateModified":"2026-02-05T10:37:22+00:00","breadcrumb":{"@id":"https:\/\/www.amuz.krakow.pl\/wydzialy\/wydzial-ii-instrumentalny\/katedra-muzyki-dawnej\/pracownicy-katedry\/mgr-anna-swoboda-lutnia\/#breadcrumb"},"inLanguage":"en-US","potentialAction":[{"@type":"ReadAction","target":["https:\/\/www.amuz.krakow.pl\/wydzialy\/wydzial-ii-instrumentalny\/katedra-muzyki-dawnej\/pracownicy-katedry\/mgr-anna-swoboda-lutnia\/"]}]},{"@type":"ImageObject","inLanguage":"en-US","@id":"https:\/\/www.amuz.krakow.pl\/wydzialy\/wydzial-ii-instrumentalny\/katedra-muzyki-dawnej\/pracownicy-katedry\/mgr-anna-swoboda-lutnia\/#primaryimage","url":"https:\/\/www.amuz.krakow.pl\/wp-content\/uploads\/2026\/02\/Anna-Swoboda-fot.-Pawel-Palka-scaled-1.jpg","contentUrl":"https:\/\/www.amuz.krakow.pl\/wp-content\/uploads\/2026\/02\/Anna-Swoboda-fot.-Pawel-Palka-scaled-1.jpg","width":1536,"height":768},{"@type":"BreadcrumbList","@id":"https:\/\/www.amuz.krakow.pl\/wydzialy\/wydzial-ii-instrumentalny\/katedra-muzyki-dawnej\/pracownicy-katedry\/mgr-anna-swoboda-lutnia\/#breadcrumb","itemListElement":[{"@type":"ListItem","position":1,"name":"Strona g\u0142\u00f3wna","item":"https:\/\/www.amuz.krakow.pl\/"},{"@type":"ListItem","position":2,"name":"WYDZIA\u0141Y","item":"https:\/\/www.amuz.krakow.pl\/wydzialy\/"},{"@type":"ListItem","position":3,"name":"Wydzia\u0142 Instrumentalny","item":"https:\/\/www.amuz.krakow.pl\/wydzialy\/wydzial-ii-instrumentalny\/"},{"@type":"ListItem","position":4,"name":"Katedra Muzyki Dawnej","item":"https:\/\/www.amuz.krakow.pl\/wydzialy\/wydzial-ii-instrumentalny\/katedra-muzyki-dawnej\/"},{"@type":"ListItem","position":5,"name":"Pracownicy Katedry","item":"https:\/\/www.amuz.krakow.pl\/wydzialy\/wydzial-ii-instrumentalny\/katedra-muzyki-dawnej\/pracownicy-katedry\/"},{"@type":"ListItem","position":6,"name":"dr Anna Swoboda"}]},{"@type":"WebSite","@id":"https:\/\/www.amuz.krakow.pl\/#website","url":"https:\/\/www.amuz.krakow.pl\/","name":"Akademia Muzyczna im. Krzysztofa Pendereckiego w Krakowie","description":"Oficjalna strona Akademii Muzycznej im. Krzysztofa Pendereckiego w Krakowie (AMKP).","publisher":{"@id":"https:\/\/www.amuz.krakow.pl\/#organization"},"alternateName":"AMKP","potentialAction":[{"@type":"SearchAction","target":{"@type":"EntryPoint","urlTemplate":"https:\/\/www.amuz.krakow.pl\/?s={search_term_string}"},"query-input":{"@type":"PropertyValueSpecification","valueRequired":true,"valueName":"search_term_string"}}],"inLanguage":"en-US"},{"@type":"Organization","@id":"https:\/\/www.amuz.krakow.pl\/#organization","name":"Akademia Muzyczna im. Krzysztofa Pendereckiego w Krakowie","alternateName":"AMKP","url":"https:\/\/www.amuz.krakow.pl\/","logo":{"@type":"ImageObject","inLanguage":"en-US","@id":"https:\/\/www.amuz.krakow.pl\/#\/schema\/logo\/image\/","url":"https:\/\/www.amuz.krakow.pl\/wp-content\/uploads\/2021\/11\/amkp.jpg","contentUrl":"https:\/\/www.amuz.krakow.pl\/wp-content\/uploads\/2021\/11\/amkp.jpg","width":1193,"height":591,"caption":"Akademia Muzyczna im. Krzysztofa Pendereckiego w Krakowie"},"image":{"@id":"https:\/\/www.amuz.krakow.pl\/#\/schema\/logo\/image\/"},"sameAs":["https:\/\/www.facebook.com\/amuz.krakow","https:\/\/www.instagram.com\/amkpenderecki\/","https:\/\/www.youtube.com\/@amkpenderecki4806"]}]}},"_links":{"self":[{"href":"https:\/\/www.amuz.krakow.pl\/en\/wp-json\/wp\/v2\/pages\/32844","targetHints":{"allow":["GET"]}}],"collection":[{"href":"https:\/\/www.amuz.krakow.pl\/en\/wp-json\/wp\/v2\/pages"}],"about":[{"href":"https:\/\/www.amuz.krakow.pl\/en\/wp-json\/wp\/v2\/types\/page"}],"author":[{"embeddable":true,"href":"https:\/\/www.amuz.krakow.pl\/en\/wp-json\/wp\/v2\/users\/72"}],"replies":[{"embeddable":true,"href":"https:\/\/www.amuz.krakow.pl\/en\/wp-json\/wp\/v2\/comments?post=32844"}],"version-history":[{"count":8,"href":"https:\/\/www.amuz.krakow.pl\/en\/wp-json\/wp\/v2\/pages\/32844\/revisions"}],"predecessor-version":[{"id":114540,"href":"https:\/\/www.amuz.krakow.pl\/en\/wp-json\/wp\/v2\/pages\/32844\/revisions\/114540"}],"up":[{"embeddable":true,"href":"https:\/\/www.amuz.krakow.pl\/en\/wp-json\/wp\/v2\/pages\/1801"}],"wp:featuredmedia":[{"embeddable":true,"href":"https:\/\/www.amuz.krakow.pl\/en\/wp-json\/wp\/v2\/media\/114539"}],"wp:attachment":[{"href":"https:\/\/www.amuz.krakow.pl\/en\/wp-json\/wp\/v2\/media?parent=32844"}],"curies":[{"name":"wp","href":"https:\/\/api.w.org\/{rel}","templated":true}]}}