{"id":3257,"date":"2016-02-20T21:09:49","date_gmt":"2016-02-20T20:09:49","guid":{"rendered":"http:\/\/strony.amuz.krakow.pl\/?page_id=3257"},"modified":"2024-10-09T15:22:21","modified_gmt":"2024-10-09T13:22:21","slug":"dr-hab-maciej-gallas","status":"publish","type":"page","link":"https:\/\/www.amuz.krakow.pl\/en\/wydzialy\/wydzial-iii-wokalno-aktorski\/katedra-wokalistyki\/pracownicy-katedry\/dr-hab-maciej-gallas\/","title":{"rendered":"prof. dr hab. Maciej Gallas"},"content":{"rendered":"<p><\/p>\n<p style=\"text-align: justify;\"><a href=\"https:\/\/www.amuz.krakow.pl\/wp-content\/uploads\/2018\/04\/image1.jpeg\"><img loading=\"lazy\" decoding=\"async\" class=\"wp-image-23572 alignleft\" src=\"https:\/\/www.amuz.krakow.pl\/wp-content\/uploads\/2018\/04\/image1.jpeg\" alt=\"\" width=\"187\" height=\"280\" srcset=\"https:\/\/www.amuz.krakow.pl\/wp-content\/uploads\/2018\/04\/image1.jpeg 1367w, https:\/\/www.amuz.krakow.pl\/wp-content\/uploads\/2018\/04\/image1-200x300.jpeg 200w, https:\/\/www.amuz.krakow.pl\/wp-content\/uploads\/2018\/04\/image1-768x1150.jpeg 768w\" sizes=\"auto, (max-width: 187px) 100vw, 187px\" \/><\/a><\/p>\n<p class=\"\" style=\"text-align: justify;\"><span class=\"\">Maciej Gallas\u00a0\u2013 tenor, graduated from the Music Academy in Krak\u00f3w (1998) from professor Christian Elssner and professor Adam Szybowski\u2019s class. He perfected his abilities during voice courses nationally as well as abroad, amongst others with Hanno Blaschke in Munich.\u00a0<\/span><\/p>\n<p class=\"\" style=\"text-align: justify;\"><span class=\"\">\u00a0\u00a0\u00a0Since 1994 he leads a live activity, performing oratorio- cantata works as well as recitals of vocal works. In 1997 he had his debut on the opera stage, performing the part of Tamino in The Magic Flute by W. A. Mozart at Krak\u00f3w\u2019s Opera. His repertoire has a special place for baroque works, performed with the accompaniment of ensembles playing on historical instruments, as well as symphonic and chamber orchestras. He has worked with such ensembles as the Concerto Polacco (Warsaw), Arte Dei Suonatori (Pozna\u0144), Cappella Cracoviensis (Krak\u00f3w), Camerata Silesia (Katowice) as well as various philharmonic orchestras including those from Bia\u0142ystok, Cz\u0119stochowa, Katowice, Krak\u00f3w, Opole, Rzesz\u00f3w, Wa\u0142brzych, Zabrze. He took part in international festivals like Wratislavia Cantans, Muzyka w Starym Krakowie, Jan Kiepura\u2019s Festival in Krynica, and the Old Music Festival in Krak\u00f3w. He did numerous album, tv and radio recordings (amongst them one for the 2nd platform of Polskie Radio).\u00a0<\/span><\/p>\n<p class=\"\" style=\"text-align: justify;\"><span class=\"\">Between 2001 and 2002 he worked with Krak\u00f3w\u2019s Opera, taking part in various performances: Pagliacci by R. Leoncavallo, Mozart and Salieri by M. Rimsky-Korsakov, Le Tor\u00e9ador by A. Adam.<\/span><\/p>\n<p class=\"\" style=\"text-align: justify;\"><span class=\"\">Since 2004 he\u2019s a soloist at the Chamber Opera in Krak\u00f3w, in which\u2019s establishement he took part and performed at its premiere by singing the part of Ernesto in Don Pasquale by G. Donizetti.<\/span><\/p>\n<p class=\"\" style=\"text-align: justify;\"><span class=\"\">In 2008 he had his debut in \u015al\u0105sk\u2019s Opera, taking part in the performance of Carmina Burana by C. Orff.<\/span><\/p>\n<p class=\"\" style=\"text-align: justify;\"><span class=\"\">Since 2004 he has been teaching: he leads the class of solo singing in G. Fitelberg\u2019s Musich School in Chorz\u00f3w and in W. \u017bele\u0144ski\u2019s Music School in Krak\u00f3w. Amongst his pupils there are laureates of many competitions.<\/span><\/p>\n<p class=\"\" style=\"text-align: justify;\"><span class=\"\">He is also a lecturer at the Music Department of Rzesz\u00f3w\u2019s University and the Voice and Acting Department of the Music Academy in Krak\u00f3w. In 2014 he received his posto-doctoral degree in music arts in the discipline of vocal arts at K. Szymanowski\u2019s Music Academy in Katowice.<\/span><\/p>\n<p><a href=\"mailto:maciej.gallas@amuz.krakow.pl\">maciej.gallas@amuz.krakow.pl<\/a><\/p>\n<p>&nbsp;<\/p>\n<p style=\"text-align: center;\"><a href=\"http:\/\/www.gallas.pl\/\">www.gallas.pl<\/a><\/p>\n<p><\/p>","protected":false},"excerpt":{"rendered":"<p>Maciej Gallas\u00a0\u2013 tenor, graduated from the Music Academy in Krak\u00f3w (1998) from professor Christian Elssner and professor Adam Szybowski\u2019s class. He perfected his abilities during voice courses nationally as well&hellip; <a href=\"https:\/\/www.amuz.krakow.pl\/en\/wydzialy\/wydzial-iii-wokalno-aktorski\/katedra-wokalistyki\/pracownicy-katedry\/dr-hab-maciej-gallas\/\">Continue reading<\/a><\/p>\n","protected":false},"author":72,"featured_media":0,"parent":3238,"menu_order":4,"comment_status":"closed","ping_status":"closed","template":"","meta":{"footnotes":"","_links_to":"","_links_to_target":""},"class_list":["post-3257","page","type-page","status-publish","hentry"],"yoast_head":"<!-- This site is optimized with the Yoast SEO plugin v27.2 - https:\/\/yoast.com\/product\/yoast-seo-wordpress\/ -->\n<title>AMKP - Akademia Muzyczna im. Krzysztofa Pendereckiego w Krakowie<\/title>\n<meta name=\"robots\" content=\"index, follow, max-snippet:-1, max-image-preview:large, max-video-preview:-1\" \/>\n<link rel=\"canonical\" href=\"https:\/\/www.amuz.krakow.pl\/wydzialy\/wydzial-iii-wokalno-aktorski\/katedra-wokalistyki\/pracownicy-katedry\/dr-hab-maciej-gallas\/\" \/>\n<meta property=\"og:locale\" content=\"en_US\" \/>\n<meta property=\"og:type\" content=\"article\" \/>\n<meta property=\"og:title\" content=\"AMKP - Akademia Muzyczna im. Krzysztofa Pendereckiego w Krakowie\" \/>\n<meta property=\"og:description\" content=\"Maciej Gallas\u00a0\u2013 tenor, graduated from the Music Academy in Krak\u00f3w (1998) from professor Christian Elssner and professor Adam Szybowski\u2019s class. He perfected his abilities during voice courses nationally as well&hellip; Continue reading\" \/>\n<meta property=\"og:url\" content=\"https:\/\/www.amuz.krakow.pl\/wydzialy\/wydzial-iii-wokalno-aktorski\/katedra-wokalistyki\/pracownicy-katedry\/dr-hab-maciej-gallas\/\" \/>\n<meta property=\"og:site_name\" content=\"Akademia Muzyczna im. Krzysztofa Pendereckiego w Krakowie\" \/>\n<meta property=\"article:publisher\" content=\"https:\/\/www.facebook.com\/amuz.krakow\" \/>\n<meta property=\"article:modified_time\" content=\"2024-10-09T13:22:21+00:00\" \/>\n<meta property=\"og:image\" content=\"https:\/\/www.amuz.krakow.pl\/wp-content\/uploads\/2018\/04\/image1.jpeg\" \/>\n<meta name=\"twitter:card\" content=\"summary_large_image\" \/>\n<meta name=\"twitter:label1\" content=\"Est. reading time\" \/>\n\t<meta name=\"twitter:data1\" content=\"3 minutes\" \/>\n<script type=\"application\/ld+json\" class=\"yoast-schema-graph\">{\"@context\":\"https:\/\/schema.org\",\"@graph\":[{\"@type\":\"WebPage\",\"@id\":\"https:\/\/www.amuz.krakow.pl\/wydzialy\/wydzial-iii-wokalno-aktorski\/katedra-wokalistyki\/pracownicy-katedry\/dr-hab-maciej-gallas\/\",\"url\":\"https:\/\/www.amuz.krakow.pl\/wydzialy\/wydzial-iii-wokalno-aktorski\/katedra-wokalistyki\/pracownicy-katedry\/dr-hab-maciej-gallas\/\",\"name\":\"AMKP - Akademia Muzyczna im. Krzysztofa Pendereckiego w Krakowie\",\"isPartOf\":{\"@id\":\"https:\/\/www.amuz.krakow.pl\/#website\"},\"primaryImageOfPage\":{\"@id\":\"https:\/\/www.amuz.krakow.pl\/wydzialy\/wydzial-iii-wokalno-aktorski\/katedra-wokalistyki\/pracownicy-katedry\/dr-hab-maciej-gallas\/#primaryimage\"},\"image\":{\"@id\":\"https:\/\/www.amuz.krakow.pl\/wydzialy\/wydzial-iii-wokalno-aktorski\/katedra-wokalistyki\/pracownicy-katedry\/dr-hab-maciej-gallas\/#primaryimage\"},\"thumbnailUrl\":\"https:\/\/www.amuz.krakow.pl\/wp-content\/uploads\/2018\/04\/image1.jpeg\",\"datePublished\":\"2016-02-20T20:09:49+00:00\",\"dateModified\":\"2024-10-09T13:22:21+00:00\",\"breadcrumb\":{\"@id\":\"https:\/\/www.amuz.krakow.pl\/wydzialy\/wydzial-iii-wokalno-aktorski\/katedra-wokalistyki\/pracownicy-katedry\/dr-hab-maciej-gallas\/#breadcrumb\"},\"inLanguage\":\"en-US\",\"potentialAction\":[{\"@type\":\"ReadAction\",\"target\":[\"https:\/\/www.amuz.krakow.pl\/wydzialy\/wydzial-iii-wokalno-aktorski\/katedra-wokalistyki\/pracownicy-katedry\/dr-hab-maciej-gallas\/\"]}]},{\"@type\":\"ImageObject\",\"inLanguage\":\"en-US\",\"@id\":\"https:\/\/www.amuz.krakow.pl\/wydzialy\/wydzial-iii-wokalno-aktorski\/katedra-wokalistyki\/pracownicy-katedry\/dr-hab-maciej-gallas\/#primaryimage\",\"url\":\"https:\/\/www.amuz.krakow.pl\/wp-content\/uploads\/2018\/04\/image1.jpeg\",\"contentUrl\":\"https:\/\/www.amuz.krakow.pl\/wp-content\/uploads\/2018\/04\/image1.jpeg\"},{\"@type\":\"BreadcrumbList\",\"@id\":\"https:\/\/www.amuz.krakow.pl\/wydzialy\/wydzial-iii-wokalno-aktorski\/katedra-wokalistyki\/pracownicy-katedry\/dr-hab-maciej-gallas\/#breadcrumb\",\"itemListElement\":[{\"@type\":\"ListItem\",\"position\":1,\"name\":\"Strona g\u0142\u00f3wna\",\"item\":\"https:\/\/www.amuz.krakow.pl\/\"},{\"@type\":\"ListItem\",\"position\":2,\"name\":\"WYDZIA\u0141Y\",\"item\":\"https:\/\/www.amuz.krakow.pl\/wydzialy\/\"},{\"@type\":\"ListItem\",\"position\":3,\"name\":\"Wydzia\u0142 Wokalno-Aktorski\",\"item\":\"https:\/\/www.amuz.krakow.pl\/wydzialy\/wydzial-iii-wokalno-aktorski\/\"},{\"@type\":\"ListItem\",\"position\":4,\"name\":\"Katedra Wokalistyki\",\"item\":\"https:\/\/www.amuz.krakow.pl\/wydzialy\/wydzial-iii-wokalno-aktorski\/katedra-wokalistyki\/\"},{\"@type\":\"ListItem\",\"position\":5,\"name\":\"Pracownicy Katedry\",\"item\":\"https:\/\/www.amuz.krakow.pl\/wydzialy\/wydzial-iii-wokalno-aktorski\/katedra-wokalistyki\/pracownicy-katedry\/\"},{\"@type\":\"ListItem\",\"position\":6,\"name\":\"prof. dr hab. Maciej Gallas\"}]},{\"@type\":\"WebSite\",\"@id\":\"https:\/\/www.amuz.krakow.pl\/#website\",\"url\":\"https:\/\/www.amuz.krakow.pl\/\",\"name\":\"Akademia Muzyczna im. Krzysztofa Pendereckiego w Krakowie\",\"description\":\"Oficjalna strona Akademii Muzycznej im. Krzysztofa Pendereckiego w Krakowie (AMKP).\",\"publisher\":{\"@id\":\"https:\/\/www.amuz.krakow.pl\/#organization\"},\"alternateName\":\"AMKP\",\"potentialAction\":[{\"@type\":\"SearchAction\",\"target\":{\"@type\":\"EntryPoint\",\"urlTemplate\":\"https:\/\/www.amuz.krakow.pl\/?s={search_term_string}\"},\"query-input\":{\"@type\":\"PropertyValueSpecification\",\"valueRequired\":true,\"valueName\":\"search_term_string\"}}],\"inLanguage\":\"en-US\"},{\"@type\":\"Organization\",\"@id\":\"https:\/\/www.amuz.krakow.pl\/#organization\",\"name\":\"Akademia Muzyczna im. Krzysztofa Pendereckiego w Krakowie\",\"alternateName\":\"AMKP\",\"url\":\"https:\/\/www.amuz.krakow.pl\/\",\"logo\":{\"@type\":\"ImageObject\",\"inLanguage\":\"en-US\",\"@id\":\"https:\/\/www.amuz.krakow.pl\/#\/schema\/logo\/image\/\",\"url\":\"https:\/\/www.amuz.krakow.pl\/wp-content\/uploads\/2021\/11\/amkp.jpg\",\"contentUrl\":\"https:\/\/www.amuz.krakow.pl\/wp-content\/uploads\/2021\/11\/amkp.jpg\",\"width\":1193,\"height\":591,\"caption\":\"Akademia Muzyczna im. Krzysztofa Pendereckiego w Krakowie\"},\"image\":{\"@id\":\"https:\/\/www.amuz.krakow.pl\/#\/schema\/logo\/image\/\"},\"sameAs\":[\"https:\/\/www.facebook.com\/amuz.krakow\",\"https:\/\/www.instagram.com\/amkpenderecki\/\",\"https:\/\/www.youtube.com\/@amkpenderecki4806\"]}]}<\/script>\n<!-- \/ Yoast SEO plugin. -->","yoast_head_json":{"title":"AMKP - Akademia Muzyczna im. Krzysztofa Pendereckiego w Krakowie","robots":{"index":"index","follow":"follow","max-snippet":"max-snippet:-1","max-image-preview":"max-image-preview:large","max-video-preview":"max-video-preview:-1"},"canonical":"https:\/\/www.amuz.krakow.pl\/wydzialy\/wydzial-iii-wokalno-aktorski\/katedra-wokalistyki\/pracownicy-katedry\/dr-hab-maciej-gallas\/","og_locale":"en_US","og_type":"article","og_title":"AMKP - Akademia Muzyczna im. Krzysztofa Pendereckiego w Krakowie","og_description":"Maciej Gallas\u00a0\u2013 tenor, graduated from the Music Academy in Krak\u00f3w (1998) from professor Christian Elssner and professor Adam Szybowski\u2019s class. He perfected his abilities during voice courses nationally as well&hellip; Continue reading","og_url":"https:\/\/www.amuz.krakow.pl\/wydzialy\/wydzial-iii-wokalno-aktorski\/katedra-wokalistyki\/pracownicy-katedry\/dr-hab-maciej-gallas\/","og_site_name":"Akademia Muzyczna im. Krzysztofa Pendereckiego w Krakowie","article_publisher":"https:\/\/www.facebook.com\/amuz.krakow","article_modified_time":"2024-10-09T13:22:21+00:00","og_image":[{"url":"https:\/\/www.amuz.krakow.pl\/wp-content\/uploads\/2018\/04\/image1.jpeg","type":"","width":"","height":""}],"twitter_card":"summary_large_image","twitter_misc":{"Est. reading time":"3 minutes"},"schema":{"@context":"https:\/\/schema.org","@graph":[{"@type":"WebPage","@id":"https:\/\/www.amuz.krakow.pl\/wydzialy\/wydzial-iii-wokalno-aktorski\/katedra-wokalistyki\/pracownicy-katedry\/dr-hab-maciej-gallas\/","url":"https:\/\/www.amuz.krakow.pl\/wydzialy\/wydzial-iii-wokalno-aktorski\/katedra-wokalistyki\/pracownicy-katedry\/dr-hab-maciej-gallas\/","name":"AMKP - Akademia Muzyczna im. Krzysztofa Pendereckiego w Krakowie","isPartOf":{"@id":"https:\/\/www.amuz.krakow.pl\/#website"},"primaryImageOfPage":{"@id":"https:\/\/www.amuz.krakow.pl\/wydzialy\/wydzial-iii-wokalno-aktorski\/katedra-wokalistyki\/pracownicy-katedry\/dr-hab-maciej-gallas\/#primaryimage"},"image":{"@id":"https:\/\/www.amuz.krakow.pl\/wydzialy\/wydzial-iii-wokalno-aktorski\/katedra-wokalistyki\/pracownicy-katedry\/dr-hab-maciej-gallas\/#primaryimage"},"thumbnailUrl":"https:\/\/www.amuz.krakow.pl\/wp-content\/uploads\/2018\/04\/image1.jpeg","datePublished":"2016-02-20T20:09:49+00:00","dateModified":"2024-10-09T13:22:21+00:00","breadcrumb":{"@id":"https:\/\/www.amuz.krakow.pl\/wydzialy\/wydzial-iii-wokalno-aktorski\/katedra-wokalistyki\/pracownicy-katedry\/dr-hab-maciej-gallas\/#breadcrumb"},"inLanguage":"en-US","potentialAction":[{"@type":"ReadAction","target":["https:\/\/www.amuz.krakow.pl\/wydzialy\/wydzial-iii-wokalno-aktorski\/katedra-wokalistyki\/pracownicy-katedry\/dr-hab-maciej-gallas\/"]}]},{"@type":"ImageObject","inLanguage":"en-US","@id":"https:\/\/www.amuz.krakow.pl\/wydzialy\/wydzial-iii-wokalno-aktorski\/katedra-wokalistyki\/pracownicy-katedry\/dr-hab-maciej-gallas\/#primaryimage","url":"https:\/\/www.amuz.krakow.pl\/wp-content\/uploads\/2018\/04\/image1.jpeg","contentUrl":"https:\/\/www.amuz.krakow.pl\/wp-content\/uploads\/2018\/04\/image1.jpeg"},{"@type":"BreadcrumbList","@id":"https:\/\/www.amuz.krakow.pl\/wydzialy\/wydzial-iii-wokalno-aktorski\/katedra-wokalistyki\/pracownicy-katedry\/dr-hab-maciej-gallas\/#breadcrumb","itemListElement":[{"@type":"ListItem","position":1,"name":"Strona g\u0142\u00f3wna","item":"https:\/\/www.amuz.krakow.pl\/"},{"@type":"ListItem","position":2,"name":"WYDZIA\u0141Y","item":"https:\/\/www.amuz.krakow.pl\/wydzialy\/"},{"@type":"ListItem","position":3,"name":"Wydzia\u0142 Wokalno-Aktorski","item":"https:\/\/www.amuz.krakow.pl\/wydzialy\/wydzial-iii-wokalno-aktorski\/"},{"@type":"ListItem","position":4,"name":"Katedra Wokalistyki","item":"https:\/\/www.amuz.krakow.pl\/wydzialy\/wydzial-iii-wokalno-aktorski\/katedra-wokalistyki\/"},{"@type":"ListItem","position":5,"name":"Pracownicy Katedry","item":"https:\/\/www.amuz.krakow.pl\/wydzialy\/wydzial-iii-wokalno-aktorski\/katedra-wokalistyki\/pracownicy-katedry\/"},{"@type":"ListItem","position":6,"name":"prof. dr hab. Maciej Gallas"}]},{"@type":"WebSite","@id":"https:\/\/www.amuz.krakow.pl\/#website","url":"https:\/\/www.amuz.krakow.pl\/","name":"Akademia Muzyczna im. Krzysztofa Pendereckiego w Krakowie","description":"Oficjalna strona Akademii Muzycznej im. Krzysztofa Pendereckiego w Krakowie (AMKP).","publisher":{"@id":"https:\/\/www.amuz.krakow.pl\/#organization"},"alternateName":"AMKP","potentialAction":[{"@type":"SearchAction","target":{"@type":"EntryPoint","urlTemplate":"https:\/\/www.amuz.krakow.pl\/?s={search_term_string}"},"query-input":{"@type":"PropertyValueSpecification","valueRequired":true,"valueName":"search_term_string"}}],"inLanguage":"en-US"},{"@type":"Organization","@id":"https:\/\/www.amuz.krakow.pl\/#organization","name":"Akademia Muzyczna im. Krzysztofa Pendereckiego w Krakowie","alternateName":"AMKP","url":"https:\/\/www.amuz.krakow.pl\/","logo":{"@type":"ImageObject","inLanguage":"en-US","@id":"https:\/\/www.amuz.krakow.pl\/#\/schema\/logo\/image\/","url":"https:\/\/www.amuz.krakow.pl\/wp-content\/uploads\/2021\/11\/amkp.jpg","contentUrl":"https:\/\/www.amuz.krakow.pl\/wp-content\/uploads\/2021\/11\/amkp.jpg","width":1193,"height":591,"caption":"Akademia Muzyczna im. Krzysztofa Pendereckiego w Krakowie"},"image":{"@id":"https:\/\/www.amuz.krakow.pl\/#\/schema\/logo\/image\/"},"sameAs":["https:\/\/www.facebook.com\/amuz.krakow","https:\/\/www.instagram.com\/amkpenderecki\/","https:\/\/www.youtube.com\/@amkpenderecki4806"]}]}},"_links":{"self":[{"href":"https:\/\/www.amuz.krakow.pl\/en\/wp-json\/wp\/v2\/pages\/3257","targetHints":{"allow":["GET"]}}],"collection":[{"href":"https:\/\/www.amuz.krakow.pl\/en\/wp-json\/wp\/v2\/pages"}],"about":[{"href":"https:\/\/www.amuz.krakow.pl\/en\/wp-json\/wp\/v2\/types\/page"}],"author":[{"embeddable":true,"href":"https:\/\/www.amuz.krakow.pl\/en\/wp-json\/wp\/v2\/users\/72"}],"replies":[{"embeddable":true,"href":"https:\/\/www.amuz.krakow.pl\/en\/wp-json\/wp\/v2\/comments?post=3257"}],"version-history":[{"count":15,"href":"https:\/\/www.amuz.krakow.pl\/en\/wp-json\/wp\/v2\/pages\/3257\/revisions"}],"predecessor-version":[{"id":72024,"href":"https:\/\/www.amuz.krakow.pl\/en\/wp-json\/wp\/v2\/pages\/3257\/revisions\/72024"}],"up":[{"embeddable":true,"href":"https:\/\/www.amuz.krakow.pl\/en\/wp-json\/wp\/v2\/pages\/3238"}],"wp:attachment":[{"href":"https:\/\/www.amuz.krakow.pl\/en\/wp-json\/wp\/v2\/media?parent=3257"}],"curies":[{"name":"wp","href":"https:\/\/api.w.org\/{rel}","templated":true}]}}