{"id":3181,"date":"2016-02-20T20:04:20","date_gmt":"2016-02-20T19:04:20","guid":{"rendered":"http:\/\/strony.amuz.krakow.pl\/?page_id=3181"},"modified":"2025-12-10T09:47:56","modified_gmt":"2025-12-10T08:47:56","slug":"mgr-wioletta-fluda-tkaczyk","status":"publish","type":"page","link":"https:\/\/www.amuz.krakow.pl\/en\/wydzialy\/wydzial-ii-instrumentalny\/katedra-kameralistyki\/zespol-pianistow-akompaniatorow\/mgr-wioletta-fluda-tkaczyk\/","title":{"rendered":"dr Wioletta Fluda-Tkaczyk &#8211; Head of Division"},"content":{"rendered":"<p><figure id=\"attachment_106363\" aria-describedby=\"caption-attachment-106363\" style=\"width: 200px\" class=\"wp-caption alignleft\"><a href=\"https:\/\/www.amuz.krakow.pl\/wp-content\/uploads\/2025\/08\/Wioletta-Fluda-Tkaczyk-fot.-Lukasz-Zakrzewski.jpg\" target=\"_blank\" rel=\"noopener\"><img loading=\"lazy\" decoding=\"async\" class=\"wp-image-106363 size-medium\" src=\"https:\/\/www.amuz.krakow.pl\/wp-content\/uploads\/2025\/08\/Wioletta-Fluda-Tkaczyk-fot.-Lukasz-Zakrzewski-200x300.jpg\" alt=\"\" width=\"200\" height=\"300\" srcset=\"https:\/\/www.amuz.krakow.pl\/wp-content\/uploads\/2025\/08\/Wioletta-Fluda-Tkaczyk-fot.-Lukasz-Zakrzewski-200x300.jpg 200w, https:\/\/www.amuz.krakow.pl\/wp-content\/uploads\/2025\/08\/Wioletta-Fluda-Tkaczyk-fot.-Lukasz-Zakrzewski-768x1153.jpg 768w, https:\/\/www.amuz.krakow.pl\/wp-content\/uploads\/2025\/08\/Wioletta-Fluda-Tkaczyk-fot.-Lukasz-Zakrzewski.jpg 845w\" sizes=\"auto, (max-width: 200px) 100vw, 200px\" \/><\/a><figcaption id=\"caption-attachment-106363\" class=\"wp-caption-text\">photo by \u0141ukasz Zakrzewski<\/figcaption><\/figure><\/p>\n<p style=\"text-align: justify;\">Pianist, chamber musician, vocal coach, and cultural manager. Doctor of Musical Arts. A graduate of the Krzysztof Penderecki Academy of Music in Krak\u00f3w in the piano class of Professor Mariusz Sielski, she also completed postgraduate studies in Cultural Management and Cultural Diplomacy at the Jagiellonian University.<br \/>\nShe is among the most active Polish pianists. Her greatest passion is chamber music in the broadest sense, which she considers her primary professional path. Her wide range of pianistic capabilities includes working as a vocal\/choral coach, orchestral musician, chamber musician, pianist for opera productions, recording projects, and more. She has successfully participated in many artistic ventures, collaborating with various cultural institutions and soloists. As a chamber musician of Capella Cracoviensis, she is engaged in chamber, vocal, and solo repertoire. Her rich repertoire spans all musical eras. She performs intensively both as a soloist and chamber musician in Poland and abroad.<\/p>\n<p style=\"text-align: justify;\">She has taken part in numerous festivals, symposia, and music courses, including: the Bach Festival, Sacrum Profanum Festival, International Chopin Autumn Festival, Strzegom A Cappella, Winter Music Academy and Summer Music Academy in Lus\u0142awice, Opera Rara Festival, Corno Brass Music Festival, Krakow International Composers Festival, Summer Trumpet Academy, Royal Opera Festival, Strefa Sztuki Festival in Jedlina Zdr\u00f3j, International Przemy\u015bl Salesian Musical Summer Festival, Concerti Pasquali Festival, and Trombone IPV Festival in Mannheim. She has also received several dozen diplomas for outstanding accompaniment at national and international competitions, festivals, and auditions.<\/p>\n<p style=\"text-align: justify;\">For her artistic work, Wioletta Fluda-Tkaczyk has been awarded various scholarships and prizes, including: the Creative Scholarship of the Minister of Culture, the Creative Scholarship of the City of Krak\u00f3w, the Creative Scholarship of the Marshal of the Podkarpackie Voivodeship, multiple Rector\u2019s Awards from the Krak\u00f3w Academy of Music, and the Scholarship of the Minister of Science and Higher Education for outstanding achievements.<\/p>\n<p style=\"text-align: justify;\">She has gained professional experience working at the Wroc\u0142aw Opera, the Krak\u00f3w Opera, and the Universit\u00e4t der K\u00fcnste in Berlin. Currently, she is employed as an assistant professor at the Krzysztof Penderecki Academy of Music in Krak\u00f3w and as a chamber musician with Capella Cracoviensis. She collaborates regularly with the Karol Szymanowski Philharmonic in Krak\u00f3w, the Polish Radio Choir in Lus\u0142awice, and the Cavatina Philharmonic Orchestra. Since 2020, she has served as the President of the ArtMusicArtist Association, through which she organizes various concerts and festivals.<\/p>\n<p><a href=\"mailto:wioletta.fluda.tkaczyk@amuz.krakow.pl\">wioletta.fluda.tkaczyk@amuz.krakow.pl<\/a><\/p>","protected":false},"excerpt":{"rendered":"<p>Pianist, chamber musician, vocal coach, and cultural manager. Doctor of Musical Arts. A graduate of the Krzysztof Penderecki Academy of Music in Krak\u00f3w in the piano class of Professor Mariusz&hellip; <a href=\"https:\/\/www.amuz.krakow.pl\/en\/wydzialy\/wydzial-ii-instrumentalny\/katedra-kameralistyki\/zespol-pianistow-akompaniatorow\/mgr-wioletta-fluda-tkaczyk\/\">Continue reading<\/a><\/p>\n","protected":false},"author":72,"featured_media":106364,"parent":250,"menu_order":-1,"comment_status":"closed","ping_status":"closed","template":"","meta":{"footnotes":"","_links_to":"","_links_to_target":""},"class_list":["post-3181","page","type-page","status-publish","has-post-thumbnail","hentry"],"yoast_head":"<!-- This site is optimized with the Yoast SEO plugin v27.2 - https:\/\/yoast.com\/product\/yoast-seo-wordpress\/ -->\n<title>AMKP - Akademia Muzyczna im. Krzysztofa Pendereckiego w Krakowie<\/title>\n<meta name=\"robots\" content=\"index, follow, max-snippet:-1, max-image-preview:large, max-video-preview:-1\" \/>\n<link rel=\"canonical\" href=\"https:\/\/www.amuz.krakow.pl\/wydzialy\/wydzial-ii-instrumentalny\/katedra-kameralistyki\/zespol-pianistow-akompaniatorow\/mgr-wioletta-fluda-tkaczyk\/\" \/>\n<meta property=\"og:locale\" content=\"en_US\" \/>\n<meta property=\"og:type\" content=\"article\" \/>\n<meta property=\"og:title\" content=\"AMKP - Akademia Muzyczna im. Krzysztofa Pendereckiego w Krakowie\" \/>\n<meta property=\"og:description\" content=\"Pianist, chamber musician, vocal coach, and cultural manager. Doctor of Musical Arts. A graduate of the Krzysztof Penderecki Academy of Music in Krak\u00f3w in the piano class of Professor Mariusz&hellip; Continue reading\" \/>\n<meta property=\"og:url\" content=\"https:\/\/www.amuz.krakow.pl\/wydzialy\/wydzial-ii-instrumentalny\/katedra-kameralistyki\/zespol-pianistow-akompaniatorow\/mgr-wioletta-fluda-tkaczyk\/\" \/>\n<meta property=\"og:site_name\" content=\"Akademia Muzyczna im. Krzysztofa Pendereckiego w Krakowie\" \/>\n<meta property=\"article:publisher\" content=\"https:\/\/www.facebook.com\/amuz.krakow\" \/>\n<meta property=\"article:modified_time\" content=\"2025-12-10T08:47:56+00:00\" \/>\n<meta property=\"og:image\" content=\"https:\/\/www.amuz.krakow.pl\/wp-content\/uploads\/2025\/08\/Wioletta-Fluda-Tkaczyk-fot.-Lukasz-Zakrzewski-1.jpg\" \/>\n\t<meta property=\"og:image:width\" content=\"845\" \/>\n\t<meta property=\"og:image:height\" content=\"422\" \/>\n\t<meta property=\"og:image:type\" content=\"image\/jpeg\" \/>\n<meta name=\"twitter:card\" content=\"summary_large_image\" \/>\n<meta name=\"twitter:label1\" content=\"Est. reading time\" \/>\n\t<meta name=\"twitter:data1\" content=\"3 minutes\" \/>\n<script type=\"application\/ld+json\" class=\"yoast-schema-graph\">{\"@context\":\"https:\/\/schema.org\",\"@graph\":[{\"@type\":\"WebPage\",\"@id\":\"https:\/\/www.amuz.krakow.pl\/wydzialy\/wydzial-ii-instrumentalny\/katedra-kameralistyki\/zespol-pianistow-akompaniatorow\/mgr-wioletta-fluda-tkaczyk\/\",\"url\":\"https:\/\/www.amuz.krakow.pl\/wydzialy\/wydzial-ii-instrumentalny\/katedra-kameralistyki\/zespol-pianistow-akompaniatorow\/mgr-wioletta-fluda-tkaczyk\/\",\"name\":\"AMKP - Akademia Muzyczna im. Krzysztofa Pendereckiego w Krakowie\",\"isPartOf\":{\"@id\":\"https:\/\/www.amuz.krakow.pl\/#website\"},\"primaryImageOfPage\":{\"@id\":\"https:\/\/www.amuz.krakow.pl\/wydzialy\/wydzial-ii-instrumentalny\/katedra-kameralistyki\/zespol-pianistow-akompaniatorow\/mgr-wioletta-fluda-tkaczyk\/#primaryimage\"},\"image\":{\"@id\":\"https:\/\/www.amuz.krakow.pl\/wydzialy\/wydzial-ii-instrumentalny\/katedra-kameralistyki\/zespol-pianistow-akompaniatorow\/mgr-wioletta-fluda-tkaczyk\/#primaryimage\"},\"thumbnailUrl\":\"https:\/\/www.amuz.krakow.pl\/wp-content\/uploads\/2025\/08\/Wioletta-Fluda-Tkaczyk-fot.-Lukasz-Zakrzewski-1.jpg\",\"datePublished\":\"2016-02-20T19:04:20+00:00\",\"dateModified\":\"2025-12-10T08:47:56+00:00\",\"breadcrumb\":{\"@id\":\"https:\/\/www.amuz.krakow.pl\/wydzialy\/wydzial-ii-instrumentalny\/katedra-kameralistyki\/zespol-pianistow-akompaniatorow\/mgr-wioletta-fluda-tkaczyk\/#breadcrumb\"},\"inLanguage\":\"en-US\",\"potentialAction\":[{\"@type\":\"ReadAction\",\"target\":[\"https:\/\/www.amuz.krakow.pl\/wydzialy\/wydzial-ii-instrumentalny\/katedra-kameralistyki\/zespol-pianistow-akompaniatorow\/mgr-wioletta-fluda-tkaczyk\/\"]}]},{\"@type\":\"ImageObject\",\"inLanguage\":\"en-US\",\"@id\":\"https:\/\/www.amuz.krakow.pl\/wydzialy\/wydzial-ii-instrumentalny\/katedra-kameralistyki\/zespol-pianistow-akompaniatorow\/mgr-wioletta-fluda-tkaczyk\/#primaryimage\",\"url\":\"https:\/\/www.amuz.krakow.pl\/wp-content\/uploads\/2025\/08\/Wioletta-Fluda-Tkaczyk-fot.-Lukasz-Zakrzewski-1.jpg\",\"contentUrl\":\"https:\/\/www.amuz.krakow.pl\/wp-content\/uploads\/2025\/08\/Wioletta-Fluda-Tkaczyk-fot.-Lukasz-Zakrzewski-1.jpg\",\"width\":845,\"height\":422},{\"@type\":\"BreadcrumbList\",\"@id\":\"https:\/\/www.amuz.krakow.pl\/wydzialy\/wydzial-ii-instrumentalny\/katedra-kameralistyki\/zespol-pianistow-akompaniatorow\/mgr-wioletta-fluda-tkaczyk\/#breadcrumb\",\"itemListElement\":[{\"@type\":\"ListItem\",\"position\":1,\"name\":\"Strona g\u0142\u00f3wna\",\"item\":\"https:\/\/www.amuz.krakow.pl\/\"},{\"@type\":\"ListItem\",\"position\":2,\"name\":\"WYDZIA\u0141Y\",\"item\":\"https:\/\/www.amuz.krakow.pl\/wydzialy\/\"},{\"@type\":\"ListItem\",\"position\":3,\"name\":\"Wydzia\u0142 Instrumentalny\",\"item\":\"https:\/\/www.amuz.krakow.pl\/wydzialy\/wydzial-ii-instrumentalny\/\"},{\"@type\":\"ListItem\",\"position\":4,\"name\":\"Katedra Kameralistyki\",\"item\":\"https:\/\/www.amuz.krakow.pl\/wydzialy\/wydzial-ii-instrumentalny\/katedra-kameralistyki\/\"},{\"@type\":\"ListItem\",\"position\":5,\"name\":\"Zesp\u00f3\u0142 Pianist\u00f3w Akompaniator\u00f3w\",\"item\":\"https:\/\/www.amuz.krakow.pl\/wydzialy\/wydzial-ii-instrumentalny\/katedra-kameralistyki\/zespol-pianistow-akompaniatorow\/\"},{\"@type\":\"ListItem\",\"position\":6,\"name\":\"dr Wioletta Fluda-Tkaczyk &#8211; Kierownik Zespo\u0142u\"}]},{\"@type\":\"WebSite\",\"@id\":\"https:\/\/www.amuz.krakow.pl\/#website\",\"url\":\"https:\/\/www.amuz.krakow.pl\/\",\"name\":\"Akademia Muzyczna im. Krzysztofa Pendereckiego w Krakowie\",\"description\":\"Oficjalna strona Akademii Muzycznej im. Krzysztofa Pendereckiego w Krakowie (AMKP).\",\"publisher\":{\"@id\":\"https:\/\/www.amuz.krakow.pl\/#organization\"},\"alternateName\":\"AMKP\",\"potentialAction\":[{\"@type\":\"SearchAction\",\"target\":{\"@type\":\"EntryPoint\",\"urlTemplate\":\"https:\/\/www.amuz.krakow.pl\/?s={search_term_string}\"},\"query-input\":{\"@type\":\"PropertyValueSpecification\",\"valueRequired\":true,\"valueName\":\"search_term_string\"}}],\"inLanguage\":\"en-US\"},{\"@type\":\"Organization\",\"@id\":\"https:\/\/www.amuz.krakow.pl\/#organization\",\"name\":\"Akademia Muzyczna im. Krzysztofa Pendereckiego w Krakowie\",\"alternateName\":\"AMKP\",\"url\":\"https:\/\/www.amuz.krakow.pl\/\",\"logo\":{\"@type\":\"ImageObject\",\"inLanguage\":\"en-US\",\"@id\":\"https:\/\/www.amuz.krakow.pl\/#\/schema\/logo\/image\/\",\"url\":\"https:\/\/www.amuz.krakow.pl\/wp-content\/uploads\/2021\/11\/amkp.jpg\",\"contentUrl\":\"https:\/\/www.amuz.krakow.pl\/wp-content\/uploads\/2021\/11\/amkp.jpg\",\"width\":1193,\"height\":591,\"caption\":\"Akademia Muzyczna im. Krzysztofa Pendereckiego w Krakowie\"},\"image\":{\"@id\":\"https:\/\/www.amuz.krakow.pl\/#\/schema\/logo\/image\/\"},\"sameAs\":[\"https:\/\/www.facebook.com\/amuz.krakow\",\"https:\/\/www.instagram.com\/amkpenderecki\/\",\"https:\/\/www.youtube.com\/@amkpenderecki4806\"]}]}<\/script>\n<!-- \/ Yoast SEO plugin. -->","yoast_head_json":{"title":"AMKP - Akademia Muzyczna im. Krzysztofa Pendereckiego w Krakowie","robots":{"index":"index","follow":"follow","max-snippet":"max-snippet:-1","max-image-preview":"max-image-preview:large","max-video-preview":"max-video-preview:-1"},"canonical":"https:\/\/www.amuz.krakow.pl\/wydzialy\/wydzial-ii-instrumentalny\/katedra-kameralistyki\/zespol-pianistow-akompaniatorow\/mgr-wioletta-fluda-tkaczyk\/","og_locale":"en_US","og_type":"article","og_title":"AMKP - Akademia Muzyczna im. Krzysztofa Pendereckiego w Krakowie","og_description":"Pianist, chamber musician, vocal coach, and cultural manager. Doctor of Musical Arts. A graduate of the Krzysztof Penderecki Academy of Music in Krak\u00f3w in the piano class of Professor Mariusz&hellip; Continue reading","og_url":"https:\/\/www.amuz.krakow.pl\/wydzialy\/wydzial-ii-instrumentalny\/katedra-kameralistyki\/zespol-pianistow-akompaniatorow\/mgr-wioletta-fluda-tkaczyk\/","og_site_name":"Akademia Muzyczna im. Krzysztofa Pendereckiego w Krakowie","article_publisher":"https:\/\/www.facebook.com\/amuz.krakow","article_modified_time":"2025-12-10T08:47:56+00:00","og_image":[{"width":845,"height":422,"url":"https:\/\/www.amuz.krakow.pl\/wp-content\/uploads\/2025\/08\/Wioletta-Fluda-Tkaczyk-fot.-Lukasz-Zakrzewski-1.jpg","type":"image\/jpeg"}],"twitter_card":"summary_large_image","twitter_misc":{"Est. reading time":"3 minutes"},"schema":{"@context":"https:\/\/schema.org","@graph":[{"@type":"WebPage","@id":"https:\/\/www.amuz.krakow.pl\/wydzialy\/wydzial-ii-instrumentalny\/katedra-kameralistyki\/zespol-pianistow-akompaniatorow\/mgr-wioletta-fluda-tkaczyk\/","url":"https:\/\/www.amuz.krakow.pl\/wydzialy\/wydzial-ii-instrumentalny\/katedra-kameralistyki\/zespol-pianistow-akompaniatorow\/mgr-wioletta-fluda-tkaczyk\/","name":"AMKP - Akademia Muzyczna im. Krzysztofa Pendereckiego w Krakowie","isPartOf":{"@id":"https:\/\/www.amuz.krakow.pl\/#website"},"primaryImageOfPage":{"@id":"https:\/\/www.amuz.krakow.pl\/wydzialy\/wydzial-ii-instrumentalny\/katedra-kameralistyki\/zespol-pianistow-akompaniatorow\/mgr-wioletta-fluda-tkaczyk\/#primaryimage"},"image":{"@id":"https:\/\/www.amuz.krakow.pl\/wydzialy\/wydzial-ii-instrumentalny\/katedra-kameralistyki\/zespol-pianistow-akompaniatorow\/mgr-wioletta-fluda-tkaczyk\/#primaryimage"},"thumbnailUrl":"https:\/\/www.amuz.krakow.pl\/wp-content\/uploads\/2025\/08\/Wioletta-Fluda-Tkaczyk-fot.-Lukasz-Zakrzewski-1.jpg","datePublished":"2016-02-20T19:04:20+00:00","dateModified":"2025-12-10T08:47:56+00:00","breadcrumb":{"@id":"https:\/\/www.amuz.krakow.pl\/wydzialy\/wydzial-ii-instrumentalny\/katedra-kameralistyki\/zespol-pianistow-akompaniatorow\/mgr-wioletta-fluda-tkaczyk\/#breadcrumb"},"inLanguage":"en-US","potentialAction":[{"@type":"ReadAction","target":["https:\/\/www.amuz.krakow.pl\/wydzialy\/wydzial-ii-instrumentalny\/katedra-kameralistyki\/zespol-pianistow-akompaniatorow\/mgr-wioletta-fluda-tkaczyk\/"]}]},{"@type":"ImageObject","inLanguage":"en-US","@id":"https:\/\/www.amuz.krakow.pl\/wydzialy\/wydzial-ii-instrumentalny\/katedra-kameralistyki\/zespol-pianistow-akompaniatorow\/mgr-wioletta-fluda-tkaczyk\/#primaryimage","url":"https:\/\/www.amuz.krakow.pl\/wp-content\/uploads\/2025\/08\/Wioletta-Fluda-Tkaczyk-fot.-Lukasz-Zakrzewski-1.jpg","contentUrl":"https:\/\/www.amuz.krakow.pl\/wp-content\/uploads\/2025\/08\/Wioletta-Fluda-Tkaczyk-fot.-Lukasz-Zakrzewski-1.jpg","width":845,"height":422},{"@type":"BreadcrumbList","@id":"https:\/\/www.amuz.krakow.pl\/wydzialy\/wydzial-ii-instrumentalny\/katedra-kameralistyki\/zespol-pianistow-akompaniatorow\/mgr-wioletta-fluda-tkaczyk\/#breadcrumb","itemListElement":[{"@type":"ListItem","position":1,"name":"Strona g\u0142\u00f3wna","item":"https:\/\/www.amuz.krakow.pl\/"},{"@type":"ListItem","position":2,"name":"WYDZIA\u0141Y","item":"https:\/\/www.amuz.krakow.pl\/wydzialy\/"},{"@type":"ListItem","position":3,"name":"Wydzia\u0142 Instrumentalny","item":"https:\/\/www.amuz.krakow.pl\/wydzialy\/wydzial-ii-instrumentalny\/"},{"@type":"ListItem","position":4,"name":"Katedra Kameralistyki","item":"https:\/\/www.amuz.krakow.pl\/wydzialy\/wydzial-ii-instrumentalny\/katedra-kameralistyki\/"},{"@type":"ListItem","position":5,"name":"Zesp\u00f3\u0142 Pianist\u00f3w Akompaniator\u00f3w","item":"https:\/\/www.amuz.krakow.pl\/wydzialy\/wydzial-ii-instrumentalny\/katedra-kameralistyki\/zespol-pianistow-akompaniatorow\/"},{"@type":"ListItem","position":6,"name":"dr Wioletta Fluda-Tkaczyk &#8211; Kierownik Zespo\u0142u"}]},{"@type":"WebSite","@id":"https:\/\/www.amuz.krakow.pl\/#website","url":"https:\/\/www.amuz.krakow.pl\/","name":"Akademia Muzyczna im. Krzysztofa Pendereckiego w Krakowie","description":"Oficjalna strona Akademii Muzycznej im. Krzysztofa Pendereckiego w Krakowie (AMKP).","publisher":{"@id":"https:\/\/www.amuz.krakow.pl\/#organization"},"alternateName":"AMKP","potentialAction":[{"@type":"SearchAction","target":{"@type":"EntryPoint","urlTemplate":"https:\/\/www.amuz.krakow.pl\/?s={search_term_string}"},"query-input":{"@type":"PropertyValueSpecification","valueRequired":true,"valueName":"search_term_string"}}],"inLanguage":"en-US"},{"@type":"Organization","@id":"https:\/\/www.amuz.krakow.pl\/#organization","name":"Akademia Muzyczna im. Krzysztofa Pendereckiego w Krakowie","alternateName":"AMKP","url":"https:\/\/www.amuz.krakow.pl\/","logo":{"@type":"ImageObject","inLanguage":"en-US","@id":"https:\/\/www.amuz.krakow.pl\/#\/schema\/logo\/image\/","url":"https:\/\/www.amuz.krakow.pl\/wp-content\/uploads\/2021\/11\/amkp.jpg","contentUrl":"https:\/\/www.amuz.krakow.pl\/wp-content\/uploads\/2021\/11\/amkp.jpg","width":1193,"height":591,"caption":"Akademia Muzyczna im. Krzysztofa Pendereckiego w Krakowie"},"image":{"@id":"https:\/\/www.amuz.krakow.pl\/#\/schema\/logo\/image\/"},"sameAs":["https:\/\/www.facebook.com\/amuz.krakow","https:\/\/www.instagram.com\/amkpenderecki\/","https:\/\/www.youtube.com\/@amkpenderecki4806"]}]}},"_links":{"self":[{"href":"https:\/\/www.amuz.krakow.pl\/en\/wp-json\/wp\/v2\/pages\/3181","targetHints":{"allow":["GET"]}}],"collection":[{"href":"https:\/\/www.amuz.krakow.pl\/en\/wp-json\/wp\/v2\/pages"}],"about":[{"href":"https:\/\/www.amuz.krakow.pl\/en\/wp-json\/wp\/v2\/types\/page"}],"author":[{"embeddable":true,"href":"https:\/\/www.amuz.krakow.pl\/en\/wp-json\/wp\/v2\/users\/72"}],"replies":[{"embeddable":true,"href":"https:\/\/www.amuz.krakow.pl\/en\/wp-json\/wp\/v2\/comments?post=3181"}],"version-history":[{"count":14,"href":"https:\/\/www.amuz.krakow.pl\/en\/wp-json\/wp\/v2\/pages\/3181\/revisions"}],"predecessor-version":[{"id":111700,"href":"https:\/\/www.amuz.krakow.pl\/en\/wp-json\/wp\/v2\/pages\/3181\/revisions\/111700"}],"up":[{"embeddable":true,"href":"https:\/\/www.amuz.krakow.pl\/en\/wp-json\/wp\/v2\/pages\/250"}],"wp:featuredmedia":[{"embeddable":true,"href":"https:\/\/www.amuz.krakow.pl\/en\/wp-json\/wp\/v2\/media\/106364"}],"wp:attachment":[{"href":"https:\/\/www.amuz.krakow.pl\/en\/wp-json\/wp\/v2\/media?parent=3181"}],"curies":[{"name":"wp","href":"https:\/\/api.w.org\/{rel}","templated":true}]}}