{"id":3121,"date":"2016-02-20T19:27:43","date_gmt":"2016-02-20T18:27:43","guid":{"rendered":"http:\/\/strony.amuz.krakow.pl\/?page_id=3121"},"modified":"2025-03-31T11:35:28","modified_gmt":"2025-03-31T09:35:28","slug":"dr-hab-justyna-duda-krane","status":"publish","type":"page","link":"https:\/\/www.amuz.krakow.pl\/en\/wydzialy\/wydzial-ii-instrumentalny\/katedra-kameralistyki\/zaklad-kameralistyki-instrumentow-smyczkowych\/dr-hab-justyna-duda-krane\/","title":{"rendered":"dr hab. Justyna Duda-Krane, prof. AMKP"},"content":{"rendered":"<p><\/p>\n<p style=\"text-align: justify;\"><a href=\"https:\/\/www.amuz.krakow.pl\/wp-content\/uploads\/2016\/02\/Duda-Krane-Justyna.jpg\"><img loading=\"lazy\" decoding=\"async\" class=\"alignleft wp-image-3124 \" src=\"https:\/\/www.amuz.krakow.pl\/wp-content\/uploads\/2016\/02\/Duda-Krane-Justyna-268x300.jpg\" alt=\"Duda-Krane Justyna\" width=\"200\" height=\"224\" srcset=\"https:\/\/www.amuz.krakow.pl\/wp-content\/uploads\/2016\/02\/Duda-Krane-Justyna-268x300.jpg 268w, https:\/\/www.amuz.krakow.pl\/wp-content\/uploads\/2016\/02\/Duda-Krane-Justyna.jpg 432w\" sizes=\"auto, (max-width: 200px) 100vw, 200px\" \/><\/a>Graduate of the Academy of Music in Krak\u00f3w 1997; in 1993, along with her friends, she founded DAFO quartet. In the years 1997\u20132004, she studied along with the quartet in Stuttgart, in Melos Quartet&#8217;s master class, continuing also individual studies in the class of violin led by Professor Wilhelm Melcher. Her artistic activity is connected mainly with DAFO Quartet. The ensemble has participated in numerous master classes with Kwartet \u015al\u0105ski, Quartetto Italiano, Melos Quartet, Borodin Quartet and Tokyo Quartet; it has been awarded in many international competitions, including the First Prizes in the K. Bacewicz Chamber Music Competition in \u0141\u00f3d\u017a (1995), the V. Bucchi International 20<sup>th<\/sup>-century Music Competition in Rome (1995), the D. Shostakovich International String Quartet Competition in St. Petersburg (1996), the K. Penderecki International Competition of Contemporary Chamber Music (1997), the String Quartet Competition in Katowice (1998). DAFO Quartet is often invited by the organisers of renowned music festivals such as the Schleswig Holstein Festival, Kissinger Sommer Festival, Obersdorfer Musiksommer Festival, Warszawska Jesie\u0144, Kwartet \u015al\u0105ski i Jego Go\u015bcie, Sachsen Musikfest, Accademia Chigiana, Boden See, Ludwigsburger Musikfestspiele and the festival of Krzysztof Penderecki&#8217;s music in Armenia. For many years, the ensemble played 18<sup>th<\/sup>&#8211; and 19<sup>th<\/sup>-century French instruments from the Baden-W\u00fcrttemberg collection of string instruments. The phonographic output of DAFO Quartet consists of a double album released by the Bosch Foundation featuring the cellist of Melos Quartet Peter Buck, two CDs from the series &#8220;20<sup>th<\/sup>-century Polish String Quartets&#8221; recorded for Polish phonographic label DUX \/ PWM. Another important experience was the Quartet\u2019s participation in the European tour of American rock band LAMBCHOP. Since 2005, Justyna Duda-Krane has been collaborating with the Sinfonietta Cracovia orchestra conducted by Robert Kabara. Since 2007, she has been employed at the Academy of Music in Krak\u00f3w at the Faculty of Chamber Music.<\/p>\n<p><a href=\"mailto:justyna.duda.krane@amuz.krakow.pl\">justyna.duda.krane@amuz.krakow.pl<\/a><\/p>","protected":false},"excerpt":{"rendered":"<p>Graduate of the Academy of Music in Krak\u00f3w 1997; in 1993, along with her friends, she founded DAFO quartet. In the years 1997\u20132004, she studied along with the quartet in&hellip; <a href=\"https:\/\/www.amuz.krakow.pl\/en\/wydzialy\/wydzial-ii-instrumentalny\/katedra-kameralistyki\/zaklad-kameralistyki-instrumentow-smyczkowych\/dr-hab-justyna-duda-krane\/\">Continue reading<\/a><\/p>\n","protected":false},"author":72,"featured_media":0,"parent":44252,"menu_order":2,"comment_status":"closed","ping_status":"closed","template":"","meta":{"footnotes":"","_links_to":"","_links_to_target":""},"class_list":["post-3121","page","type-page","status-publish","hentry"],"yoast_head":"<!-- This site is optimized with the Yoast SEO plugin v27.2 - https:\/\/yoast.com\/product\/yoast-seo-wordpress\/ -->\n<title>AMKP - Akademia Muzyczna im. Krzysztofa Pendereckiego w Krakowie<\/title>\n<meta name=\"robots\" content=\"index, follow, max-snippet:-1, max-image-preview:large, max-video-preview:-1\" \/>\n<link rel=\"canonical\" href=\"https:\/\/www.amuz.krakow.pl\/wydzialy\/wydzial-ii-instrumentalny\/katedra-kameralistyki\/zaklad-kameralistyki-instrumentow-smyczkowych\/dr-hab-justyna-duda-krane\/\" \/>\n<meta property=\"og:locale\" content=\"en_US\" \/>\n<meta property=\"og:type\" content=\"article\" \/>\n<meta property=\"og:title\" content=\"AMKP - Akademia Muzyczna im. Krzysztofa Pendereckiego w Krakowie\" \/>\n<meta property=\"og:description\" content=\"Graduate of the Academy of Music in Krak\u00f3w 1997; in 1993, along with her friends, she founded DAFO quartet. In the years 1997\u20132004, she studied along with the quartet in&hellip; Continue reading\" \/>\n<meta property=\"og:url\" content=\"https:\/\/www.amuz.krakow.pl\/wydzialy\/wydzial-ii-instrumentalny\/katedra-kameralistyki\/zaklad-kameralistyki-instrumentow-smyczkowych\/dr-hab-justyna-duda-krane\/\" \/>\n<meta property=\"og:site_name\" content=\"Akademia Muzyczna im. Krzysztofa Pendereckiego w Krakowie\" \/>\n<meta property=\"article:publisher\" content=\"https:\/\/www.facebook.com\/amuz.krakow\" \/>\n<meta property=\"article:modified_time\" content=\"2025-03-31T09:35:28+00:00\" \/>\n<meta property=\"og:image\" content=\"https:\/\/www.amuz.krakow.pl\/wp-content\/uploads\/2016\/02\/Duda-Krane-Justyna.jpg\" \/>\n\t<meta property=\"og:image:width\" content=\"432\" \/>\n\t<meta property=\"og:image:height\" content=\"483\" \/>\n\t<meta property=\"og:image:type\" content=\"image\/jpeg\" \/>\n<meta name=\"twitter:card\" content=\"summary_large_image\" \/>\n<meta name=\"twitter:label1\" content=\"Est. reading time\" \/>\n\t<meta name=\"twitter:data1\" content=\"2 minutes\" \/>\n<script type=\"application\/ld+json\" class=\"yoast-schema-graph\">{\"@context\":\"https:\/\/schema.org\",\"@graph\":[{\"@type\":\"WebPage\",\"@id\":\"https:\/\/www.amuz.krakow.pl\/wydzialy\/wydzial-ii-instrumentalny\/katedra-kameralistyki\/zaklad-kameralistyki-instrumentow-smyczkowych\/dr-hab-justyna-duda-krane\/\",\"url\":\"https:\/\/www.amuz.krakow.pl\/wydzialy\/wydzial-ii-instrumentalny\/katedra-kameralistyki\/zaklad-kameralistyki-instrumentow-smyczkowych\/dr-hab-justyna-duda-krane\/\",\"name\":\"AMKP - Akademia Muzyczna im. Krzysztofa Pendereckiego w Krakowie\",\"isPartOf\":{\"@id\":\"https:\/\/www.amuz.krakow.pl\/#website\"},\"primaryImageOfPage\":{\"@id\":\"https:\/\/www.amuz.krakow.pl\/wydzialy\/wydzial-ii-instrumentalny\/katedra-kameralistyki\/zaklad-kameralistyki-instrumentow-smyczkowych\/dr-hab-justyna-duda-krane\/#primaryimage\"},\"image\":{\"@id\":\"https:\/\/www.amuz.krakow.pl\/wydzialy\/wydzial-ii-instrumentalny\/katedra-kameralistyki\/zaklad-kameralistyki-instrumentow-smyczkowych\/dr-hab-justyna-duda-krane\/#primaryimage\"},\"thumbnailUrl\":\"https:\/\/www.amuz.krakow.pl\/wp-content\/uploads\/2016\/02\/Duda-Krane-Justyna-268x300.jpg\",\"datePublished\":\"2016-02-20T18:27:43+00:00\",\"dateModified\":\"2025-03-31T09:35:28+00:00\",\"breadcrumb\":{\"@id\":\"https:\/\/www.amuz.krakow.pl\/wydzialy\/wydzial-ii-instrumentalny\/katedra-kameralistyki\/zaklad-kameralistyki-instrumentow-smyczkowych\/dr-hab-justyna-duda-krane\/#breadcrumb\"},\"inLanguage\":\"en-US\",\"potentialAction\":[{\"@type\":\"ReadAction\",\"target\":[\"https:\/\/www.amuz.krakow.pl\/wydzialy\/wydzial-ii-instrumentalny\/katedra-kameralistyki\/zaklad-kameralistyki-instrumentow-smyczkowych\/dr-hab-justyna-duda-krane\/\"]}]},{\"@type\":\"ImageObject\",\"inLanguage\":\"en-US\",\"@id\":\"https:\/\/www.amuz.krakow.pl\/wydzialy\/wydzial-ii-instrumentalny\/katedra-kameralistyki\/zaklad-kameralistyki-instrumentow-smyczkowych\/dr-hab-justyna-duda-krane\/#primaryimage\",\"url\":\"https:\/\/www.amuz.krakow.pl\/wp-content\/uploads\/2016\/02\/Duda-Krane-Justyna-268x300.jpg\",\"contentUrl\":\"https:\/\/www.amuz.krakow.pl\/wp-content\/uploads\/2016\/02\/Duda-Krane-Justyna-268x300.jpg\"},{\"@type\":\"BreadcrumbList\",\"@id\":\"https:\/\/www.amuz.krakow.pl\/wydzialy\/wydzial-ii-instrumentalny\/katedra-kameralistyki\/zaklad-kameralistyki-instrumentow-smyczkowych\/dr-hab-justyna-duda-krane\/#breadcrumb\",\"itemListElement\":[{\"@type\":\"ListItem\",\"position\":1,\"name\":\"Strona g\u0142\u00f3wna\",\"item\":\"https:\/\/www.amuz.krakow.pl\/\"},{\"@type\":\"ListItem\",\"position\":2,\"name\":\"WYDZIA\u0141Y\",\"item\":\"https:\/\/www.amuz.krakow.pl\/wydzialy\/\"},{\"@type\":\"ListItem\",\"position\":3,\"name\":\"Wydzia\u0142 Instrumentalny\",\"item\":\"https:\/\/www.amuz.krakow.pl\/wydzialy\/wydzial-ii-instrumentalny\/\"},{\"@type\":\"ListItem\",\"position\":4,\"name\":\"Katedra Kameralistyki\",\"item\":\"https:\/\/www.amuz.krakow.pl\/wydzialy\/wydzial-ii-instrumentalny\/katedra-kameralistyki\/\"},{\"@type\":\"ListItem\",\"position\":5,\"name\":\"Zak\u0142ad Kameralistyki Instrument\u00f3w Smyczkowych\",\"item\":\"https:\/\/www.amuz.krakow.pl\/wydzialy\/wydzial-ii-instrumentalny\/katedra-kameralistyki\/zaklad-kameralistyki-instrumentow-smyczkowych\/\"},{\"@type\":\"ListItem\",\"position\":6,\"name\":\"dr hab. Justyna Duda-Krane, prof. AMKP\"}]},{\"@type\":\"WebSite\",\"@id\":\"https:\/\/www.amuz.krakow.pl\/#website\",\"url\":\"https:\/\/www.amuz.krakow.pl\/\",\"name\":\"Akademia Muzyczna im. Krzysztofa Pendereckiego w Krakowie\",\"description\":\"Oficjalna strona Akademii Muzycznej im. Krzysztofa Pendereckiego w Krakowie (AMKP).\",\"publisher\":{\"@id\":\"https:\/\/www.amuz.krakow.pl\/#organization\"},\"alternateName\":\"AMKP\",\"potentialAction\":[{\"@type\":\"SearchAction\",\"target\":{\"@type\":\"EntryPoint\",\"urlTemplate\":\"https:\/\/www.amuz.krakow.pl\/?s={search_term_string}\"},\"query-input\":{\"@type\":\"PropertyValueSpecification\",\"valueRequired\":true,\"valueName\":\"search_term_string\"}}],\"inLanguage\":\"en-US\"},{\"@type\":\"Organization\",\"@id\":\"https:\/\/www.amuz.krakow.pl\/#organization\",\"name\":\"Akademia Muzyczna im. Krzysztofa Pendereckiego w Krakowie\",\"alternateName\":\"AMKP\",\"url\":\"https:\/\/www.amuz.krakow.pl\/\",\"logo\":{\"@type\":\"ImageObject\",\"inLanguage\":\"en-US\",\"@id\":\"https:\/\/www.amuz.krakow.pl\/#\/schema\/logo\/image\/\",\"url\":\"https:\/\/www.amuz.krakow.pl\/wp-content\/uploads\/2021\/11\/amkp.jpg\",\"contentUrl\":\"https:\/\/www.amuz.krakow.pl\/wp-content\/uploads\/2021\/11\/amkp.jpg\",\"width\":1193,\"height\":591,\"caption\":\"Akademia Muzyczna im. Krzysztofa Pendereckiego w Krakowie\"},\"image\":{\"@id\":\"https:\/\/www.amuz.krakow.pl\/#\/schema\/logo\/image\/\"},\"sameAs\":[\"https:\/\/www.facebook.com\/amuz.krakow\",\"https:\/\/www.instagram.com\/amkpenderecki\/\",\"https:\/\/www.youtube.com\/@amkpenderecki4806\"]}]}<\/script>\n<!-- \/ Yoast SEO plugin. -->","yoast_head_json":{"title":"AMKP - Akademia Muzyczna im. Krzysztofa Pendereckiego w Krakowie","robots":{"index":"index","follow":"follow","max-snippet":"max-snippet:-1","max-image-preview":"max-image-preview:large","max-video-preview":"max-video-preview:-1"},"canonical":"https:\/\/www.amuz.krakow.pl\/wydzialy\/wydzial-ii-instrumentalny\/katedra-kameralistyki\/zaklad-kameralistyki-instrumentow-smyczkowych\/dr-hab-justyna-duda-krane\/","og_locale":"en_US","og_type":"article","og_title":"AMKP - Akademia Muzyczna im. Krzysztofa Pendereckiego w Krakowie","og_description":"Graduate of the Academy of Music in Krak\u00f3w 1997; in 1993, along with her friends, she founded DAFO quartet. In the years 1997\u20132004, she studied along with the quartet in&hellip; Continue reading","og_url":"https:\/\/www.amuz.krakow.pl\/wydzialy\/wydzial-ii-instrumentalny\/katedra-kameralistyki\/zaklad-kameralistyki-instrumentow-smyczkowych\/dr-hab-justyna-duda-krane\/","og_site_name":"Akademia Muzyczna im. Krzysztofa Pendereckiego w Krakowie","article_publisher":"https:\/\/www.facebook.com\/amuz.krakow","article_modified_time":"2025-03-31T09:35:28+00:00","og_image":[{"width":432,"height":483,"url":"https:\/\/www.amuz.krakow.pl\/wp-content\/uploads\/2016\/02\/Duda-Krane-Justyna.jpg","type":"image\/jpeg"}],"twitter_card":"summary_large_image","twitter_misc":{"Est. reading time":"2 minutes"},"schema":{"@context":"https:\/\/schema.org","@graph":[{"@type":"WebPage","@id":"https:\/\/www.amuz.krakow.pl\/wydzialy\/wydzial-ii-instrumentalny\/katedra-kameralistyki\/zaklad-kameralistyki-instrumentow-smyczkowych\/dr-hab-justyna-duda-krane\/","url":"https:\/\/www.amuz.krakow.pl\/wydzialy\/wydzial-ii-instrumentalny\/katedra-kameralistyki\/zaklad-kameralistyki-instrumentow-smyczkowych\/dr-hab-justyna-duda-krane\/","name":"AMKP - Akademia Muzyczna im. Krzysztofa Pendereckiego w Krakowie","isPartOf":{"@id":"https:\/\/www.amuz.krakow.pl\/#website"},"primaryImageOfPage":{"@id":"https:\/\/www.amuz.krakow.pl\/wydzialy\/wydzial-ii-instrumentalny\/katedra-kameralistyki\/zaklad-kameralistyki-instrumentow-smyczkowych\/dr-hab-justyna-duda-krane\/#primaryimage"},"image":{"@id":"https:\/\/www.amuz.krakow.pl\/wydzialy\/wydzial-ii-instrumentalny\/katedra-kameralistyki\/zaklad-kameralistyki-instrumentow-smyczkowych\/dr-hab-justyna-duda-krane\/#primaryimage"},"thumbnailUrl":"https:\/\/www.amuz.krakow.pl\/wp-content\/uploads\/2016\/02\/Duda-Krane-Justyna-268x300.jpg","datePublished":"2016-02-20T18:27:43+00:00","dateModified":"2025-03-31T09:35:28+00:00","breadcrumb":{"@id":"https:\/\/www.amuz.krakow.pl\/wydzialy\/wydzial-ii-instrumentalny\/katedra-kameralistyki\/zaklad-kameralistyki-instrumentow-smyczkowych\/dr-hab-justyna-duda-krane\/#breadcrumb"},"inLanguage":"en-US","potentialAction":[{"@type":"ReadAction","target":["https:\/\/www.amuz.krakow.pl\/wydzialy\/wydzial-ii-instrumentalny\/katedra-kameralistyki\/zaklad-kameralistyki-instrumentow-smyczkowych\/dr-hab-justyna-duda-krane\/"]}]},{"@type":"ImageObject","inLanguage":"en-US","@id":"https:\/\/www.amuz.krakow.pl\/wydzialy\/wydzial-ii-instrumentalny\/katedra-kameralistyki\/zaklad-kameralistyki-instrumentow-smyczkowych\/dr-hab-justyna-duda-krane\/#primaryimage","url":"https:\/\/www.amuz.krakow.pl\/wp-content\/uploads\/2016\/02\/Duda-Krane-Justyna-268x300.jpg","contentUrl":"https:\/\/www.amuz.krakow.pl\/wp-content\/uploads\/2016\/02\/Duda-Krane-Justyna-268x300.jpg"},{"@type":"BreadcrumbList","@id":"https:\/\/www.amuz.krakow.pl\/wydzialy\/wydzial-ii-instrumentalny\/katedra-kameralistyki\/zaklad-kameralistyki-instrumentow-smyczkowych\/dr-hab-justyna-duda-krane\/#breadcrumb","itemListElement":[{"@type":"ListItem","position":1,"name":"Strona g\u0142\u00f3wna","item":"https:\/\/www.amuz.krakow.pl\/"},{"@type":"ListItem","position":2,"name":"WYDZIA\u0141Y","item":"https:\/\/www.amuz.krakow.pl\/wydzialy\/"},{"@type":"ListItem","position":3,"name":"Wydzia\u0142 Instrumentalny","item":"https:\/\/www.amuz.krakow.pl\/wydzialy\/wydzial-ii-instrumentalny\/"},{"@type":"ListItem","position":4,"name":"Katedra Kameralistyki","item":"https:\/\/www.amuz.krakow.pl\/wydzialy\/wydzial-ii-instrumentalny\/katedra-kameralistyki\/"},{"@type":"ListItem","position":5,"name":"Zak\u0142ad Kameralistyki Instrument\u00f3w Smyczkowych","item":"https:\/\/www.amuz.krakow.pl\/wydzialy\/wydzial-ii-instrumentalny\/katedra-kameralistyki\/zaklad-kameralistyki-instrumentow-smyczkowych\/"},{"@type":"ListItem","position":6,"name":"dr hab. Justyna Duda-Krane, prof. AMKP"}]},{"@type":"WebSite","@id":"https:\/\/www.amuz.krakow.pl\/#website","url":"https:\/\/www.amuz.krakow.pl\/","name":"Akademia Muzyczna im. Krzysztofa Pendereckiego w Krakowie","description":"Oficjalna strona Akademii Muzycznej im. Krzysztofa Pendereckiego w Krakowie (AMKP).","publisher":{"@id":"https:\/\/www.amuz.krakow.pl\/#organization"},"alternateName":"AMKP","potentialAction":[{"@type":"SearchAction","target":{"@type":"EntryPoint","urlTemplate":"https:\/\/www.amuz.krakow.pl\/?s={search_term_string}"},"query-input":{"@type":"PropertyValueSpecification","valueRequired":true,"valueName":"search_term_string"}}],"inLanguage":"en-US"},{"@type":"Organization","@id":"https:\/\/www.amuz.krakow.pl\/#organization","name":"Akademia Muzyczna im. Krzysztofa Pendereckiego w Krakowie","alternateName":"AMKP","url":"https:\/\/www.amuz.krakow.pl\/","logo":{"@type":"ImageObject","inLanguage":"en-US","@id":"https:\/\/www.amuz.krakow.pl\/#\/schema\/logo\/image\/","url":"https:\/\/www.amuz.krakow.pl\/wp-content\/uploads\/2021\/11\/amkp.jpg","contentUrl":"https:\/\/www.amuz.krakow.pl\/wp-content\/uploads\/2021\/11\/amkp.jpg","width":1193,"height":591,"caption":"Akademia Muzyczna im. Krzysztofa Pendereckiego w Krakowie"},"image":{"@id":"https:\/\/www.amuz.krakow.pl\/#\/schema\/logo\/image\/"},"sameAs":["https:\/\/www.facebook.com\/amuz.krakow","https:\/\/www.instagram.com\/amkpenderecki\/","https:\/\/www.youtube.com\/@amkpenderecki4806"]}]}},"_links":{"self":[{"href":"https:\/\/www.amuz.krakow.pl\/en\/wp-json\/wp\/v2\/pages\/3121","targetHints":{"allow":["GET"]}}],"collection":[{"href":"https:\/\/www.amuz.krakow.pl\/en\/wp-json\/wp\/v2\/pages"}],"about":[{"href":"https:\/\/www.amuz.krakow.pl\/en\/wp-json\/wp\/v2\/types\/page"}],"author":[{"embeddable":true,"href":"https:\/\/www.amuz.krakow.pl\/en\/wp-json\/wp\/v2\/users\/72"}],"replies":[{"embeddable":true,"href":"https:\/\/www.amuz.krakow.pl\/en\/wp-json\/wp\/v2\/comments?post=3121"}],"version-history":[{"count":4,"href":"https:\/\/www.amuz.krakow.pl\/en\/wp-json\/wp\/v2\/pages\/3121\/revisions"}],"predecessor-version":[{"id":102095,"href":"https:\/\/www.amuz.krakow.pl\/en\/wp-json\/wp\/v2\/pages\/3121\/revisions\/102095"}],"up":[{"embeddable":true,"href":"https:\/\/www.amuz.krakow.pl\/en\/wp-json\/wp\/v2\/pages\/44252"}],"wp:attachment":[{"href":"https:\/\/www.amuz.krakow.pl\/en\/wp-json\/wp\/v2\/media?parent=3121"}],"curies":[{"name":"wp","href":"https:\/\/api.w.org\/{rel}","templated":true}]}}