{"id":3108,"date":"2016-02-20T19:23:28","date_gmt":"2016-02-20T18:23:28","guid":{"rendered":"http:\/\/strony.amuz.krakow.pl\/?page_id=3108"},"modified":"2026-02-17T09:29:17","modified_gmt":"2026-02-17T08:29:17","slug":"dr-hab-anna-armatys-borrelli","status":"publish","type":"page","link":"https:\/\/www.amuz.krakow.pl\/en\/wydzialy\/wydzial-ii-instrumentalny\/katedra-kameralistyki\/zaklad-kameralistyki-instrumentow-smyczkowych\/dr-hab-anna-armatys-borrelli\/","title":{"rendered":"dr hab. Anna Armatys-Borrelli, prof. AMKP"},"content":{"rendered":"<p style=\"text-align: justify;\"><a href=\"https:\/\/www.amuz.krakow.pl\/wp-content\/uploads\/2016\/02\/Armatys-Borrelli-Anna.jpeg\"><img loading=\"lazy\" decoding=\"async\" class=\"alignleft wp-image-3111 \" src=\"https:\/\/www.amuz.krakow.pl\/wp-content\/uploads\/2016\/02\/Armatys-Borrelli-Anna.jpeg\" alt=\"Armatys-Borrelli Anna\" width=\"200\" height=\"260\" \/><\/a><\/p>\n<p style=\"text-align: justify;\">Edukacj\u0119 muzyczn\u0105 rozpocz\u0119\u0142a w rodzinnym Tarnowie, gdzie ucz\u0119szcza\u0142a najpierw do Pa\u0144stwowej Podstawowej Szko\u0142y Muzycznej. Nast\u0119pnie uko\u0144czy\u0142a z wyr\u00f3\u017cnieniem Pa\u0144stwowe Liceum Muzyczne. Podczas wszystkich lat szkolnych by\u0142a cz\u0142onkiem (koncertmistrzem grupy wiolonczel) Dzieci\u0119cej, a p\u00f3\u017aniej M\u0142odzie\u017cowej Orkiestry Kameralnej, z kt\u00f3r\u0105 koncertowa\u0142a w wielu krajach Europy i uczestniczy\u0142a w festiwalach krajowych i zagranicznych.<\/p>\n<p style=\"text-align: justify;\">Uko\u0144czy\u0142a studia\u00a0 na Wydziale Instrumentalnym Akademii Muzycznej w Krakowie, w klasie wiolonczeli profesora Witolda Hermana z wynikiem celuj\u0105cym. Podczas studi\u00f3w wielokrotnie bra\u0142a udzia\u0142 w zaj\u0119ciach Akademii Bachowskiej (Krak\u00f3w, Stuttgart) pod kierownictwem Helmutha Rillinga oraz Letniej Akademii Muzycznej w Pommersfelden (Niemcy). Przez trzy lata by\u0142a stypendystk\u0105 Ministra Kultury i Sztuki.<\/p>\n<p style=\"text-align: justify;\">W 2000 roku otrzyma\u0142a dyplom studi\u00f3w podyplomowych w klasie kameralnej Kwartetu Melos oraz w klasie wiolonczeli profesora Petera Bucka, w 2002 roku \u2013 dyplom Solistenklasse wiolonczeli u tego samego pedagoga, a w 2004 roku \u2013 dyplom Solistenklasse kwartetu w Staatliche Hochschule f\u00fcr Musik und Darstellende Kunst w Stuttgarcie. W pa\u017adzierniku 2002 roku zosta\u0142a laureatk\u0105 III nagrody w kategorii wiolonczeli na Mi\u0119dzynarodowym Konkursie Muzyki XX i XXI wieku w Rzymie.<\/p>\n<p style=\"text-align: justify;\">Od 1993 roku Anna Armatys-Borrelli jest cz\u0142onkiem smyczkowego Kwartetu Dafo, z kt\u00f3rym zdoby\u0142a wiele nagr\u00f3d na mi\u0119dzynarodowych konkursach muzycznych (m.in.: I nagrod\u0119 i nagrod\u0119 specjaln\u0105 na Konkursie Kameralnym im. K. Bacewicza w \u0141odzi w 1995 roku, I nagrod\u0119 na Mi\u0119dzynarodowym Konkursie Muzyki XX wieku im. V. Bucchiego w Rzymie w 1995 roku, I nagrod\u0119 i nagrod\u0119 specjaln\u0105 na Mi\u0119dzynarodowym Konkursie Wsp\u00f3\u0142czesnej Muzyki Kameralnej im. K. Pendereckiego w Krakowie w 1997 roku, II nagrod\u0119 i nagrod\u0119 specjaln\u0105 na Mi\u0119dzynarodowym Konkursie Kwartet\u00f3w Smyczkowych w Cremonie w 1998 roku, II nagrod\u0119 na Mi\u0119dzynarodowym Konkursie Kwartet\u00f3w Smyczkowych w Bubenreuth, I nagrod\u0119 na Og\u00f3lnopolskim Konkursie Zespo\u0142\u00f3w Kameralnych w kategorii kwartetu smyczkowego w Katowicach w 1998 roku, III nagrod\u0119 na Mi\u0119dzynarodowym Konkursie Muzyki Kameralnej im. G. Zinettiego w Sanguinetto w 1999 roku, nagrod\u0119 specjaln\u0105 jury Mi\u0119dzynarodowego Konkursu Muzyki Kameralnej im. J. Joachima w Weimarze w 1999 roku).<\/p>\n<p style=\"text-align: justify;\">Wraz z Kwartetem Dafo nagra\u0142a wiele p\u0142yt CD, liczne z nich uzyska\u0142y nagrody. Zarejestrowane przez zesp\u00f3\u0142, wyprodukowane przez DUX\/PWM, dwie p\u0142yty CD zatytu\u0142owane <em>Polskie kwartety XX wieku<\/em> otrzyma\u0142y nagrody Fryderyka w 1999 i 2001 roku. Zesp\u00f3\u0142 ma tak\u017ce w swoim dorobku p\u0142ytowym album, wydany przez Fundacj\u0119 Roberta Boscha\/SWR, z kwartetami Szymanowskiego, <em>II Kwartetem<\/em> G\u00f3reckiego i <em>Kwintetem smyczkowym C-dur<\/em> Schuberta (w nagraniu tym cz\u0142onkiniom zespo\u0142u Dafo towarzyszy wiolonczelista Kwartetu Melos Peter Buck). W 2010 roku ukaza\u0142 si\u0119 album <em>Penderecki String Quartets, String Trio Clarinet Quartet<\/em>, zawieraj\u0105cy wszystkie dzie\u0142a kameralne Pendereckiego, w\u0142\u0105cznie z pierwsz\u0105 \u015bwiatow\u0105 rejestracj\u0105 <em>III Kwartetu smyczkowego<\/em>. Album ten wyr\u00f3\u017cniony zosta\u0142 przez luksemburskie wydawnictwo muzyczne Pizzicato nagrod\u0105 Supersonic Pizzicato i zaliczony do unikatowych p\u0142yt zawieraj\u0105cych muzyk\u0119 kameraln\u0105. W 2011 roku Kwartet Dafo wraz z dziewcz\u0119cym ch\u00f3rem Puelle Orantes nagra\u0142 album CD\/DVD <em>Live <\/em><em>\u0141ukaszewski &amp; Bembinow. Kol\u0119dy i pastora\u0142ki \u2013<\/em> otrzyma\u0142 on status Z\u0142tej P\u0142yty DVD, przyznany przez Zwi\u0105zek Producent\u00f3w Audio-Video, oraz nagrod\u0119 Fryderyka 2011.<\/p>\n<p style=\"text-align: justify;\">Jako solistka i kameralistka wyst\u0119powa\u0142a na renomowanych festiwalach muzycznych w kraju i za granic\u0105, ma te\u017c na swym koncie liczne nagrania radiowe i telewizyjne. W latach 1992\u20131996 by\u0142a pierwsz\u0105 wiolonczelistk\u0105 Tarnowskiej Orkiestry Kameralnej, go\u015bcinnie koncertuje z licznymi formacjami kameralnymi oraz z orkiestrami w r\u00f3\u017cnych krajach Europy. Od 2014 roku jest pierwsz\u0105 solow\u0105 wiolonczel\u0105 w renomowanym zespole specjalizuj\u0105cym si\u0119 w wykonawstwie muzyki najnowszej Parco della Musica Contemporanea Ensemble PMCE dzia\u0142aj\u0105cym przy Parco della Musica w Rzymie. PMCE wsp\u00f3\u0142pracuje z najwi\u0119kszymi \u017cyj\u0105cymi kompozytorami, prawykonuje utwory pisane na zam\u00f3wienie zespo\u0142u oraz koncertuje na najwa\u017cniejszych scenach \u015bwiatowych i festiwalach. Repertuar kameralny Anny Armatys-Borrelli zawiera kilkaset utwor\u00f3w na r\u00f3\u017cne sk\u0142ady:od duet\u00f3w po du\u017ce sk\u0142ady kameralne.<\/p>\n<p style=\"text-align: justify;\">W latach 1996\u20132002 pracowa\u0142a na stanowisku asystenta w Katedrze Wiolonczeli i Kontrabasu w Akademii Muzycznej w Krakowie, a od 2002 roku zajmowa\u0142a stanowisko adiunkta w tej samej Katedrze pracuj\u0105c r\u00f3wnie\u017c w Katedrze Kameralistyki. Od 2012 roku pracuje wy\u0142\u0105cznie w Katedrze\u00a0 Kameralistyki. W roku 2013 w wyniku przewodu uzyska\u0142a tytu\u0142 doktora habilitowanego i zosta\u0142a powo\u0142ana na stanowisko Kierownika Zak\u0142adu Kameralistyki Smyczkowej. Od 2019 roku jest Kierownikiem Katedry Kameralistyki. W latach 2007\u20132010 prowadzi\u0142a\u00a0 klas\u0119 wiolonczeli w Conservatorio di Musica \u201eD. Cimarosa\u201d w Avellino, 2010-2019 w Conserwatorio di Musica \u201eA. Casella\u201d w L\u2019Aquili a od 2019 roku piastuje to stanowisko w Conserwatorio di Musica \u201eD.Respighi\u201d w Latinie. Jest zapraszana regularnie do prac Jury w krajowych i mi\u0119dzynarodowych konkursach.<\/p>\n<p style=\"text-align: justify;\">W latach 2019-2020 pe\u0142ni\u0142a funkcj\u0119 Kierownika Katedry Kameralistyki.<\/p>\n<p><a href=\"mailto:anna.armatys.borrelli@amuz.krakow.pl\">anna.armatys.borrelli@amuz.krakow.pl<\/a><\/p>\n","protected":false},"excerpt":{"rendered":"<p>Edukacj\u0119 muzyczn\u0105 rozpocz\u0119\u0142a w rodzinnym Tarnowie, gdzie ucz\u0119szcza\u0142a najpierw do Pa\u0144stwowej Podstawowej Szko\u0142y Muzycznej. Nast\u0119pnie uko\u0144czy\u0142a z wyr\u00f3\u017cnieniem Pa\u0144stwowe Liceum Muzyczne. Podczas wszystkich lat szkolnych by\u0142a cz\u0142onkiem (koncertmistrzem grupy wiolonczel)&hellip; <a href=\"https:\/\/www.amuz.krakow.pl\/en\/wydzialy\/wydzial-ii-instrumentalny\/katedra-kameralistyki\/zaklad-kameralistyki-instrumentow-smyczkowych\/dr-hab-anna-armatys-borrelli\/\">Continue reading<\/a><\/p>\n","protected":false},"author":72,"featured_media":114752,"parent":44252,"menu_order":2,"comment_status":"closed","ping_status":"closed","template":"","meta":{"footnotes":"","_links_to":"","_links_to_target":""},"class_list":["post-3108","page","type-page","status-publish","has-post-thumbnail","hentry"],"yoast_head":"<!-- This site is optimized with the Yoast SEO plugin v27.2 - https:\/\/yoast.com\/product\/yoast-seo-wordpress\/ -->\n<title>AMKP - Akademia Muzyczna im. Krzysztofa Pendereckiego w Krakowie<\/title>\n<meta name=\"robots\" content=\"index, follow, max-snippet:-1, max-image-preview:large, max-video-preview:-1\" \/>\n<link rel=\"canonical\" href=\"https:\/\/www.amuz.krakow.pl\/wydzialy\/wydzial-ii-instrumentalny\/katedra-kameralistyki\/zaklad-kameralistyki-instrumentow-smyczkowych\/dr-hab-anna-armatys-borrelli\/\" \/>\n<meta property=\"og:locale\" content=\"en_US\" \/>\n<meta property=\"og:type\" content=\"article\" \/>\n<meta property=\"og:title\" content=\"AMKP - Akademia Muzyczna im. Krzysztofa Pendereckiego w Krakowie\" \/>\n<meta property=\"og:description\" content=\"Edukacj\u0119 muzyczn\u0105 rozpocz\u0119\u0142a w rodzinnym Tarnowie, gdzie ucz\u0119szcza\u0142a najpierw do Pa\u0144stwowej Podstawowej Szko\u0142y Muzycznej. Nast\u0119pnie uko\u0144czy\u0142a z wyr\u00f3\u017cnieniem Pa\u0144stwowe Liceum Muzyczne. Podczas wszystkich lat szkolnych by\u0142a cz\u0142onkiem (koncertmistrzem grupy wiolonczel)&hellip; Continue reading\" \/>\n<meta property=\"og:url\" content=\"https:\/\/www.amuz.krakow.pl\/wydzialy\/wydzial-ii-instrumentalny\/katedra-kameralistyki\/zaklad-kameralistyki-instrumentow-smyczkowych\/dr-hab-anna-armatys-borrelli\/\" \/>\n<meta property=\"og:site_name\" content=\"Akademia Muzyczna im. Krzysztofa Pendereckiego w Krakowie\" \/>\n<meta property=\"article:publisher\" content=\"https:\/\/www.facebook.com\/amuz.krakow\" \/>\n<meta property=\"article:modified_time\" content=\"2026-02-17T08:29:17+00:00\" \/>\n<meta property=\"og:image\" content=\"https:\/\/www.amuz.krakow.pl\/wp-content\/uploads\/2026\/02\/Armatys-Borrelli-Anna.jpeg\" \/>\n\t<meta property=\"og:image:width\" content=\"200\" \/>\n\t<meta property=\"og:image:height\" content=\"100\" \/>\n\t<meta property=\"og:image:type\" content=\"image\/jpeg\" \/>\n<meta name=\"twitter:card\" content=\"summary_large_image\" \/>\n<meta name=\"twitter:label1\" content=\"Est. reading time\" \/>\n\t<meta name=\"twitter:data1\" content=\"5 minutes\" \/>\n<script type=\"application\/ld+json\" class=\"yoast-schema-graph\">{\"@context\":\"https:\/\/schema.org\",\"@graph\":[{\"@type\":\"WebPage\",\"@id\":\"https:\/\/www.amuz.krakow.pl\/wydzialy\/wydzial-ii-instrumentalny\/katedra-kameralistyki\/zaklad-kameralistyki-instrumentow-smyczkowych\/dr-hab-anna-armatys-borrelli\/\",\"url\":\"https:\/\/www.amuz.krakow.pl\/wydzialy\/wydzial-ii-instrumentalny\/katedra-kameralistyki\/zaklad-kameralistyki-instrumentow-smyczkowych\/dr-hab-anna-armatys-borrelli\/\",\"name\":\"AMKP - Akademia Muzyczna im. Krzysztofa Pendereckiego w Krakowie\",\"isPartOf\":{\"@id\":\"https:\/\/www.amuz.krakow.pl\/#website\"},\"primaryImageOfPage\":{\"@id\":\"https:\/\/www.amuz.krakow.pl\/wydzialy\/wydzial-ii-instrumentalny\/katedra-kameralistyki\/zaklad-kameralistyki-instrumentow-smyczkowych\/dr-hab-anna-armatys-borrelli\/#primaryimage\"},\"image\":{\"@id\":\"https:\/\/www.amuz.krakow.pl\/wydzialy\/wydzial-ii-instrumentalny\/katedra-kameralistyki\/zaklad-kameralistyki-instrumentow-smyczkowych\/dr-hab-anna-armatys-borrelli\/#primaryimage\"},\"thumbnailUrl\":\"https:\/\/www.amuz.krakow.pl\/wp-content\/uploads\/2026\/02\/Armatys-Borrelli-Anna.jpeg\",\"datePublished\":\"2016-02-20T18:23:28+00:00\",\"dateModified\":\"2026-02-17T08:29:17+00:00\",\"breadcrumb\":{\"@id\":\"https:\/\/www.amuz.krakow.pl\/wydzialy\/wydzial-ii-instrumentalny\/katedra-kameralistyki\/zaklad-kameralistyki-instrumentow-smyczkowych\/dr-hab-anna-armatys-borrelli\/#breadcrumb\"},\"inLanguage\":\"en-US\",\"potentialAction\":[{\"@type\":\"ReadAction\",\"target\":[\"https:\/\/www.amuz.krakow.pl\/wydzialy\/wydzial-ii-instrumentalny\/katedra-kameralistyki\/zaklad-kameralistyki-instrumentow-smyczkowych\/dr-hab-anna-armatys-borrelli\/\"]}]},{\"@type\":\"ImageObject\",\"inLanguage\":\"en-US\",\"@id\":\"https:\/\/www.amuz.krakow.pl\/wydzialy\/wydzial-ii-instrumentalny\/katedra-kameralistyki\/zaklad-kameralistyki-instrumentow-smyczkowych\/dr-hab-anna-armatys-borrelli\/#primaryimage\",\"url\":\"https:\/\/www.amuz.krakow.pl\/wp-content\/uploads\/2026\/02\/Armatys-Borrelli-Anna.jpeg\",\"contentUrl\":\"https:\/\/www.amuz.krakow.pl\/wp-content\/uploads\/2026\/02\/Armatys-Borrelli-Anna.jpeg\",\"width\":200,\"height\":100},{\"@type\":\"BreadcrumbList\",\"@id\":\"https:\/\/www.amuz.krakow.pl\/wydzialy\/wydzial-ii-instrumentalny\/katedra-kameralistyki\/zaklad-kameralistyki-instrumentow-smyczkowych\/dr-hab-anna-armatys-borrelli\/#breadcrumb\",\"itemListElement\":[{\"@type\":\"ListItem\",\"position\":1,\"name\":\"Strona g\u0142\u00f3wna\",\"item\":\"https:\/\/www.amuz.krakow.pl\/\"},{\"@type\":\"ListItem\",\"position\":2,\"name\":\"WYDZIA\u0141Y\",\"item\":\"https:\/\/www.amuz.krakow.pl\/wydzialy\/\"},{\"@type\":\"ListItem\",\"position\":3,\"name\":\"Wydzia\u0142 Instrumentalny\",\"item\":\"https:\/\/www.amuz.krakow.pl\/wydzialy\/wydzial-ii-instrumentalny\/\"},{\"@type\":\"ListItem\",\"position\":4,\"name\":\"Katedra Kameralistyki\",\"item\":\"https:\/\/www.amuz.krakow.pl\/wydzialy\/wydzial-ii-instrumentalny\/katedra-kameralistyki\/\"},{\"@type\":\"ListItem\",\"position\":5,\"name\":\"Zak\u0142ad Kameralistyki Instrument\u00f3w Smyczkowych\",\"item\":\"https:\/\/www.amuz.krakow.pl\/wydzialy\/wydzial-ii-instrumentalny\/katedra-kameralistyki\/zaklad-kameralistyki-instrumentow-smyczkowych\/\"},{\"@type\":\"ListItem\",\"position\":6,\"name\":\"dr hab. Anna Armatys-Borrelli, prof. AMKP\"}]},{\"@type\":\"WebSite\",\"@id\":\"https:\/\/www.amuz.krakow.pl\/#website\",\"url\":\"https:\/\/www.amuz.krakow.pl\/\",\"name\":\"Akademia Muzyczna im. Krzysztofa Pendereckiego w Krakowie\",\"description\":\"Oficjalna strona Akademii Muzycznej im. Krzysztofa Pendereckiego w Krakowie (AMKP).\",\"publisher\":{\"@id\":\"https:\/\/www.amuz.krakow.pl\/#organization\"},\"alternateName\":\"AMKP\",\"potentialAction\":[{\"@type\":\"SearchAction\",\"target\":{\"@type\":\"EntryPoint\",\"urlTemplate\":\"https:\/\/www.amuz.krakow.pl\/?s={search_term_string}\"},\"query-input\":{\"@type\":\"PropertyValueSpecification\",\"valueRequired\":true,\"valueName\":\"search_term_string\"}}],\"inLanguage\":\"en-US\"},{\"@type\":\"Organization\",\"@id\":\"https:\/\/www.amuz.krakow.pl\/#organization\",\"name\":\"Akademia Muzyczna im. Krzysztofa Pendereckiego w Krakowie\",\"alternateName\":\"AMKP\",\"url\":\"https:\/\/www.amuz.krakow.pl\/\",\"logo\":{\"@type\":\"ImageObject\",\"inLanguage\":\"en-US\",\"@id\":\"https:\/\/www.amuz.krakow.pl\/#\/schema\/logo\/image\/\",\"url\":\"https:\/\/www.amuz.krakow.pl\/wp-content\/uploads\/2021\/11\/amkp.jpg\",\"contentUrl\":\"https:\/\/www.amuz.krakow.pl\/wp-content\/uploads\/2021\/11\/amkp.jpg\",\"width\":1193,\"height\":591,\"caption\":\"Akademia Muzyczna im. Krzysztofa Pendereckiego w Krakowie\"},\"image\":{\"@id\":\"https:\/\/www.amuz.krakow.pl\/#\/schema\/logo\/image\/\"},\"sameAs\":[\"https:\/\/www.facebook.com\/amuz.krakow\",\"https:\/\/www.instagram.com\/amkpenderecki\/\",\"https:\/\/www.youtube.com\/@amkpenderecki4806\"]}]}<\/script>\n<!-- \/ Yoast SEO plugin. -->","yoast_head_json":{"title":"AMKP - Akademia Muzyczna im. Krzysztofa Pendereckiego w Krakowie","robots":{"index":"index","follow":"follow","max-snippet":"max-snippet:-1","max-image-preview":"max-image-preview:large","max-video-preview":"max-video-preview:-1"},"canonical":"https:\/\/www.amuz.krakow.pl\/wydzialy\/wydzial-ii-instrumentalny\/katedra-kameralistyki\/zaklad-kameralistyki-instrumentow-smyczkowych\/dr-hab-anna-armatys-borrelli\/","og_locale":"en_US","og_type":"article","og_title":"AMKP - Akademia Muzyczna im. Krzysztofa Pendereckiego w Krakowie","og_description":"Edukacj\u0119 muzyczn\u0105 rozpocz\u0119\u0142a w rodzinnym Tarnowie, gdzie ucz\u0119szcza\u0142a najpierw do Pa\u0144stwowej Podstawowej Szko\u0142y Muzycznej. Nast\u0119pnie uko\u0144czy\u0142a z wyr\u00f3\u017cnieniem Pa\u0144stwowe Liceum Muzyczne. Podczas wszystkich lat szkolnych by\u0142a cz\u0142onkiem (koncertmistrzem grupy wiolonczel)&hellip; Continue reading","og_url":"https:\/\/www.amuz.krakow.pl\/wydzialy\/wydzial-ii-instrumentalny\/katedra-kameralistyki\/zaklad-kameralistyki-instrumentow-smyczkowych\/dr-hab-anna-armatys-borrelli\/","og_site_name":"Akademia Muzyczna im. Krzysztofa Pendereckiego w Krakowie","article_publisher":"https:\/\/www.facebook.com\/amuz.krakow","article_modified_time":"2026-02-17T08:29:17+00:00","og_image":[{"width":200,"height":100,"url":"https:\/\/www.amuz.krakow.pl\/wp-content\/uploads\/2026\/02\/Armatys-Borrelli-Anna.jpeg","type":"image\/jpeg"}],"twitter_card":"summary_large_image","twitter_misc":{"Est. reading time":"5 minutes"},"schema":{"@context":"https:\/\/schema.org","@graph":[{"@type":"WebPage","@id":"https:\/\/www.amuz.krakow.pl\/wydzialy\/wydzial-ii-instrumentalny\/katedra-kameralistyki\/zaklad-kameralistyki-instrumentow-smyczkowych\/dr-hab-anna-armatys-borrelli\/","url":"https:\/\/www.amuz.krakow.pl\/wydzialy\/wydzial-ii-instrumentalny\/katedra-kameralistyki\/zaklad-kameralistyki-instrumentow-smyczkowych\/dr-hab-anna-armatys-borrelli\/","name":"AMKP - Akademia Muzyczna im. Krzysztofa Pendereckiego w Krakowie","isPartOf":{"@id":"https:\/\/www.amuz.krakow.pl\/#website"},"primaryImageOfPage":{"@id":"https:\/\/www.amuz.krakow.pl\/wydzialy\/wydzial-ii-instrumentalny\/katedra-kameralistyki\/zaklad-kameralistyki-instrumentow-smyczkowych\/dr-hab-anna-armatys-borrelli\/#primaryimage"},"image":{"@id":"https:\/\/www.amuz.krakow.pl\/wydzialy\/wydzial-ii-instrumentalny\/katedra-kameralistyki\/zaklad-kameralistyki-instrumentow-smyczkowych\/dr-hab-anna-armatys-borrelli\/#primaryimage"},"thumbnailUrl":"https:\/\/www.amuz.krakow.pl\/wp-content\/uploads\/2026\/02\/Armatys-Borrelli-Anna.jpeg","datePublished":"2016-02-20T18:23:28+00:00","dateModified":"2026-02-17T08:29:17+00:00","breadcrumb":{"@id":"https:\/\/www.amuz.krakow.pl\/wydzialy\/wydzial-ii-instrumentalny\/katedra-kameralistyki\/zaklad-kameralistyki-instrumentow-smyczkowych\/dr-hab-anna-armatys-borrelli\/#breadcrumb"},"inLanguage":"en-US","potentialAction":[{"@type":"ReadAction","target":["https:\/\/www.amuz.krakow.pl\/wydzialy\/wydzial-ii-instrumentalny\/katedra-kameralistyki\/zaklad-kameralistyki-instrumentow-smyczkowych\/dr-hab-anna-armatys-borrelli\/"]}]},{"@type":"ImageObject","inLanguage":"en-US","@id":"https:\/\/www.amuz.krakow.pl\/wydzialy\/wydzial-ii-instrumentalny\/katedra-kameralistyki\/zaklad-kameralistyki-instrumentow-smyczkowych\/dr-hab-anna-armatys-borrelli\/#primaryimage","url":"https:\/\/www.amuz.krakow.pl\/wp-content\/uploads\/2026\/02\/Armatys-Borrelli-Anna.jpeg","contentUrl":"https:\/\/www.amuz.krakow.pl\/wp-content\/uploads\/2026\/02\/Armatys-Borrelli-Anna.jpeg","width":200,"height":100},{"@type":"BreadcrumbList","@id":"https:\/\/www.amuz.krakow.pl\/wydzialy\/wydzial-ii-instrumentalny\/katedra-kameralistyki\/zaklad-kameralistyki-instrumentow-smyczkowych\/dr-hab-anna-armatys-borrelli\/#breadcrumb","itemListElement":[{"@type":"ListItem","position":1,"name":"Strona g\u0142\u00f3wna","item":"https:\/\/www.amuz.krakow.pl\/"},{"@type":"ListItem","position":2,"name":"WYDZIA\u0141Y","item":"https:\/\/www.amuz.krakow.pl\/wydzialy\/"},{"@type":"ListItem","position":3,"name":"Wydzia\u0142 Instrumentalny","item":"https:\/\/www.amuz.krakow.pl\/wydzialy\/wydzial-ii-instrumentalny\/"},{"@type":"ListItem","position":4,"name":"Katedra Kameralistyki","item":"https:\/\/www.amuz.krakow.pl\/wydzialy\/wydzial-ii-instrumentalny\/katedra-kameralistyki\/"},{"@type":"ListItem","position":5,"name":"Zak\u0142ad Kameralistyki Instrument\u00f3w Smyczkowych","item":"https:\/\/www.amuz.krakow.pl\/wydzialy\/wydzial-ii-instrumentalny\/katedra-kameralistyki\/zaklad-kameralistyki-instrumentow-smyczkowych\/"},{"@type":"ListItem","position":6,"name":"dr hab. Anna Armatys-Borrelli, prof. AMKP"}]},{"@type":"WebSite","@id":"https:\/\/www.amuz.krakow.pl\/#website","url":"https:\/\/www.amuz.krakow.pl\/","name":"Akademia Muzyczna im. Krzysztofa Pendereckiego w Krakowie","description":"Oficjalna strona Akademii Muzycznej im. Krzysztofa Pendereckiego w Krakowie (AMKP).","publisher":{"@id":"https:\/\/www.amuz.krakow.pl\/#organization"},"alternateName":"AMKP","potentialAction":[{"@type":"SearchAction","target":{"@type":"EntryPoint","urlTemplate":"https:\/\/www.amuz.krakow.pl\/?s={search_term_string}"},"query-input":{"@type":"PropertyValueSpecification","valueRequired":true,"valueName":"search_term_string"}}],"inLanguage":"en-US"},{"@type":"Organization","@id":"https:\/\/www.amuz.krakow.pl\/#organization","name":"Akademia Muzyczna im. Krzysztofa Pendereckiego w Krakowie","alternateName":"AMKP","url":"https:\/\/www.amuz.krakow.pl\/","logo":{"@type":"ImageObject","inLanguage":"en-US","@id":"https:\/\/www.amuz.krakow.pl\/#\/schema\/logo\/image\/","url":"https:\/\/www.amuz.krakow.pl\/wp-content\/uploads\/2021\/11\/amkp.jpg","contentUrl":"https:\/\/www.amuz.krakow.pl\/wp-content\/uploads\/2021\/11\/amkp.jpg","width":1193,"height":591,"caption":"Akademia Muzyczna im. Krzysztofa Pendereckiego w Krakowie"},"image":{"@id":"https:\/\/www.amuz.krakow.pl\/#\/schema\/logo\/image\/"},"sameAs":["https:\/\/www.facebook.com\/amuz.krakow","https:\/\/www.instagram.com\/amkpenderecki\/","https:\/\/www.youtube.com\/@amkpenderecki4806"]}]}},"_links":{"self":[{"href":"https:\/\/www.amuz.krakow.pl\/en\/wp-json\/wp\/v2\/pages\/3108","targetHints":{"allow":["GET"]}}],"collection":[{"href":"https:\/\/www.amuz.krakow.pl\/en\/wp-json\/wp\/v2\/pages"}],"about":[{"href":"https:\/\/www.amuz.krakow.pl\/en\/wp-json\/wp\/v2\/types\/page"}],"author":[{"embeddable":true,"href":"https:\/\/www.amuz.krakow.pl\/en\/wp-json\/wp\/v2\/users\/72"}],"replies":[{"embeddable":true,"href":"https:\/\/www.amuz.krakow.pl\/en\/wp-json\/wp\/v2\/comments?post=3108"}],"version-history":[{"count":14,"href":"https:\/\/www.amuz.krakow.pl\/en\/wp-json\/wp\/v2\/pages\/3108\/revisions"}],"predecessor-version":[{"id":114751,"href":"https:\/\/www.amuz.krakow.pl\/en\/wp-json\/wp\/v2\/pages\/3108\/revisions\/114751"}],"up":[{"embeddable":true,"href":"https:\/\/www.amuz.krakow.pl\/en\/wp-json\/wp\/v2\/pages\/44252"}],"wp:featuredmedia":[{"embeddable":true,"href":"https:\/\/www.amuz.krakow.pl\/en\/wp-json\/wp\/v2\/media\/114752"}],"wp:attachment":[{"href":"https:\/\/www.amuz.krakow.pl\/en\/wp-json\/wp\/v2\/media?parent=3108"}],"curies":[{"name":"wp","href":"https:\/\/api.w.org\/{rel}","templated":true}]}}