{"id":28239,"date":"2019-01-24T21:00:10","date_gmt":"2019-01-24T20:00:10","guid":{"rendered":"https:\/\/www.amuz.krakow.pl\/?page_id=28239"},"modified":"2026-04-01T15:54:04","modified_gmt":"2026-04-01T13:54:04","slug":"rafal-jacek-delekta-dyrygentura","status":"publish","type":"page","link":"https:\/\/www.amuz.krakow.pl\/en\/letnia-akademia-muzyczna\/wykaz-kursow\/kompozycja-dyrygentura\/rafal-jacek-delekta-dyrygentura\/","title":{"rendered":"Rafa\u0142 Jacek Delekta &#8211; conducting"},"content":{"rendered":"<p><\/p>\n<p style=\"text-align: justify;\"><a href=\"https:\/\/www.amuz.krakow.pl\/wp-content\/uploads\/2016\/02\/Delekta-Rafa\u0142-Jacek.jpg\"><img loading=\"lazy\" decoding=\"async\" class=\"alignleft wp-image-1207 \" src=\"https:\/\/www.amuz.krakow.pl\/wp-content\/uploads\/2016\/02\/Delekta-Rafa\u0142-Jacek.jpg\" alt=\"Delekta Rafa\u0142 Jacek\" width=\"148\" height=\"199\" \/><\/a>Conductor, pedagogue, director and orchestrator. He graduated from the State Secondary Music School in Krakow, the viola class, and the Academy of Music in Krakow, the conducting class of Prof.\u00a0Jerzy Katlewicz (diploma with honours). At the Krakow Academy, he gained 1<sup>st<\/sup> and 2<sup>nd<\/sup>-level qualifications (1992, 1996). He participated in the Bach&#8217;s (Prof.\u00a0Rilling) and\u00a0Bartok&#8217;s (Prof.\u00a0Somogyi) music interpretation course. He completed the post-graduate marketing programme at the Warsaw School of Economics (SGH). As a conductor, he has cooperated with the Opera House and Operetta Theatre in Krakow, Sinfonia Varsovia, \u201cRoma\u201d theatre in Warsaw, the Music Theatre in Gliwice, the Music Theatre in Gdynia and international orchestras. He was the artistic and general manager of the Opera House in Bydgoszcz (1989-1991), conducted the Symphonic Orchestra of the Academy of Music in Krakow (1991-1996), established and directed for a long time the Young Philharmonic in Krakow (the Symphonic Orchestra of the Kar\u0142owicz Music School Complex\u00a0 in Krakow), with whom he gave concerts in Poland and abroad. He has conducted with such soloists as Tatiana Shebanowa, Sharon Markovitsh, El\u017cbieta Towarnicka, Konstanty Andrzej Kulka, Krzysztof Jakowicz, Janusz Olejniczak, Grigorij Zhyslin, Allan Marks, Kemal Gekic, Stanis\u0142aw Drzewiecki, Daniel Stabrawa and others. Frequently invited to make radio and TV recordings, he has recorded classical music, film music, theatre music, pop, rock and\u00a0jazz. He has conducted over 3000\u00a0operas, operettas and musicals and over 400\u00a0symphonic and chamber music concerts. He is an outstanding specialist in the interpretation of opera and oratorio music. A Professor of the Academies of Music in Krakow.<\/p>\n<p><\/p>","protected":false},"excerpt":{"rendered":"<p>Conductor, pedagogue, director and orchestrator. He graduated from the State Secondary Music School in Krakow, the viola class, and the Academy of Music in Krakow, the conducting class of Prof.\u00a0Jerzy&hellip; <a href=\"https:\/\/www.amuz.krakow.pl\/en\/letnia-akademia-muzyczna\/wykaz-kursow\/kompozycja-dyrygentura\/rafal-jacek-delekta-dyrygentura\/\">Continue reading<\/a><\/p>\n","protected":false},"author":72,"featured_media":0,"parent":47048,"menu_order":22,"comment_status":"closed","ping_status":"closed","template":"","meta":{"footnotes":"","_links_to":"","_links_to_target":""},"class_list":["post-28239","page","type-page","status-publish","hentry"],"yoast_head":"<!-- This site is optimized with the Yoast SEO plugin v27.4 - https:\/\/yoast.com\/product\/yoast-seo-wordpress\/ -->\n<title>AMKP - Akademia Muzyczna im. Krzysztofa Pendereckiego w Krakowie<\/title>\n<meta name=\"robots\" content=\"index, follow, max-snippet:-1, max-image-preview:large, max-video-preview:-1\" \/>\n<link rel=\"canonical\" href=\"https:\/\/www.amuz.krakow.pl\/letnia-akademia-muzyczna\/wykaz-kursow\/kompozycja-dyrygentura\/rafal-jacek-delekta-dyrygentura\/\" \/>\n<meta property=\"og:locale\" content=\"en_US\" \/>\n<meta property=\"og:type\" content=\"article\" \/>\n<meta property=\"og:title\" content=\"Rafa\u0142 Jacek Delekta - dyrygentura\" \/>\n<meta property=\"og:description\" content=\"Dyrygent, pedagog, re\u017cyser i\u00a0aran\u017cer. Urodzi\u0142 si\u0119 w\u00a01957 w\u00a0Krakowie. Uko\u0144czy\u0142 Pa\u0144stwowe Liceum Muzyczne w\u00a0Krakowie w\u00a0klasie alt\u00f3wki oraz Akademi\u0119 Muzyczn\u0105 w\u00a0Krakowie w\u00a0klasie dyrygentury prof. Jerzego Katlewicza (dyplom z\u00a0wyr\u00f3\u017cnieniem). W krakowskiej Akademii uzyska\u0142 kwalifikacje I\u00a0i II stopnia (1992, 1996). Bra\u0142 udzia\u0142 w\u00a0kursach interpretacji muzyki Bacha (prof. Rilling) i\u00a0Bartoka (prof. Somogyi). Uko\u0144czone podyplomowe studia marketingu w\u00a0Szkole G\u0142\u00f3wnej Handlowej w\u00a0Warszawie. Jako dyrygent wsp\u00f3\u0142pracowa\u0142 z\u00a0Oper\u0105 i\u00a0Operetk\u0105 w\u00a0Krakowie, Sinfoni\u0105 Varsovi\u0105, teatrem &quot;Roma&quot; w\u00a0Warszawie, Teatrem Muzycznym w\u00a0Gliwicach, Teatrem Muzycznym w\u00a0Gdyni i\u00a0orkiestrami zagranicznymi. Pe\u0142ni\u0142 funkcj\u0119 dyrektora artystycznego i\u00a0naczelnego Opery w\u00a0Bydgoszczy (1989-1991), kierowa\u0142 Orkiestr\u0105 Symfoniczn\u0105 krakowskiej Akademii Muzycznej (1991-1996); za\u0142o\u017cy\u0142 i\u00a0przez d\u0142ugi czas prowadzi\u0142 Krakowsk\u0105 M\u0142od\u0105 Filharmoni\u0119 (Orkiestr\u0119 Symfoniczn\u0105 Zespo\u0142u Szk\u00f3\u0142 Muzycznych im. Kar\u0142owicza w\u00a0Krakowie), z\u00a0kt\u00f3r\u0105 koncertowa\u0142 w\u00a0kraju i\u00a0za granic\u0105. Dyrygowa\u0142 z\u00a0solistami: Tatiana Shebanowa, Sharon Markovitsh, El\u017cbieta Towarnicka, Konstanty Andrzej Kulka, Krzysztof Jakowicz, Janusz Olejniczak, Grigorij Zhyslin, Allan Marks, Kemal Gekic, Stanis\u0142aw Drzewiecki, Daniel Stabrawa i\u00a0in. Stale anga\u017cowany do nagra\u0144 radiowych i\u00a0telewizyjnych; agrywa muzyk\u0119 klasyczn\u0105, filmow\u0105, teatraln\u0105, pop, rock i\u00a0jazz. Zadyrygowa\u0142 ponad 3000 przedstawie\u0144 operowych, operetkowych i\u00a0musicalowych i\u00a0ponad 400 koncert\u00f3w muzyki symfonicznej i\u00a0kameralnej. Jest wybitnym specjalist\u0105 w\u00a0dziedzinie interpretacji muzyki operowej i\u00a0oratoryjnej. Profesor Akademii Muzycznych w\u00a0Krakowie i\u00a0Gda\u0144sku, Dziekan Wydzia\u0142u Tw\u00f3rczo\u015bci, Interpretacji i\u00a0Edukacji Muzycznej Akademii Muzycznej w\u00a0Krakowie. raphaeldelekta.eu\" \/>\n<meta property=\"og:url\" content=\"https:\/\/www.amuz.krakow.pl\/letnia-akademia-muzyczna\/wykaz-kursow\/kompozycja-dyrygentura\/rafal-jacek-delekta-dyrygentura\/\" \/>\n<meta property=\"og:site_name\" content=\"Akademia Muzyczna im. Krzysztofa Pendereckiego w Krakowie\" \/>\n<meta property=\"article:publisher\" content=\"https:\/\/www.facebook.com\/amuz.krakow\" \/>\n<meta property=\"article:modified_time\" content=\"2026-04-01T13:54:04+00:00\" \/>\n<meta property=\"og:image\" content=\"https:\/\/www.amuz.krakow.pl\/wp-content\/uploads\/2016\/02\/Delekta-Rafa\u0142-Jacek.jpg\" \/>\n\t<meta property=\"og:image:width\" content=\"142\" \/>\n\t<meta property=\"og:image:height\" content=\"191\" \/>\n\t<meta property=\"og:image:type\" content=\"image\/jpeg\" \/>\n<meta name=\"twitter:card\" content=\"summary_large_image\" \/>\n<meta name=\"twitter:label1\" content=\"Est. reading time\" \/>\n\t<meta name=\"twitter:data1\" content=\"2 minutes\" \/>\n<script type=\"application\/ld+json\" class=\"yoast-schema-graph\">{\"@context\":\"https:\\\/\\\/schema.org\",\"@graph\":[{\"@type\":\"WebPage\",\"@id\":\"https:\\\/\\\/www.amuz.krakow.pl\\\/letnia-akademia-muzyczna\\\/wykaz-kursow\\\/kompozycja-dyrygentura\\\/rafal-jacek-delekta-dyrygentura\\\/\",\"url\":\"https:\\\/\\\/www.amuz.krakow.pl\\\/letnia-akademia-muzyczna\\\/wykaz-kursow\\\/kompozycja-dyrygentura\\\/rafal-jacek-delekta-dyrygentura\\\/\",\"name\":\"AMKP - Akademia Muzyczna im. Krzysztofa Pendereckiego w Krakowie\",\"isPartOf\":{\"@id\":\"https:\\\/\\\/www.amuz.krakow.pl\\\/#website\"},\"datePublished\":\"2019-01-24T20:00:10+00:00\",\"dateModified\":\"2026-04-01T13:54:04+00:00\",\"breadcrumb\":{\"@id\":\"https:\\\/\\\/www.amuz.krakow.pl\\\/letnia-akademia-muzyczna\\\/wykaz-kursow\\\/kompozycja-dyrygentura\\\/rafal-jacek-delekta-dyrygentura\\\/#breadcrumb\"},\"inLanguage\":\"en-US\",\"potentialAction\":[{\"@type\":\"ReadAction\",\"target\":[\"https:\\\/\\\/www.amuz.krakow.pl\\\/letnia-akademia-muzyczna\\\/wykaz-kursow\\\/kompozycja-dyrygentura\\\/rafal-jacek-delekta-dyrygentura\\\/\"]}]},{\"@type\":\"BreadcrumbList\",\"@id\":\"https:\\\/\\\/www.amuz.krakow.pl\\\/letnia-akademia-muzyczna\\\/wykaz-kursow\\\/kompozycja-dyrygentura\\\/rafal-jacek-delekta-dyrygentura\\\/#breadcrumb\",\"itemListElement\":[{\"@type\":\"ListItem\",\"position\":1,\"name\":\"Strona g\u0142\u00f3wna\",\"item\":\"https:\\\/\\\/www.amuz.krakow.pl\\\/\"},{\"@type\":\"ListItem\",\"position\":2,\"name\":\"Letnia Akademia Muzyczna\",\"item\":\"https:\\\/\\\/www.amuz.krakow.pl\\\/letnia-akademia-muzyczna\\\/\"},{\"@type\":\"ListItem\",\"position\":3,\"name\":\"Wykaz kurs\u00f3w\",\"item\":\"https:\\\/\\\/www.amuz.krakow.pl\\\/letnia-akademia-muzyczna\\\/wykaz-kursow\\\/\"},{\"@type\":\"ListItem\",\"position\":4,\"name\":\"Kompozycja\\\/ Dyrygentura\",\"item\":\"https:\\\/\\\/www.amuz.krakow.pl\\\/letnia-akademia-muzyczna\\\/wykaz-kursow\\\/kompozycja-dyrygentura\\\/\"},{\"@type\":\"ListItem\",\"position\":5,\"name\":\"Rafa\u0142 Jacek Delekta &#8211; dyrygentura\"}]},{\"@type\":\"WebSite\",\"@id\":\"https:\\\/\\\/www.amuz.krakow.pl\\\/#website\",\"url\":\"https:\\\/\\\/www.amuz.krakow.pl\\\/\",\"name\":\"Akademia Muzyczna im. Krzysztofa Pendereckiego w Krakowie\",\"description\":\"Oficjalna strona Akademii Muzycznej im. Krzysztofa Pendereckiego w Krakowie (AMKP).\",\"publisher\":{\"@id\":\"https:\\\/\\\/www.amuz.krakow.pl\\\/#organization\"},\"alternateName\":\"AMKP\",\"potentialAction\":[{\"@type\":\"SearchAction\",\"target\":{\"@type\":\"EntryPoint\",\"urlTemplate\":\"https:\\\/\\\/www.amuz.krakow.pl\\\/?s={search_term_string}\"},\"query-input\":{\"@type\":\"PropertyValueSpecification\",\"valueRequired\":true,\"valueName\":\"search_term_string\"}}],\"inLanguage\":\"en-US\"},{\"@type\":\"Organization\",\"@id\":\"https:\\\/\\\/www.amuz.krakow.pl\\\/#organization\",\"name\":\"Akademia Muzyczna im. Krzysztofa Pendereckiego w Krakowie\",\"alternateName\":\"AMKP\",\"url\":\"https:\\\/\\\/www.amuz.krakow.pl\\\/\",\"logo\":{\"@type\":\"ImageObject\",\"inLanguage\":\"en-US\",\"@id\":\"https:\\\/\\\/www.amuz.krakow.pl\\\/#\\\/schema\\\/logo\\\/image\\\/\",\"url\":\"https:\\\/\\\/www.amuz.krakow.pl\\\/wp-content\\\/uploads\\\/2021\\\/11\\\/amkp.jpg\",\"contentUrl\":\"https:\\\/\\\/www.amuz.krakow.pl\\\/wp-content\\\/uploads\\\/2021\\\/11\\\/amkp.jpg\",\"width\":1193,\"height\":591,\"caption\":\"Akademia Muzyczna im. Krzysztofa Pendereckiego w Krakowie\"},\"image\":{\"@id\":\"https:\\\/\\\/www.amuz.krakow.pl\\\/#\\\/schema\\\/logo\\\/image\\\/\"},\"sameAs\":[\"https:\\\/\\\/www.facebook.com\\\/amuz.krakow\",\"https:\\\/\\\/www.instagram.com\\\/amkpenderecki\\\/\",\"https:\\\/\\\/www.youtube.com\\\/@amkpenderecki4806\"]}]}<\/script>\n<!-- \/ Yoast SEO plugin. -->","yoast_head_json":{"title":"AMKP - Akademia Muzyczna im. Krzysztofa Pendereckiego w Krakowie","robots":{"index":"index","follow":"follow","max-snippet":"max-snippet:-1","max-image-preview":"max-image-preview:large","max-video-preview":"max-video-preview:-1"},"canonical":"https:\/\/www.amuz.krakow.pl\/letnia-akademia-muzyczna\/wykaz-kursow\/kompozycja-dyrygentura\/rafal-jacek-delekta-dyrygentura\/","og_locale":"en_US","og_type":"article","og_title":"Rafa\u0142 Jacek Delekta - dyrygentura","og_description":"Dyrygent, pedagog, re\u017cyser i\u00a0aran\u017cer. Urodzi\u0142 si\u0119 w\u00a01957 w\u00a0Krakowie. Uko\u0144czy\u0142 Pa\u0144stwowe Liceum Muzyczne w\u00a0Krakowie w\u00a0klasie alt\u00f3wki oraz Akademi\u0119 Muzyczn\u0105 w\u00a0Krakowie w\u00a0klasie dyrygentury prof. Jerzego Katlewicza (dyplom z\u00a0wyr\u00f3\u017cnieniem). W krakowskiej Akademii uzyska\u0142 kwalifikacje I\u00a0i II stopnia (1992, 1996). Bra\u0142 udzia\u0142 w\u00a0kursach interpretacji muzyki Bacha (prof. Rilling) i\u00a0Bartoka (prof. Somogyi). Uko\u0144czone podyplomowe studia marketingu w\u00a0Szkole G\u0142\u00f3wnej Handlowej w\u00a0Warszawie. Jako dyrygent wsp\u00f3\u0142pracowa\u0142 z\u00a0Oper\u0105 i\u00a0Operetk\u0105 w\u00a0Krakowie, Sinfoni\u0105 Varsovi\u0105, teatrem \"Roma\" w\u00a0Warszawie, Teatrem Muzycznym w\u00a0Gliwicach, Teatrem Muzycznym w\u00a0Gdyni i\u00a0orkiestrami zagranicznymi. Pe\u0142ni\u0142 funkcj\u0119 dyrektora artystycznego i\u00a0naczelnego Opery w\u00a0Bydgoszczy (1989-1991), kierowa\u0142 Orkiestr\u0105 Symfoniczn\u0105 krakowskiej Akademii Muzycznej (1991-1996); za\u0142o\u017cy\u0142 i\u00a0przez d\u0142ugi czas prowadzi\u0142 Krakowsk\u0105 M\u0142od\u0105 Filharmoni\u0119 (Orkiestr\u0119 Symfoniczn\u0105 Zespo\u0142u Szk\u00f3\u0142 Muzycznych im. Kar\u0142owicza w\u00a0Krakowie), z\u00a0kt\u00f3r\u0105 koncertowa\u0142 w\u00a0kraju i\u00a0za granic\u0105. Dyrygowa\u0142 z\u00a0solistami: Tatiana Shebanowa, Sharon Markovitsh, El\u017cbieta Towarnicka, Konstanty Andrzej Kulka, Krzysztof Jakowicz, Janusz Olejniczak, Grigorij Zhyslin, Allan Marks, Kemal Gekic, Stanis\u0142aw Drzewiecki, Daniel Stabrawa i\u00a0in. Stale anga\u017cowany do nagra\u0144 radiowych i\u00a0telewizyjnych; agrywa muzyk\u0119 klasyczn\u0105, filmow\u0105, teatraln\u0105, pop, rock i\u00a0jazz. Zadyrygowa\u0142 ponad 3000 przedstawie\u0144 operowych, operetkowych i\u00a0musicalowych i\u00a0ponad 400 koncert\u00f3w muzyki symfonicznej i\u00a0kameralnej. Jest wybitnym specjalist\u0105 w\u00a0dziedzinie interpretacji muzyki operowej i\u00a0oratoryjnej. Profesor Akademii Muzycznych w\u00a0Krakowie i\u00a0Gda\u0144sku, Dziekan Wydzia\u0142u Tw\u00f3rczo\u015bci, Interpretacji i\u00a0Edukacji Muzycznej Akademii Muzycznej w\u00a0Krakowie. raphaeldelekta.eu","og_url":"https:\/\/www.amuz.krakow.pl\/letnia-akademia-muzyczna\/wykaz-kursow\/kompozycja-dyrygentura\/rafal-jacek-delekta-dyrygentura\/","og_site_name":"Akademia Muzyczna im. Krzysztofa Pendereckiego w Krakowie","article_publisher":"https:\/\/www.facebook.com\/amuz.krakow","article_modified_time":"2026-04-01T13:54:04+00:00","og_image":[{"width":142,"height":191,"url":"https:\/\/www.amuz.krakow.pl\/wp-content\/uploads\/2016\/02\/Delekta-Rafa\u0142-Jacek.jpg","type":"image\/jpeg"}],"twitter_card":"summary_large_image","twitter_misc":{"Est. reading time":"2 minutes"},"schema":{"@context":"https:\/\/schema.org","@graph":[{"@type":"WebPage","@id":"https:\/\/www.amuz.krakow.pl\/letnia-akademia-muzyczna\/wykaz-kursow\/kompozycja-dyrygentura\/rafal-jacek-delekta-dyrygentura\/","url":"https:\/\/www.amuz.krakow.pl\/letnia-akademia-muzyczna\/wykaz-kursow\/kompozycja-dyrygentura\/rafal-jacek-delekta-dyrygentura\/","name":"AMKP - Akademia Muzyczna im. Krzysztofa Pendereckiego w Krakowie","isPartOf":{"@id":"https:\/\/www.amuz.krakow.pl\/#website"},"datePublished":"2019-01-24T20:00:10+00:00","dateModified":"2026-04-01T13:54:04+00:00","breadcrumb":{"@id":"https:\/\/www.amuz.krakow.pl\/letnia-akademia-muzyczna\/wykaz-kursow\/kompozycja-dyrygentura\/rafal-jacek-delekta-dyrygentura\/#breadcrumb"},"inLanguage":"en-US","potentialAction":[{"@type":"ReadAction","target":["https:\/\/www.amuz.krakow.pl\/letnia-akademia-muzyczna\/wykaz-kursow\/kompozycja-dyrygentura\/rafal-jacek-delekta-dyrygentura\/"]}]},{"@type":"BreadcrumbList","@id":"https:\/\/www.amuz.krakow.pl\/letnia-akademia-muzyczna\/wykaz-kursow\/kompozycja-dyrygentura\/rafal-jacek-delekta-dyrygentura\/#breadcrumb","itemListElement":[{"@type":"ListItem","position":1,"name":"Strona g\u0142\u00f3wna","item":"https:\/\/www.amuz.krakow.pl\/"},{"@type":"ListItem","position":2,"name":"Letnia Akademia Muzyczna","item":"https:\/\/www.amuz.krakow.pl\/letnia-akademia-muzyczna\/"},{"@type":"ListItem","position":3,"name":"Wykaz kurs\u00f3w","item":"https:\/\/www.amuz.krakow.pl\/letnia-akademia-muzyczna\/wykaz-kursow\/"},{"@type":"ListItem","position":4,"name":"Kompozycja\/ Dyrygentura","item":"https:\/\/www.amuz.krakow.pl\/letnia-akademia-muzyczna\/wykaz-kursow\/kompozycja-dyrygentura\/"},{"@type":"ListItem","position":5,"name":"Rafa\u0142 Jacek Delekta &#8211; dyrygentura"}]},{"@type":"WebSite","@id":"https:\/\/www.amuz.krakow.pl\/#website","url":"https:\/\/www.amuz.krakow.pl\/","name":"Akademia Muzyczna im. Krzysztofa Pendereckiego w Krakowie","description":"Oficjalna strona Akademii Muzycznej im. Krzysztofa Pendereckiego w Krakowie (AMKP).","publisher":{"@id":"https:\/\/www.amuz.krakow.pl\/#organization"},"alternateName":"AMKP","potentialAction":[{"@type":"SearchAction","target":{"@type":"EntryPoint","urlTemplate":"https:\/\/www.amuz.krakow.pl\/?s={search_term_string}"},"query-input":{"@type":"PropertyValueSpecification","valueRequired":true,"valueName":"search_term_string"}}],"inLanguage":"en-US"},{"@type":"Organization","@id":"https:\/\/www.amuz.krakow.pl\/#organization","name":"Akademia Muzyczna im. Krzysztofa Pendereckiego w Krakowie","alternateName":"AMKP","url":"https:\/\/www.amuz.krakow.pl\/","logo":{"@type":"ImageObject","inLanguage":"en-US","@id":"https:\/\/www.amuz.krakow.pl\/#\/schema\/logo\/image\/","url":"https:\/\/www.amuz.krakow.pl\/wp-content\/uploads\/2021\/11\/amkp.jpg","contentUrl":"https:\/\/www.amuz.krakow.pl\/wp-content\/uploads\/2021\/11\/amkp.jpg","width":1193,"height":591,"caption":"Akademia Muzyczna im. Krzysztofa Pendereckiego w Krakowie"},"image":{"@id":"https:\/\/www.amuz.krakow.pl\/#\/schema\/logo\/image\/"},"sameAs":["https:\/\/www.facebook.com\/amuz.krakow","https:\/\/www.instagram.com\/amkpenderecki\/","https:\/\/www.youtube.com\/@amkpenderecki4806"]}]}},"_links":{"self":[{"href":"https:\/\/www.amuz.krakow.pl\/en\/wp-json\/wp\/v2\/pages\/28239","targetHints":{"allow":["GET"]}}],"collection":[{"href":"https:\/\/www.amuz.krakow.pl\/en\/wp-json\/wp\/v2\/pages"}],"about":[{"href":"https:\/\/www.amuz.krakow.pl\/en\/wp-json\/wp\/v2\/types\/page"}],"author":[{"embeddable":true,"href":"https:\/\/www.amuz.krakow.pl\/en\/wp-json\/wp\/v2\/users\/72"}],"replies":[{"embeddable":true,"href":"https:\/\/www.amuz.krakow.pl\/en\/wp-json\/wp\/v2\/comments?post=28239"}],"version-history":[{"count":3,"href":"https:\/\/www.amuz.krakow.pl\/en\/wp-json\/wp\/v2\/pages\/28239\/revisions"}],"predecessor-version":[{"id":117711,"href":"https:\/\/www.amuz.krakow.pl\/en\/wp-json\/wp\/v2\/pages\/28239\/revisions\/117711"}],"up":[{"embeddable":true,"href":"https:\/\/www.amuz.krakow.pl\/en\/wp-json\/wp\/v2\/pages\/47048"}],"wp:attachment":[{"href":"https:\/\/www.amuz.krakow.pl\/en\/wp-json\/wp\/v2\/media?parent=28239"}],"curies":[{"name":"wp","href":"https:\/\/api.w.org\/{rel}","templated":true}]}}