{"id":27880,"date":"2019-01-09T10:45:01","date_gmt":"2019-01-09T09:45:01","guid":{"rendered":"https:\/\/www.amuz.krakow.pl\/?page_id=27880"},"modified":"2026-04-01T16:00:29","modified_gmt":"2026-04-01T14:00:29","slug":"milena-kedra-fortepian","status":"publish","type":"page","link":"https:\/\/www.amuz.krakow.pl\/en\/letnia-akademia-muzyczna\/wykaz-kursow\/instrumenty-klawiszowe\/milena-kedra-fortepian\/","title":{"rendered":"Milena K\u0119dra &#8211; piano"},"content":{"rendered":"<p><figure id=\"attachment_83976\" aria-describedby=\"caption-attachment-83976\" style=\"width: 235px\" class=\"wp-caption aligncenter\"><a href=\"https:\/\/www.amuz.krakow.pl\/wp-content\/uploads\/2024\/03\/Milena-Kedra-fot.-Fotografia-Paheli-scaled.jpg\" target=\"_blank\" rel=\"noopener\"><img loading=\"lazy\" decoding=\"async\" class=\"wp-image-83976 size-medium\" src=\"https:\/\/www.amuz.krakow.pl\/wp-content\/uploads\/2024\/03\/Milena-Kedra-fot.-Fotografia-Paheli-235x300.jpg\" alt=\"\" width=\"235\" height=\"300\" srcset=\"https:\/\/www.amuz.krakow.pl\/wp-content\/uploads\/2024\/03\/Milena-Kedra-fot.-Fotografia-Paheli-235x300.jpg 235w, https:\/\/www.amuz.krakow.pl\/wp-content\/uploads\/2024\/03\/Milena-Kedra-fot.-Fotografia-Paheli-scaled.jpg 1606w, https:\/\/www.amuz.krakow.pl\/wp-content\/uploads\/2024\/03\/Milena-Kedra-fot.-Fotografia-Paheli-768x979.jpg 768w, https:\/\/www.amuz.krakow.pl\/wp-content\/uploads\/2024\/03\/Milena-Kedra-fot.-Fotografia-Paheli-1204x1536.jpg 1204w\" sizes=\"auto, (max-width: 235px) 100vw, 235px\" \/><\/a><figcaption id=\"caption-attachment-83976\" class=\"wp-caption-text\">photo by Fotografia Paheli<\/figcaption><\/figure><\/p>\n<p><strong>Dr hab. Milena K\u0119dra<\/strong> is a pianist, chamber musician, and educator whose artistic path has been shaped by outstanding pedagogues such as Andrzej Pikul, Piotr Paleczny, Halina Czerny-Stefa\u0144ska, Jan Ekier, Maria Szmyd Dormus, and Karl Heinz Kammerling. During her studies, she completed an assistantship, collaborating with Prof. Adam Kaczy\u0144ski, the founder of the Department of Contemporary Music at the Academy of Music in Krakow, and the founder of the legendary MW2 ensemble specializing in the performance of new music. Her artistic versatility and commitment to the development of Polish piano education are reflected in numerous achievements and projects.<\/p>\n<p>As a professor at the Academy of Music in Krakow named after K. Penderecki, Milena K\u0119dra shares her knowledge and experience with successive generations of pianists, inspiring them to invest in their development and search for their own artistic path. Her students and graduates receive awards and distinctions in national and international competitions, and successfully pursue their own artistic and educational endeavors.<\/p>\n<p>She actively performs concerts in Poland and abroad, not only as a soloist but also as a chamber musician. She forms the Cracow Piano Duo with Micha\u0142 Dziad. She also performs premieres of works by contemporary Polish composers.<\/p>\n<p>Her involvement in organizational activities includes the creation and implementation of projects such as the &#8220;Krakow Young Pianists Festival,&#8221; the &#8220;National Piano Duet Competition Quattro Mani,&#8221; and the &#8220;National Piano Competition in honor of Irena Rolanowska.&#8221; She is also the originator and implementer of the &#8220;Summer Art Manufactory&#8221; project, which for six years contributed to the promotion of culture and support for the education of young talents in Niepo\u0142omice.<\/p>\n<p>For 10 years, she was the president of the Ma\u0142opolska Manufaktura Sztuki Association, where she co-created events such as the &#8220;Chamber Music Festival Music in Stare Balice,&#8221; the series of concerts &#8220;Bridges&#8221; featuring contemporary music, and interdisciplinary events combining music and visual arts &#8211; &#8220;Hebdowskie Meetings with Art.&#8221;<\/p>\n<p>Currently, as a member of the Association of Polish Chamber Musicians, Milena K\u0119dra continues her mission of popularizing music and supporting young talents, combining the roles of pianist, chamber musician, educator, and cultural activist. Her contribution to the promotion of Polish culture and music education has been recognized with numerous awards and honors, including the Award of the Center for Artistic Education for outstanding contribution to the development of artistic education in Poland, the Award of the Minister of Culture and National Heritage, the distinction &#8220;Meritorious for Polish Culture,&#8221; and the Medal of the National Education Commission.<\/p>","protected":false},"excerpt":{"rendered":"<p>Dr hab. Milena K\u0119dra is a pianist, chamber musician, and educator whose artistic path has been shaped by outstanding pedagogues such as Andrzej Pikul, Piotr Paleczny, Halina Czerny-Stefa\u0144ska, Jan Ekier,&hellip; <a href=\"https:\/\/www.amuz.krakow.pl\/en\/letnia-akademia-muzyczna\/wykaz-kursow\/instrumenty-klawiszowe\/milena-kedra-fortepian\/\">Continue reading<\/a><\/p>\n","protected":false},"author":72,"featured_media":83977,"parent":47050,"menu_order":5,"comment_status":"closed","ping_status":"closed","template":"","meta":{"footnotes":"","_links_to":"","_links_to_target":""},"class_list":["post-27880","page","type-page","status-publish","has-post-thumbnail","hentry"],"yoast_head":"<!-- This site is optimized with the Yoast SEO plugin v27.4 - https:\/\/yoast.com\/product\/yoast-seo-wordpress\/ -->\n<title>AMKP - Akademia Muzyczna im. Krzysztofa Pendereckiego w Krakowie<\/title>\n<meta name=\"robots\" content=\"index, follow, max-snippet:-1, max-image-preview:large, max-video-preview:-1\" \/>\n<link rel=\"canonical\" href=\"https:\/\/www.amuz.krakow.pl\/letnia-akademia-muzyczna\/wykaz-kursow\/instrumenty-klawiszowe\/milena-kedra-fortepian\/\" \/>\n<meta property=\"og:locale\" content=\"en_US\" \/>\n<meta property=\"og:type\" content=\"article\" \/>\n<meta property=\"og:title\" content=\"Milena K\u0119dra - fortepian\" \/>\n<meta property=\"og:description\" content=\"Pianistka, kameralistka i pedagog.\u00a0 W roku 1999 uko\u0144czy\u0142a z wynikiem celuj\u0105cym Akademi\u0119 Muzyczn\u0105 w Krakowie w klasie prof. Andrzeja Pikula. W roku 1998 odby\u0142a sta\u017c asystencki w Katedrze Muzyki Wsp\u00f3\u0142czesnej Akademii Muzycznej w Krakowie pod kierunkiem prof. Adama Kaczy\u0144skiego. W trakcie studi\u00f3w na krakowskiej uczelni\u00a0 pracowa\u0142a w klasie kameralnej pod kierunkiem prof. Marii Szmyd- Dormus, zdobywaj\u0105c\u00a0 z triem MK3\u00a0 nagrody i wyr\u00f3\u017cnienia na konkursach kameralnych .W roku 2001 uko\u0144czy\u0142a Studia Podyplomowe w klasie fortepianu prof. Piotra Palecznego na Uniwersytecie Muzycznym im. F. Chopina w Warszawie. Swoje umiej\u0119tno\u015bci jako solistka i kameralistka doskonali\u0142a podczas licznych kurs\u00f3w mistrzowskich i konsultacji prowadzonych m.in. przez: Halin\u0119 Czerny-Stefa\u0144sk\u0105, Jana Ekiera, Kevina Kennera, Gerardo Vil\u0119, Jeana- Paula Sevill\u0119, Karla Heinza K\u00e4mmerlinga, Paula Badur\u0119-Skod\u0119, Bernarda Ringeissena, Elz\u0119 Kolodin, Andrieja Or\u0142owieckiego, Kwartet \u015al\u0105ski, Michaela Straussa, Bernarda Greenhausa, Marka Lubotskiego , Andrzeja Tatarskiego i Mariana Lapsanskyego. Jest laureatk\u0105 krajowych i mi\u0119dzynarodowych konkurs\u00f3w pianistycznych i kameralnych, W roku 1997 otrzyma\u0142a stypendium artystyczne Ministra Kultury i Sztuki. Dokona\u0142a nagra\u0144 archiwalnych dla Radia Opole , Radia Krak\u00f3w , Radia Cluj\u00a0 (Rumunia) oraz telewizji Krak\u00f3w, BBC i NHK. Wielokrotnie by\u0142a zapraszana na festiwale w kraju i za granic\u0105.Prowadzi dzia\u0142alno\u015b\u0107 koncertow\u0105 \u00a0w Polsce, Holandii, Niemczech, Hiszpanii, Szwajcarii, Austrii, Rumunii, Mo\u0142dawii, W\u0142oszech, Brazylii. Po uko\u0144czeniu studi\u00f3w w 1999 roku rozpocz\u0119\u0142a prac\u0119 jako asystent Katedry Fortepianu Akademii Muzycznej w Krakowie. Od 2005 roku prowadzi klas\u0119 fortepianu w POSM II st. im . F. Chopina w Krakowie.W maju 2008 r. uzyska\u0142a stopie\u0144 naukowy doktora sztuki i w wyniku konkursu otrzyma\u0142a\u00a0 stanowisko adiunkta w Katedrze Fortepianu Akademii Muzycznej w Krakowie.Od pa\u017adziernika 2008 r. prowadzi w\u0142asn\u0105 klas\u0119 fortepianu w Katedrze Fortepianu Akademii Muzycznej w Krakowie. Jej \u00a0uczniowie i studenci s\u0105 laureatami ponad 100 nagr\u00f3d i wyr\u00f3\u017cnie\u0144 \u00a0na konkursach krajowych i mi\u0119dzynarodowych. Jest zapraszana \u00a0jako juror konkurs\u00f3w pianistycznych oraz prowadzi \u00a0lekcje otwarte i warsztaty pianistyczne dla dzieci i m\u0142odzie\u017cy. Od pa\u017adziernika 2013 r. jest Kierownikiem Mi\u0119dzywydzia\u0142owego Zespo\u0142u Fortepianu Obowi\u0105zuj\u0105cego Akademii Muzycznej w Krakowie. W listopadzie \u00a02013 r. \u00a0wraz z dr Barbar\u0105 \u0141ypik - Sobaniec za\u0142o\u017cy\u0142a Stowarzyszenie Ma\u0142opolska Manufaktura Sztuki, kt\u00f3rego obecnie jest prezesem. Ma\u0142opolska Manufaktura Sztuki jest organizatorem festiwali - Muzyka w Starych Balicach,\u00a0 Hebdowskich Spotka\u0144 ze Sztuk\u0105 oraz wsp\u00f3\u0142organizowanego z Akademi\u0105 Muzyczn\u0105 w Krakowie cyklu koncertowego \u201cMOSTY\u201d. Od 2016 roku jest dyrektorem artystycznym Letniej Manufaktury Sztuki w Niepo\u0142omicach.\u00a0 W roku 2018 uzyska\u0142a stopie\u0144 doktora habilitowanego.\" \/>\n<meta property=\"og:url\" content=\"https:\/\/www.amuz.krakow.pl\/letnia-akademia-muzyczna\/wykaz-kursow\/instrumenty-klawiszowe\/milena-kedra-fortepian\/\" \/>\n<meta property=\"og:site_name\" content=\"Akademia Muzyczna im. Krzysztofa Pendereckiego w Krakowie\" \/>\n<meta property=\"article:publisher\" content=\"https:\/\/www.facebook.com\/amuz.krakow\" \/>\n<meta property=\"article:modified_time\" content=\"2026-04-01T14:00:29+00:00\" \/>\n<meta property=\"og:image\" content=\"https:\/\/www.amuz.krakow.pl\/wp-content\/uploads\/2020\/02\/Milena-K\u0119dra-fot-Paheli-scaled.jpg\" \/>\n\t<meta property=\"og:image:width\" content=\"1523\" \/>\n\t<meta property=\"og:image:height\" content=\"2048\" \/>\n\t<meta property=\"og:image:type\" content=\"image\/jpeg\" \/>\n<meta name=\"twitter:card\" content=\"summary_large_image\" \/>\n<meta name=\"twitter:label1\" content=\"Est. reading time\" \/>\n\t<meta name=\"twitter:data1\" content=\"3 minutes\" \/>\n<script type=\"application\/ld+json\" class=\"yoast-schema-graph\">{\"@context\":\"https:\\\/\\\/schema.org\",\"@graph\":[{\"@type\":\"WebPage\",\"@id\":\"https:\\\/\\\/www.amuz.krakow.pl\\\/letnia-akademia-muzyczna\\\/wykaz-kursow\\\/instrumenty-klawiszowe\\\/milena-kedra-fortepian\\\/\",\"url\":\"https:\\\/\\\/www.amuz.krakow.pl\\\/letnia-akademia-muzyczna\\\/wykaz-kursow\\\/instrumenty-klawiszowe\\\/milena-kedra-fortepian\\\/\",\"name\":\"AMKP - Akademia Muzyczna im. Krzysztofa Pendereckiego w Krakowie\",\"isPartOf\":{\"@id\":\"https:\\\/\\\/www.amuz.krakow.pl\\\/#website\"},\"primaryImageOfPage\":{\"@id\":\"https:\\\/\\\/www.amuz.krakow.pl\\\/letnia-akademia-muzyczna\\\/wykaz-kursow\\\/instrumenty-klawiszowe\\\/milena-kedra-fortepian\\\/#primaryimage\"},\"image\":{\"@id\":\"https:\\\/\\\/www.amuz.krakow.pl\\\/letnia-akademia-muzyczna\\\/wykaz-kursow\\\/instrumenty-klawiszowe\\\/milena-kedra-fortepian\\\/#primaryimage\"},\"thumbnailUrl\":\"https:\\\/\\\/www.amuz.krakow.pl\\\/wp-content\\\/uploads\\\/2024\\\/03\\\/Milena-Kedra_kafelek-fot.-Fotografia-Paheli-scaled.jpg\",\"datePublished\":\"2019-01-09T09:45:01+00:00\",\"dateModified\":\"2026-04-01T14:00:29+00:00\",\"breadcrumb\":{\"@id\":\"https:\\\/\\\/www.amuz.krakow.pl\\\/letnia-akademia-muzyczna\\\/wykaz-kursow\\\/instrumenty-klawiszowe\\\/milena-kedra-fortepian\\\/#breadcrumb\"},\"inLanguage\":\"en-US\",\"potentialAction\":[{\"@type\":\"ReadAction\",\"target\":[\"https:\\\/\\\/www.amuz.krakow.pl\\\/letnia-akademia-muzyczna\\\/wykaz-kursow\\\/instrumenty-klawiszowe\\\/milena-kedra-fortepian\\\/\"]}]},{\"@type\":\"ImageObject\",\"inLanguage\":\"en-US\",\"@id\":\"https:\\\/\\\/www.amuz.krakow.pl\\\/letnia-akademia-muzyczna\\\/wykaz-kursow\\\/instrumenty-klawiszowe\\\/milena-kedra-fortepian\\\/#primaryimage\",\"url\":\"https:\\\/\\\/www.amuz.krakow.pl\\\/wp-content\\\/uploads\\\/2024\\\/03\\\/Milena-Kedra_kafelek-fot.-Fotografia-Paheli-scaled.jpg\",\"contentUrl\":\"https:\\\/\\\/www.amuz.krakow.pl\\\/wp-content\\\/uploads\\\/2024\\\/03\\\/Milena-Kedra_kafelek-fot.-Fotografia-Paheli-scaled.jpg\",\"width\":2048,\"height\":1024},{\"@type\":\"BreadcrumbList\",\"@id\":\"https:\\\/\\\/www.amuz.krakow.pl\\\/letnia-akademia-muzyczna\\\/wykaz-kursow\\\/instrumenty-klawiszowe\\\/milena-kedra-fortepian\\\/#breadcrumb\",\"itemListElement\":[{\"@type\":\"ListItem\",\"position\":1,\"name\":\"Strona g\u0142\u00f3wna\",\"item\":\"https:\\\/\\\/www.amuz.krakow.pl\\\/\"},{\"@type\":\"ListItem\",\"position\":2,\"name\":\"Letnia Akademia Muzyczna\",\"item\":\"https:\\\/\\\/www.amuz.krakow.pl\\\/letnia-akademia-muzyczna\\\/\"},{\"@type\":\"ListItem\",\"position\":3,\"name\":\"Wykaz kurs\u00f3w\",\"item\":\"https:\\\/\\\/www.amuz.krakow.pl\\\/letnia-akademia-muzyczna\\\/wykaz-kursow\\\/\"},{\"@type\":\"ListItem\",\"position\":4,\"name\":\"Instrumenty klawiszowe\",\"item\":\"https:\\\/\\\/www.amuz.krakow.pl\\\/letnia-akademia-muzyczna\\\/wykaz-kursow\\\/instrumenty-klawiszowe\\\/\"},{\"@type\":\"ListItem\",\"position\":5,\"name\":\"Milena K\u0119dra &#8211; fortepian\"}]},{\"@type\":\"WebSite\",\"@id\":\"https:\\\/\\\/www.amuz.krakow.pl\\\/#website\",\"url\":\"https:\\\/\\\/www.amuz.krakow.pl\\\/\",\"name\":\"Akademia Muzyczna im. Krzysztofa Pendereckiego w Krakowie\",\"description\":\"Oficjalna strona Akademii Muzycznej im. Krzysztofa Pendereckiego w Krakowie (AMKP).\",\"publisher\":{\"@id\":\"https:\\\/\\\/www.amuz.krakow.pl\\\/#organization\"},\"alternateName\":\"AMKP\",\"potentialAction\":[{\"@type\":\"SearchAction\",\"target\":{\"@type\":\"EntryPoint\",\"urlTemplate\":\"https:\\\/\\\/www.amuz.krakow.pl\\\/?s={search_term_string}\"},\"query-input\":{\"@type\":\"PropertyValueSpecification\",\"valueRequired\":true,\"valueName\":\"search_term_string\"}}],\"inLanguage\":\"en-US\"},{\"@type\":\"Organization\",\"@id\":\"https:\\\/\\\/www.amuz.krakow.pl\\\/#organization\",\"name\":\"Akademia Muzyczna im. Krzysztofa Pendereckiego w Krakowie\",\"alternateName\":\"AMKP\",\"url\":\"https:\\\/\\\/www.amuz.krakow.pl\\\/\",\"logo\":{\"@type\":\"ImageObject\",\"inLanguage\":\"en-US\",\"@id\":\"https:\\\/\\\/www.amuz.krakow.pl\\\/#\\\/schema\\\/logo\\\/image\\\/\",\"url\":\"https:\\\/\\\/www.amuz.krakow.pl\\\/wp-content\\\/uploads\\\/2021\\\/11\\\/amkp.jpg\",\"contentUrl\":\"https:\\\/\\\/www.amuz.krakow.pl\\\/wp-content\\\/uploads\\\/2021\\\/11\\\/amkp.jpg\",\"width\":1193,\"height\":591,\"caption\":\"Akademia Muzyczna im. Krzysztofa Pendereckiego w Krakowie\"},\"image\":{\"@id\":\"https:\\\/\\\/www.amuz.krakow.pl\\\/#\\\/schema\\\/logo\\\/image\\\/\"},\"sameAs\":[\"https:\\\/\\\/www.facebook.com\\\/amuz.krakow\",\"https:\\\/\\\/www.instagram.com\\\/amkpenderecki\\\/\",\"https:\\\/\\\/www.youtube.com\\\/@amkpenderecki4806\"]}]}<\/script>\n<!-- \/ Yoast SEO plugin. -->","yoast_head_json":{"title":"AMKP - Akademia Muzyczna im. Krzysztofa Pendereckiego w Krakowie","robots":{"index":"index","follow":"follow","max-snippet":"max-snippet:-1","max-image-preview":"max-image-preview:large","max-video-preview":"max-video-preview:-1"},"canonical":"https:\/\/www.amuz.krakow.pl\/letnia-akademia-muzyczna\/wykaz-kursow\/instrumenty-klawiszowe\/milena-kedra-fortepian\/","og_locale":"en_US","og_type":"article","og_title":"Milena K\u0119dra - fortepian","og_description":"Pianistka, kameralistka i pedagog.\u00a0 W roku 1999 uko\u0144czy\u0142a z wynikiem celuj\u0105cym Akademi\u0119 Muzyczn\u0105 w Krakowie w klasie prof. Andrzeja Pikula. W roku 1998 odby\u0142a sta\u017c asystencki w Katedrze Muzyki Wsp\u00f3\u0142czesnej Akademii Muzycznej w Krakowie pod kierunkiem prof. Adama Kaczy\u0144skiego. W trakcie studi\u00f3w na krakowskiej uczelni\u00a0 pracowa\u0142a w klasie kameralnej pod kierunkiem prof. Marii Szmyd- Dormus, zdobywaj\u0105c\u00a0 z triem MK3\u00a0 nagrody i wyr\u00f3\u017cnienia na konkursach kameralnych .W roku 2001 uko\u0144czy\u0142a Studia Podyplomowe w klasie fortepianu prof. Piotra Palecznego na Uniwersytecie Muzycznym im. F. Chopina w Warszawie. Swoje umiej\u0119tno\u015bci jako solistka i kameralistka doskonali\u0142a podczas licznych kurs\u00f3w mistrzowskich i konsultacji prowadzonych m.in. przez: Halin\u0119 Czerny-Stefa\u0144sk\u0105, Jana Ekiera, Kevina Kennera, Gerardo Vil\u0119, Jeana- Paula Sevill\u0119, Karla Heinza K\u00e4mmerlinga, Paula Badur\u0119-Skod\u0119, Bernarda Ringeissena, Elz\u0119 Kolodin, Andrieja Or\u0142owieckiego, Kwartet \u015al\u0105ski, Michaela Straussa, Bernarda Greenhausa, Marka Lubotskiego , Andrzeja Tatarskiego i Mariana Lapsanskyego. Jest laureatk\u0105 krajowych i mi\u0119dzynarodowych konkurs\u00f3w pianistycznych i kameralnych, W roku 1997 otrzyma\u0142a stypendium artystyczne Ministra Kultury i Sztuki. Dokona\u0142a nagra\u0144 archiwalnych dla Radia Opole , Radia Krak\u00f3w , Radia Cluj\u00a0 (Rumunia) oraz telewizji Krak\u00f3w, BBC i NHK. Wielokrotnie by\u0142a zapraszana na festiwale w kraju i za granic\u0105.Prowadzi dzia\u0142alno\u015b\u0107 koncertow\u0105 \u00a0w Polsce, Holandii, Niemczech, Hiszpanii, Szwajcarii, Austrii, Rumunii, Mo\u0142dawii, W\u0142oszech, Brazylii. Po uko\u0144czeniu studi\u00f3w w 1999 roku rozpocz\u0119\u0142a prac\u0119 jako asystent Katedry Fortepianu Akademii Muzycznej w Krakowie. Od 2005 roku prowadzi klas\u0119 fortepianu w POSM II st. im . F. Chopina w Krakowie.W maju 2008 r. uzyska\u0142a stopie\u0144 naukowy doktora sztuki i w wyniku konkursu otrzyma\u0142a\u00a0 stanowisko adiunkta w Katedrze Fortepianu Akademii Muzycznej w Krakowie.Od pa\u017adziernika 2008 r. prowadzi w\u0142asn\u0105 klas\u0119 fortepianu w Katedrze Fortepianu Akademii Muzycznej w Krakowie. Jej \u00a0uczniowie i studenci s\u0105 laureatami ponad 100 nagr\u00f3d i wyr\u00f3\u017cnie\u0144 \u00a0na konkursach krajowych i mi\u0119dzynarodowych. Jest zapraszana \u00a0jako juror konkurs\u00f3w pianistycznych oraz prowadzi \u00a0lekcje otwarte i warsztaty pianistyczne dla dzieci i m\u0142odzie\u017cy. Od pa\u017adziernika 2013 r. jest Kierownikiem Mi\u0119dzywydzia\u0142owego Zespo\u0142u Fortepianu Obowi\u0105zuj\u0105cego Akademii Muzycznej w Krakowie. W listopadzie \u00a02013 r. \u00a0wraz z dr Barbar\u0105 \u0141ypik - Sobaniec za\u0142o\u017cy\u0142a Stowarzyszenie Ma\u0142opolska Manufaktura Sztuki, kt\u00f3rego obecnie jest prezesem. Ma\u0142opolska Manufaktura Sztuki jest organizatorem festiwali - Muzyka w Starych Balicach,\u00a0 Hebdowskich Spotka\u0144 ze Sztuk\u0105 oraz wsp\u00f3\u0142organizowanego z Akademi\u0105 Muzyczn\u0105 w Krakowie cyklu koncertowego \u201cMOSTY\u201d. Od 2016 roku jest dyrektorem artystycznym Letniej Manufaktury Sztuki w Niepo\u0142omicach.\u00a0 W roku 2018 uzyska\u0142a stopie\u0144 doktora habilitowanego.","og_url":"https:\/\/www.amuz.krakow.pl\/letnia-akademia-muzyczna\/wykaz-kursow\/instrumenty-klawiszowe\/milena-kedra-fortepian\/","og_site_name":"Akademia Muzyczna im. Krzysztofa Pendereckiego w Krakowie","article_publisher":"https:\/\/www.facebook.com\/amuz.krakow","article_modified_time":"2026-04-01T14:00:29+00:00","og_image":[{"width":1523,"height":2048,"url":"https:\/\/www.amuz.krakow.pl\/wp-content\/uploads\/2020\/02\/Milena-K\u0119dra-fot-Paheli-scaled.jpg","type":"image\/jpeg"}],"twitter_card":"summary_large_image","twitter_misc":{"Est. reading time":"3 minutes"},"schema":{"@context":"https:\/\/schema.org","@graph":[{"@type":"WebPage","@id":"https:\/\/www.amuz.krakow.pl\/letnia-akademia-muzyczna\/wykaz-kursow\/instrumenty-klawiszowe\/milena-kedra-fortepian\/","url":"https:\/\/www.amuz.krakow.pl\/letnia-akademia-muzyczna\/wykaz-kursow\/instrumenty-klawiszowe\/milena-kedra-fortepian\/","name":"AMKP - Akademia Muzyczna im. Krzysztofa Pendereckiego w Krakowie","isPartOf":{"@id":"https:\/\/www.amuz.krakow.pl\/#website"},"primaryImageOfPage":{"@id":"https:\/\/www.amuz.krakow.pl\/letnia-akademia-muzyczna\/wykaz-kursow\/instrumenty-klawiszowe\/milena-kedra-fortepian\/#primaryimage"},"image":{"@id":"https:\/\/www.amuz.krakow.pl\/letnia-akademia-muzyczna\/wykaz-kursow\/instrumenty-klawiszowe\/milena-kedra-fortepian\/#primaryimage"},"thumbnailUrl":"https:\/\/www.amuz.krakow.pl\/wp-content\/uploads\/2024\/03\/Milena-Kedra_kafelek-fot.-Fotografia-Paheli-scaled.jpg","datePublished":"2019-01-09T09:45:01+00:00","dateModified":"2026-04-01T14:00:29+00:00","breadcrumb":{"@id":"https:\/\/www.amuz.krakow.pl\/letnia-akademia-muzyczna\/wykaz-kursow\/instrumenty-klawiszowe\/milena-kedra-fortepian\/#breadcrumb"},"inLanguage":"en-US","potentialAction":[{"@type":"ReadAction","target":["https:\/\/www.amuz.krakow.pl\/letnia-akademia-muzyczna\/wykaz-kursow\/instrumenty-klawiszowe\/milena-kedra-fortepian\/"]}]},{"@type":"ImageObject","inLanguage":"en-US","@id":"https:\/\/www.amuz.krakow.pl\/letnia-akademia-muzyczna\/wykaz-kursow\/instrumenty-klawiszowe\/milena-kedra-fortepian\/#primaryimage","url":"https:\/\/www.amuz.krakow.pl\/wp-content\/uploads\/2024\/03\/Milena-Kedra_kafelek-fot.-Fotografia-Paheli-scaled.jpg","contentUrl":"https:\/\/www.amuz.krakow.pl\/wp-content\/uploads\/2024\/03\/Milena-Kedra_kafelek-fot.-Fotografia-Paheli-scaled.jpg","width":2048,"height":1024},{"@type":"BreadcrumbList","@id":"https:\/\/www.amuz.krakow.pl\/letnia-akademia-muzyczna\/wykaz-kursow\/instrumenty-klawiszowe\/milena-kedra-fortepian\/#breadcrumb","itemListElement":[{"@type":"ListItem","position":1,"name":"Strona g\u0142\u00f3wna","item":"https:\/\/www.amuz.krakow.pl\/"},{"@type":"ListItem","position":2,"name":"Letnia Akademia Muzyczna","item":"https:\/\/www.amuz.krakow.pl\/letnia-akademia-muzyczna\/"},{"@type":"ListItem","position":3,"name":"Wykaz kurs\u00f3w","item":"https:\/\/www.amuz.krakow.pl\/letnia-akademia-muzyczna\/wykaz-kursow\/"},{"@type":"ListItem","position":4,"name":"Instrumenty klawiszowe","item":"https:\/\/www.amuz.krakow.pl\/letnia-akademia-muzyczna\/wykaz-kursow\/instrumenty-klawiszowe\/"},{"@type":"ListItem","position":5,"name":"Milena K\u0119dra &#8211; fortepian"}]},{"@type":"WebSite","@id":"https:\/\/www.amuz.krakow.pl\/#website","url":"https:\/\/www.amuz.krakow.pl\/","name":"Akademia Muzyczna im. Krzysztofa Pendereckiego w Krakowie","description":"Oficjalna strona Akademii Muzycznej im. Krzysztofa Pendereckiego w Krakowie (AMKP).","publisher":{"@id":"https:\/\/www.amuz.krakow.pl\/#organization"},"alternateName":"AMKP","potentialAction":[{"@type":"SearchAction","target":{"@type":"EntryPoint","urlTemplate":"https:\/\/www.amuz.krakow.pl\/?s={search_term_string}"},"query-input":{"@type":"PropertyValueSpecification","valueRequired":true,"valueName":"search_term_string"}}],"inLanguage":"en-US"},{"@type":"Organization","@id":"https:\/\/www.amuz.krakow.pl\/#organization","name":"Akademia Muzyczna im. Krzysztofa Pendereckiego w Krakowie","alternateName":"AMKP","url":"https:\/\/www.amuz.krakow.pl\/","logo":{"@type":"ImageObject","inLanguage":"en-US","@id":"https:\/\/www.amuz.krakow.pl\/#\/schema\/logo\/image\/","url":"https:\/\/www.amuz.krakow.pl\/wp-content\/uploads\/2021\/11\/amkp.jpg","contentUrl":"https:\/\/www.amuz.krakow.pl\/wp-content\/uploads\/2021\/11\/amkp.jpg","width":1193,"height":591,"caption":"Akademia Muzyczna im. Krzysztofa Pendereckiego w Krakowie"},"image":{"@id":"https:\/\/www.amuz.krakow.pl\/#\/schema\/logo\/image\/"},"sameAs":["https:\/\/www.facebook.com\/amuz.krakow","https:\/\/www.instagram.com\/amkpenderecki\/","https:\/\/www.youtube.com\/@amkpenderecki4806"]}]}},"_links":{"self":[{"href":"https:\/\/www.amuz.krakow.pl\/en\/wp-json\/wp\/v2\/pages\/27880","targetHints":{"allow":["GET"]}}],"collection":[{"href":"https:\/\/www.amuz.krakow.pl\/en\/wp-json\/wp\/v2\/pages"}],"about":[{"href":"https:\/\/www.amuz.krakow.pl\/en\/wp-json\/wp\/v2\/types\/page"}],"author":[{"embeddable":true,"href":"https:\/\/www.amuz.krakow.pl\/en\/wp-json\/wp\/v2\/users\/72"}],"replies":[{"embeddable":true,"href":"https:\/\/www.amuz.krakow.pl\/en\/wp-json\/wp\/v2\/comments?post=27880"}],"version-history":[{"count":15,"href":"https:\/\/www.amuz.krakow.pl\/en\/wp-json\/wp\/v2\/pages\/27880\/revisions"}],"predecessor-version":[{"id":98920,"href":"https:\/\/www.amuz.krakow.pl\/en\/wp-json\/wp\/v2\/pages\/27880\/revisions\/98920"}],"up":[{"embeddable":true,"href":"https:\/\/www.amuz.krakow.pl\/en\/wp-json\/wp\/v2\/pages\/47050"}],"wp:featuredmedia":[{"embeddable":true,"href":"https:\/\/www.amuz.krakow.pl\/en\/wp-json\/wp\/v2\/media\/83977"}],"wp:attachment":[{"href":"https:\/\/www.amuz.krakow.pl\/en\/wp-json\/wp\/v2\/media?parent=27880"}],"curies":[{"name":"wp","href":"https:\/\/api.w.org\/{rel}","templated":true}]}}