{"id":25957,"date":"2018-09-25T11:11:52","date_gmt":"2018-09-25T09:11:52","guid":{"rendered":"https:\/\/www.amuz.krakow.pl\/?page_id=25957"},"modified":"2025-07-11T10:08:39","modified_gmt":"2025-07-11T08:08:39","slug":"dr-maciej-zimka","status":"publish","type":"page","link":"https:\/\/www.amuz.krakow.pl\/en\/wydzialy\/wydzial-ii-instrumentalny\/katedra-instrumentow-detych-i-akordeonu\/pracownicy-katedry\/dr-maciej-zimka\/","title":{"rendered":"dr hab. Maciej Zimka"},"content":{"rendered":"<p><figure id=\"attachment_33313\" aria-describedby=\"caption-attachment-33313\" style=\"width: 300px\" class=\"wp-caption aligncenter\"><a href=\"https:\/\/www.amuz.krakow.pl\/wp-content\/uploads\/2019\/10\/Maciej-Zimka.jpg\" target=\"_blank\" rel=\"noopener\"><img loading=\"lazy\" decoding=\"async\" class=\"wp-image-33313 size-medium\" src=\"https:\/\/www.amuz.krakow.pl\/wp-content\/uploads\/2019\/10\/Maciej-Zimka-300x200.jpg\" alt=\"\" width=\"300\" height=\"200\" srcset=\"https:\/\/www.amuz.krakow.pl\/wp-content\/uploads\/2019\/10\/Maciej-Zimka-300x200.jpg 300w, https:\/\/www.amuz.krakow.pl\/wp-content\/uploads\/2019\/10\/Maciej-Zimka-768x512.jpg 768w, https:\/\/www.amuz.krakow.pl\/wp-content\/uploads\/2019\/10\/Maciej-Zimka.jpg 2048w\" sizes=\"auto, (max-width: 300px) 100vw, 300px\" \/><\/a><figcaption id=\"caption-attachment-33313\" class=\"wp-caption-text\">\u00a9 Adam Golec<\/figcaption><\/figure><\/p>\n<p><strong>Maciej ZIMKA, Accordionist and composer. <\/strong><\/p>\n<p style=\"text-align: justify;\">He\u2019s a graduate of the studies at the Academy of Music in Krak\u00f3w (Poland) in the accordion class of Professor Janusz Pater, graduated also a PhD of the Academy. Maciej Zimka is a prize-winner at numerous instrumental competitions, both Polish and international ones. Among others he won the 1st prize at the <em>VI-ojo Lietuvos Akordeonistu Konkurso Vilnius<\/em> (Lithuania) and the 1st prize at the <em>45. Internationaler Akkordeonwettbwerb Klingenthal<\/em> (Germany, chamber music category). Maciej Zimka is an active musician performing classical and modern music. He performed during numerous festivals, including <em>Sound 12<\/em>\u201d Newcastle upon Tyne (United Kingdom), <em>Les Cl\u00e9s du Classique (France\/Spain)<\/em>, <em>Festival Musique et Patrimoine en Vienne et Gartempe<\/em> (France), <em>Concerts at Lempertz<\/em> (Belgium), <em>Modena Organ Festival<\/em> (Italy), <em>Share.Music.Leipzig<\/em> (Germany), <em>Calliope Kammermusikreihe<\/em> (Germany), <em>Music en Tricastin<\/em> (France), Trnavsk\u00e1 Hudobn\u00e1 Jar (Slovakia), Svatov\u00e1clavsk\u00fd hudebn\u00ed festival (Czech Republic), <em>Classica Brianza<\/em> (Italy), <em>Prikarpacka Vesna<\/em> (Ukraine), and <em>Fimucit\u00e9<\/em> (Spain). In his native Poland, he has performed at major events such as the <em>Audio Art Festival<\/em>, <em>MOZG Festival<\/em>, <em>Karol Szymanowski International Music Festival in Zakopane<\/em>, <em>Lower Silesian Music Festival<\/em>, and the <em>Szymanowski Festival \u2013 Poland \u2013 World.<\/em>\u00a0Maciej Zimka is also an active composer. He composes works for the accordion, other instruments and chamber music ensembles. He won Grand Prix at <em>VII International Composition Competition<\/em> in Sanok (Poland). Since 2011 , Maciej Zimka is involved in the activities of the NGO &#8211; Foundation for Art Forum in the field of international cooperation and organization of many cultural projects. Hi is the Art Director of \u201cMusic in Monuments\u201d Festival (since 2020) and curator of <em>Word Premiere Accordion Compositions Concert <\/em>(since 2014)\u00a0Released in 2021 by <em>Requiem Records<\/em> \/ <em>Opus Series<\/em>, the artist&#8217;s phonographic albums with classical music <em>AccoChameleon<\/em> (co-performer: Wies\u0142aw Ochwat &#8211; accordion) and with his chamber compositions with accordion <em>Out of The Circle<\/em> (co-performers: Maria S\u0142awek &#8211; violin, Wies\u0142aw Ochwat &#8211; accordion, Mi\u0142osz M\u0105czy\u0144ski &#8211; guitar, Piotr Lato &#8211; clarinet) received awards in the <em>10th International Music Awards Spring<\/em> 2022 Clouzine Magazine (USA) in the following categories: the best instrumental album (<em>Accochameleon<\/em>) and the best classical album (<em>Out of The Circle<\/em>). In addition, both albums were nominated for awards in the prestigious <em>Opus Klassik 2022<\/em> competition. <em>The Out of the Circle<\/em> album was also awarded the Golden Diploma for outstanding achievement in the category of musical arts at the <em>2nd International Competition &#8220;Musical Eagles&#8221;<\/em> (2022). Since 2018, Maciej Zimka has been teaching the accordion class at the Krzysztof Penderecki Academy of Music in Krak\u00f3w.<\/p>\n<p>&nbsp;<\/p>\n<p><strong>Compositions (Selection): <\/strong><\/p>\n<p><em>Scheherezade <\/em>(mezzosoprano, piano, 2007, prize awarded)<\/p>\n<p><em>Sonate for Violin and Accordion <\/em>(2008-2009, prize awarded)<\/p>\n<p><em>Songs of the Night <\/em>(mezzosoprano, piano, 2010)<\/p>\n<p><em>8 Little Pieces for Piano <\/em>(2012)<\/p>\n<p><em>Highland Roll <\/em>(accordion, clarinet, violin, double bass, 2013)<\/p>\n<p><em>Between paths <\/em>(accordion, 2015, prize awarded)<\/p>\n<p><em>Scrub <\/em>(woodwind trio, 2016)<\/p>\n<p><em>Sonate <\/em>(piano, 2017, prize awarded)<\/p>\n<p><em>Sonate for guitar and accordion <\/em>(2018, Grand Prix)<\/p>\n<p><em>Nightingale and the Crow <\/em>(mezzosoprano, piano, 2018, prize awarded)<\/p>\n<p><em>Concerto for Accordion and Strings <\/em>(2018)<\/p>\n<p><em>Ad Noctum <\/em>(accordion, quater-tone accordion, clarinet, bass clarinet, oboe, english horn, 2018)<\/p>\n<p><em>The Fall #1 <\/em>(flute, clarinet, basson 2020)<\/p>\n<p><em>Ab oriente lux <\/em>(violin, piano 2022)<\/p>\n<p style=\"text-align: justify;\"><em>Concerto Grosso <\/em>(woodwind quintet, chamber orchestra, 2023)<\/p>\n<p><em>Campo de Fiori <\/em>(mezzosoprano, flute, clarinet, accordion, 2024)<\/p>\n<p><em>Folie a Deux <\/em>(flute, harpsichord, strings, 2024)<\/p>\n<p style=\"text-align: justify;\"><em>Suita <\/em>(violin, viola, piano, 2025)<\/p>\n<p>&nbsp;<\/p>\n<p><a href=\"mailto:maciej.zimka@amuz.krakow.pl\">maciej.zimka@amuz.krakow.pl<\/a><\/p>","protected":false},"excerpt":{"rendered":"<p>Maciej ZIMKA, Accordionist and composer. He\u2019s a graduate of the studies at the Academy of Music in Krak\u00f3w (Poland) in the accordion class of Professor Janusz Pater, graduated also a&hellip; <a href=\"https:\/\/www.amuz.krakow.pl\/en\/wydzialy\/wydzial-ii-instrumentalny\/katedra-instrumentow-detych-i-akordeonu\/pracownicy-katedry\/dr-maciej-zimka\/\">Continue reading<\/a><\/p>\n","protected":false},"author":72,"featured_media":33313,"parent":2139,"menu_order":18,"comment_status":"closed","ping_status":"closed","template":"","meta":{"footnotes":"","_links_to":"","_links_to_target":""},"class_list":["post-25957","page","type-page","status-publish","has-post-thumbnail","hentry"],"yoast_head":"<!-- This site is optimized with the Yoast SEO plugin v27.2 - https:\/\/yoast.com\/product\/yoast-seo-wordpress\/ -->\n<title>AMKP - Akademia Muzyczna im. Krzysztofa Pendereckiego w Krakowie<\/title>\n<meta name=\"robots\" content=\"index, follow, max-snippet:-1, max-image-preview:large, max-video-preview:-1\" \/>\n<link rel=\"canonical\" href=\"https:\/\/www.amuz.krakow.pl\/wydzialy\/wydzial-ii-instrumentalny\/katedra-instrumentow-detych-i-akordeonu\/pracownicy-katedry\/dr-maciej-zimka\/\" \/>\n<meta property=\"og:locale\" content=\"en_US\" \/>\n<meta property=\"og:type\" content=\"article\" \/>\n<meta property=\"og:title\" content=\"AMKP - Akademia Muzyczna im. Krzysztofa Pendereckiego w Krakowie\" \/>\n<meta property=\"og:description\" content=\"Maciej ZIMKA, Accordionist and composer. He\u2019s a graduate of the studies at the Academy of Music in Krak\u00f3w (Poland) in the accordion class of Professor Janusz Pater, graduated also a&hellip; Continue reading\" \/>\n<meta property=\"og:url\" content=\"https:\/\/www.amuz.krakow.pl\/wydzialy\/wydzial-ii-instrumentalny\/katedra-instrumentow-detych-i-akordeonu\/pracownicy-katedry\/dr-maciej-zimka\/\" \/>\n<meta property=\"og:site_name\" content=\"Akademia Muzyczna im. Krzysztofa Pendereckiego w Krakowie\" \/>\n<meta property=\"article:publisher\" content=\"https:\/\/www.facebook.com\/amuz.krakow\" \/>\n<meta property=\"article:modified_time\" content=\"2025-07-11T08:08:39+00:00\" \/>\n<meta property=\"og:image\" content=\"https:\/\/www.amuz.krakow.pl\/wp-content\/uploads\/2019\/10\/Maciej-Zimka.jpg\" \/>\n\t<meta property=\"og:image:width\" content=\"2048\" \/>\n\t<meta property=\"og:image:height\" content=\"1366\" \/>\n\t<meta property=\"og:image:type\" content=\"image\/jpeg\" \/>\n<meta name=\"twitter:card\" content=\"summary_large_image\" \/>\n<meta name=\"twitter:label1\" content=\"Est. reading time\" \/>\n\t<meta name=\"twitter:data1\" content=\"4 minutes\" \/>\n<script type=\"application\/ld+json\" class=\"yoast-schema-graph\">{\"@context\":\"https:\/\/schema.org\",\"@graph\":[{\"@type\":\"WebPage\",\"@id\":\"https:\/\/www.amuz.krakow.pl\/wydzialy\/wydzial-ii-instrumentalny\/katedra-instrumentow-detych-i-akordeonu\/pracownicy-katedry\/dr-maciej-zimka\/\",\"url\":\"https:\/\/www.amuz.krakow.pl\/wydzialy\/wydzial-ii-instrumentalny\/katedra-instrumentow-detych-i-akordeonu\/pracownicy-katedry\/dr-maciej-zimka\/\",\"name\":\"AMKP - Akademia Muzyczna im. Krzysztofa Pendereckiego w Krakowie\",\"isPartOf\":{\"@id\":\"https:\/\/www.amuz.krakow.pl\/#website\"},\"primaryImageOfPage\":{\"@id\":\"https:\/\/www.amuz.krakow.pl\/wydzialy\/wydzial-ii-instrumentalny\/katedra-instrumentow-detych-i-akordeonu\/pracownicy-katedry\/dr-maciej-zimka\/#primaryimage\"},\"image\":{\"@id\":\"https:\/\/www.amuz.krakow.pl\/wydzialy\/wydzial-ii-instrumentalny\/katedra-instrumentow-detych-i-akordeonu\/pracownicy-katedry\/dr-maciej-zimka\/#primaryimage\"},\"thumbnailUrl\":\"https:\/\/www.amuz.krakow.pl\/wp-content\/uploads\/2019\/10\/Maciej-Zimka.jpg\",\"datePublished\":\"2018-09-25T09:11:52+00:00\",\"dateModified\":\"2025-07-11T08:08:39+00:00\",\"breadcrumb\":{\"@id\":\"https:\/\/www.amuz.krakow.pl\/wydzialy\/wydzial-ii-instrumentalny\/katedra-instrumentow-detych-i-akordeonu\/pracownicy-katedry\/dr-maciej-zimka\/#breadcrumb\"},\"inLanguage\":\"en-US\",\"potentialAction\":[{\"@type\":\"ReadAction\",\"target\":[\"https:\/\/www.amuz.krakow.pl\/wydzialy\/wydzial-ii-instrumentalny\/katedra-instrumentow-detych-i-akordeonu\/pracownicy-katedry\/dr-maciej-zimka\/\"]}]},{\"@type\":\"ImageObject\",\"inLanguage\":\"en-US\",\"@id\":\"https:\/\/www.amuz.krakow.pl\/wydzialy\/wydzial-ii-instrumentalny\/katedra-instrumentow-detych-i-akordeonu\/pracownicy-katedry\/dr-maciej-zimka\/#primaryimage\",\"url\":\"https:\/\/www.amuz.krakow.pl\/wp-content\/uploads\/2019\/10\/Maciej-Zimka.jpg\",\"contentUrl\":\"https:\/\/www.amuz.krakow.pl\/wp-content\/uploads\/2019\/10\/Maciej-Zimka.jpg\",\"width\":2048,\"height\":1366,\"caption\":\"\u00a9 Adam Golec \/ adamgolec.info\"},{\"@type\":\"BreadcrumbList\",\"@id\":\"https:\/\/www.amuz.krakow.pl\/wydzialy\/wydzial-ii-instrumentalny\/katedra-instrumentow-detych-i-akordeonu\/pracownicy-katedry\/dr-maciej-zimka\/#breadcrumb\",\"itemListElement\":[{\"@type\":\"ListItem\",\"position\":1,\"name\":\"Strona g\u0142\u00f3wna\",\"item\":\"https:\/\/www.amuz.krakow.pl\/\"},{\"@type\":\"ListItem\",\"position\":2,\"name\":\"WYDZIA\u0141Y\",\"item\":\"https:\/\/www.amuz.krakow.pl\/wydzialy\/\"},{\"@type\":\"ListItem\",\"position\":3,\"name\":\"Wydzia\u0142 Instrumentalny\",\"item\":\"https:\/\/www.amuz.krakow.pl\/wydzialy\/wydzial-ii-instrumentalny\/\"},{\"@type\":\"ListItem\",\"position\":4,\"name\":\"Katedra Instrument\u00f3w D\u0119tych i Akordeonu\",\"item\":\"https:\/\/www.amuz.krakow.pl\/wydzialy\/wydzial-ii-instrumentalny\/katedra-instrumentow-detych-i-akordeonu\/\"},{\"@type\":\"ListItem\",\"position\":5,\"name\":\"Pracownicy Katedry\",\"item\":\"https:\/\/www.amuz.krakow.pl\/wydzialy\/wydzial-ii-instrumentalny\/katedra-instrumentow-detych-i-akordeonu\/pracownicy-katedry\/\"},{\"@type\":\"ListItem\",\"position\":6,\"name\":\"dr hab. Maciej Zimka\"}]},{\"@type\":\"WebSite\",\"@id\":\"https:\/\/www.amuz.krakow.pl\/#website\",\"url\":\"https:\/\/www.amuz.krakow.pl\/\",\"name\":\"Akademia Muzyczna im. Krzysztofa Pendereckiego w Krakowie\",\"description\":\"Oficjalna strona Akademii Muzycznej im. Krzysztofa Pendereckiego w Krakowie (AMKP).\",\"publisher\":{\"@id\":\"https:\/\/www.amuz.krakow.pl\/#organization\"},\"alternateName\":\"AMKP\",\"potentialAction\":[{\"@type\":\"SearchAction\",\"target\":{\"@type\":\"EntryPoint\",\"urlTemplate\":\"https:\/\/www.amuz.krakow.pl\/?s={search_term_string}\"},\"query-input\":{\"@type\":\"PropertyValueSpecification\",\"valueRequired\":true,\"valueName\":\"search_term_string\"}}],\"inLanguage\":\"en-US\"},{\"@type\":\"Organization\",\"@id\":\"https:\/\/www.amuz.krakow.pl\/#organization\",\"name\":\"Akademia Muzyczna im. Krzysztofa Pendereckiego w Krakowie\",\"alternateName\":\"AMKP\",\"url\":\"https:\/\/www.amuz.krakow.pl\/\",\"logo\":{\"@type\":\"ImageObject\",\"inLanguage\":\"en-US\",\"@id\":\"https:\/\/www.amuz.krakow.pl\/#\/schema\/logo\/image\/\",\"url\":\"https:\/\/www.amuz.krakow.pl\/wp-content\/uploads\/2021\/11\/amkp.jpg\",\"contentUrl\":\"https:\/\/www.amuz.krakow.pl\/wp-content\/uploads\/2021\/11\/amkp.jpg\",\"width\":1193,\"height\":591,\"caption\":\"Akademia Muzyczna im. Krzysztofa Pendereckiego w Krakowie\"},\"image\":{\"@id\":\"https:\/\/www.amuz.krakow.pl\/#\/schema\/logo\/image\/\"},\"sameAs\":[\"https:\/\/www.facebook.com\/amuz.krakow\",\"https:\/\/www.instagram.com\/amkpenderecki\/\",\"https:\/\/www.youtube.com\/@amkpenderecki4806\"]}]}<\/script>\n<!-- \/ Yoast SEO plugin. -->","yoast_head_json":{"title":"AMKP - Akademia Muzyczna im. Krzysztofa Pendereckiego w Krakowie","robots":{"index":"index","follow":"follow","max-snippet":"max-snippet:-1","max-image-preview":"max-image-preview:large","max-video-preview":"max-video-preview:-1"},"canonical":"https:\/\/www.amuz.krakow.pl\/wydzialy\/wydzial-ii-instrumentalny\/katedra-instrumentow-detych-i-akordeonu\/pracownicy-katedry\/dr-maciej-zimka\/","og_locale":"en_US","og_type":"article","og_title":"AMKP - Akademia Muzyczna im. Krzysztofa Pendereckiego w Krakowie","og_description":"Maciej ZIMKA, Accordionist and composer. He\u2019s a graduate of the studies at the Academy of Music in Krak\u00f3w (Poland) in the accordion class of Professor Janusz Pater, graduated also a&hellip; Continue reading","og_url":"https:\/\/www.amuz.krakow.pl\/wydzialy\/wydzial-ii-instrumentalny\/katedra-instrumentow-detych-i-akordeonu\/pracownicy-katedry\/dr-maciej-zimka\/","og_site_name":"Akademia Muzyczna im. Krzysztofa Pendereckiego w Krakowie","article_publisher":"https:\/\/www.facebook.com\/amuz.krakow","article_modified_time":"2025-07-11T08:08:39+00:00","og_image":[{"width":2048,"height":1366,"url":"https:\/\/www.amuz.krakow.pl\/wp-content\/uploads\/2019\/10\/Maciej-Zimka.jpg","type":"image\/jpeg"}],"twitter_card":"summary_large_image","twitter_misc":{"Est. reading time":"4 minutes"},"schema":{"@context":"https:\/\/schema.org","@graph":[{"@type":"WebPage","@id":"https:\/\/www.amuz.krakow.pl\/wydzialy\/wydzial-ii-instrumentalny\/katedra-instrumentow-detych-i-akordeonu\/pracownicy-katedry\/dr-maciej-zimka\/","url":"https:\/\/www.amuz.krakow.pl\/wydzialy\/wydzial-ii-instrumentalny\/katedra-instrumentow-detych-i-akordeonu\/pracownicy-katedry\/dr-maciej-zimka\/","name":"AMKP - Akademia Muzyczna im. Krzysztofa Pendereckiego w Krakowie","isPartOf":{"@id":"https:\/\/www.amuz.krakow.pl\/#website"},"primaryImageOfPage":{"@id":"https:\/\/www.amuz.krakow.pl\/wydzialy\/wydzial-ii-instrumentalny\/katedra-instrumentow-detych-i-akordeonu\/pracownicy-katedry\/dr-maciej-zimka\/#primaryimage"},"image":{"@id":"https:\/\/www.amuz.krakow.pl\/wydzialy\/wydzial-ii-instrumentalny\/katedra-instrumentow-detych-i-akordeonu\/pracownicy-katedry\/dr-maciej-zimka\/#primaryimage"},"thumbnailUrl":"https:\/\/www.amuz.krakow.pl\/wp-content\/uploads\/2019\/10\/Maciej-Zimka.jpg","datePublished":"2018-09-25T09:11:52+00:00","dateModified":"2025-07-11T08:08:39+00:00","breadcrumb":{"@id":"https:\/\/www.amuz.krakow.pl\/wydzialy\/wydzial-ii-instrumentalny\/katedra-instrumentow-detych-i-akordeonu\/pracownicy-katedry\/dr-maciej-zimka\/#breadcrumb"},"inLanguage":"en-US","potentialAction":[{"@type":"ReadAction","target":["https:\/\/www.amuz.krakow.pl\/wydzialy\/wydzial-ii-instrumentalny\/katedra-instrumentow-detych-i-akordeonu\/pracownicy-katedry\/dr-maciej-zimka\/"]}]},{"@type":"ImageObject","inLanguage":"en-US","@id":"https:\/\/www.amuz.krakow.pl\/wydzialy\/wydzial-ii-instrumentalny\/katedra-instrumentow-detych-i-akordeonu\/pracownicy-katedry\/dr-maciej-zimka\/#primaryimage","url":"https:\/\/www.amuz.krakow.pl\/wp-content\/uploads\/2019\/10\/Maciej-Zimka.jpg","contentUrl":"https:\/\/www.amuz.krakow.pl\/wp-content\/uploads\/2019\/10\/Maciej-Zimka.jpg","width":2048,"height":1366,"caption":"\u00a9 Adam Golec \/ adamgolec.info"},{"@type":"BreadcrumbList","@id":"https:\/\/www.amuz.krakow.pl\/wydzialy\/wydzial-ii-instrumentalny\/katedra-instrumentow-detych-i-akordeonu\/pracownicy-katedry\/dr-maciej-zimka\/#breadcrumb","itemListElement":[{"@type":"ListItem","position":1,"name":"Strona g\u0142\u00f3wna","item":"https:\/\/www.amuz.krakow.pl\/"},{"@type":"ListItem","position":2,"name":"WYDZIA\u0141Y","item":"https:\/\/www.amuz.krakow.pl\/wydzialy\/"},{"@type":"ListItem","position":3,"name":"Wydzia\u0142 Instrumentalny","item":"https:\/\/www.amuz.krakow.pl\/wydzialy\/wydzial-ii-instrumentalny\/"},{"@type":"ListItem","position":4,"name":"Katedra Instrument\u00f3w D\u0119tych i Akordeonu","item":"https:\/\/www.amuz.krakow.pl\/wydzialy\/wydzial-ii-instrumentalny\/katedra-instrumentow-detych-i-akordeonu\/"},{"@type":"ListItem","position":5,"name":"Pracownicy Katedry","item":"https:\/\/www.amuz.krakow.pl\/wydzialy\/wydzial-ii-instrumentalny\/katedra-instrumentow-detych-i-akordeonu\/pracownicy-katedry\/"},{"@type":"ListItem","position":6,"name":"dr hab. Maciej Zimka"}]},{"@type":"WebSite","@id":"https:\/\/www.amuz.krakow.pl\/#website","url":"https:\/\/www.amuz.krakow.pl\/","name":"Akademia Muzyczna im. Krzysztofa Pendereckiego w Krakowie","description":"Oficjalna strona Akademii Muzycznej im. Krzysztofa Pendereckiego w Krakowie (AMKP).","publisher":{"@id":"https:\/\/www.amuz.krakow.pl\/#organization"},"alternateName":"AMKP","potentialAction":[{"@type":"SearchAction","target":{"@type":"EntryPoint","urlTemplate":"https:\/\/www.amuz.krakow.pl\/?s={search_term_string}"},"query-input":{"@type":"PropertyValueSpecification","valueRequired":true,"valueName":"search_term_string"}}],"inLanguage":"en-US"},{"@type":"Organization","@id":"https:\/\/www.amuz.krakow.pl\/#organization","name":"Akademia Muzyczna im. Krzysztofa Pendereckiego w Krakowie","alternateName":"AMKP","url":"https:\/\/www.amuz.krakow.pl\/","logo":{"@type":"ImageObject","inLanguage":"en-US","@id":"https:\/\/www.amuz.krakow.pl\/#\/schema\/logo\/image\/","url":"https:\/\/www.amuz.krakow.pl\/wp-content\/uploads\/2021\/11\/amkp.jpg","contentUrl":"https:\/\/www.amuz.krakow.pl\/wp-content\/uploads\/2021\/11\/amkp.jpg","width":1193,"height":591,"caption":"Akademia Muzyczna im. Krzysztofa Pendereckiego w Krakowie"},"image":{"@id":"https:\/\/www.amuz.krakow.pl\/#\/schema\/logo\/image\/"},"sameAs":["https:\/\/www.facebook.com\/amuz.krakow","https:\/\/www.instagram.com\/amkpenderecki\/","https:\/\/www.youtube.com\/@amkpenderecki4806"]}]}},"_links":{"self":[{"href":"https:\/\/www.amuz.krakow.pl\/en\/wp-json\/wp\/v2\/pages\/25957","targetHints":{"allow":["GET"]}}],"collection":[{"href":"https:\/\/www.amuz.krakow.pl\/en\/wp-json\/wp\/v2\/pages"}],"about":[{"href":"https:\/\/www.amuz.krakow.pl\/en\/wp-json\/wp\/v2\/types\/page"}],"author":[{"embeddable":true,"href":"https:\/\/www.amuz.krakow.pl\/en\/wp-json\/wp\/v2\/users\/72"}],"replies":[{"embeddable":true,"href":"https:\/\/www.amuz.krakow.pl\/en\/wp-json\/wp\/v2\/comments?post=25957"}],"version-history":[{"count":9,"href":"https:\/\/www.amuz.krakow.pl\/en\/wp-json\/wp\/v2\/pages\/25957\/revisions"}],"predecessor-version":[{"id":105995,"href":"https:\/\/www.amuz.krakow.pl\/en\/wp-json\/wp\/v2\/pages\/25957\/revisions\/105995"}],"up":[{"embeddable":true,"href":"https:\/\/www.amuz.krakow.pl\/en\/wp-json\/wp\/v2\/pages\/2139"}],"wp:featuredmedia":[{"embeddable":true,"href":"https:\/\/www.amuz.krakow.pl\/en\/wp-json\/wp\/v2\/media\/33313"}],"wp:attachment":[{"href":"https:\/\/www.amuz.krakow.pl\/en\/wp-json\/wp\/v2\/media?parent=25957"}],"curies":[{"name":"wp","href":"https:\/\/api.w.org\/{rel}","templated":true}]}}