{"id":25763,"date":"2018-09-13T21:16:08","date_gmt":"2018-09-13T19:16:08","guid":{"rendered":"https:\/\/www.amuz.krakow.pl\/?page_id=25763"},"modified":"2024-10-09T13:44:54","modified_gmt":"2024-10-09T11:44:54","slug":"dr-katarzyna-vernet","status":"publish","type":"page","link":"https:\/\/www.amuz.krakow.pl\/en\/wydzialy\/wydzial-ii-instrumentalny\/katedra-fortepianu\/pracownicy-katedry\/dr-katarzyna-vernet\/","title":{"rendered":"dr Katarzyna Vernet"},"content":{"rendered":"<p><figure id=\"attachment_38388\" aria-describedby=\"caption-attachment-38388\" style=\"width: 291px\" class=\"wp-caption alignleft\"><a href=\"https:\/\/www.amuz.krakow.pl\/wp-content\/uploads\/2020\/04\/Katarzyna-Vernet.jpg\"><img loading=\"lazy\" decoding=\"async\" class=\" wp-image-38388\" src=\"https:\/\/www.amuz.krakow.pl\/wp-content\/uploads\/2020\/04\/Katarzyna-Vernet-300x225.jpg\" alt=\"\" width=\"291\" height=\"219\" srcset=\"https:\/\/www.amuz.krakow.pl\/wp-content\/uploads\/2020\/04\/Katarzyna-Vernet-300x225.jpg 300w, https:\/\/www.amuz.krakow.pl\/wp-content\/uploads\/2020\/04\/Katarzyna-Vernet-768x576.jpg 768w, https:\/\/www.amuz.krakow.pl\/wp-content\/uploads\/2020\/04\/Katarzyna-Vernet-1536x1151.jpg 1536w, https:\/\/www.amuz.krakow.pl\/wp-content\/uploads\/2020\/04\/Katarzyna-Vernet.jpg 1768w\" sizes=\"auto, (max-width: 291px) 100vw, 291px\" \/><\/a><figcaption id=\"caption-attachment-38388\" class=\"wp-caption-text\">Photo private archive<\/figcaption><\/figure><\/p>\n<p style=\"text-align: justify;\">Katarzyna Vernet was born in Cracow.\u00a0 She began piano lessons at the age of five. She played her first, one hour long recital, including a piano concerto as the second part of the recital, at the age of nine. During that time she also performed concerts at the Cracow Philharmonic as well as at the Association of Polish Artists &#8211; Musicians. In the same period she began to receive the most acclaimed awards at nationwide piano competitions.<br \/>\nAfter the death of her tutor, director Les\u0142aw Grzyb, who was a student of a renowned pianist and educator Tadeusz \u017bmudzi\u0144ski, she made further progress in Katowice, in professor J\u00f3zef Stompel&#8217;s class. She frequently performed with her professor in \u201dMaster and Student\u201d &#8211; a cycle of concerts which took place at the F. Chopin Association and in concerts aimed at showcasing the skills of exceptionally gifted young pianists in Polish Radio &#8211; Katowice Branch and TVS. After receiving her maturity certificate at the age of 16 she commenced studies at the Academy of Music in Katowice. She completed her studies with distinction under the guidance of Prof. Andrzej Jasi\u0144ski and Prof. Beata Bili\u0144ska.<br \/>\nThanks to her willingness to hone her piano skills, in the year 2007 she pursued further education by undertaking postgraduate studies in prof. M. Herbowski&#8217;s class at the Academy of Music in Cracow, where she has established an inseparable connection. Furthemore, she has broadened her scope of competence by completing studies representing yet another discipline &#8211; European Cultural Management.<br \/>\nShe continued her pursuits on the musical path by additionally undertaking doctoral studies at the Academy of Music in Cracow, under the guidance of prof. dr hab. M. Herbowski (Ph.D. hab.), her supervisor.<br \/>\nIn her doctoral dissertation she focused on exploring the oeuvre of a renowned pianist, composer and educator Maurycy Moszkowski, whose compositions, virtuosity-wise, were held in high esteem by his contemporaries. Her dissertation was devoted to piano virtuosity themes and based on selected piano pieces encompassing the broad realm of the composer&#8217;s oeuvre, primarily world premieres of M. Moszkowski&#8217;s works.<br \/>\nShe has given concerts in the following concert halls: Cracow Philharmonic, National Philharmonic, Podlaska Philharmonic, Warmi\u0144sko- Mazurska Philharmonic, Dolno\u015bl\u0105ska Philharmonic, \u015al\u0105ska Philharmonic, Podkarpacka Philharmonic, she also performed in \u017belazowa Wola, Lazienki Kr\u00f3lewskie, Duszniki Zdr\u00f3j, Penderecki European Music Centre, Royal Castle in Warsaw, F.Chopin Museum in Warsaw and Nohant, amongst other venues. She has also participated in international music competitions and projects organised under the auspices of the Piano Department at the Academy of Music in Cracow, just to mention the following: ,\u201dInternationalle Musikdagar\u201d, ,\u201dTal\u00e0lkoz\u00f3k Liszttel\u201d, ,\u201dDecember Impressions\u201d, ,\u201dRandez vous with Mozart\u201d, ,,Musical Korzkiew\u201d, ,\u201dChopin Festival\u201d in Duszniki, \u201dWawel at Dusk\u201d, ,,Chopin non stop\u201d, \u201dInternational Days of Franz Liszt\u201d. She also inaugurated \u201eGwiazdy Promuj\u0105\u201d &#8211; an acclaimed festival in Jelenia G\u00f3ra.<br \/>\nShe has performed recitals in countries such as the Netherlands, Finland, Denmark, Switzerland, Malta, Ukraine, Austria, Belgium, France, Germany and Spain.<br \/>\nShe was awarded prizes by the President of Cracow, President of Katowice (on multiple occasions) and the Polish Cultural Foundation.<br \/>\nShe is a laureate of the most celebrated prizes and honours received at Nationwide Competitions and Nationwide Piano Auditions in Katowice, Warsaw, Olsztyn and Bia\u0142ystok, as well as international events in G\u00f6ttingen and Ettlingen.<br \/>\nShe was the youngest participant of the 13th International Chopin Competition in Warsaw, which was preceded by numerous concerts, she frequently gave three performances in one day.<br \/>\nShe records for the Polish Radio and TV. Her recordings of Frederic Chopin pieces helped to promote Poland in foregin TV stations during Euro 2012.<br \/>\nAt various stages of her music path she has worked under the guidance of such eminent pianists as: Halina Czerny-Stefa\u0144ska, Barbara Hesse-Bukowska, Milosz Magin, Wiktor Mier\u017canow, Andrzej Jasi\u0144ski, Regina Smendzianka, Krystian Zimerman, John O&#8217;Connor, Edit Picht-Axenfeld, Maria Szwajger-Ku\u0142akowska, Alexy Maximov.<br \/>\nHer music activities oscillate around employment at the Piano Department of the Academy of Music in Cracow. However, she is also engaged in concert tours, she conducts music courses and worskhops. Moreover, she is an active jury member at numerous competitions. She vigorously propagates music endeavours of other artists as an artistic director of &#8220;Chopin Concerts&#8221; organised in Cracow and &#8221; F. Chopin International Easter Festival&#8221;.<\/p>\n<p><\/p>","protected":false},"excerpt":{"rendered":"<p>Katarzyna Vernet was born in Cracow.\u00a0 She began piano lessons at the age of five. She played her first, one hour long recital, including a piano concerto as the second&hellip; <a href=\"https:\/\/www.amuz.krakow.pl\/en\/wydzialy\/wydzial-ii-instrumentalny\/katedra-fortepianu\/pracownicy-katedry\/dr-katarzyna-vernet\/\">Continue reading<\/a><\/p>\n","protected":false},"author":72,"featured_media":38388,"parent":1641,"menu_order":132,"comment_status":"closed","ping_status":"closed","template":"","meta":{"footnotes":"","_links_to":"","_links_to_target":""},"class_list":["post-25763","page","type-page","status-publish","has-post-thumbnail","hentry"],"yoast_head":"<!-- This site is optimized with the Yoast SEO plugin v27.2 - https:\/\/yoast.com\/product\/yoast-seo-wordpress\/ -->\n<title>AMKP - Akademia Muzyczna im. Krzysztofa Pendereckiego w Krakowie<\/title>\n<meta name=\"robots\" content=\"index, follow, max-snippet:-1, max-image-preview:large, max-video-preview:-1\" \/>\n<link rel=\"canonical\" href=\"https:\/\/www.amuz.krakow.pl\/wydzialy\/wydzial-ii-instrumentalny\/katedra-fortepianu\/pracownicy-katedry\/dr-katarzyna-vernet\/\" \/>\n<meta property=\"og:locale\" content=\"en_US\" \/>\n<meta property=\"og:type\" content=\"article\" \/>\n<meta property=\"og:title\" content=\"AMKP - Akademia Muzyczna im. Krzysztofa Pendereckiego w Krakowie\" \/>\n<meta property=\"og:description\" content=\"Katarzyna Vernet was born in Cracow.\u00a0 She began piano lessons at the age of five. She played her first, one hour long recital, including a piano concerto as the second&hellip; Continue reading\" \/>\n<meta property=\"og:url\" content=\"https:\/\/www.amuz.krakow.pl\/wydzialy\/wydzial-ii-instrumentalny\/katedra-fortepianu\/pracownicy-katedry\/dr-katarzyna-vernet\/\" \/>\n<meta property=\"og:site_name\" content=\"Akademia Muzyczna im. Krzysztofa Pendereckiego w Krakowie\" \/>\n<meta property=\"article:publisher\" content=\"https:\/\/www.facebook.com\/amuz.krakow\" \/>\n<meta property=\"article:modified_time\" content=\"2024-10-09T11:44:54+00:00\" \/>\n<meta property=\"og:image\" content=\"https:\/\/www.amuz.krakow.pl\/wp-content\/uploads\/2020\/04\/Katarzyna-Vernet.jpg\" \/>\n\t<meta property=\"og:image:width\" content=\"1768\" \/>\n\t<meta property=\"og:image:height\" content=\"1325\" \/>\n\t<meta property=\"og:image:type\" content=\"image\/jpeg\" \/>\n<meta name=\"twitter:card\" content=\"summary_large_image\" \/>\n<meta name=\"twitter:label1\" content=\"Est. reading time\" \/>\n\t<meta name=\"twitter:data1\" content=\"4 minutes\" \/>\n<script type=\"application\/ld+json\" class=\"yoast-schema-graph\">{\"@context\":\"https:\/\/schema.org\",\"@graph\":[{\"@type\":\"WebPage\",\"@id\":\"https:\/\/www.amuz.krakow.pl\/wydzialy\/wydzial-ii-instrumentalny\/katedra-fortepianu\/pracownicy-katedry\/dr-katarzyna-vernet\/\",\"url\":\"https:\/\/www.amuz.krakow.pl\/wydzialy\/wydzial-ii-instrumentalny\/katedra-fortepianu\/pracownicy-katedry\/dr-katarzyna-vernet\/\",\"name\":\"AMKP - Akademia Muzyczna im. Krzysztofa Pendereckiego w Krakowie\",\"isPartOf\":{\"@id\":\"https:\/\/www.amuz.krakow.pl\/#website\"},\"primaryImageOfPage\":{\"@id\":\"https:\/\/www.amuz.krakow.pl\/wydzialy\/wydzial-ii-instrumentalny\/katedra-fortepianu\/pracownicy-katedry\/dr-katarzyna-vernet\/#primaryimage\"},\"image\":{\"@id\":\"https:\/\/www.amuz.krakow.pl\/wydzialy\/wydzial-ii-instrumentalny\/katedra-fortepianu\/pracownicy-katedry\/dr-katarzyna-vernet\/#primaryimage\"},\"thumbnailUrl\":\"https:\/\/www.amuz.krakow.pl\/wp-content\/uploads\/2020\/04\/Katarzyna-Vernet.jpg\",\"datePublished\":\"2018-09-13T19:16:08+00:00\",\"dateModified\":\"2024-10-09T11:44:54+00:00\",\"breadcrumb\":{\"@id\":\"https:\/\/www.amuz.krakow.pl\/wydzialy\/wydzial-ii-instrumentalny\/katedra-fortepianu\/pracownicy-katedry\/dr-katarzyna-vernet\/#breadcrumb\"},\"inLanguage\":\"en-US\",\"potentialAction\":[{\"@type\":\"ReadAction\",\"target\":[\"https:\/\/www.amuz.krakow.pl\/wydzialy\/wydzial-ii-instrumentalny\/katedra-fortepianu\/pracownicy-katedry\/dr-katarzyna-vernet\/\"]}]},{\"@type\":\"ImageObject\",\"inLanguage\":\"en-US\",\"@id\":\"https:\/\/www.amuz.krakow.pl\/wydzialy\/wydzial-ii-instrumentalny\/katedra-fortepianu\/pracownicy-katedry\/dr-katarzyna-vernet\/#primaryimage\",\"url\":\"https:\/\/www.amuz.krakow.pl\/wp-content\/uploads\/2020\/04\/Katarzyna-Vernet.jpg\",\"contentUrl\":\"https:\/\/www.amuz.krakow.pl\/wp-content\/uploads\/2020\/04\/Katarzyna-Vernet.jpg\",\"width\":1768,\"height\":1325,\"caption\":\"Photo private archive\"},{\"@type\":\"BreadcrumbList\",\"@id\":\"https:\/\/www.amuz.krakow.pl\/wydzialy\/wydzial-ii-instrumentalny\/katedra-fortepianu\/pracownicy-katedry\/dr-katarzyna-vernet\/#breadcrumb\",\"itemListElement\":[{\"@type\":\"ListItem\",\"position\":1,\"name\":\"Strona g\u0142\u00f3wna\",\"item\":\"https:\/\/www.amuz.krakow.pl\/\"},{\"@type\":\"ListItem\",\"position\":2,\"name\":\"WYDZIA\u0141Y\",\"item\":\"https:\/\/www.amuz.krakow.pl\/wydzialy\/\"},{\"@type\":\"ListItem\",\"position\":3,\"name\":\"Wydzia\u0142 Instrumentalny\",\"item\":\"https:\/\/www.amuz.krakow.pl\/wydzialy\/wydzial-ii-instrumentalny\/\"},{\"@type\":\"ListItem\",\"position\":4,\"name\":\"Katedra Fortepianu\",\"item\":\"https:\/\/www.amuz.krakow.pl\/wydzialy\/wydzial-ii-instrumentalny\/katedra-fortepianu\/\"},{\"@type\":\"ListItem\",\"position\":5,\"name\":\"Pracownicy Katedry\",\"item\":\"https:\/\/www.amuz.krakow.pl\/wydzialy\/wydzial-ii-instrumentalny\/katedra-fortepianu\/pracownicy-katedry\/\"},{\"@type\":\"ListItem\",\"position\":6,\"name\":\"dr Katarzyna Vernet\"}]},{\"@type\":\"WebSite\",\"@id\":\"https:\/\/www.amuz.krakow.pl\/#website\",\"url\":\"https:\/\/www.amuz.krakow.pl\/\",\"name\":\"Akademia Muzyczna im. Krzysztofa Pendereckiego w Krakowie\",\"description\":\"Oficjalna strona Akademii Muzycznej im. Krzysztofa Pendereckiego w Krakowie (AMKP).\",\"publisher\":{\"@id\":\"https:\/\/www.amuz.krakow.pl\/#organization\"},\"alternateName\":\"AMKP\",\"potentialAction\":[{\"@type\":\"SearchAction\",\"target\":{\"@type\":\"EntryPoint\",\"urlTemplate\":\"https:\/\/www.amuz.krakow.pl\/?s={search_term_string}\"},\"query-input\":{\"@type\":\"PropertyValueSpecification\",\"valueRequired\":true,\"valueName\":\"search_term_string\"}}],\"inLanguage\":\"en-US\"},{\"@type\":\"Organization\",\"@id\":\"https:\/\/www.amuz.krakow.pl\/#organization\",\"name\":\"Akademia Muzyczna im. Krzysztofa Pendereckiego w Krakowie\",\"alternateName\":\"AMKP\",\"url\":\"https:\/\/www.amuz.krakow.pl\/\",\"logo\":{\"@type\":\"ImageObject\",\"inLanguage\":\"en-US\",\"@id\":\"https:\/\/www.amuz.krakow.pl\/#\/schema\/logo\/image\/\",\"url\":\"https:\/\/www.amuz.krakow.pl\/wp-content\/uploads\/2021\/11\/amkp.jpg\",\"contentUrl\":\"https:\/\/www.amuz.krakow.pl\/wp-content\/uploads\/2021\/11\/amkp.jpg\",\"width\":1193,\"height\":591,\"caption\":\"Akademia Muzyczna im. Krzysztofa Pendereckiego w Krakowie\"},\"image\":{\"@id\":\"https:\/\/www.amuz.krakow.pl\/#\/schema\/logo\/image\/\"},\"sameAs\":[\"https:\/\/www.facebook.com\/amuz.krakow\",\"https:\/\/www.instagram.com\/amkpenderecki\/\",\"https:\/\/www.youtube.com\/@amkpenderecki4806\"]}]}<\/script>\n<!-- \/ Yoast SEO plugin. -->","yoast_head_json":{"title":"AMKP - Akademia Muzyczna im. Krzysztofa Pendereckiego w Krakowie","robots":{"index":"index","follow":"follow","max-snippet":"max-snippet:-1","max-image-preview":"max-image-preview:large","max-video-preview":"max-video-preview:-1"},"canonical":"https:\/\/www.amuz.krakow.pl\/wydzialy\/wydzial-ii-instrumentalny\/katedra-fortepianu\/pracownicy-katedry\/dr-katarzyna-vernet\/","og_locale":"en_US","og_type":"article","og_title":"AMKP - Akademia Muzyczna im. Krzysztofa Pendereckiego w Krakowie","og_description":"Katarzyna Vernet was born in Cracow.\u00a0 She began piano lessons at the age of five. She played her first, one hour long recital, including a piano concerto as the second&hellip; Continue reading","og_url":"https:\/\/www.amuz.krakow.pl\/wydzialy\/wydzial-ii-instrumentalny\/katedra-fortepianu\/pracownicy-katedry\/dr-katarzyna-vernet\/","og_site_name":"Akademia Muzyczna im. Krzysztofa Pendereckiego w Krakowie","article_publisher":"https:\/\/www.facebook.com\/amuz.krakow","article_modified_time":"2024-10-09T11:44:54+00:00","og_image":[{"width":1768,"height":1325,"url":"https:\/\/www.amuz.krakow.pl\/wp-content\/uploads\/2020\/04\/Katarzyna-Vernet.jpg","type":"image\/jpeg"}],"twitter_card":"summary_large_image","twitter_misc":{"Est. reading time":"4 minutes"},"schema":{"@context":"https:\/\/schema.org","@graph":[{"@type":"WebPage","@id":"https:\/\/www.amuz.krakow.pl\/wydzialy\/wydzial-ii-instrumentalny\/katedra-fortepianu\/pracownicy-katedry\/dr-katarzyna-vernet\/","url":"https:\/\/www.amuz.krakow.pl\/wydzialy\/wydzial-ii-instrumentalny\/katedra-fortepianu\/pracownicy-katedry\/dr-katarzyna-vernet\/","name":"AMKP - Akademia Muzyczna im. Krzysztofa Pendereckiego w Krakowie","isPartOf":{"@id":"https:\/\/www.amuz.krakow.pl\/#website"},"primaryImageOfPage":{"@id":"https:\/\/www.amuz.krakow.pl\/wydzialy\/wydzial-ii-instrumentalny\/katedra-fortepianu\/pracownicy-katedry\/dr-katarzyna-vernet\/#primaryimage"},"image":{"@id":"https:\/\/www.amuz.krakow.pl\/wydzialy\/wydzial-ii-instrumentalny\/katedra-fortepianu\/pracownicy-katedry\/dr-katarzyna-vernet\/#primaryimage"},"thumbnailUrl":"https:\/\/www.amuz.krakow.pl\/wp-content\/uploads\/2020\/04\/Katarzyna-Vernet.jpg","datePublished":"2018-09-13T19:16:08+00:00","dateModified":"2024-10-09T11:44:54+00:00","breadcrumb":{"@id":"https:\/\/www.amuz.krakow.pl\/wydzialy\/wydzial-ii-instrumentalny\/katedra-fortepianu\/pracownicy-katedry\/dr-katarzyna-vernet\/#breadcrumb"},"inLanguage":"en-US","potentialAction":[{"@type":"ReadAction","target":["https:\/\/www.amuz.krakow.pl\/wydzialy\/wydzial-ii-instrumentalny\/katedra-fortepianu\/pracownicy-katedry\/dr-katarzyna-vernet\/"]}]},{"@type":"ImageObject","inLanguage":"en-US","@id":"https:\/\/www.amuz.krakow.pl\/wydzialy\/wydzial-ii-instrumentalny\/katedra-fortepianu\/pracownicy-katedry\/dr-katarzyna-vernet\/#primaryimage","url":"https:\/\/www.amuz.krakow.pl\/wp-content\/uploads\/2020\/04\/Katarzyna-Vernet.jpg","contentUrl":"https:\/\/www.amuz.krakow.pl\/wp-content\/uploads\/2020\/04\/Katarzyna-Vernet.jpg","width":1768,"height":1325,"caption":"Photo private archive"},{"@type":"BreadcrumbList","@id":"https:\/\/www.amuz.krakow.pl\/wydzialy\/wydzial-ii-instrumentalny\/katedra-fortepianu\/pracownicy-katedry\/dr-katarzyna-vernet\/#breadcrumb","itemListElement":[{"@type":"ListItem","position":1,"name":"Strona g\u0142\u00f3wna","item":"https:\/\/www.amuz.krakow.pl\/"},{"@type":"ListItem","position":2,"name":"WYDZIA\u0141Y","item":"https:\/\/www.amuz.krakow.pl\/wydzialy\/"},{"@type":"ListItem","position":3,"name":"Wydzia\u0142 Instrumentalny","item":"https:\/\/www.amuz.krakow.pl\/wydzialy\/wydzial-ii-instrumentalny\/"},{"@type":"ListItem","position":4,"name":"Katedra Fortepianu","item":"https:\/\/www.amuz.krakow.pl\/wydzialy\/wydzial-ii-instrumentalny\/katedra-fortepianu\/"},{"@type":"ListItem","position":5,"name":"Pracownicy Katedry","item":"https:\/\/www.amuz.krakow.pl\/wydzialy\/wydzial-ii-instrumentalny\/katedra-fortepianu\/pracownicy-katedry\/"},{"@type":"ListItem","position":6,"name":"dr Katarzyna Vernet"}]},{"@type":"WebSite","@id":"https:\/\/www.amuz.krakow.pl\/#website","url":"https:\/\/www.amuz.krakow.pl\/","name":"Akademia Muzyczna im. Krzysztofa Pendereckiego w Krakowie","description":"Oficjalna strona Akademii Muzycznej im. Krzysztofa Pendereckiego w Krakowie (AMKP).","publisher":{"@id":"https:\/\/www.amuz.krakow.pl\/#organization"},"alternateName":"AMKP","potentialAction":[{"@type":"SearchAction","target":{"@type":"EntryPoint","urlTemplate":"https:\/\/www.amuz.krakow.pl\/?s={search_term_string}"},"query-input":{"@type":"PropertyValueSpecification","valueRequired":true,"valueName":"search_term_string"}}],"inLanguage":"en-US"},{"@type":"Organization","@id":"https:\/\/www.amuz.krakow.pl\/#organization","name":"Akademia Muzyczna im. Krzysztofa Pendereckiego w Krakowie","alternateName":"AMKP","url":"https:\/\/www.amuz.krakow.pl\/","logo":{"@type":"ImageObject","inLanguage":"en-US","@id":"https:\/\/www.amuz.krakow.pl\/#\/schema\/logo\/image\/","url":"https:\/\/www.amuz.krakow.pl\/wp-content\/uploads\/2021\/11\/amkp.jpg","contentUrl":"https:\/\/www.amuz.krakow.pl\/wp-content\/uploads\/2021\/11\/amkp.jpg","width":1193,"height":591,"caption":"Akademia Muzyczna im. Krzysztofa Pendereckiego w Krakowie"},"image":{"@id":"https:\/\/www.amuz.krakow.pl\/#\/schema\/logo\/image\/"},"sameAs":["https:\/\/www.facebook.com\/amuz.krakow","https:\/\/www.instagram.com\/amkpenderecki\/","https:\/\/www.youtube.com\/@amkpenderecki4806"]}]}},"_links":{"self":[{"href":"https:\/\/www.amuz.krakow.pl\/en\/wp-json\/wp\/v2\/pages\/25763","targetHints":{"allow":["GET"]}}],"collection":[{"href":"https:\/\/www.amuz.krakow.pl\/en\/wp-json\/wp\/v2\/pages"}],"about":[{"href":"https:\/\/www.amuz.krakow.pl\/en\/wp-json\/wp\/v2\/types\/page"}],"author":[{"embeddable":true,"href":"https:\/\/www.amuz.krakow.pl\/en\/wp-json\/wp\/v2\/users\/72"}],"replies":[{"embeddable":true,"href":"https:\/\/www.amuz.krakow.pl\/en\/wp-json\/wp\/v2\/comments?post=25763"}],"version-history":[{"count":5,"href":"https:\/\/www.amuz.krakow.pl\/en\/wp-json\/wp\/v2\/pages\/25763\/revisions"}],"predecessor-version":[{"id":107442,"href":"https:\/\/www.amuz.krakow.pl\/en\/wp-json\/wp\/v2\/pages\/25763\/revisions\/107442"}],"up":[{"embeddable":true,"href":"https:\/\/www.amuz.krakow.pl\/en\/wp-json\/wp\/v2\/pages\/1641"}],"wp:featuredmedia":[{"embeddable":true,"href":"https:\/\/www.amuz.krakow.pl\/en\/wp-json\/wp\/v2\/media\/38388"}],"wp:attachment":[{"href":"https:\/\/www.amuz.krakow.pl\/en\/wp-json\/wp\/v2\/media?parent=25763"}],"curies":[{"name":"wp","href":"https:\/\/api.w.org\/{rel}","templated":true}]}}