{"id":2529,"date":"2016-02-18T13:16:19","date_gmt":"2016-02-18T12:16:19","guid":{"rendered":"http:\/\/strony.amuz.krakow.pl\/?page_id=2529"},"modified":"2024-12-19T10:21:47","modified_gmt":"2024-12-19T09:21:47","slug":"mgr-justyna-danczowska","status":"publish","type":"page","link":"https:\/\/www.amuz.krakow.pl\/en\/wydzialy\/wydzial-ii-instrumentalny\/katedra-kameralistyki\/pracownicy-katedry\/mgr-justyna-danczowska\/","title":{"rendered":"dr Justyna Danczowska"},"content":{"rendered":"<p><figure id=\"attachment_2531\" aria-describedby=\"caption-attachment-2531\" style=\"width: 232px\" class=\"wp-caption alignleft\"><a href=\"https:\/\/www.amuz.krakow.pl\/wp-content\/uploads\/2016\/02\/Danczowska-Justyna.jpg\" target=\"_blank\" rel=\"noopener\"><img loading=\"lazy\" decoding=\"async\" class=\"wp-image-2531\" src=\"https:\/\/www.amuz.krakow.pl\/wp-content\/uploads\/2016\/02\/Danczowska-Justyna-279x300.jpg\" alt=\"Danczowska Justyna\" width=\"232\" height=\"250\" srcset=\"https:\/\/www.amuz.krakow.pl\/wp-content\/uploads\/2016\/02\/Danczowska-Justyna-279x300.jpg 279w, https:\/\/www.amuz.krakow.pl\/wp-content\/uploads\/2016\/02\/Danczowska-Justyna-951x1024.jpg 951w, https:\/\/www.amuz.krakow.pl\/wp-content\/uploads\/2016\/02\/Danczowska-Justyna.jpg 1063w\" sizes=\"auto, (max-width: 232px) 100vw, 232px\" \/><\/a><figcaption id=\"caption-attachment-2531\" class=\"wp-caption-text\">photo by Piotr Iwaszko<\/figcaption><\/figure><\/p>\n<p style=\"text-align: justify;\">Justyna Danczowska (pianist) was born in 1981 in Krakow. She started her musical education at the age of six.<\/p>\n<p style=\"text-align: justify;\">In 2004, after four years of study with Krystian Zimerman she obtained a degree at the Music Academy in Basle. In 2007 she graduated with distinction from the Music Academy in Zurich, where she studied for two years in the class of Konsantin Scherbakov. Since 2011, she has developed her passion for music and creativity at Olga Szwajgier\u2019s artistic workshops. She actively participated many times in master classes conducted by Halina Czerny-Stefa\u0144ska.<\/p>\n<p style=\"text-align: justify;\">In 1997 she won the Ludwig Stefa\u0144ski Piano Music Competition in P\u0142ock where she received also two special prizes for the best performance of Bach and Beethoven pieces. In 1998 she received the 1st award at the International Chopin Competition for Youth in Szafarnia.<\/p>\n<p style=\"text-align: justify;\">In 2000 at the Competition for Young Musicians in Krakow she was awarded with the first prize and a special prize for the best performance of a contemporary composition. As a chamber music player: As an award she received the possibility to play concert at the &#8216;Orpheus 2002&#8217; Festival in Zurich, a special award of the jury at the Chamber Music Competition in Neuchatel (2002) and 3rd award at the &#8216;Migros Kulturprozent&#8217; Chamber Music Competition in Zurich (2003).<\/p>\n<p style=\"text-align: justify;\">She performed with such excellent artists as Ilya Gringolts, Kaja Danczowska, Agata Szymczewska, Bartosz Koziak and Piotr P\u0142awner. In the years 1996-1999 she received a scholarship of the Children National Fund, during the next three years she received a scholarship of the Ministry of Culture and National Haritage and in the academic year 2002\/2003 she was awarded a scholarship of the Frederic Chopin National Institute.<\/p>\n<p style=\"text-align: justify;\">She recorded an album featuring Karol Szymanowski\u2019s works for violin and piano with Kaja Danczowska in 2007 (nominated to the \u201cFryderyk 2009\u201d award), in 2011 an album with works by Schubert, Schumann, Piatigorsky and Danczowski, which the artist performs with cellist Bartosz Koziak and in 2015 an album with Aleksandra Kuls (Beethoven and Brahms Sonatas for piano and violin).<\/p>\n<p style=\"text-align: justify;\">Since 2006 she is working at the Krakow Academy of Music as a chamber pianist.<\/p>\n<p style=\"text-align: justify;\">Justyna Danczowska is represented by the Ludwig van Beethoven Association.<\/p>\n<p><a href=\"mailto:justyna.danczowska@amuz.krakow.pl\">justyna.danczowska@amuz.krakow.pl<\/a><\/p>","protected":false},"excerpt":{"rendered":"<p>Justyna Danczowska (pianist) was born in 1981 in Krakow. She started her musical education at the age of six. In 2004, after four years of study with Krystian Zimerman she&hellip; <a href=\"https:\/\/www.amuz.krakow.pl\/en\/wydzialy\/wydzial-ii-instrumentalny\/katedra-kameralistyki\/pracownicy-katedry\/mgr-justyna-danczowska\/\">Continue reading<\/a><\/p>\n","protected":false},"author":72,"featured_media":94872,"parent":44250,"menu_order":16,"comment_status":"closed","ping_status":"closed","template":"","meta":{"footnotes":"","_links_to":"","_links_to_target":""},"class_list":["post-2529","page","type-page","status-publish","has-post-thumbnail","hentry"],"yoast_head":"<!-- This site is optimized with the Yoast SEO plugin v27.2 - https:\/\/yoast.com\/product\/yoast-seo-wordpress\/ -->\n<title>AMKP - Akademia Muzyczna im. Krzysztofa Pendereckiego w Krakowie<\/title>\n<meta name=\"robots\" content=\"index, follow, max-snippet:-1, max-image-preview:large, max-video-preview:-1\" \/>\n<link rel=\"canonical\" href=\"https:\/\/www.amuz.krakow.pl\/wydzialy\/wydzial-ii-instrumentalny\/katedra-kameralistyki\/pracownicy-katedry\/mgr-justyna-danczowska\/\" \/>\n<meta property=\"og:locale\" content=\"en_US\" \/>\n<meta property=\"og:type\" content=\"article\" \/>\n<meta property=\"og:title\" content=\"AMKP - Akademia Muzyczna im. Krzysztofa Pendereckiego w Krakowie\" \/>\n<meta property=\"og:description\" content=\"Justyna Danczowska (pianist) was born in 1981 in Krakow. She started her musical education at the age of six. In 2004, after four years of study with Krystian Zimerman she&hellip; Continue reading\" \/>\n<meta property=\"og:url\" content=\"https:\/\/www.amuz.krakow.pl\/wydzialy\/wydzial-ii-instrumentalny\/katedra-kameralistyki\/pracownicy-katedry\/mgr-justyna-danczowska\/\" \/>\n<meta property=\"og:site_name\" content=\"Akademia Muzyczna im. Krzysztofa Pendereckiego w Krakowie\" \/>\n<meta property=\"article:publisher\" content=\"https:\/\/www.facebook.com\/amuz.krakow\" \/>\n<meta property=\"article:modified_time\" content=\"2024-12-19T09:21:47+00:00\" \/>\n<meta property=\"og:image\" content=\"https:\/\/www.amuz.krakow.pl\/wp-content\/uploads\/2024\/12\/Danczowska-Justyna-fot.-Piotr-Iwaszko.jpg\" \/>\n\t<meta property=\"og:image:width\" content=\"951\" \/>\n\t<meta property=\"og:image:height\" content=\"476\" \/>\n\t<meta property=\"og:image:type\" content=\"image\/jpeg\" \/>\n<meta name=\"twitter:card\" content=\"summary_large_image\" \/>\n<meta name=\"twitter:label1\" content=\"Est. reading time\" \/>\n\t<meta name=\"twitter:data1\" content=\"3 minutes\" \/>\n<script type=\"application\/ld+json\" class=\"yoast-schema-graph\">{\"@context\":\"https:\/\/schema.org\",\"@graph\":[{\"@type\":\"WebPage\",\"@id\":\"https:\/\/www.amuz.krakow.pl\/wydzialy\/wydzial-ii-instrumentalny\/katedra-kameralistyki\/pracownicy-katedry\/mgr-justyna-danczowska\/\",\"url\":\"https:\/\/www.amuz.krakow.pl\/wydzialy\/wydzial-ii-instrumentalny\/katedra-kameralistyki\/pracownicy-katedry\/mgr-justyna-danczowska\/\",\"name\":\"AMKP - Akademia Muzyczna im. Krzysztofa Pendereckiego w Krakowie\",\"isPartOf\":{\"@id\":\"https:\/\/www.amuz.krakow.pl\/#website\"},\"primaryImageOfPage\":{\"@id\":\"https:\/\/www.amuz.krakow.pl\/wydzialy\/wydzial-ii-instrumentalny\/katedra-kameralistyki\/pracownicy-katedry\/mgr-justyna-danczowska\/#primaryimage\"},\"image\":{\"@id\":\"https:\/\/www.amuz.krakow.pl\/wydzialy\/wydzial-ii-instrumentalny\/katedra-kameralistyki\/pracownicy-katedry\/mgr-justyna-danczowska\/#primaryimage\"},\"thumbnailUrl\":\"https:\/\/www.amuz.krakow.pl\/wp-content\/uploads\/2024\/12\/Danczowska-Justyna-fot.-Piotr-Iwaszko.jpg\",\"datePublished\":\"2016-02-18T12:16:19+00:00\",\"dateModified\":\"2024-12-19T09:21:47+00:00\",\"breadcrumb\":{\"@id\":\"https:\/\/www.amuz.krakow.pl\/wydzialy\/wydzial-ii-instrumentalny\/katedra-kameralistyki\/pracownicy-katedry\/mgr-justyna-danczowska\/#breadcrumb\"},\"inLanguage\":\"en-US\",\"potentialAction\":[{\"@type\":\"ReadAction\",\"target\":[\"https:\/\/www.amuz.krakow.pl\/wydzialy\/wydzial-ii-instrumentalny\/katedra-kameralistyki\/pracownicy-katedry\/mgr-justyna-danczowska\/\"]}]},{\"@type\":\"ImageObject\",\"inLanguage\":\"en-US\",\"@id\":\"https:\/\/www.amuz.krakow.pl\/wydzialy\/wydzial-ii-instrumentalny\/katedra-kameralistyki\/pracownicy-katedry\/mgr-justyna-danczowska\/#primaryimage\",\"url\":\"https:\/\/www.amuz.krakow.pl\/wp-content\/uploads\/2024\/12\/Danczowska-Justyna-fot.-Piotr-Iwaszko.jpg\",\"contentUrl\":\"https:\/\/www.amuz.krakow.pl\/wp-content\/uploads\/2024\/12\/Danczowska-Justyna-fot.-Piotr-Iwaszko.jpg\",\"width\":951,\"height\":476,\"caption\":\"Fotografia portretowa; portret; sesja portretowa; krak\u00f3w, iwaszko fotografia, zdj\u0119cia portretowe, sesja rodzinna, Justyna Danczowska, Ola Kuls, portret skrzypaczki, pianistka, zdj\u0119cie na ok\u0142adk\u0119 p\u0142yty, muzyka klasyczna\"},{\"@type\":\"BreadcrumbList\",\"@id\":\"https:\/\/www.amuz.krakow.pl\/wydzialy\/wydzial-ii-instrumentalny\/katedra-kameralistyki\/pracownicy-katedry\/mgr-justyna-danczowska\/#breadcrumb\",\"itemListElement\":[{\"@type\":\"ListItem\",\"position\":1,\"name\":\"Strona g\u0142\u00f3wna\",\"item\":\"https:\/\/www.amuz.krakow.pl\/\"},{\"@type\":\"ListItem\",\"position\":2,\"name\":\"WYDZIA\u0141Y\",\"item\":\"https:\/\/www.amuz.krakow.pl\/wydzialy\/\"},{\"@type\":\"ListItem\",\"position\":3,\"name\":\"Wydzia\u0142 Instrumentalny\",\"item\":\"https:\/\/www.amuz.krakow.pl\/wydzialy\/wydzial-ii-instrumentalny\/\"},{\"@type\":\"ListItem\",\"position\":4,\"name\":\"Katedra Kameralistyki\",\"item\":\"https:\/\/www.amuz.krakow.pl\/wydzialy\/wydzial-ii-instrumentalny\/katedra-kameralistyki\/\"},{\"@type\":\"ListItem\",\"position\":5,\"name\":\"Pracownicy Katedry\",\"item\":\"https:\/\/www.amuz.krakow.pl\/wydzialy\/wydzial-ii-instrumentalny\/katedra-kameralistyki\/pracownicy-katedry\/\"},{\"@type\":\"ListItem\",\"position\":6,\"name\":\"dr Justyna Danczowska\"}]},{\"@type\":\"WebSite\",\"@id\":\"https:\/\/www.amuz.krakow.pl\/#website\",\"url\":\"https:\/\/www.amuz.krakow.pl\/\",\"name\":\"Akademia Muzyczna im. Krzysztofa Pendereckiego w Krakowie\",\"description\":\"Oficjalna strona Akademii Muzycznej im. Krzysztofa Pendereckiego w Krakowie (AMKP).\",\"publisher\":{\"@id\":\"https:\/\/www.amuz.krakow.pl\/#organization\"},\"alternateName\":\"AMKP\",\"potentialAction\":[{\"@type\":\"SearchAction\",\"target\":{\"@type\":\"EntryPoint\",\"urlTemplate\":\"https:\/\/www.amuz.krakow.pl\/?s={search_term_string}\"},\"query-input\":{\"@type\":\"PropertyValueSpecification\",\"valueRequired\":true,\"valueName\":\"search_term_string\"}}],\"inLanguage\":\"en-US\"},{\"@type\":\"Organization\",\"@id\":\"https:\/\/www.amuz.krakow.pl\/#organization\",\"name\":\"Akademia Muzyczna im. Krzysztofa Pendereckiego w Krakowie\",\"alternateName\":\"AMKP\",\"url\":\"https:\/\/www.amuz.krakow.pl\/\",\"logo\":{\"@type\":\"ImageObject\",\"inLanguage\":\"en-US\",\"@id\":\"https:\/\/www.amuz.krakow.pl\/#\/schema\/logo\/image\/\",\"url\":\"https:\/\/www.amuz.krakow.pl\/wp-content\/uploads\/2021\/11\/amkp.jpg\",\"contentUrl\":\"https:\/\/www.amuz.krakow.pl\/wp-content\/uploads\/2021\/11\/amkp.jpg\",\"width\":1193,\"height\":591,\"caption\":\"Akademia Muzyczna im. Krzysztofa Pendereckiego w Krakowie\"},\"image\":{\"@id\":\"https:\/\/www.amuz.krakow.pl\/#\/schema\/logo\/image\/\"},\"sameAs\":[\"https:\/\/www.facebook.com\/amuz.krakow\",\"https:\/\/www.instagram.com\/amkpenderecki\/\",\"https:\/\/www.youtube.com\/@amkpenderecki4806\"]}]}<\/script>\n<!-- \/ Yoast SEO plugin. -->","yoast_head_json":{"title":"AMKP - Akademia Muzyczna im. Krzysztofa Pendereckiego w Krakowie","robots":{"index":"index","follow":"follow","max-snippet":"max-snippet:-1","max-image-preview":"max-image-preview:large","max-video-preview":"max-video-preview:-1"},"canonical":"https:\/\/www.amuz.krakow.pl\/wydzialy\/wydzial-ii-instrumentalny\/katedra-kameralistyki\/pracownicy-katedry\/mgr-justyna-danczowska\/","og_locale":"en_US","og_type":"article","og_title":"AMKP - Akademia Muzyczna im. Krzysztofa Pendereckiego w Krakowie","og_description":"Justyna Danczowska (pianist) was born in 1981 in Krakow. She started her musical education at the age of six. In 2004, after four years of study with Krystian Zimerman she&hellip; Continue reading","og_url":"https:\/\/www.amuz.krakow.pl\/wydzialy\/wydzial-ii-instrumentalny\/katedra-kameralistyki\/pracownicy-katedry\/mgr-justyna-danczowska\/","og_site_name":"Akademia Muzyczna im. Krzysztofa Pendereckiego w Krakowie","article_publisher":"https:\/\/www.facebook.com\/amuz.krakow","article_modified_time":"2024-12-19T09:21:47+00:00","og_image":[{"width":951,"height":476,"url":"https:\/\/www.amuz.krakow.pl\/wp-content\/uploads\/2024\/12\/Danczowska-Justyna-fot.-Piotr-Iwaszko.jpg","type":"image\/jpeg"}],"twitter_card":"summary_large_image","twitter_misc":{"Est. reading time":"3 minutes"},"schema":{"@context":"https:\/\/schema.org","@graph":[{"@type":"WebPage","@id":"https:\/\/www.amuz.krakow.pl\/wydzialy\/wydzial-ii-instrumentalny\/katedra-kameralistyki\/pracownicy-katedry\/mgr-justyna-danczowska\/","url":"https:\/\/www.amuz.krakow.pl\/wydzialy\/wydzial-ii-instrumentalny\/katedra-kameralistyki\/pracownicy-katedry\/mgr-justyna-danczowska\/","name":"AMKP - Akademia Muzyczna im. Krzysztofa Pendereckiego w Krakowie","isPartOf":{"@id":"https:\/\/www.amuz.krakow.pl\/#website"},"primaryImageOfPage":{"@id":"https:\/\/www.amuz.krakow.pl\/wydzialy\/wydzial-ii-instrumentalny\/katedra-kameralistyki\/pracownicy-katedry\/mgr-justyna-danczowska\/#primaryimage"},"image":{"@id":"https:\/\/www.amuz.krakow.pl\/wydzialy\/wydzial-ii-instrumentalny\/katedra-kameralistyki\/pracownicy-katedry\/mgr-justyna-danczowska\/#primaryimage"},"thumbnailUrl":"https:\/\/www.amuz.krakow.pl\/wp-content\/uploads\/2024\/12\/Danczowska-Justyna-fot.-Piotr-Iwaszko.jpg","datePublished":"2016-02-18T12:16:19+00:00","dateModified":"2024-12-19T09:21:47+00:00","breadcrumb":{"@id":"https:\/\/www.amuz.krakow.pl\/wydzialy\/wydzial-ii-instrumentalny\/katedra-kameralistyki\/pracownicy-katedry\/mgr-justyna-danczowska\/#breadcrumb"},"inLanguage":"en-US","potentialAction":[{"@type":"ReadAction","target":["https:\/\/www.amuz.krakow.pl\/wydzialy\/wydzial-ii-instrumentalny\/katedra-kameralistyki\/pracownicy-katedry\/mgr-justyna-danczowska\/"]}]},{"@type":"ImageObject","inLanguage":"en-US","@id":"https:\/\/www.amuz.krakow.pl\/wydzialy\/wydzial-ii-instrumentalny\/katedra-kameralistyki\/pracownicy-katedry\/mgr-justyna-danczowska\/#primaryimage","url":"https:\/\/www.amuz.krakow.pl\/wp-content\/uploads\/2024\/12\/Danczowska-Justyna-fot.-Piotr-Iwaszko.jpg","contentUrl":"https:\/\/www.amuz.krakow.pl\/wp-content\/uploads\/2024\/12\/Danczowska-Justyna-fot.-Piotr-Iwaszko.jpg","width":951,"height":476,"caption":"Fotografia portretowa; portret; sesja portretowa; krak\u00f3w, iwaszko fotografia, zdj\u0119cia portretowe, sesja rodzinna, Justyna Danczowska, Ola Kuls, portret skrzypaczki, pianistka, zdj\u0119cie na ok\u0142adk\u0119 p\u0142yty, muzyka klasyczna"},{"@type":"BreadcrumbList","@id":"https:\/\/www.amuz.krakow.pl\/wydzialy\/wydzial-ii-instrumentalny\/katedra-kameralistyki\/pracownicy-katedry\/mgr-justyna-danczowska\/#breadcrumb","itemListElement":[{"@type":"ListItem","position":1,"name":"Strona g\u0142\u00f3wna","item":"https:\/\/www.amuz.krakow.pl\/"},{"@type":"ListItem","position":2,"name":"WYDZIA\u0141Y","item":"https:\/\/www.amuz.krakow.pl\/wydzialy\/"},{"@type":"ListItem","position":3,"name":"Wydzia\u0142 Instrumentalny","item":"https:\/\/www.amuz.krakow.pl\/wydzialy\/wydzial-ii-instrumentalny\/"},{"@type":"ListItem","position":4,"name":"Katedra Kameralistyki","item":"https:\/\/www.amuz.krakow.pl\/wydzialy\/wydzial-ii-instrumentalny\/katedra-kameralistyki\/"},{"@type":"ListItem","position":5,"name":"Pracownicy Katedry","item":"https:\/\/www.amuz.krakow.pl\/wydzialy\/wydzial-ii-instrumentalny\/katedra-kameralistyki\/pracownicy-katedry\/"},{"@type":"ListItem","position":6,"name":"dr Justyna Danczowska"}]},{"@type":"WebSite","@id":"https:\/\/www.amuz.krakow.pl\/#website","url":"https:\/\/www.amuz.krakow.pl\/","name":"Akademia Muzyczna im. Krzysztofa Pendereckiego w Krakowie","description":"Oficjalna strona Akademii Muzycznej im. Krzysztofa Pendereckiego w Krakowie (AMKP).","publisher":{"@id":"https:\/\/www.amuz.krakow.pl\/#organization"},"alternateName":"AMKP","potentialAction":[{"@type":"SearchAction","target":{"@type":"EntryPoint","urlTemplate":"https:\/\/www.amuz.krakow.pl\/?s={search_term_string}"},"query-input":{"@type":"PropertyValueSpecification","valueRequired":true,"valueName":"search_term_string"}}],"inLanguage":"en-US"},{"@type":"Organization","@id":"https:\/\/www.amuz.krakow.pl\/#organization","name":"Akademia Muzyczna im. Krzysztofa Pendereckiego w Krakowie","alternateName":"AMKP","url":"https:\/\/www.amuz.krakow.pl\/","logo":{"@type":"ImageObject","inLanguage":"en-US","@id":"https:\/\/www.amuz.krakow.pl\/#\/schema\/logo\/image\/","url":"https:\/\/www.amuz.krakow.pl\/wp-content\/uploads\/2021\/11\/amkp.jpg","contentUrl":"https:\/\/www.amuz.krakow.pl\/wp-content\/uploads\/2021\/11\/amkp.jpg","width":1193,"height":591,"caption":"Akademia Muzyczna im. Krzysztofa Pendereckiego w Krakowie"},"image":{"@id":"https:\/\/www.amuz.krakow.pl\/#\/schema\/logo\/image\/"},"sameAs":["https:\/\/www.facebook.com\/amuz.krakow","https:\/\/www.instagram.com\/amkpenderecki\/","https:\/\/www.youtube.com\/@amkpenderecki4806"]}]}},"_links":{"self":[{"href":"https:\/\/www.amuz.krakow.pl\/en\/wp-json\/wp\/v2\/pages\/2529","targetHints":{"allow":["GET"]}}],"collection":[{"href":"https:\/\/www.amuz.krakow.pl\/en\/wp-json\/wp\/v2\/pages"}],"about":[{"href":"https:\/\/www.amuz.krakow.pl\/en\/wp-json\/wp\/v2\/types\/page"}],"author":[{"embeddable":true,"href":"https:\/\/www.amuz.krakow.pl\/en\/wp-json\/wp\/v2\/users\/72"}],"replies":[{"embeddable":true,"href":"https:\/\/www.amuz.krakow.pl\/en\/wp-json\/wp\/v2\/comments?post=2529"}],"version-history":[{"count":4,"href":"https:\/\/www.amuz.krakow.pl\/en\/wp-json\/wp\/v2\/pages\/2529\/revisions"}],"predecessor-version":[{"id":94873,"href":"https:\/\/www.amuz.krakow.pl\/en\/wp-json\/wp\/v2\/pages\/2529\/revisions\/94873"}],"up":[{"embeddable":true,"href":"https:\/\/www.amuz.krakow.pl\/en\/wp-json\/wp\/v2\/pages\/44250"}],"wp:featuredmedia":[{"embeddable":true,"href":"https:\/\/www.amuz.krakow.pl\/en\/wp-json\/wp\/v2\/media\/94872"}],"wp:attachment":[{"href":"https:\/\/www.amuz.krakow.pl\/en\/wp-json\/wp\/v2\/media?parent=2529"}],"curies":[{"name":"wp","href":"https:\/\/api.w.org\/{rel}","templated":true}]}}